{"id":58423,"date":"2021-04-09T09:16:22","date_gmt":"2021-04-09T08:16:22","guid":{"rendered":"https:\/\/hlrnet.com\/technoblog\/?page_id=58423"},"modified":"2021-08-18T10:45:24","modified_gmt":"2021-08-18T09:45:24","slug":"ebp","status":"publish","type":"page","link":"https:\/\/hlrnet.com\/technoblog\/inicio\/ebp\/","title":{"rendered":"EBP: ICT"},"content":{"rendered":"<p>Zin in m\u00e9\u00e9r dingen, of andere dingen? Refresh deze pagina (F5). Bekijk ook <a href=\"https:\/\/www.hlrnet.com\/sites\/ebp\/\">mijn meertalige EBP site<\/a>.<\/p>\n<div id='EBP' class='widgets_on_page wop_tiny1  wop_small1  wop_medium1  wop_large1  wop_wide1'>\n\t\t\t<ul><li id=\"rss-17\" class=\"widget widget_rss\"><h2 class=\"widgettitle\"><a class=\"rsswidget rss-widget-feed\" href=\"https:\/\/hlrnet.com\/sites\/ebp\/feed\/\"><img decoding=\"async\" class=\"rss-widget-icon\" style=\"border:0\" width=\"14\" height=\"14\" src=\"https:\/\/hlrnet.com\/technoblog\/wp-includes\/images\/rss.png\" alt=\"RSS\" loading=\"lazy\" \/><\/a> <a class=\"rsswidget rss-widget-title\" href=\"https:\/\/hlrnet.com\/sites\/ebp\">Latest posts<\/a><\/h2><ul><li><a class='rsswidget' href='https:\/\/hlrnet.com\/sites\/ebp\/tecnologia-para-personas-mayores-como-configurar-un-movil-tablet-u-ordenador-para-que-sea-facil-de-usar\/'>Tecnolog\u00eda para personas mayores: c\u00f3mo configurar un m\u00f3vil, tablet u ordenador para que sea f\u00e1cil de usar<\/a><\/li><li><a class='rsswidget' href='https:\/\/hlrnet.com\/sites\/ebp\/19-formulas-esenciales-de-excel-para-dominar-la-aplicacion\/'>19 f\u00f3rmulas esenciales de Excel para dominar la aplicaci\u00f3n<\/a><\/li><li><a class='rsswidget' href='https:\/\/hlrnet.com\/sites\/ebp\/your-pivot-tables-are-okay-but-rebuilding-them-this-way-takes-5-minutes-and-saves-hours\/'>Your Pivot Tables are okay, but rebuilding them this way takes 5 minutes and saves hours<\/a><\/li><li><a class='rsswidget' href='https:\/\/hlrnet.com\/sites\/ebp\/3-excel-formulas-youre-still-wasting-too-much-time-on\/'>3 Excel formulas you\u2019re still wasting too much time on<\/a><\/li><li><a class='rsswidget' href='https:\/\/hlrnet.com\/sites\/ebp\/como-citar-en-apa-7-ensena-a-tu-alumnado-a-trabajar-con-rigor-academico\/'>C\u00f3mo citar en APA 7: ense\u00f1a a tu alumnado a trabajar con rigor acad\u00e9mico<\/a><\/li><li><a class='rsswidget' href='https:\/\/hlrnet.com\/sites\/ebp\/6-excel-keyboard-shortcuts-i-use-every-day-that-most-people-have-never-tried\/'>\u20186 Excel keyboard shortcuts I use every day that most people have never tried\u2019<\/a><\/li><li><a class='rsswidget' href='https:\/\/hlrnet.com\/sites\/ebp\/copilot-in-excel-is-actually-brilliant-6-ways-i-use-it-to-make-spreadsheets-easier\/'>Copilot in Excel is actually brilliant \u2014 6 ways I use it to make spreadsheets easier<\/a><\/li><li><a class='rsswidget' href='https:\/\/hlrnet.com\/sites\/ebp\/ive-used-excel-for-over-a-decade-and-didnt-know-about-this-extremely-useful-trick-image\/'>I\u2019ve used Excel for over a decade and didn\u2019t know about this extremely useful trick: IMAGE<\/a><\/li><li><a class='rsswidget' href='https:\/\/hlrnet.com\/sites\/ebp\/my-excel-formulas-used-to-break-all-the-time-until-i-found-this-function-aggregate\/'>My Excel formulas used to break all the time until I found this function: AGGREGATE<\/a><\/li><li><a class='rsswidget' href='https:\/\/hlrnet.com\/sites\/ebp\/1635-2\/'>8 Excel tricks that I wish I knew when I had just started using it<\/a><\/li><\/ul><\/li><li id=\"arpw-widget-2\" class=\"widget arpw-widget-random\"><h2 class=\"widgettitle\">EBP: een selectie van posts<\/h2><div class=\"arpw-random-post \"><ul class=\"arpw-ul\"><li class=\"arpw-li arpw-clearfix\"><a class=\"arpw-title\" href=\"https:\/\/hlrnet.com\/technoblog\/inicio\/android-tablet-in-gebruik-nemen-welke-apps\/\" rel=\"bookmark\">Android tablet in gebruik nemen: welke apps?<\/a><\/li><li class=\"arpw-li arpw-clearfix\"><a class=\"arpw-title\" href=\"https:\/\/hlrnet.com\/technoblog\/inicio\/eerste-letter-groot\/\" rel=\"bookmark\">Eerste letter groot<\/a><\/li><li class=\"arpw-li arpw-clearfix\"><a class=\"arpw-title\" href=\"https:\/\/hlrnet.com\/technoblog\/inicio\/punten-in-grafiek-wijzigen-in-symbolen\/\" rel=\"bookmark\">Punten in grafiek wijzigen in symbolen<\/a><\/li><li class=\"arpw-li arpw-clearfix\"><a class=\"arpw-title\" href=\"https:\/\/hlrnet.com\/technoblog\/inicio\/opslaan-als-excel-template\/\" rel=\"bookmark\">Opslaan als Excel template<\/a><\/li><li class=\"arpw-li arpw-clearfix\"><a class=\"arpw-title\" href=\"https:\/\/hlrnet.com\/technoblog\/inicio\/willekeurige-datum\/\" rel=\"bookmark\">Willekeurige datum<\/a><\/li><li class=\"arpw-li arpw-clearfix\"><a class=\"arpw-title\" href=\"https:\/\/hlrnet.com\/technoblog\/inicio\/rss-feed-op-plos\/\" rel=\"bookmark\">RSS feed op PLoS?<\/a><\/li><li class=\"arpw-li arpw-clearfix\"><a class=\"arpw-title\" href=\"https:\/\/hlrnet.com\/technoblog\/inicio\/smartart-oude-versie\/\" rel=\"bookmark\">Smartart &#8216;oude&#8217; versie?<\/a><\/li><li class=\"arpw-li arpw-clearfix\"><a class=\"arpw-title\" href=\"https:\/\/hlrnet.com\/technoblog\/inicio\/microsoft-teams-gebruiken\/\" rel=\"bookmark\">Microsoft Teams gebruiken<\/a><\/li><li class=\"arpw-li arpw-clearfix\"><a class=\"arpw-title\" href=\"https:\/\/hlrnet.com\/technoblog\/inicio\/designideeen-in-powerpoint\/\" rel=\"bookmark\">Designidee\u00ebn in Powerpoint<\/a><\/li><li class=\"arpw-li arpw-clearfix\"><a class=\"arpw-title\" href=\"https:\/\/hlrnet.com\/technoblog\/inicio\/handouts-te-kleine-tekst\/\" rel=\"bookmark\">Handouts te kleine tekst<\/a><\/li><li class=\"arpw-li arpw-clearfix\"><a class=\"arpw-title\" href=\"https:\/\/hlrnet.com\/technoblog\/inicio\/mailen-naar-evernote\/\" rel=\"bookmark\">Mailen naar Evernote<\/a><\/li><li class=\"arpw-li arpw-clearfix\"><a class=\"arpw-title\" href=\"https:\/\/hlrnet.com\/technoblog\/inicio\/javascript-in-visual-studio\/\" rel=\"bookmark\">Javascript in Visual Studio<\/a><\/li><li class=\"arpw-li arpw-clearfix\"><a class=\"arpw-title\" href=\"https:\/\/hlrnet.com\/technoblog\/inicio\/turbocash-open-source-boekhouding\/\" rel=\"bookmark\">TurboCASH: open source boekhouding<\/a><\/li><li class=\"arpw-li arpw-clearfix\"><a class=\"arpw-title\" href=\"https:\/\/hlrnet.com\/technoblog\/inicio\/microsoft-365-6-2-24\/\" rel=\"bookmark\">Microsoft 365 (6\/2\/24)<\/a><\/li><li class=\"arpw-li arpw-clearfix\"><a class=\"arpw-title\" href=\"https:\/\/hlrnet.com\/technoblog\/inicio\/overstappen-naar-windows-phone\/\" rel=\"bookmark\">Overstappen naar Windows Phone<\/a><\/li><li class=\"arpw-li arpw-clearfix\"><a class=\"arpw-title\" href=\"https:\/\/hlrnet.com\/technoblog\/inicio\/makkelijk-een-enquete-online-afnemen\/\" rel=\"bookmark\">Makkelijk een enqu\u00eate online afnemen?<\/a><\/li><li class=\"arpw-li arpw-clearfix\"><a class=\"arpw-title\" href=\"https:\/\/hlrnet.com\/technoblog\/inicio\/wachtwoord-gelekt\/\" rel=\"bookmark\">Wachtwoord gelekt?<\/a><\/li><li class=\"arpw-li arpw-clearfix\"><a class=\"arpw-title\" href=\"https:\/\/hlrnet.com\/technoblog\/inicio\/kan-met-office-365-account-niet-inloggen-op-word-2013\/\" rel=\"bookmark\">Kan met Office 365 account niet inloggen op Word 2013<\/a><\/li><li class=\"arpw-li arpw-clearfix\"><a class=\"arpw-title\" href=\"https:\/\/hlrnet.com\/technoblog\/inicio\/agenda-delen-live-of-google\/\" rel=\"bookmark\">Agenda delen: Live of Google?<\/a><\/li><li class=\"arpw-li arpw-clearfix\"><a class=\"arpw-title\" href=\"https:\/\/hlrnet.com\/technoblog\/inicio\/tekst-verkeerd-ingescand\/\" rel=\"bookmark\">Tekst verkeerd ingescand<\/a><\/li><li class=\"arpw-li arpw-clearfix\"><a class=\"arpw-title\" href=\"https:\/\/hlrnet.com\/technoblog\/inicio\/nieuwe-onedrive-interface\/\" rel=\"bookmark\">Nieuwe Onedrive interface<\/a><\/li><li class=\"arpw-li arpw-clearfix\"><a class=\"arpw-title\" href=\"https:\/\/hlrnet.com\/technoblog\/inicio\/wat-is-pico\/\" rel=\"bookmark\">Wat is PICO?<\/a><\/li><li class=\"arpw-li arpw-clearfix\"><a class=\"arpw-title\" href=\"https:\/\/hlrnet.com\/technoblog\/inicio\/winzip-comprimeert-jpeg\/\" rel=\"bookmark\">Winzip comprimeert JPEG<\/a><\/li><li class=\"arpw-li arpw-clearfix\"><a class=\"arpw-title\" href=\"https:\/\/hlrnet.com\/technoblog\/inicio\/na-de-vakantie\/\" rel=\"bookmark\">Na de vakantie<\/a><\/li><li class=\"arpw-li arpw-clearfix\"><a class=\"arpw-title\" href=\"https:\/\/hlrnet.com\/technoblog\/inicio\/groupby-en-pivotby-draaitabellen-met-functies\/\" rel=\"bookmark\">GROUPBY en PIVOTBY: draaitabellen met functies<\/a><\/li><li class=\"arpw-li arpw-clearfix\"><a class=\"arpw-title\" href=\"https:\/\/hlrnet.com\/technoblog\/inicio\/zotero-met-chrome-op-mac\/\" rel=\"bookmark\">Zotero met Chrome op Mac<\/a><\/li><li class=\"arpw-li arpw-clearfix\"><a class=\"arpw-title\" href=\"https:\/\/hlrnet.com\/technoblog\/inicio\/bijsnijden\/\" rel=\"bookmark\">Bijsnijden<\/a><\/li><li class=\"arpw-li arpw-clearfix\"><a class=\"arpw-title\" href=\"https:\/\/hlrnet.com\/technoblog\/inicio\/samenwerken-van-word-tot-word\/\" rel=\"bookmark\">Samenwerken van Word tot Word<\/a><\/li><li class=\"arpw-li arpw-clearfix\"><a class=\"arpw-title\" href=\"https:\/\/hlrnet.com\/technoblog\/inicio\/presentatie-opnemen-in-bachelorproef\/\" rel=\"bookmark\">Presentatie opnemen in bachelorproef<\/a><\/li><li class=\"arpw-li arpw-clearfix\"><a class=\"arpw-title\" href=\"https:\/\/hlrnet.com\/technoblog\/inicio\/commenatren-afdrukken\/\" rel=\"bookmark\">Commentaren afdrukken<\/a><\/li><\/ul><\/div><!-- Generated by https:\/\/wordpress.org\/plugins\/advanced-random-posts-widget\/ --><\/li><\/ul><\/div><!-- widgets_on_page -->\n","protected":false},"excerpt":{"rendered":"<p>Zin in m\u00e9\u00e9r dingen, of andere dingen? Refresh deze pagina (F5). Bekijk ook mijn meertalige EBP site.<\/p>\n","protected":false},"author":1,"featured_media":0,"parent":0,"menu_order":0,"comment_status":"closed","ping_status":"closed","template":"","meta":{"iawp_total_views":28,"footnotes":""},"class_list":["post-58423","page","type-page","status-publish","hentry"],"publishpress_future_action":{"enabled":false,"date":"2026-05-05 12:06:52","action":"change-status","newStatus":"draft","terms":[],"taxonomy":"","extraData":[]},"publishpress_future_workflow_manual_trigger":{"enabledWorkflows":[]},"_links":{"self":[{"href":"https:\/\/hlrnet.com\/technoblog\/inicio\/wp-json\/wp\/v2\/pages\/58423","targetHints":{"allow":["GET"]}}],"collection":[{"href":"https:\/\/hlrnet.com\/technoblog\/inicio\/wp-json\/wp\/v2\/pages"}],"about":[{"href":"https:\/\/hlrnet.com\/technoblog\/inicio\/wp-json\/wp\/v2\/types\/page"}],"author":[{"embeddable":true,"href":"https:\/\/hlrnet.com\/technoblog\/inicio\/wp-json\/wp\/v2\/users\/1"}],"replies":[{"embeddable":true,"href":"https:\/\/hlrnet.com\/technoblog\/inicio\/wp-json\/wp\/v2\/comments?post=58423"}],"version-history":[{"count":0,"href":"https:\/\/hlrnet.com\/technoblog\/inicio\/wp-json\/wp\/v2\/pages\/58423\/revisions"}],"wp:attachment":[{"href":"https:\/\/hlrnet.com\/technoblog\/inicio\/wp-json\/wp\/v2\/media?parent=58423"}],"curies":[{"name":"wp","href":"https:\/\/api.w.org\/{rel}","templated":true}]}}