{"id":955,"date":"2018-04-18T18:36:31","date_gmt":"2018-04-18T18:36:31","guid":{"rendered":"http:\/\/hlrnet.com\/sites\/?page_id=955"},"modified":"2026-03-20T19:00:25","modified_gmt":"2026-03-20T19:00:25","slug":"seo-search-engine-optimization-zoekmachineoptimalisatie","status":"publish","type":"page","link":"https:\/\/hlrnet.com\/sites\/seo-search-engine-optimization-zoekmachineoptimalisatie\/","title":{"rendered":"SEO (Search engine optimization &#8211; zoekmachineoptimalisatie)"},"content":{"rendered":"<span class=\"span-reading-time rt-reading-time\" style=\"display: block;\"><span class=\"rt-label rt-prefix\">Reading Time: <\/span> <span class=\"rt-time\"> &lt; 1<\/span> <span class=\"rt-label rt-postfix\">minute<\/span><\/span><p>Je werk is af en staat online. Nu wil je in zoekmachines terechtkomen.<br \/>\nAls je een website hebt gemaakt, kan je die bij verschillende zoekmachines laten in de database opnemen. Je kan je bij elke <a href=\"https:\/\/hlrnet.com\/sites\/zoeken\/\">zoekmachine<\/a> apart inschrijven, of gebruik maken van \u00e9\u00e9n van de volgende programma&#8217;s of diensten.<\/p>\n<p>Software<\/p>\n<ul>\n<li><a href=\"https:\/\/www.grsoftware.net\/\">GRseo<\/a><\/li>\n<li><a href=\"https:\/\/www.link-assistant.com\/\">Link-Assistant<\/a><\/li>\n<li><a href=\"https:\/\/www.link-assistant.com\/rank-tracker\/\">Rank Tracker<\/a><\/li>\n<li><a href=\"https:\/\/www.snapfiles.com\/get\/rankaware.html\">Rankaware<\/a><\/li>\n<li><a href=\"https:\/\/www.webceo.com\/\">WebCEO<\/a> (free version available)<\/li>\n<\/ul>\n<p>Zoekmachines &#8211; search engines<\/p>\n<ul>\n<li><a href=\"https:\/\/www.bing.com\/toolbox\/webmaster\">Bing hulpprogramma&#8217;s webmaster<\/a><\/li>\n<li>Bing URL submission<\/li>\n<li><a href=\"https:\/\/www.bing.com\/webmaster\">Bing webmaster tools<\/a><\/li>\n<li><a href=\"https:\/\/www.google.com\/addurl\" target=\"_blank\" rel=\"noopener\">Google Addurl<\/a><\/li>\n<li><a href=\"https:\/\/www.google.com\/webmasters\/\">Google webmasterhulpprogramma&#8217;s<\/a><\/li>\n<\/ul>\n<p>Info<\/p>\n<ul>\n<li><a title=\"Matt Cutts: Gadgets, Google, and SEO\" href=\"https:\/\/www.mattcutts.com\/blog\/\">Matt Cutts: Gadgets, Google, and SEO<\/a><\/li>\n<li><a href=\"https:\/\/moz.com\/beginners-guide-to-seo\">MOZ: the beginners guide to SEO<\/a><\/li>\n<li><a href=\"https:\/\/searchengineland.com\/\">Searchengineland<\/a><\/li>\n<li><a href=\"https:\/\/en.wikipedia.org\/wiki\/Search_engine_optimization\">Wikipedia<\/a><\/li>\n<li><a href=\"https:\/\/nl.wikipedia.org\/wiki\/Zoekmachineoptimalisatie\">Wikipedia (NL)<\/a><\/li>\n<\/ul>\n<p>Services<\/p>\n<ul>\n<li><a href=\"https:\/\/moz.com\/\">MOZ<\/a><\/li>\n<\/ul>\n<p>Met <a href=\"https:\/\/hlrnet.com\/sites\/robots-txt\/\">ROBOTS.TXT<\/a> kan je een (deel van) je website afschermen van spiders.<\/p>\n<ul>\n<li><a href=\"https:\/\/www.bjoernsworld.de\/suchmaschinen\/robots-txt.html\" target=\"_blank\" rel=\"noopener\">Bjoernsworld<\/a> (DE)<\/li>\n<li><a href=\"https:\/\/www.thesitewizard.com\/archive\/robotstxt.shtml\" target=\"_blank\" rel=\"noopener\">How to Set Up a robots.txt to Control Search Engine Spiders<\/a> (The Site Wizard)<\/li>\n<li><a href=\"https:\/\/www.jafsoft.com\/searchengines\/webbots.html\" target=\"_blank\" rel=\"noopener\">Jasoft: robots that visit your website<\/a><\/li>\n<li><a href=\"https:\/\/www.robotstxt.org\/\" target=\"_blank\" rel=\"noopener\">robotstxt.org<\/a><\/li>\n<\/ul>\n<p>Commercieel:<\/p>\n<ul>\n<li><a href=\"https:\/\/www.link-assistant.com\/\">Link Assistant<\/a><\/li>\n<li><a href=\"https:\/\/www.seoadministrator.com\/\" target=\"_blank\" rel=\"noopener\">SEO Administrator<\/a><\/li>\n<li><a href=\"https:\/\/www.seobook.com\/\" target=\"_blank\" rel=\"noopener\">SEO Book<\/a><\/li>\n<li><a href=\"https:\/\/www.urltrends.com\/\" target=\"_blank\" rel=\"noopener\">UrlTrends<\/a><\/li>\n<\/ul>\n<p>Promotiesoftware<\/p>\n<ul>\n<li><a href=\"https:\/\/www.seoadministrator.com\/\">SEO Administrator<\/a><\/li>\n<li><a href=\"https:\/\/www.webceo.com\/\" target=\"_blank\" rel=\"noopener\">WebCEO<\/a><\/li>\n<\/ul>\n<p>Andere<\/p>\n<ul>\n<li><a href=\"https:\/\/clicky.com\/\">Clicky web analytics<\/a><\/li>\n<li><a href=\"https:\/\/www.marketingfacts.nl\/\">MarketingFacts<\/a><\/li>\n<li><a href=\"https:\/\/pingomatic.com\/\">Ping-O-Matic<\/a>: submit your blog to search engines<\/li>\n<\/ul>\n<p>Zie ook:<\/p>\n<ul>\n<li><a href=\"https:\/\/www.abondance.com\/\">Abondance<\/a>: l&#8217;actualit\u00e9 et l&#8217;information sur le r\u00e9f\u00e9rencement et les moteurs de recherche (FR)<\/li>\n<li><a href=\"https:\/\/www.google.com\/alerts\/\" target=\"_blank\" rel=\"noopener\">Google Alerts<\/a>: om op de hoogte te worden gebracht wat en wanneer aan Google wordt toegevoegd. To know what is added to Google.<\/li>\n<li><a href=\"https:\/\/www.dublincore.org\/\" target=\"_blank\" rel=\"noopener\">Dublin Core Metadata Initiative<\/a><\/li>\n<li><a href=\"https:\/\/www.ibusinesspromoter.com\/\">IBP &#8211; Internet Business Promotor<\/a><\/li>\n<li><a href=\"https:\/\/www.mikes-marketing-tools.com\/ranking-reports\/\" target=\"_blank\" rel=\"noopener\">Mikes Search Engine Rankings<\/a><\/li>\n<li><a href=\"https:\/\/www.pandia.com\/\" target=\"_blank\" rel=\"noopener\">Pandia Search Central<\/a>: on web searching and search engine optimization<\/li>\n<li><a href=\"https:\/\/schema.org\/\">Schema.org<\/a>: collection of schemas, i.e., html tags, that webmasters can use to markup their pages in ways recognized by major search providers<\/li>\n<li><a href=\"https:\/\/www.searchenginehelp.com\/\" target=\"_blank\" rel=\"noopener\">Search Engine Help<\/a><\/li>\n<li><a href=\"https:\/\/searchengineland.com\">Search Engin Land<\/a><\/li>\n<li><a href=\"https:\/\/www.seroundtable.com\/\" target=\"_blank\" rel=\"noopener\">Search Engine Roundtable<\/a><\/li>\n<li><a href=\"https:\/\/www.seoguru.nl\/\">Seoguru.nl<\/a><\/li>\n<li><a href=\"https:\/\/www.sitemaps.org\/\" target=\"_blank\" rel=\"noopener\">Sitemaps<\/a>: a way for webmasters to inform search engines about pages on their sites that are available for crawling<\/li>\n<li><a href=\"https:\/\/www.submitcorner.com\/\" target=\"_blank\" rel=\"noopener\">Submit Corner<\/a><\/li>\n<li><a href=\"https:\/\/www.webconfs.com\/\">Webconfs SEO tools<\/a><\/li>\n<li><a href=\"https:\/\/www.robotstxt.org\/orig.html\" target=\"_blank\" rel=\"noopener\">The Web Robots Page: a standard for robot exclusion<\/a><\/li>\n<li><a href=\"https:\/\/www.wwohn.nl\/\">Wwohn<\/a>: starters tips op gebruiksvriendelijkheid en vindbaarheid<\/li>\n<\/ul>\n<span class=\"last-modified-timestamp\">Mar 20, 2026 @ 7:00 pm<\/span>\n","protected":false},"excerpt":{"rendered":"<p><span class=\"span-reading-time rt-reading-time\" style=\"display: block;\"><span class=\"rt-label rt-prefix\">Reading Time: <\/span> <span class=\"rt-time\"> &lt; 1<\/span> <span class=\"rt-label rt-postfix\">minute<\/span><\/span>Je werk is af en staat online. Nu wil je in zoekmachines terechtkomen. Als je een website hebt gemaakt, kan je die bij verschillende zoekmachines laten in de database opnemen. Je kan je bij elke zoekmachine apart inschrijven, of gebruik maken van \u00e9\u00e9n van de volgende programma&#8217;s of diensten. Software<\/p>\n","protected":false},"author":1,"featured_media":0,"parent":0,"menu_order":0,"comment_status":"closed","ping_status":"closed","template":"","meta":{"iawp_total_views":0,"footnotes":"","_wp_rev_ctl_limit":""},"class_list":["post-955","page","type-page","status-publish","hentry"],"yoast_head":"<!-- This site is optimized with the Yoast SEO plugin v27.4 - https:\/\/yoast.com\/product\/yoast-seo-wordpress\/ -->\n<title>SEO (Search engine optimization - zoekmachineoptimalisatie) - hlrnet.com<\/title>\n<meta name=\"robots\" content=\"index, follow, max-snippet:-1, max-image-preview:large, max-video-preview:-1\" \/>\n<link rel=\"canonical\" href=\"https:\/\/hlrnet.com\/sites\/seo-search-engine-optimization-zoekmachineoptimalisatie\/\" \/>\n<meta property=\"og:locale\" content=\"en_US\" \/>\n<meta property=\"og:type\" content=\"article\" \/>\n<meta property=\"og:title\" content=\"SEO (Search engine optimization - zoekmachineoptimalisatie) - hlrnet.com\" \/>\n<meta property=\"og:description\" content=\"Reading Time:  &lt; 1 minuteJe werk is af en staat online. Nu wil je in zoekmachines terechtkomen. Als je een website hebt gemaakt, kan je die bij verschillende zoekmachines laten in de database opnemen. Je kan je bij elke zoekmachine apart inschrijven, of gebruik maken van \u00e9\u00e9n van de volgende programma&#8217;s of diensten. Software\" \/>\n<meta property=\"og:url\" content=\"https:\/\/hlrnet.com\/sites\/seo-search-engine-optimization-zoekmachineoptimalisatie\/\" \/>\n<meta property=\"og:site_name\" content=\"hlrnet.com\" \/>\n<meta property=\"article:modified_time\" content=\"2026-03-20T19:00:25+00:00\" \/>\n<meta name=\"twitter:card\" content=\"summary_large_image\" \/>\n<meta name=\"twitter:label1\" content=\"Est. reading time\" \/>\n\t<meta name=\"twitter:data1\" content=\"2 minutes\" \/>\n<script type=\"application\/ld+json\" class=\"yoast-schema-graph\">{\"@context\":\"https:\\\/\\\/schema.org\",\"@graph\":[{\"@type\":\"WebPage\",\"@id\":\"https:\\\/\\\/hlrnet.com\\\/sites\\\/seo-search-engine-optimization-zoekmachineoptimalisatie\\\/\",\"url\":\"https:\\\/\\\/hlrnet.com\\\/sites\\\/seo-search-engine-optimization-zoekmachineoptimalisatie\\\/\",\"name\":\"SEO (Search engine optimization - zoekmachineoptimalisatie) - hlrnet.com\",\"isPartOf\":{\"@id\":\"https:\\\/\\\/hlrnet.com\\\/sites\\\/#website\"},\"datePublished\":\"2018-04-18T18:36:31+00:00\",\"dateModified\":\"2026-03-20T19:00:25+00:00\",\"breadcrumb\":{\"@id\":\"https:\\\/\\\/hlrnet.com\\\/sites\\\/seo-search-engine-optimization-zoekmachineoptimalisatie\\\/#breadcrumb\"},\"inLanguage\":\"en-US\",\"potentialAction\":[{\"@type\":\"ReadAction\",\"target\":[\"https:\\\/\\\/hlrnet.com\\\/sites\\\/seo-search-engine-optimization-zoekmachineoptimalisatie\\\/\"]}]},{\"@type\":\"BreadcrumbList\",\"@id\":\"https:\\\/\\\/hlrnet.com\\\/sites\\\/seo-search-engine-optimization-zoekmachineoptimalisatie\\\/#breadcrumb\",\"itemListElement\":[{\"@type\":\"ListItem\",\"position\":1,\"name\":\"Home\",\"item\":\"https:\\\/\\\/hlrnet.com\\\/sites\\\/\"},{\"@type\":\"ListItem\",\"position\":2,\"name\":\"SEO (Search engine optimization &#8211; zoekmachineoptimalisatie)\"}]},{\"@type\":\"WebSite\",\"@id\":\"https:\\\/\\\/hlrnet.com\\\/sites\\\/#website\",\"url\":\"https:\\\/\\\/hlrnet.com\\\/sites\\\/\",\"name\":\"hlrnet.com\",\"description\":\"Hans Le Roy\",\"publisher\":{\"@id\":\"https:\\\/\\\/hlrnet.com\\\/sites\\\/#organization\"},\"potentialAction\":[{\"@type\":\"SearchAction\",\"target\":{\"@type\":\"EntryPoint\",\"urlTemplate\":\"https:\\\/\\\/hlrnet.com\\\/sites\\\/?s={search_term_string}\"},\"query-input\":{\"@type\":\"PropertyValueSpecification\",\"valueRequired\":true,\"valueName\":\"search_term_string\"}}],\"inLanguage\":\"en-US\"},{\"@type\":\"Organization\",\"@id\":\"https:\\\/\\\/hlrnet.com\\\/sites\\\/#organization\",\"name\":\"hlrnet.com\",\"url\":\"https:\\\/\\\/hlrnet.com\\\/sites\\\/\",\"logo\":{\"@type\":\"ImageObject\",\"inLanguage\":\"en-US\",\"@id\":\"https:\\\/\\\/hlrnet.com\\\/sites\\\/#\\\/schema\\\/logo\\\/image\\\/\",\"url\":\"https:\\\/\\\/hlrnet.com\\\/sites\\\/wp-content\\\/uploads\\\/2018\\\/04\\\/cropped-default512x512-trans-1.png\",\"contentUrl\":\"https:\\\/\\\/hlrnet.com\\\/sites\\\/wp-content\\\/uploads\\\/2018\\\/04\\\/cropped-default512x512-trans-1.png\",\"width\":512,\"height\":160,\"caption\":\"hlrnet.com\"},\"image\":{\"@id\":\"https:\\\/\\\/hlrnet.com\\\/sites\\\/#\\\/schema\\\/logo\\\/image\\\/\"}}]}<\/script>\n<!-- \/ Yoast SEO plugin. -->","yoast_head_json":{"title":"SEO (Search engine optimization - zoekmachineoptimalisatie) - hlrnet.com","robots":{"index":"index","follow":"follow","max-snippet":"max-snippet:-1","max-image-preview":"max-image-preview:large","max-video-preview":"max-video-preview:-1"},"canonical":"https:\/\/hlrnet.com\/sites\/seo-search-engine-optimization-zoekmachineoptimalisatie\/","og_locale":"en_US","og_type":"article","og_title":"SEO (Search engine optimization - zoekmachineoptimalisatie) - hlrnet.com","og_description":"Reading Time:  &lt; 1 minuteJe werk is af en staat online. Nu wil je in zoekmachines terechtkomen. Als je een website hebt gemaakt, kan je die bij verschillende zoekmachines laten in de database opnemen. Je kan je bij elke zoekmachine apart inschrijven, of gebruik maken van \u00e9\u00e9n van de volgende programma&#8217;s of diensten. Software","og_url":"https:\/\/hlrnet.com\/sites\/seo-search-engine-optimization-zoekmachineoptimalisatie\/","og_site_name":"hlrnet.com","article_modified_time":"2026-03-20T19:00:25+00:00","twitter_card":"summary_large_image","twitter_misc":{"Est. reading time":"2 minutes"},"schema":{"@context":"https:\/\/schema.org","@graph":[{"@type":"WebPage","@id":"https:\/\/hlrnet.com\/sites\/seo-search-engine-optimization-zoekmachineoptimalisatie\/","url":"https:\/\/hlrnet.com\/sites\/seo-search-engine-optimization-zoekmachineoptimalisatie\/","name":"SEO (Search engine optimization - zoekmachineoptimalisatie) - hlrnet.com","isPartOf":{"@id":"https:\/\/hlrnet.com\/sites\/#website"},"datePublished":"2018-04-18T18:36:31+00:00","dateModified":"2026-03-20T19:00:25+00:00","breadcrumb":{"@id":"https:\/\/hlrnet.com\/sites\/seo-search-engine-optimization-zoekmachineoptimalisatie\/#breadcrumb"},"inLanguage":"en-US","potentialAction":[{"@type":"ReadAction","target":["https:\/\/hlrnet.com\/sites\/seo-search-engine-optimization-zoekmachineoptimalisatie\/"]}]},{"@type":"BreadcrumbList","@id":"https:\/\/hlrnet.com\/sites\/seo-search-engine-optimization-zoekmachineoptimalisatie\/#breadcrumb","itemListElement":[{"@type":"ListItem","position":1,"name":"Home","item":"https:\/\/hlrnet.com\/sites\/"},{"@type":"ListItem","position":2,"name":"SEO (Search engine optimization &#8211; zoekmachineoptimalisatie)"}]},{"@type":"WebSite","@id":"https:\/\/hlrnet.com\/sites\/#website","url":"https:\/\/hlrnet.com\/sites\/","name":"hlrnet.com","description":"Hans Le Roy","publisher":{"@id":"https:\/\/hlrnet.com\/sites\/#organization"},"potentialAction":[{"@type":"SearchAction","target":{"@type":"EntryPoint","urlTemplate":"https:\/\/hlrnet.com\/sites\/?s={search_term_string}"},"query-input":{"@type":"PropertyValueSpecification","valueRequired":true,"valueName":"search_term_string"}}],"inLanguage":"en-US"},{"@type":"Organization","@id":"https:\/\/hlrnet.com\/sites\/#organization","name":"hlrnet.com","url":"https:\/\/hlrnet.com\/sites\/","logo":{"@type":"ImageObject","inLanguage":"en-US","@id":"https:\/\/hlrnet.com\/sites\/#\/schema\/logo\/image\/","url":"https:\/\/hlrnet.com\/sites\/wp-content\/uploads\/2018\/04\/cropped-default512x512-trans-1.png","contentUrl":"https:\/\/hlrnet.com\/sites\/wp-content\/uploads\/2018\/04\/cropped-default512x512-trans-1.png","width":512,"height":160,"caption":"hlrnet.com"},"image":{"@id":"https:\/\/hlrnet.com\/sites\/#\/schema\/logo\/image\/"}}]}},"publishpress_future_action":{"enabled":false,"date":"2026-05-03 00:03:43","action":"change-status","newStatus":"draft","terms":[],"taxonomy":"","extraData":[]},"publishpress_future_workflow_manual_trigger":{"enabledWorkflows":[]},"_links":{"self":[{"href":"https:\/\/hlrnet.com\/sites\/wp-json\/wp\/v2\/pages\/955","targetHints":{"allow":["GET"]}}],"collection":[{"href":"https:\/\/hlrnet.com\/sites\/wp-json\/wp\/v2\/pages"}],"about":[{"href":"https:\/\/hlrnet.com\/sites\/wp-json\/wp\/v2\/types\/page"}],"author":[{"embeddable":true,"href":"https:\/\/hlrnet.com\/sites\/wp-json\/wp\/v2\/users\/1"}],"replies":[{"embeddable":true,"href":"https:\/\/hlrnet.com\/sites\/wp-json\/wp\/v2\/comments?post=955"}],"version-history":[{"count":0,"href":"https:\/\/hlrnet.com\/sites\/wp-json\/wp\/v2\/pages\/955\/revisions"}],"wp:attachment":[{"href":"https:\/\/hlrnet.com\/sites\/wp-json\/wp\/v2\/media?parent=955"}],"curies":[{"name":"wp","href":"https:\/\/api.w.org\/{rel}","templated":true}]}}