{"id":770,"date":"2018-04-15T08:30:59","date_gmt":"2018-04-15T08:30:59","guid":{"rendered":"http:\/\/hlrnet.com\/sites\/?page_id=770"},"modified":"2025-12-27T20:45:49","modified_gmt":"2025-12-27T20:45:49","slug":"gezelschapsspelen-jeux-de-societe-juegos-de-mesa","status":"publish","type":"page","link":"https:\/\/hlrnet.com\/sites\/gezelschapsspelen-jeux-de-societe-juegos-de-mesa\/","title":{"rendered":"Gezelschapsspelen &#8211; Jeux de soci\u00e9t\u00e9 &#8211; Juegos de mesa"},"content":{"rendered":"<span class=\"span-reading-time rt-reading-time\" style=\"display: block;\"><span class=\"rt-label rt-prefix\">Reading Time: <\/span> <span class=\"rt-time\"> 2<\/span> <span class=\"rt-label rt-postfix\">minutes<\/span><\/span><p>Un jour ou l&#8217;autre, nous avons tous jou\u00e9 \u00e0 des jeux de soci\u00e9t\u00e9.<br \/>\nIls nous pris, nous ont emprisonn\u00e9s, nous ont fa\u00e7onn\u00e9s.<br \/>\nLe monde sans jeux de soci\u00e9t\u00e9 serait radicalement diff\u00e9rent.<\/p>\n<p>Un jeu de soci\u00e9t\u00e9, ce sont des mat\u00e9riaux (souvent) et quelques r\u00e8gles plus ou moins complexes dans lequel se construisent un univers entier. C&#8217;est de la chimie savante de ces r\u00e8gles fondatrices et de la concurence des autres joueurs que naissent signification, joie et d\u00e9ception.<\/p>\n<hr \/>\n<h3>Informations g\u00e9n\u00e9rales &#8211; Informaciones generales &#8211; Algemene informatie<\/h3>\n<ul>\n<li>DE<\/li>\n<li><a href=\"https:\/\/www.brettspielwelt.de\/\" target=\"_blank\" rel=\"noopener noreferrer\">BrettspielWelt<\/a><\/li>\n<li>EN<\/li>\n<li>&#8211;<\/li>\n<li>ES<\/li>\n<li><a href=\"https:\/\/www.hobbyconsolas.com\/\">Hobbyconsolas<\/a><\/li>\n<li><a href=\"https:\/\/www.juegos.com\/\">Juegos.com<\/a> (con juegos en l\u00ednea)<\/li>\n<li><a href=\"https:\/\/juegosdemesayrol.com\/\">Juegos de mesa y rol<\/a><\/li>\n<li><a href=\"https:\/\/www.minijuegos.com\/juegos-de-mesa\">Minijuegos<\/a><\/li>\n<li>FR<\/li>\n<li><a href=\"https:\/\/www.trictrac.net\/\">Trictrac<\/a><\/li>\n<li>NL<\/li>\n<li><a href=\"https:\/\/www.spel-info.nl\/\">Spel-info.nl<\/a><\/li>\n<li><a href=\"https:\/\/www.spellengek.nl\/\">Spellengek<\/a><\/li>\n<li><a href=\"https:\/\/www.spelhuis.be\/\">Het spelhuis<\/a><\/li>\n<\/ul>\n<h3>Editeurs et fabriquants &#8211; Editores &#8211; Uitgevers<\/h3>\n<ul>US<\/p>\n<li style=\"list-style-type: none;\">\n<ul>\n<li><a href=\"https:\/\/www.blueorangegames.com\/\">Blue Orange Games<\/a><\/li>\n<li><a href=\"https:\/\/www.gigamic.com\/\">Gigamic<\/a><\/li>\n<li><a href=\"http:\/\/www.gipf.com\/\">The GIPF project<\/a><\/li>\n<li><a href=\"https:\/\/www.hasbro.com\/\">Hasbro <\/a>(Monopoly, Trivial Pursuit)<\/li>\n<li><a href=\"https:\/\/www.hurricangames.com\/\">Hurrican<\/a><\/li>\n<li><a href=\"https:\/\/luckyduckgames.com\/\">Lucky Duck Games<\/a><\/li>\n<li><a href=\"https:\/\/www.mattelscrabble.com\/\">Mattel <\/a>(Scrabble, &#8230;)<\/li>\n<li><a href=\"https:\/\/www.ravensburger.com\/\">Ravensburger<\/a><\/li>\n<li><a href=\"https:\/\/sitdown-games.com\">Sit Down<\/a><\/li>\n<li><a href=\"https:\/\/www.tactic.net\/\">Tactic<\/a><\/li>\n<\/ul>\n<\/li>\n<\/ul>\n<p>FR<\/p>\n<ul>\n<li style=\"list-style-type: none;\">\n<ul>\n<li><a href=\"https:\/\/www.clementoni.fr\/\" target=\"_blank\" rel=\"noopener noreferrer\">Clementoni<\/a><\/li>\n<li><a href=\"https:\/\/www.cocktailgames.com\/\">Cocktailgames<\/a><\/li>\n<li><a href=\"https:\/\/www.ledroitdeperdre.com\/\">Le Droit de Perdre<\/a><\/li>\n<li><a href=\"https:\/\/www.gigamic.com\/\" target=\"_blank\" rel=\"noopener noreferrer\">Gigamic<\/a><\/li>\n<li><a href=\"https:\/\/www.jeux-goliath.com\/\">Goliath<\/a><\/li>\n<li><a href=\"https:\/\/www.iello.fr\/\">iello<\/a><\/li>\n<li><a href=\"https:\/\/www.lansay.fr\" target=\"_blank\" rel=\"noopener noreferrer\">Lansay<\/a><\/li>\n<li><a href=\"https:\/\/www.ludonaute.fr\/\">Ludonaute<\/a><\/li>\n<li><a href=\"https:\/\/www.mangoeditions.com\/\">Mango \u00e9ditions<\/a><\/li>\n<li><a href=\"https:\/\/www.matagot.com\">Matagot<\/a><\/li>\n<li><a href=\"https:\/\/www.jeux-opla.fr\/\">Opla<\/a><\/li>\n<li><a href=\"https:\/\/www.origames.fr\/\">Origames<\/a><\/li>\n<li><a href=\"https:\/\/rprod.com\/\">Repos<\/a><\/li>\n<li><a href=\"https:\/\/www.vagnon.fr\">Vagnon<\/a><\/li>\n<li><a href=\"https:\/\/www.winningmoves.fr\/\" target=\"_blank\" rel=\"noopener noreferrer\">Winning Moves<\/a><\/li>\n<\/ul>\n<\/li>\n<\/ul>\n<p>BR<\/p>\n<ul>\n<li style=\"list-style-type: none;\">\n<ul>\n<li><a href=\"https:\/\/www.devir.com\/\">Devir<\/a> (Catan, Carcassone, &#8230;)<\/li>\n<\/ul>\n<\/li>\n<\/ul>\n<p>ES<\/p>\n<ul>\n<li style=\"list-style-type: none;\">\n<ul>\n<li><a href=\"https:\/\/www.ekilikua.com\">Ekilukua<\/a><\/li>\n<li><a href=\"https:\/\/www.genxgames.es\/\">Gen X Games<\/a><\/li>\n<li><a href=\"https:\/\/www.ludilo.es\">L\u00fadilo<\/a><\/li>\n<\/ul>\n<\/li>\n<\/ul>\n<p>DE<\/p>\n<ul>\n<li><a href=\"https:\/\/www.aleaspiele.de\/\">Alea Spiele<\/a><\/li>\n<li><a href=\"https:\/\/www.amigo-spiele.de\">Amigo Spiele<\/a><\/li>\n<li><a href=\"https:\/\/beleduc.de\/\">Beleduc<\/a><\/li>\n<li><a href=\"https:\/\/www.brettspielwelt.de\/\">Brettspielwelt<\/a><\/li>\n<li><a href=\"https:\/\/www.haba.de\">Haba<\/a><\/li>\n<li><a href=\"https:\/\/www.kosmos.de\">Kosmos<\/a><\/li>\n<li><a href=\"https:\/\/www.noris-spiele.de\/\">Noris<\/a><\/li>\n<li><a href=\"https:\/\/www.piatnik.com\/\">Piatnik<\/a><\/li>\n<li><a href=\"https:\/\/www.ravensburger.de\/\">Ravensburger<\/a><\/li>\n<li><a href=\"https:\/\/www.schmidtspiele.de\">Schmidt Spiele<\/a><\/li>\n<\/ul>\n<p>IT<\/p>\n<ul>\n<li><a href=\"https:\/\/Dvgiochi.com\">dV GIOCHI<\/a><\/li>\n<\/ul>\n<p>NL<\/p>\n<ul>\n<li><a href=\"https:\/\/www.999games.nl\/\" target=\"_blank\" rel=\"noopener noreferrer\">999games<\/a><\/li>\n<li><a href=\"https:\/\/www.thegamemaster.nl\/\" target=\"_blank\" rel=\"noopener noreferrer\">The Game Master<\/a><\/li>\n<li><a href=\"https:\/\/www.jumbo.nl\" target=\"_blank\" rel=\"noopener noreferrer\">Jumbo<\/a><\/li>\n<li><a href=\"https:\/\/www.spellenspektakel.nl\/\" target=\"_blank\" rel=\"noopener noreferrer\">Spellenspektakel<\/a><\/li>\n<li><a href=\"https:\/\/whitegoblingames.nl\/\">White Goblin Games<\/a><\/li>\n<\/ul>\n<p>SE<\/p>\n<ul>\n<li><a href=\"https:\/\/www.hyggegames.com\/\">Hygge Games<\/a><\/li>\n<\/ul>\n<p>Online<\/p>\n<ul>\n<li><a href=\"https:\/\/www.funtrivia.com\/\">FunTrivia<\/a><\/li>\n<li><a href=\"http:\/\/www.jeux.com\">Jeux.com<\/a><\/li>\n<li><a href=\"https:\/\/trivialoo.com\/\">Trivialoo<\/a><\/li>\n<li><a href=\"https:\/\/triviar.com\/\">Triviar<\/a><\/li>\n<\/ul>\n<h3>Revendeurs &#8211; Repartidores y vendedores &#8211; Verdelers en verkopers<\/h3>\n<p>US<\/p>\n<ul>\n<li><a href=\"https:\/\/www.gamepreserve.com\/\" target=\"_blank\" rel=\"noopener noreferrer\">Game Preserve<\/a><\/li>\n<\/ul>\n<p>CAN<\/p>\n<ul>\n<li><a href=\"https:\/\/www.espacejeux.tv\/\">Espace jeux<\/a><\/li>\n<li><a href=\"https:\/\/imaginaire.com\/fr\/\">Imaginaire.com<\/a><\/li>\n<\/ul>\n<p>BE<\/p>\n<ul>\n<li><a href=\"https:\/\/www.aanstokerij.be\/\">Aanstokerij.be<\/a><\/li>\n<li><a href=\"https:\/\/broze.be\/\">Broze<\/a><\/li>\n<li><a href=\"https:\/\/www.casedepart.be\/\">Case D\u00e9part <\/a>(LLN)<\/li>\n<li><a href=\"https:\/\/www.collishop.be\/\">CollisShop<\/a><\/li>\n<li><a href=\"https:\/\/demo-spel.be\/\">Demo-spel <\/a>(Leuven)<\/li>\n<li><a href=\"https:\/\/www.dreamland.be\/\">Dreamland<\/a><\/li>\n<li><a href=\"https:\/\/www.facebook.com\/thehubleuven\/\">The Hub Game Lounge<\/a> (Leuven)<\/li>\n<li><a href=\"https:\/\/www.jeuxdenim.be\/\" target=\"_blank\" rel=\"noopener noreferrer\">Les jeux de NIM<\/a> (Enghien)<\/li>\n<li><a href=\"https:\/\/www.lotana.be\/\">Lotana<\/a><\/li>\n<li><a href=\"https:\/\/www.sajou.be\/\">Sajou<\/a><\/li>\n<li><a href=\"https:\/\/www.speelgoedmertens.be\/\" target=\"_blank\" rel=\"noopener noreferrer\">Speelgoed Mertens<\/a> (Kessel-Lo)<\/li>\n<li><a href=\"https:\/\/www.spelgezel.be\/\">Spelgezel<\/a> (Gent)<\/li>\n<li><a href=\"https:\/\/www.spellenreus.com\/\">Spellenreus<\/a>: nieuwe en tweedehands gezelschapsspelen<\/li>\n<li><a href=\"https:\/\/www.spelshop.be\/\">Spelshop<\/a><\/li>\n<\/ul>\n<p>FR<\/p>\n<ul>\n<li><a href=\"https:\/\/www.avenuedesjeux.com\/\">Avenue des jeux<\/a><\/li>\n<li><a href=\"https:\/\/www.espritjeu.com\/\">Esprit jeu<\/a><\/li>\n<li><a href=\"https:\/\/joueclub.fr\">Jou\u00e9club<\/a><\/li>\n<li><a href=\"https:\/\/www.lagranderecre.fr\/\">La grande r\u00e9cr\u00e9<\/a><\/li>\n<li><a href=\"https:\/\/www.lapouleapois.fr\/10-jeux-de-societe\">La poule \u00e0 pois<\/a><\/li>\n<li><a href=\"https:\/\/www.natureetdecouvertes.com\/\">Nature &amp; D\u00e9couvertes<\/a><\/li>\n<li><a href=\"https:\/\/www.oxybul.com\/jeux-de-societe\">Oxybul<\/a><\/li>\n<\/ul>\n<p>NL<\/p>\n<ul>\n<li><a href=\"https:\/\/whitegoblingames.nl\/\">White Goblin games<\/a><\/li>\n<\/ul>\n<p>ES<\/p>\n<ul>\n<li><a href=\"https:\/\/www.cayro.es\/\">Cayro<\/a><\/li>\n<li><a href=\"https:\/\/juegosdelamesaredonda.com\/\">Juegos de la mesa reedonda<\/a><\/li>\n<li><a href=\"https:\/\/www.xataka.com\/\">Xataka<\/a><\/li>\n<li><a href=\"https:\/\/zacatrus.es\/\">Zacatrus<\/a><\/li>\n<\/ul>\n<p>CAN<\/p>\n<ul>\n<li><a href=\"https:\/\/www.levalet.com\/\" target=\"_blank\" rel=\"noopener noreferrer\">Le valet de coeur<\/a><\/li>\n<\/ul>\n<h3>Jeux &#8211; Juegos &#8211; Spelen<\/h3>\n<ul>\n<li><a href=\"https:\/\/bzw.bezzerwizzer.dk\/?lang=be\">Bezzerwizzer<\/a><\/li>\n<li><a href=\"https:\/\/www.blackstories.nl\/\">Black Stories<\/a><\/li>\n<li><a href=\"https:\/\/blancmangercoco.com\/\">Blanc-Manger-Coco<\/a><\/li>\n<li><a href=\"https:\/\/www.boardgamegeek.com\/\">Boardgamegeek<\/a><\/li>\n<li><a href=\"https:\/\/www.bordspel.com\">Bordspel.com<\/a><\/li>\n<li><a href=\"https:\/\/www.jeux2minutes.com\">Jeux2minutes<\/a>: Des cartes bas\u00e9es sur la psychologie positive pour cr\u00e9er du lien et partager des bulles de bonheur en couple, en famille, entre amis<\/li>\n<li><a href=\"https:\/\/escaleajeux.fr\/\" target=\"_blank\" rel=\"noopener noreferrer\">Escale \u00e0 Jeux<\/a> (Fran\u00e7ois Haffner)<\/li>\n<li><a href=\"https:\/\/limitelimite.com\">Limite limite<\/a>: &#8220;Le jeu que vous aurez honte d&#8217;aimer&#8221;<\/li>\n<li><a href=\"https:\/\/sneakycards.com\">Sneaky cards<\/a>: social challenges<\/li>\n<li><a href=\"https:\/\/www.spellenspektakel.nl\/\">Spellenspektakel<\/a><\/li>\n<li><b>Monopoly<\/b>\n<ul>\n<li><a href=\"http:\/\/monopolyste.online.fr\/\" target=\"_blank\" rel=\"noopener noreferrer\">La page monopolyste <\/a><\/li>\n<\/ul>\n<\/li>\n<li><b>\u00c9checs &#8211; Ajedrez &#8211; Schaken<\/b>\n<ul>\n<li><a href=\"https:\/\/www.academicchess.com\/\" target=\"_blank\" rel=\"noopener noreferrer\">Academic Chess<\/a><\/li>\n<li><a href=\"https:\/\/www.chess.net\/\" target=\"_blank\" rel=\"noopener noreferrer\">Chess.net<\/a><\/li>\n<li><a href=\"https:\/\/www.chesskids.com\/\" target=\"_blank\" rel=\"noopener noreferrer\">Chess Kids<\/a><\/li>\n<li><a href=\"https:\/\/www.chessclub.com\/\" target=\"_blank\" rel=\"noopener noreferrer\">Internet Chess Club<\/a><\/li>\n<li><a href=\"https:\/\/www.jinchess.com\/\" target=\"_blank\" rel=\"noopener noreferrer\">Jin<\/a>: an open source client for various chess servers<\/li>\n<li><a href=\"https:\/\/play.chessbase.com\/en\/\">PlayChess<\/a><\/li>\n<li><i>Variantes &#8211; Varianten<\/i><\/li>\n<li><a href=\"https:\/\/www.yutopian.com\/\">Yutopian<\/a><\/li>\n<\/ul>\n<\/li>\n<li><b>Go<\/b>\n<ul>\n<li><a href=\"https:\/\/www.gobond.nl\/\" target=\"_blank\" rel=\"noopener noreferrer\">Go Bond<\/a><\/li>\n<li><a href=\"https:\/\/jeudego.org\/\" target=\"_blank\" rel=\"noopener noreferrer\">Jeu de go<\/a><\/li>\n<li><a href=\"https:\/\/www.yutopian.com\/go\/\">Yutopian<\/a><\/li>\n<\/ul>\n<\/li>\n<li><b>Solitaire<\/b>\n<ul>\n<li><a href=\"http:\/\/www.solitairecentral.com\/\" target=\"_blank\" rel=\"noopener noreferrer\">SolitaireCentral<\/a><\/li>\n<li><a href=\"https:\/\/www.solitairegames.com\/\" target=\"_blank\" rel=\"noopener noreferrer\">SolitaireGames.com<\/a><\/li>\n<li><a href=\"https:\/\/www.spidersolitaire.com\/\" target=\"_blank\" rel=\"noopener noreferrer\">SpiderSolitaire<\/a><\/li>\n<\/ul>\n<\/li>\n<\/ul>\n<h3>R\u00e8gles et variantes &#8211; Reglas y variantes &#8211; Regels en varianten<\/h3>\n<ul>\n<li><a href=\"http:\/\/www.gamecabinet.com\/\" target=\"_blank\" rel=\"noopener noreferrer\">The Game Cabinet<\/a><\/li>\n<li><a href=\"http:\/\/www.tachyonlabs.com\/games.html\" target=\"_blank\" rel=\"noopener noreferrer\">Tan\u00e9 and Sam&#8217;s Games Page<\/a><\/li>\n<\/ul>\n<h3>Logiciels &#8211; Programas &#8211; Software<\/h3>\n<ul>\n<li><a href=\"https:\/\/game-game.com\/\">Game-game<\/a><\/li>\n<li><a href=\"https:\/\/www.jeuxclic.com\/\">Jeuxclic<\/a><\/li>\n<li><a href=\"https:\/\/www.jouezgratuitement.fr\/\">Jouer gratuitement<\/a><\/li>\n<li><a href=\"https:\/\/www.smartjeux.com\/\">Smartjeux<\/a><\/li>\n<li><a href=\"https:\/\/sourceforge.net\/directory\/games\/boardgames\/os:windows\/\">Sourceforge: boardgames<\/a><\/li>\n<\/ul>\n<h3>En l\u00ednea<\/h3>\n<ul>\n<li><a href=\"https:\/\/www.agame.com\/\">Agame<\/a><\/li>\n<li><a href=\"https:\/\/freegames.org\/\">FreeGames<\/a><\/li>\n<li><a href=\"https:\/\/poki.com\/es\">Poki<\/a><\/li>\n<\/ul>\n<h3>Autres &#8211; Diversos &#8211; Varia<\/h3>\n<p>BE<\/p>\n<ul>\n<li><a href=\"https:\/\/www.speelgoedmuseum.be\/\" target=\"_blank&quot;\" rel=\"noopener noreferrer\">Speelgoedmuseum<\/a><\/li>\n<li><a href=\"https:\/\/www.vlaams-spellenarchief.be\/\" target=\"_blank&quot;\" rel=\"noopener noreferrer\">Vlaams Spellenarchief<\/a><\/li>\n<\/ul>\n<p>US\/EN<\/p>\n<ul>\n<li><a href=\"https:\/\/nl.boardgamearena.com\/\">Boardgamearena<\/a><\/li>\n<li><a href=\"https:\/\/boardgamegeek.com\/\">Boardgamegeek<\/a><\/li>\n<li><a href=\"https:\/\/www.gameaholics.com\/\" target=\"_blank\" rel=\"noopener noreferrer\">GameAholics.com<\/a><\/li>\n<li><a href=\"https:\/\/www.youtube.com\/c\/moviedemocom\" target=\"_blank\" rel=\"noopener noreferrer\">GameDemo<\/a><\/li>\n<li><a href=\"https:\/\/www.ign.com\" target=\"_blank\" rel=\"noopener noreferrer\">IGN<\/a><\/li>\n<\/ul>\n<p>FR<\/p>\n<ul>\n<li><a href=\"http:\/\/likan.chez.com\/role.html\" target=\"_blank\" rel=\"noopener noreferrer\">Le jeu de r\u00f4le<\/a> (Likan)<\/li>\n<\/ul>\n<p>NL<\/p>\n<ul>\n<li><a href=\"https:\/\/www.bordspel.com\/\">Bordspel.com<\/a><\/li>\n<li><a href=\"https:\/\/www.gezelschapsspelen-webshop.be\/\">Gezelschapsspelen-webshop<\/a><\/li>\n<li><a href=\"https:\/\/www.spelbreker.nl\/\">Spelbreker<\/a><\/li>\n<li><a href=\"https:\/\/www.speldatabase.be\/\">Speldatabase<\/a><\/li>\n<li><a href=\"https:\/\/www.spellenclub13.be\/\">Spellenclub13<\/a><\/li>\n<li><a href=\"https:\/\/www.spellengek.nl\/\">Spellengek.nl<\/a><\/li>\n<li><a href=\"https:\/\/www.spelmagazijn.nl\/\">SpelMagazijn.nl<\/a><\/li>\n<\/ul>\n<span class=\"last-modified-timestamp\">Dec 27, 2025 @ 8:45 pm<\/span>\n","protected":false},"excerpt":{"rendered":"<p><span class=\"span-reading-time rt-reading-time\" style=\"display: block;\"><span class=\"rt-label rt-prefix\">Reading Time: <\/span> <span class=\"rt-time\"> 2<\/span> <span class=\"rt-label rt-postfix\">minutes<\/span><\/span>Un jour ou l&#8217;autre, nous avons tous jou\u00e9 \u00e0 des jeux de soci\u00e9t\u00e9. Ils nous pris, nous ont emprisonn\u00e9s, nous ont fa\u00e7onn\u00e9s. Le monde sans jeux de soci\u00e9t\u00e9 serait radicalement diff\u00e9rent. Un jeu de soci\u00e9t\u00e9, ce sont des mat\u00e9riaux (souvent) et quelques r\u00e8gles plus ou moins complexes dans lequel se<\/p>\n","protected":false},"author":1,"featured_media":0,"parent":0,"menu_order":0,"comment_status":"closed","ping_status":"closed","template":"","meta":{"iawp_total_views":0,"footnotes":"","_wp_rev_ctl_limit":""},"class_list":["post-770","page","type-page","status-publish","hentry"],"yoast_head":"<!-- This site is optimized with the Yoast SEO plugin v27.4 - https:\/\/yoast.com\/product\/yoast-seo-wordpress\/ -->\n<title>Gezelschapsspelen - Jeux de soci\u00e9t\u00e9 - Juegos de mesa - hlrnet.com<\/title>\n<meta name=\"robots\" content=\"index, follow, max-snippet:-1, max-image-preview:large, max-video-preview:-1\" \/>\n<link rel=\"canonical\" href=\"https:\/\/hlrnet.com\/sites\/gezelschapsspelen-jeux-de-societe-juegos-de-mesa\/\" \/>\n<meta property=\"og:locale\" content=\"en_US\" \/>\n<meta property=\"og:type\" content=\"article\" \/>\n<meta property=\"og:title\" content=\"Gezelschapsspelen - Jeux de soci\u00e9t\u00e9 - Juegos de mesa - hlrnet.com\" \/>\n<meta property=\"og:description\" content=\"Reading Time:  2 minutesUn jour ou l&#8217;autre, nous avons tous jou\u00e9 \u00e0 des jeux de soci\u00e9t\u00e9. Ils nous pris, nous ont emprisonn\u00e9s, nous ont fa\u00e7onn\u00e9s. Le monde sans jeux de soci\u00e9t\u00e9 serait radicalement diff\u00e9rent. Un jeu de soci\u00e9t\u00e9, ce sont des mat\u00e9riaux (souvent) et quelques r\u00e8gles plus ou moins complexes dans lequel se\" \/>\n<meta property=\"og:url\" content=\"https:\/\/hlrnet.com\/sites\/gezelschapsspelen-jeux-de-societe-juegos-de-mesa\/\" \/>\n<meta property=\"og:site_name\" content=\"hlrnet.com\" \/>\n<meta property=\"article:modified_time\" content=\"2025-12-27T20:45:49+00:00\" \/>\n<meta name=\"twitter:card\" content=\"summary_large_image\" \/>\n<meta name=\"twitter:label1\" content=\"Est. reading time\" \/>\n\t<meta name=\"twitter:data1\" content=\"2 minutes\" \/>\n<script type=\"application\/ld+json\" class=\"yoast-schema-graph\">{\"@context\":\"https:\\\/\\\/schema.org\",\"@graph\":[{\"@type\":\"WebPage\",\"@id\":\"https:\\\/\\\/hlrnet.com\\\/sites\\\/gezelschapsspelen-jeux-de-societe-juegos-de-mesa\\\/\",\"url\":\"https:\\\/\\\/hlrnet.com\\\/sites\\\/gezelschapsspelen-jeux-de-societe-juegos-de-mesa\\\/\",\"name\":\"Gezelschapsspelen - Jeux de soci\u00e9t\u00e9 - Juegos de mesa - hlrnet.com\",\"isPartOf\":{\"@id\":\"https:\\\/\\\/hlrnet.com\\\/sites\\\/#website\"},\"datePublished\":\"2018-04-15T08:30:59+00:00\",\"dateModified\":\"2025-12-27T20:45:49+00:00\",\"breadcrumb\":{\"@id\":\"https:\\\/\\\/hlrnet.com\\\/sites\\\/gezelschapsspelen-jeux-de-societe-juegos-de-mesa\\\/#breadcrumb\"},\"inLanguage\":\"en-US\",\"potentialAction\":[{\"@type\":\"ReadAction\",\"target\":[\"https:\\\/\\\/hlrnet.com\\\/sites\\\/gezelschapsspelen-jeux-de-societe-juegos-de-mesa\\\/\"]}]},{\"@type\":\"BreadcrumbList\",\"@id\":\"https:\\\/\\\/hlrnet.com\\\/sites\\\/gezelschapsspelen-jeux-de-societe-juegos-de-mesa\\\/#breadcrumb\",\"itemListElement\":[{\"@type\":\"ListItem\",\"position\":1,\"name\":\"Home\",\"item\":\"https:\\\/\\\/hlrnet.com\\\/sites\\\/\"},{\"@type\":\"ListItem\",\"position\":2,\"name\":\"Gezelschapsspelen &#8211; Jeux de soci\u00e9t\u00e9 &#8211; Juegos de mesa\"}]},{\"@type\":\"WebSite\",\"@id\":\"https:\\\/\\\/hlrnet.com\\\/sites\\\/#website\",\"url\":\"https:\\\/\\\/hlrnet.com\\\/sites\\\/\",\"name\":\"hlrnet.com\",\"description\":\"Hans Le Roy\",\"publisher\":{\"@id\":\"https:\\\/\\\/hlrnet.com\\\/sites\\\/#organization\"},\"potentialAction\":[{\"@type\":\"SearchAction\",\"target\":{\"@type\":\"EntryPoint\",\"urlTemplate\":\"https:\\\/\\\/hlrnet.com\\\/sites\\\/?s={search_term_string}\"},\"query-input\":{\"@type\":\"PropertyValueSpecification\",\"valueRequired\":true,\"valueName\":\"search_term_string\"}}],\"inLanguage\":\"en-US\"},{\"@type\":\"Organization\",\"@id\":\"https:\\\/\\\/hlrnet.com\\\/sites\\\/#organization\",\"name\":\"hlrnet.com\",\"url\":\"https:\\\/\\\/hlrnet.com\\\/sites\\\/\",\"logo\":{\"@type\":\"ImageObject\",\"inLanguage\":\"en-US\",\"@id\":\"https:\\\/\\\/hlrnet.com\\\/sites\\\/#\\\/schema\\\/logo\\\/image\\\/\",\"url\":\"https:\\\/\\\/hlrnet.com\\\/sites\\\/wp-content\\\/uploads\\\/2018\\\/04\\\/cropped-default512x512-trans-1.png\",\"contentUrl\":\"https:\\\/\\\/hlrnet.com\\\/sites\\\/wp-content\\\/uploads\\\/2018\\\/04\\\/cropped-default512x512-trans-1.png\",\"width\":512,\"height\":160,\"caption\":\"hlrnet.com\"},\"image\":{\"@id\":\"https:\\\/\\\/hlrnet.com\\\/sites\\\/#\\\/schema\\\/logo\\\/image\\\/\"}}]}<\/script>\n<!-- \/ Yoast SEO plugin. -->","yoast_head_json":{"title":"Gezelschapsspelen - Jeux de soci\u00e9t\u00e9 - Juegos de mesa - hlrnet.com","robots":{"index":"index","follow":"follow","max-snippet":"max-snippet:-1","max-image-preview":"max-image-preview:large","max-video-preview":"max-video-preview:-1"},"canonical":"https:\/\/hlrnet.com\/sites\/gezelschapsspelen-jeux-de-societe-juegos-de-mesa\/","og_locale":"en_US","og_type":"article","og_title":"Gezelschapsspelen - Jeux de soci\u00e9t\u00e9 - Juegos de mesa - hlrnet.com","og_description":"Reading Time:  2 minutesUn jour ou l&#8217;autre, nous avons tous jou\u00e9 \u00e0 des jeux de soci\u00e9t\u00e9. Ils nous pris, nous ont emprisonn\u00e9s, nous ont fa\u00e7onn\u00e9s. Le monde sans jeux de soci\u00e9t\u00e9 serait radicalement diff\u00e9rent. Un jeu de soci\u00e9t\u00e9, ce sont des mat\u00e9riaux (souvent) et quelques r\u00e8gles plus ou moins complexes dans lequel se","og_url":"https:\/\/hlrnet.com\/sites\/gezelschapsspelen-jeux-de-societe-juegos-de-mesa\/","og_site_name":"hlrnet.com","article_modified_time":"2025-12-27T20:45:49+00:00","twitter_card":"summary_large_image","twitter_misc":{"Est. reading time":"2 minutes"},"schema":{"@context":"https:\/\/schema.org","@graph":[{"@type":"WebPage","@id":"https:\/\/hlrnet.com\/sites\/gezelschapsspelen-jeux-de-societe-juegos-de-mesa\/","url":"https:\/\/hlrnet.com\/sites\/gezelschapsspelen-jeux-de-societe-juegos-de-mesa\/","name":"Gezelschapsspelen - Jeux de soci\u00e9t\u00e9 - Juegos de mesa - hlrnet.com","isPartOf":{"@id":"https:\/\/hlrnet.com\/sites\/#website"},"datePublished":"2018-04-15T08:30:59+00:00","dateModified":"2025-12-27T20:45:49+00:00","breadcrumb":{"@id":"https:\/\/hlrnet.com\/sites\/gezelschapsspelen-jeux-de-societe-juegos-de-mesa\/#breadcrumb"},"inLanguage":"en-US","potentialAction":[{"@type":"ReadAction","target":["https:\/\/hlrnet.com\/sites\/gezelschapsspelen-jeux-de-societe-juegos-de-mesa\/"]}]},{"@type":"BreadcrumbList","@id":"https:\/\/hlrnet.com\/sites\/gezelschapsspelen-jeux-de-societe-juegos-de-mesa\/#breadcrumb","itemListElement":[{"@type":"ListItem","position":1,"name":"Home","item":"https:\/\/hlrnet.com\/sites\/"},{"@type":"ListItem","position":2,"name":"Gezelschapsspelen &#8211; Jeux de soci\u00e9t\u00e9 &#8211; Juegos de mesa"}]},{"@type":"WebSite","@id":"https:\/\/hlrnet.com\/sites\/#website","url":"https:\/\/hlrnet.com\/sites\/","name":"hlrnet.com","description":"Hans Le Roy","publisher":{"@id":"https:\/\/hlrnet.com\/sites\/#organization"},"potentialAction":[{"@type":"SearchAction","target":{"@type":"EntryPoint","urlTemplate":"https:\/\/hlrnet.com\/sites\/?s={search_term_string}"},"query-input":{"@type":"PropertyValueSpecification","valueRequired":true,"valueName":"search_term_string"}}],"inLanguage":"en-US"},{"@type":"Organization","@id":"https:\/\/hlrnet.com\/sites\/#organization","name":"hlrnet.com","url":"https:\/\/hlrnet.com\/sites\/","logo":{"@type":"ImageObject","inLanguage":"en-US","@id":"https:\/\/hlrnet.com\/sites\/#\/schema\/logo\/image\/","url":"https:\/\/hlrnet.com\/sites\/wp-content\/uploads\/2018\/04\/cropped-default512x512-trans-1.png","contentUrl":"https:\/\/hlrnet.com\/sites\/wp-content\/uploads\/2018\/04\/cropped-default512x512-trans-1.png","width":512,"height":160,"caption":"hlrnet.com"},"image":{"@id":"https:\/\/hlrnet.com\/sites\/#\/schema\/logo\/image\/"}}]}},"publishpress_future_action":{"enabled":false,"date":"2026-05-01 23:54:56","action":"change-status","newStatus":"draft","terms":[],"taxonomy":"","extraData":[]},"publishpress_future_workflow_manual_trigger":{"enabledWorkflows":[]},"_links":{"self":[{"href":"https:\/\/hlrnet.com\/sites\/wp-json\/wp\/v2\/pages\/770","targetHints":{"allow":["GET"]}}],"collection":[{"href":"https:\/\/hlrnet.com\/sites\/wp-json\/wp\/v2\/pages"}],"about":[{"href":"https:\/\/hlrnet.com\/sites\/wp-json\/wp\/v2\/types\/page"}],"author":[{"embeddable":true,"href":"https:\/\/hlrnet.com\/sites\/wp-json\/wp\/v2\/users\/1"}],"replies":[{"embeddable":true,"href":"https:\/\/hlrnet.com\/sites\/wp-json\/wp\/v2\/comments?post=770"}],"version-history":[{"count":0,"href":"https:\/\/hlrnet.com\/sites\/wp-json\/wp\/v2\/pages\/770\/revisions"}],"wp:attachment":[{"href":"https:\/\/hlrnet.com\/sites\/wp-json\/wp\/v2\/media?parent=770"}],"curies":[{"name":"wp","href":"https:\/\/api.w.org\/{rel}","templated":true}]}}