{"id":761,"date":"2018-04-14T18:44:09","date_gmt":"2018-04-14T18:44:09","guid":{"rendered":"http:\/\/hlrnet.com\/sites\/?page_id=761"},"modified":"2025-10-28T08:58:48","modified_gmt":"2025-10-28T08:58:48","slug":"fietsroutes-en-uitstappen","status":"publish","type":"page","link":"https:\/\/hlrnet.com\/sites\/fietsroutes-en-uitstappen\/","title":{"rendered":"Fietsroutes en uitstappen"},"content":{"rendered":"<span class=\"span-reading-time rt-reading-time\" style=\"display: block;\"><span class=\"rt-label rt-prefix\">Reading Time: <\/span> <span class=\"rt-time\"> &lt; 1<\/span> <span class=\"rt-label rt-postfix\">minute<\/span><\/span><ul>\n<li><a href=\"https:\/\/bikenode.wordpress.com\/\">Bikenode<\/a>: fietsknooppunten voor je Android telefoon<\/li>\n<li><a href=\"https:\/\/www.cheminsdurail.be\/\" target=\"_blank\" rel=\"noopener noreferrer\">Chemins du rail<\/a><\/li>\n<li><a href=\"https:\/\/www.escapades.be\/\" target=\"_blank\" rel=\"noopener noreferrer\">Escapades en r\u00e9gion Meuse-Ardennes-Eifel<\/a><\/li>\n<li><a href=\"https:\/\/www.fietsen.123.nl\/\" target=\"_blank\" rel=\"noopener noreferrer\">Fietsen 123<\/a> (Nederland en Belgi\u00eb)<\/li>\n<li><a href=\"https:\/\/www.velo.irisnet.be\/\" target=\"_blank\" rel=\"noopener noreferrer\">Fietsen in Brussel &#8211; Se d\u00e9placer \u00e0 v\u00e9lo dans Bruxelles<\/a><\/li>\n<li><a href=\"https:\/\/www.fietsenmakers.be\/\">Fietsenmakers<\/a>: vind een fietsenmaker per provincie of postcode<\/li>\n<li><a href=\"https:\/\/www.fietsersbond.be\/\" target=\"_blank\" rel=\"noopener noreferrer\">Fietsersbond<\/a><\/li>\n<li><a href=\"https:\/\/www.fietsknooppunt.be\">Fietsknooppunt.be<\/a><\/li>\n<li><a href=\"https:\/\/www.fietssnelwegen.be\/\">Fietssnelwegen<\/a><\/li>\n<li><a href=\"https:\/\/www.fietsnet.be\" target=\"_blank\" rel=\"noopener noreferrer\">Fietsnet<\/a>: alle gemarkeerde fietsroutes samen\n<ul>\n<li><a href=\"https:\/\/www.fietsnet.be\/routeplanner\">Fietsnet routeplanner<\/a><\/li>\n<\/ul>\n<\/li>\n<li><a href=\"https:\/\/www.fietsroute.org\" target=\"_blank\" rel=\"noopener noreferrer\">Fietsroute.org<\/a><\/li>\n<li><a href=\"https:\/\/www.GPScyclingtour.be\">GPScyclingtour.be<\/a><\/li>\n<li><a href=\"https:\/\/www.groteroutepaden.be\/\">Groteroutepaden<\/a><\/li>\n<li><a href=\"https:\/\/www.fiets.irisnet.be\">Irisnet: Brussel mobiliteit<\/a><\/li>\n<li><a href=\"https:\/\/www.knooppunter.com\">Knooppunter<\/a><\/li>\n<li><a href=\"https:\/\/www.mobielbrussel.irisnet.be\/\">Mobiel Brussel<\/a><\/li>\n<li><a href=\"https:\/\/www.provelo.be\/\" target=\"_blank\" rel=\"noopener noreferrer\">ProVelo<\/a><\/li>\n<li><a href=\"https:\/\/ravel.wallonie.be\/\" target=\"_blank\" rel=\"noopener noreferrer\">RAVEL &#8211; R\u00e9seau Autonome de Voies Lentes<\/a><\/li>\n<li><a href=\"https:\/\/www.route.nl\">Route.nl<\/a>: fiets- en wandelroutes in Nederland, Belgi\u00eb en Duitsland<\/li>\n<li><a href=\"https:\/\/www.routen.be\/\">Routen<\/a>: GPX<\/li>\n<li><a href=\"https:\/\/www.routeyou.com\/\">RouteYou<\/a><\/li>\n<li><a href=\"https:\/\/sportenverkeer.be\/\">Sport &amp; Verkeer<\/a>: de verkeersgids voor de sporter en sportclub<\/li>\n<li><a href=\"https:\/\/www.vakantiegenoegens.be\/fiets-vakantie\/\" target=\"_blank\" rel=\"noopener noreferrer\">Vakantiegenoegens: fietsroutes in Vlaanderen<\/a><\/li>\n<li><a href=\"https:\/\/www.vlaanderen-fietsland.be\/\">Vlaanderen Fietsland<\/a><\/li>\n<li>Meer vakanties\n<ul>\n<li><a href=\"https:\/\/www.conrad-stein-verlag.de\/\">Conrad Stein Verlag<\/a><\/li>\n<li><a href=\"https:\/\/www.vostravel.be\/\">VOS Travel<\/a><\/li>\n<li><a href=\"https:\/\/zuiderhuis.be\/\">Zuiderhuis<\/a><\/li>\n<\/ul>\n<\/li>\n<li><a href=\"https:\/\/www.villo.be\">Villo!<\/a>: fietsen huren \/ lenen in Brussel<\/li>\n<li><a href=\"https:\/\/www.weekup.be\/\" target=\"_blank\" rel=\"noopener noreferrer\">WeekUp<\/a>: uitgaan en tentoonstellingen in Belgi\u00eb<\/li>\n<li><a href=\"https:\/\/www.westtoer.be\/\" target=\"_blank\" rel=\"noopener noreferrer\">Westtoer<\/a>: toerisme West-Vlaanderen<\/li>\n<li>GPS tracks voor wandel- en fietsroutes\n<ul>\n<li><a href=\"https:\/\/www.routeyou.com\/\">Routeyou<\/a><\/li>\n<li><a href=\"https:\/\/www.wikiloc.com\/\">Wikiloc<\/a><\/li>\n<\/ul>\n<\/li>\n<\/ul>\n<hr width=\"100%\" \/>\n<p><strong> Wandelen<\/strong><\/p>\n<ul>\n<li><a href=\"https:\/\/www.excursion.be\">Excursion.be<\/a><\/li>\n<li><a href=\"https:\/\/www.giwal.be\/\" target=\"_blank\" rel=\"noopener noreferrer\">Giwal<\/a>: g\u00eetes pour randonneurs et sentiers de grande randonn\u00e9e en Wallonie<\/li>\n<li><a href=\"https:\/\/www.gr-infos.com\/\" target=\"_blank\" rel=\"noopener noreferrer\">GR Infos<\/a><\/li>\n<li><a href=\"https:\/\/www.groenehalte.be\/\">Groene halte<\/a>: wandelen van station naar station<\/li>\n<li><a href=\"https:\/\/leefmilieu.brussels\/themas\/groene-ruimten-en-biodiversiteit\/de-groene-wandeling\">De groene wandeling<\/a>: wandelen in het Brussels gewest<\/li>\n<li><a href=\"https:\/\/www.groteroutepaden.be\/\">Groteroutepaden<\/a><\/li>\n<li><a href=\"https:\/\/www.originelewandelingen.be\">Originele wandelingen<\/a><\/li>\n<li><a href=\"https:\/\/www.grsentiers.org\/\" target=\"_blank\" rel=\"noopener noreferrer\">Sentiers GR: les sentiers de grande randonn\u00e9e <\/a>(Belgique)<\/li>\n<li><a href=\"https:\/\/www.groteroutepaden.be\/\" target=\"_blank\" rel=\"noopener noreferrer\">Wandelen en fietsen met de Grote Routepaden <\/a>(GR &amp; LF)<\/li>\n<li><a href=\"https:\/\/www.wandelknooppunt.be\">Wandelknooppunt.be<\/a><\/li>\n<li><a href=\"https:\/\/www.wandelmee.be\/\" target=\"_blank\" rel=\"noopener noreferrer\">Wandelmee<\/a><\/li>\n<\/ul>\n<p><strong> Nederland<\/strong><\/p>\n<ul>\n<li><a href=\"https:\/\/www.nederlandfietsland.nl\/\">Nederland Fietsland<\/a><\/li>\n<li><a href=\"https:\/\/wandelnet.nl\/\">Wandelnet<\/a><\/li>\n<\/ul>\n<hr width=\"100%\" \/>\n<p><strong>Aanverwanten: tentoonstellingen, cultuur en andere uitstappen<\/strong><\/p>\n<ul>\n<li><a href=\"https:\/\/www.agenda.be\/\" target=\"_blank\" rel=\"noopener noreferrer\">Agenda.be<\/a>: offici\u00eble culturele agenda van Brussel<\/li>\n<li><a href=\"https:\/\/www.artdependence.com\/events\/\">Artdependance<\/a><\/li>\n<li><a href=\"https:\/\/www.cultuurpauze.be\/\">Cultuurpauze<\/a><\/li>\n<li><a href=\"https:\/\/www.erfgoedcelbrussel.be\/\" target=\"_blank\" rel=\"noopener noreferrer\">Erfgoed Brussel<\/a><\/li>\n<li><a href=\"https:\/\/www.klasse.be\/lerarenkaart\/\" target=\"_blank\" rel=\"noopener noreferrer\">Lerarenkaart.be<\/a><\/li>\n<li><a href=\"https:\/\/www.museumsite.be\/\" target=\"_blank\" rel=\"noopener noreferrer\">Museumsite.be<\/a><\/li>\n<li><a href=\"https:\/\/www.muskadia.com\/\" target=\"_blank\" rel=\"noopener noreferrer\">Muskadia, le site portail de vos vacances<\/a><\/li>\n<li><a href=\"https:\/\/www.out.be\">Out.be<\/a><\/li>\n<li><a href=\"https:\/\/www.quefaire.be\/\" target=\"_blank\" rel=\"noopener noreferrer\">Quefaire.be<\/a>: Loisirs Belgique &#8211; th\u00e9\u00e2tre, spectacles, activit\u00e9s, expositions&#8230;<\/li>\n<li><a href=\"https:\/\/www.reisroutes.be\/\">Reisroutes<\/a><\/li>\n<li><a href=\"https:\/\/scaldisnet.be\/\" target=\"_blank\" rel=\"noopener noreferrer\">Scaldisnet<\/a>: boottochten<\/li>\n<li><a href=\"https:\/\/www.tento.be\/\" target=\"_blank\" rel=\"noopener noreferrer\">Tento.be <\/a>&#8211; lopende tentoonstellingen<\/li>\n<li><a href=\"https:\/\/www.trendy-hotels.nl\">Trendy Hotels <\/a><\/li>\n<li><a href=\"https:\/\/www.uitinvlaanderen.be\/\">UiT in Vlaanderen<\/a><\/li>\n<li><a href=\"https:\/\/www.uitstappen.be\/\">Uitstappen.be<\/a><\/li>\n<li><a href=\"https:\/\/www.vakantiegenoegens.be\/\" target=\"_blank\" rel=\"noopener noreferrer\">Vakantiegenoegens: uitstapideetjes<\/a><\/li>\n<\/ul>\n<span class=\"last-modified-timestamp\">Oct 28, 2025 @ 8:58 am<\/span>\n","protected":false},"excerpt":{"rendered":"<p><span class=\"span-reading-time rt-reading-time\" style=\"display: block;\"><span class=\"rt-label rt-prefix\">Reading Time: <\/span> <span class=\"rt-time\"> &lt; 1<\/span> <span class=\"rt-label rt-postfix\">minute<\/span><\/span>Bikenode: fietsknooppunten voor je Android telefoon Chemins du rail Escapades en r\u00e9gion Meuse-Ardennes-Eifel Fietsen 123 (Nederland en Belgi\u00eb) Fietsen in Brussel &#8211; Se d\u00e9placer \u00e0 v\u00e9lo dans Bruxelles Fietsenmakers: vind een fietsenmaker per provincie of postcode Fietsersbond Fietsknooppunt.be Fietssnelwegen Fietsnet: alle gemarkeerde fietsroutes samen Fietsnet routeplanner <a href=\"http:\/\/Fietsroute.org\" class=\"autohyperlink\">Fietsroute.org<\/a> GPScyclingtour.be Groteroutepaden Irisnet:<\/p>\n","protected":false},"author":1,"featured_media":0,"parent":0,"menu_order":0,"comment_status":"closed","ping_status":"closed","template":"","meta":{"iawp_total_views":3,"footnotes":"","_wp_rev_ctl_limit":""},"class_list":["post-761","page","type-page","status-publish","hentry"],"yoast_head":"<!-- This site is optimized with the Yoast SEO plugin v27.4 - https:\/\/yoast.com\/product\/yoast-seo-wordpress\/ -->\n<title>Fietsroutes en uitstappen - hlrnet.com<\/title>\n<meta name=\"robots\" content=\"index, follow, max-snippet:-1, max-image-preview:large, max-video-preview:-1\" \/>\n<link rel=\"canonical\" href=\"https:\/\/hlrnet.com\/sites\/fietsroutes-en-uitstappen\/\" \/>\n<meta property=\"og:locale\" content=\"en_US\" \/>\n<meta property=\"og:type\" content=\"article\" \/>\n<meta property=\"og:title\" content=\"Fietsroutes en uitstappen - hlrnet.com\" \/>\n<meta property=\"og:description\" content=\"Reading Time:  &lt; 1 minuteBikenode: fietsknooppunten voor je Android telefoon Chemins du rail Escapades en r\u00e9gion Meuse-Ardennes-Eifel Fietsen 123 (Nederland en Belgi\u00eb) Fietsen in Brussel &#8211; Se d\u00e9placer \u00e0 v\u00e9lo dans Bruxelles Fietsenmakers: vind een fietsenmaker per provincie of postcode Fietsersbond Fietsknooppunt.be Fietssnelwegen Fietsnet: alle gemarkeerde fietsroutes samen Fietsnet routeplanner Fietsroute.org GPScyclingtour.be Groteroutepaden Irisnet:\" \/>\n<meta property=\"og:url\" content=\"https:\/\/hlrnet.com\/sites\/fietsroutes-en-uitstappen\/\" \/>\n<meta property=\"og:site_name\" content=\"hlrnet.com\" \/>\n<meta property=\"article:modified_time\" content=\"2025-10-28T08:58:48+00:00\" \/>\n<meta name=\"twitter:card\" content=\"summary_large_image\" \/>\n<meta name=\"twitter:label1\" content=\"Est. reading time\" \/>\n\t<meta name=\"twitter:data1\" content=\"1 minute\" \/>\n<script type=\"application\/ld+json\" class=\"yoast-schema-graph\">{\"@context\":\"https:\\\/\\\/schema.org\",\"@graph\":[{\"@type\":\"WebPage\",\"@id\":\"https:\\\/\\\/hlrnet.com\\\/sites\\\/fietsroutes-en-uitstappen\\\/\",\"url\":\"https:\\\/\\\/hlrnet.com\\\/sites\\\/fietsroutes-en-uitstappen\\\/\",\"name\":\"Fietsroutes en uitstappen - hlrnet.com\",\"isPartOf\":{\"@id\":\"https:\\\/\\\/hlrnet.com\\\/sites\\\/#website\"},\"datePublished\":\"2018-04-14T18:44:09+00:00\",\"dateModified\":\"2025-10-28T08:58:48+00:00\",\"breadcrumb\":{\"@id\":\"https:\\\/\\\/hlrnet.com\\\/sites\\\/fietsroutes-en-uitstappen\\\/#breadcrumb\"},\"inLanguage\":\"en-US\",\"potentialAction\":[{\"@type\":\"ReadAction\",\"target\":[\"https:\\\/\\\/hlrnet.com\\\/sites\\\/fietsroutes-en-uitstappen\\\/\"]}]},{\"@type\":\"BreadcrumbList\",\"@id\":\"https:\\\/\\\/hlrnet.com\\\/sites\\\/fietsroutes-en-uitstappen\\\/#breadcrumb\",\"itemListElement\":[{\"@type\":\"ListItem\",\"position\":1,\"name\":\"Home\",\"item\":\"https:\\\/\\\/hlrnet.com\\\/sites\\\/\"},{\"@type\":\"ListItem\",\"position\":2,\"name\":\"Fietsroutes en uitstappen\"}]},{\"@type\":\"WebSite\",\"@id\":\"https:\\\/\\\/hlrnet.com\\\/sites\\\/#website\",\"url\":\"https:\\\/\\\/hlrnet.com\\\/sites\\\/\",\"name\":\"hlrnet.com\",\"description\":\"Hans Le Roy\",\"publisher\":{\"@id\":\"https:\\\/\\\/hlrnet.com\\\/sites\\\/#organization\"},\"potentialAction\":[{\"@type\":\"SearchAction\",\"target\":{\"@type\":\"EntryPoint\",\"urlTemplate\":\"https:\\\/\\\/hlrnet.com\\\/sites\\\/?s={search_term_string}\"},\"query-input\":{\"@type\":\"PropertyValueSpecification\",\"valueRequired\":true,\"valueName\":\"search_term_string\"}}],\"inLanguage\":\"en-US\"},{\"@type\":\"Organization\",\"@id\":\"https:\\\/\\\/hlrnet.com\\\/sites\\\/#organization\",\"name\":\"hlrnet.com\",\"url\":\"https:\\\/\\\/hlrnet.com\\\/sites\\\/\",\"logo\":{\"@type\":\"ImageObject\",\"inLanguage\":\"en-US\",\"@id\":\"https:\\\/\\\/hlrnet.com\\\/sites\\\/#\\\/schema\\\/logo\\\/image\\\/\",\"url\":\"https:\\\/\\\/hlrnet.com\\\/sites\\\/wp-content\\\/uploads\\\/2018\\\/04\\\/cropped-default512x512-trans-1.png\",\"contentUrl\":\"https:\\\/\\\/hlrnet.com\\\/sites\\\/wp-content\\\/uploads\\\/2018\\\/04\\\/cropped-default512x512-trans-1.png\",\"width\":512,\"height\":160,\"caption\":\"hlrnet.com\"},\"image\":{\"@id\":\"https:\\\/\\\/hlrnet.com\\\/sites\\\/#\\\/schema\\\/logo\\\/image\\\/\"}}]}<\/script>\n<!-- \/ Yoast SEO plugin. -->","yoast_head_json":{"title":"Fietsroutes en uitstappen - hlrnet.com","robots":{"index":"index","follow":"follow","max-snippet":"max-snippet:-1","max-image-preview":"max-image-preview:large","max-video-preview":"max-video-preview:-1"},"canonical":"https:\/\/hlrnet.com\/sites\/fietsroutes-en-uitstappen\/","og_locale":"en_US","og_type":"article","og_title":"Fietsroutes en uitstappen - hlrnet.com","og_description":"Reading Time:  &lt; 1 minuteBikenode: fietsknooppunten voor je Android telefoon Chemins du rail Escapades en r\u00e9gion Meuse-Ardennes-Eifel Fietsen 123 (Nederland en Belgi\u00eb) Fietsen in Brussel &#8211; Se d\u00e9placer \u00e0 v\u00e9lo dans Bruxelles Fietsenmakers: vind een fietsenmaker per provincie of postcode Fietsersbond Fietsknooppunt.be Fietssnelwegen Fietsnet: alle gemarkeerde fietsroutes samen Fietsnet routeplanner Fietsroute.org GPScyclingtour.be Groteroutepaden Irisnet:","og_url":"https:\/\/hlrnet.com\/sites\/fietsroutes-en-uitstappen\/","og_site_name":"hlrnet.com","article_modified_time":"2025-10-28T08:58:48+00:00","twitter_card":"summary_large_image","twitter_misc":{"Est. reading time":"1 minute"},"schema":{"@context":"https:\/\/schema.org","@graph":[{"@type":"WebPage","@id":"https:\/\/hlrnet.com\/sites\/fietsroutes-en-uitstappen\/","url":"https:\/\/hlrnet.com\/sites\/fietsroutes-en-uitstappen\/","name":"Fietsroutes en uitstappen - hlrnet.com","isPartOf":{"@id":"https:\/\/hlrnet.com\/sites\/#website"},"datePublished":"2018-04-14T18:44:09+00:00","dateModified":"2025-10-28T08:58:48+00:00","breadcrumb":{"@id":"https:\/\/hlrnet.com\/sites\/fietsroutes-en-uitstappen\/#breadcrumb"},"inLanguage":"en-US","potentialAction":[{"@type":"ReadAction","target":["https:\/\/hlrnet.com\/sites\/fietsroutes-en-uitstappen\/"]}]},{"@type":"BreadcrumbList","@id":"https:\/\/hlrnet.com\/sites\/fietsroutes-en-uitstappen\/#breadcrumb","itemListElement":[{"@type":"ListItem","position":1,"name":"Home","item":"https:\/\/hlrnet.com\/sites\/"},{"@type":"ListItem","position":2,"name":"Fietsroutes en uitstappen"}]},{"@type":"WebSite","@id":"https:\/\/hlrnet.com\/sites\/#website","url":"https:\/\/hlrnet.com\/sites\/","name":"hlrnet.com","description":"Hans Le Roy","publisher":{"@id":"https:\/\/hlrnet.com\/sites\/#organization"},"potentialAction":[{"@type":"SearchAction","target":{"@type":"EntryPoint","urlTemplate":"https:\/\/hlrnet.com\/sites\/?s={search_term_string}"},"query-input":{"@type":"PropertyValueSpecification","valueRequired":true,"valueName":"search_term_string"}}],"inLanguage":"en-US"},{"@type":"Organization","@id":"https:\/\/hlrnet.com\/sites\/#organization","name":"hlrnet.com","url":"https:\/\/hlrnet.com\/sites\/","logo":{"@type":"ImageObject","inLanguage":"en-US","@id":"https:\/\/hlrnet.com\/sites\/#\/schema\/logo\/image\/","url":"https:\/\/hlrnet.com\/sites\/wp-content\/uploads\/2018\/04\/cropped-default512x512-trans-1.png","contentUrl":"https:\/\/hlrnet.com\/sites\/wp-content\/uploads\/2018\/04\/cropped-default512x512-trans-1.png","width":512,"height":160,"caption":"hlrnet.com"},"image":{"@id":"https:\/\/hlrnet.com\/sites\/#\/schema\/logo\/image\/"}}]}},"publishpress_future_action":{"enabled":false,"date":"2026-05-02 11:12:20","action":"change-status","newStatus":"draft","terms":[],"taxonomy":"","extraData":[]},"publishpress_future_workflow_manual_trigger":{"enabledWorkflows":[]},"_links":{"self":[{"href":"https:\/\/hlrnet.com\/sites\/wp-json\/wp\/v2\/pages\/761","targetHints":{"allow":["GET"]}}],"collection":[{"href":"https:\/\/hlrnet.com\/sites\/wp-json\/wp\/v2\/pages"}],"about":[{"href":"https:\/\/hlrnet.com\/sites\/wp-json\/wp\/v2\/types\/page"}],"author":[{"embeddable":true,"href":"https:\/\/hlrnet.com\/sites\/wp-json\/wp\/v2\/users\/1"}],"replies":[{"embeddable":true,"href":"https:\/\/hlrnet.com\/sites\/wp-json\/wp\/v2\/comments?post=761"}],"version-history":[{"count":0,"href":"https:\/\/hlrnet.com\/sites\/wp-json\/wp\/v2\/pages\/761\/revisions"}],"wp:attachment":[{"href":"https:\/\/hlrnet.com\/sites\/wp-json\/wp\/v2\/media?parent=761"}],"curies":[{"name":"wp","href":"https:\/\/api.w.org\/{rel}","templated":true}]}}