{"id":614,"date":"2018-04-09T13:00:26","date_gmt":"2018-04-09T13:00:26","guid":{"rendered":"http:\/\/hlrnet.com\/sites\/?page_id=614"},"modified":"2025-12-04T17:32:00","modified_gmt":"2025-12-04T17:32:00","slug":"administratie-en-beheer","status":"publish","type":"page","link":"https:\/\/hlrnet.com\/sites\/onderwijs\/administratie-en-beheer\/","title":{"rendered":"Administratie en beheer"},"content":{"rendered":"<span class=\"span-reading-time rt-reading-time\" style=\"display: block;\"><span class=\"rt-label rt-prefix\">Reading Time: <\/span> <span class=\"rt-time\"> 2<\/span> <span class=\"rt-label rt-postfix\">minutes<\/span><\/span><ul>\n<li>Administratie\n<ul>\n<li><a href=\"https:\/\/www.datacare.nl\/\" target=\"_blank\" rel=\"noopener noreferrer\">Datacare<\/a><\/li>\n<li><a href=\"https:\/\/www.examineyou.com\/\">ExamineYou<\/a>: examenmanagement<\/li>\n<li><a href=\"https:\/\/www.promptus.nl\/\" target=\"_blank\" rel=\"noopener noreferrer\">Promptus<\/a><\/li>\n<li><a href=\"https:\/\/www.schoolfit.nl\/\" target=\"_blank\" rel=\"noopener noreferrer\">SchoolFit<\/a><\/li>\n<\/ul>\n<\/li>\n<li>Beheer\n<ul>\n<li><a href=\"https:\/\/www.amember.com\/\">aMember <\/a>is a flexible membership and subscription management PHP script.<\/li>\n<li><a href=\"https:\/\/www.classter.com\/\">Classter<\/a><\/li>\n<li><a href=\"https:\/\/www.clickartedu.com\/\">Clickedu<\/a>, una herramienta de gesti\u00f3n acad\u00e9mica<\/li>\n<li><a href=\"https:\/\/www.edso.nl\/\" target=\"_blank\" rel=\"noopener noreferrer\">EDSO<\/a><\/li>\n<li><a href=\"https:\/\/www.guestlistapp.com\/\">Guestlist<\/a>: online event registration<\/li>\n<li><a href=\"https:\/\/www.gqdalya.es\/\">GQdalya<\/a> es una plataforma digital para la gesti\u00f3n integral de centros educativos<\/li>\n<li><a href=\"https:\/\/www.informatsoftware.be\/\" target=\"_blank\" rel=\"noopener noreferrer\">Informat<\/a><\/li>\n<li>Joomla componenten\n<ul>\n<li><a href=\"https:\/\/www.joomlapolis.com\/\">Joomlapolis<\/a>: Community Builder<\/li>\n<\/ul>\n<\/li>\n<li><a href=\"https:\/\/www.clb-lars.be\/\">LARS<\/a>: Leerlingenbegeleiding Administratie en Registratie Systeem (CLB)<\/li>\n<li><a href=\"https:\/\/www.lanschool.com\/\">Lanschool<\/a>: classroom management software<\/li>\n<li><a href=\"https:\/\/www.meetup.com\/\">Meetup<\/a>: neighbors getting together to learn something, do something, share something\u2026<\/li>\n<li><a href=\"https:\/\/www.membersgear.com\/\">MembersGear<\/a>: free membership software for subscription based websites<\/li>\n<li><a href=\"https:\/\/www.nedap-education.com\" target=\"_blank\" rel=\"noopener noreferrer\">Nedap<\/a>: smartcards<\/li>\n<li><a href=\"https:\/\/www.peepl.io\/\">Peepl<\/a>: content management, ledenadministratie en communicatie in \u00e9\u00e9n platform<\/li>\n<li><a href=\"https:\/\/sourceforge.net\/projects\/fdat\/\">PHP File database<\/a>: tests en examens uitwisselen<\/li>\n<li><a href=\"https:\/\/www.phidias.es\/\">Phidias Acad\u00e9mico<\/a> es un sistema integrado para la gesti\u00f3n administrativa y acad\u00e9mica de su colegio<\/li>\n<li><a href=\"https:\/\/www.powerschool.com\/\" target=\"_blank\" rel=\"noopener noreferrer\">PowerSchool<\/a><\/li>\n<li><a href=\"https:\/\/www.schoolwrite.com\/\">SchoolWrite<\/a><\/li>\n<li><a href=\"https:\/\/www.scoodle.be\/\">Scoodle<\/a>: online agenda voor leerkrachten<\/li>\n<li><a href=\"https:\/\/www.sbosoftware.be\/\">ZBO: Zorg basisonderwijs<\/a><\/li>\n<\/ul>\n<\/li>\n<li>Planning, uurroostering\n<ul>\n<li><a href=\"https:\/\/www.asctimetables.com\/\">ascTimetables<\/a><\/li>\n<li><a href=\"https:\/\/www.edso.nl\/\">EDSO<\/a><\/li>\n<li><a href=\"https:\/\/kronowin.es\/\">KronoWin<\/a><\/li>\n<li><a href=\"https:\/\/www.lantiv.com\/\">Lantiv<\/a>: free school scheduling software<\/li>\n<li><a href=\"https:\/\/www.asctimetables.com\/\">asc Timetables<\/a><\/li>\n<li><a href=\"https:\/\/www.penalara.com\/\">Pe\u00f1alara<\/a><\/li>\n<li>Afsprakenbeheer (aparte momenten vinden en vastleggen, geen gemeenschappelijke)\n<ul>\n<li><a href=\"https:\/\/www.appointy.com\/\">Appointy<\/a><\/li>\n<li><a href=\"https:\/\/www.mijnonlineagenda.be\/\">Mijnonlineagenda<\/a><\/li>\n<li><a href=\"https:\/\/www.schedulista.com\/\">Schedulista<\/a><\/li>\n<li><a href=\"https:\/\/www.gettimely.com\/\">Timely<\/a><\/li>\n<li><a href=\"https:\/\/www.timepicks.com\/\">Timepicks<\/a><\/li>\n<li><a href=\"https:\/\/www.vagaro.com\/\">Vagaro<\/a><\/li>\n<\/ul>\n<\/li>\n<li>Toegangstickets \/ events \/ inschrijvingsformulieren (zie ook <a href=\"https:\/\/hlrnet.com\/sites\/onderwijs\/statistiek\/\">Statistiek: online enqu\u00eates<\/a>)\n<ul>\n<li><a href=\"https:\/\/www.accelevents.com\/\">accelevents<\/a><\/li>\n<li><a href=\"https:\/\/www.conftool.net\/\">ConfTool<\/a>: Conference and Event Management Software<\/li>\n<li><a href=\"https:\/\/www.eventbrite.com\/\">EventBrite<\/a>: tickets verkopen voor events<\/li>\n<li><a href=\"https:\/\/www.eventeny.com\/\">Eventeny<\/a><\/li>\n<li><a href=\"https:\/\/evvnt.com\/\">evvnt<\/a>: submit your event to 90+ event sites<\/li>\n<li><a href=\"https:\/\/form.io\/\">Form.io<\/a><\/li>\n<li><a href=\"https:\/\/www.jotform.com\">JotForm<\/a><\/li>\n<li><a href=\"https:\/\/www.typeform.com\/\">Typeform<\/a><\/li>\n<li><a href=\"https:\/\/www.yourmembership.com\/\">Yourmembership<\/a><\/li>\n<\/ul>\n<\/li>\n<li>Reservatie \/ bookings\n<ul>\n<li><a href=\"https:\/\/10to8.com\/\">10to8<\/a><\/li>\n<li><a href=\"https:\/\/acuityscheduling.com\/\">AcuityScheduling<\/a><\/li>\n<li><a href=\"https:\/\/www.bitrix24.com\/\">Bitrix24<\/a><\/li>\n<li><a href=\"https:\/\/www.getneko.com\/\">Neko<\/a><\/li>\n<li><a href=\"https:\/\/www.reflex-online.com\/\">Reflex<\/a><\/li>\n<li><a href=\"https:\/\/www.shedul.com\/\">schedul<\/a><\/li>\n<li><a href=\"https:\/\/simplybook.me\/\">Simplybook.me<\/a><\/li>\n<li><a href=\"https:\/\/www.timify.com\/\">Timify<\/a><\/li>\n<li><a href=\"https:\/\/www.vcita.com\/\">vCita<\/a><\/li>\n<li><a href=\"https:\/\/www.versum.com\/\">Versum<\/a><\/li>\n<\/ul>\n<\/li>\n<\/ul>\n<\/li>\n<li>Klasmanagement (o.m. voor BYOD)\n<ul>\n<li><a href=\"https:\/\/www.classcharts.com\/\">ClassCharts<\/a><\/li>\n<li><a href=\"https:\/\/www.classter.com\/\">Classter<\/a><\/li>\n<li><a href=\"https:\/\/www.dyknow.com\/\">Dyknow<\/a><\/li>\n<li><a href=\"https:\/\/www.faronics.com\/\">Faronics<\/a><\/li>\n<li><a href=\"https:\/\/www.goguardian.com\/teacher\/\">GoGuardian Teacher<\/a><\/li>\n<li><a href=\"https:\/\/www8.hp.com\/us\/en\/classmanager\/overview.html\">HP Classroom Manager<\/a><\/li>\n<li><a href=\"https:\/\/www.iclasspro.com\/\">iClassPro<\/a><\/li>\n<li><a href=\"https:\/\/www.imperosoftware.com\/impero-products\/education-pro-classroom-management-software\/\">Impero<\/a><\/li>\n<li><a href=\"https:\/\/www.apple.com\/education\/\">iTunes U<\/a><\/li>\n<li><a href=\"https:\/\/www.jamf.com\/solutions\/technologies\/classroom-management\/\">Jamf<\/a><\/li>\n<li><a href=\"https:\/\/www.lenovosoftware.com\/lanschool\">LanSchool<\/a><\/li>\n<li><a href=\"https:\/\/nearpod.com\/\">Nearpod<\/a><\/li>\n<li><a href=\"https:\/\/www.netcontrol2.com\/\">Net Control<\/a><\/li>\n<li><a href=\"https:\/\/www.netsupportschool.com\/\">NetSupport School<\/a><\/li>\n<li><a href=\"https:\/\/www.powerschool.com\/solutions\/unified-classroom\/\">Powerschool Unified Classroom<\/a><\/li>\n<li><a href=\"https:\/\/www.lightspeedsystems.com\/\">Relay Platform<\/a><\/li>\n<li><a href=\"https:\/\/www.renweb.com\/\">RenWeb<\/a><\/li>\n<li><a href=\"https:\/\/www.showbie.com\/\">Showbie<\/a><\/li>\n<li><a href=\"https:\/\/veyon.io\/\">Veyon<\/a><\/li>\n<\/ul>\n<\/li>\n<li>Bestrijding van plagiaat\n<ul>\n<li><a href=\"https:\/\/www.ithenticate.com\" target=\"_blank\" rel=\"noopener noreferrer\">iThenticate<\/a><\/li>\n<li><a href=\"https:\/\/www.turnitin.com\/\" target=\"_blank\" rel=\"noopener noreferrer\">Turnitin<\/a><\/li>\n<\/ul>\n<\/li>\n<li>Communicatie en organisatie\n<ul>\n<li><a href=\"https:\/\/www.aula1.com\/\">Aula1<\/a> (ES)<\/li>\n<li><a href=\"https:\/\/www.basisonline.nl\/\">Basisonline<\/a>: intranet voor basisonderwijs<\/li>\n<li><a href=\"https:\/\/www.classter.com\/\">Classter<\/a>: educational management system<\/li>\n<li><a href=\"https:\/\/www.clickartedu.com\/\">Clickedu (ES)<\/a><\/li>\n<li><a href=\"https:\/\/www.grupocfdeveloper.com\/productos.htm\">Dock CF<\/a> (ES)<\/li>\n<li><a href=\"https:\/\/www.educcare.es\/\">Educcare <\/a>(ES)<\/li>\n<li><a href=\"https:\/\/esemtia.com\/\">Esemtia<\/a><\/li>\n<li><a href=\"https:\/\/www.gqdalya.es\/\">GQDalyvote or to respond during presentationa<\/a> (ES)<\/li>\n<li><a href=\"https:\/\/www.phidias.co\/\">Phidias<\/a><\/li>\n<li><a href=\"https:\/\/sokrator.com\/\">Sokrator<\/a>: begeleidingssoftware<\/li>\n<\/ul>\n<\/li>\n<li>Gezondheid op school\n<ul>\n<li><a href=\"https:\/\/www.vig.be\/\" target=\"_blank\" rel=\"noopener noreferrer\">Vlaams Instituut voor gezondheidspromotie<\/a><\/li>\n<\/ul>\n<\/li>\n<li>Informatie\n<ul>\n<li><a href=\"https:\/\/data-onderwijs.vlaanderen.be\/edulex\/\" target=\"_blank\" rel=\"noopener noreferrer\">Edulex: de vlaamse onderwijsreglementering<\/a><\/li>\n<li><a href=\"https:\/\/www.epos-vlaanderen.be\/\" target=\"_blank\" rel=\"noopener noreferrer\">EPOS Vlaanderen<\/a><\/li>\n<li><a href=\"https:\/\/www.vdab.be\/leerkrachtendatabank\/\" target=\"_blank\" rel=\"noopener noreferrer\">Leerkrachtendatabank<\/a>: als leerkracht je beschikbaarheid kenbaar maken aan mogelijk<br \/>\nge\u00efnteresseerde directies.<\/li>\n<li><a href=\"https:\/\/www.limits.be\/\" target=\"_blank\" rel=\"noopener noreferrer\">Limits<\/a>: bescherming en preventie van geweld, pesterijen en ongewenst seksueel gedrag op het werk<\/li>\n<\/ul>\n<\/li>\n<li>Koepels en meer\n<ul>\n<li><a href=\"https:\/\/onderwijs.vlaanderen.be\/\" target=\"_blank\" rel=\"noopener noreferrer\">Onderwijsaanbod in Vlaanderen (Departement Onderwijs)<\/a><\/li>\n<li><a href=\"https:\/\/www.g-o.be\/\" target=\"_blank\" rel=\"noopener noreferrer\">Onderwijs van de Vlaamse Gemeenschap<\/a><\/li>\n<li><a href=\"https:\/\/www.pov.be\/\" target=\"_blank\" rel=\"noopener noreferrer\">Provinciaal Onderwijs Vlaanderen<\/a><\/li>\n<li><a href=\"https:\/\/data-onderwijs.vlaanderen.be\/documenten\/default.aspx?l=A\">Van A tot Z (vroeger Wetwijs)<\/a>: webgids voor schooladministratie<\/li>\n<\/ul>\n<\/li>\n<li>Materiaal\n<ul>\n<li><a href=\"https:\/\/www.didakta.be\/\" target=\"_blank\" rel=\"noopener noreferrer\">Didakta<\/a><\/li>\n<li><a href=\"https:\/\/www.eurobox.be\/\" target=\"_blank\" rel=\"noopener noreferrer\">Eurobox<\/a><\/li>\n<li><a href=\"https:\/\/www.multiseatcomputer.be\/\">Multiseatcomputer<\/a><\/li>\n<li><a href=\"https:\/\/www.schoolwinkel.be\/\" target=\"_blank\" rel=\"noopener noreferrer\">Schoolwinkel<\/a><\/li>\n<li><a href=\"https:\/\/www.medios.be\/\" target=\"_blank\" rel=\"noopener noreferrer\">Medios<\/a><\/li>\n<\/ul>\n<\/li>\n<li>Software voor controle (meer bij <a href=\"https:\/\/hlrnet.com\/sites\/probleemoplossing\/\">troubleshooting<\/a> en <a href=\"https:\/\/hlrnet.com\/sites\/remote-control-remote-access\/\">controle op afstand<\/a>)\n<ul>\n<li><a href=\"https:\/\/www.anyplace-control.com\/\" target=\"_blank\" rel=\"noopener noreferrer\">AnyPlace Control<\/a><\/li>\n<li><a href=\"https:\/\/www.bomgar.com\/\">Bomgar<\/a><\/li>\n<li><a href=\"https:\/\/www.eduiq.com\/\">Classroom Spy<\/a><\/li>\n<li><a href=\"https:\/\/www.crossloop.com\/\" target=\"_blank\" rel=\"noopener noreferrer\">CrossLoop<\/a>: secure screen sharing<\/li>\n<li><a href=\"https:\/\/www.EduIQ.com\">EduIQ<\/a><\/li>\n<li><a href=\"https:\/\/www.quicomm.com\/gw_overview.html\">GURL Watcher<\/a>: browser monitoring software<\/li>\n<li><a href=\"https:\/\/www.hidadmin.ru\/pages\/en\/download_en.html\" target=\"_blank\" rel=\"noopener noreferrer\">Hidden Administrator<\/a>: a remote PC management tool<\/li>\n<li><a href=\"https:\/\/www.netop.com\/\">NetOp<\/a><\/li>\n<li><a href=\"https:\/\/www.netsupportmanager.com\/\" target=\"_blank\" rel=\"noopener noreferrer\">NetSupport Manager<\/a><\/li>\n<li><a href=\"https:\/\/www.radmin.nl\/\" target=\"_blank\" rel=\"noopener noreferrer\">Radmin<\/a><\/li>\n<li><a href=\"https:\/\/www.realvnc.com\/\" target=\"_blank\" rel=\"noopener noreferrer\">RealVNC<\/a><\/li>\n<li><a href=\"https:\/\/www.teamviewer.com\/\">TeamViewer (free for non commercial use)<\/a><\/li>\n<li><a href=\"https:\/\/www.tightvnc.com\/\">TightVNC<\/a>: free remote control software package<\/li>\n<li><a href=\"https:\/\/www.uvnc.com\/\">UltraVNS<\/a><\/li>\n<\/ul>\n<\/li>\n<\/ul>\n<span class=\"last-modified-timestamp\">Dec 4, 2025 @ 5:32 pm<\/span>\n","protected":false},"excerpt":{"rendered":"<p><span class=\"span-reading-time rt-reading-time\" style=\"display: block;\"><span class=\"rt-label rt-prefix\">Reading Time: <\/span> <span class=\"rt-time\"> 2<\/span> <span class=\"rt-label rt-postfix\">minutes<\/span><\/span>Administratie Datacare ExamineYou: examenmanagement Promptus SchoolFit Beheer aMember is a flexible membership and subscription management PHP script. Classter Clickedu, una herramienta de gesti\u00f3n acad\u00e9mica EDSO Guestlist: online event registration GQdalya es una plataforma digital para la gesti\u00f3n integral de centros educativos Informat Joomla componenten Joomlapolis: Community Builder LARS: Leerlingenbegeleiding Administratie<\/p>\n","protected":false},"author":1,"featured_media":0,"parent":494,"menu_order":0,"comment_status":"closed","ping_status":"closed","template":"","meta":{"iawp_total_views":3,"footnotes":"","_wp_rev_ctl_limit":""},"class_list":["post-614","page","type-page","status-publish","hentry"],"yoast_head":"<!-- This site is optimized with the Yoast SEO plugin v27.4 - https:\/\/yoast.com\/product\/yoast-seo-wordpress\/ -->\n<title>Administratie en beheer - hlrnet.com<\/title>\n<meta name=\"robots\" content=\"index, follow, max-snippet:-1, max-image-preview:large, max-video-preview:-1\" \/>\n<link rel=\"canonical\" href=\"https:\/\/hlrnet.com\/sites\/onderwijs\/administratie-en-beheer\/\" \/>\n<meta property=\"og:locale\" content=\"en_US\" \/>\n<meta property=\"og:type\" content=\"article\" \/>\n<meta property=\"og:title\" content=\"Administratie en beheer - hlrnet.com\" \/>\n<meta property=\"og:description\" content=\"Reading Time:  2 minutesAdministratie Datacare ExamineYou: examenmanagement Promptus SchoolFit Beheer aMember is a flexible membership and subscription management PHP script. Classter Clickedu, una herramienta de gesti\u00f3n acad\u00e9mica EDSO Guestlist: online event registration GQdalya es una plataforma digital para la gesti\u00f3n integral de centros educativos Informat Joomla componenten Joomlapolis: Community Builder LARS: Leerlingenbegeleiding Administratie\" \/>\n<meta property=\"og:url\" content=\"https:\/\/hlrnet.com\/sites\/onderwijs\/administratie-en-beheer\/\" \/>\n<meta property=\"og:site_name\" content=\"hlrnet.com\" \/>\n<meta property=\"article:modified_time\" content=\"2025-12-04T17:32:00+00:00\" \/>\n<meta name=\"twitter:card\" content=\"summary_large_image\" \/>\n<meta name=\"twitter:label1\" content=\"Est. reading time\" \/>\n\t<meta name=\"twitter:data1\" content=\"2 minutes\" \/>\n<script type=\"application\/ld+json\" class=\"yoast-schema-graph\">{\"@context\":\"https:\\\/\\\/schema.org\",\"@graph\":[{\"@type\":\"WebPage\",\"@id\":\"https:\\\/\\\/hlrnet.com\\\/sites\\\/onderwijs\\\/administratie-en-beheer\\\/\",\"url\":\"https:\\\/\\\/hlrnet.com\\\/sites\\\/onderwijs\\\/administratie-en-beheer\\\/\",\"name\":\"Administratie en beheer - hlrnet.com\",\"isPartOf\":{\"@id\":\"https:\\\/\\\/hlrnet.com\\\/sites\\\/#website\"},\"datePublished\":\"2018-04-09T13:00:26+00:00\",\"dateModified\":\"2025-12-04T17:32:00+00:00\",\"breadcrumb\":{\"@id\":\"https:\\\/\\\/hlrnet.com\\\/sites\\\/onderwijs\\\/administratie-en-beheer\\\/#breadcrumb\"},\"inLanguage\":\"en-US\",\"potentialAction\":[{\"@type\":\"ReadAction\",\"target\":[\"https:\\\/\\\/hlrnet.com\\\/sites\\\/onderwijs\\\/administratie-en-beheer\\\/\"]}]},{\"@type\":\"BreadcrumbList\",\"@id\":\"https:\\\/\\\/hlrnet.com\\\/sites\\\/onderwijs\\\/administratie-en-beheer\\\/#breadcrumb\",\"itemListElement\":[{\"@type\":\"ListItem\",\"position\":1,\"name\":\"Home\",\"item\":\"https:\\\/\\\/hlrnet.com\\\/sites\\\/\"},{\"@type\":\"ListItem\",\"position\":2,\"name\":\"Onderwijs\",\"item\":\"https:\\\/\\\/hlrnet.com\\\/sites\\\/onderwijs\\\/\"},{\"@type\":\"ListItem\",\"position\":3,\"name\":\"Administratie en beheer\"}]},{\"@type\":\"WebSite\",\"@id\":\"https:\\\/\\\/hlrnet.com\\\/sites\\\/#website\",\"url\":\"https:\\\/\\\/hlrnet.com\\\/sites\\\/\",\"name\":\"hlrnet.com\",\"description\":\"Hans Le Roy\",\"publisher\":{\"@id\":\"https:\\\/\\\/hlrnet.com\\\/sites\\\/#organization\"},\"potentialAction\":[{\"@type\":\"SearchAction\",\"target\":{\"@type\":\"EntryPoint\",\"urlTemplate\":\"https:\\\/\\\/hlrnet.com\\\/sites\\\/?s={search_term_string}\"},\"query-input\":{\"@type\":\"PropertyValueSpecification\",\"valueRequired\":true,\"valueName\":\"search_term_string\"}}],\"inLanguage\":\"en-US\"},{\"@type\":\"Organization\",\"@id\":\"https:\\\/\\\/hlrnet.com\\\/sites\\\/#organization\",\"name\":\"hlrnet.com\",\"url\":\"https:\\\/\\\/hlrnet.com\\\/sites\\\/\",\"logo\":{\"@type\":\"ImageObject\",\"inLanguage\":\"en-US\",\"@id\":\"https:\\\/\\\/hlrnet.com\\\/sites\\\/#\\\/schema\\\/logo\\\/image\\\/\",\"url\":\"https:\\\/\\\/hlrnet.com\\\/sites\\\/wp-content\\\/uploads\\\/2018\\\/04\\\/cropped-default512x512-trans-1.png\",\"contentUrl\":\"https:\\\/\\\/hlrnet.com\\\/sites\\\/wp-content\\\/uploads\\\/2018\\\/04\\\/cropped-default512x512-trans-1.png\",\"width\":512,\"height\":160,\"caption\":\"hlrnet.com\"},\"image\":{\"@id\":\"https:\\\/\\\/hlrnet.com\\\/sites\\\/#\\\/schema\\\/logo\\\/image\\\/\"}}]}<\/script>\n<!-- \/ Yoast SEO plugin. -->","yoast_head_json":{"title":"Administratie en beheer - hlrnet.com","robots":{"index":"index","follow":"follow","max-snippet":"max-snippet:-1","max-image-preview":"max-image-preview:large","max-video-preview":"max-video-preview:-1"},"canonical":"https:\/\/hlrnet.com\/sites\/onderwijs\/administratie-en-beheer\/","og_locale":"en_US","og_type":"article","og_title":"Administratie en beheer - hlrnet.com","og_description":"Reading Time:  2 minutesAdministratie Datacare ExamineYou: examenmanagement Promptus SchoolFit Beheer aMember is a flexible membership and subscription management PHP script. Classter Clickedu, una herramienta de gesti\u00f3n acad\u00e9mica EDSO Guestlist: online event registration GQdalya es una plataforma digital para la gesti\u00f3n integral de centros educativos Informat Joomla componenten Joomlapolis: Community Builder LARS: Leerlingenbegeleiding Administratie","og_url":"https:\/\/hlrnet.com\/sites\/onderwijs\/administratie-en-beheer\/","og_site_name":"hlrnet.com","article_modified_time":"2025-12-04T17:32:00+00:00","twitter_card":"summary_large_image","twitter_misc":{"Est. reading time":"2 minutes"},"schema":{"@context":"https:\/\/schema.org","@graph":[{"@type":"WebPage","@id":"https:\/\/hlrnet.com\/sites\/onderwijs\/administratie-en-beheer\/","url":"https:\/\/hlrnet.com\/sites\/onderwijs\/administratie-en-beheer\/","name":"Administratie en beheer - hlrnet.com","isPartOf":{"@id":"https:\/\/hlrnet.com\/sites\/#website"},"datePublished":"2018-04-09T13:00:26+00:00","dateModified":"2025-12-04T17:32:00+00:00","breadcrumb":{"@id":"https:\/\/hlrnet.com\/sites\/onderwijs\/administratie-en-beheer\/#breadcrumb"},"inLanguage":"en-US","potentialAction":[{"@type":"ReadAction","target":["https:\/\/hlrnet.com\/sites\/onderwijs\/administratie-en-beheer\/"]}]},{"@type":"BreadcrumbList","@id":"https:\/\/hlrnet.com\/sites\/onderwijs\/administratie-en-beheer\/#breadcrumb","itemListElement":[{"@type":"ListItem","position":1,"name":"Home","item":"https:\/\/hlrnet.com\/sites\/"},{"@type":"ListItem","position":2,"name":"Onderwijs","item":"https:\/\/hlrnet.com\/sites\/onderwijs\/"},{"@type":"ListItem","position":3,"name":"Administratie en beheer"}]},{"@type":"WebSite","@id":"https:\/\/hlrnet.com\/sites\/#website","url":"https:\/\/hlrnet.com\/sites\/","name":"hlrnet.com","description":"Hans Le Roy","publisher":{"@id":"https:\/\/hlrnet.com\/sites\/#organization"},"potentialAction":[{"@type":"SearchAction","target":{"@type":"EntryPoint","urlTemplate":"https:\/\/hlrnet.com\/sites\/?s={search_term_string}"},"query-input":{"@type":"PropertyValueSpecification","valueRequired":true,"valueName":"search_term_string"}}],"inLanguage":"en-US"},{"@type":"Organization","@id":"https:\/\/hlrnet.com\/sites\/#organization","name":"hlrnet.com","url":"https:\/\/hlrnet.com\/sites\/","logo":{"@type":"ImageObject","inLanguage":"en-US","@id":"https:\/\/hlrnet.com\/sites\/#\/schema\/logo\/image\/","url":"https:\/\/hlrnet.com\/sites\/wp-content\/uploads\/2018\/04\/cropped-default512x512-trans-1.png","contentUrl":"https:\/\/hlrnet.com\/sites\/wp-content\/uploads\/2018\/04\/cropped-default512x512-trans-1.png","width":512,"height":160,"caption":"hlrnet.com"},"image":{"@id":"https:\/\/hlrnet.com\/sites\/#\/schema\/logo\/image\/"}}]}},"publishpress_future_action":{"enabled":false,"date":"2026-05-02 07:10:41","action":"change-status","newStatus":"draft","terms":[],"taxonomy":"","extraData":[]},"publishpress_future_workflow_manual_trigger":{"enabledWorkflows":[]},"_links":{"self":[{"href":"https:\/\/hlrnet.com\/sites\/wp-json\/wp\/v2\/pages\/614","targetHints":{"allow":["GET"]}}],"collection":[{"href":"https:\/\/hlrnet.com\/sites\/wp-json\/wp\/v2\/pages"}],"about":[{"href":"https:\/\/hlrnet.com\/sites\/wp-json\/wp\/v2\/types\/page"}],"author":[{"embeddable":true,"href":"https:\/\/hlrnet.com\/sites\/wp-json\/wp\/v2\/users\/1"}],"replies":[{"embeddable":true,"href":"https:\/\/hlrnet.com\/sites\/wp-json\/wp\/v2\/comments?post=614"}],"version-history":[{"count":0,"href":"https:\/\/hlrnet.com\/sites\/wp-json\/wp\/v2\/pages\/614\/revisions"}],"up":[{"embeddable":true,"href":"https:\/\/hlrnet.com\/sites\/wp-json\/wp\/v2\/pages\/494"}],"wp:attachment":[{"href":"https:\/\/hlrnet.com\/sites\/wp-json\/wp\/v2\/media?parent=614"}],"curies":[{"name":"wp","href":"https:\/\/api.w.org\/{rel}","templated":true}]}}