{"id":610,"date":"2018-04-09T12:49:59","date_gmt":"2018-04-09T12:49:59","guid":{"rendered":"http:\/\/hlrnet.com\/sites\/?page_id=610"},"modified":"2025-01-19T17:37:21","modified_gmt":"2025-01-19T17:37:21","slug":"buitengewoon-onderwijs","status":"publish","type":"page","link":"https:\/\/hlrnet.com\/sites\/onderwijs\/buitengewoon-onderwijs\/","title":{"rendered":"Bijzonder onderwijs"},"content":{"rendered":"<span class=\"span-reading-time rt-reading-time\" style=\"display: block;\"><span class=\"rt-label rt-prefix\">Reading Time: <\/span> <span class=\"rt-time\"> &lt; 1<\/span> <span class=\"rt-label rt-postfix\">minute<\/span><\/span><ul>\n<li><a href=\"https:\/\/www.anysurfer.be\/\">Anysurfer<\/a><\/li>\n<li><a href=\"https:\/\/www.balansdigitaal.nl\/\">Balans: vereniging voor ouders van kinderen met leer-, ontwikeklings- en gedragsproblemen<\/a><\/li>\n<li><a href=\"https:\/\/www.bednet.be\/\" target=\"_blank\" rel=\"noopener noreferrer\">Bednet<\/a>: virtuele leeromgeving om leerachterstand te vermijden bij langdurig zieke kinderen.<\/li>\n<li><a href=\"https:\/\/pasoapaso.com.ve\/\" target=\"_blank\" rel=\"noopener noreferrer\">Fundaci\u00f3n Paso a Paso: discapacidad y apoyo<\/a><\/li>\n<li>Gebarentaal\n<ul>\n<li><a href=\"https:\/\/www.vgtc.be\">Vlaams GebarentaalCentrum<\/a><\/li>\n<li><a href=\"https:\/\/woordenboek.vlaamsegebarentaal.be\/\">WoordenboekNederlands &#8211; Vlaamse gebarentaal<\/a><\/li>\n<\/ul>\n<\/li>\n<li><a href=\"https:\/\/gezinenhandicap.tripod.com\/\" target=\"_blank\" rel=\"noopener noreferrer\">Gezin &amp; Handicap<\/a><\/li>\n<li>Hardware\n<ul>\n<li><a href=\"https:\/\/www.hulpmiddeleninfo.be\">Hulpmiddeleninfo<\/a><\/li>\n<li><a href=\"https:\/\/www.jabbla.com\">Jabbla devices<\/a><\/li>\n<\/ul>\n<\/li>\n<li><a href=\"https:\/\/www.lobo.nl\/\" target=\"_blank\" rel=\"noopener noreferrer\">Landelijke Oudervereniging Bijzonder Onderwijs<\/a><\/li>\n<li><a href=\"https:\/\/www.modemadvies.be\/\">MODEM communicatie- en computercentrum<\/a><\/li>\n<li><a href=\"https:\/\/ldaamerica.org\/\" target=\"_blank\" rel=\"noopener noreferrer\">Learning Disabilities Association of America<\/a><\/li>\n<li><a href=\"https:\/\/www.blindenzorglichtenliefde.be\/\" target=\"_blank\" rel=\"noopener noreferrer\">Licht en liefde<\/a><\/li>\n<li><a href=\"https:\/\/www.ldonline.org\/\" target=\"_blank\" rel=\"noopener noreferrer\">LD OnLine<\/a>: Learning Disabilities Information &amp; Resources<\/li>\n<li><a href=\"https:\/\/www.ncld.org\/\" target=\"_blank\" rel=\"noopener noreferrer\">National Center for Learning Disabilities<\/a><\/li>\n<li><a href=\"https:\/\/www.opvoedadvies.nl\/\" target=\"_blank\" rel=\"noopener noreferrer\">Opvoedadvies.nl<\/a><\/li>\n<li>Pictogrammen\n<ul>\n<li><a href=\"https:\/\/www.betasymbols.com\/\">Beta: spreken met prenten<\/a><\/li>\n<li><a href=\"https:\/\/www.imaginesymbols.com\/\">Imagine symbols<\/a><\/li>\n<li><a href=\"https:\/\/www.pictoselector.eu\/\">Pictoselector<\/a><\/li>\n<li><a href=\"https:\/\/www.sclera.be\">Sclera<\/a>: pictogrammen (gratis), visualisaties en vorming<\/li>\n<li><a href=\"https:\/\/www.symbolensoftware.nl\/\">Symbolen software<\/a><\/li>\n<li><a href=\"https:\/\/www.visitaal.nl\/\">Visitaal<\/a><\/li>\n<\/ul>\n<\/li>\n<li><a href=\"https:\/\/www.prodiagnostiek.be\/\">Prodiagnostiek<\/a><\/li>\n<li><a href=\"https:\/\/www.handicap.gouv.fr\/\" target=\"_blank\" rel=\"noopener noreferrer\">Secr\u00e9tariat d&#8217;\u00c9tat aux personnes handicap\u00e9es<\/a> (FR)<\/li>\n<li><a href=\"https:\/\/www.sig-net.be\/\">SIG &#8211; Sterk in Grenzen verleggen<\/a><\/li>\n<li><a href=\"https:\/\/www.simonodil.com\/\">Simon &amp; Odil<\/a>: een site voor zieke kinderen<\/li>\n<li>Software\n<ul>\n<li><a href=\"https:\/\/www.letop.be\/projecten\/digibib\">Digibib<\/a>: digitale boeken voor kinderen met een leeshandicap<\/li>\n<li><a href=\"https:\/\/www.edupro.nl\/\">Edupro<\/a><\/li>\n<li><a href=\"https:\/\/www.lexima.nl\/\">Lexima<\/a>: beter lezen en leren<\/li>\n<li><a href=\"https:\/\/www.sensotec.be\/\">Sensotec<\/a>: dyslexie, braille-low vision<\/li>\n<li><a href=\"https:\/\/www.textease.com\/\">Textease<\/a><\/li>\n<li><a href=\"https:\/\/www.widgit.com\">Widgit<\/a>: software solutions for inclusion<\/li>\n<\/ul>\n<\/li>\n<li>Software voor administratie en opvolging\n<ul>\n<li><a href=\"https:\/\/www.integrado.be\/\">Integrado<\/a>: opvolgingssoftware<\/li>\n<li><a href=\"https:\/\/www.questi.com\/\">Quest<\/a><\/li>\n<li><a href=\"https:\/\/volg.be\/\">Volg LVS<\/a><\/li>\n<\/ul>\n<\/li>\n<li><a href=\"https:\/\/www.uitgeverijpica.nl\/\">Uitgeverij Pica<\/a>: onderwijs, leer- en hulpmiddelen, leer- en<br \/>\nontwikkelingsstoornissen<\/li>\n<li>Verenigingen\n<ul>\n<li><a href=\"https:\/\/www.sprankel.be\/\" target=\"_blank\" rel=\"noopener noreferrer\">Sprankel<\/a>: vereniging voor ouders van kinderen met leerproblemen<\/li>\n<li><a href=\"https:\/\/www.tourette.be\/\" target=\"_blank\" rel=\"noopener noreferrer\">Vlaamse Vereniging Gilles de la Tourette<\/a><\/li>\n<\/ul>\n<\/li>\n<li>Voor mensen met beperkingen\n<ul>\n<li><a href=\"https:\/\/www.letop.be\/\" target=\"_blank\" rel=\"noopener noreferrer\">Let op: eerste hulp bij leerstoornissen<\/a><\/li>\n<li><a href=\"https:\/\/www.wai-not.org\/\" target=\"_blank\" rel=\"noopener noreferrer\">Wai-not: activiteiten voor jongeren<\/a><\/li>\n<\/ul>\n<ul>\n<li><a href=\"https:\/\/www.zitstil.be\/\" target=\"_blank\" rel=\"noopener noreferrer\">Zitstil.be (ADHD)<\/a><\/li>\n<\/ul>\n<\/li>\n<\/ul>\n<span class=\"last-modified-timestamp\">Jan 19, 2025 @ 5:37 pm<\/span>\n","protected":false},"excerpt":{"rendered":"<p><span class=\"span-reading-time rt-reading-time\" style=\"display: block;\"><span class=\"rt-label rt-prefix\">Reading Time: <\/span> <span class=\"rt-time\"> &lt; 1<\/span> <span class=\"rt-label rt-postfix\">minute<\/span><\/span>Anysurfer Balans: vereniging voor ouders van kinderen met leer-, ontwikeklings- en gedragsproblemen Bednet: virtuele leeromgeving om leerachterstand te vermijden bij langdurig zieke kinderen. Fundaci\u00f3n Paso a Paso: discapacidad y apoyo Gebarentaal Vlaams GebarentaalCentrum WoordenboekNederlands &#8211; Vlaamse gebarentaal Gezin &amp; Handicap Hardware Hulpmiddeleninfo Jabbla devices Landelijke Oudervereniging Bijzonder Onderwijs MODEM communicatie-<\/p>\n","protected":false},"author":1,"featured_media":0,"parent":494,"menu_order":0,"comment_status":"closed","ping_status":"closed","template":"","meta":{"iawp_total_views":5,"footnotes":"","_wp_rev_ctl_limit":""},"class_list":["post-610","page","type-page","status-publish","hentry"],"yoast_head":"<!-- This site is optimized with the Yoast SEO plugin v27.4 - https:\/\/yoast.com\/product\/yoast-seo-wordpress\/ -->\n<title>Bijzonder onderwijs - hlrnet.com<\/title>\n<meta name=\"robots\" content=\"index, follow, max-snippet:-1, max-image-preview:large, max-video-preview:-1\" \/>\n<link rel=\"canonical\" href=\"https:\/\/hlrnet.com\/sites\/onderwijs\/buitengewoon-onderwijs\/\" \/>\n<meta property=\"og:locale\" content=\"en_US\" \/>\n<meta property=\"og:type\" content=\"article\" \/>\n<meta property=\"og:title\" content=\"Bijzonder onderwijs - hlrnet.com\" \/>\n<meta property=\"og:description\" content=\"Reading Time:  &lt; 1 minuteAnysurfer Balans: vereniging voor ouders van kinderen met leer-, ontwikeklings- en gedragsproblemen Bednet: virtuele leeromgeving om leerachterstand te vermijden bij langdurig zieke kinderen. Fundaci\u00f3n Paso a Paso: discapacidad y apoyo Gebarentaal Vlaams GebarentaalCentrum WoordenboekNederlands &#8211; Vlaamse gebarentaal Gezin &amp; Handicap Hardware Hulpmiddeleninfo Jabbla devices Landelijke Oudervereniging Bijzonder Onderwijs MODEM communicatie-\" \/>\n<meta property=\"og:url\" content=\"https:\/\/hlrnet.com\/sites\/onderwijs\/buitengewoon-onderwijs\/\" \/>\n<meta property=\"og:site_name\" content=\"hlrnet.com\" \/>\n<meta property=\"article:modified_time\" content=\"2025-01-19T17:37:21+00:00\" \/>\n<meta name=\"twitter:card\" content=\"summary_large_image\" \/>\n<meta name=\"twitter:label1\" content=\"Est. reading time\" \/>\n\t<meta name=\"twitter:data1\" content=\"1 minute\" \/>\n<script type=\"application\/ld+json\" class=\"yoast-schema-graph\">{\"@context\":\"https:\\\/\\\/schema.org\",\"@graph\":[{\"@type\":\"WebPage\",\"@id\":\"https:\\\/\\\/hlrnet.com\\\/sites\\\/onderwijs\\\/buitengewoon-onderwijs\\\/\",\"url\":\"https:\\\/\\\/hlrnet.com\\\/sites\\\/onderwijs\\\/buitengewoon-onderwijs\\\/\",\"name\":\"Bijzonder onderwijs - hlrnet.com\",\"isPartOf\":{\"@id\":\"https:\\\/\\\/hlrnet.com\\\/sites\\\/#website\"},\"datePublished\":\"2018-04-09T12:49:59+00:00\",\"dateModified\":\"2025-01-19T17:37:21+00:00\",\"breadcrumb\":{\"@id\":\"https:\\\/\\\/hlrnet.com\\\/sites\\\/onderwijs\\\/buitengewoon-onderwijs\\\/#breadcrumb\"},\"inLanguage\":\"en-US\",\"potentialAction\":[{\"@type\":\"ReadAction\",\"target\":[\"https:\\\/\\\/hlrnet.com\\\/sites\\\/onderwijs\\\/buitengewoon-onderwijs\\\/\"]}]},{\"@type\":\"BreadcrumbList\",\"@id\":\"https:\\\/\\\/hlrnet.com\\\/sites\\\/onderwijs\\\/buitengewoon-onderwijs\\\/#breadcrumb\",\"itemListElement\":[{\"@type\":\"ListItem\",\"position\":1,\"name\":\"Home\",\"item\":\"https:\\\/\\\/hlrnet.com\\\/sites\\\/\"},{\"@type\":\"ListItem\",\"position\":2,\"name\":\"Onderwijs\",\"item\":\"https:\\\/\\\/hlrnet.com\\\/sites\\\/onderwijs\\\/\"},{\"@type\":\"ListItem\",\"position\":3,\"name\":\"Bijzonder onderwijs\"}]},{\"@type\":\"WebSite\",\"@id\":\"https:\\\/\\\/hlrnet.com\\\/sites\\\/#website\",\"url\":\"https:\\\/\\\/hlrnet.com\\\/sites\\\/\",\"name\":\"hlrnet.com\",\"description\":\"Hans Le Roy\",\"publisher\":{\"@id\":\"https:\\\/\\\/hlrnet.com\\\/sites\\\/#organization\"},\"potentialAction\":[{\"@type\":\"SearchAction\",\"target\":{\"@type\":\"EntryPoint\",\"urlTemplate\":\"https:\\\/\\\/hlrnet.com\\\/sites\\\/?s={search_term_string}\"},\"query-input\":{\"@type\":\"PropertyValueSpecification\",\"valueRequired\":true,\"valueName\":\"search_term_string\"}}],\"inLanguage\":\"en-US\"},{\"@type\":\"Organization\",\"@id\":\"https:\\\/\\\/hlrnet.com\\\/sites\\\/#organization\",\"name\":\"hlrnet.com\",\"url\":\"https:\\\/\\\/hlrnet.com\\\/sites\\\/\",\"logo\":{\"@type\":\"ImageObject\",\"inLanguage\":\"en-US\",\"@id\":\"https:\\\/\\\/hlrnet.com\\\/sites\\\/#\\\/schema\\\/logo\\\/image\\\/\",\"url\":\"https:\\\/\\\/hlrnet.com\\\/sites\\\/wp-content\\\/uploads\\\/2018\\\/04\\\/cropped-default512x512-trans-1.png\",\"contentUrl\":\"https:\\\/\\\/hlrnet.com\\\/sites\\\/wp-content\\\/uploads\\\/2018\\\/04\\\/cropped-default512x512-trans-1.png\",\"width\":512,\"height\":160,\"caption\":\"hlrnet.com\"},\"image\":{\"@id\":\"https:\\\/\\\/hlrnet.com\\\/sites\\\/#\\\/schema\\\/logo\\\/image\\\/\"}}]}<\/script>\n<!-- \/ Yoast SEO plugin. -->","yoast_head_json":{"title":"Bijzonder onderwijs - hlrnet.com","robots":{"index":"index","follow":"follow","max-snippet":"max-snippet:-1","max-image-preview":"max-image-preview:large","max-video-preview":"max-video-preview:-1"},"canonical":"https:\/\/hlrnet.com\/sites\/onderwijs\/buitengewoon-onderwijs\/","og_locale":"en_US","og_type":"article","og_title":"Bijzonder onderwijs - hlrnet.com","og_description":"Reading Time:  &lt; 1 minuteAnysurfer Balans: vereniging voor ouders van kinderen met leer-, ontwikeklings- en gedragsproblemen Bednet: virtuele leeromgeving om leerachterstand te vermijden bij langdurig zieke kinderen. Fundaci\u00f3n Paso a Paso: discapacidad y apoyo Gebarentaal Vlaams GebarentaalCentrum WoordenboekNederlands &#8211; Vlaamse gebarentaal Gezin &amp; Handicap Hardware Hulpmiddeleninfo Jabbla devices Landelijke Oudervereniging Bijzonder Onderwijs MODEM communicatie-","og_url":"https:\/\/hlrnet.com\/sites\/onderwijs\/buitengewoon-onderwijs\/","og_site_name":"hlrnet.com","article_modified_time":"2025-01-19T17:37:21+00:00","twitter_card":"summary_large_image","twitter_misc":{"Est. reading time":"1 minute"},"schema":{"@context":"https:\/\/schema.org","@graph":[{"@type":"WebPage","@id":"https:\/\/hlrnet.com\/sites\/onderwijs\/buitengewoon-onderwijs\/","url":"https:\/\/hlrnet.com\/sites\/onderwijs\/buitengewoon-onderwijs\/","name":"Bijzonder onderwijs - hlrnet.com","isPartOf":{"@id":"https:\/\/hlrnet.com\/sites\/#website"},"datePublished":"2018-04-09T12:49:59+00:00","dateModified":"2025-01-19T17:37:21+00:00","breadcrumb":{"@id":"https:\/\/hlrnet.com\/sites\/onderwijs\/buitengewoon-onderwijs\/#breadcrumb"},"inLanguage":"en-US","potentialAction":[{"@type":"ReadAction","target":["https:\/\/hlrnet.com\/sites\/onderwijs\/buitengewoon-onderwijs\/"]}]},{"@type":"BreadcrumbList","@id":"https:\/\/hlrnet.com\/sites\/onderwijs\/buitengewoon-onderwijs\/#breadcrumb","itemListElement":[{"@type":"ListItem","position":1,"name":"Home","item":"https:\/\/hlrnet.com\/sites\/"},{"@type":"ListItem","position":2,"name":"Onderwijs","item":"https:\/\/hlrnet.com\/sites\/onderwijs\/"},{"@type":"ListItem","position":3,"name":"Bijzonder onderwijs"}]},{"@type":"WebSite","@id":"https:\/\/hlrnet.com\/sites\/#website","url":"https:\/\/hlrnet.com\/sites\/","name":"hlrnet.com","description":"Hans Le Roy","publisher":{"@id":"https:\/\/hlrnet.com\/sites\/#organization"},"potentialAction":[{"@type":"SearchAction","target":{"@type":"EntryPoint","urlTemplate":"https:\/\/hlrnet.com\/sites\/?s={search_term_string}"},"query-input":{"@type":"PropertyValueSpecification","valueRequired":true,"valueName":"search_term_string"}}],"inLanguage":"en-US"},{"@type":"Organization","@id":"https:\/\/hlrnet.com\/sites\/#organization","name":"hlrnet.com","url":"https:\/\/hlrnet.com\/sites\/","logo":{"@type":"ImageObject","inLanguage":"en-US","@id":"https:\/\/hlrnet.com\/sites\/#\/schema\/logo\/image\/","url":"https:\/\/hlrnet.com\/sites\/wp-content\/uploads\/2018\/04\/cropped-default512x512-trans-1.png","contentUrl":"https:\/\/hlrnet.com\/sites\/wp-content\/uploads\/2018\/04\/cropped-default512x512-trans-1.png","width":512,"height":160,"caption":"hlrnet.com"},"image":{"@id":"https:\/\/hlrnet.com\/sites\/#\/schema\/logo\/image\/"}}]}},"publishpress_future_action":{"enabled":false,"date":"2026-05-01 23:55:24","action":"change-status","newStatus":"draft","terms":[],"taxonomy":"","extraData":[]},"publishpress_future_workflow_manual_trigger":{"enabledWorkflows":[]},"_links":{"self":[{"href":"https:\/\/hlrnet.com\/sites\/wp-json\/wp\/v2\/pages\/610","targetHints":{"allow":["GET"]}}],"collection":[{"href":"https:\/\/hlrnet.com\/sites\/wp-json\/wp\/v2\/pages"}],"about":[{"href":"https:\/\/hlrnet.com\/sites\/wp-json\/wp\/v2\/types\/page"}],"author":[{"embeddable":true,"href":"https:\/\/hlrnet.com\/sites\/wp-json\/wp\/v2\/users\/1"}],"replies":[{"embeddable":true,"href":"https:\/\/hlrnet.com\/sites\/wp-json\/wp\/v2\/comments?post=610"}],"version-history":[{"count":0,"href":"https:\/\/hlrnet.com\/sites\/wp-json\/wp\/v2\/pages\/610\/revisions"}],"up":[{"embeddable":true,"href":"https:\/\/hlrnet.com\/sites\/wp-json\/wp\/v2\/pages\/494"}],"wp:attachment":[{"href":"https:\/\/hlrnet.com\/sites\/wp-json\/wp\/v2\/media?parent=610"}],"curies":[{"name":"wp","href":"https:\/\/api.w.org\/{rel}","templated":true}]}}