{"id":593,"date":"2018-04-09T12:22:44","date_gmt":"2018-04-09T12:22:44","guid":{"rendered":"http:\/\/hlrnet.com\/sites\/?page_id=593"},"modified":"2025-12-29T16:13:36","modified_gmt":"2025-12-29T16:13:36","slug":"hoger-onderwijs","status":"publish","type":"page","link":"https:\/\/hlrnet.com\/sites\/onderwijs\/hoger-onderwijs\/","title":{"rendered":"Hoger onderwijs"},"content":{"rendered":"<span class=\"span-reading-time rt-reading-time\" style=\"display: block;\"><span class=\"rt-label rt-prefix\">Reading Time: <\/span> <span class=\"rt-time\"> 2<\/span> <span class=\"rt-label rt-postfix\">minutes<\/span><\/span><ul>\n<li><a href=\"https:\/\/www.academia.edu\/\">Academia.edu<\/a>: facebook for higher education<\/li>\n<li><a href=\"https:\/\/academicjobs.wikia.com\/\">Academic Jobs wiki<\/a><\/li>\n<li><a href=\"https:\/\/www.apsytude.com\/\">aPSYtude<\/a>: bien vivre ses \u00e9tudes<\/li>\n<li><a href=\"https:\/\/www.blikopener.vlaanderen\/\">Blikopener<\/a>: hogescholen partners in innovatie<\/li>\n<li><a href=\"https:\/\/www.cediep.be\/\">CEDIEP &#8211; Centre de Documentation et d&#8217;Information sur les Etudes et les Professions<\/a><\/li>\n<li><a href=\"https:\/\/www.cognitie.nl\">Cognitie.nl<\/a><\/li>\n<li><a href=\"https:\/\/onderwijs.vlaanderen.be\/\">Departement Onderwijs<\/a><\/li>\n<li><a href=\"https:\/\/differentierenomteleren.be\/\">Differenti\u00ebren om te leren<\/a>: differenti\u00ebren in het hoger onderwijs<\/li>\n<li><a href=\"https:\/\/www.doks.be\/\" target=\"_blank\" rel=\"noopener noreferrer\">DoKS: Eindwerkportaal Vlaamse Hogescholen<\/a><\/li>\n<li><a href=\"https:\/\/www.ehon.nl\/\">EHON: Expertisenetwerk Hoger Onderwijs<\/a><\/li>\n<li><a href=\"https:\/\/www.erudit.org\/\">Erudit<\/a>: promouvoir et diffuser la recherche universitaire<\/li>\n<li><a href=\"https:\/\/www.ethesis.net\">e-thesis<\/a>: licentiaatsverhandelingen online<\/li>\n<li><a href=\"https:\/\/eureco.easpd.eu\/\">Eureco<\/a>: European collaboration platform of academic researchers and service providers working on inclusive community planning and development in the perspective of the UN Convention on the Rights of Persons with Disabilities (UN CRPD)<\/li>\n<li><a href=\"https:\/\/onderwijs.vlaanderen.be\/\" target=\"_blank\" rel=\"noopener noreferrer\">Hoger onderwijs in Vlaanderen<\/a><\/li>\n<li><a href=\"https:\/\/www.hogeronderwijsregister.be\/\" target=\"_blank\" rel=\"noopener noreferrer\">Hoger onderwijs register<\/a> <a href=\"https:\/\/www.integrand.nl\/\">Integrand<\/a>: stageplaatsen voor hoger onderwijs in Nederland<\/li>\n<li><a href=\"https:\/\/www.iaeste.org\/\">International Association for the Exchange of Students for Technical Experience<\/a> (<a href=\"https:\/\/www.iaeste.be\/\">BE<\/a>)<\/li>\n<li>Lesmateriaal\n<ul>\n<li><a href=\"https:\/\/www.merlot.org\/\">Merlot<\/a>: peer reviewed online teaching and learning materials<\/li>\n<li><a href=\"https:\/\/www.oercommons.org\">OERCommons<\/a>: open educational resources<\/li>\n<li><a href=\"https:\/\/www.ocwconsortium.org\">Open Courseware Consortium<\/a><\/li>\n<li><a href=\"https:\/\/oyc.yale.edu\/\">Open Yale courses<\/a><\/li>\n<li><a href=\"https:\/\/en.wikiversity.org\">Wikiversity<\/a><\/li>\n<\/ul>\n<\/li>\n<li><a href=\"https:\/\/www.masterstudies.com\/\">Masterstudies<\/a><\/li>\n<li><a href=\"https:\/\/moodspace.be\/nl\">Moodspace<\/a>: check en douwtje in de rug voor de mentale gezondheid van studenten<\/li>\n<li><a href=\"https:\/\/www.naricvlaanderen.be\/\">Naric Vlaanderen<\/a>: erkenning buitenlandse diploma&#8217;s, erkenning Vlaams diploma in het buitenland<\/li>\n<li>Nascholingen &#8211; permanente vorming\n<ul>\n<li><a href=\"https:\/\/www.kuleuven.be\/samenwerking\/avlnascholingen\">AVL (Leuven)<\/a><\/li>\n<li><a href=\"https:\/\/www.formation-continue.be\/\">Formation continue (Li\u00e8ge)<\/a><\/li>\n<li><a href=\"https:\/\/www.nascholing.be\">Nascholing.be (VSKO)<\/a><\/li>\n<\/ul>\n<\/li>\n<li><a href=\"https:\/\/www.onderwijskiezer.be\/\">Onderwijskiezer<\/a>: hulp bij studiekeuze<\/li>\n<li><a href=\"https:\/\/www.narcis.nl\/\" target=\"_blank\" rel=\"noopener noreferrer\">Onderzoeksinformatie.nl (NARCIS)<\/a><\/li>\n<li><a href=\"https:\/\/www.researchpaper.com\" target=\"_blank\" rel=\"noopener noreferrer\">Research Paper<\/a><\/li>\n<li><a href=\"https:\/\/www.scienceguide.nl\">Scienceguide.nl<\/a><\/li>\n<li><a href=\"https:\/\/siho.be\/\">Steunpunt Inclusief Hoger Onderwijs<\/a><\/li>\n<li><a href=\"https:\/\/www.studiant.be\/\" target=\"_blank\" rel=\"noopener noreferrer\">Studiant<\/a>: studiekeuze, clubs, studentenjobs, &#8230;<\/li>\n<li><a href=\"https:\/\/www.studocu.com\/\">StuDocu<\/a>: samenvattingen, oude examenvragen, &#8230;<\/li>\n<li><a href=\"https:\/\/www.studyinflanders.be\">Study in Flanders<\/a><\/li>\n<li>Tijdschriften &#8211; Journals\n<ul>\n<li><a href=\"https:\/\/link.springer.com\/journal\/10734\">Higher Education<\/a><\/li>\n<li><a href=\"https:\/\/www.sciedupress.com\/journal\/index.php\/ijhe\">International Journal of Higher Education<\/a><\/li>\n<li><a href=\"https:\/\/www.tandfonline.com\/loi\/uhej20\">The Journal of Higher Education<\/a><\/li>\n<li><a href=\"https:\/\/www.degruyter.com\/view\/j\/cercles\">Language Learning in Higher Education<\/a><\/li>\n<\/ul>\n<\/li>\n<li>Tools voor de start\n<ul>\n<li><a href=\"https:\/\/www.kuleuven.be\/luci\/\">LUCI: Leuvens Universitair Competentie Instrument<\/a><\/li>\n<\/ul>\n<\/li>\n<li>Uitwisselingen\n<ul>\n<li>Erasmus+<\/li>\n<li><a href=\"https:\/\/erasmusprogramme.com\/\">Erasmus programme<\/a><\/li>\n<li><a href=\"https:\/\/euraxess.ec.europa.eu\/\">EURAXESS<\/a> &#8211; Researchers in Motion is a unique pan-European initiative delivering information and support services to professional researchers. Backed by the European Union and its Member States, it supports researcher mobility and career development, while enhancing scientific collaboration between Europe and the world.<\/li>\n<li><a href=\"https:\/\/esn.org\/erasmus\">International Exchange Erasmus Student Network<\/a><\/li>\n<\/ul>\n<\/li>\n<li><a href=\"https:\/\/unibuddy.com\/\">Unibuddy Student-to-student recruitment at scale<\/a><\/li>\n<li><a href=\"https:\/\/www.scriptiebank.be\/\">Vlaamse Scriptiebank<\/a>\n<ul>\n<li><a href=\"https:\/\/scriptieprijs.be\">Scriptieprijs<\/a><\/li>\n<\/ul>\n<\/li>\n<li><a href=\"https:\/\/www.velon.nl\/\" target=\"_blank\" rel=\"noopener noreferrer\">VELON: Vereniging Lerarenopleiders Nederland<\/a><\/li>\n<li><a href=\"https:\/\/velov.wordpress.com\/\" target=\"_blank\" rel=\"noopener noreferrer\">VELOV &#8211; Vereniging van Vlaamse Lerarenopleiders<\/a><\/li>\n<li><a href=\"https:\/\/vlaamsekwalificatiestructuur.be\/\">Vlaamse kwalificatieniveaus<\/a><\/li>\n<li><a href=\"https:\/\/www.vluhr.be\/\" target=\"_blank\" rel=\"noopener noreferrer\">VLUHR &#8211; Vlaamse Universiteiten en Hogescholen Raad<\/a><\/li>\n<li><a href=\"https:\/\/www.vlir.be\/\" target=\"_blank\" rel=\"noopener noreferrer\">VLIR &#8211; Vlaamse Interuniversitaire raad<\/a><\/li>\n<li><a href=\"https:\/\/www.vvs.ac\/\" target=\"_blank\" rel=\"noopener noreferrer\">VVS &#8211; Vlaamse Vereniging van Studenten<\/a><\/li>\n<li><a href=\"https:\/\/www.universitysurf.net\">UniversitySurf<\/a>: s&#8217;adresse aux \u00e9tudiants et aux enseignants de l&#8217;enseignement sup\u00e9rieur pour leur procurer les ressources p\u00e9dagogiques n\u00e9cessaires en acc\u00e8s libre et gratuit \u00e0 un cursus dans l&#8217;enseignement<\/li>\n<li><a href=\"https:\/\/worldskillsnetherlands.nl\/\">Worldskills Netherlands<\/a><\/li>\n<li><a href=\"https:\/\/www.zinnigestages.nl\/\">Zinnige Stages<\/a> (NL)<\/li>\n<li>Microsoft initiatieven\n<ul>\n<li><a href=\"https:\/\/www.escde.net\/\" target=\"_blank\" rel=\"noopener noreferrer\">Education Support Centre Germany<\/a><\/li>\n<li><a href=\"https:\/\/www.microsoft.com\/education\/\" target=\"_blank\" rel=\"noopener noreferrer\">Microsoft Education<\/a><\/li>\n<li><a href=\"https:\/\/research.microsoft.com\/\" target=\"_blank\" rel=\"noopener noreferrer\">Microsoft Research<\/a><\/li>\n<\/ul>\n<\/li>\n<li>Software en meer voor studenten en docenten\n<ul>\n<li><a href=\"https:\/\/www.signpost.be\">Signpost<\/a><\/li>\n<\/ul>\n<\/li>\n<\/ul>\n<span class=\"last-modified-timestamp\">Dec 29, 2025 @ 4:13 pm<\/span>\n","protected":false},"excerpt":{"rendered":"<p><span class=\"span-reading-time rt-reading-time\" style=\"display: block;\"><span class=\"rt-label rt-prefix\">Reading Time: <\/span> <span class=\"rt-time\"> 2<\/span> <span class=\"rt-label rt-postfix\">minutes<\/span><\/span><a href=\"http:\/\/Academia.edu\" class=\"autohyperlink\">Academia.edu<\/a>: facebook for higher education Academic Jobs wiki aPSYtude: bien vivre ses \u00e9tudes Blikopener: hogescholen partners in innovatie CEDIEP &#8211; Centre de Documentation et d&#8217;Information sur les Etudes et les Professions Cognitie.nl Departement Onderwijs Differenti\u00ebren om te leren: differenti\u00ebren in het hoger onderwijs DoKS: Eindwerkportaal Vlaamse Hogescholen EHON: Expertisenetwerk Hoger<\/p>\n","protected":false},"author":1,"featured_media":0,"parent":494,"menu_order":0,"comment_status":"closed","ping_status":"closed","template":"","meta":{"iawp_total_views":10,"footnotes":"","_wp_rev_ctl_limit":""},"class_list":["post-593","page","type-page","status-publish","hentry"],"yoast_head":"<!-- This site is optimized with the Yoast SEO plugin v27.4 - https:\/\/yoast.com\/product\/yoast-seo-wordpress\/ -->\n<title>Hoger onderwijs - hlrnet.com<\/title>\n<meta name=\"robots\" content=\"index, follow, max-snippet:-1, max-image-preview:large, max-video-preview:-1\" \/>\n<link rel=\"canonical\" href=\"https:\/\/hlrnet.com\/sites\/onderwijs\/hoger-onderwijs\/\" \/>\n<meta property=\"og:locale\" content=\"en_US\" \/>\n<meta property=\"og:type\" content=\"article\" \/>\n<meta property=\"og:title\" content=\"Hoger onderwijs - hlrnet.com\" \/>\n<meta property=\"og:description\" content=\"Reading Time:  2 minutesAcademia.edu: facebook for higher education Academic Jobs wiki aPSYtude: bien vivre ses \u00e9tudes Blikopener: hogescholen partners in innovatie CEDIEP &#8211; Centre de Documentation et d&#8217;Information sur les Etudes et les Professions Cognitie.nl Departement Onderwijs Differenti\u00ebren om te leren: differenti\u00ebren in het hoger onderwijs DoKS: Eindwerkportaal Vlaamse Hogescholen EHON: Expertisenetwerk Hoger\" \/>\n<meta property=\"og:url\" content=\"https:\/\/hlrnet.com\/sites\/onderwijs\/hoger-onderwijs\/\" \/>\n<meta property=\"og:site_name\" content=\"hlrnet.com\" \/>\n<meta property=\"article:modified_time\" content=\"2025-12-29T16:13:36+00:00\" \/>\n<meta name=\"twitter:card\" content=\"summary_large_image\" \/>\n<meta name=\"twitter:label1\" content=\"Est. reading time\" \/>\n\t<meta name=\"twitter:data1\" content=\"2 minutes\" \/>\n<script type=\"application\/ld+json\" class=\"yoast-schema-graph\">{\"@context\":\"https:\\\/\\\/schema.org\",\"@graph\":[{\"@type\":\"WebPage\",\"@id\":\"https:\\\/\\\/hlrnet.com\\\/sites\\\/onderwijs\\\/hoger-onderwijs\\\/\",\"url\":\"https:\\\/\\\/hlrnet.com\\\/sites\\\/onderwijs\\\/hoger-onderwijs\\\/\",\"name\":\"Hoger onderwijs - hlrnet.com\",\"isPartOf\":{\"@id\":\"https:\\\/\\\/hlrnet.com\\\/sites\\\/#website\"},\"datePublished\":\"2018-04-09T12:22:44+00:00\",\"dateModified\":\"2025-12-29T16:13:36+00:00\",\"breadcrumb\":{\"@id\":\"https:\\\/\\\/hlrnet.com\\\/sites\\\/onderwijs\\\/hoger-onderwijs\\\/#breadcrumb\"},\"inLanguage\":\"en-US\",\"potentialAction\":[{\"@type\":\"ReadAction\",\"target\":[\"https:\\\/\\\/hlrnet.com\\\/sites\\\/onderwijs\\\/hoger-onderwijs\\\/\"]}]},{\"@type\":\"BreadcrumbList\",\"@id\":\"https:\\\/\\\/hlrnet.com\\\/sites\\\/onderwijs\\\/hoger-onderwijs\\\/#breadcrumb\",\"itemListElement\":[{\"@type\":\"ListItem\",\"position\":1,\"name\":\"Home\",\"item\":\"https:\\\/\\\/hlrnet.com\\\/sites\\\/\"},{\"@type\":\"ListItem\",\"position\":2,\"name\":\"Onderwijs\",\"item\":\"https:\\\/\\\/hlrnet.com\\\/sites\\\/onderwijs\\\/\"},{\"@type\":\"ListItem\",\"position\":3,\"name\":\"Hoger onderwijs\"}]},{\"@type\":\"WebSite\",\"@id\":\"https:\\\/\\\/hlrnet.com\\\/sites\\\/#website\",\"url\":\"https:\\\/\\\/hlrnet.com\\\/sites\\\/\",\"name\":\"hlrnet.com\",\"description\":\"Hans Le Roy\",\"publisher\":{\"@id\":\"https:\\\/\\\/hlrnet.com\\\/sites\\\/#organization\"},\"potentialAction\":[{\"@type\":\"SearchAction\",\"target\":{\"@type\":\"EntryPoint\",\"urlTemplate\":\"https:\\\/\\\/hlrnet.com\\\/sites\\\/?s={search_term_string}\"},\"query-input\":{\"@type\":\"PropertyValueSpecification\",\"valueRequired\":true,\"valueName\":\"search_term_string\"}}],\"inLanguage\":\"en-US\"},{\"@type\":\"Organization\",\"@id\":\"https:\\\/\\\/hlrnet.com\\\/sites\\\/#organization\",\"name\":\"hlrnet.com\",\"url\":\"https:\\\/\\\/hlrnet.com\\\/sites\\\/\",\"logo\":{\"@type\":\"ImageObject\",\"inLanguage\":\"en-US\",\"@id\":\"https:\\\/\\\/hlrnet.com\\\/sites\\\/#\\\/schema\\\/logo\\\/image\\\/\",\"url\":\"https:\\\/\\\/hlrnet.com\\\/sites\\\/wp-content\\\/uploads\\\/2018\\\/04\\\/cropped-default512x512-trans-1.png\",\"contentUrl\":\"https:\\\/\\\/hlrnet.com\\\/sites\\\/wp-content\\\/uploads\\\/2018\\\/04\\\/cropped-default512x512-trans-1.png\",\"width\":512,\"height\":160,\"caption\":\"hlrnet.com\"},\"image\":{\"@id\":\"https:\\\/\\\/hlrnet.com\\\/sites\\\/#\\\/schema\\\/logo\\\/image\\\/\"}}]}<\/script>\n<!-- \/ Yoast SEO plugin. -->","yoast_head_json":{"title":"Hoger onderwijs - hlrnet.com","robots":{"index":"index","follow":"follow","max-snippet":"max-snippet:-1","max-image-preview":"max-image-preview:large","max-video-preview":"max-video-preview:-1"},"canonical":"https:\/\/hlrnet.com\/sites\/onderwijs\/hoger-onderwijs\/","og_locale":"en_US","og_type":"article","og_title":"Hoger onderwijs - hlrnet.com","og_description":"Reading Time:  2 minutesAcademia.edu: facebook for higher education Academic Jobs wiki aPSYtude: bien vivre ses \u00e9tudes Blikopener: hogescholen partners in innovatie CEDIEP &#8211; Centre de Documentation et d&#8217;Information sur les Etudes et les Professions Cognitie.nl Departement Onderwijs Differenti\u00ebren om te leren: differenti\u00ebren in het hoger onderwijs DoKS: Eindwerkportaal Vlaamse Hogescholen EHON: Expertisenetwerk Hoger","og_url":"https:\/\/hlrnet.com\/sites\/onderwijs\/hoger-onderwijs\/","og_site_name":"hlrnet.com","article_modified_time":"2025-12-29T16:13:36+00:00","twitter_card":"summary_large_image","twitter_misc":{"Est. reading time":"2 minutes"},"schema":{"@context":"https:\/\/schema.org","@graph":[{"@type":"WebPage","@id":"https:\/\/hlrnet.com\/sites\/onderwijs\/hoger-onderwijs\/","url":"https:\/\/hlrnet.com\/sites\/onderwijs\/hoger-onderwijs\/","name":"Hoger onderwijs - hlrnet.com","isPartOf":{"@id":"https:\/\/hlrnet.com\/sites\/#website"},"datePublished":"2018-04-09T12:22:44+00:00","dateModified":"2025-12-29T16:13:36+00:00","breadcrumb":{"@id":"https:\/\/hlrnet.com\/sites\/onderwijs\/hoger-onderwijs\/#breadcrumb"},"inLanguage":"en-US","potentialAction":[{"@type":"ReadAction","target":["https:\/\/hlrnet.com\/sites\/onderwijs\/hoger-onderwijs\/"]}]},{"@type":"BreadcrumbList","@id":"https:\/\/hlrnet.com\/sites\/onderwijs\/hoger-onderwijs\/#breadcrumb","itemListElement":[{"@type":"ListItem","position":1,"name":"Home","item":"https:\/\/hlrnet.com\/sites\/"},{"@type":"ListItem","position":2,"name":"Onderwijs","item":"https:\/\/hlrnet.com\/sites\/onderwijs\/"},{"@type":"ListItem","position":3,"name":"Hoger onderwijs"}]},{"@type":"WebSite","@id":"https:\/\/hlrnet.com\/sites\/#website","url":"https:\/\/hlrnet.com\/sites\/","name":"hlrnet.com","description":"Hans Le Roy","publisher":{"@id":"https:\/\/hlrnet.com\/sites\/#organization"},"potentialAction":[{"@type":"SearchAction","target":{"@type":"EntryPoint","urlTemplate":"https:\/\/hlrnet.com\/sites\/?s={search_term_string}"},"query-input":{"@type":"PropertyValueSpecification","valueRequired":true,"valueName":"search_term_string"}}],"inLanguage":"en-US"},{"@type":"Organization","@id":"https:\/\/hlrnet.com\/sites\/#organization","name":"hlrnet.com","url":"https:\/\/hlrnet.com\/sites\/","logo":{"@type":"ImageObject","inLanguage":"en-US","@id":"https:\/\/hlrnet.com\/sites\/#\/schema\/logo\/image\/","url":"https:\/\/hlrnet.com\/sites\/wp-content\/uploads\/2018\/04\/cropped-default512x512-trans-1.png","contentUrl":"https:\/\/hlrnet.com\/sites\/wp-content\/uploads\/2018\/04\/cropped-default512x512-trans-1.png","width":512,"height":160,"caption":"hlrnet.com"},"image":{"@id":"https:\/\/hlrnet.com\/sites\/#\/schema\/logo\/image\/"}}]}},"publishpress_future_action":{"enabled":false,"date":"2026-05-01 23:53:54","action":"change-status","newStatus":"draft","terms":[],"taxonomy":"","extraData":[]},"publishpress_future_workflow_manual_trigger":{"enabledWorkflows":[]},"_links":{"self":[{"href":"https:\/\/hlrnet.com\/sites\/wp-json\/wp\/v2\/pages\/593","targetHints":{"allow":["GET"]}}],"collection":[{"href":"https:\/\/hlrnet.com\/sites\/wp-json\/wp\/v2\/pages"}],"about":[{"href":"https:\/\/hlrnet.com\/sites\/wp-json\/wp\/v2\/types\/page"}],"author":[{"embeddable":true,"href":"https:\/\/hlrnet.com\/sites\/wp-json\/wp\/v2\/users\/1"}],"replies":[{"embeddable":true,"href":"https:\/\/hlrnet.com\/sites\/wp-json\/wp\/v2\/comments?post=593"}],"version-history":[{"count":0,"href":"https:\/\/hlrnet.com\/sites\/wp-json\/wp\/v2\/pages\/593\/revisions"}],"up":[{"embeddable":true,"href":"https:\/\/hlrnet.com\/sites\/wp-json\/wp\/v2\/pages\/494"}],"wp:attachment":[{"href":"https:\/\/hlrnet.com\/sites\/wp-json\/wp\/v2\/media?parent=593"}],"curies":[{"name":"wp","href":"https:\/\/api.w.org\/{rel}","templated":true}]}}