{"id":582,"date":"2018-04-08T08:06:11","date_gmt":"2018-04-08T08:06:11","guid":{"rendered":"http:\/\/hlrnet.com\/sites\/?page_id=582"},"modified":"2026-03-20T18:59:48","modified_gmt":"2026-03-20T18:59:48","slug":"informatica-ict","status":"publish","type":"page","link":"https:\/\/hlrnet.com\/sites\/onderwijs\/informatica-ict\/","title":{"rendered":"Informatica &#8211; ICT"},"content":{"rendered":"<span class=\"span-reading-time rt-reading-time\" style=\"display: block;\"><span class=\"rt-label rt-prefix\">Reading Time: <\/span> <span class=\"rt-time\"> 3<\/span> <span class=\"rt-label rt-postfix\">minutes<\/span><\/span><ul>\n<li>Referenties over Internet\n<ul>\n<li><a href=\"https:\/\/whatis.techtarget.com\/\" target=\"_blank\" rel=\"noopener noreferrer\">What?is<\/a><\/li>\n<\/ul>\n<\/li>\n<li><a href=\"https:\/\/www.50plusplein.nl\/\">50 plus plein<\/a><\/li>\n<li><a href=\"https:\/\/www.aabeecee.nl\/\" target=\"_blank\" rel=\"noopener noreferrer\">AaBeeCee<\/a>: ICT-methode voor de basisschool (leerlingen uit groep 6, 7, 8); m\u00e9t downloadbare oefeningen<\/li>\n<li><a href=\"https:\/\/www.acm.org\/\">ACM &#8211; Association for Computing Machinery<\/a><\/li>\n<li><a href=\"https:\/\/www.agoria.be\/\" target=\"_blank\" rel=\"noopener noreferrer\">Agoria: multisectorfederatie van de technologische industrie<\/a> (BE)<\/li>\n<li><a href=\"https:\/\/www.alice.org\/\">Alice<\/a> is a 3D programming environment that makes it easy to create an animation for telling a story, playing an interactive game, or a video to share on the web<\/li>\n<li><a href=\"https:\/\/appsindeles.wordpress.com\">Appsindeles<\/a><\/li>\n<li><a href=\"https:\/\/arxiv.org\/\">arXiv<\/a>: open access to e-prints in Physics, Mathematics, Computer<br \/>\nScience, Quantitative Biology, Quantitative Finance and Statistics<\/li>\n<li><a href=\"https:\/\/isit-be.org\/\">Belgian Institute for Sustainable IT (ISIT-BE)<\/a><\/li>\n<li><a href=\"https:\/\/bitsbox.com\/\">Bitsbox<\/a>: monthly code project for kids<\/li>\n<li><a href=\"https:\/\/www.cheatography.com\/\">Cheatography<\/a>: cheat sheet generator and repository where you can build and share cheat sheets and quick reference material for your hobbies, home, holidays or work.<\/li>\n<li><a href=\"https:\/\/www.cnet.com\/\" target=\"_blank\" rel=\"noopener noreferrer\">CNET.com<\/a><\/li>\n<li><a href=\"https:\/\/code.org\/\">Code.org<\/a>: leren programmeren<\/li>\n<li><a href=\"https:\/\/www.coderdojo.com\/\">Coderdojo<\/a>: The open source, volunteer led, global movement of free coding clubs for young people\n<ul>\n<li><a href=\"https:\/\/www.coderdojobelgium.be\/\">Coderdojo Belgium<\/a><\/li>\n<\/ul>\n<\/li>\n<li><a href=\"https:\/\/www.commentcamarche.net\/\" target=\"_blank\" rel=\"noopener noreferrer\">Comment \u00e7a marche?<\/a>: site de vulgarisation de l&#8217;informatique (FR)<\/li>\n<li><a href=\"https:\/\/www.ct.be\/\" target=\"_blank\" rel=\"noopener noreferrer\">Computers en Technologie<\/a><\/li>\n<li><a href=\"https:\/\/www.id.nl\/\" target=\"_blank\" rel=\"noopener noreferrer\">ComputerTotaal<\/a> (Nederlands tijdschrift)<\/li>\n<li><a href=\"https:\/\/www.didacto.be\/\" target=\"_blank\" rel=\"noopener noreferrer\">Didacto<\/a>: Didactiek en ICT in het onderwijs &#8211; opleidingen<\/li>\n<li>Digitale competenties\n<ul>\n<li><a href=\"https:\/\/op.europa.eu\/nl\/publication-detail\/-\/publication\/3c5e7879-308f-11e7-9412-01aa75ed71a1\/language-en\">DigComp 2.1<\/a><\/li>\n<li><a href=\"https:\/\/joint-research-centre.ec.europa.eu\/digcompedu_en\">DigCompEdu<\/a> &#8211; The Joint Research Centre: EU Science Hub<\/li>\n<li><a href=\"https:\/\/joinup.ec.europa.eu\/sites\/default\/files\/news\/attachment\/digcomp_brochure_0.pdf\">ECDL en DigComp<\/a><\/li>\n<li><a href=\"https:\/\/www.tosa.org\">TOSA toets digitale vaardigheden<\/a><\/li>\n<\/ul>\n<\/li>\n<li>Digitaal rijbewijs\n<ul>\n<li><a href=\"https:\/\/ec.europa.eu\/jrc\/en\/digcompedu\">Digital Competence Framework (DigCompEdu)<\/a><\/li>\n<li><a href=\"https:\/\/en.wikipedia.org\/wiki\/Technological_pedagogical_content_knowledge\">Technical Pedagogical Content Knowledge Framework (TPACK)<\/a><\/li>\n<\/ul>\n<\/li>\n<li><a href=\"https:\/\/ladigitale.dev\/#outils\">La Digitale &#8211; Le num\u00e9rique \u00e9ducatif libre et responsable<\/a><\/li>\n<li><a href=\"https:\/\/www.digitaledidactiek.nl\/\">Digitale didactiek.nl<\/a><\/li>\n<li><a href=\"https:\/\/www.dummies.com\/\" target=\"_blank\" rel=\"noopener noreferrer\">Dummies.com<\/a><\/li>\n<li>De syllabi van ECDL bestaan in het:\n<ul>\n<li><a href=\"https:\/\/www.pcie.tm.fr\/\" target=\"_blank\" rel=\"noopener noreferrer\">Frans<\/a><\/li>\n<\/ul>\n<\/li>\n<li>Officieel erkend cursusmateriaal voor ECDL vind je o.m. bij:\n<ul>\n<li><a href=\"https:\/\/www.cctglobal.com\" target=\"_blank\" rel=\"noopener noreferrer\">Cheltenham Computer Training<\/a><\/li>\n<\/ul>\n<\/li>\n<li>ICDL\n<ul>\n<li><a href=\"https:\/\/www.icdl.org.za\/\" target=\"_blank\" rel=\"noopener noreferrer\">ICDL Foundation Africa<\/a><\/li>\n<\/ul>\n<\/li>\n<li><a href=\"https:\/\/www.ecolenumerique.be\/\">Ecole num\u00e9rique<\/a><\/li>\n<li><a href=\"https:\/\/edcodee.vercel.app\/\">edCode<\/a>: learn to code<\/li>\n<li><a href=\"https:\/\/www.ehow.com\/\" target=\"_blank\" rel=\"noopener noreferrer\">eHow<\/a>: How things get done<\/li>\n<li>Educatieve tips\n<ul>\n<li><a href=\"https:\/\/www.edsurge.com\/\">Edsurge.com<\/a><\/li>\n<li><a href=\"https:\/\/www.freetech4teachers.com\/\">FreeTech4teachers<\/a><\/li>\n<li><a href=\"https:\/\/www.todaysteachingtools.com\/\">Today&#8217;s Teac<\/a><\/li>\n<li><a href=\"https:\/\/www.todaysteachingtools.com\/\">hing Tools<\/a><\/li>\n<\/ul>\n<\/li>\n<li><a href=\"https:\/\/www.educause.edu\/\" target=\"_blank\" rel=\"noopener noreferrer\">Educause<\/a><\/li>\n<li><a href=\"https:\/\/funprogramming.org\/\">Fun Programming<\/a>: Videos for learning creative programming<\/li>\n<li><a href=\"https:\/\/gte.uib.es\/\">Grupo de tecnolog\u00eda educativa<\/a> (ES)<\/li>\n<li><a href=\"https:\/\/www.helpmij.nl\/\" target=\"_blank\" rel=\"noopener noreferrer\">Helpmij.nl: gratis computerondersteuning<\/a><\/li>\n<li><a href=\"https:\/\/www.icteachers.co.uk\/\" target=\"_blank\" rel=\"noopener noreferrer\">ICTeachers<\/a><\/li>\n<li><a href=\"https:\/\/www.ictjob.be\/\">ICT job<\/a>: vacatures<\/li>\n<li><a href=\"https:\/\/www.ictinedtoolkit.org\/\">ICT-in-Education Toolkit<\/a><\/li>\n<li><a href=\"https:\/\/www.onderwijs.vlaanderen.be\/ict\/\" target=\"_blank\" rel=\"noopener noreferrer\">ICT in het onderwijs<\/a> (BE)<\/li>\n<li><a href=\"https:\/\/www.computer.org\/\">IEEE Computer Society<\/a><\/li>\n<li><a href=\"https:\/\/www.iiis.org\">IIIS -International Institute of Informatics and Systemics<\/a><\/li>\n<li><a href=\"https:\/\/impactco.be\/\">ImpactConnecting<\/a>: voor IT co\u00f6rdinatoren<\/li>\n<li><a href=\"https:\/\/www.in2edu.com\/\" target=\"_blank\" rel=\"noopener noreferrer\">In2Edu: ICT lessen en thema&#8217;s<\/a><\/li>\n<li><a href=\"https:\/\/informaticalessen.be\/\">Informaticalessen.be<\/a> (Van In)<\/li>\n<li><a href=\"https:\/\/www.informaticavo.nl\/\" target=\"_blank\" rel=\"noopener noreferrer\">InformaticaVO &#8211; informatica in het voortgezet onderwijs<\/a><\/li>\n<li><a href=\"https:\/\/www.internet2.edu\/\" target=\"_blank\" rel=\"noopener noreferrer\">Internet2<\/a><\/li>\n<li><a href=\"https:\/\/www.internet4classrooms.com\/\" target=\"_blank\" rel=\"noopener noreferrer\">Internet4classrooms<\/a> (met o.m. <a href=\"https:\/\/www.internet4classrooms.com\/on-line_excel.htm\" target=\"_blank\" rel=\"noopener noreferrer\">Excel<\/a>)<\/li>\n<li><a href=\"https:\/\/www.itworks.com\/\" target=\"_blank\" rel=\"noopener noreferrer\">IT Works<\/a>: Strategic information for IT professionals<\/li>\n<li>Juridische aspecten\n<ul>\n<li><a href=\"https:\/\/www.privacycommission.be\/\">Commissie voor de bescherming van de persoonlijke levenssfeer<\/a><\/li>\n<li><a href=\"https:\/\/www.itsprivacy.nl\/\">ITs&#8217; privacy<\/a><\/li>\n<li><a href=\"https:\/\/www.iusmentis.com\/\">Iusmentis.com<\/a>: law and technology explained<\/li>\n<\/ul>\n<\/li>\n<li><a href=\"https:\/\/www.vlaanderen.be\/kenniscentrum-digisprong\">Kenniscentrum Digisprong<\/a><\/li>\n<li><a href=\"https:\/\/www.kidwaresoftware.com\/\" target=\"_blank\" rel=\"noopener noreferrer\">Kidware<\/a>: programmeren voor kinderen met Microsoft technologie (Visual Basic, Visual C#)<\/li>\n<li><a href=\"https:\/\/www.kodugamelab.com\/\">Kodu gamelab<\/a>: build games, play games, share games<\/li>\n<li><a href=\"https:\/\/www.learntec.de\/\">LearnTEC<\/a><\/li>\n<li><a href=\"https:\/\/www.leerbeleving.nl\/\">Leerbeleving<\/a><\/li>\n<li>Microsoft initiatieven\n<ul>\n<li><a href=\"https:\/\/www.escde.net\/\" target=\"_blank\" rel=\"noopener noreferrer\">Education Support Centre Germany<\/a><\/li>\n<li><a href=\"https:\/\/fuse.microsoft.com\/projects\/kodu\">Kodu game labs: programming for kids<\/a><\/li>\n<li><a href=\"https:\/\/www.microsoft.com\/education\/\" target=\"_blank\" rel=\"noopener noreferrer\">Microsoft Education<\/a><\/li>\n<li><a href=\"https:\/\/www.youtube.com\/channel\/UCG_FV4WjnZqtm6sux2g069Q\">Microsoft in Education: Youtube channel<\/a><\/li>\n<li><a href=\"https:\/\/www.microsoft.com\/learning\" target=\"_blank\" rel=\"noopener noreferrer\">Microsoft Learning<\/a><\/li>\n<li><a href=\"https:\/\/www.microsoft.com\/en-us\/makecode\">Microsoft Makecode<\/a>: hands-on computing education<\/li>\n<li><a href=\"https:\/\/research.microsoft.com\/\" target=\"_blank\" rel=\"noopener noreferrer\">Microsoft Research<\/a><\/li>\n<\/ul>\n<\/li>\n<li><a href=\"https:\/\/support.microsoft.com\/\" target=\"_blank\" rel=\"noopener noreferrer\">Microsoft Help en Support (MSKB)<\/a><\/li>\n<li><a href=\"https:\/\/www.monkeydoit.com\/\">Monkey Do It<\/a>: simple instructions for how to do things<\/li>\n<li><a href=\"https:\/\/www.tnmoc.org\/\">National Museum of Computing<\/a><\/li>\n<li><a href=\"https:\/\/www.nederlandstaligesoftware.nl\">Nederlandstalige<br \/>\nsoftware<\/a><\/li>\n<li><a href=\"https:\/\/www.netlingo.com\/\" target=\"_blank\" rel=\"noopener noreferrer\">Netlingo<\/a>: the Internet dictionary<\/li>\n<li><a href=\"https:\/\/www.newbie.org\/\" target=\"_blank\" rel=\"noopener noreferrer\">Newbie.org: inleiding in de computerwereld<\/a><\/li>\n<\/ul>\n<ul>\n<li><a href=\"https:\/\/lab.open-roberta.org\/\">Open Roberta Lab<\/a><\/li>\n<li>Open bron software\n<ul>\n<li><a href=\"https:\/\/bitnami.org\/\">BitNami<\/a>: installers for web applications<\/li>\n<li><a href=\"https:\/\/www.cecill.info\/\">CeCILL<\/a>: licence fran\u00e7aise de logiciel libre<\/li>\n<li><a href=\"https:\/\/www.clamwin.com\/\" target=\"_blank\" rel=\"noopener noreferrer\">ClamWin<\/a>: virusscanner<\/li>\n<li><a href=\"https:\/\/www.framasoft.net\/\" target=\"_blank\" rel=\"noopener noreferrer\">Framasoft: logiciels libres<\/a> (FR)<\/li>\n<li><a href=\"https:\/\/www.fsf.org\/\" target=\"_blank\" rel=\"noopener noreferrer\">FSF: Free Software Foundation<\/a><\/li>\n<li><a href=\"https:\/\/www.gimp.org\/\" target=\"_blank\" rel=\"noopener noreferrer\">GIMP<\/a>: tekenen en beelden manipuleren<\/li>\n<li><a href=\"https:\/\/www.klascement.net\/index.php?menu=openbron\" target=\"_blank\" rel=\"noopener noreferrer\">Klascement: Vrije en Open Bron Software in<br \/>\nhet onderwijs<\/a><\/li>\n<li><a href=\"https:\/\/www.openoffice.org\" target=\"_blank\" rel=\"noopener noreferrer\">OpenOffice<\/a>: een openbron Office suite<\/li>\n<li><a href=\"https:\/\/www.osalt.com\/\" target=\"_blank\" rel=\"noopener noreferrer\">Open Source Alternative<\/a><\/li>\n<li><a href=\"https:\/\/osuosl.org\/\">OSL &#8211; Open Source Lab<\/a><\/li>\n<li><a href=\"https:\/\/ourproject.org\/\" target=\"_blank\" rel=\"noopener noreferrer\">OurProject<\/a><\/li>\n<li><a href=\"https:\/\/www.wikipedia.org\/\" target=\"_blank\" rel=\"noopener noreferrer\">Wikipedia encyclopedie<\/a><\/li>\n<li>De collecties van <a href=\"https:\/\/sourceforge.net\/\" target=\"_blank\" rel=\"noopener noreferrer\">Sourceforge<\/a>.<\/li>\n<\/ul>\n<\/li>\n<li><a href=\"https:\/\/www.productivity501.com\/\">Productivity501<\/a><\/li>\n<li>Programmeren\n<ul>\n<li><a href=\"https:\/\/nl.wikibooks.org\/wiki\/Programmeren,_de_basis\">Programmeren: de basis<\/a> (wikibooks)<\/li>\n<li><a href=\"https:\/\/www.alice.org\/\">Alice<\/a>: learning computer programming in a 3D Environment<\/li>\n<li><a href=\"https:\/\/ironscratchteam.wordpress.com\/\">Ironscratchteam<\/a> is een site ontworpen voor kinderen die willen starten of al wat gevorderd zijn in Scratch.<\/li>\n<li><a href=\"https:\/\/roboblocky.com\/\">RoboBlocky<\/a><\/li>\n<li><a href=\"https:\/\/www.robomind.net\/\">Robomind<\/a>: educational programming language<\/li>\n<li><a href=\"https:\/\/tuludo.com\/\">Tuludo<\/a>: create games without coding<\/li>\n<li><a href=\"https:\/\/www.tynker.com\/\">Tynker<\/a>: coding for kids and teens made easy<\/li>\n<\/ul>\n<\/li>\n<li><a href=\"https:\/\/www.ptcc.nl\/\" target=\"_blank\" rel=\"noopener noreferrer\">PTCC Personal Thuis Computer Club<\/a>, met discussiegroepen<\/li>\n<li><a href=\"https:\/\/www.sharpened.net\/\" target=\"_blank\" rel=\"noopener noreferrer\">Sharpened.net<\/a>: understanding computing (glossary, helpcenter, resources, reviews)<\/li>\n<li><a href=\"https:\/\/www.shortcourses.com\" target=\"_blank\" rel=\"noopener noreferrer\">Shortcourses<\/a>: A complete guide to digital cameras, digital photography, and digital video<\/li>\n<li><a href=\"https:\/\/www.shortcutworld.com\/\">Shortcutworld<\/a><\/li>\n<li><a href=\"https:\/\/www.slo.nl\/\" target=\"_blank\" rel=\"noopener noreferrer\">SLO &#8211; overzicht van leermiddelen<\/a><\/li>\n<li><a href=\"https:\/\/www.desocialekaart.be\" target=\"_parent\" rel=\"noopener noreferrer\">Sociale Kaart<\/a><\/li>\n<li><a href=\"https:\/\/socialware.be\/\">Socialware<\/a>: software voor vzws<\/li>\n<li>Sociale \/ sociologische aspecten\n<ul>\n<li><a href=\"https:\/\/www.urbandictionary.com\/\">Urban dictionary<\/a><\/li>\n<\/ul>\n<\/li>\n<li>Tijdschriften: onderzoek\n<ul>\n<li><a href=\"https:\/\/rfsic.revues.org\/\">Revue fran\u00e7aise des sciences de l&#8217;information et de la communication<\/a><\/li>\n<\/ul>\n<\/li>\n<li><a href=\"https:\/\/stem-academie.be\/\">STEM-academie<\/a>: science, technology, engineering, maths<\/li>\n<li><a href=\"https:\/\/techterms.com\">TechTerms<\/a><\/li>\n<li><a href=\"https:\/\/www.snopes.com\/\" target=\"_blank\" rel=\"noopener noreferrer\">Urban Legends Reference Pages<\/a><\/li>\n<li><a href=\"https:\/\/www.taccle.eu\/\">TACCLE -Teachers&#8217; Aids on Creating Content for Learning Environments<\/a><\/li>\n<li><a href=\"https:\/\/www.teach-ict.com\">Teach-ict<\/a><\/li>\n<li><a href=\"https:\/\/teach-nology.com\/\" target=\"_blank\" rel=\"noopener noreferrer\">teAchnology<\/a>: web portal for educators<\/li>\n<li><a href=\"https:\/\/www.techlearning.com\/\">techLEARNING<\/a><\/li>\n<li>Tijdschriften \/ journals\n<ul>\n<li><a href=\"https:\/\/thejournal.com\/\">THE Journal: Technology Horizons in Education<\/a><\/li>\n<\/ul>\n<\/li>\n<li><a href=\"https:\/\/www.tpack.nl\/\">TPACK<\/a>: integratie ICT en onderwijs<\/li>\n<li>Typen\n<ul>\n<li><a href=\"https:\/\/www.rapidtyping.com\/\">Rapid Typing<\/a><\/li>\n<li><a href=\"https:\/\/www.ticken.nl\/\">Ticken<\/a><\/li>\n<li><a href=\"https:\/\/www.typeopleiding.nl\">Typeopleiding.nl<\/a><\/li>\n<li><a href=\"https:\/\/www.typetopia.com\/\">Typetopia<\/a>: leer snel typen<\/li>\n<li><a href=\"https:\/\/www.typingtest.com\/\">TypingTest<\/a><\/li>\n<\/ul>\n<ul>\n<li><a href=\"https:\/\/www.typingweb.com\/\">Typingweb<\/a>: free online typing tutor, installable in LMS<\/li>\n<\/ul>\n<\/li>\n<li><a href=\"https:\/\/www.virtualeduca.org\/\" target=\"_blank\" rel=\"noopener noreferrer\">Virtual Educa<\/a>: Conferencia internacional sobre educaci\u00f3n, formaci\u00f3n y nuevas tecnolog\u00edas (SP)<\/li>\n<li><a href=\"https:\/\/www.techtarget.com\/whatis\/\" target=\"_blank\" rel=\"noopener noreferrer\">Whatis?com<\/a><\/li>\n<li><a href=\"https:\/\/webkwestie.nl\/\">Webkwestie<\/a>: webquests voor het onderwijs<\/li>\n<li><a href=\"https:\/\/www.wintips.nl\/\" target=\"_blank\" rel=\"noopener noreferrer\">Wintips<\/a>: software en tips in het Nederlands<\/li>\n<\/ul>\n<span class=\"last-modified-timestamp\">Mar 20, 2026 @ 6:59 pm<\/span>\n","protected":false},"excerpt":{"rendered":"<p><span class=\"span-reading-time rt-reading-time\" style=\"display: block;\"><span class=\"rt-label rt-prefix\">Reading Time: <\/span> <span class=\"rt-time\"> 3<\/span> <span class=\"rt-label rt-postfix\">minutes<\/span><\/span>Referenties over Internet What?is 50 plus plein AaBeeCee: ICT-methode voor de basisschool (leerlingen uit groep 6, 7, 8); m\u00e9t downloadbare oefeningen ACM &#8211; Association for Computing Machinery Agoria: multisectorfederatie van de technologische industrie (BE) Alice is a 3D programming environment that makes it easy to create an animation for telling<\/p>\n","protected":false},"author":1,"featured_media":0,"parent":494,"menu_order":0,"comment_status":"closed","ping_status":"closed","template":"","meta":{"iawp_total_views":18,"footnotes":"","_wp_rev_ctl_limit":""},"class_list":["post-582","page","type-page","status-publish","hentry"],"yoast_head":"<!-- This site is optimized with the Yoast SEO plugin v27.4 - https:\/\/yoast.com\/product\/yoast-seo-wordpress\/ -->\n<title>Informatica - ICT - hlrnet.com<\/title>\n<meta name=\"robots\" content=\"index, follow, max-snippet:-1, max-image-preview:large, max-video-preview:-1\" \/>\n<link rel=\"canonical\" href=\"https:\/\/hlrnet.com\/sites\/onderwijs\/informatica-ict\/\" \/>\n<meta property=\"og:locale\" content=\"en_US\" \/>\n<meta property=\"og:type\" content=\"article\" \/>\n<meta property=\"og:title\" content=\"Informatica - ICT - hlrnet.com\" \/>\n<meta property=\"og:description\" content=\"Reading Time:  3 minutesReferenties over Internet What?is 50 plus plein AaBeeCee: ICT-methode voor de basisschool (leerlingen uit groep 6, 7, 8); m\u00e9t downloadbare oefeningen ACM &#8211; Association for Computing Machinery Agoria: multisectorfederatie van de technologische industrie (BE) Alice is a 3D programming environment that makes it easy to create an animation for telling\" \/>\n<meta property=\"og:url\" content=\"https:\/\/hlrnet.com\/sites\/onderwijs\/informatica-ict\/\" \/>\n<meta property=\"og:site_name\" content=\"hlrnet.com\" \/>\n<meta property=\"article:modified_time\" content=\"2026-03-20T18:59:48+00:00\" \/>\n<meta name=\"twitter:card\" content=\"summary_large_image\" \/>\n<meta name=\"twitter:label1\" content=\"Est. reading time\" \/>\n\t<meta name=\"twitter:data1\" content=\"3 minutes\" \/>\n<script type=\"application\/ld+json\" class=\"yoast-schema-graph\">{\"@context\":\"https:\\\/\\\/schema.org\",\"@graph\":[{\"@type\":\"WebPage\",\"@id\":\"https:\\\/\\\/hlrnet.com\\\/sites\\\/onderwijs\\\/informatica-ict\\\/\",\"url\":\"https:\\\/\\\/hlrnet.com\\\/sites\\\/onderwijs\\\/informatica-ict\\\/\",\"name\":\"Informatica - ICT - hlrnet.com\",\"isPartOf\":{\"@id\":\"https:\\\/\\\/hlrnet.com\\\/sites\\\/#website\"},\"datePublished\":\"2018-04-08T08:06:11+00:00\",\"dateModified\":\"2026-03-20T18:59:48+00:00\",\"breadcrumb\":{\"@id\":\"https:\\\/\\\/hlrnet.com\\\/sites\\\/onderwijs\\\/informatica-ict\\\/#breadcrumb\"},\"inLanguage\":\"en-US\",\"potentialAction\":[{\"@type\":\"ReadAction\",\"target\":[\"https:\\\/\\\/hlrnet.com\\\/sites\\\/onderwijs\\\/informatica-ict\\\/\"]}]},{\"@type\":\"BreadcrumbList\",\"@id\":\"https:\\\/\\\/hlrnet.com\\\/sites\\\/onderwijs\\\/informatica-ict\\\/#breadcrumb\",\"itemListElement\":[{\"@type\":\"ListItem\",\"position\":1,\"name\":\"Home\",\"item\":\"https:\\\/\\\/hlrnet.com\\\/sites\\\/\"},{\"@type\":\"ListItem\",\"position\":2,\"name\":\"Onderwijs\",\"item\":\"https:\\\/\\\/hlrnet.com\\\/sites\\\/onderwijs\\\/\"},{\"@type\":\"ListItem\",\"position\":3,\"name\":\"Informatica &#8211; ICT\"}]},{\"@type\":\"WebSite\",\"@id\":\"https:\\\/\\\/hlrnet.com\\\/sites\\\/#website\",\"url\":\"https:\\\/\\\/hlrnet.com\\\/sites\\\/\",\"name\":\"hlrnet.com\",\"description\":\"Hans Le Roy\",\"publisher\":{\"@id\":\"https:\\\/\\\/hlrnet.com\\\/sites\\\/#organization\"},\"potentialAction\":[{\"@type\":\"SearchAction\",\"target\":{\"@type\":\"EntryPoint\",\"urlTemplate\":\"https:\\\/\\\/hlrnet.com\\\/sites\\\/?s={search_term_string}\"},\"query-input\":{\"@type\":\"PropertyValueSpecification\",\"valueRequired\":true,\"valueName\":\"search_term_string\"}}],\"inLanguage\":\"en-US\"},{\"@type\":\"Organization\",\"@id\":\"https:\\\/\\\/hlrnet.com\\\/sites\\\/#organization\",\"name\":\"hlrnet.com\",\"url\":\"https:\\\/\\\/hlrnet.com\\\/sites\\\/\",\"logo\":{\"@type\":\"ImageObject\",\"inLanguage\":\"en-US\",\"@id\":\"https:\\\/\\\/hlrnet.com\\\/sites\\\/#\\\/schema\\\/logo\\\/image\\\/\",\"url\":\"https:\\\/\\\/hlrnet.com\\\/sites\\\/wp-content\\\/uploads\\\/2018\\\/04\\\/cropped-default512x512-trans-1.png\",\"contentUrl\":\"https:\\\/\\\/hlrnet.com\\\/sites\\\/wp-content\\\/uploads\\\/2018\\\/04\\\/cropped-default512x512-trans-1.png\",\"width\":512,\"height\":160,\"caption\":\"hlrnet.com\"},\"image\":{\"@id\":\"https:\\\/\\\/hlrnet.com\\\/sites\\\/#\\\/schema\\\/logo\\\/image\\\/\"}}]}<\/script>\n<!-- \/ Yoast SEO plugin. -->","yoast_head_json":{"title":"Informatica - ICT - hlrnet.com","robots":{"index":"index","follow":"follow","max-snippet":"max-snippet:-1","max-image-preview":"max-image-preview:large","max-video-preview":"max-video-preview:-1"},"canonical":"https:\/\/hlrnet.com\/sites\/onderwijs\/informatica-ict\/","og_locale":"en_US","og_type":"article","og_title":"Informatica - ICT - hlrnet.com","og_description":"Reading Time:  3 minutesReferenties over Internet What?is 50 plus plein AaBeeCee: ICT-methode voor de basisschool (leerlingen uit groep 6, 7, 8); m\u00e9t downloadbare oefeningen ACM &#8211; Association for Computing Machinery Agoria: multisectorfederatie van de technologische industrie (BE) Alice is a 3D programming environment that makes it easy to create an animation for telling","og_url":"https:\/\/hlrnet.com\/sites\/onderwijs\/informatica-ict\/","og_site_name":"hlrnet.com","article_modified_time":"2026-03-20T18:59:48+00:00","twitter_card":"summary_large_image","twitter_misc":{"Est. reading time":"3 minutes"},"schema":{"@context":"https:\/\/schema.org","@graph":[{"@type":"WebPage","@id":"https:\/\/hlrnet.com\/sites\/onderwijs\/informatica-ict\/","url":"https:\/\/hlrnet.com\/sites\/onderwijs\/informatica-ict\/","name":"Informatica - ICT - hlrnet.com","isPartOf":{"@id":"https:\/\/hlrnet.com\/sites\/#website"},"datePublished":"2018-04-08T08:06:11+00:00","dateModified":"2026-03-20T18:59:48+00:00","breadcrumb":{"@id":"https:\/\/hlrnet.com\/sites\/onderwijs\/informatica-ict\/#breadcrumb"},"inLanguage":"en-US","potentialAction":[{"@type":"ReadAction","target":["https:\/\/hlrnet.com\/sites\/onderwijs\/informatica-ict\/"]}]},{"@type":"BreadcrumbList","@id":"https:\/\/hlrnet.com\/sites\/onderwijs\/informatica-ict\/#breadcrumb","itemListElement":[{"@type":"ListItem","position":1,"name":"Home","item":"https:\/\/hlrnet.com\/sites\/"},{"@type":"ListItem","position":2,"name":"Onderwijs","item":"https:\/\/hlrnet.com\/sites\/onderwijs\/"},{"@type":"ListItem","position":3,"name":"Informatica &#8211; ICT"}]},{"@type":"WebSite","@id":"https:\/\/hlrnet.com\/sites\/#website","url":"https:\/\/hlrnet.com\/sites\/","name":"hlrnet.com","description":"Hans Le Roy","publisher":{"@id":"https:\/\/hlrnet.com\/sites\/#organization"},"potentialAction":[{"@type":"SearchAction","target":{"@type":"EntryPoint","urlTemplate":"https:\/\/hlrnet.com\/sites\/?s={search_term_string}"},"query-input":{"@type":"PropertyValueSpecification","valueRequired":true,"valueName":"search_term_string"}}],"inLanguage":"en-US"},{"@type":"Organization","@id":"https:\/\/hlrnet.com\/sites\/#organization","name":"hlrnet.com","url":"https:\/\/hlrnet.com\/sites\/","logo":{"@type":"ImageObject","inLanguage":"en-US","@id":"https:\/\/hlrnet.com\/sites\/#\/schema\/logo\/image\/","url":"https:\/\/hlrnet.com\/sites\/wp-content\/uploads\/2018\/04\/cropped-default512x512-trans-1.png","contentUrl":"https:\/\/hlrnet.com\/sites\/wp-content\/uploads\/2018\/04\/cropped-default512x512-trans-1.png","width":512,"height":160,"caption":"hlrnet.com"},"image":{"@id":"https:\/\/hlrnet.com\/sites\/#\/schema\/logo\/image\/"}}]}},"publishpress_future_action":{"enabled":false,"date":"2026-05-01 23:55:50","action":"change-status","newStatus":"draft","terms":[],"taxonomy":"","extraData":[]},"publishpress_future_workflow_manual_trigger":{"enabledWorkflows":[]},"_links":{"self":[{"href":"https:\/\/hlrnet.com\/sites\/wp-json\/wp\/v2\/pages\/582","targetHints":{"allow":["GET"]}}],"collection":[{"href":"https:\/\/hlrnet.com\/sites\/wp-json\/wp\/v2\/pages"}],"about":[{"href":"https:\/\/hlrnet.com\/sites\/wp-json\/wp\/v2\/types\/page"}],"author":[{"embeddable":true,"href":"https:\/\/hlrnet.com\/sites\/wp-json\/wp\/v2\/users\/1"}],"replies":[{"embeddable":true,"href":"https:\/\/hlrnet.com\/sites\/wp-json\/wp\/v2\/comments?post=582"}],"version-history":[{"count":0,"href":"https:\/\/hlrnet.com\/sites\/wp-json\/wp\/v2\/pages\/582\/revisions"}],"up":[{"embeddable":true,"href":"https:\/\/hlrnet.com\/sites\/wp-json\/wp\/v2\/pages\/494"}],"wp:attachment":[{"href":"https:\/\/hlrnet.com\/sites\/wp-json\/wp\/v2\/media?parent=582"}],"curies":[{"name":"wp","href":"https:\/\/api.w.org\/{rel}","templated":true}]}}