{"id":580,"date":"2018-04-08T07:56:20","date_gmt":"2018-04-08T07:56:20","guid":{"rendered":"http:\/\/hlrnet.com\/sites\/?page_id=580"},"modified":"2023-09-21T15:19:43","modified_gmt":"2023-09-21T15:19:43","slug":"instellingen-organisaties-en-bedrijven","status":"publish","type":"page","link":"https:\/\/hlrnet.com\/sites\/onderwijs\/instellingen-organisaties-en-bedrijven\/","title":{"rendered":"Instellingen, organisaties en bedrijven"},"content":{"rendered":"<span class=\"span-reading-time rt-reading-time\" style=\"display: block;\"><span class=\"rt-label rt-prefix\">Reading Time: <\/span> <span class=\"rt-time\"> &lt; 1<\/span> <span class=\"rt-label rt-postfix\">minute<\/span><\/span><ul>\n<li><a href=\"https:\/\/www.lecaf-wbe.be\/\">CAF: Centre d&#8217;autoformation continu\u00e9e de la Communaut\u00e9 fran\u00e7aise de Belgique<\/a><\/li>\n<li><a href=\"https:\/\/www.dse.nl\/\">Digitale Stad Eindhoven: Onderwijs<\/a> (NL)<\/li>\n<li><a href=\"https:\/\/europa.eu\">European Union<\/a><\/li>\n<li><a href=\"https:\/\/www.europarl.eu\" target=\"_blank\" rel=\"noopener noreferrer\">European Parliament<\/a><\/li>\n<li><a href=\"https:\/\/onderwijs.vlaanderen.be\/\" target=\"_blank\" rel=\"noopener noreferrer\">Departement Onderwijs<\/a>\n<ul>\n<li><a href=\"https:\/\/mijnonderwijs.vlaanderen.be\">Mijnonderwijs<\/a><\/li>\n<li><a href=\"https:\/\/www.onderwijs.vlaanderen.be\/ict\/\" target=\"_blank\" rel=\"noopener noreferrer\">ICT in het onderwijs<\/a><\/li>\n<\/ul>\n<\/li>\n<li><a href=\"https:\/\/www.ebsco.com\" target=\"_blank\" rel=\"noopener noreferrer\">Ebsco<\/a> Comprehensive subscription management services.<\/li>\n<li><a href=\"https:\/\/www.cedgroep.nl\/\" target=\"_blank\" rel=\"noopener noreferrer\">CED<\/a>: Centrum Educatieve Dienstverlening (Amsterdam) (NL)<\/li>\n<li><a href=\"https:\/\/intko.be\/\">inTKO<\/a>: je diploma secundair onderwijs in tweedekans onderwijs<\/li>\n<li><a href=\"https:\/\/www.katholiekonderwijs.vlaanderen\">Katholiek Onderwijs.vlaanderen<\/a><\/li>\n<li><a href=\"https:\/\/www.kwadraet.be\/\">Kwadraet<\/a><\/li>\n<li><a href=\"https:\/\/www.nationaleonderwijsgids.nl\/\">Nationale Onderwijsgids (NOG)<\/a> (NL)<\/li>\n<li><a href=\"https:\/\/www.onderwijsinspectie.be\/\">Onderwijsinspectie<\/a><\/li>\n<li><a href=\"https:\/\/www.col.org\" target=\"_blank\" rel=\"noopener noreferrer\">The Commonwealth of learning<\/a><\/li>\n<li><a href=\"https:\/\/www.ovsg.be\/\">OVSG: Onderwijssecretariaat van Steden en Gemeenten<\/a><\/li>\n<li><a href=\"https:\/\/www.pov.be\/\" target=\"_blank\" rel=\"noopener noreferrer\">Provinciaal Onderwijs Vlaanderen<\/a><\/li>\n<li><a href=\"https:\/\/www.rijksoverheid.nl\/\">Rijksoverheid<\/a> (NL)<\/li>\n<li><a href=\"https:\/\/www.scholierenkoepel.be\/\">Scholierenkoepel<\/a><\/li>\n<li><a href=\"https:\/\/www.vocvo.be\/\">Vocvo<\/a>, het Vlaams Ondersteuningscentrum voor het volwassenenonderwijs<\/li>\n<li><a href=\"https:\/\/www.voop.be\/\">VOOP: Vlaams Onderwijs Overleg Platform<\/a><\/li>\n<li>VSKO (BE)<\/li>\n<li><a href=\"https:\/\/www.vvbad.be\" target=\"_blank\" rel=\"noopener noreferrer\">VVBAD<\/a> (Vlaamse Vereniging voor Bibliotheek-, Archief- en Documentatiewezen)<\/li>\n<li><a href=\"https:\/\/www.wpkeesboeke.nl\" target=\"_blank\" rel=\"noopener noreferrer\">Werkplaats Kindergemeenschap<\/a> (NL)<\/li>\n<\/ul>\n<span class=\"last-modified-timestamp\">Sep 21, 2023 @ 3:19 pm<\/span>\n","protected":false},"excerpt":{"rendered":"<p><span class=\"span-reading-time rt-reading-time\" style=\"display: block;\"><span class=\"rt-label rt-prefix\">Reading Time: <\/span> <span class=\"rt-time\"> &lt; 1<\/span> <span class=\"rt-label rt-postfix\">minute<\/span><\/span>CAF: Centre d&#8217;autoformation continu\u00e9e de la Communaut\u00e9 fran\u00e7aise de Belgique Digitale Stad Eindhoven: Onderwijs (NL) European Union European Parliament Departement Onderwijs Mijnonderwijs ICT in het onderwijs Ebsco Comprehensive subscription management services. CED: Centrum Educatieve Dienstverlening (Amsterdam) (NL) inTKO: je diploma secundair onderwijs in tweedekans onderwijs Katholiek Onderwijs.vlaanderen Kwadraet Nationale Onderwijsgids<\/p>\n","protected":false},"author":1,"featured_media":0,"parent":494,"menu_order":0,"comment_status":"closed","ping_status":"closed","template":"","meta":{"iawp_total_views":1,"footnotes":"","_wp_rev_ctl_limit":""},"class_list":["post-580","page","type-page","status-publish","hentry"],"yoast_head":"<!-- This site is optimized with the Yoast SEO plugin v27.4 - https:\/\/yoast.com\/product\/yoast-seo-wordpress\/ -->\n<title>Instellingen, organisaties en bedrijven - hlrnet.com<\/title>\n<meta name=\"robots\" content=\"index, follow, max-snippet:-1, max-image-preview:large, max-video-preview:-1\" \/>\n<link rel=\"canonical\" href=\"https:\/\/hlrnet.com\/sites\/onderwijs\/instellingen-organisaties-en-bedrijven\/\" \/>\n<meta property=\"og:locale\" content=\"en_US\" \/>\n<meta property=\"og:type\" content=\"article\" \/>\n<meta property=\"og:title\" content=\"Instellingen, organisaties en bedrijven - hlrnet.com\" \/>\n<meta property=\"og:description\" content=\"Reading Time:  &lt; 1 minuteCAF: Centre d&#8217;autoformation continu\u00e9e de la Communaut\u00e9 fran\u00e7aise de Belgique Digitale Stad Eindhoven: Onderwijs (NL) European Union European Parliament Departement Onderwijs Mijnonderwijs ICT in het onderwijs Ebsco Comprehensive subscription management services. CED: Centrum Educatieve Dienstverlening (Amsterdam) (NL) inTKO: je diploma secundair onderwijs in tweedekans onderwijs Katholiek Onderwijs.vlaanderen Kwadraet Nationale Onderwijsgids\" \/>\n<meta property=\"og:url\" content=\"https:\/\/hlrnet.com\/sites\/onderwijs\/instellingen-organisaties-en-bedrijven\/\" \/>\n<meta property=\"og:site_name\" content=\"hlrnet.com\" \/>\n<meta property=\"article:modified_time\" content=\"2023-09-21T15:19:43+00:00\" \/>\n<meta name=\"twitter:card\" content=\"summary_large_image\" \/>\n<meta name=\"twitter:label1\" content=\"Est. reading time\" \/>\n\t<meta name=\"twitter:data1\" content=\"1 minute\" \/>\n<script type=\"application\/ld+json\" class=\"yoast-schema-graph\">{\"@context\":\"https:\\\/\\\/schema.org\",\"@graph\":[{\"@type\":\"WebPage\",\"@id\":\"https:\\\/\\\/hlrnet.com\\\/sites\\\/onderwijs\\\/instellingen-organisaties-en-bedrijven\\\/\",\"url\":\"https:\\\/\\\/hlrnet.com\\\/sites\\\/onderwijs\\\/instellingen-organisaties-en-bedrijven\\\/\",\"name\":\"Instellingen, organisaties en bedrijven - hlrnet.com\",\"isPartOf\":{\"@id\":\"https:\\\/\\\/hlrnet.com\\\/sites\\\/#website\"},\"datePublished\":\"2018-04-08T07:56:20+00:00\",\"dateModified\":\"2023-09-21T15:19:43+00:00\",\"breadcrumb\":{\"@id\":\"https:\\\/\\\/hlrnet.com\\\/sites\\\/onderwijs\\\/instellingen-organisaties-en-bedrijven\\\/#breadcrumb\"},\"inLanguage\":\"en-US\",\"potentialAction\":[{\"@type\":\"ReadAction\",\"target\":[\"https:\\\/\\\/hlrnet.com\\\/sites\\\/onderwijs\\\/instellingen-organisaties-en-bedrijven\\\/\"]}]},{\"@type\":\"BreadcrumbList\",\"@id\":\"https:\\\/\\\/hlrnet.com\\\/sites\\\/onderwijs\\\/instellingen-organisaties-en-bedrijven\\\/#breadcrumb\",\"itemListElement\":[{\"@type\":\"ListItem\",\"position\":1,\"name\":\"Home\",\"item\":\"https:\\\/\\\/hlrnet.com\\\/sites\\\/\"},{\"@type\":\"ListItem\",\"position\":2,\"name\":\"Onderwijs\",\"item\":\"https:\\\/\\\/hlrnet.com\\\/sites\\\/onderwijs\\\/\"},{\"@type\":\"ListItem\",\"position\":3,\"name\":\"Instellingen, organisaties en bedrijven\"}]},{\"@type\":\"WebSite\",\"@id\":\"https:\\\/\\\/hlrnet.com\\\/sites\\\/#website\",\"url\":\"https:\\\/\\\/hlrnet.com\\\/sites\\\/\",\"name\":\"hlrnet.com\",\"description\":\"Hans Le Roy\",\"publisher\":{\"@id\":\"https:\\\/\\\/hlrnet.com\\\/sites\\\/#organization\"},\"potentialAction\":[{\"@type\":\"SearchAction\",\"target\":{\"@type\":\"EntryPoint\",\"urlTemplate\":\"https:\\\/\\\/hlrnet.com\\\/sites\\\/?s={search_term_string}\"},\"query-input\":{\"@type\":\"PropertyValueSpecification\",\"valueRequired\":true,\"valueName\":\"search_term_string\"}}],\"inLanguage\":\"en-US\"},{\"@type\":\"Organization\",\"@id\":\"https:\\\/\\\/hlrnet.com\\\/sites\\\/#organization\",\"name\":\"hlrnet.com\",\"url\":\"https:\\\/\\\/hlrnet.com\\\/sites\\\/\",\"logo\":{\"@type\":\"ImageObject\",\"inLanguage\":\"en-US\",\"@id\":\"https:\\\/\\\/hlrnet.com\\\/sites\\\/#\\\/schema\\\/logo\\\/image\\\/\",\"url\":\"https:\\\/\\\/hlrnet.com\\\/sites\\\/wp-content\\\/uploads\\\/2018\\\/04\\\/cropped-default512x512-trans-1.png\",\"contentUrl\":\"https:\\\/\\\/hlrnet.com\\\/sites\\\/wp-content\\\/uploads\\\/2018\\\/04\\\/cropped-default512x512-trans-1.png\",\"width\":512,\"height\":160,\"caption\":\"hlrnet.com\"},\"image\":{\"@id\":\"https:\\\/\\\/hlrnet.com\\\/sites\\\/#\\\/schema\\\/logo\\\/image\\\/\"}}]}<\/script>\n<!-- \/ Yoast SEO plugin. -->","yoast_head_json":{"title":"Instellingen, organisaties en bedrijven - hlrnet.com","robots":{"index":"index","follow":"follow","max-snippet":"max-snippet:-1","max-image-preview":"max-image-preview:large","max-video-preview":"max-video-preview:-1"},"canonical":"https:\/\/hlrnet.com\/sites\/onderwijs\/instellingen-organisaties-en-bedrijven\/","og_locale":"en_US","og_type":"article","og_title":"Instellingen, organisaties en bedrijven - hlrnet.com","og_description":"Reading Time:  &lt; 1 minuteCAF: Centre d&#8217;autoformation continu\u00e9e de la Communaut\u00e9 fran\u00e7aise de Belgique Digitale Stad Eindhoven: Onderwijs (NL) European Union European Parliament Departement Onderwijs Mijnonderwijs ICT in het onderwijs Ebsco Comprehensive subscription management services. CED: Centrum Educatieve Dienstverlening (Amsterdam) (NL) inTKO: je diploma secundair onderwijs in tweedekans onderwijs Katholiek Onderwijs.vlaanderen Kwadraet Nationale Onderwijsgids","og_url":"https:\/\/hlrnet.com\/sites\/onderwijs\/instellingen-organisaties-en-bedrijven\/","og_site_name":"hlrnet.com","article_modified_time":"2023-09-21T15:19:43+00:00","twitter_card":"summary_large_image","twitter_misc":{"Est. reading time":"1 minute"},"schema":{"@context":"https:\/\/schema.org","@graph":[{"@type":"WebPage","@id":"https:\/\/hlrnet.com\/sites\/onderwijs\/instellingen-organisaties-en-bedrijven\/","url":"https:\/\/hlrnet.com\/sites\/onderwijs\/instellingen-organisaties-en-bedrijven\/","name":"Instellingen, organisaties en bedrijven - hlrnet.com","isPartOf":{"@id":"https:\/\/hlrnet.com\/sites\/#website"},"datePublished":"2018-04-08T07:56:20+00:00","dateModified":"2023-09-21T15:19:43+00:00","breadcrumb":{"@id":"https:\/\/hlrnet.com\/sites\/onderwijs\/instellingen-organisaties-en-bedrijven\/#breadcrumb"},"inLanguage":"en-US","potentialAction":[{"@type":"ReadAction","target":["https:\/\/hlrnet.com\/sites\/onderwijs\/instellingen-organisaties-en-bedrijven\/"]}]},{"@type":"BreadcrumbList","@id":"https:\/\/hlrnet.com\/sites\/onderwijs\/instellingen-organisaties-en-bedrijven\/#breadcrumb","itemListElement":[{"@type":"ListItem","position":1,"name":"Home","item":"https:\/\/hlrnet.com\/sites\/"},{"@type":"ListItem","position":2,"name":"Onderwijs","item":"https:\/\/hlrnet.com\/sites\/onderwijs\/"},{"@type":"ListItem","position":3,"name":"Instellingen, organisaties en bedrijven"}]},{"@type":"WebSite","@id":"https:\/\/hlrnet.com\/sites\/#website","url":"https:\/\/hlrnet.com\/sites\/","name":"hlrnet.com","description":"Hans Le Roy","publisher":{"@id":"https:\/\/hlrnet.com\/sites\/#organization"},"potentialAction":[{"@type":"SearchAction","target":{"@type":"EntryPoint","urlTemplate":"https:\/\/hlrnet.com\/sites\/?s={search_term_string}"},"query-input":{"@type":"PropertyValueSpecification","valueRequired":true,"valueName":"search_term_string"}}],"inLanguage":"en-US"},{"@type":"Organization","@id":"https:\/\/hlrnet.com\/sites\/#organization","name":"hlrnet.com","url":"https:\/\/hlrnet.com\/sites\/","logo":{"@type":"ImageObject","inLanguage":"en-US","@id":"https:\/\/hlrnet.com\/sites\/#\/schema\/logo\/image\/","url":"https:\/\/hlrnet.com\/sites\/wp-content\/uploads\/2018\/04\/cropped-default512x512-trans-1.png","contentUrl":"https:\/\/hlrnet.com\/sites\/wp-content\/uploads\/2018\/04\/cropped-default512x512-trans-1.png","width":512,"height":160,"caption":"hlrnet.com"},"image":{"@id":"https:\/\/hlrnet.com\/sites\/#\/schema\/logo\/image\/"}}]}},"publishpress_future_action":{"enabled":false,"date":"2026-05-01 23:56:28","action":"change-status","newStatus":"draft","terms":[],"taxonomy":"","extraData":[]},"publishpress_future_workflow_manual_trigger":{"enabledWorkflows":[]},"_links":{"self":[{"href":"https:\/\/hlrnet.com\/sites\/wp-json\/wp\/v2\/pages\/580","targetHints":{"allow":["GET"]}}],"collection":[{"href":"https:\/\/hlrnet.com\/sites\/wp-json\/wp\/v2\/pages"}],"about":[{"href":"https:\/\/hlrnet.com\/sites\/wp-json\/wp\/v2\/types\/page"}],"author":[{"embeddable":true,"href":"https:\/\/hlrnet.com\/sites\/wp-json\/wp\/v2\/users\/1"}],"replies":[{"embeddable":true,"href":"https:\/\/hlrnet.com\/sites\/wp-json\/wp\/v2\/comments?post=580"}],"version-history":[{"count":0,"href":"https:\/\/hlrnet.com\/sites\/wp-json\/wp\/v2\/pages\/580\/revisions"}],"up":[{"embeddable":true,"href":"https:\/\/hlrnet.com\/sites\/wp-json\/wp\/v2\/pages\/494"}],"wp:attachment":[{"href":"https:\/\/hlrnet.com\/sites\/wp-json\/wp\/v2\/media?parent=580"}],"curies":[{"name":"wp","href":"https:\/\/api.w.org\/{rel}","templated":true}]}}