{"id":568,"date":"2018-04-08T07:42:08","date_gmt":"2018-04-08T07:42:08","guid":{"rendered":"http:\/\/hlrnet.com\/sites\/?page_id=568"},"modified":"2026-03-04T08:53:17","modified_gmt":"2026-03-04T08:53:17","slug":"milieu","status":"publish","type":"page","link":"https:\/\/hlrnet.com\/sites\/onderwijs\/milieu\/","title":{"rendered":"Milieu"},"content":{"rendered":"<span class=\"span-reading-time rt-reading-time\" style=\"display: block;\"><span class=\"rt-label rt-prefix\">Reading Time: <\/span> <span class=\"rt-time\"> &lt; 1<\/span> <span class=\"rt-label rt-postfix\">minute<\/span><\/span><p>BE<\/p>\n<ul>\n<li><a href=\"https:\/\/www.bondbeterleefmilieu.be\/\" target=\"_blank\" rel=\"noopener noreferrer\">Bond Beter Leefmilieu<\/a><\/li>\n<li><a href=\"https:\/\/www.ibgebim.be\/\" target=\"_blank\" rel=\"noopener noreferrer\">Brussels Instituut voor Milieubeheer<\/a><\/li>\n<li><a href=\"https:\/\/www.ecoscore.be\">Ecoscore<\/a>: ecoscore van oude en nieuwe auto&#8217;s<\/li>\n<li><a href=\"https:\/\/www.energywatchers.be\" target=\"_blank\" rel=\"noopener noreferrer\">Energiewatchers<\/a>: bereken je CO<sub>2 <\/sub>uitstoot<\/li>\n<li><a href=\"https:\/\/www.emis.vito.be\/\" target=\"_blank\" rel=\"noopener noreferrer\">Energie en Milieu Informatiesysteem voor het Vlaams Gewest<\/a><\/li>\n<li><a href=\"https:\/\/www.energiesparen.be\/\">Energiesparen<\/a><\/li>\n<li><a href=\"https:\/\/www.energywatchers.be\">Energiewatchers<\/a><\/li>\n<li><a href=\"https:\/\/www.frdo.be\/\" target=\"_blank\" rel=\"noopener noreferrer\">FRDO &#8211; Federale Raad voor Duurzame Ontwikkeling <\/a><\/li>\n<li><a href=\"https:\/\/hetkanwel.nl\/\">HetKanWel<\/a>: groener, eerlijker en leuker leven<\/li>\n<li><a href=\"https:\/\/www.iddweb.be\/\" target=\"_blank\" rel=\"noopener noreferrer\">Institut pour un D\u00e9veloppement Durable<\/a><\/li>\n<li><a href=\"https:\/\/www.inbo.be\">Instituut voor Natuur- en Bosonderzoek<\/a><\/li>\n<li><a href=\"https:\/\/www.kustatlas.be\/\" target=\"_blank\" rel=\"noopener noreferrer\">Kustatlas<\/a><\/li>\n<li><a href=\"https:\/\/www.milieukoopwijzer.be\/\" target=\"_blank\" rel=\"noopener noreferrer\">Milieukoopwijzer<\/a><\/li>\n<li><a href=\"https:\/\/www.mondequibouge.be\">Monde qui bouge<\/a><\/li>\n<li><a href=\"https:\/\/www.milieuzorgopschool.be\" target=\"_blank\" rel=\"noopener noreferrer\">MOS: Milieuzorg op School<\/a><\/li>\n<li><a href=\"https:\/\/www.natuurpunt.be\/\" target=\"_blank\" rel=\"noopener noreferrer\">Natuurpunt<\/a><\/li>\n<li><a href=\"https:\/\/www.ovam.be\/\" target=\"_blank\" rel=\"noopener noreferrer\">Ovam<\/a><\/li>\n<li><a href=\"https:\/\/www.parcchlorophylle.com\/\" target=\"_blank\" rel=\"noopener noreferrer\">Parc Chlorophylle <\/a><\/li>\n<li><a href=\"https:\/\/www.polarfoundation.org\/\" target=\"_blank\" rel=\"noopener noreferrer\">Polar Foundation <\/a><\/li>\n<li><a href=\"https:\/\/www.pime.be\/\" target=\"_blank\" rel=\"noopener noreferrer\">PIME &#8211; Provinciaal Instituut voor Milieu Educatie<\/a><\/li>\n<li><a href=\"https:\/\/www.properelucht.be\">Properelucht<\/a><\/li>\n<li>Recyclage\n<ul>\n<li><a href=\"https:\/\/www.recycle-more.co.uk\/\">Recycle More<\/a><\/li>\n<li><a href=\"https:\/\/recycleright.org\/\">Recycle Right<\/a><\/li>\n<li>BE<\/li>\n<li><a href=\"https:\/\/www.recupel.be\/\">Recupel<\/a><\/li>\n<li><a href=\"https:\/\/rotordc.com\/\">Rotor Deconstruction<\/a><\/li>\n<\/ul>\n<\/li>\n<li><a href=\"https:\/\/www.symbioses.be\/\">Symbioses<\/a>: magazine de l&#8217;Education relative \u00e0 l&#8217;Environnement<\/li>\n<li><a href=\"https:\/\/www.vlm.be\/\" target=\"_blank\" rel=\"noopener noreferrer\">Vlaamse Landmaatschappij<\/a><\/li>\n<li><a href=\"https:\/\/www.velt.be\/\">VELT<\/a>: Ecologisch leven en tuinieren<\/li>\n<li><a href=\"https:\/\/www.watetenwemorgen.be\/\">Wat eten we morgen?<\/a><\/li>\n<\/ul>\n<p>NL<\/p>\n<ul>\n<li><a href=\"https:\/\/www.cleartechnology.nl\/\">ClearTechnology<\/a><\/li>\n<li><a href=\"https:\/\/www.emissierechten.nl\/\" target=\"_blank\" rel=\"noopener noreferrer\">Emissierechten<\/a><\/li>\n<li><a href=\"https:\/\/www.milieucentraal.nl\/\" target=\"_blank\" rel=\"noopener noreferrer\">Milieu Centraal<\/a><\/li>\n<li><a href=\"https:\/\/milieu.startpagina.nl\/\" target=\"_blank\" rel=\"noopener noreferrer\">Milieu.startpagina<\/a><\/li>\n<li><a href=\"https:\/\/www.neeltjejans.nl\/\" target=\"_blank\" rel=\"noopener noreferrer\">Neeltje Jans<\/a>: waterpark<\/li>\n<li><a href=\"https:\/\/natuurenmilieu.nl\/\" target=\"_blank\" rel=\"noopener noreferrer\">Stichting Natuur en milieu<\/a><\/li>\n<\/ul>\n<p>USA<\/p>\n<ul>\n<li><a href=\"https:\/\/www.pollutiononline.com\/\" target=\"_blank\" rel=\"noopener noreferrer\">Pollution Online<\/a>: digital marketplace for the pollution prevention industry<\/li>\n<\/ul>\n<p>FR<\/p>\n<ul>\n<li><a href=\"https:\/\/www.ademe.fr\/\">Ademe<\/a>: agence de l&#8217;environnement et de la ma\u00eetrise de l&#8217;\u00e9nergie<\/li>\n<li><a href=\"https:\/\/www.developpement-durable.gouv.fr\/\">Minist\u00e8re de l&#8217;\u00e9cologie du d\u00e9veloppement et de l&#8217;am\u00e9nagement durables<\/a><\/li>\n<\/ul>\n<p>Internationaal<\/p>\n<ul>\n<li><a href=\"https:\/\/www.ademe.fr\/\">Ademe<\/a>: agence de l&#8217;environnement et de la ma\u00eetrise de l&#8217;\u00e9nergie (FR)<\/li>\n<li><a href=\"https:\/\/cool.greenlearning.ca\/\">Cool 2.0<\/a><\/li>\n<li><a href=\"https:\/\/climate.nasa.gov\/\">NASA Global Climate Change &#8211; Vital signs<\/a><\/li>\n<li><a href=\"https:\/\/www.teebweb.org\/\">The Economics of Ecosystems and Biodiversity (TEEB)<\/a><\/li>\n<li><a href=\"https:\/\/www.worldwatercouncil.org\/\" target=\"_blank\" rel=\"noopener noreferrer\">World Water Council<\/a><\/li>\n<li><a href=\"https:\/\/www.wwf.org\/\" target=\"_blank\" rel=\"noopener noreferrer\">WWF<\/a><\/li>\n<\/ul>\n<span class=\"last-modified-timestamp\">Mar 4, 2026 @ 8:53 am<\/span>\n","protected":false},"excerpt":{"rendered":"<p><span class=\"span-reading-time rt-reading-time\" style=\"display: block;\"><span class=\"rt-label rt-prefix\">Reading Time: <\/span> <span class=\"rt-time\"> &lt; 1<\/span> <span class=\"rt-label rt-postfix\">minute<\/span><\/span>BE Bond Beter Leefmilieu Brussels Instituut voor Milieubeheer Ecoscore: ecoscore van oude en nieuwe auto&#8217;s Energiewatchers: bereken je CO2 uitstoot Energie en Milieu Informatiesysteem voor het Vlaams Gewest Energiesparen Energiewatchers FRDO &#8211; Federale Raad voor Duurzame Ontwikkeling HetKanWel: groener, eerlijker en leuker leven Institut pour un D\u00e9veloppement Durable Instituut voor<\/p>\n","protected":false},"author":1,"featured_media":0,"parent":494,"menu_order":0,"comment_status":"closed","ping_status":"closed","template":"","meta":{"iawp_total_views":7,"footnotes":"","_wp_rev_ctl_limit":""},"class_list":["post-568","page","type-page","status-publish","hentry"],"yoast_head":"<!-- This site is optimized with the Yoast SEO plugin v27.4 - https:\/\/yoast.com\/product\/yoast-seo-wordpress\/ -->\n<title>Milieu - hlrnet.com<\/title>\n<meta name=\"robots\" content=\"index, follow, max-snippet:-1, max-image-preview:large, max-video-preview:-1\" \/>\n<link rel=\"canonical\" href=\"https:\/\/hlrnet.com\/sites\/onderwijs\/milieu\/\" \/>\n<meta property=\"og:locale\" content=\"en_US\" \/>\n<meta property=\"og:type\" content=\"article\" \/>\n<meta property=\"og:title\" content=\"Milieu - hlrnet.com\" \/>\n<meta property=\"og:description\" content=\"Reading Time:  &lt; 1 minuteBE Bond Beter Leefmilieu Brussels Instituut voor Milieubeheer Ecoscore: ecoscore van oude en nieuwe auto&#8217;s Energiewatchers: bereken je CO2 uitstoot Energie en Milieu Informatiesysteem voor het Vlaams Gewest Energiesparen Energiewatchers FRDO &#8211; Federale Raad voor Duurzame Ontwikkeling HetKanWel: groener, eerlijker en leuker leven Institut pour un D\u00e9veloppement Durable Instituut voor\" \/>\n<meta property=\"og:url\" content=\"https:\/\/hlrnet.com\/sites\/onderwijs\/milieu\/\" \/>\n<meta property=\"og:site_name\" content=\"hlrnet.com\" \/>\n<meta property=\"article:modified_time\" content=\"2026-03-04T08:53:17+00:00\" \/>\n<meta name=\"twitter:card\" content=\"summary_large_image\" \/>\n<meta name=\"twitter:label1\" content=\"Est. reading time\" \/>\n\t<meta name=\"twitter:data1\" content=\"1 minute\" \/>\n<script type=\"application\/ld+json\" class=\"yoast-schema-graph\">{\"@context\":\"https:\\\/\\\/schema.org\",\"@graph\":[{\"@type\":\"WebPage\",\"@id\":\"https:\\\/\\\/hlrnet.com\\\/sites\\\/onderwijs\\\/milieu\\\/\",\"url\":\"https:\\\/\\\/hlrnet.com\\\/sites\\\/onderwijs\\\/milieu\\\/\",\"name\":\"Milieu - hlrnet.com\",\"isPartOf\":{\"@id\":\"https:\\\/\\\/hlrnet.com\\\/sites\\\/#website\"},\"datePublished\":\"2018-04-08T07:42:08+00:00\",\"dateModified\":\"2026-03-04T08:53:17+00:00\",\"breadcrumb\":{\"@id\":\"https:\\\/\\\/hlrnet.com\\\/sites\\\/onderwijs\\\/milieu\\\/#breadcrumb\"},\"inLanguage\":\"en-US\",\"potentialAction\":[{\"@type\":\"ReadAction\",\"target\":[\"https:\\\/\\\/hlrnet.com\\\/sites\\\/onderwijs\\\/milieu\\\/\"]}]},{\"@type\":\"BreadcrumbList\",\"@id\":\"https:\\\/\\\/hlrnet.com\\\/sites\\\/onderwijs\\\/milieu\\\/#breadcrumb\",\"itemListElement\":[{\"@type\":\"ListItem\",\"position\":1,\"name\":\"Home\",\"item\":\"https:\\\/\\\/hlrnet.com\\\/sites\\\/\"},{\"@type\":\"ListItem\",\"position\":2,\"name\":\"Onderwijs\",\"item\":\"https:\\\/\\\/hlrnet.com\\\/sites\\\/onderwijs\\\/\"},{\"@type\":\"ListItem\",\"position\":3,\"name\":\"Milieu\"}]},{\"@type\":\"WebSite\",\"@id\":\"https:\\\/\\\/hlrnet.com\\\/sites\\\/#website\",\"url\":\"https:\\\/\\\/hlrnet.com\\\/sites\\\/\",\"name\":\"hlrnet.com\",\"description\":\"Hans Le Roy\",\"publisher\":{\"@id\":\"https:\\\/\\\/hlrnet.com\\\/sites\\\/#organization\"},\"potentialAction\":[{\"@type\":\"SearchAction\",\"target\":{\"@type\":\"EntryPoint\",\"urlTemplate\":\"https:\\\/\\\/hlrnet.com\\\/sites\\\/?s={search_term_string}\"},\"query-input\":{\"@type\":\"PropertyValueSpecification\",\"valueRequired\":true,\"valueName\":\"search_term_string\"}}],\"inLanguage\":\"en-US\"},{\"@type\":\"Organization\",\"@id\":\"https:\\\/\\\/hlrnet.com\\\/sites\\\/#organization\",\"name\":\"hlrnet.com\",\"url\":\"https:\\\/\\\/hlrnet.com\\\/sites\\\/\",\"logo\":{\"@type\":\"ImageObject\",\"inLanguage\":\"en-US\",\"@id\":\"https:\\\/\\\/hlrnet.com\\\/sites\\\/#\\\/schema\\\/logo\\\/image\\\/\",\"url\":\"https:\\\/\\\/hlrnet.com\\\/sites\\\/wp-content\\\/uploads\\\/2018\\\/04\\\/cropped-default512x512-trans-1.png\",\"contentUrl\":\"https:\\\/\\\/hlrnet.com\\\/sites\\\/wp-content\\\/uploads\\\/2018\\\/04\\\/cropped-default512x512-trans-1.png\",\"width\":512,\"height\":160,\"caption\":\"hlrnet.com\"},\"image\":{\"@id\":\"https:\\\/\\\/hlrnet.com\\\/sites\\\/#\\\/schema\\\/logo\\\/image\\\/\"}}]}<\/script>\n<!-- \/ Yoast SEO plugin. -->","yoast_head_json":{"title":"Milieu - hlrnet.com","robots":{"index":"index","follow":"follow","max-snippet":"max-snippet:-1","max-image-preview":"max-image-preview:large","max-video-preview":"max-video-preview:-1"},"canonical":"https:\/\/hlrnet.com\/sites\/onderwijs\/milieu\/","og_locale":"en_US","og_type":"article","og_title":"Milieu - hlrnet.com","og_description":"Reading Time:  &lt; 1 minuteBE Bond Beter Leefmilieu Brussels Instituut voor Milieubeheer Ecoscore: ecoscore van oude en nieuwe auto&#8217;s Energiewatchers: bereken je CO2 uitstoot Energie en Milieu Informatiesysteem voor het Vlaams Gewest Energiesparen Energiewatchers FRDO &#8211; Federale Raad voor Duurzame Ontwikkeling HetKanWel: groener, eerlijker en leuker leven Institut pour un D\u00e9veloppement Durable Instituut voor","og_url":"https:\/\/hlrnet.com\/sites\/onderwijs\/milieu\/","og_site_name":"hlrnet.com","article_modified_time":"2026-03-04T08:53:17+00:00","twitter_card":"summary_large_image","twitter_misc":{"Est. reading time":"1 minute"},"schema":{"@context":"https:\/\/schema.org","@graph":[{"@type":"WebPage","@id":"https:\/\/hlrnet.com\/sites\/onderwijs\/milieu\/","url":"https:\/\/hlrnet.com\/sites\/onderwijs\/milieu\/","name":"Milieu - hlrnet.com","isPartOf":{"@id":"https:\/\/hlrnet.com\/sites\/#website"},"datePublished":"2018-04-08T07:42:08+00:00","dateModified":"2026-03-04T08:53:17+00:00","breadcrumb":{"@id":"https:\/\/hlrnet.com\/sites\/onderwijs\/milieu\/#breadcrumb"},"inLanguage":"en-US","potentialAction":[{"@type":"ReadAction","target":["https:\/\/hlrnet.com\/sites\/onderwijs\/milieu\/"]}]},{"@type":"BreadcrumbList","@id":"https:\/\/hlrnet.com\/sites\/onderwijs\/milieu\/#breadcrumb","itemListElement":[{"@type":"ListItem","position":1,"name":"Home","item":"https:\/\/hlrnet.com\/sites\/"},{"@type":"ListItem","position":2,"name":"Onderwijs","item":"https:\/\/hlrnet.com\/sites\/onderwijs\/"},{"@type":"ListItem","position":3,"name":"Milieu"}]},{"@type":"WebSite","@id":"https:\/\/hlrnet.com\/sites\/#website","url":"https:\/\/hlrnet.com\/sites\/","name":"hlrnet.com","description":"Hans Le Roy","publisher":{"@id":"https:\/\/hlrnet.com\/sites\/#organization"},"potentialAction":[{"@type":"SearchAction","target":{"@type":"EntryPoint","urlTemplate":"https:\/\/hlrnet.com\/sites\/?s={search_term_string}"},"query-input":{"@type":"PropertyValueSpecification","valueRequired":true,"valueName":"search_term_string"}}],"inLanguage":"en-US"},{"@type":"Organization","@id":"https:\/\/hlrnet.com\/sites\/#organization","name":"hlrnet.com","url":"https:\/\/hlrnet.com\/sites\/","logo":{"@type":"ImageObject","inLanguage":"en-US","@id":"https:\/\/hlrnet.com\/sites\/#\/schema\/logo\/image\/","url":"https:\/\/hlrnet.com\/sites\/wp-content\/uploads\/2018\/04\/cropped-default512x512-trans-1.png","contentUrl":"https:\/\/hlrnet.com\/sites\/wp-content\/uploads\/2018\/04\/cropped-default512x512-trans-1.png","width":512,"height":160,"caption":"hlrnet.com"},"image":{"@id":"https:\/\/hlrnet.com\/sites\/#\/schema\/logo\/image\/"}}]}},"publishpress_future_action":{"enabled":false,"date":"2026-05-01 17:22:18","action":"change-status","newStatus":"draft","terms":[],"taxonomy":"","extraData":[]},"publishpress_future_workflow_manual_trigger":{"enabledWorkflows":[]},"_links":{"self":[{"href":"https:\/\/hlrnet.com\/sites\/wp-json\/wp\/v2\/pages\/568","targetHints":{"allow":["GET"]}}],"collection":[{"href":"https:\/\/hlrnet.com\/sites\/wp-json\/wp\/v2\/pages"}],"about":[{"href":"https:\/\/hlrnet.com\/sites\/wp-json\/wp\/v2\/types\/page"}],"author":[{"embeddable":true,"href":"https:\/\/hlrnet.com\/sites\/wp-json\/wp\/v2\/users\/1"}],"replies":[{"embeddable":true,"href":"https:\/\/hlrnet.com\/sites\/wp-json\/wp\/v2\/comments?post=568"}],"version-history":[{"count":0,"href":"https:\/\/hlrnet.com\/sites\/wp-json\/wp\/v2\/pages\/568\/revisions"}],"up":[{"embeddable":true,"href":"https:\/\/hlrnet.com\/sites\/wp-json\/wp\/v2\/pages\/494"}],"wp:attachment":[{"href":"https:\/\/hlrnet.com\/sites\/wp-json\/wp\/v2\/media?parent=568"}],"curies":[{"name":"wp","href":"https:\/\/api.w.org\/{rel}","templated":true}]}}