{"id":515,"date":"2018-04-07T09:45:21","date_gmt":"2018-04-07T09:45:21","guid":{"rendered":"http:\/\/hlrnet.com\/sites\/?page_id=515"},"modified":"2025-12-16T08:48:54","modified_gmt":"2025-12-16T08:48:54","slug":"talen","status":"publish","type":"page","link":"https:\/\/hlrnet.com\/sites\/onderwijs\/talen\/","title":{"rendered":"Talen"},"content":{"rendered":"<span class=\"span-reading-time rt-reading-time\" style=\"display: block;\"><span class=\"rt-label rt-prefix\">Reading Time: <\/span> <span class=\"rt-time\"> 2<\/span> <span class=\"rt-label rt-postfix\">minutes<\/span><\/span><ul>\n<li><a href=\"https:\/\/www.actfl.org\/\">ACTFL<\/a> &#8211; American Council on the Teaching of Foreign Languages\n<ul>\n<li><a href=\"https:\/\/www.actfl.org\/publications\/guidelines-and-manuals\/actfl-proficiency-guidelines-2012\">ACTFL Proficiency Guidelines<\/a><\/li>\n<\/ul>\n<\/li>\n<li><a href=\"https:\/\/usuaris.tinet.cat\/mgine\/\" target=\"_blank\" rel=\"noopener noreferrer\">AilifiliA<\/a>, la web dels pal\u00edndroms<\/li>\n<li>Apps en applicaties om zelfstandig talen te leren\n<ul>\n<li><a href=\"https:\/\/babadum.com\/\">Ba Ba Dum<\/a><\/li>\n<li><a href=\"https:\/\/www.babbel.com\/\">Babbel<\/a>: learn languages online (Spanish, French, Italian, English, German)<\/li>\n<li><a href=\"https:\/\/babel.com\/\">Babel<\/a><\/li>\n<li><a href=\"https:\/\/bab.la\/\">Bab.la<\/a><\/li>\n<li><a href=\"https:\/\/www.busuu.com\/\">Busuu<\/a><\/li>\n<li><a href=\"https:\/\/www.clozemaster.com\/\">Clozemaster<\/a><\/li>\n<li><a href=\"https:\/\/www.duolingo.com\/\">Duolingo<\/a><\/li>\n<li><a href=\"https:\/\/ai.glossika.com\/\">Glossika<\/a><\/li>\n<li><a href=\"https:\/\/gopenpal.ai\/\">GoPENPAL.ai<\/a><\/li>\n<li><a href=\"https:\/\/www.italki.com\/\">italki<\/a><\/li>\n<li><a href=\"https:\/\/www.lingoda.com\/\">Lingoda<\/a><\/li>\n<li><a href=\"https:\/\/www.lingualia.com\/\">Lingualia<\/a>: learn languages online<\/li>\n<li><a href=\"https:\/\/www.lingq.com\/\">Lingq<\/a><\/li>\n<li><a href=\"https:\/\/lingvist.com\/\">Lingvist<\/a><\/li>\n<li><a href=\"https:\/\/www.memrise.com\/\">Memrise<\/a><\/li>\n<li><a href=\"https:\/\/www.mondly.com\/\">Mondly<\/a><\/li>\n<li><a href=\"https:\/\/talkpal.ai\/\">Talkpal.ai<\/a><\/li>\n<li><a href=\"https:\/\/jointoucan.com\">Toucan<\/a><\/li>\n<li><a href=\"https:\/\/wlingua.com\/\">Wlingua<\/a><\/li>\n<li><a href=\"https:\/\/www.yabla.com\/\">Yabla<\/a><\/li>\n<\/ul>\n<\/li>\n<li><a href=\"https:\/\/www.atolo.eu\/\">Atolo<\/a>: evaluatieplatform<\/li>\n<li><a href=\"http:\/\/www.babel-web.eu\/\">Babel-web<\/a><\/li>\n<li><a href=\"https:\/\/www.bitgab.com\/\">Bitgab<\/a><\/li>\n<li><a href=\"https:\/\/www.busuu.com\/\">Busuu<\/a> language learning community<\/li>\n<li><a href=\"https:\/\/www.carla.umn.edu\/\">CARLA: Center for Advanced Research on Language Acquisition<\/a><\/li>\n<li><a href=\"https:\/\/www.verbix.com\" target=\"_blank\" rel=\"noopener noreferrer\">Conjugue<\/a><\/li>\n<li><a href=\"https:\/\/www.dexway.com\/\">Dexway<\/a>: online talen leren<\/li>\n<li><a href=\"https:\/\/www.duolingo.com\/\">Duolingo<\/a>: online woordjes leren van een vreemde taal<\/li>\n<li><a href=\"https:\/\/www.enchantedlearning.com\/\">EnchantedLearning<\/a>: afbeeldingen voor talenonderwijs<\/li>\n<li><a href=\"https:\/\/www.ealta.eu.org\/\">European Association for Language Testing and Assessment<\/a> (EALTA)<\/li>\n<li><a href=\"https:\/\/www.epg-project.eu\/\">European Profiling Grid for language teachers (EPG) <\/a><\/li>\n<li><a href=\"https:\/\/www.coe.int\/en\/web\/portfolio\">Europees taalportfolio<\/a><\/li>\n<li><a href=\"https:\/\/www.erk.nl\/\">ERK.nl<\/a><\/li>\n<li><a href=\"https:\/\/www.coerll.utexas.edu\/methods\/\">Foreign Language teaching methods<\/a> (Univ. texas)<\/li>\n<li><a href=\"https:\/\/www.forvo.com\/\">Forvo<\/a>: uitspraakwoordenboek<\/li>\n<li><a href=\"https:\/\/www.goethe-verlag.com\/tests\/EN\">Goethe tests<\/a>: online talentests<\/li>\n<li><a href=\"https:\/\/www.gutenberg.org\/\" target=\"_blank\" rel=\"noopener noreferrer\">Project Gutenberg<\/a> is a project for electronic publishing of literature. Texts are being processed and distributed in electronic form.<\/li>\n<li><a href=\"https:\/\/europa.eu\/languages\">Europa: multilinguism<\/a><\/li>\n<li><a href=\"https:\/\/www.esperantic.org\/\" target=\"_blank\" rel=\"noopener noreferrer\">Esperantic Studies<\/a><\/li>\n<li><a href=\"https:\/\/www.filta.org.uk\/\">FILTA: Film in Language Teaching Association<\/a><\/li>\n<li><a href=\"https:\/\/www.forvo.com\/\">Forvo<\/a>: all the words in the world, pronounced<\/li>\n<li><a href=\"https:\/\/taalklas2punt0.blogspot.be\/\">ICT en het web 2.0 in de taalklas<\/a> (Frederik De Baets)<\/li>\n<li>ICT tools: Videospelen\n<ul>\n<li><a href=\"https:\/\/runescape.com\/\">Runescape<\/a> (EN &#8211; DU &#8211; FR &#8211; BR)<\/li>\n<li><a href=\"https:\/\/travian.com\/\">Travian<\/a><\/li>\n<\/ul>\n<\/li>\n<li>Idee\u00ebn en materialen (zie ook: <a href=\"https:\/\/hlrnet.com\/sites\/onderwijs\/nederlands\/\">NL\/NT2<\/a> &#8211; <a href=\"https:\/\/hlrnet.com\/sites\/alt164\/la-lengua-espanola-en-internet\/\">ES<\/a> &#8211; <a href=\"https:\/\/hlrnet.com\/sites\/alt128\/la-langue-francaise\/\">FR<\/a> &#8211; <a href=\"https:\/\/hlrnet.com\/sites\/onderwijs\/engels\/\">EN<\/a>)\n<ul>\n<li><a href=\"https:\/\/www.creativelanguageclass.com\/\">Creative language class<\/a><\/li>\n<li><a href=\"https:\/\/www.tefl.net\/esl-lesson-plans\/\">TEFLnet<\/a><\/li>\n<\/ul>\n<\/li>\n<li><a href=\"https:\/\/www.iatblt.org\/\">International Association for Task-Based Language Teaching<\/a><\/li>\n<li><a href=\"https:\/\/jakubmarian.com\/\">Jakub Marian&#8217;s Educational blog<\/a><\/li>\n<li>Journals &#8211; Tijdschriften\n<ul>\n<li><a href=\"https:\/\/academic.oup.com\/eltj\/\">ELT Journal<\/a><\/li>\n<li><a href=\"https:\/\/onlinelibrary.wiley.com\/journal\/10.1111\/%28ISSN%291944-9720\">Foreign Language Annals<\/a><\/li>\n<li><a href=\"https:\/\/onlinelibrary.wiley.com\/journal\/10.1111\/%28ISSN%291473-4192\">International Journal of Applied Linguistics<\/a><\/li>\n<li><a href=\"https:\/\/onlinelibrary.wiley.com\/journal\/14679922\">Language Learning<\/a><\/li>\n<li><a href=\"https:\/\/llt.msu.edu\">Language Learning &amp; Technology<\/a><\/li>\n<li><a href=\"https:\/\/www.degruyter.com\/view\/j\/cercles\">Language Learning in Higher Education<\/a><\/li>\n<li><a href=\"https:\/\/mjltm.org\/en\/\">Modern Journal of Language Teaching Methods (MJLTM)<\/a><\/li>\n<li><a href=\"https:\/\/www.cambridge.org\/core\/journals\/studies-in-second-language-acquisition\">Studies in Second Language Acquisition<\/a><\/li>\n<li><a href=\"https:\/\/www.journals.elsevier.com\/system\">System: An International Journal of Educational Technology and Applied Linguistics<\/a><\/li>\n<li><a href=\"https:\/\/kiosko.net\/\">Kiosko<\/a>: press overview per country<\/li>\n<\/ul>\n<\/li>\n<li><a href=\"https:\/\/en.langolab.com\/\">LangoLAB<\/a><\/li>\n<li><a href=\"https:\/\/www.language-lab.org\/\">Language-Lab<\/a><\/li>\n<li><a href=\"https:\/\/sourceforge.net\/projects\/wlledit\/\">WLL: lesson editor<\/a><\/li>\n<li><a href=\"https:\/\/www.languagetesting.com\/\" target=\"_blank\" rel=\"noopener noreferrer\">Languagetesting.com<\/a><\/li>\n<li><a href=\"https:\/\/www.klascement.net\/talen\/\">De lat hoog voor talen<\/a><\/li>\n<li><a href=\"https:\/\/www.leren.nl\/rubriek\/talen\/engels\/\" target=\"_blank\" rel=\"noopener noreferrer\">Leren.nl: Talen<\/a><\/li>\n<li><a href=\"https:\/\/www.levendetalen.nl\/\" target=\"_blank\" rel=\"noopener noreferrer\">Levendetalen.nl<\/a><\/li>\n<li><a href=\"https:\/\/www.livemocha.com\/\">LiveMocha<\/a>: Language Learning Community<\/li>\n<li><a href=\"https:\/\/www.logos.it\/\" target=\"_blank\" rel=\"noopener noreferrer\">Logos<\/a><\/li>\n<li><a href=\"https:\/\/www.memrise.com\/\">Memrise<\/a><\/li>\n<li><a href=\"https:\/\/miscositas.com\/\">MisCositas<\/a>: ESL, Spaans, Frans, Chinees<\/li>\n<li><a href=\"https:\/\/www.mots-caches.net\/\" target=\"_blank\" rel=\"noopener noreferrer\">Mots cach\u00e9s, m\u00eal\u00e9s<\/a><\/li>\n<li><a href=\"https:\/\/www.mylanguageexchange.com\/Learn_spn\/spanish.asp\">MyLanguageExchange<\/a><\/li>\n<li><a href=\"https:\/\/nclrc.org\/\">National Capitol Language Resource Center<\/a><\/li>\n<li><a href=\"https:\/\/www.onlinenewspapers.com\/\">Onlinenewspapers<\/a>: Online Newspaper Directory for the World<\/li>\n<li><a href=\"https:\/\/www.peptalkradio.com\/\">Pep-talk<\/a>: online language events \/ culture exchange<\/li>\n<li>Referentiekader\n<ul>\n<li><a href=\"https:\/\/www.eaquals.org\/\" target=\"_blank\" rel=\"noopener noreferrer\">AEQUALS<\/a><\/li>\n<li><a href=\"https:\/\/www.alte.org\/\" target=\"_blank\" rel=\"noopener noreferrer\">ALTE: European Association of Language Testers<\/a><\/li>\n<li><a href=\"https:\/\/eclexam.eu\/\">ECL examination system<\/a><\/li>\n<li><a href=\"https:\/\/www.erk.nl\/\">ERK.nl: Europees Referentiekader Talen<\/a><\/li>\n<li><a href=\"https:\/\/www.euroexam.org\/\">Euroexam<\/a><\/li>\n<li><a href=\"https:\/\/www.coe.int\/en\/web\/portfolio\">Europees Taalportfolio<\/a><\/li>\n<\/ul>\n<\/li>\n<li><a href=\"https:\/\/www.speakapps.eu\/\">SpeakApps<\/a>: activities to encourage oral practice among foreign language students<\/li>\n<li><a href=\"https:\/\/www.taalsector.be\/\">De taalsector<\/a><\/li>\n<li><a href=\"https:\/\/europass.cedefop.europa.eu\/\">Talenpaspoort<\/a><\/li>\n<li>Uitwisselingen &#8211; praten\/schrijven met native speakers\n<ul>\n<li><a href=\"https:\/\/www.hellotalk.com\/\">HelloTalk<\/a><\/li>\n<li><a href=\"https:\/\/www.italki.com\/\">italki<\/a><\/li>\n<li><a href=\"https:\/\/www.lingbe.com\/\">Lingbe<\/a><\/li>\n<li><a href=\"https:\/\/www.language-exchanges.org\/\">The Mixxer<\/a><\/li>\n<li><a href=\"https:\/\/www.mylanguageexchange.com\/\">mylanguageexchange<\/a><\/li>\n<li><a href=\"https:\/\/www.speaky.com\/\">Speaky<\/a><\/li>\n<\/ul>\n<\/li>\n<li><a href=\"https:\/\/www.voki.com\/\">Voki<\/a>: create speaking avatars<\/li>\n<li><a href=\"https:\/\/www.lognostics.co.uk\/varga\/\">Vocabulary Acquisition Research Group Archive (VARGA)<\/a><\/li>\n<li><a href=\"https:\/\/www.karelvanrompaey.be\/wvt\/nummers.htm\" target=\"_blank\" rel=\"noopener noreferrer\">Werkmap voor Taalonderwijs<\/a><\/li>\n<li><a href=\"https:\/\/www.leren.nl\/rubriek\/talen\/\">Leren.nl: Talen<\/a><\/li>\n<li><a href=\"https:\/\/www.teachertrainingvideos.com\/\">Teacher Training Videos<\/a><\/li>\n<\/ul>\n<span class=\"last-modified-timestamp\">Dec 16, 2025 @ 8:48 am<\/span>\n","protected":false},"excerpt":{"rendered":"<p><span class=\"span-reading-time rt-reading-time\" style=\"display: block;\"><span class=\"rt-label rt-prefix\">Reading Time: <\/span> <span class=\"rt-time\"> 2<\/span> <span class=\"rt-label rt-postfix\">minutes<\/span><\/span>ACTFL &#8211; American Council on the Teaching of Foreign Languages ACTFL Proficiency Guidelines AilifiliA, la web dels pal\u00edndroms Apps en applicaties om zelfstandig talen te leren Ba Ba Dum Babbel: learn languages online (Spanish, French, Italian, English, German) Babel Bab.la Busuu Clozemaster Duolingo Glossika GoPENPAL.ai italki Lingoda Lingualia: learn languages<\/p>\n","protected":false},"author":1,"featured_media":0,"parent":494,"menu_order":0,"comment_status":"closed","ping_status":"closed","template":"","meta":{"iawp_total_views":22,"footnotes":"","_wp_rev_ctl_limit":""},"class_list":["post-515","page","type-page","status-publish","hentry"],"yoast_head":"<!-- This site is optimized with the Yoast SEO plugin v27.4 - https:\/\/yoast.com\/product\/yoast-seo-wordpress\/ -->\n<title>Talen - hlrnet.com<\/title>\n<meta name=\"robots\" content=\"index, follow, max-snippet:-1, max-image-preview:large, max-video-preview:-1\" \/>\n<link rel=\"canonical\" href=\"https:\/\/hlrnet.com\/sites\/onderwijs\/talen\/\" \/>\n<meta property=\"og:locale\" content=\"en_US\" \/>\n<meta property=\"og:type\" content=\"article\" \/>\n<meta property=\"og:title\" content=\"Talen - hlrnet.com\" \/>\n<meta property=\"og:description\" content=\"Reading Time:  2 minutesACTFL &#8211; American Council on the Teaching of Foreign Languages ACTFL Proficiency Guidelines AilifiliA, la web dels pal\u00edndroms Apps en applicaties om zelfstandig talen te leren Ba Ba Dum Babbel: learn languages online (Spanish, French, Italian, English, German) Babel Bab.la Busuu Clozemaster Duolingo Glossika GoPENPAL.ai italki Lingoda Lingualia: learn languages\" \/>\n<meta property=\"og:url\" content=\"https:\/\/hlrnet.com\/sites\/onderwijs\/talen\/\" \/>\n<meta property=\"og:site_name\" content=\"hlrnet.com\" \/>\n<meta property=\"article:modified_time\" content=\"2025-12-16T08:48:54+00:00\" \/>\n<meta name=\"twitter:card\" content=\"summary_large_image\" \/>\n<meta name=\"twitter:label1\" content=\"Est. reading time\" \/>\n\t<meta name=\"twitter:data1\" content=\"2 minutes\" \/>\n<script type=\"application\/ld+json\" class=\"yoast-schema-graph\">{\"@context\":\"https:\\\/\\\/schema.org\",\"@graph\":[{\"@type\":\"WebPage\",\"@id\":\"https:\\\/\\\/hlrnet.com\\\/sites\\\/onderwijs\\\/talen\\\/\",\"url\":\"https:\\\/\\\/hlrnet.com\\\/sites\\\/onderwijs\\\/talen\\\/\",\"name\":\"Talen - hlrnet.com\",\"isPartOf\":{\"@id\":\"https:\\\/\\\/hlrnet.com\\\/sites\\\/#website\"},\"datePublished\":\"2018-04-07T09:45:21+00:00\",\"dateModified\":\"2025-12-16T08:48:54+00:00\",\"breadcrumb\":{\"@id\":\"https:\\\/\\\/hlrnet.com\\\/sites\\\/onderwijs\\\/talen\\\/#breadcrumb\"},\"inLanguage\":\"en-US\",\"potentialAction\":[{\"@type\":\"ReadAction\",\"target\":[\"https:\\\/\\\/hlrnet.com\\\/sites\\\/onderwijs\\\/talen\\\/\"]}]},{\"@type\":\"BreadcrumbList\",\"@id\":\"https:\\\/\\\/hlrnet.com\\\/sites\\\/onderwijs\\\/talen\\\/#breadcrumb\",\"itemListElement\":[{\"@type\":\"ListItem\",\"position\":1,\"name\":\"Home\",\"item\":\"https:\\\/\\\/hlrnet.com\\\/sites\\\/\"},{\"@type\":\"ListItem\",\"position\":2,\"name\":\"Onderwijs\",\"item\":\"https:\\\/\\\/hlrnet.com\\\/sites\\\/onderwijs\\\/\"},{\"@type\":\"ListItem\",\"position\":3,\"name\":\"Talen\"}]},{\"@type\":\"WebSite\",\"@id\":\"https:\\\/\\\/hlrnet.com\\\/sites\\\/#website\",\"url\":\"https:\\\/\\\/hlrnet.com\\\/sites\\\/\",\"name\":\"hlrnet.com\",\"description\":\"Hans Le Roy\",\"publisher\":{\"@id\":\"https:\\\/\\\/hlrnet.com\\\/sites\\\/#organization\"},\"potentialAction\":[{\"@type\":\"SearchAction\",\"target\":{\"@type\":\"EntryPoint\",\"urlTemplate\":\"https:\\\/\\\/hlrnet.com\\\/sites\\\/?s={search_term_string}\"},\"query-input\":{\"@type\":\"PropertyValueSpecification\",\"valueRequired\":true,\"valueName\":\"search_term_string\"}}],\"inLanguage\":\"en-US\"},{\"@type\":\"Organization\",\"@id\":\"https:\\\/\\\/hlrnet.com\\\/sites\\\/#organization\",\"name\":\"hlrnet.com\",\"url\":\"https:\\\/\\\/hlrnet.com\\\/sites\\\/\",\"logo\":{\"@type\":\"ImageObject\",\"inLanguage\":\"en-US\",\"@id\":\"https:\\\/\\\/hlrnet.com\\\/sites\\\/#\\\/schema\\\/logo\\\/image\\\/\",\"url\":\"https:\\\/\\\/hlrnet.com\\\/sites\\\/wp-content\\\/uploads\\\/2018\\\/04\\\/cropped-default512x512-trans-1.png\",\"contentUrl\":\"https:\\\/\\\/hlrnet.com\\\/sites\\\/wp-content\\\/uploads\\\/2018\\\/04\\\/cropped-default512x512-trans-1.png\",\"width\":512,\"height\":160,\"caption\":\"hlrnet.com\"},\"image\":{\"@id\":\"https:\\\/\\\/hlrnet.com\\\/sites\\\/#\\\/schema\\\/logo\\\/image\\\/\"}}]}<\/script>\n<!-- \/ Yoast SEO plugin. -->","yoast_head_json":{"title":"Talen - hlrnet.com","robots":{"index":"index","follow":"follow","max-snippet":"max-snippet:-1","max-image-preview":"max-image-preview:large","max-video-preview":"max-video-preview:-1"},"canonical":"https:\/\/hlrnet.com\/sites\/onderwijs\/talen\/","og_locale":"en_US","og_type":"article","og_title":"Talen - hlrnet.com","og_description":"Reading Time:  2 minutesACTFL &#8211; American Council on the Teaching of Foreign Languages ACTFL Proficiency Guidelines AilifiliA, la web dels pal\u00edndroms Apps en applicaties om zelfstandig talen te leren Ba Ba Dum Babbel: learn languages online (Spanish, French, Italian, English, German) Babel Bab.la Busuu Clozemaster Duolingo Glossika GoPENPAL.ai italki Lingoda Lingualia: learn languages","og_url":"https:\/\/hlrnet.com\/sites\/onderwijs\/talen\/","og_site_name":"hlrnet.com","article_modified_time":"2025-12-16T08:48:54+00:00","twitter_card":"summary_large_image","twitter_misc":{"Est. reading time":"2 minutes"},"schema":{"@context":"https:\/\/schema.org","@graph":[{"@type":"WebPage","@id":"https:\/\/hlrnet.com\/sites\/onderwijs\/talen\/","url":"https:\/\/hlrnet.com\/sites\/onderwijs\/talen\/","name":"Talen - hlrnet.com","isPartOf":{"@id":"https:\/\/hlrnet.com\/sites\/#website"},"datePublished":"2018-04-07T09:45:21+00:00","dateModified":"2025-12-16T08:48:54+00:00","breadcrumb":{"@id":"https:\/\/hlrnet.com\/sites\/onderwijs\/talen\/#breadcrumb"},"inLanguage":"en-US","potentialAction":[{"@type":"ReadAction","target":["https:\/\/hlrnet.com\/sites\/onderwijs\/talen\/"]}]},{"@type":"BreadcrumbList","@id":"https:\/\/hlrnet.com\/sites\/onderwijs\/talen\/#breadcrumb","itemListElement":[{"@type":"ListItem","position":1,"name":"Home","item":"https:\/\/hlrnet.com\/sites\/"},{"@type":"ListItem","position":2,"name":"Onderwijs","item":"https:\/\/hlrnet.com\/sites\/onderwijs\/"},{"@type":"ListItem","position":3,"name":"Talen"}]},{"@type":"WebSite","@id":"https:\/\/hlrnet.com\/sites\/#website","url":"https:\/\/hlrnet.com\/sites\/","name":"hlrnet.com","description":"Hans Le Roy","publisher":{"@id":"https:\/\/hlrnet.com\/sites\/#organization"},"potentialAction":[{"@type":"SearchAction","target":{"@type":"EntryPoint","urlTemplate":"https:\/\/hlrnet.com\/sites\/?s={search_term_string}"},"query-input":{"@type":"PropertyValueSpecification","valueRequired":true,"valueName":"search_term_string"}}],"inLanguage":"en-US"},{"@type":"Organization","@id":"https:\/\/hlrnet.com\/sites\/#organization","name":"hlrnet.com","url":"https:\/\/hlrnet.com\/sites\/","logo":{"@type":"ImageObject","inLanguage":"en-US","@id":"https:\/\/hlrnet.com\/sites\/#\/schema\/logo\/image\/","url":"https:\/\/hlrnet.com\/sites\/wp-content\/uploads\/2018\/04\/cropped-default512x512-trans-1.png","contentUrl":"https:\/\/hlrnet.com\/sites\/wp-content\/uploads\/2018\/04\/cropped-default512x512-trans-1.png","width":512,"height":160,"caption":"hlrnet.com"},"image":{"@id":"https:\/\/hlrnet.com\/sites\/#\/schema\/logo\/image\/"}}]}},"publishpress_future_action":{"enabled":false,"date":"2026-05-01 23:55:49","action":"change-status","newStatus":"draft","terms":[],"taxonomy":"","extraData":[]},"publishpress_future_workflow_manual_trigger":{"enabledWorkflows":[]},"_links":{"self":[{"href":"https:\/\/hlrnet.com\/sites\/wp-json\/wp\/v2\/pages\/515","targetHints":{"allow":["GET"]}}],"collection":[{"href":"https:\/\/hlrnet.com\/sites\/wp-json\/wp\/v2\/pages"}],"about":[{"href":"https:\/\/hlrnet.com\/sites\/wp-json\/wp\/v2\/types\/page"}],"author":[{"embeddable":true,"href":"https:\/\/hlrnet.com\/sites\/wp-json\/wp\/v2\/users\/1"}],"replies":[{"embeddable":true,"href":"https:\/\/hlrnet.com\/sites\/wp-json\/wp\/v2\/comments?post=515"}],"version-history":[{"count":0,"href":"https:\/\/hlrnet.com\/sites\/wp-json\/wp\/v2\/pages\/515\/revisions"}],"up":[{"embeddable":true,"href":"https:\/\/hlrnet.com\/sites\/wp-json\/wp\/v2\/pages\/494"}],"wp:attachment":[{"href":"https:\/\/hlrnet.com\/sites\/wp-json\/wp\/v2\/media?parent=515"}],"curies":[{"name":"wp","href":"https:\/\/api.w.org\/{rel}","templated":true}]}}