{"id":500,"date":"2018-04-07T09:36:32","date_gmt":"2018-04-07T09:36:32","guid":{"rendered":"http:\/\/hlrnet.com\/sites\/?page_id=500"},"modified":"2026-03-26T12:03:14","modified_gmt":"2026-03-26T12:03:14","slug":"wiskunde","status":"publish","type":"page","link":"https:\/\/hlrnet.com\/sites\/onderwijs\/wiskunde\/","title":{"rendered":"Wiskunde"},"content":{"rendered":"<span class=\"span-reading-time rt-reading-time\" style=\"display: block;\"><span class=\"rt-label rt-prefix\">Reading Time: <\/span> <span class=\"rt-time\"> &lt; 1<\/span> <span class=\"rt-label rt-postfix\">minute<\/span><\/span><ul>\n<li><a href=\"https:\/\/www.algemath.be\/\">Algemath<\/a><\/li>\n<li><a href=\"https:\/\/arxiv.org\/\">arXiv<\/a>: open access to e-prints in Physics, Mathematics, Computer Science, Quantitative Biology, Quantitative Finance and Statistics<\/li>\n<li><a href=\"https:\/\/www.can.nl\/\" target=\"_blank\" rel=\"noopener noreferrer\">CAN<\/a> (NL)<\/li>\n<li><a href=\"https:\/\/www.cwi.nl\/\" target=\"_blank\" rel=\"noopener noreferrer\">CWI<\/a> (NL)<\/li>\n<li><a href=\"https:\/\/wis.kuleuven.be\/\" target=\"_blank\" rel=\"noopener noreferrer\">Departement Wiskunde KUL<\/a> (BE)<\/li>\n<li><a href=\"https:\/\/www.analyzemath.com\/\" target=\"_blank\" rel=\"noopener noreferrer\">Experiment and Explore Mathematics<\/a><\/li>\n<li><a href=\"https:\/\/www.explorelearning.com\/\" target=\"_blank\" rel=\"noopener noreferrer\">ExploreLearning<\/a><\/li>\n<li><a href=\"https:\/\/www.math.utwente.nl\/\" target=\"_blank\" rel=\"noopener noreferrer\">Faculty of Mathematical Science (University of Twente)<\/a> (NL)<\/li>\n<li><a href=\"https:\/\/www.walter-fendt.de\/\" target=\"_blank\" rel=\"noopener noreferrer\">Walter Fendt<\/a> (DE)<\/li>\n<li>Getallenleer als basis voor Excel\n<ul>\n<li><a href=\"https:\/\/www.deskbright.com\/excel\/basic-arithmetic-in-excel\/\">Basic arithmetic in Excel<\/a><\/li>\n<li><a href=\"https:\/\/science.clemson.edu\/physics\/labs\/tutorials\/excel\/arithmetic.html\">Excel tutorial: arithmetic<\/a><\/li>\n<li><a href=\"https:\/\/www.wezoozacademy.be\/leerstof\/1ste-graad-wiskunde-getallenleer\/\">Getallenleer eerste graad<\/a><\/li>\n<li><a href=\"https:\/\/en.wikipedia.org\/wiki\/Number_theory\">Number Theory (Wikipedia)<\/a><\/li>\n<\/ul>\n<\/li>\n<li><a href=\"https:\/\/www.fi.uu.nl\/\">Freudenthal Instituut voor didactiek van wiskunde en natuurwetenschappen<\/a><\/li>\n<li><a href=\"https:\/\/www.leren.nl\/rubriek\/wetenschap\/wiskunde\/\" target=\"_blank\" rel=\"noopener noreferrer\">Leren.nl: wiskunde<\/a><\/li>\n<li><a href=\"https:\/\/mathenpoche.sesamath.net\/\" target=\"_blank\" rel=\"noopener noreferrer\">Mathenpoche<\/a> est un logiciel gratuit compos\u00e9 de centaines d\u2019exercices de math\u00e9matiques<\/li>\n<li><a href=\"https:\/\/www.nvvw.nl\/\" target=\"_blank\" rel=\"noopener noreferrer\">Nederlandse Vereniging van Wiskundeleraren<\/a><\/li>\n<li><a href=\"https:\/\/www.maa.org\/\" target=\"_blank\" rel=\"noopener noreferrer\">MAA Online: Mathematical Association of America<\/a><\/li>\n<li><a href=\"https:\/\/www.math.com\/\">Math.com<\/a><\/li>\n<li><a href=\"https:\/\/mathforum.org\/\" target=\"_blank\" rel=\"noopener noreferrer\">MathForum<\/a><\/li>\n<li><a href=\"https:\/\/www.mathgoodies.com\/\" target=\"_blank\" rel=\"noopener noreferrer\">Mathgoodies<\/a><\/li>\n<li><a href=\"https:\/\/www.mathmastery.com\/\" target=\"_new\" rel=\"noopener noreferrer\">MathMastery<\/a><\/li>\n<li><a href=\"https:\/\/www.mathplayground.com\/\">Mathplayground<\/a><\/li>\n<li><a href=\"https:\/\/MathQuiz.io\">MathQuiz.io<\/a><\/li>\n<li><a href=\"https:\/\/www.mathsnet.net\/\" target=\"_new\" rel=\"noopener noreferrer\">Mathsnet<\/a><\/li>\n<li><a href=\"https:\/\/www.mathsphere.co.uk\/\" target=\"_new\" rel=\"noopener noreferrer\">MathSphere<\/a><\/li>\n<li><a href=\"https:\/\/www.matific.com\/\">Matific<\/a><\/li>\n<li><a href=\"https:\/\/www-math.mit.edu\/\" target=\"_blank\" rel=\"noopener noreferrer\">MIT: Mathematics<\/a><\/li>\n<li><a href=\"https:\/\/pari.math.u-bordeaux.fr\/\" target=\"_blank\" rel=\"noopener noreferrer\">PARI\/GP Development Headquarter<\/a>: computer algebra system designed for fast computations in number theory<\/li>\n<li><a href=\"https:\/\/www.physmathcentral.com\/\">PhysMath Central<\/a><\/li>\n<li><a href=\"https:\/\/www.praetersoftware.com\/\">Praeter software<\/a><\/li>\n<li>Raadsels\n<ul>\n<li><strong>EN<\/strong><\/li>\n<li><a href=\"https:\/\/www.clockstone.com\/enigma\/index_nie.htm\">Clockstone: Enigma Riddle Page &#8211; Math, Logic &amp; Physics<\/a><\/li>\n<li><a href=\"https:\/\/en.wikipedia.org\/wiki\/List_of_unsolved_problems_in_mathematics\">List of unsolved problems in mathematics &#8211; Wikipedia<\/a><\/li>\n<li><strong>FR<\/strong><\/li>\n<li><a href=\"https:\/\/bric-a-brac.org\/enigmes\/\">Bric-\u00e0-brac d&#8217;\u00e9nigmes et de probl\u00e8mes<\/a><\/li>\n<li><a href=\"https:\/\/www.enigme-facile.fr\/enigme-mathematique\">Enigmes math\u00e9matiques et solutions<\/a><\/li>\n<li><a href=\"https:\/\/enigmatik.epikurieu.com\/enigmes\/math%C3%A9matiques\/tag.fhtm\">Enigmes : math\u00e9matiques<\/a><\/li>\n<li><a href=\"https:\/\/www.jeuxmaths.fr\/jeu-de-math-chambre-enigmes.html\">Jeu de maths : La chambre aux \u00e9nigmes<\/a><\/li>\n<li><a href=\"https:\/\/www.maths-et-tiques.fr\/index.php\/prob-ouverts\/jeux-de-logiques\">Maths et tiques: Enigmes<\/a><\/li>\n<li>NL<\/li>\n<li><a href=\"https:\/\/www.hhofstede.nl\/raadsels\/raadsels.htm\">hhofstede: Wiskundige Raadsels<\/a><\/li>\n<li><a href=\"https:\/\/raadselsenpuzzels.nl\/nl\/raadsels\/wiskunde-raadsels\/\">Raadsels en puzzels<\/a><\/li>\n<li><a href=\"https:\/\/sites.google.com\/site\/wiskunderaadsels\/\">Wiskunderaadsels.nl<\/a><\/li>\n<li><a href=\"https:\/\/wiskunderaadsels.classy.be\/\">WiskundeRaadsels<\/a><\/li>\n<\/ul>\n<\/li>\n<li><a href=\"https:\/\/rechneronline.de\/\">Rechneronline &#8211; N\u00fctzliche Rechner<\/a><\/li>\n<li><a href=\"https:\/\/smf.emath.fr\/\" target=\"_blank\" rel=\"noopener noreferrer\">Soci\u00e9t\u00e9 Math\u00e9matique de France<\/a><\/li>\n<li><strong>Software<\/strong>\n<ul>\n<li><a href=\"https:\/\/english.rejbrand.se\/algosim\/\">AlgoSim<\/a>: numerical analysis and visualisation, and physical simulation.<\/li>\n<li><a href=\"https:\/\/www.geocadabra.nl\/\" target=\"_blank\" rel=\"noopener noreferrer\">Geocadabra<\/a>: meetkunde programma<\/li>\n<li><a href=\"https:\/\/www.geogebra.org\/\" target=\"_blank\" rel=\"noopener noreferrer\">GeoGebra<\/a>: a dynamic mathematics software that joins geometry, algebra and calculus<\/li>\n<li><a href=\"https:\/\/www.hpcalc.org\/\" target=\"_blank\" rel=\"noopener noreferrer\">hpCalc<\/a>: software for and information about the HP49, HP48, and HP28 RPN programmable graphic calculators and the HP38G, HP39G, and HP40G programmable graphic calculators<\/li>\n<li><a href=\"https:\/\/www.numericalmathematics.com\/numerical_solutions.htm\">Numerical Solutions<\/a><\/li>\n<li><a href=\"https:\/\/sourceforge.net\/projects\/mathmod\/\">MathMod<\/a><\/li>\n<li><a href=\"https:\/\/www.math-solutions.org\/\">Mathsol<\/a>: software<\/li>\n<li><a href=\"https:\/\/www.dessci.com\/\" target=\"_new\" rel=\"noopener noreferrer\">MathType<br \/>\n<\/a>A tool for Windows and Macintosh that lets you create mathematical notation for Word processing and desktop publishing documents, web pages, presentationas and more<\/li>\n<li><a href=\"https:\/\/www.mathworks.nl\/\">MATlab<\/a><\/li>\n<li><a href=\"https:\/\/www.wolfram.com\/\">Wolfram<\/a>: Mathematica<\/li>\n<\/ul>\n<\/li>\n<li><a href=\"https:\/\/stem-academie.be\/\">STEM-academie<\/a>: science, technology, engineering, maths<\/li>\n<li><a href=\"https:\/\/www.strivemath.com\/\">Strive: real world math<\/a><\/li>\n<li><a href=\"https:\/\/education.ti.com\/\">TI<\/a><\/li>\n<li><a href=\"https:\/\/www.uitwiskeling.be\/\" target=\"_blank\" rel=\"noopener noreferrer\">Uitwiskeling<\/a><\/li>\n<li><a href=\"https:\/\/www.wezoozacademy.be\/\">Wezooz<\/a><\/li>\n<li><a href=\"https:\/\/www.wisfaq.nl\/\" target=\"_blank\" rel=\"noopener noreferrer\">Wisfaq (NL)<\/a><\/li>\n<li><a href=\"https:\/\/www.wiskgenoot.nl\/\" target=\"_blank\" rel=\"noopener noreferrer\">Wiskgenoot &#8211; Koninklijk Wiskundig Genootschap<\/a><\/li>\n<li><a href=\"https:\/\/www.wiskgenoot.nl\/\" target=\"_blank\" rel=\"noopener noreferrer\">Wiskundig Genootschap<\/a><\/li>\n<li><a href=\"https:\/\/www.fi.uu.nl\/wisweb\/\" target=\"_blank\" rel=\"noopener noreferrer\">WisWeb<\/a><\/li>\n<li><a href=\"https:\/\/blog.wolfram.com\/\">Wolfram<\/a>: blog, demonstrations, education portal<\/li>\n<li><a href=\"https:\/\/www.wolframalpha.com\/\">WolframAlpha<\/a>: online rekenen en tekenen<\/li>\n<li><a href=\"https:\/\/mathworld.wolfram.com\/\">Wolfram Mathworld<\/a><\/li>\n<\/ul>\n<span class=\"last-modified-timestamp\">Mar 26, 2026 @ 12:03 pm<\/span>\n<p>&nbsp;<\/p>\n","protected":false},"excerpt":{"rendered":"<p><span class=\"span-reading-time rt-reading-time\" style=\"display: block;\"><span class=\"rt-label rt-prefix\">Reading Time: <\/span> <span class=\"rt-time\"> &lt; 1<\/span> <span class=\"rt-label rt-postfix\">minute<\/span><\/span>Algemath arXiv: open access to e-prints in Physics, Mathematics, Computer Science, Quantitative Biology, Quantitative Finance and Statistics CAN (NL) CWI (NL) Departement Wiskunde KUL (BE) Experiment and Explore Mathematics ExploreLearning Faculty of Mathematical Science (University of Twente) (NL) Walter Fendt (DE) Getallenleer als basis voor Excel Basic arithmetic in Excel<\/p>\n","protected":false},"author":1,"featured_media":0,"parent":494,"menu_order":0,"comment_status":"closed","ping_status":"closed","template":"","meta":{"iawp_total_views":2,"footnotes":"","_wp_rev_ctl_limit":""},"class_list":["post-500","page","type-page","status-publish","hentry"],"yoast_head":"<!-- This site is optimized with the Yoast SEO plugin v27.4 - https:\/\/yoast.com\/product\/yoast-seo-wordpress\/ -->\n<title>Wiskunde - hlrnet.com<\/title>\n<meta name=\"robots\" content=\"index, follow, max-snippet:-1, max-image-preview:large, max-video-preview:-1\" \/>\n<link rel=\"canonical\" href=\"https:\/\/hlrnet.com\/sites\/onderwijs\/wiskunde\/\" \/>\n<meta property=\"og:locale\" content=\"en_US\" \/>\n<meta property=\"og:type\" content=\"article\" \/>\n<meta property=\"og:title\" content=\"Wiskunde - hlrnet.com\" \/>\n<meta property=\"og:description\" content=\"Reading Time:  &lt; 1 minuteAlgemath arXiv: open access to e-prints in Physics, Mathematics, Computer Science, Quantitative Biology, Quantitative Finance and Statistics CAN (NL) CWI (NL) Departement Wiskunde KUL (BE) Experiment and Explore Mathematics ExploreLearning Faculty of Mathematical Science (University of Twente) (NL) Walter Fendt (DE) Getallenleer als basis voor Excel Basic arithmetic in Excel\" \/>\n<meta property=\"og:url\" content=\"https:\/\/hlrnet.com\/sites\/onderwijs\/wiskunde\/\" \/>\n<meta property=\"og:site_name\" content=\"hlrnet.com\" \/>\n<meta property=\"article:modified_time\" content=\"2026-03-26T12:03:14+00:00\" \/>\n<meta name=\"twitter:card\" content=\"summary_large_image\" \/>\n<meta name=\"twitter:label1\" content=\"Est. reading time\" \/>\n\t<meta name=\"twitter:data1\" content=\"2 minutes\" \/>\n<script type=\"application\/ld+json\" class=\"yoast-schema-graph\">{\"@context\":\"https:\\\/\\\/schema.org\",\"@graph\":[{\"@type\":\"WebPage\",\"@id\":\"https:\\\/\\\/hlrnet.com\\\/sites\\\/onderwijs\\\/wiskunde\\\/\",\"url\":\"https:\\\/\\\/hlrnet.com\\\/sites\\\/onderwijs\\\/wiskunde\\\/\",\"name\":\"Wiskunde - hlrnet.com\",\"isPartOf\":{\"@id\":\"https:\\\/\\\/hlrnet.com\\\/sites\\\/#website\"},\"datePublished\":\"2018-04-07T09:36:32+00:00\",\"dateModified\":\"2026-03-26T12:03:14+00:00\",\"breadcrumb\":{\"@id\":\"https:\\\/\\\/hlrnet.com\\\/sites\\\/onderwijs\\\/wiskunde\\\/#breadcrumb\"},\"inLanguage\":\"en-US\",\"potentialAction\":[{\"@type\":\"ReadAction\",\"target\":[\"https:\\\/\\\/hlrnet.com\\\/sites\\\/onderwijs\\\/wiskunde\\\/\"]}]},{\"@type\":\"BreadcrumbList\",\"@id\":\"https:\\\/\\\/hlrnet.com\\\/sites\\\/onderwijs\\\/wiskunde\\\/#breadcrumb\",\"itemListElement\":[{\"@type\":\"ListItem\",\"position\":1,\"name\":\"Home\",\"item\":\"https:\\\/\\\/hlrnet.com\\\/sites\\\/\"},{\"@type\":\"ListItem\",\"position\":2,\"name\":\"Onderwijs\",\"item\":\"https:\\\/\\\/hlrnet.com\\\/sites\\\/onderwijs\\\/\"},{\"@type\":\"ListItem\",\"position\":3,\"name\":\"Wiskunde\"}]},{\"@type\":\"WebSite\",\"@id\":\"https:\\\/\\\/hlrnet.com\\\/sites\\\/#website\",\"url\":\"https:\\\/\\\/hlrnet.com\\\/sites\\\/\",\"name\":\"hlrnet.com\",\"description\":\"Hans Le Roy\",\"publisher\":{\"@id\":\"https:\\\/\\\/hlrnet.com\\\/sites\\\/#organization\"},\"potentialAction\":[{\"@type\":\"SearchAction\",\"target\":{\"@type\":\"EntryPoint\",\"urlTemplate\":\"https:\\\/\\\/hlrnet.com\\\/sites\\\/?s={search_term_string}\"},\"query-input\":{\"@type\":\"PropertyValueSpecification\",\"valueRequired\":true,\"valueName\":\"search_term_string\"}}],\"inLanguage\":\"en-US\"},{\"@type\":\"Organization\",\"@id\":\"https:\\\/\\\/hlrnet.com\\\/sites\\\/#organization\",\"name\":\"hlrnet.com\",\"url\":\"https:\\\/\\\/hlrnet.com\\\/sites\\\/\",\"logo\":{\"@type\":\"ImageObject\",\"inLanguage\":\"en-US\",\"@id\":\"https:\\\/\\\/hlrnet.com\\\/sites\\\/#\\\/schema\\\/logo\\\/image\\\/\",\"url\":\"https:\\\/\\\/hlrnet.com\\\/sites\\\/wp-content\\\/uploads\\\/2018\\\/04\\\/cropped-default512x512-trans-1.png\",\"contentUrl\":\"https:\\\/\\\/hlrnet.com\\\/sites\\\/wp-content\\\/uploads\\\/2018\\\/04\\\/cropped-default512x512-trans-1.png\",\"width\":512,\"height\":160,\"caption\":\"hlrnet.com\"},\"image\":{\"@id\":\"https:\\\/\\\/hlrnet.com\\\/sites\\\/#\\\/schema\\\/logo\\\/image\\\/\"}}]}<\/script>\n<!-- \/ Yoast SEO plugin. -->","yoast_head_json":{"title":"Wiskunde - hlrnet.com","robots":{"index":"index","follow":"follow","max-snippet":"max-snippet:-1","max-image-preview":"max-image-preview:large","max-video-preview":"max-video-preview:-1"},"canonical":"https:\/\/hlrnet.com\/sites\/onderwijs\/wiskunde\/","og_locale":"en_US","og_type":"article","og_title":"Wiskunde - hlrnet.com","og_description":"Reading Time:  &lt; 1 minuteAlgemath arXiv: open access to e-prints in Physics, Mathematics, Computer Science, Quantitative Biology, Quantitative Finance and Statistics CAN (NL) CWI (NL) Departement Wiskunde KUL (BE) Experiment and Explore Mathematics ExploreLearning Faculty of Mathematical Science (University of Twente) (NL) Walter Fendt (DE) Getallenleer als basis voor Excel Basic arithmetic in Excel","og_url":"https:\/\/hlrnet.com\/sites\/onderwijs\/wiskunde\/","og_site_name":"hlrnet.com","article_modified_time":"2026-03-26T12:03:14+00:00","twitter_card":"summary_large_image","twitter_misc":{"Est. reading time":"2 minutes"},"schema":{"@context":"https:\/\/schema.org","@graph":[{"@type":"WebPage","@id":"https:\/\/hlrnet.com\/sites\/onderwijs\/wiskunde\/","url":"https:\/\/hlrnet.com\/sites\/onderwijs\/wiskunde\/","name":"Wiskunde - hlrnet.com","isPartOf":{"@id":"https:\/\/hlrnet.com\/sites\/#website"},"datePublished":"2018-04-07T09:36:32+00:00","dateModified":"2026-03-26T12:03:14+00:00","breadcrumb":{"@id":"https:\/\/hlrnet.com\/sites\/onderwijs\/wiskunde\/#breadcrumb"},"inLanguage":"en-US","potentialAction":[{"@type":"ReadAction","target":["https:\/\/hlrnet.com\/sites\/onderwijs\/wiskunde\/"]}]},{"@type":"BreadcrumbList","@id":"https:\/\/hlrnet.com\/sites\/onderwijs\/wiskunde\/#breadcrumb","itemListElement":[{"@type":"ListItem","position":1,"name":"Home","item":"https:\/\/hlrnet.com\/sites\/"},{"@type":"ListItem","position":2,"name":"Onderwijs","item":"https:\/\/hlrnet.com\/sites\/onderwijs\/"},{"@type":"ListItem","position":3,"name":"Wiskunde"}]},{"@type":"WebSite","@id":"https:\/\/hlrnet.com\/sites\/#website","url":"https:\/\/hlrnet.com\/sites\/","name":"hlrnet.com","description":"Hans Le Roy","publisher":{"@id":"https:\/\/hlrnet.com\/sites\/#organization"},"potentialAction":[{"@type":"SearchAction","target":{"@type":"EntryPoint","urlTemplate":"https:\/\/hlrnet.com\/sites\/?s={search_term_string}"},"query-input":{"@type":"PropertyValueSpecification","valueRequired":true,"valueName":"search_term_string"}}],"inLanguage":"en-US"},{"@type":"Organization","@id":"https:\/\/hlrnet.com\/sites\/#organization","name":"hlrnet.com","url":"https:\/\/hlrnet.com\/sites\/","logo":{"@type":"ImageObject","inLanguage":"en-US","@id":"https:\/\/hlrnet.com\/sites\/#\/schema\/logo\/image\/","url":"https:\/\/hlrnet.com\/sites\/wp-content\/uploads\/2018\/04\/cropped-default512x512-trans-1.png","contentUrl":"https:\/\/hlrnet.com\/sites\/wp-content\/uploads\/2018\/04\/cropped-default512x512-trans-1.png","width":512,"height":160,"caption":"hlrnet.com"},"image":{"@id":"https:\/\/hlrnet.com\/sites\/#\/schema\/logo\/image\/"}}]}},"publishpress_future_action":{"enabled":false,"date":"2026-05-01 04:13:53","action":"change-status","newStatus":"draft","terms":[],"taxonomy":"","extraData":[]},"publishpress_future_workflow_manual_trigger":{"enabledWorkflows":[]},"_links":{"self":[{"href":"https:\/\/hlrnet.com\/sites\/wp-json\/wp\/v2\/pages\/500","targetHints":{"allow":["GET"]}}],"collection":[{"href":"https:\/\/hlrnet.com\/sites\/wp-json\/wp\/v2\/pages"}],"about":[{"href":"https:\/\/hlrnet.com\/sites\/wp-json\/wp\/v2\/types\/page"}],"author":[{"embeddable":true,"href":"https:\/\/hlrnet.com\/sites\/wp-json\/wp\/v2\/users\/1"}],"replies":[{"embeddable":true,"href":"https:\/\/hlrnet.com\/sites\/wp-json\/wp\/v2\/comments?post=500"}],"version-history":[{"count":0,"href":"https:\/\/hlrnet.com\/sites\/wp-json\/wp\/v2\/pages\/500\/revisions"}],"up":[{"embeddable":true,"href":"https:\/\/hlrnet.com\/sites\/wp-json\/wp\/v2\/pages\/494"}],"wp:attachment":[{"href":"https:\/\/hlrnet.com\/sites\/wp-json\/wp\/v2\/media?parent=500"}],"curies":[{"name":"wp","href":"https:\/\/api.w.org\/{rel}","templated":true}]}}