{"id":1255,"date":"2018-04-22T17:17:35","date_gmt":"2018-04-22T17:17:35","guid":{"rendered":"http:\/\/hlrnet.com\/sites\/?page_id=1255"},"modified":"2025-10-13T08:30:47","modified_gmt":"2025-10-13T08:30:47","slug":"ergonomie","status":"publish","type":"page","link":"https:\/\/hlrnet.com\/sites\/ergonomie\/","title":{"rendered":"Ergonomie"},"content":{"rendered":"<span class=\"span-reading-time rt-reading-time\" style=\"display: block;\"><span class=\"rt-label rt-prefix\">Reading Time: <\/span> <span class=\"rt-time\"> &lt; 1<\/span> <span class=\"rt-label rt-postfix\">minute<\/span><\/span><ul>\n<li>Informatie\n<ul>\n<li><a href=\"https:\/\/www.ergonomics4schools.com\/\" target=\"_blank\" rel=\"noopener noreferrer\">Ergonomics4schools<\/a><\/li>\n<li><a href=\"https:\/\/www.ergoweb.ca\/\" target=\"_blank\" rel=\"noopener noreferrer\">Ergonomie du web<\/a><\/li>\n<li><a href=\"https:\/\/ergonomiesite.be\/\">Ergonomiesite<\/a><\/li>\n<li><a href=\"https:\/\/www.cdc.gov\/handhygiene\/\" target=\"_blank\" rel=\"noopener noreferrer\">Hand Hygiene in Health Care Settings<\/a><\/li>\n<li><a href=\"https:\/\/www.ishn.com\/\" target=\"_blank\" rel=\"noopener noreferrer\">Industrial Safety and Hygiene News Online<\/a><\/li>\n<li><a href=\"https:\/\/www.ohsonline.com\/\">Occupational Health &amp; Safety<\/a><\/li>\n<li><a href=\"https:\/\/www.prevent.be\/\" target=\"_blank\" rel=\"noopener noreferrer\">PreventNet<\/a><\/li>\n<\/ul>\n<\/li>\n<li>Bedrijven en producten\n<ul>\n<li><a href=\"https:\/\/www.aecinc.ca\/\" target=\"_blank\" rel=\"noopener noreferrer\">Advantage Ergonomics Canada<\/a><\/li>\n<li><a href=\"https:\/\/www.arboned.nl\">Arboned<\/a> (NL)<\/li>\n<li><a href=\"https:\/\/www.ergonomische-werkplek.nl\/\">ergonomische-werkplek<\/a><\/li>\n<li><a href=\"https:\/\/www.ergoweb.com\/\" target=\"_blank\" rel=\"noopener noreferrer\">Ergoweb<\/a><\/li>\n<li><a href=\"https:\/\/www.hp.com\/ergo\/\" target=\"_blank\" rel=\"noopener noreferrer\">HP: Safety &amp; Comfort Guide<\/a><\/li>\n<li><a href=\"https:\/\/www.vhp-ergonomie.nl\/\" target=\"_blank\" rel=\"noopener noreferrer\">VHP Adviesbureau<\/a><\/li>\n<\/ul>\n<\/li>\n<li>Opleidingen onderzoekscentra\n<ul>\n<li><a href=\"https:\/\/www.ergonomie.tum.de\/\" target=\"_blank\" rel=\"noopener noreferrer\">Lehrstul f\u00fcr Ergonomie an der TU M\u00fcnchen<\/a><\/li>\n<\/ul>\n<\/li>\n<li>Tijdschiften\n<ul>\n<li><a href=\"https:\/\/annhyg.oxfordjournals.org\/\" target=\"_blank\" rel=\"noopener noreferrer\">Annals of Occupational Hygiene<\/a><\/li>\n<li><a href=\"https:\/\/pistes.revues.org\/\">Perspectives interdisciplinaires sur le travail et la sant\u00e9<\/a> (PISTES)<\/li>\n<li><a href=\"https:\/\/www.safetyandhealthmagazine.com\/\">Safety+Health Magazine<\/a><\/li>\n<\/ul>\n<\/li>\n<li>Verenigingen\n<ul>\n<li><a href=\"https:\/\/www.acgih.org\/\" target=\"_blank\" rel=\"noopener noreferrer\">ACIGH<\/a> &#8211; American Conference of Governmental Industrial Hygienists<\/li>\n<li><a href=\"https:\/\/www.aiha.org\/\" target=\"_blank\" rel=\"noopener noreferrer\">AIHA &#8211; The American Industrial Hygiene Association<\/a><\/li>\n<li><a href=\"https:\/\/www.asse.org\/\" target=\"_blank\" rel=\"noopener noreferrer\">American Society of Safety Engineers<\/a><\/li>\n<li><a href=\"https:\/\/www.bohs.org\/\" target=\"_blank\" rel=\"noopener noreferrer\">British Occupational Hygiene Society<\/a><\/li>\n<li><a href=\"https:\/\/www.ioha.net\/\" target=\"_blank\" rel=\"noopener noreferrer\">International Occupational Hygiene Association<\/a><\/li>\n<li><a href=\"https:\/\/www.arbeidshygiene.nl\/\" target=\"_blank\" rel=\"noopener noreferrer\">Nederlandse Vereniging voor Arbeidshygi\u00ebne<\/a><\/li>\n<li><a href=\"https:\/\/www.ohsrep.org.au\/\">OHS Reps<\/a> (AU)<\/li>\n<li><a href=\"https:\/\/www.ergonomie-self.org\/\" target=\"_blank\" rel=\"noopener noreferrer\">Soci\u00e9t\u00e9 d&#8217;Ergonomie de Langue Fran\u00e7aise<\/a><\/li>\n<li><a href=\"https:\/\/www.swissergo.ch\/\" target=\"_blank\" rel=\"noopener noreferrer\">SwissErgo<\/a><\/li>\n<\/ul>\n<\/li>\n<\/ul>\n<span class=\"last-modified-timestamp\">Oct 13, 2025 @ 8:30 am<\/span>\n","protected":false},"excerpt":{"rendered":"<p><span class=\"span-reading-time rt-reading-time\" style=\"display: block;\"><span class=\"rt-label rt-prefix\">Reading Time: <\/span> <span class=\"rt-time\"> &lt; 1<\/span> <span class=\"rt-label rt-postfix\">minute<\/span><\/span>Informatie Ergonomics4schools Ergonomie du web Ergonomiesite Hand Hygiene in Health Care Settings Industrial Safety and Hygiene News Online Occupational Health &amp; Safety PreventNet Bedrijven en producten Advantage Ergonomics Canada Arboned (NL) ergonomische-werkplek Ergoweb HP: Safety &amp; Comfort Guide VHP Adviesbureau Opleidingen onderzoekscentra Lehrstul f\u00fcr Ergonomie an der TU M\u00fcnchen Tijdschiften<\/p>\n","protected":false},"author":1,"featured_media":0,"parent":0,"menu_order":0,"comment_status":"closed","ping_status":"closed","template":"","meta":{"iawp_total_views":1,"footnotes":"","_wp_rev_ctl_limit":""},"class_list":["post-1255","page","type-page","status-publish","hentry"],"yoast_head":"<!-- This site is optimized with the Yoast SEO plugin v27.4 - https:\/\/yoast.com\/product\/yoast-seo-wordpress\/ -->\n<title>Ergonomie - hlrnet.com<\/title>\n<meta name=\"robots\" content=\"index, follow, max-snippet:-1, max-image-preview:large, max-video-preview:-1\" \/>\n<link rel=\"canonical\" href=\"https:\/\/hlrnet.com\/sites\/ergonomie\/\" \/>\n<meta property=\"og:locale\" content=\"en_US\" \/>\n<meta property=\"og:type\" content=\"article\" \/>\n<meta property=\"og:title\" content=\"Ergonomie - hlrnet.com\" \/>\n<meta property=\"og:description\" content=\"Reading Time:  &lt; 1 minuteInformatie Ergonomics4schools Ergonomie du web Ergonomiesite Hand Hygiene in Health Care Settings Industrial Safety and Hygiene News Online Occupational Health &amp; Safety PreventNet Bedrijven en producten Advantage Ergonomics Canada Arboned (NL) ergonomische-werkplek Ergoweb HP: Safety &amp; Comfort Guide VHP Adviesbureau Opleidingen onderzoekscentra Lehrstul f\u00fcr Ergonomie an der TU M\u00fcnchen Tijdschiften\" \/>\n<meta property=\"og:url\" content=\"https:\/\/hlrnet.com\/sites\/ergonomie\/\" \/>\n<meta property=\"og:site_name\" content=\"hlrnet.com\" \/>\n<meta property=\"article:modified_time\" content=\"2025-10-13T08:30:47+00:00\" \/>\n<meta name=\"twitter:card\" content=\"summary_large_image\" \/>\n<meta name=\"twitter:label1\" content=\"Est. reading time\" \/>\n\t<meta name=\"twitter:data1\" content=\"1 minute\" \/>\n<script type=\"application\/ld+json\" class=\"yoast-schema-graph\">{\"@context\":\"https:\\\/\\\/schema.org\",\"@graph\":[{\"@type\":\"WebPage\",\"@id\":\"https:\\\/\\\/hlrnet.com\\\/sites\\\/ergonomie\\\/\",\"url\":\"https:\\\/\\\/hlrnet.com\\\/sites\\\/ergonomie\\\/\",\"name\":\"Ergonomie - hlrnet.com\",\"isPartOf\":{\"@id\":\"https:\\\/\\\/hlrnet.com\\\/sites\\\/#website\"},\"datePublished\":\"2018-04-22T17:17:35+00:00\",\"dateModified\":\"2025-10-13T08:30:47+00:00\",\"breadcrumb\":{\"@id\":\"https:\\\/\\\/hlrnet.com\\\/sites\\\/ergonomie\\\/#breadcrumb\"},\"inLanguage\":\"en-US\",\"potentialAction\":[{\"@type\":\"ReadAction\",\"target\":[\"https:\\\/\\\/hlrnet.com\\\/sites\\\/ergonomie\\\/\"]}]},{\"@type\":\"BreadcrumbList\",\"@id\":\"https:\\\/\\\/hlrnet.com\\\/sites\\\/ergonomie\\\/#breadcrumb\",\"itemListElement\":[{\"@type\":\"ListItem\",\"position\":1,\"name\":\"Home\",\"item\":\"https:\\\/\\\/hlrnet.com\\\/sites\\\/\"},{\"@type\":\"ListItem\",\"position\":2,\"name\":\"Ergonomie\"}]},{\"@type\":\"WebSite\",\"@id\":\"https:\\\/\\\/hlrnet.com\\\/sites\\\/#website\",\"url\":\"https:\\\/\\\/hlrnet.com\\\/sites\\\/\",\"name\":\"hlrnet.com\",\"description\":\"Hans Le Roy\",\"publisher\":{\"@id\":\"https:\\\/\\\/hlrnet.com\\\/sites\\\/#organization\"},\"potentialAction\":[{\"@type\":\"SearchAction\",\"target\":{\"@type\":\"EntryPoint\",\"urlTemplate\":\"https:\\\/\\\/hlrnet.com\\\/sites\\\/?s={search_term_string}\"},\"query-input\":{\"@type\":\"PropertyValueSpecification\",\"valueRequired\":true,\"valueName\":\"search_term_string\"}}],\"inLanguage\":\"en-US\"},{\"@type\":\"Organization\",\"@id\":\"https:\\\/\\\/hlrnet.com\\\/sites\\\/#organization\",\"name\":\"hlrnet.com\",\"url\":\"https:\\\/\\\/hlrnet.com\\\/sites\\\/\",\"logo\":{\"@type\":\"ImageObject\",\"inLanguage\":\"en-US\",\"@id\":\"https:\\\/\\\/hlrnet.com\\\/sites\\\/#\\\/schema\\\/logo\\\/image\\\/\",\"url\":\"https:\\\/\\\/hlrnet.com\\\/sites\\\/wp-content\\\/uploads\\\/2018\\\/04\\\/cropped-default512x512-trans-1.png\",\"contentUrl\":\"https:\\\/\\\/hlrnet.com\\\/sites\\\/wp-content\\\/uploads\\\/2018\\\/04\\\/cropped-default512x512-trans-1.png\",\"width\":512,\"height\":160,\"caption\":\"hlrnet.com\"},\"image\":{\"@id\":\"https:\\\/\\\/hlrnet.com\\\/sites\\\/#\\\/schema\\\/logo\\\/image\\\/\"}}]}<\/script>\n<!-- \/ Yoast SEO plugin. -->","yoast_head_json":{"title":"Ergonomie - hlrnet.com","robots":{"index":"index","follow":"follow","max-snippet":"max-snippet:-1","max-image-preview":"max-image-preview:large","max-video-preview":"max-video-preview:-1"},"canonical":"https:\/\/hlrnet.com\/sites\/ergonomie\/","og_locale":"en_US","og_type":"article","og_title":"Ergonomie - hlrnet.com","og_description":"Reading Time:  &lt; 1 minuteInformatie Ergonomics4schools Ergonomie du web Ergonomiesite Hand Hygiene in Health Care Settings Industrial Safety and Hygiene News Online Occupational Health &amp; Safety PreventNet Bedrijven en producten Advantage Ergonomics Canada Arboned (NL) ergonomische-werkplek Ergoweb HP: Safety &amp; Comfort Guide VHP Adviesbureau Opleidingen onderzoekscentra Lehrstul f\u00fcr Ergonomie an der TU M\u00fcnchen Tijdschiften","og_url":"https:\/\/hlrnet.com\/sites\/ergonomie\/","og_site_name":"hlrnet.com","article_modified_time":"2025-10-13T08:30:47+00:00","twitter_card":"summary_large_image","twitter_misc":{"Est. reading time":"1 minute"},"schema":{"@context":"https:\/\/schema.org","@graph":[{"@type":"WebPage","@id":"https:\/\/hlrnet.com\/sites\/ergonomie\/","url":"https:\/\/hlrnet.com\/sites\/ergonomie\/","name":"Ergonomie - hlrnet.com","isPartOf":{"@id":"https:\/\/hlrnet.com\/sites\/#website"},"datePublished":"2018-04-22T17:17:35+00:00","dateModified":"2025-10-13T08:30:47+00:00","breadcrumb":{"@id":"https:\/\/hlrnet.com\/sites\/ergonomie\/#breadcrumb"},"inLanguage":"en-US","potentialAction":[{"@type":"ReadAction","target":["https:\/\/hlrnet.com\/sites\/ergonomie\/"]}]},{"@type":"BreadcrumbList","@id":"https:\/\/hlrnet.com\/sites\/ergonomie\/#breadcrumb","itemListElement":[{"@type":"ListItem","position":1,"name":"Home","item":"https:\/\/hlrnet.com\/sites\/"},{"@type":"ListItem","position":2,"name":"Ergonomie"}]},{"@type":"WebSite","@id":"https:\/\/hlrnet.com\/sites\/#website","url":"https:\/\/hlrnet.com\/sites\/","name":"hlrnet.com","description":"Hans Le Roy","publisher":{"@id":"https:\/\/hlrnet.com\/sites\/#organization"},"potentialAction":[{"@type":"SearchAction","target":{"@type":"EntryPoint","urlTemplate":"https:\/\/hlrnet.com\/sites\/?s={search_term_string}"},"query-input":{"@type":"PropertyValueSpecification","valueRequired":true,"valueName":"search_term_string"}}],"inLanguage":"en-US"},{"@type":"Organization","@id":"https:\/\/hlrnet.com\/sites\/#organization","name":"hlrnet.com","url":"https:\/\/hlrnet.com\/sites\/","logo":{"@type":"ImageObject","inLanguage":"en-US","@id":"https:\/\/hlrnet.com\/sites\/#\/schema\/logo\/image\/","url":"https:\/\/hlrnet.com\/sites\/wp-content\/uploads\/2018\/04\/cropped-default512x512-trans-1.png","contentUrl":"https:\/\/hlrnet.com\/sites\/wp-content\/uploads\/2018\/04\/cropped-default512x512-trans-1.png","width":512,"height":160,"caption":"hlrnet.com"},"image":{"@id":"https:\/\/hlrnet.com\/sites\/#\/schema\/logo\/image\/"}}]}},"publishpress_future_action":{"enabled":false,"date":"2026-05-01 22:11:29","action":"change-status","newStatus":"draft","terms":[],"taxonomy":"","extraData":[]},"publishpress_future_workflow_manual_trigger":{"enabledWorkflows":[]},"_links":{"self":[{"href":"https:\/\/hlrnet.com\/sites\/wp-json\/wp\/v2\/pages\/1255","targetHints":{"allow":["GET"]}}],"collection":[{"href":"https:\/\/hlrnet.com\/sites\/wp-json\/wp\/v2\/pages"}],"about":[{"href":"https:\/\/hlrnet.com\/sites\/wp-json\/wp\/v2\/types\/page"}],"author":[{"embeddable":true,"href":"https:\/\/hlrnet.com\/sites\/wp-json\/wp\/v2\/users\/1"}],"replies":[{"embeddable":true,"href":"https:\/\/hlrnet.com\/sites\/wp-json\/wp\/v2\/comments?post=1255"}],"version-history":[{"count":0,"href":"https:\/\/hlrnet.com\/sites\/wp-json\/wp\/v2\/pages\/1255\/revisions"}],"wp:attachment":[{"href":"https:\/\/hlrnet.com\/sites\/wp-json\/wp\/v2\/media?parent=1255"}],"curies":[{"name":"wp","href":"https:\/\/api.w.org\/{rel}","templated":true}]}}