{"id":1239,"date":"2018-04-22T17:14:48","date_gmt":"2018-04-22T17:14:48","guid":{"rendered":"http:\/\/hlrnet.com\/sites\/?page_id=1239"},"modified":"2026-03-19T09:06:15","modified_gmt":"2026-03-19T09:06:15","slug":"online-cursussen","status":"publish","type":"page","link":"https:\/\/hlrnet.com\/sites\/online-cursussen\/","title":{"rendered":"Online cursussen"},"content":{"rendered":"<span class=\"span-reading-time rt-reading-time\" style=\"display: block;\"><span class=\"rt-label rt-prefix\">Reading Time: <\/span> <span class=\"rt-time\"> 2<\/span> <span class=\"rt-label rt-postfix\">minutes<\/span><\/span><ul>\n<li><b>Algemeen<\/b><\/li>\n<li><a href=\"https:\/\/www.acronymfinder.com\">AcronymFinder<\/a>: waarvoor staat die afkorting?<\/li>\n<li><a href=\"https:\/\/www.adrformacion.com\/\" target=\"_blank\" rel=\"noopener noreferrer\">ADR Formaci\u00f3n<\/a>: cursos en Word, Excel, Access, Powerpoint, Outlook, Frontpage, , Photoshop, Flash, Dreamweaver, AutoCAD, Visual Basic, PHP, Java, &#8230;<\/li>\n<li><a href=\"https:\/\/www.aulaclic.es\/\" target=\"_blank\" rel=\"noopener noreferrer\">AulaClic<\/a> (SP): Access, Outlook, Excel, Flash, Dreamweaver, Frontpage, Word, Photdraw<\/li>\n<li><a href=\"https:\/\/www.beginnersweb.nl\/\">Beginnersweb<\/a><\/li>\n<li><a href=\"https:\/\/www.boson.com\/\">Boson<\/a>: technical courses<\/li>\n<li><a href=\"https:\/\/www.commentcamarche.net\/\" target=\"_blank\" rel=\"noopener noreferrer\">Comment \u00e7a marche?<\/a>: site de vulgarisation de l&#8217;informatique<\/li>\n<li><a href=\"https:\/\/www.cbtcafe.com\/\" target=\"_blank\" rel=\"noopener noreferrer\">CBTCaf\u00e9<\/a>: Dreamweaver, Fireworks, Flash, Photoshop, Elements , PowerPoint , Cleaner, Ebay, QuickTime, Mac OS<\/li>\n<li><a href=\"https:\/\/www.cctglobal.com\/\" target=\"_blank\" rel=\"noopener noreferrer\">CCTglobal<\/a>: Courseware for Corporate Computer Training<\/li>\n<li><a href=\"https:\/\/www.codecademy.com\/\">Codacademy<\/a>: leren programmeren<\/li>\n<li><a href=\"https:\/\/www.commoncraft.com\/\">Commoncraft<\/a>: explanations in plain English<\/li>\n<li><a href=\"https:\/\/www.computerbrevet.nl\/\" target=\"_blank\" rel=\"noopener noreferrer\">Computerbrevet<\/a>: toetsen gebaseerd op de Visual Steps-boeken.<\/li>\n<li><a href=\"https:\/\/www.computerhandleiding.nl\/\">Computerhandleiding.nl<\/a><\/li>\n<li><a href=\"https:\/\/cursus.startpagina.nl\/\" target=\"_blank\" rel=\"noopener noreferrer\">Cursus.startpagina.nl<\/a>: overzicht van online cursussen<\/li>\n<li><a href=\"https:\/\/learndigital.withgoogle.com\/\">Digitaal Atelier<\/a> (Google)<\/li>\n<li>De syllabi van ECDL bestaan in het:\n<ul>\n<li><a href=\"https:\/\/www.pcie.tm.fr\/\" target=\"_blank\" rel=\"noopener noreferrer\">Frans<\/a><\/li>\n<\/ul>\n<\/li>\n<li>Meer ECDL materiaal bij:\n<ul>\n<li><a href=\"https:\/\/www.icdl.org.za\/\" target=\"_blank\" rel=\"noopener noreferrer\">ICDL Foundation Africa<\/a><\/li>\n<\/ul>\n<\/li>\n<li>ICDL Materiaal\n<ul>\n<li><a href=\"https:\/\/www.cctglobal.com\/\">CCTGlobal<\/a><\/li>\n<\/ul>\n<\/li>\n<li><a href=\"https:\/\/www.ehow.com\/\" target=\"_blank\" rel=\"noopener noreferrer\">eHow<\/a><\/li>\n<li><a href=\"https:\/\/escuela.it\/\">EscuelaIT<\/a>: Formaci\u00f3n en Desarrollo y Tecnolog\u00edas de la Informaci\u00f3n &#8211; escuela de la comunidad de <a href=\"http:\/\/DesarrolloWeb.com\" class=\"autohyperlink\">DesarrolloWeb.com<\/a><\/li>\n<li><a href=\"https:\/\/exercism.org\/\">Exercism<\/a>: develop fluency in 67 programming languages<\/li>\n<li><a href=\"https:\/\/explaineracademy.com\/\">Explainer Academy<\/a><\/li>\n<li><a href=\"https:\/\/www.howtogeek.com\/\">How-to Geek<\/a><\/li>\n<li><a href=\"https:\/\/plainenglish.io\/\">In Plain English<\/a><\/li>\n<li><a href=\"https:\/\/www.informit.com\/guides\/index.asp?rl=1\" target=\"_blank\" rel=\"noopener noreferrer\">Informit<\/a>: .NET, C++, Flash, Java, Linux, Office, Photoshop, Security, Webdesign, Windows Server, &#8230;<\/li>\n<li><a href=\"https:\/\/www.internetslang.com\/\">InternetSlang<\/a><\/li>\n<li><a href=\"https:\/\/www.internet4classrooms.com\/on-line.htm\" target=\"_blank\" rel=\"noopener noreferrer\">Internet4Classrooms<\/a>: Powerpoint, Word, Excel, Works, &#8230;<\/li>\n<li><a href=\"https:\/\/kevinstratvert.com\/\">Kevin Stratvert<\/a><\/li>\n<li><a href=\"https:\/\/www.killervideostore.com\">Killervideostore<\/a><\/li>\n<li><a href=\"https:\/\/www.klascement.net\/\" target=\"_blank\" rel=\"noopener noreferrer\">KlasCement<\/a>: hardware, internet, Office, Windows, netwerking, programmeren<\/li>\n<li><a href=\"https:\/\/www.learnthat.com\/\" target=\"_blank\" rel=\"noopener noreferrer\">Learnthat<\/a><\/li>\n<li><a href=\"https:\/\/www.learnnowonline.com\/\">LearnNowOnline<\/a>: for ITpros and Devs<\/li>\n<li><a href=\"https:\/\/www.levenslangleren.be\/it.php\">Levenslangleren<\/a><\/li>\n<li><a href=\"https:\/\/www.lynda.com\">Lynda.com<\/a><\/li>\n<li>Microsoft\n<ul>\n<li><a href=\"https:\/\/msdn.microsoft.com\/en-us\/goglobal\/bb688105.aspx\" target=\"_blank\" rel=\"noopener noreferrer\">Microsoft Terminology Translations <\/a><\/li>\n<li><a href=\"https:\/\/docs.microsoft.com\/en-gb\/learn\/\">Microsoft Learn<\/a><\/li>\n<li><a href=\"https:\/\/docs.microsoft.com\/en-us\/learn\/tv\/\">Microsoft Learn TV<\/a><\/li>\n<\/ul>\n<ul>\n<li><a href=\"https:\/\/www.microsoft.com\/learning\" target=\"_blank\" rel=\"noopener noreferrer\">Microsoft Learning<\/a><\/li>\n<li><a href=\"https:\/\/learn.microsoft.com\/en-us\/training\/\">Microsoft Learn<\/a><\/li>\n<\/ul>\n<\/li>\n<li><a href=\"https:\/\/www.monkeydoit.com\/\">Monkey Do It<\/a>: simple instructions for how to do things<\/li>\n<li><a href=\"https:\/\/www.youtube.com\/@MyOnlineTrainingHub\">MyOnlineLearningHub<\/a><\/li>\n<li><a href=\"https:\/\/www.newbie.org\/\" target=\"_blank\" rel=\"noopener noreferrer\">Newbie.org<\/a><\/li>\n<li><a href=\"https:\/\/www.pixel2life.com\/\">Pixel2Life<\/a>: Photoshop, Flash, &#8230;.<\/li>\n<li><a href=\"https:\/\/www.pluralsight.com\/\">Pluralsight<\/a><\/li>\n<li><a href=\"https:\/\/www.tech-recipes.com\/\">Tech-Recipes<\/a>: cookbook of tech tutorials<\/li>\n<li><a href=\"https:\/\/www.tutorialspoint.com\">TutorialsPoint<\/a><\/li>\n<li><a href=\"https:\/\/tutsplus.com\/\">Tuts+<\/a>: design and more<\/li>\n<li><a href=\"https:\/\/www.vistax64.com\/tutorials\/\">Vista Forums tutorials<\/a><\/li>\n<li><a href=\"https:\/\/www.voorbeginners.info\">Voor beginners<\/a>: Javascript, webhosting<\/li>\n<li><a href=\"https:\/\/www.sybesma.org\/word\/\" target=\"_blank\" rel=\"noopener noreferrer\">Werken met Microsoft Word (Sybesma)<\/a><\/li>\n<li><a href=\"https:\/\/www.wikibooks.org\/\" target=\"_blank\" rel=\"noopener noreferrer\">Wikibooks<\/a><\/li>\n<li><a href=\"https:\/\/www.wikihow.com\/\">Wikihow<\/a><\/li>\n<li>Zie ook: <a href=\"https:\/\/hlrnet.com\/sites\/onderwijs\/e-leren-open-en-afstandsonderwijs-blended-learning\/\">MOOC<\/a><\/li>\n<\/ul>\n<ul>\n<li><a name=\"lex\"><\/a><b>Woordenboeken \/ woordenlijsten<\/b><\/li>\n<li><a href=\"https:\/\/www.computerwoorden.nl\/\" target=\"_blank\" rel=\"noopener noreferrer\">Computerwoorden.nl<\/a><\/li>\n<li><a href=\"https:\/\/foldoc.org\/\" target=\"_blank\" rel=\"noopener noreferrer\">Computing Dictionary<\/a><\/li>\n<li><a href=\"https:\/\/www.floor.nl\/webtionary\/jargon1.htm\" target=\"_blank\" rel=\"noopener noreferrer\">Floor Webtionary: jargon verklaard<\/a><\/li>\n<li><a href=\"https:\/\/www.infonu.nl\/\">InfoNu<\/a><\/li>\n<li><a href=\"https:\/\/www.netlingo.com\/\" target=\"_blank\" rel=\"noopener noreferrer\">Netlingo<\/a>: the Internet dictionary<\/li>\n<li><a href=\"https:\/\/www.wikipedia.org\/wiki\/Computer_science\" target=\"_blank\" rel=\"noopener noreferrer\">Wikipedia free encyclopedia: computer sciences<\/a><\/li>\n<\/ul>\n<ul>\n<li><a name=\"pgm\"><\/a><b>Programmeren<\/b><\/li>\n<li><a href=\"https:\/\/hlrnet.com\/sites\/javascript\/\">Javascript<\/a><\/li>\n<li><a href=\"https:\/\/hlrnet.com\/sites\/java\/\">Java<\/a>: <a href=\"https:\/\/java.sun.com\/docs\/books\/tutorial\/index.html\" target=\"_blank\" rel=\"noopener noreferrer\">Sun<\/a><\/li>\n<li><a href=\"https:\/\/hlrnet.com\/sites\/pascal-en-delphi\/\">Pascal en Delphi<\/a><\/li>\n<\/ul>\n<ul>\n<li><a name=\"int\"><\/a><b>Internet<\/b><\/li>\n<li>Werp ook een blik op onze <a href=\"https:\/\/hlrnet.com\/sites\/html-2\/\">HTML pagina<\/a>.<\/li>\n<li><a href=\"https:\/\/www.learnem.com\/\">Learnem<\/a>: web designer<\/li>\n<li><a href=\"https:\/\/www.smartbooks.com\" target=\"_blank\" rel=\"noopener noreferrer\">SmartBooks<\/a> geeft een overzicht en inhoudstafels van boeken over Internet.<\/li>\n<\/ul>\n<ul>\n<li><a name=\"cert\"><\/a><b>Certifi\u00ebring<\/b><\/li>\n<li><a href=\"https:\/\/www.4tests.com\/\" target=\"_blank\" rel=\"noopener noreferrer\">4tests.com<\/a><\/li>\n<li><a href=\"https:\/\/www.braindumps.com\/\" target=\"_blank\" rel=\"noopener noreferrer\">Braindumps<\/a><\/li>\n<li><a href=\"https:\/\/www.cbtnuggets.com\/\" target=\"_blank\" rel=\"noopener noreferrer\">CBT Nuggets<\/a>: IT certification videos<\/li>\n<li><a href=\"https:\/\/www.certmag.com\/\" target=\"_blank\" rel=\"noopener noreferrer\">Certification Magazine<\/a><\/li>\n<li><a href=\"https:\/\/www.mcpmag.com\" target=\"_blank\" rel=\"noopener noreferrer\">MCP Magazine Online<\/a><\/li>\n<li><a href=\"https:\/\/www.mcse.ms\/\" target=\"_blank\" rel=\"noopener noreferrer\">MCSE Braindumps<\/a><\/li>\n<li><a href=\"https:\/\/www.mcseboard.de\/\" target=\"_blank\" rel=\"noopener noreferrer\">MCSE Forum.de<\/a><\/li>\n<li><a href=\"https:\/\/www.microsoft.com\/learning\/\" target=\"_blank\" rel=\"noopener noreferrer\">Microsoft Learning<\/a><\/li>\n<li><a href=\"https:\/\/www.ucertify.com\/\" target=\"_blank\" rel=\"noopener noreferrer\">uCertify<\/a><\/li>\n<li><a href=\"https:\/\/www.vue.com\/\" target=\"_blank\" rel=\"noopener noreferrer\">VUE Virtual University Enterprises<\/a><\/li>\n<li><a href=\"https:\/\/www.wincert.net\">WinCert (with forums)<\/a><\/li>\n<\/ul>\n<ul>\n<li>Studiedagen en congressen<\/li>\n<li><a href=\"https:\/\/www.clocate.com\/\">Clocate<\/a><\/li>\n<\/ul>\n<span class=\"last-modified-timestamp\">Mar 19, 2026 @ 9:06 am<\/span>\n","protected":false},"excerpt":{"rendered":"<p><span class=\"span-reading-time rt-reading-time\" style=\"display: block;\"><span class=\"rt-label rt-prefix\">Reading Time: <\/span> <span class=\"rt-time\"> 2<\/span> <span class=\"rt-label rt-postfix\">minutes<\/span><\/span>Algemeen AcronymFinder: waarvoor staat die afkorting? ADR Formaci\u00f3n: cursos en Word, Excel, Access, Powerpoint, Outlook, Frontpage, , Photoshop, Flash, Dreamweaver, AutoCAD, Visual Basic, PHP, Java, &#8230; AulaClic (SP): Access, Outlook, Excel, Flash, Dreamweaver, Frontpage, Word, Photdraw Beginnersweb Boson: technical courses Comment \u00e7a marche?: site de vulgarisation de l&#8217;informatique CBTCaf\u00e9: Dreamweaver,<\/p>\n","protected":false},"author":1,"featured_media":0,"parent":0,"menu_order":0,"comment_status":"closed","ping_status":"closed","template":"","meta":{"iawp_total_views":14,"footnotes":"","_wp_rev_ctl_limit":""},"class_list":["post-1239","page","type-page","status-publish","hentry"],"yoast_head":"<!-- This site is optimized with the Yoast SEO plugin v27.4 - https:\/\/yoast.com\/product\/yoast-seo-wordpress\/ -->\n<title>Online cursussen - hlrnet.com<\/title>\n<meta name=\"robots\" content=\"index, follow, max-snippet:-1, max-image-preview:large, max-video-preview:-1\" \/>\n<link rel=\"canonical\" href=\"https:\/\/hlrnet.com\/sites\/online-cursussen\/\" \/>\n<meta property=\"og:locale\" content=\"en_US\" \/>\n<meta property=\"og:type\" content=\"article\" \/>\n<meta property=\"og:title\" content=\"Online cursussen - hlrnet.com\" \/>\n<meta property=\"og:description\" content=\"Reading Time:  2 minutesAlgemeen AcronymFinder: waarvoor staat die afkorting? ADR Formaci\u00f3n: cursos en Word, Excel, Access, Powerpoint, Outlook, Frontpage, , Photoshop, Flash, Dreamweaver, AutoCAD, Visual Basic, PHP, Java, &#8230; AulaClic (SP): Access, Outlook, Excel, Flash, Dreamweaver, Frontpage, Word, Photdraw Beginnersweb Boson: technical courses Comment \u00e7a marche?: site de vulgarisation de l&#8217;informatique CBTCaf\u00e9: Dreamweaver,\" \/>\n<meta property=\"og:url\" content=\"https:\/\/hlrnet.com\/sites\/online-cursussen\/\" \/>\n<meta property=\"og:site_name\" content=\"hlrnet.com\" \/>\n<meta property=\"article:modified_time\" content=\"2026-03-19T09:06:15+00:00\" \/>\n<meta name=\"twitter:card\" content=\"summary_large_image\" \/>\n<meta name=\"twitter:label1\" content=\"Est. reading time\" \/>\n\t<meta name=\"twitter:data1\" content=\"2 minutes\" \/>\n<script type=\"application\/ld+json\" class=\"yoast-schema-graph\">{\"@context\":\"https:\\\/\\\/schema.org\",\"@graph\":[{\"@type\":\"WebPage\",\"@id\":\"https:\\\/\\\/hlrnet.com\\\/sites\\\/online-cursussen\\\/\",\"url\":\"https:\\\/\\\/hlrnet.com\\\/sites\\\/online-cursussen\\\/\",\"name\":\"Online cursussen - hlrnet.com\",\"isPartOf\":{\"@id\":\"https:\\\/\\\/hlrnet.com\\\/sites\\\/#website\"},\"datePublished\":\"2018-04-22T17:14:48+00:00\",\"dateModified\":\"2026-03-19T09:06:15+00:00\",\"breadcrumb\":{\"@id\":\"https:\\\/\\\/hlrnet.com\\\/sites\\\/online-cursussen\\\/#breadcrumb\"},\"inLanguage\":\"en-US\",\"potentialAction\":[{\"@type\":\"ReadAction\",\"target\":[\"https:\\\/\\\/hlrnet.com\\\/sites\\\/online-cursussen\\\/\"]}]},{\"@type\":\"BreadcrumbList\",\"@id\":\"https:\\\/\\\/hlrnet.com\\\/sites\\\/online-cursussen\\\/#breadcrumb\",\"itemListElement\":[{\"@type\":\"ListItem\",\"position\":1,\"name\":\"Home\",\"item\":\"https:\\\/\\\/hlrnet.com\\\/sites\\\/\"},{\"@type\":\"ListItem\",\"position\":2,\"name\":\"Online cursussen\"}]},{\"@type\":\"WebSite\",\"@id\":\"https:\\\/\\\/hlrnet.com\\\/sites\\\/#website\",\"url\":\"https:\\\/\\\/hlrnet.com\\\/sites\\\/\",\"name\":\"hlrnet.com\",\"description\":\"Hans Le Roy\",\"publisher\":{\"@id\":\"https:\\\/\\\/hlrnet.com\\\/sites\\\/#organization\"},\"potentialAction\":[{\"@type\":\"SearchAction\",\"target\":{\"@type\":\"EntryPoint\",\"urlTemplate\":\"https:\\\/\\\/hlrnet.com\\\/sites\\\/?s={search_term_string}\"},\"query-input\":{\"@type\":\"PropertyValueSpecification\",\"valueRequired\":true,\"valueName\":\"search_term_string\"}}],\"inLanguage\":\"en-US\"},{\"@type\":\"Organization\",\"@id\":\"https:\\\/\\\/hlrnet.com\\\/sites\\\/#organization\",\"name\":\"hlrnet.com\",\"url\":\"https:\\\/\\\/hlrnet.com\\\/sites\\\/\",\"logo\":{\"@type\":\"ImageObject\",\"inLanguage\":\"en-US\",\"@id\":\"https:\\\/\\\/hlrnet.com\\\/sites\\\/#\\\/schema\\\/logo\\\/image\\\/\",\"url\":\"https:\\\/\\\/hlrnet.com\\\/sites\\\/wp-content\\\/uploads\\\/2018\\\/04\\\/cropped-default512x512-trans-1.png\",\"contentUrl\":\"https:\\\/\\\/hlrnet.com\\\/sites\\\/wp-content\\\/uploads\\\/2018\\\/04\\\/cropped-default512x512-trans-1.png\",\"width\":512,\"height\":160,\"caption\":\"hlrnet.com\"},\"image\":{\"@id\":\"https:\\\/\\\/hlrnet.com\\\/sites\\\/#\\\/schema\\\/logo\\\/image\\\/\"}}]}<\/script>\n<!-- \/ Yoast SEO plugin. -->","yoast_head_json":{"title":"Online cursussen - hlrnet.com","robots":{"index":"index","follow":"follow","max-snippet":"max-snippet:-1","max-image-preview":"max-image-preview:large","max-video-preview":"max-video-preview:-1"},"canonical":"https:\/\/hlrnet.com\/sites\/online-cursussen\/","og_locale":"en_US","og_type":"article","og_title":"Online cursussen - hlrnet.com","og_description":"Reading Time:  2 minutesAlgemeen AcronymFinder: waarvoor staat die afkorting? ADR Formaci\u00f3n: cursos en Word, Excel, Access, Powerpoint, Outlook, Frontpage, , Photoshop, Flash, Dreamweaver, AutoCAD, Visual Basic, PHP, Java, &#8230; AulaClic (SP): Access, Outlook, Excel, Flash, Dreamweaver, Frontpage, Word, Photdraw Beginnersweb Boson: technical courses Comment \u00e7a marche?: site de vulgarisation de l&#8217;informatique CBTCaf\u00e9: Dreamweaver,","og_url":"https:\/\/hlrnet.com\/sites\/online-cursussen\/","og_site_name":"hlrnet.com","article_modified_time":"2026-03-19T09:06:15+00:00","twitter_card":"summary_large_image","twitter_misc":{"Est. reading time":"2 minutes"},"schema":{"@context":"https:\/\/schema.org","@graph":[{"@type":"WebPage","@id":"https:\/\/hlrnet.com\/sites\/online-cursussen\/","url":"https:\/\/hlrnet.com\/sites\/online-cursussen\/","name":"Online cursussen - hlrnet.com","isPartOf":{"@id":"https:\/\/hlrnet.com\/sites\/#website"},"datePublished":"2018-04-22T17:14:48+00:00","dateModified":"2026-03-19T09:06:15+00:00","breadcrumb":{"@id":"https:\/\/hlrnet.com\/sites\/online-cursussen\/#breadcrumb"},"inLanguage":"en-US","potentialAction":[{"@type":"ReadAction","target":["https:\/\/hlrnet.com\/sites\/online-cursussen\/"]}]},{"@type":"BreadcrumbList","@id":"https:\/\/hlrnet.com\/sites\/online-cursussen\/#breadcrumb","itemListElement":[{"@type":"ListItem","position":1,"name":"Home","item":"https:\/\/hlrnet.com\/sites\/"},{"@type":"ListItem","position":2,"name":"Online cursussen"}]},{"@type":"WebSite","@id":"https:\/\/hlrnet.com\/sites\/#website","url":"https:\/\/hlrnet.com\/sites\/","name":"hlrnet.com","description":"Hans Le Roy","publisher":{"@id":"https:\/\/hlrnet.com\/sites\/#organization"},"potentialAction":[{"@type":"SearchAction","target":{"@type":"EntryPoint","urlTemplate":"https:\/\/hlrnet.com\/sites\/?s={search_term_string}"},"query-input":{"@type":"PropertyValueSpecification","valueRequired":true,"valueName":"search_term_string"}}],"inLanguage":"en-US"},{"@type":"Organization","@id":"https:\/\/hlrnet.com\/sites\/#organization","name":"hlrnet.com","url":"https:\/\/hlrnet.com\/sites\/","logo":{"@type":"ImageObject","inLanguage":"en-US","@id":"https:\/\/hlrnet.com\/sites\/#\/schema\/logo\/image\/","url":"https:\/\/hlrnet.com\/sites\/wp-content\/uploads\/2018\/04\/cropped-default512x512-trans-1.png","contentUrl":"https:\/\/hlrnet.com\/sites\/wp-content\/uploads\/2018\/04\/cropped-default512x512-trans-1.png","width":512,"height":160,"caption":"hlrnet.com"},"image":{"@id":"https:\/\/hlrnet.com\/sites\/#\/schema\/logo\/image\/"}}]}},"publishpress_future_action":{"enabled":false,"date":"2026-05-01 23:19:17","action":"change-status","newStatus":"draft","terms":[],"taxonomy":"","extraData":[]},"publishpress_future_workflow_manual_trigger":{"enabledWorkflows":[]},"_links":{"self":[{"href":"https:\/\/hlrnet.com\/sites\/wp-json\/wp\/v2\/pages\/1239","targetHints":{"allow":["GET"]}}],"collection":[{"href":"https:\/\/hlrnet.com\/sites\/wp-json\/wp\/v2\/pages"}],"about":[{"href":"https:\/\/hlrnet.com\/sites\/wp-json\/wp\/v2\/types\/page"}],"author":[{"embeddable":true,"href":"https:\/\/hlrnet.com\/sites\/wp-json\/wp\/v2\/users\/1"}],"replies":[{"embeddable":true,"href":"https:\/\/hlrnet.com\/sites\/wp-json\/wp\/v2\/comments?post=1239"}],"version-history":[{"count":0,"href":"https:\/\/hlrnet.com\/sites\/wp-json\/wp\/v2\/pages\/1239\/revisions"}],"wp:attachment":[{"href":"https:\/\/hlrnet.com\/sites\/wp-json\/wp\/v2\/media?parent=1239"}],"curies":[{"name":"wp","href":"https:\/\/api.w.org\/{rel}","templated":true}]}}