{"id":12,"date":"2012-04-18T18:20:49","date_gmt":"2012-04-18T18:20:49","guid":{"rendered":"http:\/\/hlrnet.com\/sites\/?page_id=12"},"modified":"2026-03-11T13:36:56","modified_gmt":"2026-03-11T13:36:56","slug":"hans-le-roy","status":"publish","type":"page","link":"https:\/\/hlrnet.com\/sites\/","title":{"rendered":"hlrnet.com"},"content":{"rendered":"<span class=\"span-reading-time rt-reading-time\" style=\"display: block;\"><span class=\"rt-label rt-prefix\">Reading Time: <\/span> <span class=\"rt-time\"> &lt; 1<\/span> <span class=\"rt-label rt-postfix\">minute<\/span><\/span><ul>\n<li><strong><a href=\"https:\/\/hlrnet.com\/sites\/alt164\">Alt164: el espa\u00f1ol lengua extranjera<\/a><\/strong>\n<ul>\n<li><a href=\"https:\/\/hlrnet.com\/sites\/alt164\/aprender-el-espanol-sin-manual\/\">Aprender el espa\u00f1ol sin manual<\/a><\/li>\n<li><a href=\"https:\/\/hlrnet.com\/sites\/taller\/\">Taller de autonom\u00eda<\/a><\/li>\n<\/ul>\n<\/li>\n<li><strong><a href=\"https:\/\/hlrnet.com\/sites\/gzorg\/\">Gezondheids.org<\/a><\/strong>\n<ul>\n<li><a href=\"https:\/\/hlrnet.com\/sites\/gzorg\/ergotherapie-2\/\">Ergotherapie<\/a> &#8211; <a href=\"https:\/\/hlrnet.com\/sites\/gzorg\/medische-beeldvorming-2\/\">Medische Beeldvorming en radiotherapie<\/a> &#8211; <a href=\"https:\/\/hlrnet.com\/sites\/gzorg\/optiek-en-optometrie-oogzorg\/\">Oogzorg<\/a> &#8211; <a href=\"https:\/\/hlrnet.com\/sites\/gzorg\/verpleegkunde\/\">Verpleegkunde<\/a><\/li>\n<li><a href=\"https:\/\/hlrnet.com\/sites\/gzorg\/gezondheidsinformatica-ehealth\/\">Digitale zorg \/ e-health<\/a><\/li>\n<li><a href=\"https:\/\/www.hlrnet.com\/sites\/fss\/\">Le fran\u00e7ais et les soins de sant\u00e9<\/a><\/li>\n<li><a href=\"https:\/\/www.hlrnet.com\/sites\/vt\/\">Meertalige communicatie<\/a><\/li>\n<li><a href=\"https:\/\/www.hlrnet.com\/sites\/term\/\">Terminologie<\/a><\/li>\n<li><a href=\"https:\/\/hlrnet.com\/sites\/ebp\/\">EBP nl\/en\/es\/fr<\/a><\/li>\n<\/ul>\n<\/li>\n<li><strong><a href=\"https:\/\/hlrnet.com\/technoblog\/inicio\/\">Technoblog<\/a><\/strong>\n<ul>\n<li><a href=\"https:\/\/hlrnet.com\/sites\/ai\/\"><strong>Artifici\u00eble intelligentie &#8211; Inteligencia Artificial<\/strong><\/a><\/li>\n<\/ul>\n<\/li>\n<li><a href=\"https:\/\/hlrnet.com\/sites\/agenda\">Culturele agenda&#8217;s<\/a><\/li>\n<li><strong><a href=\"https:\/\/hlrnet.com\/sites\/alt128\">Alt128: fran\u00e7ais langue \u00e9trang\u00e8re<\/a><\/strong><\/li>\n<li><a href=\"https:\/\/hlrnet.com\/sites\/?page_id=54916\">Subwebs din\u00e1micas<\/a><\/li>\n<\/ul>\n<hr \/>\n<ul>\n<li>Hans Le Roy<\/li>\n<li><a href=\"https:\/\/mvp.microsoft.com\/\">MS MVP del 2003 al 2017<\/a><\/li>\n<li><a href=\"https:\/\/www.odisee.be\/\">Odisee<\/a><\/li>\n<li><a href=\"https:\/\/www.cvosemper.be\/\" target=\"_blank\" rel=\"noopener noreferrer\">CVO Semper<\/a><\/li>\n<li><a href=\"https:\/\/www.sbpe.info\">SBPE<\/a><\/li>\n<li><a href=\"https:\/\/www.fiape.org\">FIAPE<\/a><\/li>\n<li><a href=\"https:\/\/www.vlrom.be\">VLR<\/a><\/li>\n<li><a href=\"https:\/\/www.linkedin.com\/in\/hansleroy\">LinkedIn<\/a><\/li>\n<li><a href=\"https:\/\/lirias.kuleuven.be\/cv?u=U0037499&amp;allItems=true&amp;layout=APA-style&amp;link=true\">Lirias<\/a><\/li>\n<\/ul>\n<p><input name=\"domains\" type=\"hidden\" value=\"hlrnet.com\" \/><input checked=\"checked\" name=\"sitesearch\" type=\"hidden\" value=\"hlrnet.com\" \/><\/p>\n<p><a href=\"#\"><img decoding=\"async\" src=\"https:\/\/shield.sitelock.com\/shield\/hlrnet.com\" alt=\"SiteLock\" width=\"120\" \/><\/a><\/p>\n<div data-iframe-width=\"150\" data-iframe-height=\"270\" data-share-badge-id=\"9e8ada18-3e50-4cf3-87b4-1fc85263722a\" data-share-badge-host=\"https:\/\/www.credly.com\"><\/div>\n<p><script type=\"text\/javascript\" async src=\"\/\/cdn.credly.com\/assets\/utilities\/embed.js\"><\/script><br \/>\n<a href=\"https:\/\/info.flagcounter.com\/OMWP\"><img loading=\"lazy\" decoding=\"async\" src=\"https:\/\/s01.flagcounter.com\/count2\/OMWP\/bg_FFFFFF\/txt_000000\/border_CCCCCC\/columns_2\/maxflags_10\/viewers_0\/labels_1\/pageviews_1\/flags_0\/percent_0\/\" alt=\"Flag Counter\" width=\"1\" height=\"1\" border=\"0\" \/><\/a><\/p>\n","protected":false},"excerpt":{"rendered":"<p><span class=\"span-reading-time rt-reading-time\" style=\"display: block;\"><span class=\"rt-label rt-prefix\">Reading Time: <\/span> <span class=\"rt-time\"> &lt; 1<\/span> <span class=\"rt-label rt-postfix\">minute<\/span><\/span>Alt164: el espa\u00f1ol lengua extranjera Aprender el espa\u00f1ol sin manual Taller de autonom\u00eda <a href=\"http:\/\/Gezondheids.org\" class=\"autohyperlink\">Gezondheids.org<\/a> Ergotherapie &#8211; Medische Beeldvorming en radiotherapie &#8211; Oogzorg &#8211; Verpleegkunde Digitale zorg \/ e-health Le fran\u00e7ais et les soins de sant\u00e9 Meertalige communicatie Terminologie EBP nl\/en\/es\/fr Technoblog Artifici\u00eble intelligentie &#8211; Inteligencia Artificial Culturele agenda&#8217;s Alt128: fran\u00e7ais<\/p>\n","protected":false},"author":1,"featured_media":0,"parent":0,"menu_order":0,"comment_status":"closed","ping_status":"closed","template":"","meta":{"iawp_total_views":3531,"footnotes":"","_wp_rev_ctl_limit":""},"class_list":["post-12","page","type-page","status-publish","hentry"],"yoast_head":"<!-- This site is optimized with the Yoast SEO plugin v27.4 - https:\/\/yoast.com\/product\/yoast-seo-wordpress\/ -->\n<title>hlrnet.com - hlrnet.com<\/title>\n<meta name=\"robots\" content=\"index, follow, max-snippet:-1, max-image-preview:large, max-video-preview:-1\" \/>\n<link rel=\"canonical\" href=\"https:\/\/hlrnet.com\/sites\/\" \/>\n<meta property=\"og:locale\" content=\"en_US\" \/>\n<meta property=\"og:type\" content=\"article\" \/>\n<meta property=\"og:title\" content=\"hlrnet.com - hlrnet.com\" \/>\n<meta property=\"og:description\" content=\"Reading Time:  &lt; 1 minuteAlt164: el espa\u00f1ol lengua extranjera Aprender el espa\u00f1ol sin manual Taller de autonom\u00eda Gezondheids.org Ergotherapie &#8211; Medische Beeldvorming en radiotherapie &#8211; Oogzorg &#8211; Verpleegkunde Digitale zorg \/ e-health Le fran\u00e7ais et les soins de sant\u00e9 Meertalige communicatie Terminologie EBP nl\/en\/es\/fr Technoblog Artifici\u00eble intelligentie &#8211; Inteligencia Artificial Culturele agenda&#8217;s Alt128: fran\u00e7ais\" \/>\n<meta property=\"og:url\" content=\"https:\/\/hlrnet.com\/sites\/\" \/>\n<meta property=\"og:site_name\" content=\"hlrnet.com\" \/>\n<meta property=\"article:modified_time\" content=\"2026-03-11T13:36:56+00:00\" \/>\n<meta property=\"og:image\" content=\"https:\/\/shield.sitelock.com\/shield\/hlrnet.com\" \/>\n<meta name=\"twitter:card\" content=\"summary_large_image\" \/>\n<meta name=\"twitter:label1\" content=\"Est. reading time\" \/>\n\t<meta name=\"twitter:data1\" content=\"1 minute\" \/>\n<script type=\"application\/ld+json\" class=\"yoast-schema-graph\">{\"@context\":\"https:\\\/\\\/schema.org\",\"@graph\":[{\"@type\":\"WebPage\",\"@id\":\"https:\\\/\\\/hlrnet.com\\\/sites\\\/\",\"url\":\"https:\\\/\\\/hlrnet.com\\\/sites\\\/\",\"name\":\"hlrnet.com - hlrnet.com\",\"isPartOf\":{\"@id\":\"https:\\\/\\\/hlrnet.com\\\/sites\\\/#website\"},\"primaryImageOfPage\":{\"@id\":\"https:\\\/\\\/hlrnet.com\\\/sites\\\/#primaryimage\"},\"image\":{\"@id\":\"https:\\\/\\\/hlrnet.com\\\/sites\\\/#primaryimage\"},\"thumbnailUrl\":\"https:\\\/\\\/shield.sitelock.com\\\/shield\\\/hlrnet.com\",\"datePublished\":\"2012-04-18T18:20:49+00:00\",\"dateModified\":\"2026-03-11T13:36:56+00:00\",\"breadcrumb\":{\"@id\":\"https:\\\/\\\/hlrnet.com\\\/sites\\\/#breadcrumb\"},\"inLanguage\":\"en-US\",\"potentialAction\":[{\"@type\":\"ReadAction\",\"target\":[\"https:\\\/\\\/hlrnet.com\\\/sites\\\/\"]}]},{\"@type\":\"ImageObject\",\"inLanguage\":\"en-US\",\"@id\":\"https:\\\/\\\/hlrnet.com\\\/sites\\\/#primaryimage\",\"url\":\"https:\\\/\\\/shield.sitelock.com\\\/shield\\\/hlrnet.com\",\"contentUrl\":\"https:\\\/\\\/shield.sitelock.com\\\/shield\\\/hlrnet.com\"},{\"@type\":\"BreadcrumbList\",\"@id\":\"https:\\\/\\\/hlrnet.com\\\/sites\\\/#breadcrumb\",\"itemListElement\":[{\"@type\":\"ListItem\",\"position\":1,\"name\":\"Home\",\"item\":\"https:\\\/\\\/hlrnet.com\\\/sites\\\/\"},{\"@type\":\"ListItem\",\"position\":2,\"name\":\"hlrnet.com\"}]},{\"@type\":\"WebSite\",\"@id\":\"https:\\\/\\\/hlrnet.com\\\/sites\\\/#website\",\"url\":\"https:\\\/\\\/hlrnet.com\\\/sites\\\/\",\"name\":\"hlrnet.com\",\"description\":\"Hans Le Roy\",\"publisher\":{\"@id\":\"https:\\\/\\\/hlrnet.com\\\/sites\\\/#organization\"},\"potentialAction\":[{\"@type\":\"SearchAction\",\"target\":{\"@type\":\"EntryPoint\",\"urlTemplate\":\"https:\\\/\\\/hlrnet.com\\\/sites\\\/?s={search_term_string}\"},\"query-input\":{\"@type\":\"PropertyValueSpecification\",\"valueRequired\":true,\"valueName\":\"search_term_string\"}}],\"inLanguage\":\"en-US\"},{\"@type\":\"Organization\",\"@id\":\"https:\\\/\\\/hlrnet.com\\\/sites\\\/#organization\",\"name\":\"hlrnet.com\",\"url\":\"https:\\\/\\\/hlrnet.com\\\/sites\\\/\",\"logo\":{\"@type\":\"ImageObject\",\"inLanguage\":\"en-US\",\"@id\":\"https:\\\/\\\/hlrnet.com\\\/sites\\\/#\\\/schema\\\/logo\\\/image\\\/\",\"url\":\"https:\\\/\\\/hlrnet.com\\\/sites\\\/wp-content\\\/uploads\\\/2018\\\/04\\\/cropped-default512x512-trans-1.png\",\"contentUrl\":\"https:\\\/\\\/hlrnet.com\\\/sites\\\/wp-content\\\/uploads\\\/2018\\\/04\\\/cropped-default512x512-trans-1.png\",\"width\":512,\"height\":160,\"caption\":\"hlrnet.com\"},\"image\":{\"@id\":\"https:\\\/\\\/hlrnet.com\\\/sites\\\/#\\\/schema\\\/logo\\\/image\\\/\"}}]}<\/script>\n<!-- \/ Yoast SEO plugin. -->","yoast_head_json":{"title":"hlrnet.com - hlrnet.com","robots":{"index":"index","follow":"follow","max-snippet":"max-snippet:-1","max-image-preview":"max-image-preview:large","max-video-preview":"max-video-preview:-1"},"canonical":"https:\/\/hlrnet.com\/sites\/","og_locale":"en_US","og_type":"article","og_title":"hlrnet.com - hlrnet.com","og_description":"Reading Time:  &lt; 1 minuteAlt164: el espa\u00f1ol lengua extranjera Aprender el espa\u00f1ol sin manual Taller de autonom\u00eda Gezondheids.org Ergotherapie &#8211; Medische Beeldvorming en radiotherapie &#8211; Oogzorg &#8211; Verpleegkunde Digitale zorg \/ e-health Le fran\u00e7ais et les soins de sant\u00e9 Meertalige communicatie Terminologie EBP nl\/en\/es\/fr Technoblog Artifici\u00eble intelligentie &#8211; Inteligencia Artificial Culturele agenda&#8217;s Alt128: fran\u00e7ais","og_url":"https:\/\/hlrnet.com\/sites\/","og_site_name":"hlrnet.com","article_modified_time":"2026-03-11T13:36:56+00:00","og_image":[{"url":"https:\/\/shield.sitelock.com\/shield\/hlrnet.com","type":"","width":"","height":""}],"twitter_card":"summary_large_image","twitter_misc":{"Est. reading time":"1 minute"},"schema":{"@context":"https:\/\/schema.org","@graph":[{"@type":"WebPage","@id":"https:\/\/hlrnet.com\/sites\/","url":"https:\/\/hlrnet.com\/sites\/","name":"hlrnet.com - hlrnet.com","isPartOf":{"@id":"https:\/\/hlrnet.com\/sites\/#website"},"primaryImageOfPage":{"@id":"https:\/\/hlrnet.com\/sites\/#primaryimage"},"image":{"@id":"https:\/\/hlrnet.com\/sites\/#primaryimage"},"thumbnailUrl":"https:\/\/shield.sitelock.com\/shield\/hlrnet.com","datePublished":"2012-04-18T18:20:49+00:00","dateModified":"2026-03-11T13:36:56+00:00","breadcrumb":{"@id":"https:\/\/hlrnet.com\/sites\/#breadcrumb"},"inLanguage":"en-US","potentialAction":[{"@type":"ReadAction","target":["https:\/\/hlrnet.com\/sites\/"]}]},{"@type":"ImageObject","inLanguage":"en-US","@id":"https:\/\/hlrnet.com\/sites\/#primaryimage","url":"https:\/\/shield.sitelock.com\/shield\/hlrnet.com","contentUrl":"https:\/\/shield.sitelock.com\/shield\/hlrnet.com"},{"@type":"BreadcrumbList","@id":"https:\/\/hlrnet.com\/sites\/#breadcrumb","itemListElement":[{"@type":"ListItem","position":1,"name":"Home","item":"https:\/\/hlrnet.com\/sites\/"},{"@type":"ListItem","position":2,"name":"hlrnet.com"}]},{"@type":"WebSite","@id":"https:\/\/hlrnet.com\/sites\/#website","url":"https:\/\/hlrnet.com\/sites\/","name":"hlrnet.com","description":"Hans Le Roy","publisher":{"@id":"https:\/\/hlrnet.com\/sites\/#organization"},"potentialAction":[{"@type":"SearchAction","target":{"@type":"EntryPoint","urlTemplate":"https:\/\/hlrnet.com\/sites\/?s={search_term_string}"},"query-input":{"@type":"PropertyValueSpecification","valueRequired":true,"valueName":"search_term_string"}}],"inLanguage":"en-US"},{"@type":"Organization","@id":"https:\/\/hlrnet.com\/sites\/#organization","name":"hlrnet.com","url":"https:\/\/hlrnet.com\/sites\/","logo":{"@type":"ImageObject","inLanguage":"en-US","@id":"https:\/\/hlrnet.com\/sites\/#\/schema\/logo\/image\/","url":"https:\/\/hlrnet.com\/sites\/wp-content\/uploads\/2018\/04\/cropped-default512x512-trans-1.png","contentUrl":"https:\/\/hlrnet.com\/sites\/wp-content\/uploads\/2018\/04\/cropped-default512x512-trans-1.png","width":512,"height":160,"caption":"hlrnet.com"},"image":{"@id":"https:\/\/hlrnet.com\/sites\/#\/schema\/logo\/image\/"}}]}},"publishpress_future_action":{"enabled":false,"date":"2026-04-30 12:19:20","action":"change-status","newStatus":"draft","terms":[],"taxonomy":"","extraData":[]},"publishpress_future_workflow_manual_trigger":{"enabledWorkflows":[]},"_links":{"self":[{"href":"https:\/\/hlrnet.com\/sites\/wp-json\/wp\/v2\/pages\/12","targetHints":{"allow":["GET"]}}],"collection":[{"href":"https:\/\/hlrnet.com\/sites\/wp-json\/wp\/v2\/pages"}],"about":[{"href":"https:\/\/hlrnet.com\/sites\/wp-json\/wp\/v2\/types\/page"}],"author":[{"embeddable":true,"href":"https:\/\/hlrnet.com\/sites\/wp-json\/wp\/v2\/users\/1"}],"replies":[{"embeddable":true,"href":"https:\/\/hlrnet.com\/sites\/wp-json\/wp\/v2\/comments?post=12"}],"version-history":[{"count":0,"href":"https:\/\/hlrnet.com\/sites\/wp-json\/wp\/v2\/pages\/12\/revisions"}],"wp:attachment":[{"href":"https:\/\/hlrnet.com\/sites\/wp-json\/wp\/v2\/media?parent=12"}],"curies":[{"name":"wp","href":"https:\/\/api.w.org\/{rel}","templated":true}]}}