{"id":1161,"date":"2018-04-22T16:47:36","date_gmt":"2018-04-22T16:47:36","guid":{"rendered":"http:\/\/hlrnet.com\/sites\/?page_id=1161"},"modified":"2026-04-11T13:57:23","modified_gmt":"2026-04-11T13:57:23","slug":"actualiteit","status":"publish","type":"page","link":"https:\/\/hlrnet.com\/sites\/actualiteit\/","title":{"rendered":"Actualiteit van technologie"},"content":{"rendered":"<span class=\"span-reading-time rt-reading-time\" style=\"display: block;\"><span class=\"rt-label rt-prefix\">Reading Time: <\/span> <span class=\"rt-time\"> &lt; 1<\/span> <span class=\"rt-label rt-postfix\">minute<\/span><\/span><ul>\n<li><a href=\"https:\/\/www.aboutict.nl\/\">About ict (NL)<\/a><\/li>\n<li><a href=\"https:\/\/www.apparata.nl\/\">Apparata (NL)<\/a><\/li>\n<li><a href=\"https:\/\/arstechnica.com\" target=\"_blank\" rel=\"noopener noreferrer\">Ars Technica<\/a><\/li>\n<li><a href=\"https:\/\/www.automatiseringgids.nl\/\">Automatiseringsgids<\/a><\/li>\n<li><a href=\"https:\/\/www.betanews.com\/\" target=\"_blank\" rel=\"noopener noreferrer\">BetaNews<\/a><\/li>\n<li><a href=\"https:\/\/www.bloovi.be\/\">Bloovi.be<\/a><\/li>\n<li><a href=\"https:\/\/www.bright.nl\/\" target=\"_blank\" rel=\"noopener noreferrer\">Bright<\/a><\/li>\n<li><a href=\"https:\/\/www.clubic.com\/\" target=\"_blank\" rel=\"noopener noreferrer\">Clubic<\/a>: informatique et multim\u00e9dia (FR)<\/li>\n<li><a href=\"https:\/\/www.cioupdate.com\/\" target=\"_blank\" rel=\"noopener noreferrer\">CIO Information Network<\/a><\/li>\n<li><a href=\"https:\/\/www.computable.nl\/\" target=\"_blank\" rel=\"noopener noreferrer\">Computable: alles over zakelijke ICT in Belgi\u00eb<\/a><\/li>\n<li><a href=\"https:\/\/www.computerworld.com\">ComputerWorld<\/a> &#8211; BE<\/li>\n<li><a href=\"https:\/\/www.decursor.be\/\" target=\"_blank\" rel=\"noopener noreferrer\">De Cursor<\/a> (BE)<\/li>\n<li><a href=\"https:\/\/www.deskmodder.de\/\">Deskmodder<\/a> (DE)<\/li>\n<li><a href=\"https:\/\/devwebpro.com\/\" target=\"_blank\" rel=\"noopener noreferrer\">DevWebPro<\/a><\/li>\n<li><a href=\"https:\/\/www.digimedia.be\/\">Digimedia<\/a><\/li>\n<li><a href=\"https:\/\/www.diskidee.be\/\" target=\"_blank\" rel=\"noopener noreferrer\">DiskIdee<\/a>: hardwaretesten, softwaretesten, multimedia, nieuws<\/li>\n<li><a href=\"https:\/\/www.dutchitchannel.nl\/\">DutchITchannel<\/a><\/li>\n<li><a href=\"https:\/\/www.emerce.nl\/\" target=\"_blank\" rel=\"noopener noreferrer\">Emerce<\/a> (NL)<\/li>\n<li><a href=\"https:\/\/www.engineeringnet.be\/\">Engineeringnet<\/a><\/li>\n<li><a href=\"https:\/\/www.fwdmagazine.be\/\">FWDmagazine<\/a>: home enterntainment magazine<\/li>\n<li><a href=\"https:\/\/www.ghacks.net\/\">GHacks<\/a><\/li>\n<li><a href=\"https:\/\/www.eweek.com\/\" target=\"_blank\" rel=\"noopener noreferrer\">eWEEK<\/a><\/li>\n<li><a href=\"https:\/\/www.extremetech.com\/\" target=\"_blank\" rel=\"noopener noreferrer\">ExtremeTech<\/a><\/li>\n<li><a href=\"https:\/\/www.fnl.nl\/\" target=\"_blank\" rel=\"noopener noreferrer\">F&amp;L Publications<\/a> (NL)<\/li>\n<li><a href=\"https:\/\/www.gearlive.com\" target=\"_blank\" rel=\"noopener noreferrer\">Gear Live<\/a><\/li>\n<li><a href=\"https:\/\/geeko.lesoir.be\/\">Geeko<\/a><\/li>\n<li><a href=\"https:\/\/www.ghacks.net\/\">Ghacks<\/a><\/li>\n<li><a href=\"https:\/\/gizmodo.com\/\">Gizmodo<\/a>: gadget guide<\/li>\n<li><a href=\"https:\/\/www.groklaw.net\/\" target=\"_blank\" rel=\"noopener noreferrer\">Groklaw<\/a><\/li>\n<li><a href=\"https:\/\/www.helpnetsecurity.com\/\" target=\"_blank\" rel=\"noopener noreferrer\">Help Net Security<\/a><\/li>\n<li><a href=\"https:\/\/www.computer.org\/\">IEEE Computer Society<\/a><\/li>\n<li><a href=\"https:\/\/www.iexbeta.com\/\" target=\"_blank\" rel=\"noopener noreferrer\">ieXbeta<\/a><\/li>\n<li><a href=\"https:\/\/www.informationweek.com\/\">InformationWeek<\/a><\/li>\n<li><a href=\"https:\/\/www.informatruc.com\/\">Informatruc<\/a> (FR)<\/li>\n<li><a href=\"https:\/\/www.informit.com\" target=\"_blank\" rel=\"noopener noreferrer\">InformIT<\/a><\/li>\n<li><a href=\"https:\/\/www.internetactu.net\/\">Internetactu<\/a><\/li>\n<li><a href=\"https:\/\/www.internetnews.com\/\" target=\"_blank\" rel=\"noopener noreferrer\">InternetNews<\/a><\/li>\n<li><a href=\"https:\/\/www.itworld.com\/\" target=\"_blank\" rel=\"noopener noreferrer\">IT World<\/a><\/li>\n<li><a href=\"https:\/\/www.journaldunet.com\/\" target=\"_blank\" rel=\"noopener noreferrer\">Le Journal du Net<\/a> (FR)<\/li>\n<li><a href=\"https:\/\/www.libellules.ch\/\">Libellules<\/a>: portail francophone d&#8217;informatique<\/li>\n<li><a href=\"https:\/\/www.lifewire.com\/\">LifeWire<\/a><\/li>\n<li><a href=\"https:\/\/www.lockergnome.com\/\" target=\"_blank\" rel=\"noopener noreferrer\">Lockergnome<\/a><\/li>\n<li><a href=\"https:\/\/www.macfan.nl\/\" target=\"_blank\" rel=\"noopener noreferrer\">Macfan.nl<\/a> &#8211; Nederlands tijdschrift over Macintosh<\/li>\n<li><a href=\"https:\/\/www.makeuseof.com\/\">MakeUseOf<\/a><\/li>\n<li><a href=\"https:\/\/news.microsoft.com\/\">Microsoft news center<\/a><\/li>\n<li><a href=\"https:\/\/www.minatica.be\/\" target=\"_blank\" rel=\"noopener noreferrer\">Minatica<\/a><\/li>\n<li><a href=\"https:\/\/www.netties.be\/\">Netties<\/a>: doordacht e-zine voor de modale internaut<\/li>\n<li><a href=\"https:\/\/www.neowin.net\/\" target=\"_blank\" rel=\"noopener noreferrer\">Neowin<\/a><\/li>\n<li><a href=\"https:\/\/www.newsfactor.com\/\" target=\"_blank\" rel=\"noopener noreferrer\">Newsfactor<\/a><\/li>\n<li><a href=\"https:\/\/nu.nl\" target=\"_blank\" rel=\"noopener noreferrer\">nu.nl<\/a> &#8211; Actueel nieuws op Internet (NL)<\/li>\n<li><a href=\"https:\/\/www.numerama.com\/\">Numerama<\/a>: r\u00e9fl\u00e9chir le num\u00e9rique<\/li>\n<li><a href=\"https:\/\/numrush.nl\/\">Numrush.nl<\/a><\/li>\n<li><a href=\"https:\/\/www.osnn.net\/\" target=\"_blank\" rel=\"noopener noreferrer\">OSNN<\/a>: Windows, Linux and Macintosh news<\/li>\n<li><a href=\"https:\/\/www.persberichten.com\/\">Persberichten.com<\/a><\/li>\n<li><a href=\"https:\/\/www.redmondpie.com\/\">RedmondPie<\/a>: Google, Microsoft, Apple<\/li>\n<li><a href=\"https:\/\/www.regional-it.be\/\">R\u00e9gional-IT<\/a><\/li>\n<li><a href=\"https:\/\/www.reviews.org\/\">Reviews.org<\/a><\/li>\n<li><a href=\"https:\/\/www.siliconvalley.com\/\" target=\"_blank\" rel=\"noopener noreferrer\">Silicon Valley<\/a><\/li>\n<li>Studiedagen en congressen\n<ul>\n<li><a href=\"https:\/\/www.clocate.com\/\">Clocate<\/a><\/li>\n<li><a href=\"https:\/\/eventactic.com\/\">Eventactic<\/a><\/li>\n<li><a href=\"https:\/\/events.microsoft.com\/\">Microsoft Events<\/a><\/li>\n<\/ul>\n<\/li>\n<li><a href=\"https:\/\/www.t3.com\/\">T3<\/a><\/li>\n<li><a href=\"https:\/\/www.techeblog.com\/\" target=\"_blank\" rel=\"noopener noreferrer\">TechEBlog<\/a><\/li>\n<li><a href=\"https:\/\/www.techi.com\/\">Techi<\/a><\/li>\n<li><a href=\"https:\/\/www.techflash.com\/\">TechFlash<\/a><\/li>\n<li><a href=\"https:\/\/internetpedia.nl\/\" target=\"_blank\" rel=\"noopener noreferrer\">InternetPedia<\/a>: Microsoft related news and issues<\/li>\n<li><a href=\"https:\/\/www.technologyreview.com\/\">Technology Review<\/a><\/li>\n<li><a href=\"https:\/\/www.techpulse.be\/\">Techpulse (BE)<\/a><\/li>\n<li><a href=\"https:\/\/www.techrepublic.com\/\">TechRepublic<\/a><\/li>\n<li><a href=\"https:\/\/www.techtastic.nl\/\">Techtastic.nl<\/a><\/li>\n<li><a href=\"https:\/\/www.techzine.nl\" target=\"_blank\" rel=\"noopener noreferrer\">TechZine<\/a> (NL)<\/li>\n<li><a href=\"https:\/\/www.telecompaper.com\/\">Telecompaper<\/a><\/li>\n<li><a href=\"https:\/\/www.theregister.co.uk\/\" target=\"_blank\" rel=\"noopener noreferrer\">TheRegister<\/a><\/li>\n<li><a href=\"https:\/\/www.theverge.com\/\">TheVerge<\/a><\/li>\n<li><a href=\"https:\/\/www.thinkalso.com\/\">Thinkalso<\/a><\/li>\n<li><a href=\"https:\/\/thenextweb.com\/\">TNW &#8211; The next web<\/a><\/li>\n<li><a href=\"https:\/\/www.tweakers.net\/nieuws\/\" target=\"_blank\" rel=\"noopener noreferrer\">Tweakers.net nieuws<\/a> (NL)<\/li>\n<li><a href=\"https:\/\/www.ubergizmo.com\/\">Ubergizmo<\/a><\/li>\n<li><a href=\"https:\/\/www.v3.co.uk\/\" target=\"_blank\" rel=\"noopener noreferrer\">V3<\/a>: UK technology news, reviews and downloads<\/li>\n<li><a href=\"https:\/\/www.webwereld.nl\/\" target=\"_blank\" rel=\"noopener noreferrer\">Webwereld<\/a> (NL)<\/li>\n<li><a href=\"https:\/\/www.whynet.org\/\" target=\"_blank\" rel=\"noopener noreferrer\">Whynet<\/a> (FR)<\/li>\n<li><a href=\"https:\/\/www.windowsobserver.com\/\">WindowsObserver<\/a><\/li>\n<li><a href=\"https:\/\/www.wired.com\/\">Wired<\/a><\/li>\n<li><a href=\"https:\/\/xkcd.com\/\">XKCD<\/a>: webcomic of romance, sarcasm, math, and language.<\/li>\n<li><a href=\"https:\/\/www.zdnet.com\" target=\"_blank\" rel=\"noopener noreferrer\">ZDnet<\/a><\/li>\n<\/ul>\n<span class=\"last-modified-timestamp\">Apr 11, 2026 @ 1:57 pm<\/span>\n","protected":false},"excerpt":{"rendered":"<p><span class=\"span-reading-time rt-reading-time\" style=\"display: block;\"><span class=\"rt-label rt-prefix\">Reading Time: <\/span> <span class=\"rt-time\"> &lt; 1<\/span> <span class=\"rt-label rt-postfix\">minute<\/span><\/span>About ict (NL) Apparata (NL) Ars Technica Automatiseringsgids BetaNews Bloovi.be Bright Clubic: informatique et multim\u00e9dia (FR) CIO Information Network Computable: alles over zakelijke ICT in Belgi\u00eb ComputerWorld &#8211; BE De Cursor (BE) Deskmodder (DE) DevWebPro Digimedia DiskIdee: hardwaretesten, softwaretesten, multimedia, nieuws DutchITchannel Emerce (NL) Engineeringnet FWDmagazine: home enterntainment magazine GHacks<\/p>\n","protected":false},"author":1,"featured_media":0,"parent":0,"menu_order":0,"comment_status":"closed","ping_status":"closed","template":"","meta":{"iawp_total_views":11,"footnotes":"","_wp_rev_ctl_limit":""},"class_list":["post-1161","page","type-page","status-publish","hentry"],"yoast_head":"<!-- This site is optimized with the Yoast SEO plugin v27.4 - https:\/\/yoast.com\/product\/yoast-seo-wordpress\/ -->\n<title>Actualiteit van technologie - hlrnet.com<\/title>\n<meta name=\"robots\" content=\"index, follow, max-snippet:-1, max-image-preview:large, max-video-preview:-1\" \/>\n<link rel=\"canonical\" href=\"https:\/\/hlrnet.com\/sites\/actualiteit\/\" \/>\n<meta property=\"og:locale\" content=\"en_US\" \/>\n<meta property=\"og:type\" content=\"article\" \/>\n<meta property=\"og:title\" content=\"Actualiteit van technologie - hlrnet.com\" \/>\n<meta property=\"og:description\" content=\"Reading Time:  &lt; 1 minuteAbout ict (NL) Apparata (NL) Ars Technica Automatiseringsgids BetaNews Bloovi.be Bright Clubic: informatique et multim\u00e9dia (FR) CIO Information Network Computable: alles over zakelijke ICT in Belgi\u00eb ComputerWorld &#8211; BE De Cursor (BE) Deskmodder (DE) DevWebPro Digimedia DiskIdee: hardwaretesten, softwaretesten, multimedia, nieuws DutchITchannel Emerce (NL) Engineeringnet FWDmagazine: home enterntainment magazine GHacks\" \/>\n<meta property=\"og:url\" content=\"https:\/\/hlrnet.com\/sites\/actualiteit\/\" \/>\n<meta property=\"og:site_name\" content=\"hlrnet.com\" \/>\n<meta property=\"article:modified_time\" content=\"2026-04-11T13:57:23+00:00\" \/>\n<meta name=\"twitter:card\" content=\"summary_large_image\" \/>\n<meta name=\"twitter:label1\" content=\"Est. reading time\" \/>\n\t<meta name=\"twitter:data1\" content=\"1 minute\" \/>\n<script type=\"application\/ld+json\" class=\"yoast-schema-graph\">{\"@context\":\"https:\\\/\\\/schema.org\",\"@graph\":[{\"@type\":\"WebPage\",\"@id\":\"https:\\\/\\\/hlrnet.com\\\/sites\\\/actualiteit\\\/\",\"url\":\"https:\\\/\\\/hlrnet.com\\\/sites\\\/actualiteit\\\/\",\"name\":\"Actualiteit van technologie - hlrnet.com\",\"isPartOf\":{\"@id\":\"https:\\\/\\\/hlrnet.com\\\/sites\\\/#website\"},\"datePublished\":\"2018-04-22T16:47:36+00:00\",\"dateModified\":\"2026-04-11T13:57:23+00:00\",\"breadcrumb\":{\"@id\":\"https:\\\/\\\/hlrnet.com\\\/sites\\\/actualiteit\\\/#breadcrumb\"},\"inLanguage\":\"en-US\",\"potentialAction\":[{\"@type\":\"ReadAction\",\"target\":[\"https:\\\/\\\/hlrnet.com\\\/sites\\\/actualiteit\\\/\"]}]},{\"@type\":\"BreadcrumbList\",\"@id\":\"https:\\\/\\\/hlrnet.com\\\/sites\\\/actualiteit\\\/#breadcrumb\",\"itemListElement\":[{\"@type\":\"ListItem\",\"position\":1,\"name\":\"Home\",\"item\":\"https:\\\/\\\/hlrnet.com\\\/sites\\\/\"},{\"@type\":\"ListItem\",\"position\":2,\"name\":\"Actualiteit van technologie\"}]},{\"@type\":\"WebSite\",\"@id\":\"https:\\\/\\\/hlrnet.com\\\/sites\\\/#website\",\"url\":\"https:\\\/\\\/hlrnet.com\\\/sites\\\/\",\"name\":\"hlrnet.com\",\"description\":\"Hans Le Roy\",\"publisher\":{\"@id\":\"https:\\\/\\\/hlrnet.com\\\/sites\\\/#organization\"},\"potentialAction\":[{\"@type\":\"SearchAction\",\"target\":{\"@type\":\"EntryPoint\",\"urlTemplate\":\"https:\\\/\\\/hlrnet.com\\\/sites\\\/?s={search_term_string}\"},\"query-input\":{\"@type\":\"PropertyValueSpecification\",\"valueRequired\":true,\"valueName\":\"search_term_string\"}}],\"inLanguage\":\"en-US\"},{\"@type\":\"Organization\",\"@id\":\"https:\\\/\\\/hlrnet.com\\\/sites\\\/#organization\",\"name\":\"hlrnet.com\",\"url\":\"https:\\\/\\\/hlrnet.com\\\/sites\\\/\",\"logo\":{\"@type\":\"ImageObject\",\"inLanguage\":\"en-US\",\"@id\":\"https:\\\/\\\/hlrnet.com\\\/sites\\\/#\\\/schema\\\/logo\\\/image\\\/\",\"url\":\"https:\\\/\\\/hlrnet.com\\\/sites\\\/wp-content\\\/uploads\\\/2018\\\/04\\\/cropped-default512x512-trans-1.png\",\"contentUrl\":\"https:\\\/\\\/hlrnet.com\\\/sites\\\/wp-content\\\/uploads\\\/2018\\\/04\\\/cropped-default512x512-trans-1.png\",\"width\":512,\"height\":160,\"caption\":\"hlrnet.com\"},\"image\":{\"@id\":\"https:\\\/\\\/hlrnet.com\\\/sites\\\/#\\\/schema\\\/logo\\\/image\\\/\"}}]}<\/script>\n<!-- \/ Yoast SEO plugin. -->","yoast_head_json":{"title":"Actualiteit van technologie - hlrnet.com","robots":{"index":"index","follow":"follow","max-snippet":"max-snippet:-1","max-image-preview":"max-image-preview:large","max-video-preview":"max-video-preview:-1"},"canonical":"https:\/\/hlrnet.com\/sites\/actualiteit\/","og_locale":"en_US","og_type":"article","og_title":"Actualiteit van technologie - hlrnet.com","og_description":"Reading Time:  &lt; 1 minuteAbout ict (NL) Apparata (NL) Ars Technica Automatiseringsgids BetaNews Bloovi.be Bright Clubic: informatique et multim\u00e9dia (FR) CIO Information Network Computable: alles over zakelijke ICT in Belgi\u00eb ComputerWorld &#8211; BE De Cursor (BE) Deskmodder (DE) DevWebPro Digimedia DiskIdee: hardwaretesten, softwaretesten, multimedia, nieuws DutchITchannel Emerce (NL) Engineeringnet FWDmagazine: home enterntainment magazine GHacks","og_url":"https:\/\/hlrnet.com\/sites\/actualiteit\/","og_site_name":"hlrnet.com","article_modified_time":"2026-04-11T13:57:23+00:00","twitter_card":"summary_large_image","twitter_misc":{"Est. reading time":"1 minute"},"schema":{"@context":"https:\/\/schema.org","@graph":[{"@type":"WebPage","@id":"https:\/\/hlrnet.com\/sites\/actualiteit\/","url":"https:\/\/hlrnet.com\/sites\/actualiteit\/","name":"Actualiteit van technologie - hlrnet.com","isPartOf":{"@id":"https:\/\/hlrnet.com\/sites\/#website"},"datePublished":"2018-04-22T16:47:36+00:00","dateModified":"2026-04-11T13:57:23+00:00","breadcrumb":{"@id":"https:\/\/hlrnet.com\/sites\/actualiteit\/#breadcrumb"},"inLanguage":"en-US","potentialAction":[{"@type":"ReadAction","target":["https:\/\/hlrnet.com\/sites\/actualiteit\/"]}]},{"@type":"BreadcrumbList","@id":"https:\/\/hlrnet.com\/sites\/actualiteit\/#breadcrumb","itemListElement":[{"@type":"ListItem","position":1,"name":"Home","item":"https:\/\/hlrnet.com\/sites\/"},{"@type":"ListItem","position":2,"name":"Actualiteit van technologie"}]},{"@type":"WebSite","@id":"https:\/\/hlrnet.com\/sites\/#website","url":"https:\/\/hlrnet.com\/sites\/","name":"hlrnet.com","description":"Hans Le Roy","publisher":{"@id":"https:\/\/hlrnet.com\/sites\/#organization"},"potentialAction":[{"@type":"SearchAction","target":{"@type":"EntryPoint","urlTemplate":"https:\/\/hlrnet.com\/sites\/?s={search_term_string}"},"query-input":{"@type":"PropertyValueSpecification","valueRequired":true,"valueName":"search_term_string"}}],"inLanguage":"en-US"},{"@type":"Organization","@id":"https:\/\/hlrnet.com\/sites\/#organization","name":"hlrnet.com","url":"https:\/\/hlrnet.com\/sites\/","logo":{"@type":"ImageObject","inLanguage":"en-US","@id":"https:\/\/hlrnet.com\/sites\/#\/schema\/logo\/image\/","url":"https:\/\/hlrnet.com\/sites\/wp-content\/uploads\/2018\/04\/cropped-default512x512-trans-1.png","contentUrl":"https:\/\/hlrnet.com\/sites\/wp-content\/uploads\/2018\/04\/cropped-default512x512-trans-1.png","width":512,"height":160,"caption":"hlrnet.com"},"image":{"@id":"https:\/\/hlrnet.com\/sites\/#\/schema\/logo\/image\/"}}]}},"publishpress_future_action":{"enabled":false,"date":"2026-05-03 13:33:52","action":"change-status","newStatus":"draft","terms":[],"taxonomy":"","extraData":[]},"publishpress_future_workflow_manual_trigger":{"enabledWorkflows":[]},"_links":{"self":[{"href":"https:\/\/hlrnet.com\/sites\/wp-json\/wp\/v2\/pages\/1161","targetHints":{"allow":["GET"]}}],"collection":[{"href":"https:\/\/hlrnet.com\/sites\/wp-json\/wp\/v2\/pages"}],"about":[{"href":"https:\/\/hlrnet.com\/sites\/wp-json\/wp\/v2\/types\/page"}],"author":[{"embeddable":true,"href":"https:\/\/hlrnet.com\/sites\/wp-json\/wp\/v2\/users\/1"}],"replies":[{"embeddable":true,"href":"https:\/\/hlrnet.com\/sites\/wp-json\/wp\/v2\/comments?post=1161"}],"version-history":[{"count":0,"href":"https:\/\/hlrnet.com\/sites\/wp-json\/wp\/v2\/pages\/1161\/revisions"}],"wp:attachment":[{"href":"https:\/\/hlrnet.com\/sites\/wp-json\/wp\/v2\/media?parent=1161"}],"curies":[{"name":"wp","href":"https:\/\/api.w.org\/{rel}","templated":true}]}}