{"id":1128,"date":"2018-04-22T16:37:53","date_gmt":"2018-04-22T16:37:53","guid":{"rendered":"http:\/\/hlrnet.com\/sites\/?page_id=1128"},"modified":"2025-12-24T11:01:26","modified_gmt":"2025-12-24T11:01:26","slug":"visual-basic","status":"publish","type":"page","link":"https:\/\/hlrnet.com\/sites\/visual-basic\/","title":{"rendered":"Visual Basic"},"content":{"rendered":"<span class=\"span-reading-time rt-reading-time\" style=\"display: block;\"><span class=\"rt-label rt-prefix\">Reading Time: <\/span> <span class=\"rt-time\"> 2<\/span> <span class=\"rt-label rt-postfix\">minutes<\/span><\/span><h3><a name=\"learn\"><\/a>Learn VB &#8211; Leren werken met VB<\/h3>\n<blockquote>\n<table border=\"1\">\n<tbody>\n<tr>\n<td>Sites<\/td>\n<td>Manuals<\/td>\n<\/tr>\n<tr>\n<td>\n<ul>\n<li><a href=\"https:\/\/visualbasic.about.com\/od\/usingvbnet\/\" target=\"_blank\" rel=\"noopener noreferrer\">About.com<\/a>: &#8220;How to do it&#8221; Programming Techniques for Visual Basic .NET<\/li>\n<li><a href=\"https:\/\/www.cespage.com\/vb\/\" target=\"_blank\" rel=\"noopener noreferrer\">CESPage.com: Visual Basic<\/a><\/li>\n<li><a href=\"https:\/\/www.functionx.com\/vb\/index.htm\" target=\"_blank\" rel=\"noopener noreferrer\"><strong>FunctionX<\/strong><\/a><\/li>\n<li><a href=\"https:\/\/www.homeandlearn.co.uk\/NET\/vbNet.html\" target=\"_blank\" rel=\"noopener noreferrer\">Home and Learn: Visual Basic .NET programming for beginners<\/a><\/li>\n<li><a href=\"https:\/\/msdn.microsoft.com\/en-us\/beginner\/default.aspx\">Microsoft: Beginner Developer Learning Center<\/a><\/li>\n<li><a href=\"https:\/\/docs.microsoft.com\/en-us\/dotnet\/articles\/visual-basic\">Visual Basic Guide<\/a><\/li>\n<li><a href=\"https:\/\/www.vbtutor.net\/\">VB Tutor<\/a><\/li>\n<li><a href=\"https:\/\/en.wikibooks.org\/wiki\/Programming:Visual_Basic_Classic\" target=\"_blank\" rel=\"noopener noreferrer\">Wikibooks: Visual Basic Classic<\/a><\/li>\n<li><a href=\"https:\/\/en.wikibooks.org\/wiki\/Visual_Basic_.NET\" target=\"_blank\" rel=\"noopener noreferrer\">Wikibooks: Visual Basic .NET <\/a><\/li>\n<\/ul>\n<\/td>\n<td valign=\"top\">\n<ul>\n<li><a href=\"https:\/\/www.galileocomputing.de\/openbook\/visual_basic\/\" target=\"_blank\" rel=\"noopener noreferrer\">Galileo<\/a> (DE)<\/li>\n<li><a href=\"https:\/\/msdn.microsoft.com\/en-us\/library\/sh9ywfdk.aspx\">Visual Basic Language Reference (2013)<\/a><\/li>\n<\/ul>\n<\/td>\n<\/tr>\n<\/tbody>\n<\/table>\n<\/blockquote>\n<h3><a name=\"use\"><\/a>Using VB &#8211; VB gebruiken: code en nieuws<\/h3>\n<ul>\n<li>Zie ook: <a href=\"https:\/\/hlrnet.com\/sites\/net-visual-studio\/\" target=\"_blank\" rel=\"noopener noreferrer\">.NET resources<\/a><\/li>\n<li><a href=\"https:\/\/www.activevb.de\/\" target=\"_blank\" rel=\"noopener noreferrer\">ActiveVB<\/a> (DE)<\/li>\n<li><a href=\"http:\/\/fred.just.free.fr\/\" target=\"_blank\" rel=\"noopener noreferrer\">Active Visual Basic (Fred Just)<\/a> (FR)<\/li>\n<li><a href=\"http:\/\/addressof.com\/\">AddressOf<\/a><\/li>\n<li><a href=\"https:\/\/www.codeguru.com\/vb\/\">CodeGuru: Visual Basic<\/a><\/li>\n<li><a href=\"https:\/\/www.codeproject.com\/\" target=\"_blank\" rel=\"noopener noreferrer\">CodeProject: Visual Basic .NET <\/a><\/li>\n<li><a href=\"https:\/\/www.codetoad.com\/visual_basic\" target=\"_blank\" rel=\"noopener noreferrer\">Codetoad<\/a><\/li>\n<li><a href=\"https:\/\/www.codyx.org\/\">Codyx<\/a>: bo\u00eete \u00e0 code snippets et code source du d\u00e9veloppeurs &#8211; snippets pour Visual Basic et Visual Basic .NET<\/li>\n<li><a href=\"https:\/\/www.devarticles.com\/c\/a\/Visual-Basic\/\" target=\"_blank\" rel=\"noopener noreferrer\">DevArticles: VB<\/a><\/li>\n<li><a href=\"https:\/\/www.devarticles.com\/c\/b\/VB.Net\/\" target=\"_blank\" rel=\"noopener noreferrer\">DevArticles: VB.NET<\/a><\/li>\n<li><a href=\"https:\/\/www.mvps.org\/emorcillo\/\" target=\"_blank\" rel=\"noopener noreferrer\">Edanmo&#8217;s VB Page<\/a><\/li>\n<li><a href=\"http:\/\/faq.vb.free.fr\/\" target=\"_blank\" rel=\"noopener noreferrer\">FAQ VB<\/a> (FR)<\/li>\n<li><a href=\"https:\/\/www.elguille.info\" target=\"_blank\" rel=\"noopener noreferrer\">el Guille <\/a>: la web del Visual Basic y m\u00e1s<\/li>\n<li><a href=\"http:\/\/www.java2s.com\/Code\/VB\/CatalogVB.htm\">Java2s<\/a><\/li>\n<li><a href=\"https:\/\/www.lcl2000.com\/\" target=\"_blank\" rel=\"noopener noreferrer\">Cyril Lebon<\/a><\/li>\n<li><a href=\"https:\/\/blogs.msdn.com\/b\/bethmassi\/\">Beth Massi blog<\/a> (MSDN)<\/li>\n<li><a href=\"https:\/\/msdn.microsoft.com\/en-us\/vbasic\/default.aspx\">Microsoft: Visual Basic Developer Center<\/a><\/li>\n<li><a href=\"https:\/\/code.msdn.microsoft.com\">MSDN Developer Samples<\/a><\/li>\n<li><a href=\"https:\/\/www.panopticoncentral.net\/\" target=\"_blank\" rel=\"noopener noreferrer\">Panopticon Central<\/a>: a blog about Visual Basic, .NET and other stuff<\/li>\n<li><a href=\"http:\/\/www.thescarms.com\/\" target=\"_blank\" rel=\"noopener noreferrer\">The Scarms<\/a><\/li>\n<li><a href=\"http:\/\/www.johnsmiley.com\/visualbasic\/vb.htm\" target=\"_blank\" rel=\"noopener noreferrer\">John Smiley<\/a><\/li>\n<li><a href=\"http:\/\/dotnet.mvps.org\/\" target=\"_blank\" rel=\"noopener noreferrer\">VB.Any<\/a> (Herfried Wagner) (DE)<\/li>\n<li><a href=\"https:\/\/www.visualbasicbooks.com\/\" target=\"_blank\" rel=\"noopener noreferrer\">Visual Basic Books<\/a><\/li>\n<li><a href=\"http:\/\/www.vbcity.com\/\" target=\"_blank\" rel=\"noopener noreferrer\">vbCity<\/a><\/li>\n<li><a href=\"https:\/\/efuchs.tripod.com\/vb\/\" target=\"_blank\" rel=\"noopener noreferrer\">Visual Basic Online Seminar (Jutta Behling)<\/a> (DE)<\/li>\n<li><a href=\"https:\/\/visualbasic10.wordpress.com\/\">Visual Basic 10<\/a> (SP)<\/li>\n<li><a href=\"https:\/\/www.vb-helper.com\" target=\"_blank\" rel=\"noopener noreferrer\"><strong>VB Helper<\/strong><\/a><\/li>\n<li><a href=\"https:\/\/www.mvps.org\/vbnet\/\" target=\"_blank\" rel=\"noopener noreferrer\">VB Net (MVPS)<\/a>: API index, FAQ Library, HowTo, Dev Resources, Links, Web Store<\/li>\n<\/ul>\n<h3>Using VB: forums &amp; communities<\/h3>\n<ul>\n<li><a href=\"https:\/\/www.activevb.de\/\" target=\"_blank\" rel=\"noopener noreferrer\">ActiveVB, die Fachseite zu Visual Basic und VBA<\/a> (DE)<\/li>\n<li><a href=\"https:\/\/www.developerfusion.com\/\">developer Fusion<\/a><\/li>\n<li><a href=\"https:\/\/www.vbforums.com\/\" target=\"_blank\" rel=\"noopener noreferrer\">VB Forums<\/a><\/li>\n<li><a href=\"https:\/\/www.vbdotnetforums.com\/\">VB .NET Forums<\/a><\/li>\n<li><a href=\"http:\/\/www.vbib.be\/\">VBiB<\/a>: Visual Basic in Belgi\u00eb<\/li>\n<li><a href=\"https:\/\/www.vb-paradise.de\/\">VB Paradise<\/a> (DE)<\/li>\n<\/ul>\n<h3><a name=\"controls\"><\/a>Using VB &#8211; VB gebruiken: controls en componenten<\/h3>\n<ul>\n<li><a href=\"http:\/\/addressof.com\/\">AddressOf<\/a><\/li>\n<li><a href=\"https:\/\/www.amyuni.com\/\" target=\"_blank\" rel=\"noopener noreferrer\">Amyuni<\/a> (PDF Converter)<\/li>\n<li><a href=\"https:\/\/www.componentone.com\/\" target=\"_blank\" rel=\"noopener noreferrer\">ComponentOne<\/a><\/li>\n<li><a href=\"https:\/\/www.componentsource.com\" target=\"_blank\" rel=\"noopener noreferrer\">ComponentSource<\/a><\/li>\n<li><a href=\"http:\/\/www.databasecreations.com\/\" target=\"_blank\" rel=\"noopener noreferrer\">DatabaseCreations<\/a><\/li>\n<li><a href=\"https:\/\/www.fmsinc.com\/\" target=\"_blank\" rel=\"noopener noreferrer\">FMS<\/a><\/li>\n<li><a href=\"https:\/\/github.com\/trending\/visual-basic\">Github<\/a><\/li>\n<li><a href=\"http:\/\/www.lassalle.com\" target=\"_blank\" rel=\"noopener noreferrer\">Lassalle<\/a> (EasyNet, AddFlow &#8211; OCX, VBX, ActiveX)<\/li>\n<li><a href=\"https:\/\/www.taltech.com\/\" target=\"_blank\" rel=\"noopener noreferrer\">TAL Tech<\/a> (bar code ActiveX)<\/li>\n<li><a href=\"https:\/\/www.vbcorner.net\/eng\/\" target=\"_blank\" rel=\"noopener noreferrer\">VB Corner<\/a><\/li>\n<\/ul>\n<h3><a name=\"tools\"><\/a>Tools &#8211; Hulpmiddelen<\/h3>\n<ul>\n<li><a href=\"https:\/\/www.add-ins.com\/\" target=\"_blank\" rel=\"noopener noreferrer\">Add-ins<\/a>: Excel add-ins and downloadable visual basic macro books<\/li>\n<li><a href=\"https:\/\/www.aivosto.com\/vb.html\" target=\"_blank\" rel=\"noopener noreferrer\">Aivosto&#8217;s VB Shop: Visual Basic related products<\/a><\/li>\n<li><a href=\"https:\/\/fishcodelib.com\/\">fish&#8217;s dotnet<\/a><\/li>\n<li><a href=\"https:\/\/www.gpchsoft.com\/\" target=\"_blank\" rel=\"noopener noreferrer\">GPcH<\/a>: VB decompiler<\/li>\n<li><a href=\"http:\/\/vb2py.sourceforge.net\" target=\"_blank\" rel=\"noopener noreferrer\">vb2Py: Visual Basic to Python converter<\/a><\/li>\n<li><a href=\"http:\/\/www.formulasoft.com\/vba-code-compare.html\" target=\"_blank\" rel=\"noopener noreferrer\">VBA Code Compare<\/a><\/li>\n<li><a href=\"https:\/\/www.vb-decompiler.org\/\" target=\"_blank\" rel=\"noopener noreferrer\">VB decompiler<\/a><\/li>\n<\/ul>\n<h3><a name=\"spec\"><\/a>Specialities &#8211; Specialismen<\/h3>\n<ul>\n<li>VBA\n<ul>\n<li><a href=\"https:\/\/www.vbaexpress.com\/\">VBA Express<\/a><\/li>\n<li><a href=\"https:\/\/vbadud.blogspot.com\/\">VBA Tips &amp; Tricks<\/a><\/li>\n<\/ul>\n<\/li>\n<li><a href=\"https:\/\/mvps.org\/htmlhelpcenter\/\" target=\"_blank\" rel=\"noopener noreferrer\">HTML Help Center<\/a><\/li>\n<\/ul>\n<h3 align=\"left\">Alternative IDE &#8211; Alternatieve ontwikkelomgevingen<\/h3>\n<ul>\n<li><a href=\"https:\/\/smallbasic-publicwebsite.azurewebsites.net\/\">Microsoft SmallBasic<\/a>: a Logo-like environment in Basic\n<ul>\n<li><a href=\"http:\/\/smallbasic.github.io\/\">SmallBasic<\/a>: aims to provide a full featured and easy to use scripting language suitable for non serious programming on any computing platform<\/li>\n<\/ul>\n<\/li>\n<li>.NET\n<ul>\n<li><a href=\"https:\/\/www.mono-project.com\/\" target=\"_blank\" rel=\"noopener noreferrer\">Mono<\/a> (Vergeet de VisualBasic compiler niet! Geen Basic meer vanaf versie 1.1.17)<\/li>\n<li><a href=\"https:\/\/www.icsharpcode.net\/OpenSource\/SD\/Default.aspx\" target=\"_blank\" rel=\"noopener noreferrer\">Sharp Develop<\/a><\/li>\n<\/ul>\n<\/li>\n<\/ul>\n<h3><a name=\"other\"><\/a>Other &#8211; Varia<\/h3>\n<ul>\n<li><a href=\"https:\/\/www.autoitscript.com\/autoit3\/\">AutoIt<\/a>: a free BASIC-like scripting language designed for automating the Windows GUI and general scripting.<\/li>\n<li><a href=\"https:\/\/www.basic256.org\/\">BASIC-256<\/a> is an easy to use version of BASIC designed to teach anybody (especially middle and high-school students)<\/li>\n<li><a href=\"https:\/\/blogs.msdn.com\/bethmassi\/\">Beth Massi blog<\/a>: Sharing the goodness that is VB<\/li>\n<li><a href=\"http:\/\/bscript.sourceforge.net\/\" target=\"_blank\" rel=\"noopener noreferrer\">bscript<\/a>: a BASIC interpreter<\/li>\n<li><a href=\"https:\/\/www.consystent.nl\/businessbasic\">Business Basic<\/a>\n<ul>\n<li><a href=\"https:\/\/www.basis.cloud\/\">BASIS International<\/a><\/li>\n<\/ul>\n<ul>\n<li>ProvideX\n<ul>\n<li><a href=\"https:\/\/www.consystent.nl\/\">Conystent<\/a><\/li>\n<li><a href=\"https:\/\/providex.nu\/\">ProvideX.nu<\/a><\/li>\n<\/ul>\n<\/li>\n<\/ul>\n<\/li>\n<li><a href=\"https:\/\/www.ionicwind.com\/\">Emergence Basic<\/a><\/li>\n<li><a href=\"https:\/\/www.freebasic.net\/\" target=\"_blank\" rel=\"noopener noreferrer\">FreeBasic<\/a>: an open-source Basic compiler compatible with QBasic<\/li>\n<li><a href=\"http:\/\/gambas.sourceforge.net\/\" target=\"_blank\" rel=\"noopener noreferrer\">Gambas<\/a>: a free development environment based on a Basic interpreter with object extensions like Visual Basic &#8211; but it isn&#8217;t a clone. Linux and Posix.<\/li>\n<li>Jabaco: a simple programming language with a Visual Basic like syntax. Jabaco enables you to create powerful software for all Java supported operating systems.\n<ul>\n<li><a href=\"https:\/\/www.jabaco.org\/\">Jabaco.org<\/a><\/li>\n<li><a href=\"https:\/\/www.jabaco.org\/\">JabacoWiki<\/a>: documentation<\/li>\n<\/ul>\n<\/li>\n<li><a href=\"https:\/\/www.libertybasic.com\/\" target=\"_blank\" rel=\"noopener noreferrer\">LibertyBasic<\/a>: an alternative\n<ul>\n<li><a href=\"https:\/\/www.justbasic.com\/\" target=\"_blank\" rel=\"noopener noreferrer\">JustBasic<\/a>: a free version of LibertyBasic<\/li>\n<\/ul>\n<\/li>\n<li>Qbasic\n<ul>\n<li><a href=\"http:\/\/www.qbasic.de\/\" target=\"_blank\" rel=\"noopener noreferrer\">QBasic.de<\/a><\/li>\n<\/ul>\n<\/li>\n<li><a href=\"https:\/\/www.thinbasic.com\/\">thinBasic<\/a><\/li>\n<li><a href=\"https:\/\/www.realsoftware.com\/\" target=\"_blank\" rel=\"noopener noreferrer\">REALbasic<\/a>: a cross-platform version of Visual Basic<\/li>\n<\/ul>\n<span class=\"last-modified-timestamp\">Dec 24, 2025 @ 11:01 am<\/span>\n","protected":false},"excerpt":{"rendered":"<p><span class=\"span-reading-time rt-reading-time\" style=\"display: block;\"><span class=\"rt-label rt-prefix\">Reading Time: <\/span> <span class=\"rt-time\"> 2<\/span> <span class=\"rt-label rt-postfix\">minutes<\/span><\/span>Learn VB &#8211; Leren werken met VB Sites Manuals <a href=\"http:\/\/About.com\" class=\"autohyperlink\">About.com<\/a>: &#8220;How to do it&#8221; Programming Techniques for Visual Basic .NET <a href=\"http:\/\/CESPage.com\" class=\"autohyperlink\">CESPage.com<\/a>: Visual Basic FunctionX Home and Learn: Visual Basic .NET programming for beginners Microsoft: Beginner Developer Learning Center Visual Basic Guide VB Tutor Wikibooks: Visual Basic Classic Wikibooks: Visual Basic<\/p>\n","protected":false},"author":1,"featured_media":0,"parent":0,"menu_order":0,"comment_status":"closed","ping_status":"closed","template":"","meta":{"iawp_total_views":6,"footnotes":"","_wp_rev_ctl_limit":""},"class_list":["post-1128","page","type-page","status-publish","hentry"],"yoast_head":"<!-- This site is optimized with the Yoast SEO plugin v27.4 - https:\/\/yoast.com\/product\/yoast-seo-wordpress\/ -->\n<title>Visual Basic - hlrnet.com<\/title>\n<meta name=\"robots\" content=\"index, follow, max-snippet:-1, max-image-preview:large, max-video-preview:-1\" \/>\n<link rel=\"canonical\" href=\"https:\/\/hlrnet.com\/sites\/visual-basic\/\" \/>\n<meta property=\"og:locale\" content=\"en_US\" \/>\n<meta property=\"og:type\" content=\"article\" \/>\n<meta property=\"og:title\" content=\"Visual Basic - hlrnet.com\" \/>\n<meta property=\"og:description\" content=\"Reading Time:  2 minutesLearn VB &#8211; Leren werken met VB Sites Manuals About.com: &#8220;How to do it&#8221; Programming Techniques for Visual Basic .NET CESPage.com: Visual Basic FunctionX Home and Learn: Visual Basic .NET programming for beginners Microsoft: Beginner Developer Learning Center Visual Basic Guide VB Tutor Wikibooks: Visual Basic Classic Wikibooks: Visual Basic\" \/>\n<meta property=\"og:url\" content=\"https:\/\/hlrnet.com\/sites\/visual-basic\/\" \/>\n<meta property=\"og:site_name\" content=\"hlrnet.com\" \/>\n<meta property=\"article:modified_time\" content=\"2025-12-24T11:01:26+00:00\" \/>\n<meta name=\"twitter:card\" content=\"summary_large_image\" \/>\n<meta name=\"twitter:label1\" content=\"Est. reading time\" \/>\n\t<meta name=\"twitter:data1\" content=\"2 minutes\" \/>\n<script type=\"application\/ld+json\" class=\"yoast-schema-graph\">{\"@context\":\"https:\\\/\\\/schema.org\",\"@graph\":[{\"@type\":\"WebPage\",\"@id\":\"https:\\\/\\\/hlrnet.com\\\/sites\\\/visual-basic\\\/\",\"url\":\"https:\\\/\\\/hlrnet.com\\\/sites\\\/visual-basic\\\/\",\"name\":\"Visual Basic - hlrnet.com\",\"isPartOf\":{\"@id\":\"https:\\\/\\\/hlrnet.com\\\/sites\\\/#website\"},\"datePublished\":\"2018-04-22T16:37:53+00:00\",\"dateModified\":\"2025-12-24T11:01:26+00:00\",\"breadcrumb\":{\"@id\":\"https:\\\/\\\/hlrnet.com\\\/sites\\\/visual-basic\\\/#breadcrumb\"},\"inLanguage\":\"en-US\",\"potentialAction\":[{\"@type\":\"ReadAction\",\"target\":[\"https:\\\/\\\/hlrnet.com\\\/sites\\\/visual-basic\\\/\"]}]},{\"@type\":\"BreadcrumbList\",\"@id\":\"https:\\\/\\\/hlrnet.com\\\/sites\\\/visual-basic\\\/#breadcrumb\",\"itemListElement\":[{\"@type\":\"ListItem\",\"position\":1,\"name\":\"Home\",\"item\":\"https:\\\/\\\/hlrnet.com\\\/sites\\\/\"},{\"@type\":\"ListItem\",\"position\":2,\"name\":\"Visual Basic\"}]},{\"@type\":\"WebSite\",\"@id\":\"https:\\\/\\\/hlrnet.com\\\/sites\\\/#website\",\"url\":\"https:\\\/\\\/hlrnet.com\\\/sites\\\/\",\"name\":\"hlrnet.com\",\"description\":\"Hans Le Roy\",\"publisher\":{\"@id\":\"https:\\\/\\\/hlrnet.com\\\/sites\\\/#organization\"},\"potentialAction\":[{\"@type\":\"SearchAction\",\"target\":{\"@type\":\"EntryPoint\",\"urlTemplate\":\"https:\\\/\\\/hlrnet.com\\\/sites\\\/?s={search_term_string}\"},\"query-input\":{\"@type\":\"PropertyValueSpecification\",\"valueRequired\":true,\"valueName\":\"search_term_string\"}}],\"inLanguage\":\"en-US\"},{\"@type\":\"Organization\",\"@id\":\"https:\\\/\\\/hlrnet.com\\\/sites\\\/#organization\",\"name\":\"hlrnet.com\",\"url\":\"https:\\\/\\\/hlrnet.com\\\/sites\\\/\",\"logo\":{\"@type\":\"ImageObject\",\"inLanguage\":\"en-US\",\"@id\":\"https:\\\/\\\/hlrnet.com\\\/sites\\\/#\\\/schema\\\/logo\\\/image\\\/\",\"url\":\"https:\\\/\\\/hlrnet.com\\\/sites\\\/wp-content\\\/uploads\\\/2018\\\/04\\\/cropped-default512x512-trans-1.png\",\"contentUrl\":\"https:\\\/\\\/hlrnet.com\\\/sites\\\/wp-content\\\/uploads\\\/2018\\\/04\\\/cropped-default512x512-trans-1.png\",\"width\":512,\"height\":160,\"caption\":\"hlrnet.com\"},\"image\":{\"@id\":\"https:\\\/\\\/hlrnet.com\\\/sites\\\/#\\\/schema\\\/logo\\\/image\\\/\"}}]}<\/script>\n<!-- \/ Yoast SEO plugin. -->","yoast_head_json":{"title":"Visual Basic - hlrnet.com","robots":{"index":"index","follow":"follow","max-snippet":"max-snippet:-1","max-image-preview":"max-image-preview:large","max-video-preview":"max-video-preview:-1"},"canonical":"https:\/\/hlrnet.com\/sites\/visual-basic\/","og_locale":"en_US","og_type":"article","og_title":"Visual Basic - hlrnet.com","og_description":"Reading Time:  2 minutesLearn VB &#8211; Leren werken met VB Sites Manuals About.com: &#8220;How to do it&#8221; Programming Techniques for Visual Basic .NET CESPage.com: Visual Basic FunctionX Home and Learn: Visual Basic .NET programming for beginners Microsoft: Beginner Developer Learning Center Visual Basic Guide VB Tutor Wikibooks: Visual Basic Classic Wikibooks: Visual Basic","og_url":"https:\/\/hlrnet.com\/sites\/visual-basic\/","og_site_name":"hlrnet.com","article_modified_time":"2025-12-24T11:01:26+00:00","twitter_card":"summary_large_image","twitter_misc":{"Est. reading time":"2 minutes"},"schema":{"@context":"https:\/\/schema.org","@graph":[{"@type":"WebPage","@id":"https:\/\/hlrnet.com\/sites\/visual-basic\/","url":"https:\/\/hlrnet.com\/sites\/visual-basic\/","name":"Visual Basic - hlrnet.com","isPartOf":{"@id":"https:\/\/hlrnet.com\/sites\/#website"},"datePublished":"2018-04-22T16:37:53+00:00","dateModified":"2025-12-24T11:01:26+00:00","breadcrumb":{"@id":"https:\/\/hlrnet.com\/sites\/visual-basic\/#breadcrumb"},"inLanguage":"en-US","potentialAction":[{"@type":"ReadAction","target":["https:\/\/hlrnet.com\/sites\/visual-basic\/"]}]},{"@type":"BreadcrumbList","@id":"https:\/\/hlrnet.com\/sites\/visual-basic\/#breadcrumb","itemListElement":[{"@type":"ListItem","position":1,"name":"Home","item":"https:\/\/hlrnet.com\/sites\/"},{"@type":"ListItem","position":2,"name":"Visual Basic"}]},{"@type":"WebSite","@id":"https:\/\/hlrnet.com\/sites\/#website","url":"https:\/\/hlrnet.com\/sites\/","name":"hlrnet.com","description":"Hans Le Roy","publisher":{"@id":"https:\/\/hlrnet.com\/sites\/#organization"},"potentialAction":[{"@type":"SearchAction","target":{"@type":"EntryPoint","urlTemplate":"https:\/\/hlrnet.com\/sites\/?s={search_term_string}"},"query-input":{"@type":"PropertyValueSpecification","valueRequired":true,"valueName":"search_term_string"}}],"inLanguage":"en-US"},{"@type":"Organization","@id":"https:\/\/hlrnet.com\/sites\/#organization","name":"hlrnet.com","url":"https:\/\/hlrnet.com\/sites\/","logo":{"@type":"ImageObject","inLanguage":"en-US","@id":"https:\/\/hlrnet.com\/sites\/#\/schema\/logo\/image\/","url":"https:\/\/hlrnet.com\/sites\/wp-content\/uploads\/2018\/04\/cropped-default512x512-trans-1.png","contentUrl":"https:\/\/hlrnet.com\/sites\/wp-content\/uploads\/2018\/04\/cropped-default512x512-trans-1.png","width":512,"height":160,"caption":"hlrnet.com"},"image":{"@id":"https:\/\/hlrnet.com\/sites\/#\/schema\/logo\/image\/"}}]}},"publishpress_future_action":{"enabled":false,"date":"2026-05-02 01:30:16","action":"change-status","newStatus":"draft","terms":[],"taxonomy":"","extraData":[]},"publishpress_future_workflow_manual_trigger":{"enabledWorkflows":[]},"_links":{"self":[{"href":"https:\/\/hlrnet.com\/sites\/wp-json\/wp\/v2\/pages\/1128","targetHints":{"allow":["GET"]}}],"collection":[{"href":"https:\/\/hlrnet.com\/sites\/wp-json\/wp\/v2\/pages"}],"about":[{"href":"https:\/\/hlrnet.com\/sites\/wp-json\/wp\/v2\/types\/page"}],"author":[{"embeddable":true,"href":"https:\/\/hlrnet.com\/sites\/wp-json\/wp\/v2\/users\/1"}],"replies":[{"embeddable":true,"href":"https:\/\/hlrnet.com\/sites\/wp-json\/wp\/v2\/comments?post=1128"}],"version-history":[{"count":0,"href":"https:\/\/hlrnet.com\/sites\/wp-json\/wp\/v2\/pages\/1128\/revisions"}],"wp:attachment":[{"href":"https:\/\/hlrnet.com\/sites\/wp-json\/wp\/v2\/media?parent=1128"}],"curies":[{"name":"wp","href":"https:\/\/api.w.org\/{rel}","templated":true}]}}