{"id":1114,"date":"2018-04-22T07:43:39","date_gmt":"2018-04-22T07:43:39","guid":{"rendered":"http:\/\/hlrnet.com\/sites\/?page_id=1114"},"modified":"2025-12-24T11:00:17","modified_gmt":"2025-12-24T11:00:17","slug":"software-vinden","status":"publish","type":"page","link":"https:\/\/hlrnet.com\/sites\/software-vinden\/","title":{"rendered":"Software vinden"},"content":{"rendered":"<span class=\"span-reading-time rt-reading-time\" style=\"display: block;\"><span class=\"rt-label rt-prefix\">Reading Time: <\/span> <span class=\"rt-time\"> &lt; 1<\/span> <span class=\"rt-label rt-postfix\">minute<\/span><\/span><ul>\n<li>Freeware vinden\n<ul>\n<li><a href=\"https:\/\/www.downloadcrew.com\/\">DownloadCrew<\/a><\/li>\n<li><a href=\"https:\/\/filehippo.com\/\">FileHippo<\/a><\/li>\n<li><a href=\"https:\/\/www.filehorse.com\/\">FileHorse<\/a><\/li>\n<li><a href=\"https:\/\/www.filepuma.com\/\">FilePuma<\/a><\/li>\n<li><a href=\"https:\/\/www.majorgeeks.com\/\">Majorgeeks<\/a><\/li>\n<li><strong><a href=\"https:\/\/mrfreetools.com\/\">Mr. Free Tools<\/a><\/strong><\/li>\n<li><strong><a href=\"https:\/\/ninite.com\/\">Ninite<\/a><\/strong><\/li>\n<li><strong><a href=\"https:\/\/www.snapfiles.com\/\">Snapfiles<\/a><\/strong><\/li>\n<li><a href=\"https:\/\/www.softpedia.com\/\">Softpedia<\/a><\/li>\n<\/ul>\n<\/li>\n<li>Andere\n<ul>\n<li><a href=\"https:\/\/familygames.com\/\" target=\"_blank\" rel=\"noopener noreferrer\">FamilyGames<\/a><\/li>\n<li><a href=\"https:\/\/www.freebyte.com\/\" target=\"_blank&quot;\" rel=\"noopener noreferrer\">FreeByte<\/a><\/li>\n<li><a href=\"https:\/\/www.freewareweb.com\/\" target=\"_blank\" rel=\"noopener noreferrer\">FreewareWeb<\/a><\/li>\n<li><a href=\"https:\/\/www.gratisprogramas.net\/\" target=\"_blank\" rel=\"noopener noreferrer\">GratisProgramas<\/a> (ES)<\/li>\n<li><a href=\"https:\/\/www.jetelecharge.com\/\" target=\"_blank\" rel=\"noopener noreferrer\">JeT\u00e9l\u00e9charge<\/a> (FR)<\/li>\n<li><a href=\"https:\/\/www.soft32.com\/\" target=\"_blank\" rel=\"noopener noreferrer\">Soft32<\/a><\/li>\n<li><a href=\"https:\/\/www.softpile.com\/\" target=\"_blank\" rel=\"noopener noreferrer\">Softpile<\/a><\/li>\n<\/ul>\n<\/li>\n<li>Taalspecifiek: Frans &#8211; en fran\u00e7ais\n<ul>\n<li><a href=\"https:\/\/www.telecharger.com\/\" target=\"_blank\" rel=\"noopener noreferrer\">Telecharger.com<\/a><\/li>\n<\/ul>\n<\/li>\n<li>Taalspecifiek: Spaans &#8211; en espa\u00f1ol\n<ul>\n<li><a href=\"https:\/\/www.programas-gratis.net\/\" target=\"_blank\" rel=\"noopener noreferrer\">Programas-Gratis<\/a>: descargar programas gratis<\/li>\n<\/ul>\n<\/li>\n<li><a name=\"oss\"><\/a>Open Source Software\n<ul>\n<li><a href=\"https:\/\/portableapps.com\/\">PortableApps<\/a><\/li>\n<li><a href=\"https:\/\/nongnu.org\/\" target=\"_blank\" rel=\"noopener noreferrer\">Savannah<\/a>: central point for development, distribution and maintenance of Free Software that runs on free operating systems.<\/li>\n<li><a href=\"https:\/\/sourceforge.net\/\" target=\"_blank\" rel=\"noopener noreferrer\">Sourceforge<\/a><\/li>\n<li>Zie ook: <a href=\"https:\/\/slashdot.org\/\" target=\"_blank\" rel=\"noopener noreferrer\">Slashdot<\/a><\/li>\n<\/ul>\n<\/li>\n<\/ul>\n<p><a name=\"win\"><\/a>Specifiek voor <i>Windows<\/i> is er<\/p>\n<ul>\n<li><a href=\"https:\/\/www.danworld.com\/\" target=\"_blank\" rel=\"noopener noreferrer\">DanWorld<\/a><\/li>\n<li><a href=\"https:\/\/www.snapfiles.com\/\" target=\"_blank\" rel=\"noopener noreferrer\"><strong>Snapfiles<\/strong><\/a><\/li>\n<li><a href=\"https:\/\/www.softlandmark.com\/\" target=\"_blank\" rel=\"noopener noreferrer\">SoftLandMark<\/a><\/li>\n<li><a href=\"https:\/\/www.softpedia.com\/\" target=\"_blank\" rel=\"noopener noreferrer\">Softpedia<\/a><\/li>\n<li><a href=\"https:\/\/www.softwarevault.com\/\" target=\"_blank\" rel=\"noopener noreferrer\">Softwarevault<\/a><\/li>\n<\/ul>\n<p><a name=\"mac\"><\/a><i>Macintosh<\/i> software is o.m. te vinden bij<\/p>\n<ul>\n<li><a href=\"https:\/\/www.macupdate.com\/\" target=\"_blank\" rel=\"noopener noreferrer\">Macupdate<\/a><\/li>\n<li><a href=\"https:\/\/www.pure-mac.com\/\" target=\"_blank\" rel=\"noopener noreferrer\">PureMac<\/a><\/li>\n<\/ul>\n<span class=\"last-modified-timestamp\">Dec 24, 2025 @ 11:00 am<\/span>\n","protected":false},"excerpt":{"rendered":"<p><span class=\"span-reading-time rt-reading-time\" style=\"display: block;\"><span class=\"rt-label rt-prefix\">Reading Time: <\/span> <span class=\"rt-time\"> &lt; 1<\/span> <span class=\"rt-label rt-postfix\">minute<\/span><\/span>Freeware vinden DownloadCrew FileHippo FileHorse FilePuma Majorgeeks Mr. Free Tools Ninite Snapfiles Softpedia Andere FamilyGames FreeByte FreewareWeb GratisProgramas (ES) JeT\u00e9l\u00e9charge (FR) Soft32 Softpile Taalspecifiek: Frans &#8211; en fran\u00e7ais <a href=\"http:\/\/Telecharger.com\" class=\"autohyperlink\">Telecharger.com<\/a> Taalspecifiek: Spaans &#8211; en espa\u00f1ol Programas-Gratis: descargar programas gratis Open Source Software PortableApps Savannah: central point for development, distribution and maintenance<\/p>\n","protected":false},"author":1,"featured_media":0,"parent":0,"menu_order":0,"comment_status":"closed","ping_status":"closed","template":"","meta":{"iawp_total_views":3,"footnotes":"","_wp_rev_ctl_limit":""},"class_list":["post-1114","page","type-page","status-publish","hentry"],"yoast_head":"<!-- This site is optimized with the Yoast SEO plugin v27.4 - https:\/\/yoast.com\/product\/yoast-seo-wordpress\/ -->\n<title>Software vinden - hlrnet.com<\/title>\n<meta name=\"robots\" content=\"index, follow, max-snippet:-1, max-image-preview:large, max-video-preview:-1\" \/>\n<link rel=\"canonical\" href=\"https:\/\/hlrnet.com\/sites\/software-vinden\/\" \/>\n<meta property=\"og:locale\" content=\"en_US\" \/>\n<meta property=\"og:type\" content=\"article\" \/>\n<meta property=\"og:title\" content=\"Software vinden - hlrnet.com\" \/>\n<meta property=\"og:description\" content=\"Reading Time:  &lt; 1 minuteFreeware vinden DownloadCrew FileHippo FileHorse FilePuma Majorgeeks Mr. Free Tools Ninite Snapfiles Softpedia Andere FamilyGames FreeByte FreewareWeb GratisProgramas (ES) JeT\u00e9l\u00e9charge (FR) Soft32 Softpile Taalspecifiek: Frans &#8211; en fran\u00e7ais Telecharger.com Taalspecifiek: Spaans &#8211; en espa\u00f1ol Programas-Gratis: descargar programas gratis Open Source Software PortableApps Savannah: central point for development, distribution and maintenance\" \/>\n<meta property=\"og:url\" content=\"https:\/\/hlrnet.com\/sites\/software-vinden\/\" \/>\n<meta property=\"og:site_name\" content=\"hlrnet.com\" \/>\n<meta property=\"article:modified_time\" content=\"2025-12-24T11:00:17+00:00\" \/>\n<meta name=\"twitter:card\" content=\"summary_large_image\" \/>\n<meta name=\"twitter:label1\" content=\"Est. reading time\" \/>\n\t<meta name=\"twitter:data1\" content=\"1 minute\" \/>\n<script type=\"application\/ld+json\" class=\"yoast-schema-graph\">{\"@context\":\"https:\\\/\\\/schema.org\",\"@graph\":[{\"@type\":\"WebPage\",\"@id\":\"https:\\\/\\\/hlrnet.com\\\/sites\\\/software-vinden\\\/\",\"url\":\"https:\\\/\\\/hlrnet.com\\\/sites\\\/software-vinden\\\/\",\"name\":\"Software vinden - hlrnet.com\",\"isPartOf\":{\"@id\":\"https:\\\/\\\/hlrnet.com\\\/sites\\\/#website\"},\"datePublished\":\"2018-04-22T07:43:39+00:00\",\"dateModified\":\"2025-12-24T11:00:17+00:00\",\"breadcrumb\":{\"@id\":\"https:\\\/\\\/hlrnet.com\\\/sites\\\/software-vinden\\\/#breadcrumb\"},\"inLanguage\":\"en-US\",\"potentialAction\":[{\"@type\":\"ReadAction\",\"target\":[\"https:\\\/\\\/hlrnet.com\\\/sites\\\/software-vinden\\\/\"]}]},{\"@type\":\"BreadcrumbList\",\"@id\":\"https:\\\/\\\/hlrnet.com\\\/sites\\\/software-vinden\\\/#breadcrumb\",\"itemListElement\":[{\"@type\":\"ListItem\",\"position\":1,\"name\":\"Home\",\"item\":\"https:\\\/\\\/hlrnet.com\\\/sites\\\/\"},{\"@type\":\"ListItem\",\"position\":2,\"name\":\"Software vinden\"}]},{\"@type\":\"WebSite\",\"@id\":\"https:\\\/\\\/hlrnet.com\\\/sites\\\/#website\",\"url\":\"https:\\\/\\\/hlrnet.com\\\/sites\\\/\",\"name\":\"hlrnet.com\",\"description\":\"Hans Le Roy\",\"publisher\":{\"@id\":\"https:\\\/\\\/hlrnet.com\\\/sites\\\/#organization\"},\"potentialAction\":[{\"@type\":\"SearchAction\",\"target\":{\"@type\":\"EntryPoint\",\"urlTemplate\":\"https:\\\/\\\/hlrnet.com\\\/sites\\\/?s={search_term_string}\"},\"query-input\":{\"@type\":\"PropertyValueSpecification\",\"valueRequired\":true,\"valueName\":\"search_term_string\"}}],\"inLanguage\":\"en-US\"},{\"@type\":\"Organization\",\"@id\":\"https:\\\/\\\/hlrnet.com\\\/sites\\\/#organization\",\"name\":\"hlrnet.com\",\"url\":\"https:\\\/\\\/hlrnet.com\\\/sites\\\/\",\"logo\":{\"@type\":\"ImageObject\",\"inLanguage\":\"en-US\",\"@id\":\"https:\\\/\\\/hlrnet.com\\\/sites\\\/#\\\/schema\\\/logo\\\/image\\\/\",\"url\":\"https:\\\/\\\/hlrnet.com\\\/sites\\\/wp-content\\\/uploads\\\/2018\\\/04\\\/cropped-default512x512-trans-1.png\",\"contentUrl\":\"https:\\\/\\\/hlrnet.com\\\/sites\\\/wp-content\\\/uploads\\\/2018\\\/04\\\/cropped-default512x512-trans-1.png\",\"width\":512,\"height\":160,\"caption\":\"hlrnet.com\"},\"image\":{\"@id\":\"https:\\\/\\\/hlrnet.com\\\/sites\\\/#\\\/schema\\\/logo\\\/image\\\/\"}}]}<\/script>\n<!-- \/ Yoast SEO plugin. -->","yoast_head_json":{"title":"Software vinden - hlrnet.com","robots":{"index":"index","follow":"follow","max-snippet":"max-snippet:-1","max-image-preview":"max-image-preview:large","max-video-preview":"max-video-preview:-1"},"canonical":"https:\/\/hlrnet.com\/sites\/software-vinden\/","og_locale":"en_US","og_type":"article","og_title":"Software vinden - hlrnet.com","og_description":"Reading Time:  &lt; 1 minuteFreeware vinden DownloadCrew FileHippo FileHorse FilePuma Majorgeeks Mr. Free Tools Ninite Snapfiles Softpedia Andere FamilyGames FreeByte FreewareWeb GratisProgramas (ES) JeT\u00e9l\u00e9charge (FR) Soft32 Softpile Taalspecifiek: Frans &#8211; en fran\u00e7ais Telecharger.com Taalspecifiek: Spaans &#8211; en espa\u00f1ol Programas-Gratis: descargar programas gratis Open Source Software PortableApps Savannah: central point for development, distribution and maintenance","og_url":"https:\/\/hlrnet.com\/sites\/software-vinden\/","og_site_name":"hlrnet.com","article_modified_time":"2025-12-24T11:00:17+00:00","twitter_card":"summary_large_image","twitter_misc":{"Est. reading time":"1 minute"},"schema":{"@context":"https:\/\/schema.org","@graph":[{"@type":"WebPage","@id":"https:\/\/hlrnet.com\/sites\/software-vinden\/","url":"https:\/\/hlrnet.com\/sites\/software-vinden\/","name":"Software vinden - hlrnet.com","isPartOf":{"@id":"https:\/\/hlrnet.com\/sites\/#website"},"datePublished":"2018-04-22T07:43:39+00:00","dateModified":"2025-12-24T11:00:17+00:00","breadcrumb":{"@id":"https:\/\/hlrnet.com\/sites\/software-vinden\/#breadcrumb"},"inLanguage":"en-US","potentialAction":[{"@type":"ReadAction","target":["https:\/\/hlrnet.com\/sites\/software-vinden\/"]}]},{"@type":"BreadcrumbList","@id":"https:\/\/hlrnet.com\/sites\/software-vinden\/#breadcrumb","itemListElement":[{"@type":"ListItem","position":1,"name":"Home","item":"https:\/\/hlrnet.com\/sites\/"},{"@type":"ListItem","position":2,"name":"Software vinden"}]},{"@type":"WebSite","@id":"https:\/\/hlrnet.com\/sites\/#website","url":"https:\/\/hlrnet.com\/sites\/","name":"hlrnet.com","description":"Hans Le Roy","publisher":{"@id":"https:\/\/hlrnet.com\/sites\/#organization"},"potentialAction":[{"@type":"SearchAction","target":{"@type":"EntryPoint","urlTemplate":"https:\/\/hlrnet.com\/sites\/?s={search_term_string}"},"query-input":{"@type":"PropertyValueSpecification","valueRequired":true,"valueName":"search_term_string"}}],"inLanguage":"en-US"},{"@type":"Organization","@id":"https:\/\/hlrnet.com\/sites\/#organization","name":"hlrnet.com","url":"https:\/\/hlrnet.com\/sites\/","logo":{"@type":"ImageObject","inLanguage":"en-US","@id":"https:\/\/hlrnet.com\/sites\/#\/schema\/logo\/image\/","url":"https:\/\/hlrnet.com\/sites\/wp-content\/uploads\/2018\/04\/cropped-default512x512-trans-1.png","contentUrl":"https:\/\/hlrnet.com\/sites\/wp-content\/uploads\/2018\/04\/cropped-default512x512-trans-1.png","width":512,"height":160,"caption":"hlrnet.com"},"image":{"@id":"https:\/\/hlrnet.com\/sites\/#\/schema\/logo\/image\/"}}]}},"publishpress_future_action":{"enabled":false,"date":"2026-05-01 22:09:00","action":"change-status","newStatus":"draft","terms":[],"taxonomy":"","extraData":[]},"publishpress_future_workflow_manual_trigger":{"enabledWorkflows":[]},"_links":{"self":[{"href":"https:\/\/hlrnet.com\/sites\/wp-json\/wp\/v2\/pages\/1114","targetHints":{"allow":["GET"]}}],"collection":[{"href":"https:\/\/hlrnet.com\/sites\/wp-json\/wp\/v2\/pages"}],"about":[{"href":"https:\/\/hlrnet.com\/sites\/wp-json\/wp\/v2\/types\/page"}],"author":[{"embeddable":true,"href":"https:\/\/hlrnet.com\/sites\/wp-json\/wp\/v2\/users\/1"}],"replies":[{"embeddable":true,"href":"https:\/\/hlrnet.com\/sites\/wp-json\/wp\/v2\/comments?post=1114"}],"version-history":[{"count":0,"href":"https:\/\/hlrnet.com\/sites\/wp-json\/wp\/v2\/pages\/1114\/revisions"}],"wp:attachment":[{"href":"https:\/\/hlrnet.com\/sites\/wp-json\/wp\/v2\/media?parent=1114"}],"curies":[{"name":"wp","href":"https:\/\/api.w.org\/{rel}","templated":true}]}}