{"id":880,"date":"2025-12-22T11:17:07","date_gmt":"2025-12-22T11:17:07","guid":{"rendered":"https:\/\/hlrnet.com\/sites\/sp\/?page_id=880"},"modified":"2025-12-22T13:26:44","modified_gmt":"2025-12-22T13:26:44","slug":"aprender-el-espanol-sin-manual-a2","status":"publish","type":"page","link":"https:\/\/hlrnet.com\/sites\/sp\/aprender-el-espanol-sin-manual-a2\/","title":{"rendered":"Aprender el espa\u00f1ol sin manual (A2)"},"content":{"rendered":"<ul>\n<li>VideoELE (lo m\u00e1s importante <strong>en negrita<\/strong>)<\/li>\n<li><a class=\"color1\" href=\"https:\/\/www.videoele.com\/A2-En-el-mercado.html\"><strong>En el mercado<\/strong><br \/>\n<\/a>Un v\u00eddeo para conocer vocabulario de fruta y verdura y aprender a decir el precio de las cosas.<\/li>\n<li><a class=\"color1\" href=\"https:\/\/www.videoele.com\/A2-Presente-irregular.html\"><strong>El presente irregular<\/strong><br \/>\n<\/a>Un v\u00eddeo para practicar las irregularidades en presente de indicativo e&gt;ie, o&gt;ou, o&gt;u, -go.<\/p>\n<ul>\n<li><a href=\"https:\/\/aprenderespanol.org\/verbos\/presente-nivel-medio.html\">Presente de Indicativo en Espa\u00f1ol &#8211; Verbos irregulares &#8211; Ejercicios<\/a> (Aprenderespa\u00f1ol)<\/li>\n<\/ul>\n<\/li>\n<li><a class=\"color1\" href=\"https:\/\/www.videoele.com\/A2-Ir-a-infinitivo.html\">IR a + infinitivo<br \/>\n<\/a>Un v\u00eddeo para practicar la per\u00edfrasis verbal IR a + [infinitivo].<\/li>\n<li><a class=\"color1\" href=\"https:\/\/www.videoele.com\/A2-Estar-gerundio-regular.html\"><strong>ESTAR + gerundio (regulares)<\/strong><br \/>\n<\/a>Un v\u00eddeo para practicar la per\u00edfrasis verbal ESTAR + [gerundio] con formas regulares.<\/p>\n<ul>\n<li><a href=\"https:\/\/aprenderespanol.org\/verbos\/gerundio-ejercicios.html\">Gerundio &#8211; ejercicios<\/a> (Aprender espa\u00f1ol)<\/li>\n<\/ul>\n<\/li>\n<li><a class=\"color1\" href=\"https:\/\/www.videoele.com\/A2-Que-tiempo-hace.html\"><strong>\u00bfQu\u00e9 tiempo hace?<\/strong><br \/>\n<\/a>Un v\u00eddeo para aprender a hablar del tiempo atmosf\u00e9rico y conocer la estructura <em>estar + [gerundio]<\/em>.<\/li>\n<li><a class=\"color1\" href=\"https:\/\/www.videoele.com\/A2-La-ropa.html\"><strong>La ropa<\/strong><br \/>\n<\/a>Un v\u00eddeo sobre las prendas de ropa para aprender a valorar, opinar y expresar preferencias.<\/li>\n<li><a class=\"color1\" href=\"https:\/\/www.videoele.com\/A2-diptongos.html\"><strong>Diptongos<\/strong><br \/>\n<\/a>Un v\u00eddeo para conocer los diptongos.<\/li>\n<li><a class=\"color1\" href=\"https:\/\/www.videoele.com\/A2-Posesivos-tonicos.html\">Posesivos t\u00f3nicos<br \/>\n<\/a>Un v\u00eddeo para conocer los posesivos t\u00f3nicos y su concordancia de g\u00e9nero y n\u00famero.<\/li>\n<li><a class=\"color1\" href=\"https:\/\/www.videoele.com\/A2-Verbos-reflexivos.html\">Verbos reflexivos<br \/>\n<\/a>Un v\u00eddeo para conocer el contraste entre los verbos reflexivos y los no reflexivos.<\/li>\n<li><a class=\"color1\" href=\"https:\/\/www.videoele.com\/A2-Donde-esta.html\"><strong>\u00bfD\u00f3nde est\u00e1?<\/strong><br \/>\n<\/a>Un v\u00eddeo para conocer adverbios de lugar y aprender el pret\u00e9rito perfecto.<\/li>\n<li><a class=\"color1\" href=\"https:\/\/www.videoele.com\/A2-Que-pueden-hacer.html\">\u00bfQu\u00e9 pueden hacer?<br \/>\n<\/a>Un v\u00eddeo sobre animales para aprender las estructuras <em>Poder + [infinitivo]<\/em> y <em>Saber + [infinitivo]<\/em><\/li>\n<li><a class=\"color1\" href=\"https:\/\/www.videoele.com\/A2-Que-le-duele.html\"><strong>\u00bfQu\u00e9 le duele?<\/strong><br \/>\n<\/a>Un v\u00eddeo para conocer partes de cuerpo y practicar el verbo <em>doler<\/em>.<\/li>\n<li><a class=\"color1\" href=\"https:\/\/www.videoele.com\/A2-las-cosas-que-nos-gustan.html\"><strong>Las cosas que nos gustan<\/strong><br \/>\n<\/a>Un v\u00eddeo para practicar el verbo <em>gustar<\/em> y los pronombres \u00e1tonos de complemento indirecto.<\/p>\n<ul>\n<li><a href=\"https:\/\/aprenderespanol.org\/gramatica\/pronombres-personales-objeto-indirecto.html\">Pronombres personales de objeto indirecto<\/a>\u00a0(Aprenderespa\u00f1ol)<\/li>\n<\/ul>\n<\/li>\n<li><a class=\"color1\" href=\"https:\/\/www.videoele.com\/A2-Pronombres-atonos1.html\">Pronombres \u00e1tonos (I)<br \/>\n<\/a>Un v\u00eddeo sobre los pronombres \u00e1tonos de Objeto Directo <em>lo, la los, las.<\/em><\/p>\n<ul>\n<li><a href=\"https:\/\/aprenderespanol.org\/gramatica\/pronombres-personales-objeto-directo.html\">Pronombres personales de objeto directo<\/a> (Aprenderespa\u00f1ol)<\/li>\n<\/ul>\n<\/li>\n<li><a class=\"color1\" href=\"https:\/\/www.videoele.com\/A2-Pronombres-atonos2.html\">Pronombres \u00e1tonos (II)<br \/>\n<\/a>Un v\u00eddeo practicar los pronombres \u00e1tonos <em>me, te, le, nos, os, les<\/em>.<\/li>\n<li><a class=\"color1\" href=\"https:\/\/www.videoele.com\/A2-Salir-fuera.html\">Salir fuera<br \/>\n<\/a>Un v\u00eddeo sobre actividades de ocio y espect\u00e1culos para aprender a proponer actividades.<\/li>\n<li><a class=\"color1\" href=\"https:\/\/www.videoele.com\/A2-Que-has-hecho-este-verano.html\">\u00bfQu\u00e9 has hecho este verano?<br \/>\n<\/a>Un v\u00eddeo sobre lugares tur\u00edsticos de Galicia para practicar el pret\u00e9rito perfecto.<\/li>\n<li><a class=\"color1\" href=\"https:\/\/www.videoele.com\/A2-Sola-en-casa.html\"><strong>Sola en casa<\/strong><br \/>\n<\/a>Un v\u00eddeo sobre tareas dom\u00e9sticas para practicar el pret\u00e9rito perfecto y el contraste <em>ya \/ todav\u00eda no<\/em>.<\/li>\n<li><a class=\"color1\" href=\"https:\/\/www.videoele.com\/A2-Alguna-vez.html\"><strong>\u00bfAlguna vez&#8230;?<\/strong><br \/>\n<\/a>Un v\u00eddeo para practicar el pret\u00e9rito perfecto asociado a expresiones de frecuencia.<\/li>\n<li><a class=\"color1\" href=\"https:\/\/www.videoele.com\/A2-Animales-salvajes.html\">Animales salvajes<br \/>\n<\/a>Un v\u00eddeo para describir las caracter\u00edsticas f\u00edsicas de los animales y hacer comparaciones.<\/li>\n<li><a class=\"color1\" href=\"https:\/\/www.videoele.com\/A2-Medidas-y-envases.html\">Medidas y envases<br \/>\n<\/a>Un v\u00eddeo sobre las unidades de medida y los envases utilizados en Espa\u00f1a.<\/li>\n<li><a class=\"color1\" href=\"https:\/\/www.videoele.com\/A2-Sube-a-mi-casa.html\"><strong>Sube a mi casa<\/strong><br \/>\n<\/a>Un v\u00eddeo para aprender las partes de las viviendas y los objetos que suele haber en ellas.<\/li>\n<li><a class=\"color1\" href=\"https:\/\/www.videoele.com\/A2-A-comprar.html\"><strong>A comprar<\/strong><br \/>\n<\/a>Un v\u00eddeo para conocer los nombres de las tiendas y los productos y servicios que ofrecen.<\/li>\n<li><a class=\"color1\" href=\"https:\/\/www.videoele.com\/A2-El-tiempo-libre.html\"><strong>El tiempo libre<\/strong><br \/>\n<\/a>Un v\u00eddeo para aprender a hablar de las actividades que hacemos en el tiempo libre<em>.<\/em><\/li>\n<li><a class=\"color1\" href=\"https:\/\/www.videoele.com\/A2-Saber-ser-saber-estar.html\">Saber ser y saber estar<br \/>\n<\/a>Un v\u00eddeo para sistematizar el contaste y los usos de los verbos <em>ser<\/em> y <em>estar<\/em>.<\/li>\n<li><a class=\"color1\" href=\"https:\/\/www.videoele.com\/A2-En-la-estacion-de-tren.html\"><strong>En la estaci\u00f3n de tren<\/strong><br \/>\n<\/a>Un v\u00eddeo sobre los lugares de una estaci\u00f3n de tren y el interior de un tren.<\/li>\n<li><a class=\"color1\" href=\"https:\/\/www.videoele.com\/A2-Enhorabuena.html\">\u00a1Enhorabuena!<br \/>\n<\/a>Un v\u00eddeo para conocer expresiones habituales para relacionarse socialmente.<\/li>\n<li><a class=\"color1\" href=\"https:\/\/www.videoele.com\/A2-Esta-es-barcelona.html\">Esta es Barcelona<br \/>\n<\/a>Un v\u00eddeo para conocer lugares de Barcelona y utilizar oraciones condicionales.<\/li>\n<li><a class=\"color1\" href=\"https:\/\/www.videoele.com\/A2-No-esta-lejos.html\"><strong>No est\u00e1 lejos<\/strong><br \/>\n<\/a>Un v\u00eddeo sobre la ciudad de Zaragoza para aprender el imperativo y dar instrucciones para llegar a un lugar.<\/li>\n<li><a class=\"color1\" href=\"https:\/\/www.videoele.com\/A2-Perifrasis-verbales.html\">Per\u00edfrasis verbales<br \/>\n<\/a>Un v\u00eddeo para practicar todas las per\u00edfrasis verbales del nivel A2 con im\u00e1genes de un partido de baloncesto.<\/li>\n<li><a class=\"color1\" href=\"https:\/\/www.videoele.com\/A2-Ir-al-trabajo.html\"><strong>Ir al trabajo<\/strong><br \/>\n<\/a>Un v\u00eddeo sobre los horarios de trabajo, el horario escolar y los medios de transporte.<\/li>\n<li><a class=\"color1\" href=\"https:\/\/www.videoele.com\/A2-El-fin-desemana.html\"><strong>El fin de semana pasado<\/strong><br \/>\n<\/a>Un v\u00eddeo para aprender el pret\u00e9rito indefinido y conocer algunos lugares de Madrid. Tiene una continuaci\u00f3n en el v\u00eddeo <a class=\"color1\" href=\"https:\/\/www.videoele.com\/A2_En-contexto.html\">En contexto<\/a>.<\/p>\n<ul>\n<li><a href=\"https:\/\/aprenderespanol.org\/verbos\/formas-verbales.html\">Tiempos verbales<\/a> (Aprenderespa\u00f1ol)<\/li>\n<\/ul>\n<\/li>\n<li><a class=\"color1\" href=\"https:\/\/www.videoele.com\/A2-A-que-hora.html\"><strong>\u00bfA qu\u00e9 hora?<\/strong><br \/>\n<\/a>Un v\u00eddeo sobre el pret\u00e9rito indefinido y los horarios de establecimientos p\u00fablicos en Espa\u00f1a.<\/li>\n<li><a class=\"color1\" href=\"https:\/\/www.videoele.com\/A2-Partido-futbol.html\">Un partido de f\u00fatbol<br \/>\n<\/a>Un v\u00eddeo de un partido de la Liga espa\u00f1ola para conocer vocabulario relacionado con el f\u00fatbol.<\/li>\n<li><a class=\"color1\" href=\"https:\/\/www.videoele.com\/A2-Una-casa-rural.html\">Una casa rural<br \/>\n<\/a>Un v\u00eddeo sobre los destinos vacacionales, las casas rurales y los servicios en los alojamientos.<\/li>\n<li><a class=\"color1\" href=\"https:\/\/www.videoele.com\/A2-Utilizar-ordenador.html\">Utilizar el ordenador<br \/>\n<\/a>Un v\u00eddeo sobre vocabulario de elementos del ordenador, aplicaciones y acciones relacionadas con su uso.<\/li>\n<li><a class=\"color1\" href=\"https:\/\/www.videoele.com\/A2-Cuando-era-pequena.html\"><strong>Cuando era peque\u00f1a&#8230;<\/strong><br \/>\n<\/a>Un v\u00eddeo para aprender a hablar de acciones habituales en el pasado con el pret\u00e9rito imperfecto.<\/li>\n<li><a class=\"color1\" href=\"https:\/\/www.videoele.com\/A2-un-viaje-en-avion.html\">Un viaje en avi\u00f3n<br \/>\n<\/a>Un v\u00eddeo sobre c\u00f3mo comprar billetes de avi\u00f3n en internet y conocer los lugares de un aeropuerto.<\/li>\n<li><a class=\"color1\" href=\"https:\/\/www.videoele.com\/A2-En-contexto.html\">En contexto<br \/>\n<\/a>Continuaci\u00f3n del v\u00eddeo <a class=\"color1\" href=\"https:\/\/www.videoele.com\/A2-El-fin-desemana.html\">El fin de semana pasado<\/a>, para conocer el contraste entre el pret\u00e9rito impefecto y el pret\u00e9rito indefinido.<\/li>\n<li><a class=\"color1\" href=\"https:\/\/www.videoele.com\/A2-sigue-recto.html\"><strong>Sigue recto<\/strong><\/a><br \/>\nUn v\u00eddeo sobre dar instrucciones para llegar a un lugar usando el imperativo.<\/li>\n<li><a class=\"color1\" href=\"https:\/\/www.videoele.com\/A2-Mensajes-publicos.html\">Mensajes p\u00fablicos<br \/>\n<\/a>Un v\u00eddeo sobre la publicidad y los mensajes p\u00fablicos para aprender el imperativo.<\/li>\n<li><a class=\"color1\" href=\"https:\/\/www.videoele.com\/A2-Estar-gerundio-irregular.html\">Estar + gerundio (irregulares)<br \/>\n<\/a>Un v\u00eddeo para practicar las formas irregulares del gerundio en la per\u00edfrasis per\u00edfrasis ESTAR + [gerundio].<\/li>\n<li><a class=\"color1\" href=\"https:\/\/www.videoele.com\/A2-me-encanta-pero-me-aburre.html\">Me encanta&#8230; pero me aburre&#8230;<br \/>\n<\/a>Un v\u00eddeo para practicar los v<span class=\"body_estrecho\">erbos de emoci\u00f3n <em>encantar, interesar, aburrir<\/em> y <em>molestar<\/em>.<\/span>.<\/li>\n<li><a class=\"color1\" href=\"https:\/\/www.videoele.com\/A2-Sevilla-dos-dias.html\">Sevilla en dos d\u00edas<br \/>\n<\/a>Un v\u00eddeo para conocer los lugares m\u00e1s tur\u00edsticos de Sevilla y practicar el imperativo y expresiones para aconsejar.<\/li>\n<li><a class=\"color1\" href=\"https:\/\/www.videoele.com\/A2-por-para-los-sanfermines.html\" target=\"_blank\" rel=\"noopener\">POR y PARA los sanfermines<\/a><br \/>\nUn v\u00eddeo para para practicar distintos usos de las preposiciones POR y PARA en el contexto de las fiestas de San Ferm\u00edn en Pamplona.<\/li>\n<li><a class=\"color1\" href=\"https:\/\/www.videoele.com\/A2-Dia-todos-santos.html\">El D\u00eda de Todos los Santos<br \/>\n<\/a>Un v\u00eddeo para conocer las tradiciones del uno de noviembre en Espa\u00f1a.<\/li>\n<li><a class=\"color1\" href=\"https:\/\/www.videoele.com\/A2-Feliz-Navidad.html\">Feliz Navidad<br \/>\n<\/a>Un v\u00eddeo para conocer las principales costumbres y tradiciones navide\u00f1as.<\/li>\n<li><a class=\"color1\" href=\"https:\/\/www.videoele.com\/A2-El-carnaval.html\">El carnaval<br \/>\n<\/a>Un v\u00eddeo para conocer c\u00f3mo se celebra el carnaval en Espa\u00f1a y en algunos pa\u00edses de Latinoam\u00e9rica.<\/li>\n<li><a class=\"color1\" href=\"https:\/\/www.videoele.com\/A2-Feria-abril.html\">La Feria de Abril<br \/>\n<\/a>Un v\u00eddeo para comprender c\u00f3mo se celebra la Feria de Abril en Sevilla.<\/li>\n<li><a class=\"color1\" href=\"https:\/\/www.videoele.com\/A2-Procesiones-semana-santa.html\">Procesiones y Semana Santa<br \/>\n<\/a>Un v\u00eddeo para comprender c\u00f3mo son las procesiones en Semana Santa.<\/li>\n<li><a class=\"color1\" href=\"https:\/\/www.videoele.com\/A2-La-proxima-semana.html\"><strong>La pr\u00f3xima semana&#8230;<\/strong><br \/>\n<\/a>Un v\u00eddeo sobre la ciudad de Bilbao para practicar distintas formas de hablar del futuro.<\/li>\n<li><a class=\"color1\" href=\"https:\/\/www.videoele.com\/A2-20-spanish-false-friends.html\">20 Spanish False Friends<br \/>\n<\/a>Un v\u00eddeo para conocer palabras del ingl\u00e9s y del espa\u00f1ol muy parecidas pero con un significado distinto.<\/li>\n<li><a href=\"https:\/\/www.youtube.com\/playlist?list=PLdzqcdsXmqB_8Tnwc_2nSp2Z51Dt_xT4X\">NEEM A2 &#8211; Nuevo espa\u00f1ol en marcha A5<\/a><\/li>\n<li><a href=\"https:\/\/www.youtube.com\/watch?v=_VG_aF8-r7w&amp;list=PLdzqcdsXmqB_8Tnwc_2nSp2Z51Dt_xT4X\">NEEM 2 &#8211; Unidad 1 Vacaciones<\/a> &#8211; YouTube<\/li>\n<li><a href=\"https:\/\/www.youtube.com\/watch?v=3-eMvoayiJ8&amp;list=PLdzqcdsXmqB_8Tnwc_2nSp2Z51Dt_xT4X&amp;index=3\">NEEM 2 &#8211; Unidad 2\/ NEEM B\u00e1sico &#8211; Unidad 10 Mi amigo An\u00edbal<\/a> &#8211; YouTube<\/li>\n<li><a href=\"https:\/\/www.youtube.com\/watch?v=WDWAmmDRZlg&amp;list=PLdzqcdsXmqB_8Tnwc_2nSp2Z51Dt_xT4X&amp;index=4\">NEEM 2 &#8211; Unidad 3\/ NEEM B\u00e1sico &#8211; Unidad 11 Costumbres diferentes<\/a> &#8211; YouTube<\/li>\n<li><a href=\"https:\/\/www.youtube.com\/watch?v=O9ywFEoHL8g&amp;list=PLdzqcdsXmqB_8Tnwc_2nSp2Z51Dt_xT4X&amp;index=5\">NEEM 2 &#8211; Unidad 4\/NEEM B\u00e1sico &#8211; Unidad 12 Fin de semana<\/a> &#8211; YouTube<\/li>\n<li><a href=\"https:\/\/www.youtube.com\/watch?v=dgDu1GsB4Tg&amp;list=PLdzqcdsXmqB_8Tnwc_2nSp2Z51Dt_xT4X&amp;index=6\">NEEM 2 &#8211; Unidad 5\/ NEEM B\u00e1sico &#8211; Unidad 13 Un museo con historia<\/a> &#8211; YouTube<\/li>\n<li><a href=\"https:\/\/www.youtube.com\/watch?v=Hw36RVpISdo&amp;list=PLdzqcdsXmqB_8Tnwc_2nSp2Z51Dt_xT4X&amp;index=7\">NEEM 2 &#8211; Unidad 6\/ NEEM B\u00e1sico &#8211; Unidad 14 De segunda mano<\/a> &#8211; YouTube<\/li>\n<li><a href=\"https:\/\/www.youtube.com\/watch?v=fpT3bJfLM3A&amp;list=PLdzqcdsXmqB_8Tnwc_2nSp2Z51Dt_xT4X&amp;index=8\">NEEM 2 &#8211; Unidad 7\/ NEEM B\u00e1sico &#8211; Unidad 15 Estoy muy nerviosa<\/a> &#8211; YouTube<\/li>\n<li><a href=\"https:\/\/www.youtube.com\/watch?v=EZfp7VEus6U&amp;list=PLdzqcdsXmqB_8Tnwc_2nSp2Z51Dt_xT4X&amp;index=9\">NEEM 2 &#8211; Unidad 8\/ NEEM B\u00e1sico &#8211; Unidad 16 \u00bfQu\u00e9 te ha dicho?<\/a> &#8211; YouTube<\/li>\n<li><a href=\"https:\/\/www.youtube.com\/watch?v=AKEYIAltj7c&amp;list=PLdzqcdsXmqB_8Tnwc_2nSp2Z51Dt_xT4X&amp;index=10\">NEEM 2 &#8211; Unidad 9\/ NEEM B\u00e1sico &#8211; Unidad 17 Y t\u00fa, \u00bfqu\u00e9 opinas?<\/a> &#8211; YouTube<\/li>\n<li><a href=\"https:\/\/www.youtube.com\/watch?v=SjYulMoe6mM&amp;list=PLdzqcdsXmqB_8Tnwc_2nSp2Z51Dt_xT4X&amp;index=11\">NEEM 2 &#8211; Unidad 10\/ NEEM B\u00e1sico &#8211; Unidad 18 Buen viaje<\/a> &#8211; YouTube<\/li>\n<\/ul>\n","protected":false},"excerpt":{"rendered":"<p>VideoELE (lo m\u00e1s importante en negrita) En el mercado Un v\u00eddeo para conocer vocabulario de fruta y verdura y aprender a decir el precio de las cosas. El presente irregular Un v\u00eddeo para practicar las irregularidades en presente de indicativo e&gt;ie, o&gt;ou, o&gt;u, -go. Presente de Indicativo en Espa\u00f1ol &#8211;<\/p>\n","protected":false},"author":1,"featured_media":0,"parent":0,"menu_order":0,"comment_status":"closed","ping_status":"closed","template":"","meta":{"footnotes":"","_wp_rev_ctl_limit":""},"class_list":["post-880","page","type-page","status-publish","hentry"],"publishpress_future_action":{"enabled":false,"date":"2026-05-03 00:06:28","action":"Draft","newStatus":"draft","terms":[],"taxonomy":"","extraData":[]},"publishpress_future_workflow_manual_trigger":{"enabledWorkflows":[]},"_links":{"self":[{"href":"https:\/\/hlrnet.com\/sites\/sp\/wp-json\/wp\/v2\/pages\/880","targetHints":{"allow":["GET"]}}],"collection":[{"href":"https:\/\/hlrnet.com\/sites\/sp\/wp-json\/wp\/v2\/pages"}],"about":[{"href":"https:\/\/hlrnet.com\/sites\/sp\/wp-json\/wp\/v2\/types\/page"}],"author":[{"embeddable":true,"href":"https:\/\/hlrnet.com\/sites\/sp\/wp-json\/wp\/v2\/users\/1"}],"replies":[{"embeddable":true,"href":"https:\/\/hlrnet.com\/sites\/sp\/wp-json\/wp\/v2\/comments?post=880"}],"version-history":[{"count":3,"href":"https:\/\/hlrnet.com\/sites\/sp\/wp-json\/wp\/v2\/pages\/880\/revisions"}],"predecessor-version":[{"id":884,"href":"https:\/\/hlrnet.com\/sites\/sp\/wp-json\/wp\/v2\/pages\/880\/revisions\/884"}],"wp:attachment":[{"href":"https:\/\/hlrnet.com\/sites\/sp\/wp-json\/wp\/v2\/media?parent=880"}],"curies":[{"name":"wp","href":"https:\/\/api.w.org\/{rel}","templated":true}]}}