{"id":853,"date":"2025-09-29T18:30:53","date_gmt":"2025-09-29T18:30:53","guid":{"rendered":"https:\/\/hlrnet.com\/sites\/sp\/?page_id=853"},"modified":"2025-09-29T18:30:53","modified_gmt":"2025-09-29T18:30:53","slug":"aplicaciones-para-aprender-el-espanol-para-los-viajes-consejos-de-perplexity","status":"publish","type":"page","link":"https:\/\/hlrnet.com\/sites\/sp\/el-espanol-para-los-viajes\/aplicaciones-para-aprender-el-espanol-para-los-viajes-consejos-de-perplexity\/","title":{"rendered":"Aplicaciones para aprender el espa\u00f1ol para los viajes &#8211; consejos de Perplexity"},"content":{"rendered":"<div class=\"prose text-pretty dark:prose-invert inline leading-relaxed break-words min-w-0 [word-break:break-word] prose-strong:font-medium\">\n<p class=\"my-2 [&amp;+p]:mt-4 [&amp;_strong:has(+br)]:inline-block [&amp;_strong:has(+br)]:pb-2\">Para aprender espa\u00f1ol para viajar a nivel A1, existen varias aplicaciones muy recomendadas tanto gratuitas como de pago que se adaptan a un perfil principiante y que incluyen contenidos \u00fatiles para viajeros, como vocabulario b\u00e1sico, frases cotidianas y ejercicios interactivos.<span class=\"citation inline\" data-state=\"closed\"><a class=\"inline\" href=\"https:\/\/letsspeakspanish.com\/es\/blog\/mejores-apps-para-aprender-espanol\/\" target=\"_blank\" rel=\"noopener\"><span class=\"relative -mt-px select-none whitespace-nowrap -top-px font-sans text-base text-foreground selection:bg-super\/50 selection:text-foreground dark:selection:bg-super\/10 dark:selection:text-super\"><span class=\"text-3xs rounded-badge group min-w-4 cursor-pointer text-center align-middle font-mono tabular-nums py-[0.1875rem] leading-snug px-[0.3rem] [@media(hover:hover)]:hover:bg-super dark:[@media(hover:hover)]:hover:text-inverse [@media(hover:hover)]:hover:text-white border-subtlest ring-subtlest divide-subtlest bg-subtle\"><span class=\"relative -mt-px inline-block align-middle max-w-[25ch] overflow-hidden\">letsspeakspanish<\/span><span class=\"ml-xs -mt-px mr-px inline-block align-middle\"><span class=\"opacity-50\">+3<\/span><\/span><\/span><\/span><\/a><\/span><\/p>\n<h2 class=\"mb-2 mt-4 font-display font-semimedium text-base first:mt-0\">Aplicaciones destacadas nivel A1<\/h2>\n<ul class=\"marker:text-quiet list-disc\">\n<li class=\"py-0 my-0 prose-p:pt-0 prose-p:mb-2 prose-p:my-0 [&amp;&gt;p]:pt-0 [&amp;&gt;p]:mb-2 [&amp;&gt;p]:my-0\">\n<p class=\"my-2 [&amp;+p]:mt-4 [&amp;_strong:has(+br)]:inline-block [&amp;_strong:has(+br)]:pb-2\">Duolingo: Muy popular, gamificada y f\u00e1cil de usar para principiantes. Introduce vocabulario b\u00e1sico y frases de uso diario con lecciones cortas y ejercicios divertidos. Es gratuita y tiene una versi\u00f3n premium opcional.<span class=\"citation inline\" data-state=\"closed\"><a class=\"inline\" href=\"https:\/\/jaleomadrid.com\/es\/las-mejores-aplicaciones-para-aprender-palabras-en-espanol\/\" target=\"_blank\" rel=\"noopener\"><span class=\"relative -mt-px select-none whitespace-nowrap -top-px font-sans text-base text-foreground selection:bg-super\/50 selection:text-foreground dark:selection:bg-super\/10 dark:selection:text-super\"><span class=\"text-3xs rounded-badge group min-w-4 cursor-pointer text-center align-middle font-mono tabular-nums py-[0.1875rem] leading-snug px-[0.3rem] [@media(hover:hover)]:hover:bg-super dark:[@media(hover:hover)]:hover:text-inverse [@media(hover:hover)]:hover:text-white border-subtlest ring-subtlest divide-subtlest bg-subtle\"><span class=\"relative -mt-px inline-block align-middle max-w-[25ch] overflow-hidden\">jaleomadrid<\/span><span class=\"ml-xs -mt-px mr-px inline-block align-middle\"><span class=\"opacity-50\">+2<\/span><\/span><\/span><\/span><\/a><\/span><\/p>\n<\/li>\n<li class=\"py-0 my-0 prose-p:pt-0 prose-p:mb-2 prose-p:my-0 [&amp;&gt;p]:pt-0 [&amp;&gt;p]:mb-2 [&amp;&gt;p]:my-0\">\n<p class=\"my-2 [&amp;+p]:mt-4 [&amp;_strong:has(+br)]:inline-block [&amp;_strong:has(+br)]:pb-2\">Babbel: Ofrece cursos estructurados por niveles (A1\u2013C1), creados por expertos, y permite aprender vocabulario relevante para viajar, gram\u00e1tica y pronunciaci\u00f3n. Es de pago, aunque permite probar varias lecciones gratis.<span class=\"citation inline\" data-state=\"closed\"><a class=\"inline\" href=\"https:\/\/www.tusclases.co\/blog\/mejores-apps-aprender-espanol\" target=\"_blank\" rel=\"noopener\"><span class=\"relative -mt-px select-none whitespace-nowrap -top-px font-sans text-base text-foreground selection:bg-super\/50 selection:text-foreground dark:selection:bg-super\/10 dark:selection:text-super\"><span class=\"text-3xs rounded-badge group min-w-4 cursor-pointer text-center align-middle font-mono tabular-nums py-[0.1875rem] leading-snug px-[0.3rem] [@media(hover:hover)]:hover:bg-super dark:[@media(hover:hover)]:hover:text-inverse [@media(hover:hover)]:hover:text-white border-subtlest ring-subtlest divide-subtlest bg-subtle\"><span class=\"relative -mt-px inline-block align-middle max-w-[25ch] overflow-hidden\">tusclases<\/span><span class=\"ml-xs -mt-px mr-px inline-block align-middle\"><span class=\"opacity-50\">+2<\/span><\/span><\/span><\/span><\/a><\/span><\/p>\n<\/li>\n<li class=\"py-0 my-0 prose-p:pt-0 prose-p:mb-2 prose-p:my-0 [&amp;&gt;p]:pt-0 [&amp;&gt;p]:mb-2 [&amp;&gt;p]:my-0\">\n<p class=\"my-2 [&amp;+p]:mt-4 [&amp;_strong:has(+br)]:inline-block [&amp;_strong:has(+br)]:pb-2\">Busuu: Ideal para progresar desde cero y practicar con nativos. Permite orientar las lecciones por tem\u00e1ticas de viaje y tiene ejercicios, podcasts y chat. Ofrece certificado A1 si compras la versi\u00f3n premium.<span class=\"citation inline\" data-state=\"closed\"><a class=\"inline\" href=\"https:\/\/www.superprof.co\/blog\/apps-para-aprender-ele\/\" target=\"_blank\" rel=\"noopener\"><span class=\"relative -mt-px select-none whitespace-nowrap -top-px font-sans text-base text-foreground selection:bg-super\/50 selection:text-foreground dark:selection:bg-super\/10 dark:selection:text-super\"><span class=\"text-3xs rounded-badge group min-w-4 cursor-pointer text-center align-middle font-mono tabular-nums py-[0.1875rem] leading-snug px-[0.3rem] [@media(hover:hover)]:hover:bg-super dark:[@media(hover:hover)]:hover:text-inverse [@media(hover:hover)]:hover:text-white border-subtlest ring-subtlest divide-subtlest bg-subtle\"><span class=\"relative -mt-px inline-block align-middle max-w-[25ch] overflow-hidden\">superprof<\/span><span class=\"ml-xs -mt-px mr-px inline-block align-middle\"><span class=\"opacity-50\">+2<\/span><\/span><\/span><\/span><\/a><\/span><\/p>\n<\/li>\n<li class=\"py-0 my-0 prose-p:pt-0 prose-p:mb-2 prose-p:my-0 [&amp;&gt;p]:pt-0 [&amp;&gt;p]:mb-2 [&amp;&gt;p]:my-0\">\n<p class=\"my-2 [&amp;+p]:mt-4 [&amp;_strong:has(+br)]:inline-block [&amp;_strong:has(+br)]:pb-2\">Memrise: Combina videos de hablantes nativos con juegos enfocados en vocabulario \u00fatil y frases clave para viajeros. La repetici\u00f3n espaciada ayuda a memorizar palabras esenciales.<span class=\"citation inline\" data-state=\"closed\"><a class=\"inline\" href=\"https:\/\/biendeespanol.com\/blog\/apps-para-aprender-espanol-aplicaciones\/\" target=\"_blank\" rel=\"noopener\"><span class=\"relative -mt-px select-none whitespace-nowrap -top-px font-sans text-base text-foreground selection:bg-super\/50 selection:text-foreground dark:selection:bg-super\/10 dark:selection:text-super\"><span class=\"text-3xs rounded-badge group min-w-4 cursor-pointer text-center align-middle font-mono tabular-nums py-[0.1875rem] leading-snug px-[0.3rem] [@media(hover:hover)]:hover:bg-super dark:[@media(hover:hover)]:hover:text-inverse [@media(hover:hover)]:hover:text-white border-subtlest ring-subtlest divide-subtlest bg-subtle\"><span class=\"relative -mt-px inline-block align-middle max-w-[25ch] overflow-hidden\">biendeespanol<\/span><span class=\"ml-xs -mt-px mr-px inline-block align-middle\"><span class=\"opacity-50\">+2<\/span><\/span><\/span><\/span><\/a><\/span><\/p>\n<\/li>\n<li class=\"py-0 my-0 prose-p:pt-0 prose-p:mb-2 prose-p:my-0 [&amp;&gt;p]:pt-0 [&amp;&gt;p]:mb-2 [&amp;&gt;p]:my-0\">\n<p class=\"my-2 [&amp;+p]:mt-4 [&amp;_strong:has(+br)]:inline-block [&amp;_strong:has(+br)]:pb-2\">Mondly: Permite aprender con ejercicios de vocabulario, frases y situaciones reales. Dispone incluso de un modo de Realidad Virtual para practicar escenarios de viaje.<span class=\"citation inline\" data-state=\"closed\" aria-label=\"Las 11 mejores apps para aprender espa\u00f1ol [+Infograf\u00edas]\"><a class=\"inline\" href=\"https:\/\/letsspeakspanish.com\/es\/blog\/mejores-apps-para-aprender-espanol\/\" target=\"_blank\" rel=\"noopener\"><span class=\"relative -mt-px select-none whitespace-nowrap -top-px font-sans text-base text-foreground selection:bg-super\/50 selection:text-foreground dark:selection:bg-super\/10 dark:selection:text-super\"><span class=\"text-3xs rounded-badge group min-w-4 cursor-pointer text-center align-middle font-mono tabular-nums py-[0.1875rem] leading-snug px-[0.3rem] [@media(hover:hover)]:hover:bg-super dark:[@media(hover:hover)]:hover:text-inverse [@media(hover:hover)]:hover:text-white border-subtlest ring-subtlest divide-subtlest bg-subtle\"><span class=\"relative -mt-px inline-block align-middle max-w-[25ch] overflow-hidden\">letsspeakspanish<\/span><\/span><\/span><\/a><\/span><\/p>\n<\/li>\n<li class=\"py-0 my-0 prose-p:pt-0 prose-p:mb-2 prose-p:my-0 [&amp;&gt;p]:pt-0 [&amp;&gt;p]:mb-2 [&amp;&gt;p]:my-0\">\n<p class=\"my-2 [&amp;+p]:mt-4 [&amp;_strong:has(+br)]:inline-block [&amp;_strong:has(+br)]:pb-2\">Drops: Muy visual y entretenido, destinado principalmente a memorizar vocabulario esencial, ideal para sesiones cortas diarias.<span class=\"citation inline\" data-state=\"closed\" aria-label=\"Las 10 mejores aplicaciones para aprender idiomas en ...\"><a class=\"inline\" href=\"https:\/\/www.mundodeportivo.com\/uncomo\/educacion\/articulo\/las-mejores-aplicaciones-para-aprender-idiomas-en-diferentes-niveles-55405.html\" target=\"_blank\" rel=\"noopener\"><span class=\"relative -mt-px select-none whitespace-nowrap -top-px font-sans text-base text-foreground selection:bg-super\/50 selection:text-foreground dark:selection:bg-super\/10 dark:selection:text-super\"><span class=\"text-3xs rounded-badge group min-w-4 cursor-pointer text-center align-middle font-mono tabular-nums py-[0.1875rem] leading-snug px-[0.3rem] [@media(hover:hover)]:hover:bg-super dark:[@media(hover:hover)]:hover:text-inverse [@media(hover:hover)]:hover:text-white border-subtlest ring-subtlest divide-subtlest bg-subtle\"><span class=\"relative -mt-px inline-block align-middle max-w-[25ch] overflow-hidden\">mundodeportivo<\/span><\/span><\/span><\/a><\/span><\/p>\n<\/li>\n<\/ul>\n<h2 class=\"mb-2 mt-4 font-display font-semimedium text-base first:mt-0\">Aplicaciones adicionales<\/h2>\n<ul class=\"marker:text-quiet list-disc\">\n<li class=\"py-0 my-0 prose-p:pt-0 prose-p:mb-2 prose-p:my-0 [&amp;&gt;p]:pt-0 [&amp;&gt;p]:mb-2 [&amp;&gt;p]:my-0\">\n<p class=\"my-2 [&amp;+p]:mt-4 [&amp;_strong:has(+br)]:inline-block [&amp;_strong:has(+br)]:pb-2\">MosaLingua: Incluye historias de viaje y di\u00e1logos, perfecto para quien necesita ejemplos pr\u00e1cticos para situaciones t\u00edpicas de viaje.<span class=\"citation inline\" data-state=\"closed\" aria-label=\"Las 10 mejores aplicaciones para aprender idiomas en ...\"><a class=\"inline\" href=\"https:\/\/preply.com\/es\/blog\/mejores-applicaciones-apredender-idiomas\/\" target=\"_blank\" rel=\"noopener\"><span class=\"relative -mt-px select-none whitespace-nowrap -top-px font-sans text-base text-foreground selection:bg-super\/50 selection:text-foreground dark:selection:bg-super\/10 dark:selection:text-super\"><span class=\"text-3xs rounded-badge group min-w-4 cursor-pointer text-center align-middle font-mono tabular-nums py-[0.1875rem] leading-snug px-[0.3rem] [@media(hover:hover)]:hover:bg-super dark:[@media(hover:hover)]:hover:text-inverse [@media(hover:hover)]:hover:text-white border-subtlest ring-subtlest divide-subtlest bg-subtle\"><span class=\"relative -mt-px inline-block align-middle max-w-[25ch] overflow-hidden\">preply<\/span><\/span><\/span><\/a><\/span><\/p>\n<\/li>\n<li class=\"py-0 my-0 prose-p:pt-0 prose-p:mb-2 prose-p:my-0 [&amp;&gt;p]:pt-0 [&amp;&gt;p]:mb-2 [&amp;&gt;p]:my-0\">\n<p class=\"my-2 [&amp;+p]:mt-4 [&amp;_strong:has(+br)]:inline-block [&amp;_strong:has(+br)]:pb-2\">Coffee Break Espa\u00f1ol: Podcast con di\u00e1logos \u00fatiles y explicaciones pensadas para viajeros y principiantes.<span class=\"citation inline\" data-state=\"closed\" aria-label=\"Las mejores aplicaciones gratuitas para aprender espa\u00f1ol\"><a class=\"inline\" href=\"https:\/\/jaleomadrid.com\/es\/las-mejores-aplicaciones-para-aprender-palabras-en-espanol\/\" target=\"_blank\" rel=\"noopener\"><span class=\"relative -mt-px select-none whitespace-nowrap -top-px font-sans text-base text-foreground selection:bg-super\/50 selection:text-foreground dark:selection:bg-super\/10 dark:selection:text-super\"><span class=\"text-3xs rounded-badge group min-w-4 cursor-pointer text-center align-middle font-mono tabular-nums py-[0.1875rem] leading-snug px-[0.3rem] [@media(hover:hover)]:hover:bg-super dark:[@media(hover:hover)]:hover:text-inverse [@media(hover:hover)]:hover:text-white border-subtlest ring-subtlest divide-subtlest bg-subtle\"><span class=\"relative -mt-px inline-block align-middle max-w-[25ch] overflow-hidden\">jaleomadrid<\/span><\/span><\/span><\/a><\/span><\/p>\n<\/li>\n<li class=\"py-0 my-0 prose-p:pt-0 prose-p:mb-2 prose-p:my-0 [&amp;&gt;p]:pt-0 [&amp;&gt;p]:mb-2 [&amp;&gt;p]:my-0\">\n<p class=\"my-2 [&amp;+p]:mt-4 [&amp;_strong:has(+br)]:inline-block [&amp;_strong:has(+br)]:pb-2\">Promova: Enfatiza la pronunciaci\u00f3n y permite elegir variantes regionales del espa\u00f1ol.<span class=\"citation inline\" data-state=\"closed\" aria-label=\"La mejor app para aprender espa\u00f1ol\"><a class=\"inline\" href=\"https:\/\/promova.com\/es\/app\/spanish-language-learning-app\" target=\"_blank\" rel=\"noopener\"><span class=\"relative -mt-px select-none whitespace-nowrap -top-px font-sans text-base text-foreground selection:bg-super\/50 selection:text-foreground dark:selection:bg-super\/10 dark:selection:text-super\"><span class=\"text-3xs rounded-badge group min-w-4 cursor-pointer text-center align-middle font-mono tabular-nums py-[0.1875rem] leading-snug px-[0.3rem] [@media(hover:hover)]:hover:bg-super dark:[@media(hover:hover)]:hover:text-inverse [@media(hover:hover)]:hover:text-white border-subtlest ring-subtlest divide-subtlest bg-subtle\"><span class=\"relative -mt-px inline-block align-middle max-w-[25ch] overflow-hidden\">promova<\/span><\/span><\/span><\/a><\/span><\/p>\n<\/li>\n<\/ul>\n<h2 class=\"mb-2 mt-4 font-display font-semimedium text-base first:mt-0\">Consejos para elegir<\/h2>\n<ul class=\"marker:text-quiet list-disc\">\n<li class=\"py-0 my-0 prose-p:pt-0 prose-p:mb-2 prose-p:my-0 [&amp;&gt;p]:pt-0 [&amp;&gt;p]:mb-2 [&amp;&gt;p]:my-0\">\n<p class=\"my-2 [&amp;+p]:mt-4 [&amp;_strong:has(+br)]:inline-block [&amp;_strong:has(+br)]:pb-2\">Prioriza apps que incluyan ejercicios interactivos, di\u00e1logos y vocabulario espec\u00edfico para situaciones de viaje (reservas, restaurantes, transporte).<\/p>\n<\/li>\n<li class=\"py-0 my-0 prose-p:pt-0 prose-p:mb-2 prose-p:my-0 [&amp;&gt;p]:pt-0 [&amp;&gt;p]:mb-2 [&amp;&gt;p]:my-0\">\n<p class=\"my-2 [&amp;+p]:mt-4 [&amp;_strong:has(+br)]:inline-block [&amp;_strong:has(+br)]:pb-2\">La mayor\u00eda ofrece m\u00f3dulos tem\u00e1ticos para viajeros: busca en la secci\u00f3n de contenidos o temas de cada app.<\/p>\n<\/li>\n<li class=\"py-0 my-0 prose-p:pt-0 prose-p:mb-2 prose-p:my-0 [&amp;&gt;p]:pt-0 [&amp;&gt;p]:mb-2 [&amp;&gt;p]:my-0\">\n<p class=\"my-2 [&amp;+p]:mt-4 [&amp;_strong:has(+br)]:inline-block [&amp;_strong:has(+br)]:pb-2\">Prueba varias aplicaciones y combina seg\u00fan estilo y recursos preferidos; la mayor\u00eda son gratuitas o tienen versiones de prueba.<span class=\"citation inline\" data-state=\"closed\"><a class=\"inline\" href=\"https:\/\/www.tusclases.co\/blog\/mejores-apps-aprender-espanol\" target=\"_blank\" rel=\"noopener\"><span class=\"relative -mt-px select-none whitespace-nowrap -top-px font-sans text-base text-foreground selection:bg-super\/50 selection:text-foreground dark:selection:bg-super\/10 dark:selection:text-super\"><span class=\"text-3xs rounded-badge group min-w-4 cursor-pointer text-center align-middle font-mono tabular-nums py-[0.1875rem] leading-snug px-[0.3rem] [@media(hover:hover)]:hover:bg-super dark:[@media(hover:hover)]:hover:text-inverse [@media(hover:hover)]:hover:text-white border-subtlest ring-subtlest divide-subtlest bg-subtle\"><span class=\"relative -mt-px inline-block align-middle max-w-[25ch] overflow-hidden\">tusclases<\/span><span class=\"ml-xs -mt-px mr-px inline-block align-middle\"><span class=\"opacity-50\">+1<\/span><\/span><\/span><\/span><\/a><\/span><\/p>\n<\/li>\n<\/ul>\n<p class=\"my-2 [&amp;+p]:mt-4 [&amp;_strong:has(+br)]:inline-block [&amp;_strong:has(+br)]:pb-2\">Estas aplicaciones permiten avanzar r\u00e1pidamente y adquirir las bases m\u00e1s importantes para desenvolverse en espa\u00f1ol durante un viaje.<\/p>\n<\/div>\n<ol>\n<li><a href=\"https:\/\/letsspeakspanish.com\/es\/blog\/mejores-apps-para-aprender-espanol\/\">letsspeakspanish.com\/es\/blog\/mejores-apps-para-aprender-espanol\/<\/a><\/li>\n<li><a href=\"https:\/\/jaleomadrid.com\/es\/las-mejores-aplicaciones-para-aprender-palabras-en-espanol\/\">jaleomadrid.com\/es\/las-mejores-aplicaciones-para-aprender-palabras-en-espanol\/<\/a><\/li>\n<li><a href=\"https:\/\/www.tusclases.co\/blog\/mejores-apps-aprender-espanol\">www.tusclases.co\/blog\/mejores-apps-aprender-espanol<\/a><\/li>\n<li><a href=\"https:\/\/biendeespanol.com\/blog\/apps-para-aprender-espanol-aplicaciones\/\">biendeespanol.com\/blog\/apps-para-aprender-espanol-aplicaciones\/<\/a><\/li>\n<li><a href=\"https:\/\/www.superprof.co\/blog\/apps-para-aprender-ele\/\">www.superprof.co\/blog\/apps-para-aprender-ele\/<\/a><\/li>\n<li><a href=\"https:\/\/www.mundodeportivo.com\/uncomo\/educacion\/articulo\/las-mejores-aplicaciones-para-aprender-idiomas-en-diferentes-niveles-55405.html\">www.mundodeportivo.com\/uncomo\/educacion\/articulo\/las-mejores-aplicaciones-para-aprender-idiomas-en-diferentes-niveles-55405.html<\/a><\/li>\n<li><a href=\"https:\/\/www.superprof.es\/blog\/apps-para-aprender-ele\/\">www.superprof.es\/blog\/apps-para-aprender-ele\/<\/a><\/li>\n<li><a href=\"https:\/\/ihdemu.com\/aprender-espanol-apps\/\">ihdemu.com\/aprender-espanol-apps\/<\/a><\/li>\n<li><a href=\"https:\/\/preply.com\/es\/blog\/mejores-applicaciones-apredender-idiomas\/\">preply.com\/es\/blog\/mejores-applicaciones-apredender-idiomas\/<\/a><\/li>\n<li><a href=\"https:\/\/promova.com\/es\/app\/spanish-language-learning-app\">promova.com\/es\/app\/spanish-language-learning-app<\/a><\/li>\n<li><a href=\"https:\/\/play.google.com\/store\/apps\/details?id=com.mobiteach.spanish&amp;hl=es_US\">play.google.com\/store\/apps\/details?id=com.mobiteach.spanish&#038;hl=es_US<\/a><\/li>\n<li><a href=\"https:\/\/apps.apple.com\/do\/app\/aprender-espa%C3%B1ol-por-niveles\/id6449554336\">apps.apple.com\/do\/app\/aprender-espa%C3%B1ol-por-niveles\/id6449554336<\/a><\/li>\n<li><a href=\"https:\/\/www.reddit.com\/r\/Spanish\/comments\/1m29vdi\/best_beginner_apps_to_learn_spanish\/\">www.reddit.com\/r\/Spanish\/comments\/1m29vdi\/best_beginner_apps_to_learn_spanish\/<\/a><\/li>\n<li><a href=\"https:\/\/www.youtube.com\/watch?v=7x9boFV6l5w\">www.youtube.com\/watch?v=7x9boFV6l5w<\/a><\/li>\n<li><a href=\"https:\/\/preply.com\/es\/blog\/las-6-mejores-apps-para-aprender-espanol\/\">preply.com\/es\/blog\/las-6-mejores-apps-para-aprender-espanol\/<\/a><\/li>\n<li><a href=\"https:\/\/letsspeakspanish.com\/es\/blog\/espanol-para-viajar\/\">letsspeakspanish.com\/es\/blog\/espanol-para-viajar\/<\/a><\/li>\n<li><a href=\"https:\/\/play.google.com\/store\/apps\/details?id=com.mobiteach.spanish&amp;hl=es\">play.google.com\/store\/apps\/details?id=com.mobiteach.spanish&#038;hl=es<\/a><\/li>\n<li><a href=\"https:\/\/play.google.com\/store\/apps\/details?id=com.gonliapps.learnspanish&amp;hl=es\">play.google.com\/store\/apps\/details?id=com.gonliapps.learnspanish&#038;hl=es<\/a><\/li>\n<li><a href=\"https:\/\/www.superprof.co\/blog\/aprendizaje-lengua-espanola-con-apps\/\">www.superprof.co\/blog\/aprendizaje-lengua-espanola-con-apps\/<\/a><\/li>\n<li><a href=\"https:\/\/www.reddit.com\/r\/languagelearning\/comments\/1ffps2z\/every_language_learning_app_claims_to_be_the_best\/\">www.reddit.com\/r\/languagelearning\/comments\/1ffps2z\/every_language_learning_app_claims_to_be_the_best\/<\/a><\/li>\n<\/ol>\n","protected":false},"excerpt":{"rendered":"<p>Para aprender espa\u00f1ol para viajar a nivel A1, existen varias aplicaciones muy recomendadas tanto gratuitas como de pago que se adaptan a un perfil principiante y que incluyen contenidos \u00fatiles para viajeros, como vocabulario b\u00e1sico, frases cotidianas y ejercicios interactivos.letsspeakspanish+3 Aplicaciones destacadas nivel A1 Duolingo: Muy popular, gamificada y f\u00e1cil<\/p>\n","protected":false},"author":1,"featured_media":0,"parent":850,"menu_order":0,"comment_status":"closed","ping_status":"closed","template":"","meta":{"footnotes":"","_wp_rev_ctl_limit":""},"class_list":["post-853","page","type-page","status-publish","hentry"],"publishpress_future_action":{"enabled":false,"date":"2026-05-02 04:54:22","action":"Draft","newStatus":"draft","terms":[],"taxonomy":"","extraData":[]},"publishpress_future_workflow_manual_trigger":{"enabledWorkflows":[]},"_links":{"self":[{"href":"https:\/\/hlrnet.com\/sites\/sp\/wp-json\/wp\/v2\/pages\/853","targetHints":{"allow":["GET"]}}],"collection":[{"href":"https:\/\/hlrnet.com\/sites\/sp\/wp-json\/wp\/v2\/pages"}],"about":[{"href":"https:\/\/hlrnet.com\/sites\/sp\/wp-json\/wp\/v2\/types\/page"}],"author":[{"embeddable":true,"href":"https:\/\/hlrnet.com\/sites\/sp\/wp-json\/wp\/v2\/users\/1"}],"replies":[{"embeddable":true,"href":"https:\/\/hlrnet.com\/sites\/sp\/wp-json\/wp\/v2\/comments?post=853"}],"version-history":[{"count":1,"href":"https:\/\/hlrnet.com\/sites\/sp\/wp-json\/wp\/v2\/pages\/853\/revisions"}],"predecessor-version":[{"id":854,"href":"https:\/\/hlrnet.com\/sites\/sp\/wp-json\/wp\/v2\/pages\/853\/revisions\/854"}],"up":[{"embeddable":true,"href":"https:\/\/hlrnet.com\/sites\/sp\/wp-json\/wp\/v2\/pages\/850"}],"wp:attachment":[{"href":"https:\/\/hlrnet.com\/sites\/sp\/wp-json\/wp\/v2\/media?parent=853"}],"curies":[{"name":"wp","href":"https:\/\/api.w.org\/{rel}","templated":true}]}}