{"id":551,"date":"2020-09-28T12:56:52","date_gmt":"2020-09-28T12:56:52","guid":{"rendered":"https:\/\/hlrnet.com\/sites\/sp\/?page_id=551"},"modified":"2025-12-04T17:35:53","modified_gmt":"2025-12-04T17:35:53","slug":"espanol-medico-para-principiantes-en-linea","status":"publish","type":"page","link":"https:\/\/hlrnet.com\/sites\/sp\/espanol-medico-para-principiantes-en-linea\/","title":{"rendered":"Espa\u00f1ol m\u00e9dico para principiantes: en l\u00ednea"},"content":{"rendered":"<p>A1<\/p>\n<ul>\n<li><a href=\"https:\/\/www.educacionyfp.gob.es\/dctm\/ministerio\/educacion\/actividad-internacional\/consejerias\/reino-unido\/tecla\/2011\/01-11a.pdf?documentId=0901e72b80b4b621\">En la consulta del m\u00e9dico (Tecla)<\/a><\/li>\n<li><a href=\"https:\/\/apprendre.tv5monde.com\/es\/exercices\/a1-principiante\/vocabulario-las-consultas-al-medico?exercice=2\">Vocabulario: la consulta al m\u00e9dico (TV5 Monde)<\/a><\/li>\n<li><a href=\"https:\/\/cepereloyvaquero.files.wordpress.com\/2011\/12\/manual_cap7.pdf\">La salud (Manual de uso b\u00e1sico del espa\u00f1ol)<\/a><\/li>\n<li><a href=\"https:\/\/www.ailmadrid.com\/es\/actividad-ele-vocabulario-salud-a1-espanol\/\">Vocabulario de la salud (AIL)<\/a><\/li>\n<li><a href=\"https:\/\/www.youtube.com\/watch?v=v-gsAGP67E0\">En el m\u00e9dico (YT)<\/a><\/li>\n<\/ul>\n<p>A2<\/p>\n<ul>\n<li><a href=\"https:\/\/espanolparainmigrantes.files.wordpress.com\/2011\/02\/a2_unidad_3la-salud-en-la-consulta.pdf\">En la consulta del m\u00e9dico<\/a><\/li>\n<li><a href=\"http:\/\/carei.es\/fich\/unidad8.pdf\">La salud (espa\u00f1ol para inmigrantes &#8211; Carei)<\/a><\/li>\n<li><a href=\"https:\/\/www.pinterest.es\/pin\/371335931760874147\/\">La salud (colecci\u00f3n Pinterest)<\/a><\/li>\n<li><a href=\"https:\/\/aprenderespanol.org\/vocabulario\/cuerpo-humano-salud-emociones.html\">Salud y emociones (Aprenderespa\u00f1ol)<\/a><\/li>\n<li><a href=\"https:\/\/www.youtube.com\/watch?v=2Cf8EU0Rbh4\">Miguel va al m\u00e9dico (YT)<\/a><\/li>\n<li><a href=\"https:\/\/www.youtube.com\/watch?v=ZdiedkI4uks\">Visita al m\u00e9dico (YT)<\/a><\/li>\n<\/ul>\n<p>B1<\/p>\n<ul>\n<li><a href=\"https:\/\/hablametodo.com\/lessons\/unidad-10-b1\/\">UNIDAD 10 &#8211; LA SALUD &#8211; HABLAMETODO<\/a><\/li>\n<li><a href=\"https:\/\/www.youtube.com\/watch?v=ZdiedkI4uks\">Unidad 5 Dialogo 1 La Visita al medico &#8211; YouTube<\/a><\/li>\n<li><a href=\"https:\/\/deleahora.com\/blog\/vocabulario\/vocabulario-esencial-de-la-salud\">Vocabulario esencial de la salud | Vocabulario \u2022 DELE Ahora<\/a><\/li>\n<\/ul>\n<p>L\u00e9xicos especializados<\/p>\n<ul>\n<li><a href=\"https:\/\/dptm.es\/\">Diccionario panhisp\u00e1nico de t\u00e9rminos m\u00e9dicos<\/a><\/li>\n<li><a href=\"https:\/\/accessmedicina.mhmedical.com\/book.aspx?bookid=1720\">Terminolog\u00eda M\u00e9dica, 5e<\/a> | AccessMedicina | McGraw Hill Medical<\/li>\n<li><a href=\"https:\/\/www.cms.gov\/cciio\/resources\/files\/downloads\/sbc-uniform-glossary-spanish.pdf\">Glossary of Health Insurance and Medical Terms \u2013 Spanish<\/a><\/li>\n<\/ul>\n<p>Anatom\u00eda<\/p>\n<ul>\n<li><a href=\"https:\/\/en.wikipedia.org\/wiki\/Terminologia_Anatomica\">Terminologia Anatomica<\/a> \u2013 Wikipedia<\/li>\n<li><a href=\"https:\/\/visionmedicavirtual.com\/es\/terminologia-anatomica\">Terminolog\u00eda anat\u00f3mica<\/a> | Visi\u00f3n M\u00e9dica Virtual (ES)<\/li>\n<\/ul>\n<p>Terapia ocular<\/p>\n<ul>\n<li><a href=\"https:\/\/www.cotad.org\/spanish-resources\">Spanish Resources<\/a> \u2013 COTAD Chapters \u2014 COTAD<\/li>\n<li><a href=\"http:\/\/asistentesto.weebly.com\/uploads\/5\/9\/0\/9\/59095801\/terminolog_a_uniforme_de_terapia_ocupacional_en_espa_ol.pdf\">Terminolog\u00eda Uniforme de Terapia Ocupacional<\/a><\/li>\n<li><a href=\"http:\/\/www.lexicool.com\/dictionnaire.asp?ID=HY1TK12777\">WFOT- Glossaire de l\u2019Ergoth\u00e9rapie (EN&gt;FR-DE-ES)<\/a><\/li>\n<li><a href=\"https:\/\/1library.co\/article\/glosario-terapia-ocupacional-asociaci%C3%B3n-terapeutas-ocupacionales-pichincha-gu%C3%ADa.ydl702lz\">GLOSARIO DE TERAPIA OCUPACIONAL<\/a> \u2013 ASOCIACI\u00d3N DE TERAPEUTAS OCUPACIONALES DE PICHINCHA.<\/li>\n<li><a href=\"http:\/\/glosariodeterapiaocupacional.blogspot.com\/\">GLOSARIO DE TERAPIA OCUPACIONAL<\/a><\/li>\n<li><a href=\"https:\/\/www.lexicool.com\/diccionario.asp?ID=HY1TK12777\">WFOT- Glosario de Terapia Ocupacional (EN&gt;FR-DE-ES)<\/a> | Lexicool<\/li>\n<li><a href=\"https:\/\/www.aulaabierta.edu.co\/img\/uploads\/item\/GLOSARIO_DE_TERAPIA_OCUPACIONAL_AULA_ABIERTA.pdf\">GLOSARIO DE TERAPIA OCUPACIONAL<\/a> \u2013 Aula Abierta<\/li>\n<li><a href=\"https:\/\/rogersbh.org\/es\/what-expect\/glossary-terms\">Glosario de t\u00e9rminos<\/a> (Rogers Behavioral Health)<\/li>\n<\/ul>\n<p>Cuidado ocular<\/p>\n<ul>\n<li><a href=\"http:\/\/www.lexicool.com\/dictionnaire.asp?ID=GG8XT73799\">SLT: Vocabulaire d\u2019optique et optom\u00e9trie<\/a> (CA-EN-ES)<\/li>\n<li><a href=\"https:\/\/ocuwellness.es\/cuidado-de-los-ojos\/glosario-de-salud-ocular\">Glosario: salud ocular<\/a> &#8211; Cuidado de los ojos &#8211; OcuWellness\u2122<\/li>\n<li><a href=\"https:\/\/es.pearlevision.com\/pv-us\/eye-health\/glossary\">T\u00e9rminos oculares y visuales<\/a> | Pearle Vision<\/li>\n<\/ul>\n<p>Enfermer\u00eda<\/p>\n<ul>\n<li><a href=\"http:\/\/www.auxiliar-enfermeria.com\/diccionario\/letra_a.htm\">Diccionario de T\u00e9rminos Sanitarios<\/a> \u2013 OposSanidad<\/li>\n<li><a href=\"https:\/\/portal.guiasalud.es\/egpc\/pacientes-encefalopatia-glosario\/\">Glosario: de la A a la Z<\/a> \u2013 Gu\u00edaSalud<\/li>\n<li><a href=\"https:\/\/www.infermeravirtual.com\/esp\/recursos\/glosario\">Infermeravirtual.com \u2013 Glosario, Recursos<\/a><\/li>\n<\/ul>\n","protected":false},"excerpt":{"rendered":"<p>A1 En la consulta del m\u00e9dico (Tecla) Vocabulario: la consulta al m\u00e9dico (TV5 Monde) La salud (Manual de uso b\u00e1sico del espa\u00f1ol) Vocabulario de la salud (AIL) En el m\u00e9dico (YT) A2 En la consulta del m\u00e9dico La salud (espa\u00f1ol para inmigrantes &#8211; Carei) La salud (colecci\u00f3n Pinterest) Salud y<\/p>\n","protected":false},"author":1,"featured_media":0,"parent":0,"menu_order":0,"comment_status":"closed","ping_status":"closed","template":"","meta":{"footnotes":"","_wp_rev_ctl_limit":""},"class_list":["post-551","page","type-page","status-publish","hentry"],"publishpress_future_action":{"enabled":false,"date":"2026-05-01 13:48:24","action":"Draft","newStatus":"draft","terms":[],"taxonomy":"","extraData":[]},"publishpress_future_workflow_manual_trigger":{"enabledWorkflows":[]},"_links":{"self":[{"href":"https:\/\/hlrnet.com\/sites\/sp\/wp-json\/wp\/v2\/pages\/551","targetHints":{"allow":["GET"]}}],"collection":[{"href":"https:\/\/hlrnet.com\/sites\/sp\/wp-json\/wp\/v2\/pages"}],"about":[{"href":"https:\/\/hlrnet.com\/sites\/sp\/wp-json\/wp\/v2\/types\/page"}],"author":[{"embeddable":true,"href":"https:\/\/hlrnet.com\/sites\/sp\/wp-json\/wp\/v2\/users\/1"}],"replies":[{"embeddable":true,"href":"https:\/\/hlrnet.com\/sites\/sp\/wp-json\/wp\/v2\/comments?post=551"}],"version-history":[{"count":14,"href":"https:\/\/hlrnet.com\/sites\/sp\/wp-json\/wp\/v2\/pages\/551\/revisions"}],"predecessor-version":[{"id":876,"href":"https:\/\/hlrnet.com\/sites\/sp\/wp-json\/wp\/v2\/pages\/551\/revisions\/876"}],"wp:attachment":[{"href":"https:\/\/hlrnet.com\/sites\/sp\/wp-json\/wp\/v2\/media?parent=551"}],"curies":[{"name":"wp","href":"https:\/\/api.w.org\/{rel}","templated":true}]}}