{"id":549,"date":"2020-09-28T12:45:26","date_gmt":"2020-09-28T12:45:26","guid":{"rendered":"https:\/\/hlrnet.com\/sites\/sp\/?page_id=549"},"modified":"2020-09-28T12:45:26","modified_gmt":"2020-09-28T12:45:26","slug":"espanol-medico-para-principiantes-bis","status":"publish","type":"page","link":"https:\/\/hlrnet.com\/sites\/sp\/espanol-medico-para-principiantes-bis\/","title":{"rendered":"Espa\u00f1ol m\u00e9dico para principiantes: BIS"},"content":{"rendered":"<p>BIS nivel 1 (RG1.1, A1)<\/p>\n<ul>\n<li><a href=\"http:\/\/bisserver.be\/online\/spaans\/sp01\/sp01_001_0v01\/html\/\">Saludar y dar el nombre<\/a><\/li>\n<li><a href=\"http:\/\/bisserver.be\/online\/spaans\/sp01\/sp01_002_0v02\/html\/\">Preguntar por una persona<\/a><\/li>\n<li><a href=\"http:\/\/bisserver.be\/online\/spaans\/sp01\/sp01_003_0v01\/html\/\">Rellenar una ficha de inscripci\u00f3n<\/a><\/li>\n<li><a href=\"http:\/\/bisserver.be\/online\/spaans\/sp01\/sp01_006_0v01\/html\/\">Presentarte brevemente <\/a><\/li>\n<li><a href=\"http:\/\/bisserver.be\/online\/spaans\/sp01\/sp01_011_0v02\/html\/\">Presentar a una persona <\/a><\/li>\n<li><a href=\"http:\/\/bisserver.be\/online\/spaans\/sp01\/sp01_012_0v02\/html\/\">La lista de bebidas<\/a><\/li>\n<li><a href=\"http:\/\/bisserver.be\/online\/spaans\/sp01\/sp01_023_0v02\/html\/\">Hacer una cita<\/a><\/li>\n<li><a href=\"http:\/\/bisserver.be\/online\/spaans\/sp01\/sp01_024_0v01\/html\/\">Cambiar una cita <\/a><\/li>\n<li><a href=\"http:\/\/bisserver.be\/online\/spaans\/sp01\/sp01_041_0v01\/html\/\">Entender el camino<\/a><\/li>\n<li><a href=\"http:\/\/bisserver.be\/online\/spaans\/sp01\/sp01_042_0v01\/html\/\">Explicar el camino<\/a><\/li>\n<li><a href=\"http:\/\/bisserver.be\/online\/spaans\/sp01\/sp01_046_0v03\/html\/\">Explicar c\u00f3mo est\u00e1s<\/a><\/li>\n<li><a href=\"http:\/\/bisserver.be\/online\/spaans\/sp01\/sp01_047_0v01\/html\/\">Problemas de salud<\/a><\/li>\n<li><a href=\"http:\/\/bisserver.be\/online\/spaans\/sp01\/sp01_048_0v02\/html\/\">En el m\u00e9dico<\/a><\/li>\n<li><a href=\"http:\/\/bisserver.be\/online\/spaans\/sp01\/sp01_049_0v02\/html\/\">En la farmacia<\/a><\/li>\n<li><a href=\"http:\/\/bisserver.be\/online\/spaans\/sp01\/sp01_050_0v01\/html\/\">El sistema sanitario espa\u00f1ol<\/a> (CL)<\/li>\n<li><a href=\"http:\/\/bisserver.be\/online\/spaans\/sp01\/sp01_056_0v03\/html\/\">Actividades cotidianas<\/a><\/li>\n<li><a href=\"http:\/\/bisserver.be\/online\/spaans\/sp01\/sp01_057_0v02\/html\/\">Mi rutina diaria<\/a><\/li>\n<li><a href=\"http:\/\/bisserver.be\/online\/spaans\/sp01\/sp01_058_0v02\/html\/\">Un d\u00eda de trabajo en Espa\u00f1a<\/a><\/li>\n<li>BIS nivel 2 (RG1.2, A2)<\/li>\n<li><a href=\"https:\/\/www.klascement.net\/site\/visit_url.php?url_id=14631\">36 La siesta y los horarios (CL)<\/a><\/li>\n<li><a href=\"https:\/\/www.klascement.net\/site\/visit_url.php?url_id=14635\">40 Recuerdos t\u00edpicos de Espa\u00f1a (CL)<\/a><\/li>\n<li><a href=\"https:\/\/www.klascement.net\/site\/visit_url.php?url_id=14644\">49 Servicios m\u00e9dicos (CL)<\/a><\/li>\n<li><a href=\"https:\/\/www.klascement.net\/site\/visit_url.php?url_id=14652\">57 La vivienda en Espa\u00f1a (CL)<\/a><\/li>\n<li><a href=\"https:\/\/www.klascement.net\/site\/visit_url.php?url_id=14661\">66 El tren en Espa\u00f1a (CL)<\/a><\/li>\n<li>BIS nivel 4 (RG2.2, B1)<\/li>\n<li><a href=\"https:\/\/www.klascement.net\/bis\/computeractiviteit\/9340\/vamos-a-la-farmacia\/?previous\">Vamos a la farmacia<\/a><\/li>\n<li><a href=\"https:\/\/www.klascement.net\/bis\/computeractiviteit\/9341\/consejos-del-farmaceutico\/?previous\">Consejos del farmac\u00e9utico<\/a><\/li>\n<li><a href=\"https:\/\/www.klascement.net\/bis\/computeractiviteit\/9342\/etiquetas-y-prospectos-de-medicamentos\/?previous\">Etiquetas y prospectos de medicamentos<\/a><\/li>\n<li><a href=\"https:\/\/www.klascement.net\/bis\/computeractiviteit\/9343\/la-farmacia-en-espana\/?previous\">La farmacia en Espa\u00f1a<\/a><\/li>\n<li><a href=\"https:\/\/www.klascement.net\/bis\/computeractiviteit\/9344\/cita-con-el-dentista\/?previous\">Cita con el dentista<\/a><\/li>\n<li><a href=\"https:\/\/www.klascement.net\/bis\/computeractiviteit\/9345\/en-el-dentista\/?previous\">En el dentista<\/a><\/li>\n<li><a href=\"https:\/\/www.klascement.net\/bis\/computeractiviteit\/9346\/cuidado-dental\/?previous\">Cuidado dental<\/a><\/li>\n<li><a href=\"https:\/\/www.klascement.net\/bis\/computeractiviteit\/9347\/lo-que-me-paso-en-el-dentista\/?previous\">Lo que me pas\u00f3 en el dentista<\/a><\/li>\n<li><a href=\"https:\/\/www.klascement.net\/bis\/computeractiviteit\/9348\/dientes-muelas-y-dentistas\/?previous\">Dientes, muelas y dentistas<\/a><\/li>\n<li><a href=\"https:\/\/www.klascement.net\/bis\/computeractiviteit\/9349\/esta-muy-grave\/?previous\">Est\u00e1 muy grave<\/a><\/li>\n<li><a href=\"https:\/\/www.klascement.net\/bis\/computeractiviteit\/9350\/animo\/?previous\">\u00a1\u00c1nimo!<\/a><\/li>\n<li><a href=\"https:\/\/www.klascement.net\/bis\/computeractiviteit\/9351\/el-sida\/?previous\">El SIDA<\/a><\/li>\n<li><a href=\"https:\/\/www.klascement.net\/bis\/computeractiviteit\/9352\/dar-el-pesame\/?previous\">Dar el p\u00e9same<\/a><\/li>\n<li><a href=\"https:\/\/www.klascement.net\/bis\/computeractiviteit\/9353\/los-espanoles-y-la-salud\/?previous\">Los espa\u00f1oles y la salud<\/a><\/li>\n<li>BIS nivel 7 (RG3.1, B2)<\/li>\n<li><a href=\"https:\/\/www.klascement.net\/bis\/computeractiviteit\/17169\/el-problema-de-las-drogas\/?previous\">El problema de las drogas<\/a><\/li>\n<li><a href=\"https:\/\/www.klascement.net\/bis\/computeractiviteit\/17170\/diferentes-tipos-de-drogas\/?previous\">Diferentes tipos de drogas<\/a><\/li>\n<li><a href=\"https:\/\/www.klascement.net\/bis\/computeractiviteit\/17171\/campanas-de-prevencion\/?previous\">Campa\u00f1as de prevenci\u00f3n<\/a><\/li>\n<li><a href=\"https:\/\/www.klascement.net\/bis\/computeractiviteit\/17172\/drogodependencia\/?previous\">Drogodependencia<\/a><\/li>\n<li><a href=\"https:\/\/www.klascement.net\/bis\/computeractiviteit\/17173\/invitacion-para-un-coloquio\/?previous\">Invitaci\u00f3n para un coloquio<\/a><\/li>\n<li><a href=\"https:\/\/www.klascement.net\/bis\/computeractiviteit\/17174\/una-presentacion-sobre-drogas\/?previous\">Una presentaci\u00f3n sobre drogas<\/a><\/li>\n<\/ul>\n","protected":false},"excerpt":{"rendered":"<p>BIS nivel 1 (RG1.1, A1) Saludar y dar el nombre Preguntar por una persona Rellenar una ficha de inscripci\u00f3n Presentarte brevemente Presentar a una persona La lista de bebidas Hacer una cita Cambiar una cita Entender el camino Explicar el camino Explicar c\u00f3mo est\u00e1s Problemas de salud En el m\u00e9dico<\/p>\n","protected":false},"author":1,"featured_media":0,"parent":0,"menu_order":0,"comment_status":"closed","ping_status":"closed","template":"","meta":{"footnotes":"","_wp_rev_ctl_limit":""},"class_list":["post-549","page","type-page","status-publish","hentry"],"publishpress_future_action":{"enabled":false,"date":"2026-05-02 20:29:41","action":"Draft","newStatus":"draft","terms":[],"taxonomy":"","extraData":[]},"publishpress_future_workflow_manual_trigger":{"enabledWorkflows":[]},"_links":{"self":[{"href":"https:\/\/hlrnet.com\/sites\/sp\/wp-json\/wp\/v2\/pages\/549","targetHints":{"allow":["GET"]}}],"collection":[{"href":"https:\/\/hlrnet.com\/sites\/sp\/wp-json\/wp\/v2\/pages"}],"about":[{"href":"https:\/\/hlrnet.com\/sites\/sp\/wp-json\/wp\/v2\/types\/page"}],"author":[{"embeddable":true,"href":"https:\/\/hlrnet.com\/sites\/sp\/wp-json\/wp\/v2\/users\/1"}],"replies":[{"embeddable":true,"href":"https:\/\/hlrnet.com\/sites\/sp\/wp-json\/wp\/v2\/comments?post=549"}],"version-history":[{"count":1,"href":"https:\/\/hlrnet.com\/sites\/sp\/wp-json\/wp\/v2\/pages\/549\/revisions"}],"predecessor-version":[{"id":550,"href":"https:\/\/hlrnet.com\/sites\/sp\/wp-json\/wp\/v2\/pages\/549\/revisions\/550"}],"wp:attachment":[{"href":"https:\/\/hlrnet.com\/sites\/sp\/wp-json\/wp\/v2\/media?parent=549"}],"curies":[{"name":"wp","href":"https:\/\/api.w.org\/{rel}","templated":true}]}}