{"id":279,"date":"2018-03-01T09:01:34","date_gmt":"2018-03-01T09:01:34","guid":{"rendered":"http:\/\/hlrnet.com\/sites\/sp\/?page_id=279"},"modified":"2019-02-14T07:52:12","modified_gmt":"2019-02-14T07:52:12","slug":"videos-para-principiantes","status":"publish","type":"page","link":"https:\/\/hlrnet.com\/sites\/sp\/videos-para-principiantes\/","title":{"rendered":"Videos para principiantes"},"content":{"rendered":"<p>Nuevo espa\u00f1ol en marcha A1<br \/>\n<iframe loading=\"lazy\" width=\"900\" height=\"506\" src=\"https:\/\/www.youtube.com\/embed\/videoseries?list=PLdzqcdsXmqB_-vJVstCddcANMoZapOD0s\" frameborder=\"0\" allow=\"accelerometer; autoplay; encrypted-media; gyroscope; picture-in-picture\" allowfullscreen><\/iframe><\/p>\n<p>Nuevo espa\u00f1ol en marcha A1 (con subt\u00edtulos)<br \/>\n<iframe loading=\"lazy\" width=\"900\" height=\"506\" src=\"https:\/\/www.youtube.com\/embed\/videoseries?list=PLdzqcdsXmqB8k_tf6HgYYVbycksMN7YWg\" frameborder=\"0\" allow=\"accelerometer; autoplay; encrypted-media; gyroscope; picture-in-picture\" allowfullscreen><\/iframe><\/p>\n<p>Videoele A1<br \/>\n<iframe loading=\"lazy\" width=\"900\" height=\"675\" src=\"https:\/\/www.youtube.com\/embed\/videoseries?list=PL29747CBC28F65045\" frameborder=\"0\" allow=\"accelerometer; autoplay; encrypted-media; gyroscope; picture-in-picture\" allowfullscreen><\/iframe><\/p>\n<p>A1<br \/>\n<iframe loading=\"lazy\" width=\"900\" height=\"506\" src=\"https:\/\/www.youtube.com\/embed\/videoseries?list=PLrNnxisqPUSApwPCadqCCq5uy8SbDOwui\" frameborder=\"0\" allow=\"accelerometer; autoplay; encrypted-media; gyroscope; picture-in-picture\" allowfullscreen><\/iframe><\/p>\n<p>A2<br \/>\n<iframe loading=\"lazy\" width=\"900\" height=\"506\" src=\"https:\/\/www.youtube.com\/embed\/videoseries?list=PLrNnxisqPUSA6hBug93dXQrhGzxoqcddm\" frameborder=\"0\" allow=\"accelerometer; autoplay; encrypted-media; gyroscope; picture-in-picture\" allowfullscreen><\/iframe><\/p>\n<p>&nbsp;<\/p>\n","protected":false},"excerpt":{"rendered":"<p>Nuevo espa\u00f1ol en marcha A1 Nuevo espa\u00f1ol en marcha A1 (con subt\u00edtulos) Videoele A1 A1 A2 &nbsp;<\/p>\n","protected":false},"author":1,"featured_media":0,"parent":0,"menu_order":0,"comment_status":"closed","ping_status":"closed","template":"","meta":{"footnotes":"","_wp_rev_ctl_limit":""},"class_list":["post-279","page","type-page","status-publish","hentry"],"publishpress_future_action":{"enabled":false,"date":"2026-05-03 00:24:29","action":"Draft","newStatus":"draft","terms":[],"taxonomy":"","extraData":[]},"publishpress_future_workflow_manual_trigger":{"enabledWorkflows":[]},"_links":{"self":[{"href":"https:\/\/hlrnet.com\/sites\/sp\/wp-json\/wp\/v2\/pages\/279","targetHints":{"allow":["GET"]}}],"collection":[{"href":"https:\/\/hlrnet.com\/sites\/sp\/wp-json\/wp\/v2\/pages"}],"about":[{"href":"https:\/\/hlrnet.com\/sites\/sp\/wp-json\/wp\/v2\/types\/page"}],"author":[{"embeddable":true,"href":"https:\/\/hlrnet.com\/sites\/sp\/wp-json\/wp\/v2\/users\/1"}],"replies":[{"embeddable":true,"href":"https:\/\/hlrnet.com\/sites\/sp\/wp-json\/wp\/v2\/comments?post=279"}],"version-history":[{"count":3,"href":"https:\/\/hlrnet.com\/sites\/sp\/wp-json\/wp\/v2\/pages\/279\/revisions"}],"predecessor-version":[{"id":368,"href":"https:\/\/hlrnet.com\/sites\/sp\/wp-json\/wp\/v2\/pages\/279\/revisions\/368"}],"wp:attachment":[{"href":"https:\/\/hlrnet.com\/sites\/sp\/wp-json\/wp\/v2\/media?parent=279"}],"curies":[{"name":"wp","href":"https:\/\/api.w.org\/{rel}","templated":true}]}}