{"id":17,"date":"2012-12-22T16:46:02","date_gmt":"2012-12-22T16:46:02","guid":{"rendered":"http:\/\/hlrnet.com\/sites\/sp\/?page_id=17"},"modified":"2012-12-22T16:46:02","modified_gmt":"2012-12-22T16:46:02","slug":"presentacion","status":"publish","type":"page","link":"https:\/\/hlrnet.com\/sites\/sp\/presentacion\/","title":{"rendered":"Presentaci\u00f3n"},"content":{"rendered":"<p>Sitio con materiales para mis estudiantes que van hacer pr\u00e1cticas en un pa\u00eds hispanohablante.<\/p>\n<p>Bedoeling is om een voldoende niveau te halen om te kunnen \u201coverleven\u201d. Je vindt online cursusmateriaal, maar ook echte informatie (=in de taal zelf) en contacten met de taal (radio en TV, culturele evenementen).<\/p>\n","protected":false},"excerpt":{"rendered":"<p>Sitio con materiales para mis estudiantes que van hacer pr\u00e1cticas en un pa\u00eds hispanohablante. Bedoeling is om een voldoende niveau te halen om te kunnen \u201coverleven\u201d. Je vindt online cursusmateriaal, maar ook echte informatie (=in de taal zelf) en contacten met de taal (radio en TV, culturele evenementen).<\/p>\n","protected":false},"author":1,"featured_media":0,"parent":0,"menu_order":0,"comment_status":"closed","ping_status":"closed","template":"","meta":{"footnotes":"","_wp_rev_ctl_limit":""},"class_list":["post-17","page","type-page","status-publish","hentry"],"publishpress_future_action":{"enabled":false,"date":"2026-05-03 01:41:16","action":"Draft","newStatus":"draft","terms":[],"taxonomy":"","extraData":[]},"publishpress_future_workflow_manual_trigger":{"enabledWorkflows":[]},"_links":{"self":[{"href":"https:\/\/hlrnet.com\/sites\/sp\/wp-json\/wp\/v2\/pages\/17","targetHints":{"allow":["GET"]}}],"collection":[{"href":"https:\/\/hlrnet.com\/sites\/sp\/wp-json\/wp\/v2\/pages"}],"about":[{"href":"https:\/\/hlrnet.com\/sites\/sp\/wp-json\/wp\/v2\/types\/page"}],"author":[{"embeddable":true,"href":"https:\/\/hlrnet.com\/sites\/sp\/wp-json\/wp\/v2\/users\/1"}],"replies":[{"embeddable":true,"href":"https:\/\/hlrnet.com\/sites\/sp\/wp-json\/wp\/v2\/comments?post=17"}],"version-history":[{"count":1,"href":"https:\/\/hlrnet.com\/sites\/sp\/wp-json\/wp\/v2\/pages\/17\/revisions"}],"predecessor-version":[{"id":18,"href":"https:\/\/hlrnet.com\/sites\/sp\/wp-json\/wp\/v2\/pages\/17\/revisions\/18"}],"wp:attachment":[{"href":"https:\/\/hlrnet.com\/sites\/sp\/wp-json\/wp\/v2\/media?parent=17"}],"curies":[{"name":"wp","href":"https:\/\/api.w.org\/{rel}","templated":true}]}}