{"id":11,"date":"2012-12-22T16:44:50","date_gmt":"2012-12-22T16:44:50","guid":{"rendered":"http:\/\/hlrnet.com\/sites\/sp\/?page_id=11"},"modified":"2025-07-07T15:52:00","modified_gmt":"2025-07-07T15:52:00","slug":"ejercicios-en-linea","status":"publish","type":"page","link":"https:\/\/hlrnet.com\/sites\/sp\/ejercicios-en-linea\/","title":{"rendered":"Ejercicios en l\u00ednea"},"content":{"rendered":"<p>Ejercicios en l\u00ednea con autocorrecci\u00f3n<\/p>\n<ul>\n<li><a href=\"http:\/\/www.klascement.be\/bis\/\">BIS Online<\/a> (instrucciones y apoyo en neerland\u00e9s)<\/li>\n<li><a href=\"http:\/\/www.spaleon.com\/\">SPALEON: Spanish Learn It Online<\/a> \u2013 verb conjugation trainer<\/li>\n<li><a href=\"http:\/\/www.trentu.ca\/academic\/modernlanguages\/spanish\/masarriba\/\">M\u00e1s arriba<\/a>: Spanish language exercises<\/li>\n<li><a href=\"http:\/\/www.scribd.com\/doc\/12867113\/Como-Se-Dice-Manual-de-Espanol-Para-Inmigrantes-A1\">Espa\u00f1ol para inmigrantes A1<\/a> (sin audio)<\/li>\n<li><a href=\"http:\/\/www.hlrnet.com\/ej\/\">Taller de autonom\u00eda<\/a> (hlr \u2013 tambi\u00e9n tiene <a href=\"http:\/\/www.hlrnet.com\/sites\/taller\">interfaz con buscador<\/a>)<\/li>\n<li><a href=\"http:\/\/www.123teachme.com\/learn_spanish\/\">123TeachMe: Spanish<\/a><\/li>\n<li><a href=\"http:\/\/es.akinator.com\/\">Akinator, el genio de la web<\/a>: jugar a descubrir un personaje<\/li>\n<li><a href=\"http:\/\/www.audiria.com\/\">Audiria<\/a>: a listening based learning<\/li>\n<li><a href=\"http:\/\/www.auladiez.com\/\" target=\"_blank\" rel=\"noopener noreferrer\">AulaDiez \u2013 aprender espa\u00f1ol en l\u00ednea<\/a><\/li>\n<li><a href=\"http:\/\/www.babbel.com\/\">Babbel<\/a>: learn languages online (Spanish, French, Italian, English, German)<\/li>\n<li><a href=\"http:\/\/www.bbc.co.uk\/languages\/spanish\/\">BBC Languages: Spanish<\/a><\/li>\n<li><a href=\"http:\/\/www.klascement.be\/bis\/\">BIS Online<\/a> (BE, fuente abierta)<\/li>\n<li><a href=\"http:\/\/www.businessspanish.com\/\" target=\"_blank\" rel=\"noopener noreferrer\">Business Spanish.com<\/a><\/li>\n<li><a href=\"http:\/\/www.cela-ve.com\/moodle\/\" target=\"_blank\" rel=\"noopener noreferrer\">Cela: Spanish courses on-line, free online Spanish lessons, Cela Spanish School, Isla Margarita, Venezuela<\/a><\/li>\n<li><a href=\"http:\/\/cvc.cervantes.es\/portada.htm\" target=\"_blank\" rel=\"noopener noreferrer\">Centro Virtual Cervantes<\/a>\n<ul>\n<li><a href=\"http:\/\/ave.cervantes.es\/\">Aula Virtual<\/a><\/li>\n<\/ul>\n<\/li>\n<li><a href=\"http:\/\/www.cruzroja.es\/portal\/page?_pageid=33,80171&amp;_dad=portal30&amp;_schema=PORTAL30\" target=\"_blank\" rel=\"noopener noreferrer\">Cruz Roja: aprendiendo un idioma para trabajar<\/a><\/li>\n<li><a href=\"http:\/\/doncarlos123.tripod.com\/\" target=\"_blank\" rel=\"noopener noreferrer\">Don Carlos<\/a><\/li>\n<li><a href=\"http:\/\/www.eldigoras.com\/\" target=\"_blank\" rel=\"noopener noreferrer\">Eld\u00edgoras<\/a> (con ejercicios)<\/li>\n<li><a href=\"http:\/\/www.elenet.org\/\" target=\"_blank\" rel=\"noopener noreferrer\">ELEnet<\/a>: sitio dedicado a la ense\u00f1anza del espa\u00f1ol para extranjeros con actividades<\/li>\n<li><a href=\"http:\/\/www.espagnolfacile.com\/\">EspagnolFacile<\/a><\/li>\n<li><a href=\"http:\/\/es.wikibooks.org\/wiki\/Espa%C3%B1ol\/Como_lengua_extranjera\/Vocabulario\">El espa\u00f1ol como lengua extranjera<\/a> (Wikibooks)<\/li>\n<li><a href=\"http:\/\/eee.cervantes.es\/\" target=\"_blank\" rel=\"noopener noreferrer\">El espa\u00f1ol en Espa\u00f1a<\/a> (Instituto Cervantes): lista de cursos<\/li>\n<li><a href=\"http:\/\/eljuego.free.fr\/\" target=\"_blank\" rel=\"noopener noreferrer\">El juego<\/a><\/li>\n<li><a href=\"https:\/\/www.e-spanyol.com\/\">E-spanish<\/a><\/li>\n<li><a href=\"https:\/\/www.languagesonline.org.uk\/Hotpotatoes\/spanishindex.html\">Languages Online<\/a><\/li>\n<li><a href=\"http:\/\/www.lingolex.com\/spanish.htm\" target=\"_blank\" rel=\"noopener noreferrer\">Lingolex: Learn Spanish<\/a><\/li>\n<li><a href=\"http:\/\/www.trentu.ca\/academic\/modernlanguages\/spanish\/masarriba\/\">M\u00e1s arriba<\/a>: Spanish language exercises<\/li>\n<li><a href=\"http:\/\/www.mylanguageexchange.com\/Learn_spn\/spanish.asp\">MyLanguageExchange<\/a>: Aprender a hablar espa\u00f1ol \u2013 Intercambio de idiomas mediante correo electr\u00f3nico, charla de texto y charla de voz<\/li>\n<li><a href=\"http:\/\/www.unsfrd.org\/\">Naciones Unidas: Departamento de Espa\u00f1ol<\/a><\/li>\n<li><a href=\"http:\/\/principiantes.wordpress.com\/\">Para los principiantes<\/a> (Mar\u00eda Gonz\u00e1lez)<\/li>\n<li><a href=\"https:\/\/www.spanishboat.com\/\">Spanish Boat<\/a><\/li>\n<li><a href=\"http:\/\/www.colby.edu\/~bknelson\/SLC\">Spanish Language &amp; Culture<\/a> (Barbara Kuczun Nelson, Colby College)<\/li>\n<li><a href=\"http:\/\/www.laits.utexas.edu\/spe\/index.html\" target=\"_blank\" rel=\"noopener noreferrer\">Spanish Proficiency Exercises<\/a> (Univ. Texas)<\/li>\n<li><a href=\"http:\/\/www.studyspanish.com\/\" target=\"_blank\" rel=\"noopener noreferrer\">Study Spanish<\/a><\/li>\n<li><a href=\"http:\/\/www.syvum.com\/squizzes\/spanish\/learn\/\" target=\"_blank\" rel=\"noopener noreferrer\">Syvum<\/a><\/li>\n<li><a href=\"http:\/\/www.teleac.nl\/spaans\/index.jsp\" target=\"_blank\" rel=\"noopener noreferrer\">Teleac: Spaans<\/a> \u2013 <a href=\"http:\/\/www.teleac.nl\/cursusspaans\/\">Cursus Spaans<\/a>\u00a0(NL)<\/li>\n<li><a href=\"http:\/\/www.ver-taal.com\/\" target=\"_blank\" rel=\"noopener noreferrer\">Ver-taal<\/a>: ejercicios de espa\u00f1ol para extranjeros \u2013 vocabulario, gram\u00e1tica, ejercicios de escucha<\/li>\n<li><a href=\"http:\/\/rea.ccdmd.qc.ca\/ri\/aztecas\/\" target=\"_blank\" rel=\"noopener noreferrer\">Viaje al pasado: los aztecas<\/a> (los tiempos del pasado)<\/li>\n<li><a href=\"http:\/\/es.wikibooks.org\/wiki\/Espa%C3%B1ol\/Como_lengua_extranjera\">Wikibooks: espa\u00f1ol lengua extranjera<\/a><\/li>\n<li><a href=\"http:\/\/en.wikibooks.org\/wiki\/Spanish\/Lesson_1\">Wikibooks: Spanish<\/a><\/li>\n<li>Conjugaciones\n<ul>\n<li><a href=\"http:\/\/conjuguemos.com\/\" target=\"_blank\" rel=\"noopener noreferrer\">Conjuguemos<\/a><\/li>\n<li><a href=\"http:\/\/www.esfacil.eu\/\" target=\"_blank\" rel=\"noopener noreferrer\">Es f\u00e1cil (Markuz)<\/a><\/li>\n<li><a href=\"http:\/\/www.spaleon.com\/\" target=\"_blank\" rel=\"noopener noreferrer\">Spaleon<\/a> (en l\u00ednea)<\/li>\n<li><a href=\"http:\/\/www.verbix.com\/\" target=\"_blank\" rel=\"noopener noreferrer\">Verbix<\/a> (conjugador sin ejercicios; a bajar y a instalar)<\/li>\n<\/ul>\n<\/li>\n<li>Gram\u00e1tica\n<ul>\n<li><a href=\"http:\/\/www.spaleon.com\/\">SPALEON: Spanish Learn It Online<\/a> \u2013 verb conjugation trainer<\/li>\n<li><a href=\"http:\/\/www.ver-taal.com\/\" target=\"_blank\" rel=\"noopener noreferrer\">Ver-taal<\/a>: ejercicios de espa\u00f1ol para extranjeros \u2013 vocabulario, gram\u00e1tica, ejercicios de escucha<\/li>\n<\/ul>\n<\/li>\n<li>Varios\n<ul>\n<li><a href=\"http:\/\/www.espanolsinfronteras.com\/\">Espa\u00f1ol sin fronteras<\/a>: lengua, historia, poes\u00eda, cocina, \u2026<\/li>\n<\/ul>\n<\/li>\n<\/ul>\n<div id=\"simple-translate\" class=\"simple-translate-system-theme\">\n<div>\n<div class=\"simple-translate-button isShow\" style=\"background-image: url('moz-extension:\/\/37e44441-594c-4b50-b456-e2df16779982\/icons\/512.png'); height: 22px; width: 22px; top: 867px; left: 49px;\"><\/div>\n<div class=\"simple-translate-panel \" style=\"width: 300px; height: 200px; top: 0px; left: 0px; font-size: 13px;\">\n<div class=\"simple-translate-result-wrapper\" style=\"overflow: hidden;\">\n<div class=\"simple-translate-move\" draggable=\"true\"><\/div>\n<div class=\"simple-translate-result-contents\">\n<p class=\"simple-translate-result\" dir=\"auto\">\n<p class=\"simple-translate-candidate\" dir=\"auto\">\n<\/div>\n<\/div>\n<\/div>\n<\/div>\n<\/div>\n","protected":false},"excerpt":{"rendered":"<p>Ejercicios en l\u00ednea con autocorrecci\u00f3n BIS Online (instrucciones y apoyo en neerland\u00e9s) SPALEON: Spanish Learn It Online \u2013 verb conjugation trainer M\u00e1s arriba: Spanish language exercises Espa\u00f1ol para inmigrantes A1 (sin audio) Taller de autonom\u00eda (hlr \u2013 tambi\u00e9n tiene interfaz con buscador) 123TeachMe: Spanish Akinator, el genio de la web:<\/p>\n","protected":false},"author":1,"featured_media":0,"parent":0,"menu_order":0,"comment_status":"closed","ping_status":"closed","template":"","meta":{"footnotes":"","_wp_rev_ctl_limit":""},"class_list":["post-11","page","type-page","status-publish","hentry"],"publishpress_future_action":{"enabled":false,"date":"2026-05-02 19:54:07","action":"Draft","newStatus":"draft","terms":[],"taxonomy":"","extraData":[]},"publishpress_future_workflow_manual_trigger":{"enabledWorkflows":[]},"_links":{"self":[{"href":"https:\/\/hlrnet.com\/sites\/sp\/wp-json\/wp\/v2\/pages\/11","targetHints":{"allow":["GET"]}}],"collection":[{"href":"https:\/\/hlrnet.com\/sites\/sp\/wp-json\/wp\/v2\/pages"}],"about":[{"href":"https:\/\/hlrnet.com\/sites\/sp\/wp-json\/wp\/v2\/types\/page"}],"author":[{"embeddable":true,"href":"https:\/\/hlrnet.com\/sites\/sp\/wp-json\/wp\/v2\/users\/1"}],"replies":[{"embeddable":true,"href":"https:\/\/hlrnet.com\/sites\/sp\/wp-json\/wp\/v2\/comments?post=11"}],"version-history":[{"count":67,"href":"https:\/\/hlrnet.com\/sites\/sp\/wp-json\/wp\/v2\/pages\/11\/revisions"}],"predecessor-version":[{"id":847,"href":"https:\/\/hlrnet.com\/sites\/sp\/wp-json\/wp\/v2\/pages\/11\/revisions\/847"}],"wp:attachment":[{"href":"https:\/\/hlrnet.com\/sites\/sp\/wp-json\/wp\/v2\/media?parent=11"}],"curies":[{"name":"wp","href":"https:\/\/api.w.org\/{rel}","templated":true}]}}