{"id":8523,"date":"2018-06-16T21:30:07","date_gmt":"2018-06-16T21:30:07","guid":{"rendered":"http:\/\/hlrnet.com\/sites\/gzorg\/?page_id=8523"},"modified":"2023-03-09T14:29:12","modified_gmt":"2023-03-09T14:29:12","slug":"pijn","status":"publish","type":"page","link":"https:\/\/hlrnet.com\/sites\/gzorg\/pijn\/","title":{"rendered":"Pijn"},"content":{"rendered":"<p>Informatie<\/p>\n<ul>\n<li><a href=\"https:\/\/www.dolor.com\/\">Dolor.com<\/a><\/li>\n<li><a href=\"http:\/\/www.pijn.nl\/\">Pijn.nl<\/a><\/li>\n<li><a href=\"https:\/\/www.pijnsamen.nl\/\">Pijn samen<\/a><\/li>\n<\/ul>\n<p>Verenigingen<\/p>\n<ul>\n<li><a href=\"https:\/\/painmed.org\/american-pain-society\/\">American pain society<\/a><\/li>\n<li><a href=\"http:\/\/www.belgianpainsociety.org\/\">Belgian pain society<\/a><\/li>\n<li><a href=\"https:\/\/www.britishpainsociety.org\/\">British pain society<\/a><\/li>\n<li><a href=\"http:\/\/www.dutchpainsociety.nl\/\">Dutch pain society<\/a><\/li>\n<li><a href=\"http:\/\/www.iasp-pain.org\/\">International association for the study of pain<\/a><\/li>\n<li><a href=\"http:\/\/qprn.ca\/fr\">R\u00e9seau qu\u00e9b\u00e9cois de recherche sur la douleur<\/a>: Innovation, recherche et formation en douleur chronique<\/li>\n<\/ul>\n<p>Verenigingen van en voor pati\u00ebnten<\/p>\n<ul>\n<li><a href=\"https:\/\/www.acpanow.com\/\">American chronic pain association<\/a><\/li>\n<li><a href=\"https:\/\/www.effenweg.be\/\">Effen weg &#8211; Vlaamse pijn liga<\/a><\/li>\n<li><a href=\"https:\/\/www.demaretak.org\/\">De maretak: voor mensen met chronische pijn<\/a><\/li>\n<li><a href=\"http:\/\/www.painassociation.com\/\">Pain association Scotland<\/a><\/li>\n<li><a href=\"http:\/\/tlichtpuntje.be\/\">&#8217;t Lichtpuntje: chronische pijn vereniging<\/a><\/li>\n<\/ul>\n<p>Tijdschriften<\/p>\n<ul>\n<li><a href=\"https:\/\/journals.sagepub.com\/home\/bjp\">British journal of pain<\/a><\/li>\n<li><a href=\"https:\/\/link.springer.com\/journal\/11724\">Douleur et analg\u00e9sie<\/a><\/li>\n<li><a href=\"https:\/\/www.journals.elsevier.com\/douleurs\">Douleurs: \u00c9valuation &#8211; Diagnostic &#8211; Traitement<\/a><\/li>\n<li><a href=\"https:\/\/onlinelibrary.wiley.com\/journal\/15322149\">European journal of pain<\/a><\/li>\n<li><a href=\"https:\/\/www.jpain.org\/\">The journal of pain<\/a><\/li>\n<li><a href=\"https:\/\/journals.lww.com\/pain\/pages\/default.aspx\">Pain (LWW)<\/a><\/li>\n<li><a href=\"https:\/\/www.sciencedirect.com\/journal\/pain\">Pain (Sciencedirect)<\/a><\/li>\n<\/ul>\n<p>Bedrijven<\/p>\n<ul>\n<li><a href=\"http:\/\/www.change-pain.org\/\">Change Pain<\/a><\/li>\n<li><a href=\"https:\/\/paincarelabs.com\/\">Pain Care Labs<\/a>\n<ul>\n<li><a href=\"https:\/\/paincarelabs.com\/pages\/buzzy\">Buzzy<\/a><\/li>\n<\/ul>\n<\/li>\n<li><a href=\"https:\/\/www.samana.be\/\">Samana<\/a><\/li>\n<\/ul>\n<p>&nbsp;<\/p>\n","protected":false},"excerpt":{"rendered":"<p>Informatie <a href=\"http:\/\/Dolor.com\" class=\"autohyperlink\">Dolor.com<\/a> Pijn.nl Pijn samen Verenigingen American pain society Belgian pain society British pain society Dutch pain society International association for the study of pain R\u00e9seau qu\u00e9b\u00e9cois de recherche sur la douleur: Innovation, recherche et formation en douleur chronique Verenigingen van en voor pati\u00ebnten American chronic pain association Effen weg<\/p>\n","protected":false},"author":1,"featured_media":0,"parent":0,"menu_order":0,"comment_status":"closed","ping_status":"closed","template":"","meta":{"footnotes":"","_wp_rev_ctl_limit":""},"class_list":["post-8523","page","type-page","status-publish","hentry"],"publishpress_future_action":{"enabled":false,"date":"2026-05-02 15:40:38","action":"delete","newStatus":"draft","terms":[],"taxonomy":"","extraData":[]},"publishpress_future_workflow_manual_trigger":{"enabledWorkflows":[]},"_links":{"self":[{"href":"https:\/\/hlrnet.com\/sites\/gzorg\/wp-json\/wp\/v2\/pages\/8523","targetHints":{"allow":["GET"]}}],"collection":[{"href":"https:\/\/hlrnet.com\/sites\/gzorg\/wp-json\/wp\/v2\/pages"}],"about":[{"href":"https:\/\/hlrnet.com\/sites\/gzorg\/wp-json\/wp\/v2\/types\/page"}],"author":[{"embeddable":true,"href":"https:\/\/hlrnet.com\/sites\/gzorg\/wp-json\/wp\/v2\/users\/1"}],"replies":[{"embeddable":true,"href":"https:\/\/hlrnet.com\/sites\/gzorg\/wp-json\/wp\/v2\/comments?post=8523"}],"version-history":[{"count":0,"href":"https:\/\/hlrnet.com\/sites\/gzorg\/wp-json\/wp\/v2\/pages\/8523\/revisions"}],"wp:attachment":[{"href":"https:\/\/hlrnet.com\/sites\/gzorg\/wp-json\/wp\/v2\/media?parent=8523"}],"curies":[{"name":"wp","href":"https:\/\/api.w.org\/{rel}","templated":true}]}}