{"id":8098,"date":"2018-04-09T19:27:09","date_gmt":"2018-04-09T19:27:09","guid":{"rendered":"http:\/\/hlrnet.com\/sites\/gzorg\/?page_id=8098"},"modified":"2023-12-29T13:44:32","modified_gmt":"2023-12-29T13:44:32","slug":"orthopedie","status":"publish","type":"page","link":"https:\/\/hlrnet.com\/sites\/gzorg\/orthopedie\/","title":{"rendered":"Orthopedie"},"content":{"rendered":"<ul>\n<li>Informatie\n<ul>\n<li><a href=\"http:\/\/orthopedics.about.com\/\" target=\"_blank\" rel=\"noopener noreferrer\">About.com Orthopedic Medicine<\/a><\/li>\n<li><a href=\"http:\/\/www.eorthopod.com\/\">eOrthoped<\/a><\/li>\n<li><a href=\"http:\/\/orthoinfo.aaos.org\/\">Orthoinfo<\/a><\/li>\n<li><a href=\"http:\/\/www.scoi.com\/\" target=\"_blank\" rel=\"noopener noreferrer\">Southern California Orthopedic Institute<\/a><\/li>\n<\/ul>\n<\/li>\n<li>Tijdschriften\n<ul>\n<li><a href=\"http:\/\/www.actaorthopaedica.be\">Acta orthopaedica Belgica<\/a><\/li>\n<li><a href=\"http:\/\/www.chirurgie.com\/\" target=\"_blank\" rel=\"noopener noreferrer\">Annuaire de la chirurgie orthop\u00e9dique fran\u00e7aise<\/a><\/li>\n<li><a href=\"http:\/\/www.ejbjs.org\/\">Journal of Bone and Joint Surgery<\/a><\/li>\n<li><a href=\"http:\/\/www.jhandsurg.org\/\">Journal of Hand Surgery<\/a><\/li>\n<li><a href=\"http:\/\/www.springerlink.com\/content\/105866\/\" target=\"_blank\" rel=\"noopener noreferrer\">Journal of Orthopaedics and Traumatology<\/a><\/li>\n<\/ul>\n<\/li>\n<li>Beroepsverenigingen\n<ul>\n<li><a href=\"http:\/\/www.sportsmed.org\/\">American Orthopaedic Society for Sports Medicine (AOSSM)<\/a><\/li>\n<li><a href=\"http:\/\/www.aoa.org.au\/\">Australian Othopaedic Association<\/a><\/li>\n<li><a href=\"https:\/\/www.baskonline.com\/\">British Association for\u00a0Surgery of the Knee<\/a><\/li>\n<li><a href=\"http:\/\/www.prmbelgium.org\/\">Koninklijke Belgische Vereniding voor fysieke geneeskunde en revalidatie &#8211; Soci\u00e9t\u00e9 Royale Belge de m\u00e9decine physique et de r\u00e9adaptation<\/a><\/li>\n<\/ul>\n<\/li>\n<li>Aandoeningen\n<ul>\n<li><a href=\"http:\/\/www.oif.org\">Osteogenesis Imperfecta Foundation<\/a><\/li>\n<\/ul>\n<\/li>\n<li>Bedrijven\n<ul>\n<li><a href=\"http:\/\/www.axya.com\/\">AXYA<\/a><\/li>\n<li><a href=\"http:\/\/www.fhorthopedics.fr\/\">FH Orthopedics<\/a> (FR)<\/li>\n<li><a href=\"https:\/\/www.kamerorthopedie.nl\/\">Kamer<\/a><\/li>\n<li><a href=\"http:\/\/www.orthomatton.be\/\">Matton<\/a><\/li>\n<li><a href=\"https:\/\/www.ovh-orthopedie.be\/\">OVH<\/a> (BE)<\/li>\n<li><a href=\"https:\/\/www.podobrace.be\/\">Podobrace<\/a><\/li>\n<li><a href=\"https:\/\/summit-benelux.com\/\">Summit Benelux<\/a><\/li>\n<li><a href=\"http:\/\/www.vigogroup.eu\/\">Vigo<\/a><\/li>\n<\/ul>\n<\/li>\n<\/ul>\n<span class=\"last-modified-timestamp\">dec 29, 2023 @ 1:44 pm<\/span>\n","protected":false},"excerpt":{"rendered":"<p>Informatie <a href=\"http:\/\/About.com\" class=\"autohyperlink\">About.com<\/a> Orthopedic Medicine eOrthoped Orthoinfo Southern California Orthopedic Institute Tijdschriften Acta orthopaedica Belgica Annuaire de la chirurgie orthop\u00e9dique fran\u00e7aise Journal of Bone and Joint Surgery Journal of Hand Surgery Journal of Orthopaedics and Traumatology Beroepsverenigingen American Orthopaedic Society for Sports Medicine (AOSSM) Australian Othopaedic Association British Association for\u00a0Surgery of<\/p>\n","protected":false},"author":1,"featured_media":0,"parent":0,"menu_order":0,"comment_status":"closed","ping_status":"closed","template":"","meta":{"footnotes":"","_wp_rev_ctl_limit":""},"class_list":["post-8098","page","type-page","status-publish","hentry"],"publishpress_future_action":{"enabled":false,"date":"2026-04-30 16:37:01","action":"delete","newStatus":"draft","terms":[],"taxonomy":"","extraData":[]},"publishpress_future_workflow_manual_trigger":{"enabledWorkflows":[]},"_links":{"self":[{"href":"https:\/\/hlrnet.com\/sites\/gzorg\/wp-json\/wp\/v2\/pages\/8098","targetHints":{"allow":["GET"]}}],"collection":[{"href":"https:\/\/hlrnet.com\/sites\/gzorg\/wp-json\/wp\/v2\/pages"}],"about":[{"href":"https:\/\/hlrnet.com\/sites\/gzorg\/wp-json\/wp\/v2\/types\/page"}],"author":[{"embeddable":true,"href":"https:\/\/hlrnet.com\/sites\/gzorg\/wp-json\/wp\/v2\/users\/1"}],"replies":[{"embeddable":true,"href":"https:\/\/hlrnet.com\/sites\/gzorg\/wp-json\/wp\/v2\/comments?post=8098"}],"version-history":[{"count":0,"href":"https:\/\/hlrnet.com\/sites\/gzorg\/wp-json\/wp\/v2\/pages\/8098\/revisions"}],"wp:attachment":[{"href":"https:\/\/hlrnet.com\/sites\/gzorg\/wp-json\/wp\/v2\/media?parent=8098"}],"curies":[{"name":"wp","href":"https:\/\/api.w.org\/{rel}","templated":true}]}}