{"id":8096,"date":"2018-04-09T19:23:27","date_gmt":"2018-04-09T19:23:27","guid":{"rendered":"http:\/\/hlrnet.com\/sites\/gzorg\/?page_id=8096"},"modified":"2024-01-07T09:16:02","modified_gmt":"2024-01-07T09:16:02","slug":"oto-rino-laringologie-orl","status":"publish","type":"page","link":"https:\/\/hlrnet.com\/sites\/gzorg\/oto-rino-laringologie-orl\/","title":{"rendered":"Oto-, rino-, laringologie (ORL)"},"content":{"rendered":"<ul>\n<li><a href=\"https:\/\/www.annals.com\/\" target=\"_blank\" rel=\"noopener\">Annals of Otology, Rhinology and Laringology<\/a><\/li>\n<li><a href=\"http:\/\/www.orlquebec.org\/\" target=\"_blank\" rel=\"noopener\">Association d&#8217;oto-rhino-laryngologie et de chirurgie cervico-faciale du Qu\u00e9bec<\/a><\/li>\n<li><a href=\"http:\/\/www.aro.org\/\" target=\"_blank\" rel=\"noopener\">Association for Research in Otolaryngology<\/a><\/li>\n<li><a href=\"http:\/\/www.deaflibrary.org\/\" target=\"_blank\" rel=\"noopener\">Deaf Library<\/a><\/li>\n<li><a href=\"http:\/\/www.hno.org\/\" target=\"_blank\" rel=\"noopener\">Deutsche Gesellschaft f\u00fcr Hals-Nasen-Ohrenheilkunde<\/a>\u00a0(DE)<\/li>\n<li><a href=\"http:\/\/www.ear-care.com\/\" target=\"_blank\" rel=\"noopener\">Ear-Care.com<\/a><\/li>\n<li><a href=\"http:\/\/www.ifosworld.org\/\" target=\"_blank\" rel=\"noopener\">International Federation of Oto-Rhino-Laryngological Societies<\/a><\/li>\n<li><a href=\"http:\/\/www.jlo.co.uk\/\" target=\"_blank\" rel=\"noopener\">Journal of Laryngology &amp; Otology (JLO)<\/a><\/li>\n<li><a href=\"https:\/\/www.orlfrance.org\/\" target=\"_blank\" rel=\"noopener\">ORL France<\/a><\/li>\n<li><a href=\"http:\/\/nantesorl.free.fr\/\" target=\"_blank\" rel=\"noopener\">ORL Nantes<\/a><\/li>\n<li><a href=\"http:\/\/www.orl.it\/\" target=\"_blank\" rel=\"noopener\">Orl.it<\/a><\/li>\n<li><a href=\"http:\/\/www.otology-neurotology.com\/\" target=\"_blank\" rel=\"noopener\">Otology &amp; Neurotology<\/a>: journal<\/li>\n<li><a href=\"http:\/\/www.otorrinoweb.com\" target=\"_blank\" rel=\"noopener\">Otorrinoweb\u00a0<\/a>(ES)<\/li>\n<li><a href=\"http:\/\/www.revue-laryngologie.com\/\" target=\"_blank\" rel=\"noopener\">Revue de Laryngologie Otologie Rhinologie (Europeen Review of ENT)<\/a><\/li>\n<li><a href=\"http:\/\/www.rhinologyjournal.com\/\" target=\"_blank\" rel=\"noopener\">Rhinology<\/a>: international journal<\/li>\n<li><a href=\"http:\/\/www.schisis.nl\/\" target=\"_blank\" rel=\"noopener\">Schisis Centrum Rotterdam<\/a><\/li>\n<li><a href=\"http:\/\/www.vestib.org\">Soci\u00e9t\u00e9 Internationale de R\u00e9habilitation Vestibulaire<\/a><\/li>\n<\/ul>\n","protected":false},"excerpt":{"rendered":"<p>Annals of Otology, Rhinology and Laringology Association d&#8217;oto-rhino-laryngologie et de chirurgie cervico-faciale du Qu\u00e9bec Association for Research in Otolaryngology Deaf Library Deutsche Gesellschaft f\u00fcr Hals-Nasen-Ohrenheilkunde\u00a0(DE) <a href=\"http:\/\/Ear-Care.com\" class=\"autohyperlink\">Ear-Care.com<\/a> International Federation of Oto-Rhino-Laryngological Societies Journal of Laryngology &amp; Otology (JLO) ORL France ORL Nantes Orl.it Otology &amp; Neurotology: journal Otorrinoweb\u00a0(ES) Revue de Laryngologie<\/p>\n","protected":false},"author":1,"featured_media":0,"parent":0,"menu_order":0,"comment_status":"closed","ping_status":"closed","template":"","meta":{"footnotes":"","_wp_rev_ctl_limit":""},"class_list":["post-8096","page","type-page","status-publish","hentry"],"publishpress_future_action":{"enabled":false,"date":"2026-04-30 16:43:29","action":"delete","newStatus":"draft","terms":[],"taxonomy":"","extraData":[]},"publishpress_future_workflow_manual_trigger":{"enabledWorkflows":[]},"_links":{"self":[{"href":"https:\/\/hlrnet.com\/sites\/gzorg\/wp-json\/wp\/v2\/pages\/8096","targetHints":{"allow":["GET"]}}],"collection":[{"href":"https:\/\/hlrnet.com\/sites\/gzorg\/wp-json\/wp\/v2\/pages"}],"about":[{"href":"https:\/\/hlrnet.com\/sites\/gzorg\/wp-json\/wp\/v2\/types\/page"}],"author":[{"embeddable":true,"href":"https:\/\/hlrnet.com\/sites\/gzorg\/wp-json\/wp\/v2\/users\/1"}],"replies":[{"embeddable":true,"href":"https:\/\/hlrnet.com\/sites\/gzorg\/wp-json\/wp\/v2\/comments?post=8096"}],"version-history":[{"count":0,"href":"https:\/\/hlrnet.com\/sites\/gzorg\/wp-json\/wp\/v2\/pages\/8096\/revisions"}],"wp:attachment":[{"href":"https:\/\/hlrnet.com\/sites\/gzorg\/wp-json\/wp\/v2\/media?parent=8096"}],"curies":[{"name":"wp","href":"https:\/\/api.w.org\/{rel}","templated":true}]}}