{"id":8092,"date":"2018-04-09T19:15:52","date_gmt":"2018-04-09T19:15:52","guid":{"rendered":"http:\/\/hlrnet.com\/sites\/gzorg\/?page_id=8092"},"modified":"2024-10-26T18:36:33","modified_gmt":"2024-10-26T18:36:33","slug":"oftalmologie","status":"publish","type":"page","link":"https:\/\/hlrnet.com\/sites\/gzorg\/oftalmologie\/","title":{"rendered":"Oftalmologie"},"content":{"rendered":"<ul>\n<li><a href=\"http:\/\/www.allaboutvision.com\/\" target=\"_blank\" rel=\"noopener\">All about Vision<\/a><\/li>\n<li>Assocations \/ Verenigingen\n<ul>\n<li><a href=\"http:\/\/www.aao.org\/\">American Academy of Ophtalmology<\/a><\/li>\n<li><a href=\"http:\/\/www.asorn.org\/\">American Association for Pediatric Ophthalmology and Strabismus<\/a><\/li>\n<li><a href=\"http:\/\/www.ophtalmologiste.com\/\" target=\"_blank\" rel=\"noopener\">Annuaire des ophtalmologistes fran\u00e7ais<\/a>\u00a0(FR)<\/li>\n<li><a href=\"http:\/\/www.armd-france.org\">ARMD- Association de R\u00e9tine M\u00e9diterran\u00e9enne <\/a><\/li>\n<li><a href=\"https:\/\/www.bopss.co.uk\/\">British Oculoplastic Surgery Society<\/a><\/li>\n<li><a href=\"http:\/\/www.dog.org\/\" target=\"_blank\" rel=\"noopener\">Deutsche Ophtalmologische Gesellschaft<\/a><\/li>\n<li><a href=\"http:\/\/soevision.org\/\">European Society of\u00a0Ophthalmology<\/a><\/li>\n<li><a href=\"http:\/\/www.esoprs.eu\/\">ESOPRS: European Society of Ophthalmic Plastic and Reconstructive Surgery<\/a><\/li>\n<li><a href=\"http:\/\/www.ooglaseradvies.org\/\">NGRC: Nederlands Gezelschap voor Refractie Chirurgie<\/a><\/li>\n<li><a href=\"http:\/\/www.oogheelkunde.org\/\">NOG: Nederlands Oogheelkundig genootschap &#8211; Oogheelkunde.org<\/a><\/li>\n<li><a href=\"http:\/\/www.snof.org\/\" target=\"_blank\" rel=\"noopener\">Ophtalmologie: Syndicat National des Ophtalmologistes de France<\/a>\u00a0(FR)<\/li>\n<li><a href=\"http:\/\/www.rcophth.ac.uk\/\">The Royal College of Ophthalmologists<\/a><\/li>\n<li><a href=\"https:\/\/www.sog-sso.ch\/\">Schweizerische Ophthalmologische Gesellschaft &#8211; Soci\u00e9t\u00e9 Suisse d\u2018Ophtalmologie\u00a0 &#8211; Societ\u00e0 Svizzera di Oftalmologia<\/a><\/li>\n<li><a href=\"http:\/\/www.oftalmo.com\/\" target=\"_blank\" rel=\"noopener\">Sociedades Oftalmol\u00f3gicas Espa\u00f1olas<\/a>\u00a0(SP)<\/li>\n<li><a href=\"http:\/\/www.smo.org.mx\/\" target=\"_blank\" rel=\"noopener\">Sociedad mexicana de oftalmolog\u00eda<\/a><\/li>\n<li><a href=\"http:\/\/www.snof.org\/\">SNOF: Syndicat National des Ophtalmologistes de France<\/a><\/li>\n<li><a href=\"http:\/\/sfretine.org\/\">Soci\u00e9t\u00e9 fran\u00e7aise de R\u00e9tine<\/a><\/li>\n<li><a href=\"https:\/\/wspos.org\/\">WSPOS \u2013 World Society of Paediatric Ophthalmology and Strabismus<\/a><\/li>\n<\/ul>\n<\/li>\n<li><a href=\"http:\/\/www.augeninfo.de\/\" target=\"_blank\" rel=\"noopener\">Augeninfo<\/a>: Berufsverband der Augen\u00e4rtze Deutschlands<\/li>\n<li><a href=\"http:\/\/chirurgie-retine.org\/\">Chirurgie de la R\u00e9tine<\/a><\/li>\n<li><a href=\"http:\/\/dro.hs.columbia.edu\/\">Digital Reference of Ophtalmology<\/a><\/li>\n<li><a href=\"http:\/\/www.evidence-based-eyecare.com\" target=\"_blank\" rel=\"noopener\">Evidence Based Eye Care<\/a><\/li>\n<li><a href=\"http:\/\/www.eyeatlas.com\">Eye Atlas<\/a><\/li>\n<li><a href=\"http:\/\/www.eyeinjury.com\/\" target=\"_blank\" rel=\"noopener\">Eye Injury<\/a><\/li>\n<li><a href=\"http:\/\/www.kellogg.umich.edu\/theeyeshaveit\/\">The Eyes Have It<\/a><\/li>\n<li><a href=\"http:\/\/www.glaucome.com\" target=\"_blank\" rel=\"noopener\">Glaucome.com<\/a><\/li>\n<li>Journals \/ Tijdschriften\n<ul>\n<li><a href=\"http:\/\/www.ajo.com\/\">American Journal of Ophthalmology<\/a><\/li>\n<li><a href=\"http:\/\/bjo.bmj.com\/\">British Journal of Ophthalmology<\/a><\/li>\n<li><a href=\"http:\/\/www.djo.harvard.edu\/\">Digital Journal of Ophthalmology<\/a><\/li>\n<li><a href=\"http:\/\/www.ijo.in\/\">Indian Journal of Ophthalmology<\/a><\/li>\n<li><a href=\"http:\/\/iovs.arvojournals.org\/\">Investigative ophtalmology &amp; visual science (IOVS)<\/a><\/li>\n<li><a href=\"http:\/\/journals.lww.com\/jneuro-ophthalmology\/\">Journal of Neuro-Ophthalmology<\/a><\/li>\n<li><a href=\"http:\/\/www.onjoph.com\/\">Online Journals of Ophtalmology<\/a><\/li>\n<li><a href=\"http:\/\/www.ophthalmologymanagement.com\/\">Ophtalmology Management<\/a><\/li>\n<li><a href=\"http:\/\/www.ophthalmologytimes.com\/\">Ophtalmology Times<\/a><\/li>\n<li><a href=\"http:\/\/www.jbhsante.com\/specialites\/ophtalmologie\/reflexions-ophtalmologiques\">R\u00e9fleXions Ophtalmologiques<\/a><\/li>\n<li><a href=\"http:\/\/www.retinalphysician.com\/\">Retinal Physician<\/a><\/li>\n<\/ul>\n<\/li>\n<li><a href=\"http:\/\/www.blindenzorglichtenliefde.be\/\" target=\"_blank\" rel=\"noopener\">Licht en liefde<\/a>\u00a0(BE)<\/li>\n<li><a href=\"http:\/\/www.oogheelkunde.org\/\" target=\"_blank\" rel=\"noopener\">Nederlands Oogheelkundig Gezelschap<\/a><\/li>\n<li><a href=\"http:\/\/www.oogartsen.nl\">Oogartsen.nl<\/a><\/li>\n<li><a href=\"http:\/\/www.oogartsencentrum.be\/\">Oogartsencentrum<\/a><\/li>\n<li><a href=\"http:\/\/www.oogartsenpraktijk.be\/\" target=\"_blank\" rel=\"noopener\">Oogartsenpraktijk<\/a> (BE)<\/li>\n<li><a href=\"http:\/\/www.ophthalmologia.be\/\">Ophtalmologia<\/a> (BE)<\/li>\n<li><a href=\"http:\/\/www.ophthalmologyweb.com\/\">Ophtalmology Web<\/a><\/li>\n<li>Software\n<ul>\n<li><a href=\"http:\/\/www.medisoft.co.uk\/\" target=\"_blank\" rel=\"noopener\">Medisoft<\/a><\/li>\n<\/ul>\n<\/li>\n<li><a href=\"http:\/\/www.visiondirect.com\/\" target=\"_blank\" rel=\"noopener\">VisionDirect<\/a><\/li>\n<\/ul>\n<span class=\"last-modified-timestamp\">okt 26, 2024 @ 6:36 pm<\/span>\n","protected":false},"excerpt":{"rendered":"<p>All about Vision Assocations \/ Verenigingen American Academy of Ophtalmology American Association for Pediatric Ophthalmology and Strabismus Annuaire des ophtalmologistes fran\u00e7ais\u00a0(FR) ARMD- Association de R\u00e9tine M\u00e9diterran\u00e9enne British Oculoplastic Surgery Society Deutsche Ophtalmologische Gesellschaft European Society of\u00a0Ophthalmology ESOPRS: European Society of Ophthalmic Plastic and Reconstructive Surgery NGRC: Nederlands Gezelschap voor Refractie<\/p>\n","protected":false},"author":1,"featured_media":0,"parent":0,"menu_order":0,"comment_status":"closed","ping_status":"closed","template":"","meta":{"footnotes":"","_wp_rev_ctl_limit":""},"class_list":["post-8092","page","type-page","status-publish","hentry"],"publishpress_future_action":{"enabled":false,"date":"2026-05-01 04:30:37","action":"delete","newStatus":"draft","terms":[],"taxonomy":"","extraData":[]},"publishpress_future_workflow_manual_trigger":{"enabledWorkflows":[]},"_links":{"self":[{"href":"https:\/\/hlrnet.com\/sites\/gzorg\/wp-json\/wp\/v2\/pages\/8092","targetHints":{"allow":["GET"]}}],"collection":[{"href":"https:\/\/hlrnet.com\/sites\/gzorg\/wp-json\/wp\/v2\/pages"}],"about":[{"href":"https:\/\/hlrnet.com\/sites\/gzorg\/wp-json\/wp\/v2\/types\/page"}],"author":[{"embeddable":true,"href":"https:\/\/hlrnet.com\/sites\/gzorg\/wp-json\/wp\/v2\/users\/1"}],"replies":[{"embeddable":true,"href":"https:\/\/hlrnet.com\/sites\/gzorg\/wp-json\/wp\/v2\/comments?post=8092"}],"version-history":[{"count":5,"href":"https:\/\/hlrnet.com\/sites\/gzorg\/wp-json\/wp\/v2\/pages\/8092\/revisions"}],"predecessor-version":[{"id":23631,"href":"https:\/\/hlrnet.com\/sites\/gzorg\/wp-json\/wp\/v2\/pages\/8092\/revisions\/23631"}],"wp:attachment":[{"href":"https:\/\/hlrnet.com\/sites\/gzorg\/wp-json\/wp\/v2\/media?parent=8092"}],"curies":[{"name":"wp","href":"https:\/\/api.w.org\/{rel}","templated":true}]}}