{"id":8072,"date":"2018-04-09T17:08:14","date_gmt":"2018-04-09T17:08:14","guid":{"rendered":"http:\/\/hlrnet.com\/sites\/gzorg\/?page_id=8072"},"modified":"2026-03-20T19:45:54","modified_gmt":"2026-03-20T19:45:54","slug":"management","status":"publish","type":"page","link":"https:\/\/hlrnet.com\/sites\/gzorg\/management\/","title":{"rendered":"Management"},"content":{"rendered":"<ul>\n<li><a href=\"http:\/\/www.ahca.com\/\">AHCA &#8211; American Health Care Appraisal<\/a><\/li>\n<li><a href=\"http:\/\/agii.be\/\">Agentschap voor integratie en inburgering<\/a><\/li>\n<li>Bedrijven\n<ul>\n<li><a href=\"http:\/\/www.medecision.com\/\">MEDecision<\/a>: medical management<\/li>\n<li><a href=\"http:\/\/info.itransport.nl\">dir\/Active<\/a><\/li>\n<\/ul>\n<\/li>\n<li>Beroepsverenigingen\n<ul>\n<li><a href=\"http:\/\/www.aaham.org\/\" target=\"_blank\" rel=\"noopener noreferrer\">AAHAM &#8211; American Association of Healthcare Administrative Management<\/a><\/li>\n<li><a href=\"http:\/\/www.actiz.nl\/\">Actiz: organisatie van zorgondernemers<\/a> (NL)<\/li>\n<li><a href=\"http:\/\/www.ache.org\/\">American Association of Healthcare Executives<\/a><\/li>\n<li><a href=\"http:\/\/www.cipiqs.org\/\">CIPIQ-S:\u00a0 Collaboration Internationale des Praticiens et Intervenants en Qualit\u00e9 (dans le domaine de la) Sant\u00e9<\/a><\/li>\n<li><a href=\"http:\/\/www.hfdv.be\/\">HFDV &#8211; Hoofden facilitaire dienst van verzoeigingsinstellingen<\/a><\/li>\n<li><a href=\"https:\/\/www.zorg.tech\/\">Zorg.tech<\/a><\/li>\n<li><a href=\"http:\/\/www.vvav.be\/\">Vlaamse Vereniging Aankoopmanagers in Verzorgingsinstellingen (VVAV)<\/a><\/li>\n<\/ul>\n<\/li>\n<li><a href=\"http:\/\/e-caremanagement.com\/\">e-CareManagement<\/a>: chronic disease management<\/li>\n<li style=\"font-weight: bold;\"><span class=\"cita\"><span style=\"font-weight: normal;\"><a href=\"http:\/\/www.cipiqs.org\/\">CIPIQ-S<\/a>: Collaboration Internationale des Praticiens et Intervenants en Qualit\u00e9 (dans le domaine de la) Sant\u00e9<\/span><br \/>\n<\/span><\/li>\n<li><a href=\"http:\/\/www.casemanagement.com\/\">CaseManagement.com<\/a><\/li>\n<li>Clinical Paths \/ Klinische Paden\n<ul>\n<li><a href=\"http:\/\/www.carepathways.com\/\" target=\"_blank\" rel=\"noopener noreferrer\">CarePathways.com<\/a><\/li>\n<li><a href=\"http:\/\/www.e-p-a.org\">E-P-A: European Pathway Association<\/a><\/li>\n<li><a href=\"http:\/\/www.nkp.be\/\" target=\"_blank\" rel=\"noopener noreferrer\">Netwerk Klinische Paden<\/a><\/li>\n<li><a href=\"http:\/\/www.zorgnet.be\/\" target=\"_blank\" rel=\"noopener noreferrer\">Zorgnet<\/a> (BE)<\/li>\n<\/ul>\n<\/li>\n<li><a href=\"http:\/\/www.ecri.org\/\" target=\"_blank\" rel=\"noopener noreferrer\">ECRI<\/a><\/li>\n<li><a href=\"https:\/\/efgcp.eu\/\">European Forum for Good Clinical Practice<\/a><\/li>\n<li><a href=\"http:\/\/www.ehma.org\/\" target=\"_blank\" rel=\"noopener noreferrer\">European Health Management Association<\/a><\/li>\n<li><a href=\"http:\/\/ec.europa.eu\/eurostat\" target=\"_blank\" rel=\"noopener noreferrer\">Eurostat: Statistical Office of the European Union<\/a><\/li>\n<li><a href=\"http:\/\/www.flanderscare.be\/\">FlandersCare: <\/a>Innoveren en onderbnemen in zorg<\/li>\n<li>Gezondheidszorganisatie (voornamelijk BE)\n<ul>\n<li>Recht\n<ul>\n<li><a href=\"http:\/\/www.const-court.be\" target=\"_blank\" rel=\"noopener noreferrer\">Arbitragehof<\/a><\/li>\n<li><a href=\"http:\/\/www.baliebrussel.be\/\" target=\"_blank\" rel=\"noopener noreferrer\">BalieBrussel<\/a><\/li>\n<li><a href=\"http:\/\/www.belgielex.be\/\" target=\"_blank\" rel=\"noopener noreferrer\">Belgielex<\/a>: Kruispuntbank van de wetgeving \/ <a href=\"http:\/\/www.belgiquelex.be\/\" target=\"_blank\" rel=\"noopener noreferrer\">Belgiquelex<\/a>: banque carrefour de la l\u00e9gislation<\/li>\n<li><a href=\"http:\/\/www.droitbelge.net\/\" target=\"_blank\" rel=\"noopener noreferrer\">DroitBelge: le portail du droit belge<\/a><\/li>\n<li><a href=\"http:\/\/www.just.fgov.be\/\" target=\"_blank\" rel=\"noopener noreferrer\">Federale Overheidsdienst Justitie<\/a><\/li>\n<li><a href=\"http:\/\/www.hrw.org\" target=\"_blank\" rel=\"noopener noreferrer\">Human Rights Watch<\/a><\/li>\n<li><a href=\"http:\/\/www.icc-cpi.int\/\" target=\"_blank\" rel=\"noopener noreferrer\">International Criminal Court<\/a> &#8211; Cour P\u00e9nale Internationale<\/li>\n<li><a href=\"http:\/\/www.icj-cij.org\/\" target=\"_blank\" rel=\"noopener noreferrer\">International Court of Justice<\/a> &#8211; Cour Internationale de Justice<\/li>\n<li><a href=\"http:\/\/www.raadvst-consetat.be\/\" target=\"_blank\" rel=\"noopener noreferrer\">Raad van State<\/a><\/li>\n<li><a href=\"http:\/\/www.rekenhof.be\/\" target=\"_blank\" rel=\"noopener noreferrer\">Rekenhof<\/a><\/li>\n<li><a href=\"http:\/\/www.senate.be\/\" target=\"_blank\" rel=\"noopener noreferrer\">Senaat<\/a><\/li>\n<li><a href=\"http:\/\/www.slachtofferhulp.nl\/\" target=\"_blank\" rel=\"noopener noreferrer\">Slachtofferhulp Nederland<\/a><\/li>\n<li><a href=\"http:\/\/www.staatsblad.be\/\" target=\"_blank\" rel=\"noopener noreferrer\">Staatsblad.be<\/a>: federale overheidsdienst Justitie<\/li>\n<li>Politie\n<ul>\n<li><a href=\"http:\/\/www.astrid.be\/\" target=\"_blank\" rel=\"noopener noreferrer\">Astrid<\/a><\/li>\n<li><a href=\"http:\/\/www.comitep.be\/\" target=\"_blank\" rel=\"noopener noreferrer\">Comit\u00e9 P<\/a><\/li>\n<li><a href=\"http:\/\/www.polfed.be\/\" target=\"_blank\" rel=\"noopener noreferrer\">Federale Politie<\/a><\/li>\n<li><a href=\"http:\/\/www.police.be\" target=\"_blank\" rel=\"noopener noreferrer\">Lokalepolitie.be<\/a><\/li>\n<\/ul>\n<\/li>\n<\/ul>\n<\/li>\n<li>Instellingen\n<ul>\n<li><a href=\"http:\/\/www.ameli.fr\/\">Ameli &#8211; L&#8217;assurance maladie en ligne<\/a> (FR)<\/li>\n<li><a href=\"https:\/\/www.departementwvg.be\/\" target=\"_blank\" rel=\"noopener noreferrer\">Departement Welzijn, Volksgezondheid en Cultuur (Vlaanderen)<\/a><\/li>\n<li><a href=\"http:\/\/www.health.fgov.be\/\" target=\"_blank\" rel=\"noopener noreferrer\">FOD Gezondheid<\/a><\/li>\n<li><a href=\"http:\/\/socialsecurity.be\/\" target=\"_blank\" rel=\"noopener noreferrer\">FOD Sociale Zekerheid<\/a><\/li>\n<li><a href=\"http:\/\/www.has-sante.fr\/\">Haute Autorit\u00e9 de Sant\u00e9<\/a> (FR)<\/li>\n<li><a href=\"http:\/\/www.infoepd.nl\/\">Informatiepunt landelijk EPD<\/a> (NL)<\/li>\n<li><a href=\"http:\/\/ksz.fgov.be\/\" target=\"_blank\" rel=\"noopener noreferrer\">Kruispuntbank van de Sociale Zekerheid<\/a> (BE)<\/li>\n<li><a href=\"http:\/\/www.minvws.nl\/\" target=\"_blank\" rel=\"noopener noreferrer\">Ministerie van Volksgezondheid, Welzijn en Sport<\/a> (NL)<\/li>\n<li><a href=\"http:\/\/www.vipa.be\">Vlaams Infrastructuurfonds voor Persoonsgebonden Aangelegenheden (VIPA)<\/a><\/li>\n<\/ul>\n<\/li>\n<li>Ziekenfondsen\n<ul>\n<li><a href=\"http:\/\/www.cm.be\/\" target=\"_blank\" rel=\"noopener noreferrer\">Christelijke mutualiteit<\/a><\/li>\n<li><a href=\"http:\/\/www.hziv.be\/\">Hulpkas voor Ziekte- en Invaliditeitsverzekering &#8211; HZIV<\/a><\/li>\n<li><a href=\"http:\/\/www.lm.be\/\" target=\"_blank\" rel=\"noopener noreferrer\">Liberale Mutualiteit<\/a><\/li>\n<li><a href=\"http:\/\/www.mloz.be\/\" target=\"_blank\" rel=\"noopener noreferrer\">Onafhankelijk Ziekenfonds<\/a><\/li>\n<li><a href=\"http:\/\/www.socmut.be\/\" target=\"_blank\" rel=\"noopener noreferrer\">Socialistische Mutualiteiten<\/a><\/li>\n<\/ul>\n<\/li>\n<li>Andere\n<ul>\n<li><a href=\"https:\/\/www.ebpnet.be\/\">ebpracticenet<\/a>: Ondersteuning voor de Belgische zorgverleners via richtlijnen en andere evidence-based informatie<\/li>\n<li><a href=\"http:\/\/rechtennieuws.nl\/gezondheidsrecht\">Rechtennieuws.nl: gezondheidsrecht<\/a><\/li>\n<li><a href=\"http:\/\/www.vakbibliotheek.nl\/frontend\/index.asp?custom_product_id=0165-0874&amp;product_id=%7B94BBFC39-B4F1-4A76-8F34-90AC325CCECD%7D\">Tijdschrift voor gezondheidsrecht<\/a><\/li>\n<\/ul>\n<\/li>\n<\/ul>\n<\/li>\n<li><a href=\"http:\/\/www.ghip.nl\" target=\"_blank\" rel=\"noopener noreferrer\">GHIP &#8211; Good Healthcare Innovation Practice<\/a> (NL)<\/li>\n<li><a href=\"https:\/\/healthmanagement.org\/\">HealthManagament.org<\/a><\/li>\n<li><a href=\"http:\/\/www.himss.org\/\" target=\"_blank\" rel=\"noopener noreferrer\">HIMSS<\/a> &#8211; Healthcare information and management systems society<\/li>\n<li><a href=\"http:\/\/www.hospitalmanagement.net\/\" target=\"_blank\" rel=\"noopener noreferrer\">HospitalManagement.net<\/a><\/li>\n<li><a href=\"http:\/\/www.hpiresults.com\/\">HPI &#8211; Healthcare Performance Improvement<\/a><\/li>\n<li><a href=\"http:\/\/www.huisvoorgezondheid.be\/\">Huis voor Gezondheid<\/a><\/li>\n<li><a href=\"http:\/\/icuro.be\/\">Icuro<\/a>: koepel van Vlaamse ziekenhuizen met publieke partners<\/li>\n<li><a href=\"https:\/\/www.ima-aim.be\/IMA-Atlas?lang=nl\"><span class=\"caps\">IMA<\/span> Atlas<\/a>: indicatoren over socio-demografische kenmerken en het gebruik van gezondheidszorgen<\/li>\n<li><a href=\"https:\/\/ihm.org.uk\/\" target=\"_blank\" rel=\"noopener noreferrer\">Institute of Healthcare Management<\/a><\/li>\n<li><a href=\"http:\/\/www.ihpm.org\/\" target=\"_blank\" rel=\"noopener noreferrer\">Institute for Health and Productivity Management<\/a><\/li>\n<li><a href=\"https:\/\/www.iqhealthcare.nl\/\">IQ Healthcare: wetenschappelijk centrum voor kwaliteit in de zorg<\/a><\/li>\n<li>Journals &#8211; tijdschriften\n<ul>\n<li><a href=\"http:\/\/www.biomedcentral.com\/bmcinthealthhumrights\/\">BMC International Health and Human Rights<\/a><\/li>\n<li><a href=\"http:\/\/www.biomedcentral.com\/bmchealthservres\/\">BMC Health Services Research<\/a><\/li>\n<li><a href=\"http:\/\/www.biomedcentral.com\/bmcpublichealth\/\">BMC Public Health<\/a><\/li>\n<li><a href=\"http:\/\/www.lippincottscasemanagement.com\">Case Management<\/a><\/li>\n<li><a href=\"http:\/\/www.resource-allocation.com\/\">Cost Effectiveness and Resource Allocation<\/a><\/li>\n<li><a href=\"http:\/\/ebn.bmj.com\/\">EBN Online (Evidence-Based Nursing)<\/a><\/li>\n<li><a href=\"http:\/\/www.hsr.org\/\" target=\"_blank\" rel=\"noopener noreferrer\">Health Services Research Center<\/a><\/li>\n<li><a href=\"http:\/\/www.human-resources-health.com\/home\/\">Human Resources for Health<\/a><\/li>\n<li><a href=\"http:\/\/intqhc.oxfordjournals.org\/\">International Journal for Quality in Health Care<\/a><\/li>\n<li><a href=\"http:\/\/www.jonajournal.com\">Journal of Nursing Administration<\/a><\/li>\n<li><a href=\"https:\/\/www.medicaleconomics.com\/\">Medical Economics<\/a><\/li>\n<li><a href=\"http:\/\/oxfordjournals.org\/\">Oxford Journals<\/a><\/li>\n<li><a href=\"http:\/\/qhc.bmj.com\/\" target=\"_blank\" rel=\"noopener noreferrer\">Quality and Safety in Health Care<\/a><\/li>\n<\/ul>\n<\/li>\n<li><a href=\"http:\/\/www.kce.fgov.be\/\" target=\"_blank\" rel=\"noopener noreferrer\">Kenniscentrum voor de gezondheidszorg<\/a><\/li>\n<li>Maatschappelijke aspecten (meer <a href=\"https:\/\/hlrnet.com\/sites\/onderwijs\/maatschappij\/\">hier<\/a>)\n<ul>\n<li><a href=\"http:\/\/www.observatbru.be\/\">Observatorium voor Gezondheid en Welzijn van Brussel-Hoofdstad<\/a><\/li>\n<\/ul>\n<\/li>\n<li><a href=\"http:\/\/www.managementsite.nl\/\" target=\"_blank\" rel=\"noopener noreferrer\">Managementsite<\/a><\/li>\n<li><a href=\"http:\/\/medimmigrant.be\/\">Medimmigrant<\/a><\/li>\n<li><a href=\"http:\/\/www.nice.org.uk\/\">National Institute for Health and Clinical Excellence<\/a>\u00a0(UK)<\/li>\n<li><a href=\"http:\/\/www.guideline.gov\/\" target=\"_blank\" rel=\"noopener noreferrer\">National Guideline Clearinghouse<\/a><\/li>\n<li><a href=\"http:\/\/www.nihcm.org\/\" target=\"_blank\" rel=\"noopener noreferrer\">NICHM\u00a0<\/a>&#8211; National Institute for Health Care Management Research and Educational Foundation<\/li>\n<li>Protocols\n<ul>\n<li><a href=\"http:\/\/www.springerlink.com\">Springerlinkl<\/a><\/li>\n<li><a href=\"http:\/\/www.rch.org.au\/clinicalguide\/\">Clinical Practice Guidelines<\/a> (Royal Children&#8217;s Hospital Melbourne)<\/li>\n<li><a href=\"http:\/\/www.infectio-lille.com\/\" target=\"_blank\" rel=\"noopener noreferrer\">F\u00e9d\u00e9ration Hospitalo Universitaire de Maladies Infectieuses et R\u00e9animation<\/a><\/li>\n<li><a href=\"http:\/\/www.guideline.gov\/\">Guideline.gov<\/a><\/li>\n<li><a href=\"http:\/\/www.guidelinesinpractice.co.uk\/\">Guidelines in practice<\/a><\/li>\n<li><a href=\"http:\/\/www.guideline.gov\/\">National Guideline Clearinghouse<\/a><\/li>\n<li><a href=\"http:\/\/www.palga.nl\">Palga<\/a><\/li>\n<li><a href=\"http:\/\/www.protocollen.net\" target=\"_blank\" rel=\"noopener noreferrer\">Protocollen.net<\/a>: training en ondersteuning bij het opstellen van protocollen<\/li>\n<li><a href=\"http:\/\/www.gdata.de\/\">Richtlijnontwikkeling<\/a> (CBO)<\/li>\n<li><a href=\"http:\/\/www.verpleegkunde.net\/\" target=\"_blank\" rel=\"noopener noreferrer\">Verpleegkunde.net<\/a>: verpleegplannen met behulp van Gordon<\/li>\n<li><a href=\"https:\/\/www.venvn.nl\/themas\/richtlijnen-en-protocollen\/databank\">V&amp;VN: databank <\/a><\/li>\n<li><a href=\"http:\/\/www.ziekenverzorgende.nl\/\" target=\"_blank\" rel=\"noopener noreferrer\">Ziekenverzorgende.nl: zorgprotocollen<\/a><\/li>\n<\/ul>\n<\/li>\n<li><a href=\"http:\/\/www.qmatic.com\/\">Qmatic<\/a>: valuing time<\/li>\n<li><a href=\"https:\/\/www.qualitynet.org\">QualityNet<\/a><\/li>\n<li><a href=\"http:\/\/www.onssrszlss.fgov.be\/\" target=\"_blank\" rel=\"noopener noreferrer\">Rijksdienst voor Sociale Zekerheid<\/a><\/li>\n<li><a href=\"http:\/\/www.riziv.fgov.be\" target=\"_blank\" rel=\"noopener noreferrer\">RIZIV<\/a><\/li>\n<li><a href=\"http:\/\/www.sign.ac.uk\/\" target=\"_blank\" rel=\"noopener noreferrer\">SIGN<\/a> &#8211; Scottish Intercollegiate Guidelines Network<\/li>\n<li><a href=\"http:\/\/statbel.fgov.be\/\" target=\"_blank\" rel=\"noopener noreferrer\">Statistics Belgium (NIS)<\/a><\/li>\n<li><a href=\"http:\/\/www.tabor.be\/\">TABOR<\/a>:\u00a0WGO-groep waardegericht ondernemen in welzijnszorg, gezondheidszorg en onderwijs<\/li>\n<li>Tools\n<ul>\n<li><a href=\"http:\/\/www.plat4mation.com\">Rooms4U<\/a><\/li>\n<\/ul>\n<\/li>\n<li><a href=\"http:\/\/www.vigil.com\/\" target=\"_blank\" rel=\"noopener noreferrer\">Vigil Health Management\u00a0<\/a>&#8211; Integrated Health Care Management System<\/li>\n<li><a href=\"http:\/\/www.vvi.be\/\">Verbond der Verzorgingsinstellingen<\/a><\/li>\n<li><a href=\"http:\/\/www.ziekenhuizentransparant.nl\/\">Ziekenhuizentransparant<\/a>: databank kwaliteit<\/li>\n<li><a href=\"http:\/\/www.zonmw.nl\/\">ZonMW<\/a>: Nederlandse organisatie voor gezondheidsonderzoek en zorginnovatie<\/li>\n<li><a href=\"https:\/\/www.zorgkaartnederland.nl\/\">Zorgkaart Nederland<\/a><\/li>\n<li><a href=\"http:\/\/www.zorgkwaliteit.be\/\">Zorgkwaliteit<\/a>: de kwaliteit van Vlaamse ziekenhuzien in kaart gebracht<\/li>\n<li><a href=\"https:\/\/zorgmagazine.be\/\">Zorgmanagement.be<\/a><\/li>\n<li><a href=\"http:\/\/www.zorgvisie.nl\/\">Zorgvisie<\/a>: site voor beleid en management (NL)<\/li>\n<li><a href=\"http:\/\/www.zorgvoorbeter.nl\/\">Zorg voor beter<\/a>: meten van indicatoren<\/li>\n<li><a href=\"https:\/\/www.zynxhealth.com\/\" target=\"_blank\" rel=\"noopener noreferrer\">Zynx<\/a> &#8211; Leader in evidence based medicine, clinical guidelines, disease management<\/li>\n<\/ul>\n<span class=\"last-modified-timestamp\">mrt 20, 2026 @ 7:45 pm<\/span>\n","protected":false},"excerpt":{"rendered":"<p>AHCA &#8211; American Health Care Appraisal Agentschap voor integratie en inburgering Bedrijven MEDecision: medical management dir\/Active Beroepsverenigingen AAHAM &#8211; American Association of Healthcare Administrative Management Actiz: organisatie van zorgondernemers (NL) American Association of Healthcare Executives CIPIQ-S:\u00a0 Collaboration Internationale des Praticiens et Intervenants en Qualit\u00e9 (dans le domaine de la) Sant\u00e9<\/p>\n","protected":false},"author":1,"featured_media":0,"parent":0,"menu_order":0,"comment_status":"closed","ping_status":"closed","template":"","meta":{"footnotes":"","_wp_rev_ctl_limit":""},"class_list":["post-8072","page","type-page","status-publish","hentry"],"publishpress_future_action":{"enabled":false,"date":"2026-04-30 18:45:37","action":"delete","newStatus":"draft","terms":[],"taxonomy":"","extraData":[]},"publishpress_future_workflow_manual_trigger":{"enabledWorkflows":[]},"_links":{"self":[{"href":"https:\/\/hlrnet.com\/sites\/gzorg\/wp-json\/wp\/v2\/pages\/8072","targetHints":{"allow":["GET"]}}],"collection":[{"href":"https:\/\/hlrnet.com\/sites\/gzorg\/wp-json\/wp\/v2\/pages"}],"about":[{"href":"https:\/\/hlrnet.com\/sites\/gzorg\/wp-json\/wp\/v2\/types\/page"}],"author":[{"embeddable":true,"href":"https:\/\/hlrnet.com\/sites\/gzorg\/wp-json\/wp\/v2\/users\/1"}],"replies":[{"embeddable":true,"href":"https:\/\/hlrnet.com\/sites\/gzorg\/wp-json\/wp\/v2\/comments?post=8072"}],"version-history":[{"count":5,"href":"https:\/\/hlrnet.com\/sites\/gzorg\/wp-json\/wp\/v2\/pages\/8072\/revisions"}],"predecessor-version":[{"id":25376,"href":"https:\/\/hlrnet.com\/sites\/gzorg\/wp-json\/wp\/v2\/pages\/8072\/revisions\/25376"}],"wp:attachment":[{"href":"https:\/\/hlrnet.com\/sites\/gzorg\/wp-json\/wp\/v2\/media?parent=8072"}],"curies":[{"name":"wp","href":"https:\/\/api.w.org\/{rel}","templated":true}]}}