{"id":8068,"date":"2018-04-09T16:50:53","date_gmt":"2018-04-09T16:50:53","guid":{"rendered":"http:\/\/hlrnet.com\/sites\/gzorg\/?page_id=8068"},"modified":"2025-07-07T19:01:02","modified_gmt":"2025-07-07T19:01:02","slug":"instellingen-en-bedrijven-2","status":"publish","type":"page","link":"https:\/\/hlrnet.com\/sites\/gzorg\/instellingen-en-bedrijven-2\/","title":{"rendered":"Instellingen en bedrijven"},"content":{"rendered":"<ul>\n<li><a href=\"http:\/\/www.amc.uva.nl\" target=\"_blank\" rel=\"noopener noreferrer\">Academisch Medisch Centrum<\/a> (Universiteit van Amsterdam)<\/li>\n<li><a href=\"http:\/\/www.acsh.org\" target=\"_blank\" rel=\"noopener noreferrer\">American Council on Science and Health<\/a><\/li>\n<li><a href=\"https:\/\/www.absym-bvas.be\/\">Belgische Vereniging van Artsensyndicaten (BVAS) &#8211; Association belge de syndicats<br \/>\nde m\u00e9decins (ABSYM)<\/a><\/li>\n<li><a href=\"http:\/\/www.cihr-irsc.gc.ca\/\" target=\"_blank\" rel=\"noopener noreferrer\">Canadian Instituites of Health Research<\/a><\/li>\n<li><a href=\"https:\/\/www.departementzorg.be\/\" target=\"_blank\" rel=\"noopener noreferrer\">Departement Zorg<\/a>\u00a0(BE)<\/li>\n<li><a href=\"http:\/\/ec.europa.eu\/health\/\">Europa.eu<\/a>: public health<\/li>\n<li><a href=\"https:\/\/www.ecdc.europa.eu\/\">European Centre for Disease Prevention and Control &#8211; An agency of the European Union<\/a><\/li>\n<li><a href=\"http:\/\/eupha.org\/\">European Public Health Association<\/a><\/li>\n<li><a href=\"http:\/\/www.fagg-afmps.be\/\">FAGG &#8211; Federaal Agentschap voor Geneesmiddelen en Gezondheidsproducten<\/a><\/li>\n<li><a href=\"https:\/\/www.favv-afsca.be\/\" target=\"_blank\" rel=\"noopener noreferrer\">FAVV &#8211; Federaal Agentschap voor de Veiligheid van de Voedselketen<\/a><\/li>\n<li><a href=\"https:\/\/kce.fgov.be\">Federaal Kenniscentrum voor de Gezondheidszorg<\/a><\/li>\n<li><a href=\"http:\/\/www.nlm.nih.gov\/\" target=\"_blank\" rel=\"noopener noreferrer\">Geneeskundige bibliotheek<\/a><br \/>\nUS National Library of Medecine (NLM) &#8211; met Medline.<\/li>\n<li><a href=\"http:\/\/www.gr.nl\/\" target=\"_blank\" rel=\"noopener noreferrer\">Gezondheidsraad<\/a> (NL)<\/li>\n<li><a href=\"http:\/\/www.ggzbeleid.nl\/\" target=\"_blank\" rel=\"noopener noreferrer\">GGZbeleid (NL)<\/a><\/li>\n<li><a href=\"http:\/\/www.guidesocial.be\/\">Guide social<\/a>: site de r\u00e9f\u00e9rence du secteur psycho-m\u00e9dico-social (BE)<\/li>\n<li><a href=\"http:\/\/www.health.gov\/\" target=\"_blank\" rel=\"noopener noreferrer\">Health.gov<\/a>\u00a0(US)<\/li>\n<li><a href=\"https:\/\/www.healthcare.gov\/\">Healthcare.gov<\/a>: openbare ziekteverzekering in de\u00a0US<\/li>\n<li><a href=\"http:\/\/www.huisvoorgezondheid.be\/\">Huis voor gezondheid<\/a>: draagt zorg in Brussel<\/li>\n<li><a href=\"http:\/\/icuro.be\/\">Icuro<\/a>: koepel van Vlaamse ziekenhuizen met publieke partners<\/li>\n<li>Overheden\n<ul>\n<li><a href=\"http:\/\/www.bmg.bund.de\/\" target=\"_blank\" rel=\"noopener noreferrer\">Bundesministerium f\u00fcr Gesundheit<\/a> (DE)<\/li>\n<li><a href=\"https:\/\/data.gov.be\/\">Data.gov.be: met statistieken over gezondheidszorg<\/a><\/li>\n<li><a href=\"https:\/\/www.departementwvg.be\/\" target=\"_blank\" rel=\"noopener noreferrer\">Departement Welzijn, Volksgezondheid en Cultuur (Vlaanderen)<\/a><\/li>\n<li><a href=\"https:\/\/www.health.belgium.be\/\">FOD Gezonheidszorg (BE)<\/a>\n<ul>\n<li><a href=\"http:\/\/www.health.belgium.be\/eportal\/Healthcare\/healthcareprofessions\/index.htm\">Gezondheidszorgberoepen<\/a><\/li>\n<\/ul>\n<\/li>\n<li><a href=\"http:\/\/ksz.fgov.be\/\" target=\"_blank\" rel=\"noopener noreferrer\">Kruispuntbank van de Sociale Zekerheid<\/a> (BE)<\/li>\n<li><a href=\"http:\/\/www.minvws.nl\/\" target=\"_blank\" rel=\"noopener noreferrer\">Ministerie van Volksgezondheid, Welzijn en Sport<\/a> (NL)<\/li>\n<li><a href=\"https:\/\/www.nza.nl\/\">Nederlandse Zorgautoriteit<\/a> (NL)<\/li>\n<li><a href=\"http:\/\/www.nivel.nl\/\">Nivel: Nederlands instituut voor onderzoek in de gezondheidszorg<\/a><\/li>\n<li><a href=\"https:\/\/sante.fr\/\">Sant\u00e9.fr<\/a>: minist\u00e8re de la sant\u00e9 (FR)\n<ul>\n<li><a href=\"http:\/\/atih.sante.fr\/\">Agence Technique de l&#8217;information sur l&#8217;hospitalisation<\/a><\/li>\n<li><a href=\"https:\/\/www.ansm.sante.fr\/\">Agence Nationale de S\u00e9curit\u00e9 du Medicament et des Produits de Sant\u00e9<\/a><\/li>\n<\/ul>\n<\/li>\n<li><a href=\"http:\/\/www.wiv-isp.be\/\" target=\"_blank\" rel=\"noopener noreferrer\">Scientific Institute of Public Health \/ Wetenschappelijk instituut Volksgezondheid <\/a> (BE)<\/li>\n<li><a href=\"https:\/\/www.socialsecurity.be\/\">Socialezekerheid.be<\/a><\/li>\n<li><a href=\"http:\/\/www.zorg-en-gezondheid.be\/\">Vlaams Agentschap Zorg en Gezondheid<\/a><\/li>\n<li><a href=\"https:\/\/www.volksgezondheidenzorg.info\/\">Volksengezondheidenzorg<\/a> (NL)<\/li>\n<\/ul>\n<\/li>\n<li><a href=\"http:\/\/www.msf.org\" target=\"_blank\" rel=\"noopener noreferrer\">M\u00e9decins sans fronti\u00e8res<\/a><\/li>\n<li><a href=\"http:\/\/www.mcw.edu\/\" target=\"_blank\" rel=\"noopener noreferrer\">Medical College of Wisconsin<\/a><\/li>\n<li><a href=\"http:\/\/www.health.fgov.be\" target=\"_blank\" rel=\"noopener noreferrer\">MediBel Net<\/a>\u00a0(BE)<\/li>\n<li><a href=\"http:\/\/www.hospitals.be\" target=\"_blank\" rel=\"noopener noreferrer\">Hospitals.be<\/a>\u00a0(BE)<\/li>\n<li><a href=\"http:\/\/www.medweb.nl\" target=\"_blank\" rel=\"noopener noreferrer\">Medweb<\/a>\u00a0(NL)<\/li>\n<li><a href=\"http:\/\/www.merck.com\" target=\"_blank\" rel=\"noopener noreferrer\">Merck<\/a><\/li>\n<li><a href=\"http:\/\/www.ordomedic.be\/\" target=\"_blank\" rel=\"noopener noreferrer\">Orde van Geneesheren<\/a>\u00a0(BE)<\/li>\n<li><a href=\"http:\/\/www.onssrszlss.fgov.be\/\" target=\"_blank\" rel=\"noopener noreferrer\">Rijksdienst voor Sociale Zekerheid<\/a><\/li>\n<li><a href=\"http:\/\/www.riziv.fgov.be\" target=\"_blank\" rel=\"noopener noreferrer\">RIZIV<\/a>\u00a0(BE)<\/li>\n<li><a href=\"http:\/\/www.redcross.org\">Red Cross<\/a><\/li>\n<li><a href=\"http:\/\/www.rodekruis.be\">Rode Kruis<\/a><\/li>\n<li><a href=\"http:\/\/www.socialsecurity.be\/\" target=\"_blank\" rel=\"noopener noreferrer\">Socialsecurity.be<\/a><\/li>\n<li><a href=\"http:\/\/www.steunpuntgelijkekansen.be\/\">Steunpunt Gelijkekansenbeleid<\/a><\/li>\n<li><a href=\"http:\/\/www.cnh.nl\" target=\"_blank\" rel=\"noopener noreferrer\">Stichting Care Nederland<\/a> \u00a0(NL)<\/li>\n<li><a href=\"http:\/\/www.stimulansz.nl\/\">SimulanSZ<\/a>: Kennis &amp; advies over werk en inkomen, welzijn en<br \/>\ngezondheid\u00a0(NL)<\/li>\n<li><a href=\"http:\/\/www.nursing.uiowa.edu\" target=\"_blank\" rel=\"noopener noreferrer\">University of Iowa<\/a><\/li>\n<li><a href=\"http:\/\/www.vigez.be\/\">VIGEZ<\/a> &#8211; Vlaams Instituut voor Gezondheidspromotie en Ziektepreventie<\/li>\n<li><a href=\"http:\/\/www.zorg-en-gezondheid.be\/\">Vlaams Agentschap Zorg &amp; Gezondheid<\/a><\/li>\n<li><a href=\"https:\/\/www.volksgezondheidenzorg.info\/\">Volksgezondheid en zorg<\/a> (NL)<\/li>\n<li><a href=\"http:\/\/www.vvi.be\/\" target=\"_blank\" rel=\"noopener noreferrer\">VVI &#8211; Verbond der Verzorgingsinstellingen<\/a><\/li>\n<li><a href=\"http:\/\/www.minvws.nl\/\" target=\"_blank\" rel=\"noopener noreferrer\">VWS &#8211; Ministerie van Volksgezondheid, Welzijn en Sport<\/a>\u00a0(NL)<\/li>\n<li><a href=\"http:\/\/www.who.int\" target=\"_blank\" rel=\"noopener noreferrer\">WHO<\/a> (World Health Organization \/ Wereld gezondheidsorganisatie)<\/li>\n<li>Ziekenfondsen\n<ul>\n<li><a href=\"http:\/\/www.cm.be\/\" target=\"_blank\" rel=\"noopener noreferrer\">Christelijke mutualiteit<\/a><\/li>\n<li><a href=\"http:\/\/www.lm.be\/\" target=\"_blank\" rel=\"noopener noreferrer\">Liberale Mutualiteiten<\/a><\/li>\n<li><a href=\"https:\/\/www.nzvl.be\/\">Neutraal Ziekenfonds<\/a><\/li>\n<li><a href=\"http:\/\/www.mloz.be\/\" target=\"_blank\" rel=\"noopener noreferrer\">Onafhankelijk Ziekenfonds<\/a><\/li>\n<li><a href=\"http:\/\/www.socmut.be\/\" target=\"_blank\" rel=\"noopener noreferrer\">Socialistische Mutualiteiten<\/a><\/li>\n<li><a href=\"http:\/\/www.symbio.be\/\">Symbio<\/a><\/li>\n<\/ul>\n<\/li>\n<li>Zorginstellingen\n<ul>\n<li><a href=\"http:\/\/www.home-info.be\/\">Home-Info<\/a>: informatie en advies over rusthuizen<\/li>\n<\/ul>\n<\/li>\n<li><a href=\"http:\/\/www.zorgnetvlaanderen.be\">Zorgnet Vlaanderen<\/a><\/li>\n<\/ul>\n<span class=\"last-modified-timestamp\">jul 7, 2025 @ 7:01 pm<\/span>\n<div id=\"simple-translate\" class=\"simple-translate-system-theme\">\n<div>\n<div class=\"simple-translate-button isShow\" style=\"background-image: url('moz-extension:\/\/37e44441-594c-4b50-b456-e2df16779982\/icons\/512.png'); height: 22px; width: 22px; top: 2135px; left: 87px;\"><\/div>\n<div class=\"simple-translate-panel \" style=\"width: 300px; height: 200px; top: 0px; left: 0px; font-size: 13px;\">\n<div class=\"simple-translate-result-wrapper\" style=\"overflow: hidden;\">\n<div class=\"simple-translate-move\" draggable=\"true\"><\/div>\n<div class=\"simple-translate-result-contents\">\n<p class=\"simple-translate-result\" dir=\"auto\">\n<p class=\"simple-translate-candidate\" dir=\"auto\">\n<\/div>\n<\/div>\n<\/div>\n<\/div>\n<\/div>\n","protected":false},"excerpt":{"rendered":"<p>Academisch Medisch Centrum (Universiteit van Amsterdam) American Council on Science and Health Belgische Vereniging van Artsensyndicaten (BVAS) &#8211; Association belge de syndicats de m\u00e9decins (ABSYM) Canadian Instituites of Health Research Departement Zorg\u00a0(BE) Europa.eu: public health European Centre for Disease Prevention and Control &#8211; An agency of the European Union European<\/p>\n","protected":false},"author":1,"featured_media":0,"parent":0,"menu_order":0,"comment_status":"closed","ping_status":"closed","template":"","meta":{"footnotes":"","_wp_rev_ctl_limit":""},"class_list":["post-8068","page","type-page","status-publish","hentry"],"publishpress_future_action":{"enabled":false,"date":"2026-05-01 04:29:24","action":"delete","newStatus":"draft","terms":[],"taxonomy":"","extraData":[]},"publishpress_future_workflow_manual_trigger":{"enabledWorkflows":[]},"_links":{"self":[{"href":"https:\/\/hlrnet.com\/sites\/gzorg\/wp-json\/wp\/v2\/pages\/8068","targetHints":{"allow":["GET"]}}],"collection":[{"href":"https:\/\/hlrnet.com\/sites\/gzorg\/wp-json\/wp\/v2\/pages"}],"about":[{"href":"https:\/\/hlrnet.com\/sites\/gzorg\/wp-json\/wp\/v2\/types\/page"}],"author":[{"embeddable":true,"href":"https:\/\/hlrnet.com\/sites\/gzorg\/wp-json\/wp\/v2\/users\/1"}],"replies":[{"embeddable":true,"href":"https:\/\/hlrnet.com\/sites\/gzorg\/wp-json\/wp\/v2\/comments?post=8068"}],"version-history":[{"count":5,"href":"https:\/\/hlrnet.com\/sites\/gzorg\/wp-json\/wp\/v2\/pages\/8068\/revisions"}],"predecessor-version":[{"id":24704,"href":"https:\/\/hlrnet.com\/sites\/gzorg\/wp-json\/wp\/v2\/pages\/8068\/revisions\/24704"}],"wp:attachment":[{"href":"https:\/\/hlrnet.com\/sites\/gzorg\/wp-json\/wp\/v2\/media?parent=8068"}],"curies":[{"name":"wp","href":"https:\/\/api.w.org\/{rel}","templated":true}]}}