{"id":8062,"date":"2018-04-09T14:29:08","date_gmt":"2018-04-09T14:29:08","guid":{"rendered":"http:\/\/hlrnet.com\/sites\/gzorg\/?page_id=8062"},"modified":"2024-01-07T09:15:45","modified_gmt":"2024-01-07T09:15:45","slug":"toxicologie","status":"publish","type":"page","link":"https:\/\/hlrnet.com\/sites\/gzorg\/toxicologie\/","title":{"rendered":"Toxicologie"},"content":{"rendered":"<ul>\n<li>Informatie\n<ul>\n<li><a href=\"http:\/\/www.aiche.org\/ccps\/\" target=\"_blank\" rel=\"noopener\">Center for Chemical Process Society <\/a><\/li>\n<li><a href=\"http:\/\/www.chcs.org.uk\" target=\"_blank\" rel=\"noopener\">Chemical Hazards Communication Society <\/a>\u00a0<a href=\"http:\/\/www.inchem.org\/\" target=\"_blank\" rel=\"noopener\">Inchem<\/a>: Chemical Safety Information from Intergovernmental Organizations<\/li>\n<li><a href=\"http:\/\/www.inchem.org\/\" target=\"_blank\" rel=\"noopener\">INCHEM Chemical Safety<\/a>\u00a0<a href=\"http:\/\/npic.orst.edu\" target=\"_blank\" rel=\"noopener\">National Pesticide Information Center<\/a><\/li>\n<\/ul>\n<\/li>\n<li>Diensten\n<ul>\n<li><a href=\"http:\/\/www.aapcc.org\/\" target=\"_blank\" rel=\"noopener\">American Association of Poison Control Centers <\/a><\/li>\n<li><a href=\"http:\/\/www.poisoncentre.be\/\">Antigifcentrum<\/a> (BE)<\/li>\n<li><a href=\"http:\/\/www.toxicologie.org\/\" target=\"_blank\" rel=\"noopener\">Toxicologie behandelinformatie<\/a> (NL)<\/li>\n<\/ul>\n<\/li>\n<li>Onderzoekscentra\n<ul>\n<li><a href=\"http:\/\/www.inspq.qc.ca\/ctq\/\" target=\"_blank\" rel=\"noopener\">Centre de toxicologie du Qu\u00e9bec<\/a><\/li>\n<li><a href=\"https:\/\/ntp.niehs.nih.gov\/\" target=\"_blank\" rel=\"noopener\">National Toxicology Program<\/a><\/li>\n<\/ul>\n<\/li>\n<li>Tijdschriften\n<ul>\n<li><a href=\"http:\/\/pubs.acs.org\/journals\/crtoec\/index.html\">Chemical Research in Toxicology<\/a><\/li>\n<li><a href=\"http:\/\/www.journals.elsevier.com\/chemico-biological-interactions\/\">Chemico-Biological Interactions<\/a><\/li>\n<li><a href=\"http:\/\/www.elsevier.com\/journals\/current-advances-in-toxicology\/0965-0512\">Current Advances in Toxicology<\/a><\/li>\n<li><a href=\"http:\/\/www.tandf.co.uk\/journals\/tf\/08958378.html\">Inhalation Toxicology<\/a><\/li>\n<li><a href=\"http:\/\/www.tandf.co.uk\/journals\/tf\/10915818.html\">International Journal of Toxicology<\/a><\/li>\n<li><a href=\"http:\/\/www.jatox.com\/\">Journal of Analytical Toxicology<\/a><\/li>\n<li><a href=\"http:\/\/www.interscience.wiley.com\/jpages\/0260-437X\/\">Journal of Applied Toxicology<\/a><\/li>\n<li><a href=\"http:\/\/www.interscience.wiley.com\/jpages\/1095-6670\/\">Journal of Biochemical and Molecular Toxicology<\/a><\/li>\n<li><a href=\"http:\/\/www.occup-med.com\/\">Journal of Occupational Medicine and Toxicology<\/a><\/li>\n<li><a href=\"http:\/\/www.jstage.jst.go.jp\/browse\/tox\">Journal of Toxicology Pathology<\/a><\/li>\n<li><a href=\"http:\/\/www.particleandfibretoxicology.com\/\">Particle and Fibre Toxicology<\/a><\/li>\n<li><a href=\"http:\/\/www.journals.elsevier.com\/toxicology\/\">Toxicology<\/a><\/li>\n<li><a href=\"http:\/\/www.journals.elsevier.com\/toxicology-in-vitro\/\">Toxicology in Vitro<\/a><\/li>\n<li><a href=\"http:\/\/www.journals.elsevier.com\/toxicology-letters\/\">Toxicology Letters<\/a><\/li>\n<li><a href=\"http:\/\/www.tandf.co.uk\/journals\/tf\/10517235.html\">Toxicology Methods<\/a><\/li>\n<li><a href=\"http:\/\/www.journals.elsevier.com\/toxicon\/\">Toxicon<\/a><\/li>\n<\/ul>\n<\/li>\n<li>Verenigingen\n<ul>\n<li><a href=\"http:\/\/www.aret.asso.fr\/\" target=\"_blank\" rel=\"noopener\">ARET &#8211; Association pour la recherche en toxicologie <\/a><\/li>\n<li><a href=\"http:\/\/atctoxicologie.free.fr\/\" target=\"_blank\" rel=\"noopener\">Association Toxicologie CNAM<\/a><\/li>\n<li><a href=\"http:\/\/www.thebts.org\/\" target=\"_blank\" rel=\"noopener\">British toxicology society<\/a><\/li>\n<li><a href=\"http:\/\/www.eurotox.com\/\" target=\"_blank\" rel=\"noopener\">Eurotox<\/a><\/li>\n<li><a href=\"http:\/\/www.toxicologie.nl\/\" target=\"_blank\" rel=\"noopener\">NVT &#8211; Nederlandse Verneiging voor Toxicologie<\/a><\/li>\n<li><a href=\"http:\/\/www.sftox.com\/\" target=\"_blank\" rel=\"noopener\">SFT &#8211; Soci\u00e9t\u00e9 fran\u00e7aise de toxicologie<\/a><\/li>\n<li><a href=\"http:\/\/www.sfta.org\/\" target=\"_blank\" rel=\"noopener\">SFTA &#8211; Soci\u00e9t\u00e9 fran\u00e7aise de toxicologie analytique<\/a><\/li>\n<li><a href=\"http:\/\/www.sftg.org\/\" target=\"_blank\" rel=\"noopener\">SFTG &#8211; Soci\u00e9t\u00e9 fran\u00e7aise de toxicologie g\u00e9n\u00e9tique<\/a><\/li>\n<li><a href=\"http:\/\/www.toxicology.org\/\" target=\"_blank\" rel=\"noopener\">Society of toxicology<\/a><\/li>\n<li><a href=\"http:\/\/www.toxicologie-clinique.org\/\" target=\"_blank\" rel=\"noopener\">STC -Soci\u00e9t\u00e9 de Toxicologie Clinique<\/a><\/li>\n<li><a href=\"http:\/\/www.swisspharmtox.ch\/\" target=\"_blank\" rel=\"noopener\">Swiss Society of Pharmacology and Toxicology<\/a><\/li>\n<\/ul>\n<\/li>\n<\/ul>\n","protected":false},"excerpt":{"rendered":"<p>Informatie Center for Chemical Process Society Chemical Hazards Communication Society \u00a0Inchem: Chemical Safety Information from Intergovernmental Organizations INCHEM Chemical Safety\u00a0National Pesticide Information Center Diensten American Association of Poison Control Centers Antigifcentrum (BE) Toxicologie behandelinformatie (NL) Onderzoekscentra Centre de toxicologie du Qu\u00e9bec National Toxicology Program Tijdschriften Chemical Research in Toxicology Chemico-Biological<\/p>\n","protected":false},"author":1,"featured_media":0,"parent":0,"menu_order":0,"comment_status":"closed","ping_status":"closed","template":"","meta":{"footnotes":"","_wp_rev_ctl_limit":""},"class_list":["post-8062","page","type-page","status-publish","hentry"],"publishpress_future_action":{"enabled":false,"date":"2026-05-02 22:39:28","action":"delete","newStatus":"draft","terms":[],"taxonomy":"","extraData":[]},"publishpress_future_workflow_manual_trigger":{"enabledWorkflows":[]},"_links":{"self":[{"href":"https:\/\/hlrnet.com\/sites\/gzorg\/wp-json\/wp\/v2\/pages\/8062","targetHints":{"allow":["GET"]}}],"collection":[{"href":"https:\/\/hlrnet.com\/sites\/gzorg\/wp-json\/wp\/v2\/pages"}],"about":[{"href":"https:\/\/hlrnet.com\/sites\/gzorg\/wp-json\/wp\/v2\/types\/page"}],"author":[{"embeddable":true,"href":"https:\/\/hlrnet.com\/sites\/gzorg\/wp-json\/wp\/v2\/users\/1"}],"replies":[{"embeddable":true,"href":"https:\/\/hlrnet.com\/sites\/gzorg\/wp-json\/wp\/v2\/comments?post=8062"}],"version-history":[{"count":0,"href":"https:\/\/hlrnet.com\/sites\/gzorg\/wp-json\/wp\/v2\/pages\/8062\/revisions"}],"wp:attachment":[{"href":"https:\/\/hlrnet.com\/sites\/gzorg\/wp-json\/wp\/v2\/media?parent=8062"}],"curies":[{"name":"wp","href":"https:\/\/api.w.org\/{rel}","templated":true}]}}