{"id":8059,"date":"2018-04-09T14:24:17","date_gmt":"2018-04-09T14:24:17","guid":{"rendered":"http:\/\/hlrnet.com\/sites\/gzorg\/?page_id=8059"},"modified":"2023-02-22T14:46:31","modified_gmt":"2023-02-22T14:46:31","slug":"radiologie","status":"publish","type":"page","link":"https:\/\/hlrnet.com\/sites\/gzorg\/radiologie\/","title":{"rendered":"Radiologie"},"content":{"rendered":"<ul>\n<li>Information &#8211; Informatie\n<ul>\n<li><a href=\"http:\/\/www.abdominalradiology.org\/\">Abdominal Radiology<\/a><\/li>\n<li><a href=\"http:\/\/www.auntminnie.com\/\" target=\"_blank\" rel=\"noopener noreferrer\">AuntMinnie<\/a>: radiology information, news, educational content, and commerce for the medical imaging community<\/li>\n<li><a href=\"https:\/\/www.auntminniecme.com\">AuntminnieCME<\/a>: radiology courses by AuntMinnie<\/li>\n<li><a href=\"http:\/\/www.anatrad.com\/\">Anatomia Radiologica Basalis<\/a><\/li>\n<li><a href=\"http:\/\/drcisneros.com\/\" target=\"_blank\" rel=\"noopener noreferrer\">Dr. Cisneros<\/a><\/li>\n<li><a href=\"http:\/\/www.gentili.net\/\">Dr. Amilcare Gentili&#8217;s radiology education publications on the Internet<\/a><\/li>\n<li><a href=\"http:\/\/pediatricradiology.com\/\" target=\"_blank\" rel=\"noopener noreferrer\">Pediatric Radiology<\/a><\/li>\n<li><a href=\"http:\/\/www.radiologyinfo.org\/\" target=\"_blank\" rel=\"noopener noreferrer\">RadiologyInfo<\/a>: radiology information resource for patients<\/li>\n<li><a href=\"http:\/\/www.radiologyinfo.org\/\" target=\"_blank\" rel=\"noopener noreferrer\">Radiology Info<\/a>: information for radiology patients<\/li>\n<li><a href=\"http:\/\/www.thema-radiologie.fr\/\">Thema Radiologie (FR)<\/a><\/li>\n<\/ul>\n<\/li>\n<li>Associations &#8211; Verenigingen\n<ul>\n<li><a href=\"http:\/\/www.aeirs.org\/\" target=\"_blank\" rel=\"noopener noreferrer\">AEIRS: Association of Educators in Imaging and Radiological Sciences<\/a><\/li>\n<li><a href=\"http:\/\/www.acr.org\/\" target=\"_blank\" rel=\"noopener noreferrer\">American College of Radiology<\/a><\/li>\n<li><a href=\"http:\/\/www.bsr-web.be\/\">Belgian Society of Radiology<\/a><\/li>\n<li><a href=\"http:\/\/www.bsci.org.uk\/\">British Society of Cardiovascular Imaging<\/a><\/li>\n<li><a href=\"http:\/\/www.bshni.org.uk\">British Society of Head and Neck Imaging<\/a><\/li>\n<li><a href=\"http:\/\/www.eshnr.eu\/\">ESHNR: European Society for Head and Neck Radiology<\/a><\/li>\n<li><a href=\"http:\/\/www.esgar.org\/\">ESGAR: European Society of Gastrointestinal an Abdominal Radiology<\/a><\/li>\n<li><a href=\"http:\/\/www.european-radiology.org\/\">European Society of Radiology<\/a><\/li>\n<li><a href=\"http:\/\/esti-society.org\/\">European Society of Thoracic Imaging<\/a><\/li>\n<li><a href=\"http:\/\/www.esur.org\/\">European Society of Urogenital Radiology<\/a><\/li>\n<li><a href=\"http:\/\/www.radiologen.nl\/\">Nederlandse Vereniging voor Radiologie<\/a><\/li>\n<li><a href=\"http:\/\/www.rsna.org\/\" target=\"_blank\" rel=\"noopener noreferrer\">Radiological Society of North America<\/a><\/li>\n<li><a href=\"http:\/\/www.rsnj.org\/\" target=\"_blank\" rel=\"noopener noreferrer\">Radiological Society of New Jersey<\/a><\/li>\n<li><a href=\"http:\/\/www.rcr.ac.uk\/\" target=\"_blank\" rel=\"noopener noreferrer\">Royal College of Radiologists<\/a><\/li>\n<li><a href=\"http:\/\/www.rtstudents.com\/\" target=\"_blank\" rel=\"noopener noreferrer\">RTStudents<\/a>: radiology resources<\/li>\n<li><a href=\"http:\/\/www.seram.es\/\" target=\"_blank\" rel=\"noopener noreferrer\">Sociedad Espa\u00f1ola de Radiolog\u00eda M\u00e9dica (SERAM)<\/a><\/li>\n<li><a href=\"http:\/\/www.sirweb.org\/\" target=\"_blank\" rel=\"noopener noreferrer\">Society of Interventional Radiology<\/a><\/li>\n<li><a href=\"https:\/\/www.sor.org\/\">Society of Radiographers (SoR)<\/a><\/li>\n<li><a href=\"http:\/\/www.vvro.be\/\" target=\"_blank\" rel=\"noopener noreferrer\">VVRO &#8211; Vereniging voor Verpleegkundigen Radiologie en Oncologie<\/a><\/li>\n<\/ul>\n<\/li>\n<li>Institutions &#8211; Instellingen\n<ul>\n<li><a href=\"https:\/\/www.bir.org.uk\/\">British Institute of Radiology<\/a><\/li>\n<li><a href=\"http:\/\/www.icrp.org\/\" target=\"_blank\" rel=\"noopener noreferrer\">ICRP: International commission on radiology protection<\/a><\/li>\n<\/ul>\n<ul>\n<li><a href=\"http:\/\/www.radioanatomie.com\/\" target=\"_blank\" rel=\"noopener noreferrer\">Radioanatomie.com<\/a> (CHU Grenoble)<\/li>\n<li><a href=\"http:\/\/www.rad.washington.edu\/\" target=\"_blank\" rel=\"noopener noreferrer\">University of Washington Department of Radiology<\/a><\/li>\n<\/ul>\n<\/li>\n<li>Enterprises &#8211; Bedrijven\n<ul>\n<li><a href=\"http:\/\/www.edl.fr\/\" target=\"_blank\" rel=\"noopener noreferrer\">EDL: European provider of IT solutions in the field of Radiology Information<br \/>\nSystems (RIS)<\/a><\/li>\n<li><a href=\"http:\/\/www.greenbergradiology.com\/\" target=\"_blank\" rel=\"noopener noreferrer\">Greenberg Radiology<\/a><\/li>\n<li><a href=\"http:\/\/usarad.com\/\">USARAD<\/a><\/li>\n<\/ul>\n<\/li>\n<li>Journals\n<ul>\n<li><a href=\"http:\/\/www.ajnr.org\/\" target=\"_blank\" rel=\"noopener noreferrer\">American Journal of Neuroradiology<\/a><\/li>\n<li><a href=\"http:\/\/www.bir.org.uk\/\" target=\"_blank\" rel=\"noopener noreferrer\">British Journal of Radiology &#8211; BJR Online<\/a><\/li>\n<li><a href=\"http:\/\/www.radiologycases.com\/\">Journal of Radiology Cases Reports<\/a><\/li>\n<li><a href=\"http:\/\/www.ro-journal.com\/\">Radiation Oncology<\/a><\/li>\n<li><a href=\"http:\/\/radiographics.rsnajnls.org\/\" target=\"_blank\" rel=\"noopener noreferrer\">RadioGraphics<\/a><\/li>\n<li><a href=\"https:\/\/pubs.rsna.org\/journal\/radiology\" target=\"_blank\" rel=\"noopener noreferrer\">Radiology<\/a><\/li>\n<li><a href=\"https:\/\/pubs.rsna.org\/journal\/ai\">Radiology: Artificial Intelligence<\/a><\/li>\n<li><a href=\"https:\/\/pubs.rsna.org\/journal\/cardiothoracic\">Radiology: Cardiothoracic Imaging<\/a><\/li>\n<li><a href=\"https:\/\/pubs.rsna.org\/journal\/imaging-cancer\">Radiology: Imaging Cancer<\/a><\/li>\n<li><a href=\"https:\/\/cases.rsna.org\/\">RSNA Case Collection<\/a><\/li>\n<\/ul>\n<\/li>\n<\/ul>\n<span class=\"last-modified-timestamp\">feb 22, 2023 @ 2:46 pm<\/span>\n","protected":false},"excerpt":{"rendered":"<p>Information &#8211; Informatie Abdominal Radiology AuntMinnie: radiology information, news, educational content, and commerce for the medical imaging community AuntminnieCME: radiology courses by AuntMinnie Anatomia Radiologica Basalis Dr. Cisneros Dr. Amilcare Gentili&#8217;s radiology education publications on the Internet Pediatric Radiology RadiologyInfo: radiology information resource for patients Radiology Info: information for radiology<\/p>\n","protected":false},"author":1,"featured_media":0,"parent":0,"menu_order":0,"comment_status":"closed","ping_status":"closed","template":"","meta":{"footnotes":"","_wp_rev_ctl_limit":""},"class_list":["post-8059","page","type-page","status-publish","hentry"],"publishpress_future_action":{"enabled":false,"date":"2026-04-30 16:37:02","action":"delete","newStatus":"draft","terms":[],"taxonomy":"","extraData":[]},"publishpress_future_workflow_manual_trigger":{"enabledWorkflows":[]},"_links":{"self":[{"href":"https:\/\/hlrnet.com\/sites\/gzorg\/wp-json\/wp\/v2\/pages\/8059","targetHints":{"allow":["GET"]}}],"collection":[{"href":"https:\/\/hlrnet.com\/sites\/gzorg\/wp-json\/wp\/v2\/pages"}],"about":[{"href":"https:\/\/hlrnet.com\/sites\/gzorg\/wp-json\/wp\/v2\/types\/page"}],"author":[{"embeddable":true,"href":"https:\/\/hlrnet.com\/sites\/gzorg\/wp-json\/wp\/v2\/users\/1"}],"replies":[{"embeddable":true,"href":"https:\/\/hlrnet.com\/sites\/gzorg\/wp-json\/wp\/v2\/comments?post=8059"}],"version-history":[{"count":0,"href":"https:\/\/hlrnet.com\/sites\/gzorg\/wp-json\/wp\/v2\/pages\/8059\/revisions"}],"wp:attachment":[{"href":"https:\/\/hlrnet.com\/sites\/gzorg\/wp-json\/wp\/v2\/media?parent=8059"}],"curies":[{"name":"wp","href":"https:\/\/api.w.org\/{rel}","templated":true}]}}