{"id":8055,"date":"2018-04-09T14:18:43","date_gmt":"2018-04-09T14:18:43","guid":{"rendered":"http:\/\/hlrnet.com\/sites\/gzorg\/?page_id=8055"},"modified":"2025-05-19T18:11:38","modified_gmt":"2025-05-19T18:11:38","slug":"pneumologie","status":"publish","type":"page","link":"https:\/\/hlrnet.com\/sites\/gzorg\/pneumologie\/","title":{"rendered":"Pneumologie"},"content":{"rendered":"<ul>\n<li><a href=\"http:\/\/www.aspenlungconference.org\/\" target=\"_blank\" rel=\"noopener noreferrer\">Aspen Lung Conference<\/a><\/li>\n<li><a href=\"http:\/\/www.priory.com\/chest.htm\" target=\"_blank\" rel=\"noopener noreferrer\">Chest Medicine Online<\/a><\/li>\n<li><a href=\"http:\/\/www.ebap.org\">European Board for Accreditation in Pneumology<\/a><\/li>\n<li><a href=\"http:\/\/www.ersnet.org\/\">European Respiratory System<\/a><\/li>\n<li><a href=\"https:\/\/www.fares.be\/\">FARES: fonds des affections respiratoires<\/a><\/li>\n<li><a href=\"http:\/\/www.tuberculose.nl\/\" target=\"_blank\" rel=\"noopener noreferrer\">KNCV Tuberculosefonds<\/a> (NL)<\/li>\n<li><a href=\"http:\/\/papapoo.com\/\" target=\"_blank\" rel=\"noopener noreferrer\">Living with COPD<\/a><\/li>\n<li><a href=\"http:\/\/www.pneumologe.com\/\">Pneumologe.com<\/a> (DE)<\/li>\n<li><a href=\"http:\/\/www.respir.com\/\">Respir.com<\/a>\u00a0(FR)<\/li>\n<li><a href=\"http:\/\/www.splf.org\/\">Soci\u00e9t\u00e9 de pneumologie de langue fran\u00e7aise<\/a><\/li>\n<li><a href=\"http:\/\/www.vrgt.be\/\">VRGT: Vlaamse\u00a0 Vereniging voor Respiratoire Gezondheidszorg en Tuberculosebestrijding<\/a><\/li>\n<li>Journals\n<ul>\n<li><a href=\"http:\/\/ajrccm.atsjournals.org\/\" target=\"_blank\" rel=\"noopener noreferrer\">American Journal of Respiratory and Critical Care Medicine<\/a><\/li>\n<li><a href=\"http:\/\/www.chestjournal.org\/\" target=\"_blank\" rel=\"noopener noreferrer\">Chest Journal<\/a><\/li>\n<li><a href=\"http:\/\/www.rcjournal.com\/\">Respiratory Care<\/a><\/li>\n<li><a href=\"http:\/\/thorax.bmj.com\/\" target=\"_blank\" rel=\"noopener noreferrer\">Thorax Journal<\/a><\/li>\n<li><a href=\"http:\/\/www.tobaccoinduceddiseases.com\/\">Tobacco induced diseases<\/a><\/li>\n<\/ul>\n<\/li>\n<li>Tubercolisis\n<ul>\n<li><a href=\"http:\/\/www.stoptb.org\/\">Stop TB<\/a><\/li>\n<\/ul>\n<\/li>\n<li><a href=\"http:\/\/www.tobacco.org\/\" target=\"_blank\" rel=\"noopener noreferrer\">Tobacco.org<\/a><\/li>\n<\/ul>\n<span class=\"last-modified-timestamp\">mei 19, 2025 @ 6:11 pm<\/span>\n<div id=\"simple-translate\" class=\"simple-translate-system-theme\">\n<div>\n<div class=\"simple-translate-button isShow\" style=\"background-image: url('moz-extension:\/\/37e44441-594c-4b50-b456-e2df16779982\/icons\/512.png'); height: 22px; width: 22px; top: 387px; left: 66px;\"><\/div>\n<div class=\"simple-translate-panel \" style=\"width: 300px; height: 200px; top: 0px; left: 0px; font-size: 13px;\">\n<div class=\"simple-translate-result-wrapper\" style=\"overflow: hidden;\">\n<div class=\"simple-translate-move\" draggable=\"true\"><\/div>\n<div class=\"simple-translate-result-contents\">\n<p class=\"simple-translate-result\" dir=\"auto\">\n<p class=\"simple-translate-candidate\" dir=\"auto\">\n<\/div>\n<\/div>\n<\/div>\n<\/div>\n<\/div>\n","protected":false},"excerpt":{"rendered":"<p>Aspen Lung Conference Chest Medicine Online European Board for Accreditation in Pneumology European Respiratory System FARES: fonds des affections respiratoires KNCV Tuberculosefonds (NL) Living with COPD <a href=\"http:\/\/Pneumologe.com\" class=\"autohyperlink\">Pneumologe.com<\/a> (DE) <a href=\"http:\/\/Respir.com\" class=\"autohyperlink\">Respir.com<\/a>\u00a0(FR) Soci\u00e9t\u00e9 de pneumologie de langue fran\u00e7aise VRGT: Vlaamse\u00a0 Vereniging voor Respiratoire Gezondheidszorg en Tuberculosebestrijding Journals American Journal of Respiratory and Critical<\/p>\n","protected":false},"author":1,"featured_media":0,"parent":0,"menu_order":0,"comment_status":"closed","ping_status":"closed","template":"","meta":{"footnotes":"","_wp_rev_ctl_limit":""},"class_list":["post-8055","page","type-page","status-publish","hentry"],"publishpress_future_action":{"enabled":false,"date":"2026-04-30 16:37:03","action":"delete","newStatus":"draft","terms":[],"taxonomy":"","extraData":[]},"publishpress_future_workflow_manual_trigger":{"enabledWorkflows":[]},"_links":{"self":[{"href":"https:\/\/hlrnet.com\/sites\/gzorg\/wp-json\/wp\/v2\/pages\/8055","targetHints":{"allow":["GET"]}}],"collection":[{"href":"https:\/\/hlrnet.com\/sites\/gzorg\/wp-json\/wp\/v2\/pages"}],"about":[{"href":"https:\/\/hlrnet.com\/sites\/gzorg\/wp-json\/wp\/v2\/types\/page"}],"author":[{"embeddable":true,"href":"https:\/\/hlrnet.com\/sites\/gzorg\/wp-json\/wp\/v2\/users\/1"}],"replies":[{"embeddable":true,"href":"https:\/\/hlrnet.com\/sites\/gzorg\/wp-json\/wp\/v2\/comments?post=8055"}],"version-history":[{"count":4,"href":"https:\/\/hlrnet.com\/sites\/gzorg\/wp-json\/wp\/v2\/pages\/8055\/revisions"}],"predecessor-version":[{"id":24334,"href":"https:\/\/hlrnet.com\/sites\/gzorg\/wp-json\/wp\/v2\/pages\/8055\/revisions\/24334"}],"wp:attachment":[{"href":"https:\/\/hlrnet.com\/sites\/gzorg\/wp-json\/wp\/v2\/media?parent=8055"}],"curies":[{"name":"wp","href":"https:\/\/api.w.org\/{rel}","templated":true}]}}