{"id":8053,"date":"2018-04-09T14:17:32","date_gmt":"2018-04-09T14:17:32","guid":{"rendered":"http:\/\/hlrnet.com\/sites\/gzorg\/?page_id=8053"},"modified":"2025-07-07T19:03:52","modified_gmt":"2025-07-07T19:03:52","slug":"pediatrie","status":"publish","type":"page","link":"https:\/\/hlrnet.com\/sites\/gzorg\/pediatrie\/","title":{"rendered":"Pediatrie"},"content":{"rendered":"<ul>\n<li>Informatie \/ information\n<ul>\n<li><a href=\"http:\/\/www.babyplein.nl\/\">Babycare and Advice<\/a>\u00a0(NL)<\/li>\n<li><a href=\"http:\/\/www.babyopkomst.nl\/\">Baby op komst<\/a> (NL)<\/li>\n<li><a href=\"http:\/\/www.babyplein.nl\/\">Babyplein<\/a>\u00a0(NL)<\/li>\n<li><a href=\"http:\/\/www.brightfutures.org\/\" target=\"_blank\" rel=\"noopener noreferrer\">BrightFutures<\/a>: voor kinderen van alle leeftijden tot de adolescentie<\/li>\n<li><a href=\"http:\/\/www.rch.org.au\/clinicalguide\/\">Clinical Practice Guidelines<\/a> (Royal Children&#8217;s Hospital Melbourne)<\/li>\n<li><a href=\"http:\/\/www.healio.com\/pediatrics\">Haelio Pediatrics<\/a><\/li>\n<li><a href=\"http:\/\/www.kindereczeem.nl\/\" target=\"_blank\" rel=\"noopener noreferrer\">Kindereczeem.nl<\/a><\/li>\n<li><a href=\"http:\/\/www.kindjeopkomst.nl\/\" target=\"_blank\" rel=\"noopener noreferrer\">Kindje op komst<\/a> (NL)<\/li>\n<li><a href=\"http:\/\/www.lewispediatrics.com\/\">Lewis Pediatrics<\/a><\/li>\n<li><a href=\"http:\/\/www.pec-online.com\/\">Lippincott Williams &amp; Wilkins &#8211; Pediatric Emergency Care<\/a><\/li>\n<li><a href=\"http:\/\/www.mpedia.fr\/\">mpedia.fr<\/a>: Conseils aux parents par les m\u00e9decins de l&#8217;enfant<\/li>\n<li><a href=\"http:\/\/www.pediadol.org\/\">Pediadol<\/a>: la douleur de l&#8217;enfant<\/li>\n<li><a href=\"http:\/\/www.pediatria.it\/\" target=\"_blank\" rel=\"noopener noreferrer\">Pediatria online<\/a>\u00a0(IT)<\/li>\n<li><a href=\"http:\/\/www.pens.org\/\" target=\"_blank\" rel=\"noopener noreferrer\">Pediatric Endocrinology Nursing Society Web Site<\/a><\/li>\n<li><a href=\"http:\/\/www.pediatric-ent.com\/\" target=\"_blank\" rel=\"noopener noreferrer\">Pediatric Otolaryngology<\/a><\/li>\n<li><a href=\"http:\/\/pediatricradiology.com\/\" target=\"_blank\" rel=\"noopener noreferrer\">Pediatric Radiology<\/a><\/li>\n<\/ul>\n<\/li>\n<li>Verenigingen \/ Associations\n<ul>\n<li><a href=\"http:\/\/www.aacap.org\/\" target=\"_blank\" rel=\"noopener noreferrer\">American Academy of Child and Adolescent Psychiatry<\/a><\/li>\n<li><a href=\"http:\/\/www.aspho.org\/\" target=\"_blank\" rel=\"noopener noreferrer\">American Society of Pediatric Hematology\/Oncology Home Page<\/a><\/li>\n<li><a href=\"http:\/\/www.aeped.es\/\">Asociaci\u00f3n espa\u00f1ola de pediatr\u00eda<\/a> (SP)<\/li>\n<li><a href=\"http:\/\/www.apon.org\/\" target=\"_blank\" rel=\"noopener noreferrer\">Association of Pediatric Oncology Nurses<\/a><\/li>\n<li><a href=\"http:\/\/www.espu.org\/\" target=\"_blank\" rel=\"noopener noreferrer\">European Society for Paediatric Urology<\/a><\/li>\n<li><a href=\"http:\/\/www.parole.be\/\">Parole d&#8217;enfants<\/a><\/li>\n<li><a href=\"https:\/\/siope.eu\/\">SIOP Europe &#8211; European Society of Pediatric Oncology<\/a><\/li>\n<li><a href=\"http:\/\/www.sap.org.ar\/\" target=\"_blank\" rel=\"noopener noreferrer\">Sociedad argentina de pediatr\u00eda<\/a><\/li>\n<li><a href=\"http:\/\/www.pedsanesthesia.org\/\" target=\"_blank\" rel=\"noopener noreferrer\">Society for Pediatric Anesthesia<\/a><\/li>\n<li><a href=\"https:\/\/siope.eu\/\">SIOP Europe &#8211; European Society of Pediatric Oncology<\/a><\/li>\n<li><a href=\"https:\/\/sage-femme.be\/\">Union Professionnelle des Sages-Femmes Belges<\/a><\/li>\n<li><a href=\"http:\/\/kinderverpleegkunde.venvn.nl\/\" target=\"_blank\" rel=\"noopener noreferrer\">VKVV: Vereniging van Kinderverpleegkundigen<\/a><\/li>\n<\/ul>\n<\/li>\n<li>Pati\u00ebntenverenigingen \/ Patient associations\n<ul>\n<li><a href=\"http:\/\/www.tourette.be\/\" target=\"_blank\" rel=\"noopener noreferrer\">Vlaamse Vereniging Gilles de la Tourette<\/a><\/li>\n<\/ul>\n<\/li>\n<li>Tijdschriften \/ Journals\n<ul>\n<li><a href=\"http:\/\/www.pidj.com\/\" target=\"_blank\" rel=\"noopener noreferrer\">The Pediatrics Infectious Disease Journal<\/a><\/li>\n<li><a href=\"http:\/\/www.pediatrics.org\/\" target=\"_blank\" rel=\"noopener noreferrer\">Pediatrics.org<\/a>: Official Journal of the American Academy of Pediatrics<\/li>\n<\/ul>\n<\/li>\n<li>Andere\n<ul>\n<li><a href=\"http:\/\/www.pedaids.org\/\">Elizabeth Glaser Pediatric AIDS Foundation<\/a><\/li>\n<li><a href=\"http:\/\/www.med.umich.edu\/pediatrics\/ebm\/\" target=\"_blank\" rel=\"noopener noreferrer\">Evidence based pediatrics website<\/a> (University of Michigan)<\/li>\n<li><a href=\"http:\/\/www.pncb.org\">Pediatric Nursing Certification Board<\/a><\/li>\n<\/ul>\n<ul>\n<li><a href=\"http:\/\/www.kindengezin.be\/\" target=\"_blank\" rel=\"noopener noreferrer\">Kind en Gezin<\/a>\u00a0(BE)<\/li>\n<\/ul>\n<ul>\n<li><a href=\"http:\/\/www.westside-pediatrics.com\/\" target=\"_blank\" rel=\"noopener noreferrer\">Westside Pediatrics<\/a><\/li>\n<\/ul>\n<\/li>\n<\/ul>\n<span class=\"last-modified-timestamp\">jul 7, 2025 @ 7:03 pm<\/span>\n<div id=\"simple-translate\" class=\"simple-translate-system-theme\">\n<div>\n<div class=\"simple-translate-button isShow\" style=\"background-image: url('moz-extension:\/\/37e44441-594c-4b50-b456-e2df16779982\/icons\/512.png'); height: 22px; width: 22px; top: 1038px; left: 93px;\"><\/div>\n<div class=\"simple-translate-panel \" style=\"width: 300px; height: 200px; top: 0px; left: 0px; font-size: 13px;\">\n<div class=\"simple-translate-result-wrapper\" style=\"overflow: hidden;\">\n<div class=\"simple-translate-move\" draggable=\"true\"><\/div>\n<div class=\"simple-translate-result-contents\">\n<p class=\"simple-translate-result\" dir=\"auto\">\n<p class=\"simple-translate-candidate\" dir=\"auto\">\n<\/div>\n<\/div>\n<\/div>\n<\/div>\n<\/div>\n","protected":false},"excerpt":{"rendered":"<p>Informatie \/ information Babycare and Advice\u00a0(NL) Baby op komst (NL) Babyplein\u00a0(NL) BrightFutures: voor kinderen van alle leeftijden tot de adolescentie Clinical Practice Guidelines (Royal Children&#8217;s Hospital Melbourne) Haelio Pediatrics Kindereczeem.nl Kindje op komst (NL) Lewis Pediatrics Lippincott Williams &amp; Wilkins &#8211; Pediatric Emergency Care mpedia.fr: Conseils aux parents par les<\/p>\n","protected":false},"author":1,"featured_media":0,"parent":0,"menu_order":0,"comment_status":"closed","ping_status":"closed","template":"","meta":{"footnotes":"","_wp_rev_ctl_limit":""},"class_list":["post-8053","page","type-page","status-publish","hentry"],"publishpress_future_action":{"enabled":false,"date":"2026-05-02 00:32:27","action":"delete","newStatus":"draft","terms":[],"taxonomy":"","extraData":[]},"publishpress_future_workflow_manual_trigger":{"enabledWorkflows":[]},"_links":{"self":[{"href":"https:\/\/hlrnet.com\/sites\/gzorg\/wp-json\/wp\/v2\/pages\/8053","targetHints":{"allow":["GET"]}}],"collection":[{"href":"https:\/\/hlrnet.com\/sites\/gzorg\/wp-json\/wp\/v2\/pages"}],"about":[{"href":"https:\/\/hlrnet.com\/sites\/gzorg\/wp-json\/wp\/v2\/types\/page"}],"author":[{"embeddable":true,"href":"https:\/\/hlrnet.com\/sites\/gzorg\/wp-json\/wp\/v2\/users\/1"}],"replies":[{"embeddable":true,"href":"https:\/\/hlrnet.com\/sites\/gzorg\/wp-json\/wp\/v2\/comments?post=8053"}],"version-history":[{"count":5,"href":"https:\/\/hlrnet.com\/sites\/gzorg\/wp-json\/wp\/v2\/pages\/8053\/revisions"}],"predecessor-version":[{"id":24712,"href":"https:\/\/hlrnet.com\/sites\/gzorg\/wp-json\/wp\/v2\/pages\/8053\/revisions\/24712"}],"wp:attachment":[{"href":"https:\/\/hlrnet.com\/sites\/gzorg\/wp-json\/wp\/v2\/media?parent=8053"}],"curies":[{"name":"wp","href":"https:\/\/api.w.org\/{rel}","templated":true}]}}