{"id":8051,"date":"2018-04-09T14:15:11","date_gmt":"2018-04-09T14:15:11","guid":{"rendered":"http:\/\/hlrnet.com\/sites\/gzorg\/?page_id=8051"},"modified":"2025-07-07T19:03:22","modified_gmt":"2025-07-07T19:03:22","slug":"palliatieve-zorg","status":"publish","type":"page","link":"https:\/\/hlrnet.com\/sites\/gzorg\/palliatieve-zorg\/","title":{"rendered":"Palliatieve zorg"},"content":{"rendered":"<ul>\n<li><a href=\"http:\/\/www.aahpm.org\/\" target=\"_blank\" rel=\"noopener noreferrer\">American Academy of Hospice and Palliative Medicine<\/a><\/li>\n<li><a href=\"http:\/\/www.cuidadospaliativos.org\/\" target=\"_blank\" rel=\"noopener noreferrer\">Asociaci\u00f3n latinoamericana de cuidados paliativos (ALCP)<\/a><\/li>\n<li><a href=\"http:\/\/www.aspfondatrice.org\/\" target=\"_blank\" rel=\"noopener noreferrer\">Assocation pour le d\u00e9veloppement des soins palliatifs (ASP) <\/a><\/li>\n<li><a href=\"http:\/\/www.biomedcentral.com\/bmcpalliatcare\/\" target=\"_blank\" rel=\"noopener noreferrer\">BMC Palliative Care<\/a>: journal<\/li>\n<li><a href=\"https:\/\/wemmel.center\/nl\/br.e.l.\/\">BREL: Brusselse Expertise Levenseinde<\/a><\/li>\n<li><a href=\"https:\/\/www.fbsp-bfpz.org\/\">Brusselse Federatie voor Palliatieve en Continue Zorg<\/a><\/li>\n<li><a href=\"http:\/\/www.calhospice.org\/\" target=\"_blank\" rel=\"noopener noreferrer\">California Hospice &amp; Palliative Care Association<\/a><\/li>\n<li><a href=\"http:\/\/www.chpca.net\/\" target=\"_blank\" rel=\"noopener noreferrer\">The Canadian Hospice Palliative Care Association<\/a><\/li>\n<li><a href=\"http:\/\/www.virtualhospice.ca\" target=\"_blank\" rel=\"noopener noreferrer\">Canadian Virtual Hospice &#8211; Carrefour virtuel canadien des soins palliatifs<\/a><\/li>\n<li><a href=\"http:\/\/www.capc.org\/\" target=\"_blank\" rel=\"noopener noreferrer\">Center to Advance Palliative Care<\/a><\/li>\n<li><a href=\"http:\/\/www.palliatief.be\" target=\"_blank\" rel=\"noopener noreferrer\">Federatie Palliatieve Zorg &#8211; Palliatief.be<\/a><\/li>\n<li><a href=\"http:\/\/www.soinspalliatifs.be\/\" target=\"_blank\" rel=\"noopener noreferrer\">F\u00e9d\u00e9ration wallonne des soins palliatifs<\/a><\/li>\n<li><a href=\"http:\/\/www.leif.be\/\" target=\"_blank\" rel=\"noopener noreferrer\">LEIF<\/a>: LevensEinde Informatie Forum<\/li>\n<li><a href=\"http:\/\/www.demantel.net\/\" target=\"_blank\" rel=\"noopener noreferrer\">De Mantel Palliatief Netwerk<\/a><\/li>\n<li><a href=\"http:\/\/www.nhpco.org\/\" target=\"_blank\" rel=\"noopener noreferrer\">National Hospice and Palliative Care Organization<\/a><\/li>\n<li><a href=\"http:\/\/www.netwerkpalliatievezorg.nl\/\">Netwerk Palliatieve Zorg<\/a> (NL)<\/li>\n<li><a href=\"http:\/\/www.npzl.be\/\">Netwerk\u00a0Palliatieve Zorg Limburg<\/a><\/li>\n<li><a href=\"http:\/\/www.palliaguide.be\/\">Palliaguide.be<\/a><\/li>\n<li><a href=\"http:\/\/www.palliatievezorg.nl\/\" target=\"_blank\" rel=\"noopener noreferrer\">Palliatieve Zorg.nl<\/a><\/li>\n<li><a href=\"http:\/\/palliatieve.org\/\">Palliatieve Zorg Oost-Vlaanderen<\/a><\/li>\n<li><a href=\"http:\/\/www.palliativecare.org.au\/\" target=\"_blank\" rel=\"noopener noreferrer\">Palliative Care Australia<\/a><\/li>\n<li><a href=\"http:\/\/www.palliativecarenursing.net\/\" target=\"_blank\" rel=\"noopener noreferrer\">Palliative Care Nursing<\/a><\/li>\n<li><a href=\"http:\/\/www.palliative.org\/\" target=\"_blank\" rel=\"noopener noreferrer\">Palliative.org<\/a>: Regional Palliative Care Program in Edmonton Alberta<\/li>\n<li><a href=\"https:\/\/www.pallium.be\/\">Pallium<\/a>: Vrijwilligers palliatieve thuiszorg arrondissement Leuven<\/li>\n<li><a href=\"http:\/\/www.panal.be\/\">PANAL &#8211; Palliatief Netwerk Arrondissement Leuven<\/a><\/li>\n<li><a href=\"http:\/\/www.pha.be\/\" target=\"_blank\" rel=\"noopener noreferrer\">PHA &#8211; Palliatieve Hulpverlening Antwerpen<\/a><\/li>\n<li><a href=\"http:\/\/www.rws.be\" target=\"_blank\" rel=\"noopener noreferrer\">Recht op Waardig Sterven<\/a><\/li>\n<li><a href=\"http:\/\/www.aqsp.org\/\" target=\"_blank\" rel=\"noopener noreferrer\">R\u00e9seau des soins palliatifs du Qu\u00e9bec<\/a><\/li>\n<li><a href=\"http:\/\/www.sfap.org\/index.php\" target=\"_blank\" rel=\"noopener noreferrer\">Soci\u00e9t\u00e9 fran\u00e7aise d&#8217;accompagnement et de<br \/>\nsoins palliatifs<\/a><\/li>\n<li><a href=\"http:\/\/www.secpal.com\/\" target=\"_blank\" rel=\"noopener noreferrer\">Sociedad Espa\u00f1ola de Cuidados Paliativos<\/a> (SP)<\/li>\n<\/ul>\n<span class=\"last-modified-timestamp\">jul 7, 2025 @ 7:03 pm<\/span>\n","protected":false},"excerpt":{"rendered":"<p>American Academy of Hospice and Palliative Medicine Asociaci\u00f3n latinoamericana de cuidados paliativos (ALCP) Assocation pour le d\u00e9veloppement des soins palliatifs (ASP) BMC Palliative Care: journal BREL: Brusselse Expertise Levenseinde Brusselse Federatie voor Palliatieve en Continue Zorg California Hospice &amp; Palliative Care Association The Canadian Hospice Palliative Care Association Canadian Virtual<\/p>\n","protected":false},"author":1,"featured_media":0,"parent":0,"menu_order":0,"comment_status":"closed","ping_status":"closed","template":"","meta":{"footnotes":"","_wp_rev_ctl_limit":""},"class_list":["post-8051","page","type-page","status-publish","hentry"],"publishpress_future_action":{"enabled":false,"date":"2026-04-30 16:37:00","action":"delete","newStatus":"draft","terms":[],"taxonomy":"","extraData":[]},"publishpress_future_workflow_manual_trigger":{"enabledWorkflows":[]},"_links":{"self":[{"href":"https:\/\/hlrnet.com\/sites\/gzorg\/wp-json\/wp\/v2\/pages\/8051","targetHints":{"allow":["GET"]}}],"collection":[{"href":"https:\/\/hlrnet.com\/sites\/gzorg\/wp-json\/wp\/v2\/pages"}],"about":[{"href":"https:\/\/hlrnet.com\/sites\/gzorg\/wp-json\/wp\/v2\/types\/page"}],"author":[{"embeddable":true,"href":"https:\/\/hlrnet.com\/sites\/gzorg\/wp-json\/wp\/v2\/users\/1"}],"replies":[{"embeddable":true,"href":"https:\/\/hlrnet.com\/sites\/gzorg\/wp-json\/wp\/v2\/comments?post=8051"}],"version-history":[{"count":4,"href":"https:\/\/hlrnet.com\/sites\/gzorg\/wp-json\/wp\/v2\/pages\/8051\/revisions"}],"predecessor-version":[{"id":24711,"href":"https:\/\/hlrnet.com\/sites\/gzorg\/wp-json\/wp\/v2\/pages\/8051\/revisions\/24711"}],"wp:attachment":[{"href":"https:\/\/hlrnet.com\/sites\/gzorg\/wp-json\/wp\/v2\/media?parent=8051"}],"curies":[{"name":"wp","href":"https:\/\/api.w.org\/{rel}","templated":true}]}}