{"id":8042,"date":"2018-04-09T14:08:17","date_gmt":"2018-04-09T14:08:17","guid":{"rendered":"http:\/\/hlrnet.com\/sites\/gzorg\/?page_id=8042"},"modified":"2024-11-19T14:53:59","modified_gmt":"2024-11-19T14:53:59","slug":"multicultureel-verplegen","status":"publish","type":"page","link":"https:\/\/hlrnet.com\/sites\/gzorg\/multicultureel-verplegen\/","title":{"rendered":"Multicultureel verplegen"},"content":{"rendered":"<ul>\n<li><a href=\"http:\/\/agii.be\/\">Agentschap voor integratie en inburgering<\/a><\/li>\n<li><a href=\"https:\/\/www.cultures-sante.be\/\">Cultures &amp; Sant\u00e9<\/a>\n<ul>\n<li><a href=\"https:\/\/www.cultures-sante.be\/outils-ressources\/\">Outils et ressources<\/a><\/li>\n<\/ul>\n<\/li>\n<li><a href=\"https:\/\/www.infirmiersderue.be\/\">Infirmiers de rue \/ Straatverplegers<\/a><\/li>\n<li><a href=\"http:\/\/medimmigrant.be\/\">Medimmigrant<\/a><\/li>\n<li><a href=\"https:\/\/wij-zij.be\/\">Wij-zij<\/a>: over polarisatie<\/li>\n<li><a href=\"https:\/\/ziedet.be\">Ziedet<\/a>: e-learningplatform over culturele diversiteit in de zorg- en welzijnssector<\/li>\n<li>Kaders\n<ul>\n<li><a href=\"https:\/\/pubmed.ncbi.nlm.nih.gov\/21895740\/\">Campinha-Bacote&#8217;s process of cultural competence model<\/a><\/li>\n<li><a href=\"https:\/\/www.coe.int\/\">Council of Europe<\/a>: <a href=\"https:\/\/www.coe.int\/en\/web\/interculturalcities\/\">Intercultural Cities Program<\/a>\n<ul>\n<li><a href=\"https:\/\/rm.coe.int\/16806ccc07\">Competences for democratic culture<\/a><\/li>\n<li><a href=\"https:\/\/www.coe.int\/fr\/web\/platform-plurilingual-intercultural-language-education\/intercultural-aspects\">L&#8217;interculturel<\/a><\/li>\n<li><a href=\"https:\/\/www.coe.int\/en\/web\/interculturalcities\/intercultural-citizenship-test#1\">Intercultural Citizenship Test<\/a><\/li>\n<li><a href=\"https:\/\/www.coe.int\/fr\/web\/interculturalcities\/icc-test\">Test de citoyennet\u00e9 interculturelle<\/a><\/li>\n<\/ul>\n<\/li>\n<li><a href=\"https:\/\/www.pcpcc.org\/resource\/cultural-competence-education-students-medicine-and-public-health\">Cultural Competency Model (ASPPH)<\/a><\/li>\n<li><a href=\"http:\/\/www.internationalecompetenties.be\/\">Internationalecompetenties.be<\/a><\/li>\n<li><a href=\"https:\/\/europepmc.org\/article\/med\/12113147\">The Giger and Davidhizar Transcultural Assessment Model<\/a><\/li>\n<li><a href=\"https:\/\/www.ugent.be\/ge\/en\/internationalcompetences\">UGent<\/a><\/li>\n<li><a href=\"https:\/\/www.ohchr.org\/\" target=\"_blank\" rel=\"noopener noreferrer\">United Nations High Commissioner for Human Rights<\/a><\/li>\n<li><a href=\"https:\/\/www.ohchr.org\/en\/human-rights\/universal-declaration\/translations\/dutch-nederlands?LangID=dut\">OHCHR | Universal Declaration of Human Rights<\/a> &#8211; Dutch (Nederlands)<\/li>\n<\/ul>\n<\/li>\n<li>\u00a0Information\n<ul>\n<li><a href=\"http:\/\/www.art1.nl\/\">Art1<\/a> (NL)<\/li>\n<li><a href=\"https:\/\/www.idrinstitute.org\/resources\/basic-concepts-intercultural-communication\/\">Basic Concepts of Intercultural Communication<\/a> (IDRInstitute)<\/li>\n<li><a href=\"https:\/\/www.who.int\/europe\/health-topics\/behavioural-insights\">Behavioral and cultural insights (WHO)<\/a><\/li>\n<li><a href=\"https:\/\/www.cultures-sante.be\/\">Cultures et Sant\u00e9 (BE)<\/a><\/li>\n<li><a href=\"http:\/\/ethnomed.org\/\" target=\"_blank\" rel=\"noopener noreferrer\">EthnoMed<\/a><\/li>\n<li><a href=\"https:\/\/ojs.uv.es\/index.php\/Hybrida\/index\">HYBRIDA. Revue scientifique sur les hybridations culturelles et les identit\u00e9s migrantes<\/a><\/li>\n<li><a href=\"http:\/\/www.interculturelecommunicatie.com\/download\/gezondheidszorg.html\" target=\"_blank\" rel=\"noopener noreferrer\">Interculturele communicatie: gezondheidszorg en minderheden<\/a><\/li>\n<li><a href=\"https:\/\/www.health.belgium.be\/fr\/sante\/organisation-des-soins-de-sante\/qualite-des-soins\/mediation-interculturelle-dans-les-soins-de\">M\u00e9diation interculturelle dans les soins de sant\u00e9 | SPF Sant\u00e9 publique<\/a><\/li>\n<li><a href=\"http:\/\/www.edchange.org\/multicultural\/index.html\" target=\"_blank\" rel=\"noopener noreferrer\">Multicultural Pavilion<\/a><\/li>\n<li><a href=\"http:\/\/www.nursing-standard.co.uk\/\" target=\"_blank\" rel=\"noopener noreferrer\">Nursing Standards<\/a><\/li>\n<li><a href=\"https:\/\/textbooks.whatcom.edu\/cmst245\/\">Organizational Communication<\/a> (Open textbook)<\/li>\n<li><a href=\"http:\/\/www.prb.org\/\" target=\"_blank\" rel=\"noopener noreferrer\">Population Reference Bureau<\/a><\/li>\n<li><a href=\"http:\/\/www.priory.com\/psych\/trans.htm\" target=\"_blank\" rel=\"noopener noreferrer\">Transcultural Health Online<\/a><\/li>\n<li><a href=\"http:\/\/www.tcns.org\/\" target=\"_blank\" rel=\"noopener noreferrer\">Transcultural Nursing Society<\/a><\/li>\n<li><a href=\"http:\/\/www.who.int\/countries\/en\/\" target=\"_blank\" rel=\"noopener noreferrer\">WHO: Countries<\/a><\/li>\n<\/ul>\n<\/li>\n<li>Journals\n<ul>\n<li><a href=\"https:\/\/equityhealthj.biomedcentral.com\/\">International Journal for Equity in Health<\/a><\/li>\n<li><a href=\"https:\/\/journals.sagepub.com\/home\/tcn\">Journal of Transcultural Nursing<\/a><\/li>\n<li><a href=\"https:\/\/tcns.org\/\">Journal of Transcultural Nursing Society<\/a><\/li>\n<\/ul>\n<\/li>\n<li>Services\n<ul>\n<li><a href=\"https:\/\/www.agii.be\/\">Agentschap Integratie en Inburgering<\/a><\/li>\n<li><a href=\"https:\/\/www.cire.be\/\">CIRE: Coordination et Initiatives pour R\u00e9fugi\u00e9s et \u00c9trangers<\/a><\/li>\n<li><a href=\"https:\/\/netwerkislamexperten.be\/\">Netwerk Islam Experten<\/a><\/li>\n<li><a href=\"https:\/\/www.setisbxl.be\/#\">Setis Bxl<\/a>: service de traduction<\/li>\n<\/ul>\n<\/li>\n<li>Other\n<ul>\n<li><a href=\"https:\/\/www.durfdiversdenken.be\/\">Durf Divers Denken<\/a><\/li>\n<li><a href=\"https:\/\/www.hofstede-insights.com\/\">Hofstede Insight<\/a><\/li>\n<li><a href=\"https:\/\/www.storiesthatmove.org\/en\/\">Stories that move<\/a>: toolbox against discrimination<\/li>\n<\/ul>\n<\/li>\n<\/ul>\n<span class=\"last-modified-timestamp\">nov 19, 2024 @ 2:53 pm<\/span>\n","protected":false},"excerpt":{"rendered":"<p>Agentschap voor integratie en inburgering Cultures &amp; Sant\u00e9 Outils et ressources Infirmiers de rue \/ Straatverplegers Medimmigrant Wij-zij: over polarisatie Ziedet: e-learningplatform over culturele diversiteit in de zorg- en welzijnssector Kaders Campinha-Bacote&#8217;s process of cultural competence model Council of Europe: Intercultural Cities Program Competences for democratic culture L&#8217;interculturel Intercultural Citizenship<\/p>\n","protected":false},"author":1,"featured_media":0,"parent":0,"menu_order":0,"comment_status":"closed","ping_status":"closed","template":"","meta":{"footnotes":"","_wp_rev_ctl_limit":""},"class_list":["post-8042","page","type-page","status-publish","hentry"],"publishpress_future_action":{"enabled":false,"date":"2026-04-30 23:11:15","action":"delete","newStatus":"draft","terms":[],"taxonomy":"","extraData":[]},"publishpress_future_workflow_manual_trigger":{"enabledWorkflows":[]},"_links":{"self":[{"href":"https:\/\/hlrnet.com\/sites\/gzorg\/wp-json\/wp\/v2\/pages\/8042","targetHints":{"allow":["GET"]}}],"collection":[{"href":"https:\/\/hlrnet.com\/sites\/gzorg\/wp-json\/wp\/v2\/pages"}],"about":[{"href":"https:\/\/hlrnet.com\/sites\/gzorg\/wp-json\/wp\/v2\/types\/page"}],"author":[{"embeddable":true,"href":"https:\/\/hlrnet.com\/sites\/gzorg\/wp-json\/wp\/v2\/users\/1"}],"replies":[{"embeddable":true,"href":"https:\/\/hlrnet.com\/sites\/gzorg\/wp-json\/wp\/v2\/comments?post=8042"}],"version-history":[{"count":5,"href":"https:\/\/hlrnet.com\/sites\/gzorg\/wp-json\/wp\/v2\/pages\/8042\/revisions"}],"predecessor-version":[{"id":23727,"href":"https:\/\/hlrnet.com\/sites\/gzorg\/wp-json\/wp\/v2\/pages\/8042\/revisions\/23727"}],"wp:attachment":[{"href":"https:\/\/hlrnet.com\/sites\/gzorg\/wp-json\/wp\/v2\/media?parent=8042"}],"curies":[{"name":"wp","href":"https:\/\/api.w.org\/{rel}","templated":true}]}}