{"id":8027,"date":"2018-04-09T13:49:40","date_gmt":"2018-04-09T13:49:40","guid":{"rendered":"http:\/\/hlrnet.com\/sites\/gzorg\/?page_id=8027"},"modified":"2025-07-07T19:04:50","modified_gmt":"2025-07-07T19:04:50","slug":"software-voor-zorgverlening","status":"publish","type":"page","link":"https:\/\/hlrnet.com\/sites\/gzorg\/software-voor-zorgverlening\/","title":{"rendered":"Software en technologie voor zorgverlening"},"content":{"rendered":"<ul>\n<li><a href=\"http:\/\/www.adldata.com\/\" target=\"_blank\" rel=\"noopener noreferrer\">ADL Data Systems<\/a>: nursing home software<\/li>\n<li><a href=\"http:\/\/www.aexis.com\/\" target=\"_blank\" rel=\"noopener noreferrer\">Aexis<\/a>:Healthcare Information Systems<\/li>\n<li><a href=\"http:\/\/www.ahima.org\/\" target=\"_blank\" rel=\"noopener noreferrer\">AHIMA &#8211; American Health Information Management Association<\/a><\/li>\n<li><a href=\"http:\/\/www.allscripts.com\/\">Allscripts<\/a><\/li>\n<li><a href=\"http:\/\/www.ania.org\/\" target=\"_blank\" rel=\"noopener noreferrer\">American Nursing Informatics Association (ANIA)<\/a><\/li>\n<li><a href=\"http:\/\/www.ascendhealthcare.com\/\" target=\"_blank\" rel=\"noopener noreferrer\">Ascend Health Care<\/a><\/li>\n<li><a href=\"http:\/\/www.caresolutions.be\/\" target=\"_blank\" rel=\"noopener noreferrer\"><strong>Caresolutions<\/strong><\/a>: documentenbeheer, zelfevaluatie, risico-analyse\u00a0(BE)<\/li>\n<li style=\"font-weight: bold;\"><a href=\"https:\/\/www.cegeka.com\/\" target=\"_blank\" rel=\"noopener noreferrer\">CeGeKa<\/a><\/li>\n<li><a href=\"http:\/\/www.geracc.be\/\" target=\"_blank\" rel=\"noopener noreferrer\">CMS<\/a>: Geracc (rusthuis informatisering) &#8211; NISplan (personeelsplanning)<\/li>\n<li><a href=\"http:\/\/www.corilus.be\">Corilus<\/a>\u00a0(BE)\n<ul>\n<li><a href=\"http:\/\/www.mgc.be\/\" target=\"_blank\" rel=\"noopener noreferrer\">Medidoc gebruikersclub<\/a><\/li>\n<\/ul>\n<\/li>\n<li><a href=\"https:\/\/egeo.be\/\">EGEO<\/a>: agendabeheer, wachtkamerschermen en meer<\/li>\n<li><a href=\"http:\/\/www.ehdp.com\/\" target=\"_blank\" rel=\"noopener noreferrer\">EHDP Expert Health Data Programming<\/a> &#8211; Vitalnet software for analyzing data sets in health care<\/li>\n<li><a href=\"http:\/\/www.emma.health\">Emma<\/a><\/li>\n<li><a href=\"http:\/\/www.cdc.gov\/EpiInfo\/\">Epi Info<\/a><\/li>\n<li><a href=\"http:\/\/www.ge.com\/\" target=\"_blank\" rel=\"noopener noreferrer\">General Electic: Healthcare<\/a><\/li>\n<li><a href=\"https:\/\/helpilepsy.com\/\">Helpilepsy:\u00a0digital assistant for people with epilepsy and their neurologist<\/a><\/li>\n<li><a href=\"http:\/\/www.ihc.be\/\" target=\"_blank\" rel=\"noopener noreferrer\">IHC.be<\/a> (medicatiebeheer, pati\u00ebntendossier, radiologie, spoedgevallen, &#8230;)<\/li>\n<li><a href=\"http:\/\/hsmn.com\/\" target=\"_blank\" rel=\"noopener noreferrer\">HSMN &#8211; Health Systems Management Network<\/a><\/li>\n<li><a href=\"http:\/\/www-1.ibm.com\/industries\/healthcare\/\" target=\"_blank\" rel=\"noopener noreferrer\">IBM Healthcare<\/a><\/li>\n<li><a href=\"http:\/\/www.infohos.be\/\" target=\"_blank\" rel=\"noopener noreferrer\">Infohos<\/a><\/li>\n<li><a href=\"https:\/\/www.insiteplatform.com\/\">Insite: the largest European Live Clinical Data Network<\/a><\/li>\n<li><a href=\"http:\/\/www.interfaceware.com\/\" target=\"_blank\" rel=\"noopener noreferrer\">iNTERFACEWARE<\/a>: HL7, ASTM, EDI and X12 messaging<\/li>\n<li><a href=\"http:\/\/www.compucorp.co.uk\/\" target=\"new&quot;\" rel=\"noopener noreferrer\">MAISY Healthcare Software<\/a><\/li>\n<li><a href=\"http:\/\/mhealthbelgium.be\/\">mHealthBelgium<\/a>: platform voor mobiele applicaties<\/li>\n<li><a href=\"http:\/\/miconsultancy.com\/\" target=\"_blank\" rel=\"noopener noreferrer\">MI Consultancy: EPD \/ EMD Systemen (Norma 2000)<\/a><\/li>\n<li><a href=\"http:\/\/www.mshug.org\/\" target=\"_blank\" rel=\"noopener noreferrer\">Microsoft Healthcare Users Group<\/a><\/li>\n<li><a href=\"http:\/\/www.nictiz.nl\/\" target=\"_blank\" rel=\"noopener noreferrer\">Nationaal ICT instituut in de zorg<\/a><\/li>\n<li><a href=\"http:\/\/www.mendosa.com\/software.htm\" target=\"_blank\" rel=\"noopener noreferrer\">Online diabetes resources: software<\/a><\/li>\n<li><a href=\"http:\/\/www.ojni.org\" target=\"_blank\" rel=\"noopener noreferrer\">On-line journal of nursing informatics<\/a><\/li>\n<li><a href=\"http:\/\/patientlinkinc.com\/\" target=\"_blank\" rel=\"noopener noreferrer\">PatientLink Inc.<\/a><\/li>\n<li><a href=\"http:\/\/www.sidiary.org\/\">SiDiary<\/a>: diabetes software<\/li>\n<li><a href=\"http:\/\/www.seei.es\/\" target=\"_blank\" rel=\"noopener noreferrer\">SEEI<\/a> &#8211; Sociedad espa\u00f1ola de Enfermer\u00eda Inform\u00e1tica e Internet<\/li>\n<li><a href=\"http:\/\/www.seis.es\/\" target=\"_blank\" rel=\"noopener noreferrer\">SEIS &#8211; Sociedad Espa\u00f1ola de Inform\u00e1tica de la Salud<\/a><\/li>\n<li><a href=\"http:\/\/www.sidiary.org\/\" target=\"_blank\" rel=\"noopener noreferrer\">SiDiary<\/a>: diabetes software<\/li>\n<li><a href=\"http:\/\/simulations-plus.com\/\">Simulations Plus<\/a><\/li>\n<li><a href=\"http:\/\/www.televic.com\/\" target=\"_blank\" rel=\"noopener noreferrer\">Televic Healthcare communications and Nurse Call systems<\/a><\/li>\n<li><a href=\"http:\/\/www.tendercare.com\/\" target=\"_blank\" rel=\"noopener noreferrer\">Tendercare Institute of Medical Informatics<\/a><\/li>\n<li><a href=\"https:\/\/xperthis.com\/\" target=\"_blank\" rel=\"noopener noreferrer\">Xperthis<\/a> (BE) (ex-ACC, ex-TINA) : Asis (ziekenhuizen), Iris (ouderenzorg), Kid (kinderdagverblijven), Partezis (overige)<\/li>\n<li><a href=\"http:\/\/www.nursing.uiowa.edu\/\" target=\"_blank\" rel=\"noopener noreferrer\">University of Iowa: Nursing informatics<\/a><\/li>\n<li><a href=\"http:\/\/www.vmbi.nl\/\" target=\"_blank\" rel=\"noopener noreferrer\">Vereniging voor informatieverwerking in de zorg<\/a><\/li>\n<\/ul>\n<span class=\"last-modified-timestamp\">jul 7, 2025 @ 7:04 pm<\/span>\n<div id=\"simple-translate\" class=\"simple-translate-system-theme\">\n<div>\n<div class=\"simple-translate-button isShow\" style=\"background-image: url('moz-extension:\/\/37e44441-594c-4b50-b456-e2df16779982\/icons\/512.png'); height: 22px; width: 22px; top: 640px; left: 44px;\"><\/div>\n<div class=\"simple-translate-panel \" style=\"width: 300px; height: 200px; top: 0px; left: 0px; font-size: 13px;\">\n<div class=\"simple-translate-result-wrapper\" style=\"overflow: hidden;\">\n<div class=\"simple-translate-move\" draggable=\"true\"><\/div>\n<div class=\"simple-translate-result-contents\">\n<p class=\"simple-translate-result\" dir=\"auto\">\n<p class=\"simple-translate-candidate\" dir=\"auto\">\n<\/div>\n<\/div>\n<\/div>\n<\/div>\n<\/div>\n","protected":false},"excerpt":{"rendered":"<p>ADL Data Systems: nursing home software Aexis:Healthcare Information Systems AHIMA &#8211; American Health Information Management Association Allscripts American Nursing Informatics Association (ANIA) Ascend Health Care Caresolutions: documentenbeheer, zelfevaluatie, risico-analyse\u00a0(BE) CeGeKa CMS: Geracc (rusthuis informatisering) &#8211; NISplan (personeelsplanning) Corilus\u00a0(BE) Medidoc gebruikersclub EGEO: agendabeheer, wachtkamerschermen en meer EHDP Expert Health Data Programming<\/p>\n","protected":false},"author":1,"featured_media":0,"parent":0,"menu_order":0,"comment_status":"closed","ping_status":"closed","template":"","meta":{"footnotes":"","_wp_rev_ctl_limit":""},"class_list":["post-8027","page","type-page","status-publish","hentry"],"publishpress_future_action":{"enabled":false,"date":"2026-04-30 16:37:00","action":"delete","newStatus":"draft","terms":[],"taxonomy":"","extraData":[]},"publishpress_future_workflow_manual_trigger":{"enabledWorkflows":[]},"_links":{"self":[{"href":"https:\/\/hlrnet.com\/sites\/gzorg\/wp-json\/wp\/v2\/pages\/8027","targetHints":{"allow":["GET"]}}],"collection":[{"href":"https:\/\/hlrnet.com\/sites\/gzorg\/wp-json\/wp\/v2\/pages"}],"about":[{"href":"https:\/\/hlrnet.com\/sites\/gzorg\/wp-json\/wp\/v2\/types\/page"}],"author":[{"embeddable":true,"href":"https:\/\/hlrnet.com\/sites\/gzorg\/wp-json\/wp\/v2\/users\/1"}],"replies":[{"embeddable":true,"href":"https:\/\/hlrnet.com\/sites\/gzorg\/wp-json\/wp\/v2\/comments?post=8027"}],"version-history":[{"count":5,"href":"https:\/\/hlrnet.com\/sites\/gzorg\/wp-json\/wp\/v2\/pages\/8027\/revisions"}],"predecessor-version":[{"id":24714,"href":"https:\/\/hlrnet.com\/sites\/gzorg\/wp-json\/wp\/v2\/pages\/8027\/revisions\/24714"}],"wp:attachment":[{"href":"https:\/\/hlrnet.com\/sites\/gzorg\/wp-json\/wp\/v2\/media?parent=8027"}],"curies":[{"name":"wp","href":"https:\/\/api.w.org\/{rel}","templated":true}]}}