{"id":8023,"date":"2018-04-09T13:43:31","date_gmt":"2018-04-09T13:43:31","guid":{"rendered":"http:\/\/hlrnet.com\/sites\/gzorg\/?page_id=8023"},"modified":"2026-03-20T19:44:19","modified_gmt":"2026-03-20T19:44:19","slug":"wondzorg","status":"publish","type":"page","link":"https:\/\/hlrnet.com\/sites\/gzorg\/wondzorg\/","title":{"rendered":"Wondzorg"},"content":{"rendered":"<p>Informatiebronnen<\/p>\n<ul>\n<li><a href=\"http:\/\/www.digiwond.ugent.be\/\">DigiWond<\/a>: digitaal kennisbestand wondzorg (UGent)<\/li>\n<li><a href=\"http:\/\/www.emedicinehealth.com\/wound_care\/article_em.htm\" target=\"_blank\" rel=\"noopener noreferrer\">eMedicineHealth: wound care<\/a><\/li>\n<li><a href=\"http:\/\/www.journalofwoundcare.com\/\" target=\"_blank\" rel=\"noopener noreferrer\">Journal of Wound Care<\/a><\/li>\n<li><a href=\"http:\/\/www.nlm.nih.gov\/medlineplus\/wounds.html\" target=\"_blank\" rel=\"noopener noreferrer\">MedlinePlus: Wounds<\/a><\/li>\n<li><a href=\"http:\/\/www.startwondverzorging.nl\/\">Start Wondverzorging<\/a><\/li>\n<li><a href=\"http:\/\/www.cnh.nl\" target=\"_blank\" rel=\"noopener noreferrer\">Stichting Care Net Holland<\/a><\/li>\n<li><a href=\"http:\/\/www.wcs-belgie.be\/\">WCS Belgi\u00eb<\/a><\/li>\n<li><a href=\"http:\/\/www.worldwidewounds.com\/\" target=\"_blank\" rel=\"noopener noreferrer\">World Wide Wounds<\/a><\/li>\n<li><a href=\"http:\/\/www.bu.edu\/woundbiotech\/\">Woundbiotech (Boston University)<\/a><\/li>\n<li><a href=\"http:\/\/www.skinwound.com\" target=\"_blank\" rel=\"noopener noreferrer\">Wound Care Dermatology Online<\/a><\/li>\n<li><a href=\"http:\/\/medicaledu.com\/\" target=\"_blank\" rel=\"noopener noreferrer\">Wound Care Information Network<\/a><\/li>\n<li><a href=\"http:\/\/www.woundsource.com\" target=\"_blank\" rel=\"noopener noreferrer\">Wound Source<\/a><\/li>\n<li><a href=\"http:\/\/www.woundsinternational.com\/\">Wounds International<\/a><\/li>\n<li>Tijdschiften \/ journals\n<ul>\n<li><a href=\"http:\/\/www.aswcjournal.com\/\" target=\"_blank\" rel=\"noopener noreferrer\">Advances in Skin &amp; Wound Care<\/a><\/li>\n<li><a href=\"http:\/\/www.jwocnonline.com\" target=\"_blank\" rel=\"noopener noreferrer\">Journal of Wound, Ostomy and Continence Nursing<\/a><\/li>\n<li><a href=\"http:\/\/www.journalofwoundcare.com\/\" target=\"_blank\" rel=\"noopener noreferrer\">Journal of Wound Care<\/a><\/li>\n<li><a href=\"http:\/\/www.o-wm.com\/\" target=\"_blank\" rel=\"noopener noreferrer\">Ostomy Wound Management<\/a><\/li>\n<\/ul>\n<\/li>\n<\/ul>\n<p>Topics<\/p>\n<ul>\n<li><a href=\"http:\/\/www.decubitus.be\/\">Decubitus.be<\/a><\/li>\n<li><a href=\"http:\/\/decubitus.be\/\">Decubitus-escarres<\/a>: Belgische richtlijn &#8211; recommendation belge<\/li>\n<li><a href=\"https:\/\/www.decubitus-nederland.nl\/\">Decubitus Nederland<\/a><\/li>\n<li><a href=\"http:\/\/www.escarre-perse.com\/\">Escarre-PERSE<\/a> (pr\u00e9vention \u00e9ducation recherche soins escarres)<\/li>\n<li><a href=\"http:\/\/www.epuap.org\/\">European Pression Ulcer Advisory Panel<\/a><\/li>\n<li><a href=\"http:\/\/www.teleconsultatie.nl\/\">Stichting voor teledermatologische consultatie<\/a> (NL)<\/li>\n<li>Littekens: produkten\n<ul>\n<li><a href=\"http:\/\/www.abimelec.com\/\">Abimelec<\/a><\/li>\n<li><a href=\"http:\/\/bapscarcare.nl\/\">Bapscarcare<\/a><\/li>\n<li><a href=\"http:\/\/www.caroskin.com\/\">Caroskin<\/a><\/li>\n<li><a href=\"http:\/\/www.dermatix.be\/\">Dermatix<\/a><\/li>\n<\/ul>\n<\/li>\n<li>Stomaverpleegkunde: verenigingen\n<ul>\n<li><a href=\"http:\/\/www.fascrs.org\/\" target=\"_blank\" rel=\"noopener noreferrer\">ASCRS: American Society of Colon and Rectal Surgeons<\/a><\/li>\n<li><a href=\"http:\/\/www.ccv-vzw.be\/\" target=\"_blank\" rel=\"noopener noreferrer\">Crohn en colitis ulcerosavereniging<\/a> (BE)<\/li>\n<li><a href=\"http:\/\/www.crohn-colitis.nl\/\" target=\"_blank\" rel=\"noopener noreferrer\">Crohn en Colitis Ulcerosa Vereniging Nederland <\/a><\/li>\n<li><a href=\"http:\/\/www.fundacionostomia.org\/\" target=\"_blank\" rel=\"noopener noreferrer\">Fundaci\u00f3n Ostom\u00eda<\/a> (SP)<\/li>\n<li><a href=\"http:\/\/www.ostomytoronto.com\/\" target=\"_blank\" rel=\"noopener noreferrer\">Ostomy Toronto<\/a><\/li>\n<li><a href=\"http:\/\/www.stoma.be\/\" target=\"_blank\" rel=\"noopener noreferrer\">Stoma Antwerpen<\/a><\/li>\n<li><a href=\"http:\/\/www.stomailco.be\/\" target=\"_blank\" rel=\"noopener noreferrer\">Stoma-Ilco<\/a><\/li>\n<li><a href=\"http:\/\/www.ostomycanada.ca\/\" target=\"_blank\" rel=\"noopener noreferrer\">United Ostomy Association of Canada<\/a><\/li>\n<li><a href=\"https:\/\/www.ostomy.org\/\" target=\"_blank\" rel=\"noopener noreferrer\">United Ostomy Associations of America<\/a><\/li>\n<li><a href=\"http:\/\/www.stomavlas.be\/\" target=\"_blank\" rel=\"noopener noreferrer\">Vlaamse Stomaverpleegkundigen <\/a><\/li>\n<li><a href=\"http:\/\/www.wocn.org\/\" target=\"_blank\" rel=\"noopener noreferrer\">Wound Ostomy &amp; Continence Nurses Society<\/a><\/li>\n<\/ul>\n<\/li>\n<li>Stomaverpleegkunde: bedrijven\n<ul>\n<li><a href=\"http:\/\/www.continentostomystore.com\/\" target=\"_blank\" rel=\"noopener noreferrer\">COS Medical<\/a><\/li>\n<li><a href=\"http:\/\/www.dansac.nl\/\" target=\"_blank\" rel=\"noopener noreferrer\">Dansac<\/a><\/li>\n<li><a href=\"http:\/\/www.laprocare.nl\/\">Laprocare<\/a><\/li>\n<li><a href=\"http:\/\/www.ostomysolutions.com\/\" target=\"_blank\" rel=\"noopener noreferrer\">Ostomy Solutions<\/a><\/li>\n<\/ul>\n<\/li>\n<li>Verenigingen en instellingen\n<ul>\n<li><a href=\"http:\/\/www.apwca.org\/\" target=\"_blank\" rel=\"noopener noreferrer\">American Professional Wound Care Association (APWCA)<\/a><\/li>\n<li><a href=\"http:\/\/www.afiscep.be\">Association Francophone d\u2019Infirmiers(\u00e8res) en Stomath\u00e9rapie, Cicatrisation et Plaie de Belgique<\/a><\/li>\n<li><a href=\"http:\/\/www.cawc.net\/\" target=\"_blank\" rel=\"noopener noreferrer\">Canadia Association of Wound Care<\/a><\/li>\n<li><a href=\"https:\/\/www.cnpv.be\/\">CNPV<\/a><\/li>\n<li><a href=\"http:\/\/www.epuap.org\/\">European Pressure Ulcer Advisory Panel<\/a><\/li>\n<li><a href=\"http:\/\/www.etrs.org\/\" target=\"_blank\" rel=\"noopener noreferrer\">European Tissue Repair Society<\/a><\/li>\n<li><a href=\"http:\/\/www.ewma.org\/\" target=\"_blank\" rel=\"noopener noreferrer\">European Wound Management Association (EWMA)<\/a><\/li>\n<li><a href=\"http:\/\/gneaupp.info\/\">GNEAUPP &#8211; Grupo Nacional para el Estudio y Asesoramiento en \u00dalceras por Presi\u00f3n y Heridas Cr\u00f3nicas<\/a><\/li>\n<li><a href=\"http:\/\/www.hyperbaricwoundcare.com\/\" target=\"_blank\" rel=\"noopener noreferrer\">Hyperbaric and Wound Care Associates<\/a><\/li>\n<li><a href=\"http:\/\/www.ontariowoundcare.com\/\" target=\"_blank\" rel=\"noopener noreferrer\">Ontario Wound Care<\/a><\/li>\n<li><a href=\"http:\/\/www.sfetb.org\/\">Soci\u00e9t\u00e9 Fran\u00e7aise d&#8217;Etude et de Traitement des Br\u00fblures<\/a><\/li>\n<li><a href=\"http:\/\/www.tvs.org.uk\/\" target=\"_blank\" rel=\"noopener noreferrer\">Tissue Viabality Society<\/a><\/li>\n<li><a href=\"http:\/\/www.wocncb.org\/\" target=\"_blank\" rel=\"noopener noreferrer\">Wound Care Certification<\/a><\/li>\n<li><a href=\"http:\/\/www.wcei.net\/\" target=\"_blank\" rel=\"noopener noreferrer\">Wound Care Education Institute<\/a><\/li>\n<\/ul>\n<\/li>\n<\/ul>\n<p>Bedrijven<\/p>\n<ul>\n<li><a href=\"https:\/\/www.3m.com\/\" target=\"_blank\" rel=\"noopener noreferrer\">3M<\/a><\/li>\n<li><a href=\"http:\/\/www.allegromedical.com\/\">AllegroMedical<\/a><\/li>\n<li><a href=\"http:\/\/www.amerigel.com\/\" target=\"_blank\" rel=\"noopener noreferrer\">Amerigel<\/a><\/li>\n<li><a href=\"http:\/\/www.aspensurgical.com\/\">Aspen Surgical<\/a><\/li>\n<li><a href=\"http:\/\/www.baromedical.ca\/\" target=\"_blank\" rel=\"noopener noreferrer\">BaroMedical<\/a><\/li>\n<li><a href=\"http:\/\/www.biodermis.com\/\" target=\"_blank\" rel=\"noopener noreferrer\">BioDermis Scar Management Systems<\/a><\/li>\n<li><a href=\"http:\/\/www.coloplast.nl\/\" target=\"_blank\" rel=\"noopener noreferrer\">Coloplast<\/a><\/li>\n<li><a href=\"http:\/\/covalon.com\/\">Covalon<\/a><\/li>\n<li><a href=\"http:\/\/www.decupre.com\/\">Decupr\u00e9<\/a><\/li>\n<li><a href=\"http:\/\/www.hartmann.be\">Hartmann<\/a><\/li>\n<li><a href=\"http:\/\/www.lohmann-rauscher.nl\">Lohmann &amp; Rauscher<\/a><\/li>\n<li><a href=\"http:\/\/www.molnlycke.com\/\">Molnlycke<\/a><\/li>\n<li><a href=\"http:\/\/www.oucmedical.com\" target=\"_blank\" rel=\"noopener noreferrer\">OUC Medical<\/a><\/li>\n<li><a href=\"http:\/\/www.silverlon.com\/\" target=\"_blank\" rel=\"noopener noreferrer\">Siverlon<\/a><\/li>\n<li><a href=\"http:\/\/www.smith-nephew.com\/\" target=\"_blank\" rel=\"noopener noreferrer\">Smith &amp; Nephew<\/a><\/li>\n<li><a href=\"http:\/\/www.snugs.com\" target=\"_blank\" rel=\"noopener noreferrer\">Snugs Tapeless Wound Care Systems<\/a><\/li>\n<li><a href=\"http:\/\/www.springmedical.nl\/\">SpringMedical<\/a><\/li>\n<li><a href=\"http:\/\/www.wemedical.nl\/\">WE Medical<\/a><\/li>\n<li><a href=\"http:\/\/wondbedekkers.nl\/\">Wondbedekkers<\/a><\/li>\n<li><a href=\"http:\/\/www.wcs-belgie.be\/\" target=\"_blank\" rel=\"noopener noreferrer\">Woundcare Consultant Society<\/a> (BE)<\/li>\n<\/ul>\n<p>Opleidingen<\/p>\n<ul>\n<li><a href=\"http:\/\/www.cnpv.be\">CNPV<\/a><\/li>\n<\/ul>\n<p>Software<\/p>\n<ul>\n<li><a href=\"http:\/\/www.intellicure.com\">Intellicure<\/a><\/li>\n<li><a href=\"http:\/\/www.podiatricultrasound.com\/PictZar.htm\">PictZar measurement software<\/a><\/li>\n<li><a href=\"http:\/\/www.pixalere.com\/\">Pixalere<\/a><\/li>\n<li><a href=\"http:\/\/www.ddhsoftware.com\/\">Wound Care Manager<\/a><\/li>\n<li><a href=\"http:\/\/www.woundexpert.com\/\">WoundExpert<\/a><\/li>\n<\/ul>\n","protected":false},"excerpt":{"rendered":"<p>Informatiebronnen DigiWond: digitaal kennisbestand wondzorg (UGent) eMedicineHealth: wound care Journal of Wound Care MedlinePlus: Wounds Start Wondverzorging Stichting Care Net Holland WCS Belgi\u00eb World Wide Wounds Woundbiotech (Boston University) Wound Care Dermatology Online Wound Care Information Network Wound Source Wounds International Tijdschiften \/ journals Advances in Skin &amp; Wound Care<\/p>\n","protected":false},"author":1,"featured_media":0,"parent":0,"menu_order":0,"comment_status":"closed","ping_status":"closed","template":"","meta":{"footnotes":"","_wp_rev_ctl_limit":""},"class_list":["post-8023","page","type-page","status-publish","hentry"],"publishpress_future_action":{"enabled":false,"date":"2026-04-30 23:56:53","action":"delete","newStatus":"draft","terms":[],"taxonomy":"","extraData":[]},"publishpress_future_workflow_manual_trigger":{"enabledWorkflows":[]},"_links":{"self":[{"href":"https:\/\/hlrnet.com\/sites\/gzorg\/wp-json\/wp\/v2\/pages\/8023","targetHints":{"allow":["GET"]}}],"collection":[{"href":"https:\/\/hlrnet.com\/sites\/gzorg\/wp-json\/wp\/v2\/pages"}],"about":[{"href":"https:\/\/hlrnet.com\/sites\/gzorg\/wp-json\/wp\/v2\/types\/page"}],"author":[{"embeddable":true,"href":"https:\/\/hlrnet.com\/sites\/gzorg\/wp-json\/wp\/v2\/users\/1"}],"replies":[{"embeddable":true,"href":"https:\/\/hlrnet.com\/sites\/gzorg\/wp-json\/wp\/v2\/comments?post=8023"}],"version-history":[{"count":6,"href":"https:\/\/hlrnet.com\/sites\/gzorg\/wp-json\/wp\/v2\/pages\/8023\/revisions"}],"predecessor-version":[{"id":25374,"href":"https:\/\/hlrnet.com\/sites\/gzorg\/wp-json\/wp\/v2\/pages\/8023\/revisions\/25374"}],"wp:attachment":[{"href":"https:\/\/hlrnet.com\/sites\/gzorg\/wp-json\/wp\/v2\/media?parent=8023"}],"curies":[{"name":"wp","href":"https:\/\/api.w.org\/{rel}","templated":true}]}}