{"id":8016,"date":"2018-04-08T08:37:39","date_gmt":"2018-04-08T08:37:39","guid":{"rendered":"http:\/\/hlrnet.com\/sites\/gzorg\/?page_id=8016"},"modified":"2025-12-04T17:52:00","modified_gmt":"2025-12-04T17:52:00","slug":"professionele-informatiebronnen","status":"publish","type":"page","link":"https:\/\/hlrnet.com\/sites\/gzorg\/professionele-informatiebronnen\/","title":{"rendered":"Professionele informatiebronnen"},"content":{"rendered":"<ul>\n<li><a href=\"http:\/\/www.academie-medecine.fr\/\">Acad\u00e9mie nationale de M\u00e9decine<\/a> (FR)<\/li>\n<li><a href=\"http:\/\/www.afar.fr\/\">AFAR<\/a> &#8211; formation des professionnels (FR)<\/li>\n<li><a href=\"http:\/\/health.alltop.com\/\">Alltop Health news<\/a><\/li>\n<li><a href=\"http:\/\/www.amednews.com\/\" target=\"_blank\" rel=\"noopener noreferrer\">Amednews.com: the newspaper for America&#8217;s physicians<\/a><\/li>\n<li><a href=\"http:\/\/www.azg.be\/\" target=\"_blank\" rel=\"noopener noreferrer\">Artsen zonder Grenzen<\/a><\/li>\n<li><a href=\"http:\/\/www.azv.be\/\">Artsen zonder Vakantie<\/a><\/li>\n<li><a href=\"http:\/\/www.atoute.org\/\" target=\"_blank\" rel=\"noopener noreferrer\">Atoute: informations m\u00e9dicales &#8211; forum m\u00e9dical<\/a>\u00a0(FR)<\/li>\n<li><a href=\"http:\/\/www.beldonor.be\/\" target=\"_blank\" rel=\"noopener noreferrer\">Beldonor<\/a>: orgaandonatie<\/li>\n<li><a href=\"https:\/\/bluehealth2020.eu\/\">BlueHealth<\/a> is a pan-European research initiative investigating the links between environment, climate and health<\/li>\n<li><a href=\"https:\/\/bmcmededuc.biomedcentral.com\/\">BMC Medical Education<\/a><\/li>\n<li><a href=\"http:\/\/www.caducee.net\/\" target=\"_blank\" rel=\"noopener noreferrer\">Caducee.net: r\u00e9seaux sant\u00e9 au service des professionnels<\/a><\/li>\n<li><a href=\"http:\/\/www.caipe.org.uk\/\">CAIPE: Centre for the Advancement of Interprofessional Education<\/a><\/li>\n<li><a href=\"http:\/\/www.cdc.gov\/\" target=\"_blank\" rel=\"noopener noreferrer\">Centers for Disease Control and Prevention<\/a><\/li>\n<li><a href=\"http:\/\/www.centerwatch.com\/\" target=\"_blank\" rel=\"noopener noreferrer\">Centerwatch Clinical Trials Listing Service<\/a><\/li>\n<li><a href=\"http:\/\/www.preventionsuicide.be\/\">Centre de Pr\u00e9vention du suicide<\/a><\/li>\n<li><a href=\"https:\/\/www.cismef.org\/\" target=\"_blank\" rel=\"noopener noreferrer\">CISMeF: Catalogue et index des sites m\u00e9dicaux francophones<\/a> (FR)<\/li>\n<li><a href=\"http:\/\/clinicaltrials.gov\/\" target=\"_blank\" rel=\"noopener noreferrer\">ClinicalTrials: linking patients to medical research<\/a><\/li>\n<li><a href=\"http:\/\/www.cmelist.com\/\">CMElist<\/a>: Online Continuing Medical Education (CME) and Board Reviews<\/li>\n<li><a href=\"http:\/\/www.codexmedicus.nl\/\">Codex medicus<\/a>: vademecum voor geneeskunde en gezondheidszorg<\/li>\n<li><a href=\"http:\/\/cultures-sante.be\/\">Cultures &amp; Sant\u00e9<\/a><\/li>\n<li><a href=\"http:\/\/www.diariomedico.com\/\" target=\"_blank\" rel=\"noopener noreferrer\">Diario M\u00e9dico<\/a><\/li>\n<li><a href=\"http:\/\/www.ziekenhuis.nl\" target=\"_blank\" rel=\"noopener noreferrer\">Digitaal ziekenhuis Nederland<\/a><\/li>\n<li><a href=\"http:\/\/www.doccheck.com\/\">DocCheck<\/a>: vrije toegang voor medische professionelen<\/li>\n<li><a href=\"https:\/\/www.doximity.com\/\">Doximity<\/a>: medical network for\u00a0Physicians, Nurse Practitioners, and Physician Assistants<\/li>\n<li><a href=\"http:\/\/www.eduthera.com\/\">Eduthera<\/a>: \u00e9ducation pour la sant\u00e9<\/li>\n<li><a href=\"http:\/\/www.112.be\" target=\"_blank\" rel=\"noopener noreferrer\">EENA<\/a>: European Emergency Number Association<\/li>\n<li><a href=\"http:\/\/www.e-nursing.nl\/\">E-nursing<\/a>: platform voor online zorgcursussen<\/li>\n<li><a href=\"http:\/\/eric.ed.gov\/\">Eric<\/a>: education resources<\/li>\n<li>Evidence based practice &#8211; wetenschappelijk redeneren\n<ul>\n<li><a href=\"http:\/\/asso-arsi.fr\/\">Association de Recherche en Soins Infirmiers (ARSI)<\/a><\/li>\n<li><a href=\"http:\/\/www.bcfi.be\/\">BCFI: Belgisch Centrum voor Farmacotherapeutische informatie<\/a><\/li>\n<li><a href=\"http:\/\/www.best.ugent.be\/\">BEST: Belgian screening tools<\/a><\/li>\n<li><a href=\"http:\/\/www.cbo.nl\/\" target=\"_blank\" rel=\"noopener noreferrer\">CBO: kwaliteitsinstituut voor de gezondheidszorg<\/a> (NL)<\/li>\n<li><a href=\"http:\/\/www.cebam.be\/\">CEBAM &#8211; Centre belge pour l&#8217;Evidence Based Medicine<\/a>\n<ul>\n<li><a href=\"https:\/\/www.cdlh.be\/\">CDLH\u00a0&#8211; Cebam Digital Library for Health<\/a><\/li>\n<\/ul>\n<\/li>\n<li><a href=\"http:\/\/www.cochrane.org\/\" target=\"_blank\" rel=\"noopener noreferrer\">The Cochrane Collaboration<\/a>\n<ul>\n<li><a href=\"http:\/\/epoc.cochrane.org\/\">Cochrane Effective Practice and Organisation of Care Group<\/a><\/li>\n<\/ul>\n<\/li>\n<li><a href=\"http:\/\/www.cebma.org\/\">Center for Evidence-Based Management<\/a><\/li>\n<li><a href=\"http:\/\/www.cebm.net\/\" target=\"_blank\" rel=\"noopener noreferrer\">Centre for Evidence Based Medicine<\/a> (Oxford)<\/li>\n<li><a href=\"http:\/\/www.cche.net\/\" target=\"_blank\" rel=\"noopener noreferrer\">Centre for Health Evidence <\/a><\/li>\n<li><a href=\"http:\/\/www.criticalthinking.org\/\">Critical thinking<\/a><\/li>\n<li><a href=\"https:\/\/www.ebpracticenet.be\/\"><strong>ebpracticenet<\/strong><\/a>: Ondersteuning voor de Belgische zorgverleners via richtlijnen en andere evidence-based informatie.<\/li>\n<li><a href=\"http:\/\/www.ebm-guidelines.com\/\" target=\"_blank\" rel=\"noopener noreferrer\">EBM Guidelines<\/a><\/li>\n<li><a href=\"http:\/\/www.ebmpracticenet.be\/\">EBM PracticeNet<\/a><\/li>\n<li><a href=\"https:\/\/ebp-academie.nl\/\">EBP-academie.nl<\/a><\/li>\n<li><a href=\"http:\/\/www.eigenfactor.org\/\">Eigenfactor<\/a>:\u00a0 ranking and mapping scientific information<\/li>\n<li><a href=\"http:\/\/ebevidencia.com\/\">Enfermer\u00eda Basada en la evidencia<\/a><\/li>\n<li><a href=\"http:\/\/www.ebbp.org\/\">Evidence-Based Behavioral Practice<\/a><\/li>\n<li><a href=\"http:\/\/www.ebem.org\/\" target=\"_blank\" rel=\"noopener noreferrer\">Evidence Based Emergency Medicine<\/a><\/li>\n<li><a href=\"http:\/\/www.evidence-based-eyecare.com\/\" target=\"_blank\" rel=\"noopener noreferrer\">Evidence Based Eye Care<\/a><\/li>\n<li><a href=\"http:\/\/ebm.bmj.com\/\" target=\"_blank\" rel=\"noopener noreferrer\">Evidence Based Medicine for Primary Care and Internal Medicine<\/a> (journal)<\/li>\n<li><a href=\"http:\/\/ebmh.bmj.com\/\" target=\"_blank\" rel=\"noopener noreferrer\">Evidence Based Mental Health<\/a> (Journal)<\/li>\n<li><a href=\"http:\/\/ebn.bmj.com\/\" target=\"_blank\" rel=\"noopener noreferrer\">Evidence Based Nursing<\/a> (Journal)<\/li>\n<li><a href=\"http:\/\/www.med.umich.edu\/pediatrics\/ebm\/\" target=\"_blank\" rel=\"noopener noreferrer\">Evidence based pediatrics website<\/a>\u00a0 (University of Michigan)<\/li>\n<li><a href=\"http:\/\/www.ebpom.org\/\">Evidence Based Perioperative Medicine<\/a><\/li>\n<li>FOD Gezonhdeidszorg (BE)\n<ul>\n<li><a href=\"http:\/\/www.health.belgium.be\/eportal\/SearchResults\/index.htm?tagcloud=1&amp;fodSection=83&amp;fodSearchType=simple&amp;ssUserText=Guidelines\">Guidelines<\/a><\/li>\n<li><a href=\"http:\/\/www.health.belgium.be\/eportal\/SearchResults\/index.htm?tagcloud=1&amp;fodSection=83&amp;fodSearchType=simple&amp;ssUserText=Schalen\">Schalen<\/a><\/li>\n<\/ul>\n<\/li>\n<li><a href=\"http:\/\/www.gezondheidenwetenschap.be\/\">Gezondheid en wetenschap<\/a><\/li>\n<li><a href=\"http:\/\/www.gimbe.org\/\" target=\"_blank\" rel=\"noopener noreferrer\">GIMBE: Gruppo italiano per la medicina basata sulle evidenze<\/a><\/li>\n<li><a href=\"http:\/\/www.hl7.org\/fhir\/clinicalreasoning-module.html\">HL7: clinical reasoning<\/a><\/li>\n<li><a href=\"http:\/\/imreasoning.com\/\">I&#8217;m reasoning<\/a><\/li>\n<li><a href=\"http:\/\/joannabriggs.org\/\">Joanna Briggs (Univ. of Adelaide)<\/a><\/li>\n<li><a href=\"https:\/\/www.ncbi.nlm.nih.gov\/books\/NBK2651\/\">Patient Safety and Quality: An Evidence-Based Handbook for Nurses<\/a> (NCBI)<\/li>\n<li><a href=\"https:\/\/www.physio-pedia.com\/Clinical_Reasoning\">Physiopedia: clinical reasoning<\/a><\/li>\n<li><a href=\"http:\/\/www.portal4care.be\/\">Portal4care<\/a><\/li>\n<li><a href=\"http:\/\/www.science20.com\/\">Science2.0<\/a><\/li>\n<li><a href=\"http:\/\/www.sciencebasedmedicine.org\/\">Science-Based Medicine<\/a><\/li>\n<li><a href=\"http:\/\/undsci.berkeley.edu\/\">Understanding science<\/a><\/li>\n<li><a href=\"http:\/\/www.uptodate.com\/\">Uptodate<\/a>: putting clinical information into practice<\/li>\n<\/ul>\n<\/li>\n<li><a href=\"http:\/\/www.maisonmedicale.org\/\">F\u00e9d\u00e9ration des maisons m\u00e9dicales et des collectifs de sant\u00e9 francophones<\/a><\/li>\n<li><a href=\"http:\/\/www.fiercehealthcare.com\">FierceHealthcare<\/a><\/li>\n<li><a href=\"http:\/\/www.fisterra.com\">Fisterra<\/a>: herramientas \u00fatiles para la consulta en Atenci\u00f3n Primaria de Salud\u00a0(SP)<\/li>\n<li><a href=\"http:\/\/frm.org\/\">Fondation pour la Recherche M\u00e9dicale (FR)<\/a><\/li>\n<li><a href=\"http:\/\/www.researchportal.be\">FRIS Onderzoeksportaal<\/a>: zoek projecten, organisaties, onderzoekers<\/li>\n<li><a href=\"http:\/\/www.geneeskundeboek.nl\/\">Geneeskundeboek<\/a>: boekwinkel voor medische boeken<\/li>\n<li><a href=\"http:\/\/www.gpnotebook.co.uk\" target=\"_blank\" rel=\"noopener noreferrer\">General Practice Notebook<\/a><\/li>\n<li>Geschiedenis &#8211; history\n<ul>\n<li><a href=\"http:\/\/www.histmed.org\/\">American Association for the History of Medicine<\/a><\/li>\n<li><a href=\"http:\/\/www.nlm.nih.gov\/hmd\/\">History of Medicine<\/a> (NLM)<\/li>\n<\/ul>\n<\/li>\n<li><a href=\"http:\/\/www.gezondheidenwetenschap.be\/\">Gezondheid en wetenschap<\/a>: betrouwbare medische informatie op mensenmaat<\/li>\n<li><a href=\"https:\/\/www.healthcarestudies.nl\/\">Healthcarestudies.nl<\/a>: overzicht van opleidingen in de gezondheidszorg<\/li>\n<li><a href=\"http:\/\/www.healthcentral.com\/\">HealthCentral<\/a><\/li>\n<li><a href=\"http:\/\/www.himss.org\/\" target=\"_blank\" rel=\"noopener noreferrer\">HIMSS<\/a> &#8211; Healthcare information and management systems society<\/li>\n<li><a href=\"http:\/\/www.uzleuven.be\/histaruz\">HistarUZ<\/a>: historisch archief van UZ Leuven<\/li>\n<li><a href=\"http:\/\/www.innerbody.com\/\" target=\"_blank\" rel=\"noopener noreferrer\">InnerBody<\/a><\/li>\n<li><a href=\"http:\/\/www.itg.be\" target=\"_blank\" rel=\"noopener noreferrer\">Instituut voor Tropische Geneeskunde<\/a>\u00a0(BE)<\/li>\n<li><a href=\"http:\/\/www.intute.ac.uk\/\" target=\"_blank\" rel=\"noopener noreferrer\">Intute: Health and Life Sciences pages<\/a><\/li>\n<li><a href=\"http:\/\/www.kennislink.nl\">Kennislink<\/a><\/li>\n<li><a href=\"http:\/\/www.laboratorium.nl\" target=\"_parent\" rel=\"noopener noreferrer\">Laboratorium<\/a>:\u00a0trefpunt voor werkgevers en werknemers van biomedische en chemische laboratoria (NL)<\/li>\n<li><a href=\"http:\/\/www.meddean.luc.edu\/lumen\/MedEd\/GrossAnatomy\/\" target=\"_blank\" rel=\"noopener noreferrer\">Lumen &#8211; Structure of the human body<\/a><\/li>\n<li><a href=\"http:\/\/www.medbioworld.com\" target=\"_blank\" rel=\"noopener noreferrer\">MedBioWorld &#8211; medical and bioscience journals, associations and databases<\/a><\/li>\n<li><a href=\"http:\/\/www.mediformation.com\/\">Mediformation<\/a>: e-learning en sant\u00e9<\/li>\n<li><a href=\"http:\/\/www.medicalnewstoday.com\/\" target=\"_blank\" rel=\"noopener noreferrer\">Medical News Today<\/a><\/li>\n<li><a href=\"http:\/\/www.medinews.be\/\" target=\"_blank\" rel=\"noopener noreferrer\">Medinews<\/a>: Medisch nieuws Belgi\u00eb<\/li>\n<li><a href=\"http:\/\/www.mediplanet.be\">Mediplanet<\/a> (BE)<\/li>\n<li><a href=\"http:\/\/www.medscape.com\" target=\"_blank\" rel=\"noopener noreferrer\">Medscape<\/a><\/li>\n<li><a style=\"font-weight: bold;\" href=\"http:\/\/www.merckmanual.nl\/\" target=\"_blank\" rel=\"noopener noreferrer\">Merck Manual<\/a> : medisch handboek<\/li>\n<li><a href=\"http:\/\/micromedex.com\/\">Micromedex<\/a><\/li>\n<li><a href=\"http:\/\/www.rivm.nl\/vtv\/data\/site_kompas\/index.htm\" target=\"_blank\" rel=\"noopener noreferrer\">Nationaal Kompas voor Volksgezondheid<\/a>: met een rubriek preventie<\/li>\n<li><a href=\"http:\/\/www.guideline.gov\/\" target=\"_blank\" rel=\"noopener noreferrer\">National Guideline ClearinghouseTM (NGC)<\/a>, a public resource for evidence-based clinical practice guidelines.<\/li>\n<li><a href=\"http:\/\/www.nih.gov\" target=\"_blank\" rel=\"noopener noreferrer\">National Institute of Health<\/a>\u00a0(USA)<\/li>\n<li><a href=\"http:\/\/www.nihr.ac.uk\/\">National Institute for Health Research (NIHR)<\/a><\/li>\n<li><a href=\"http:\/\/www.ncbi.nlm.nih.gov\/\" target=\"_blank\" rel=\"noopener noreferrer\">NCBI: National Center for Biotechnology Information<\/a><\/li>\n<li><a href=\"http:\/\/www.news-medical.net\/\">News Medical<\/a><\/li>\n<li><a href=\"http:\/\/www.york.ac.uk\/crd\/\">NIHR Centre for Reviews and Dissemination &#8211; CRD Database<\/a><\/li>\n<li><a href=\"http:\/\/www.nivel.nl\/\">Nivel: Nederlands instituut voor onderzoek in de gezondheidszorg<\/a><\/li>\n<li><a href=\"https:\/\/nursingeducationnetwork.net\/\">Nursing Education Network<\/a><\/li>\n<li><a href=\"http:\/\/www.paho.org\/\" target=\"_blank\" rel=\"noopener noreferrer\">PAHO &#8211; Pan American Health Organisation<\/a><\/li>\n<li><a href=\"http:\/\/www.palga.nl\/\" target=\"_blank\" rel=\"noopener noreferrer\">PALGA<\/a> &#8211; landelijk computernetwerk tussen pathologie laboratoria in Nederland<\/li>\n<li><a href=\"https:\/\/www.researchgate.net\/\"><strong style=\"font-weight: normal;\">ResearchGate<\/strong><\/a> is a network dedicated to science and research. Connect, collaborate and discover scientific publications, jobs and conferences.<\/li>\n<li><a href=\"http:\/\/www.rightdiagnosis.com\/\">RightDiagnosis<\/a><\/li>\n<li><a href=\"http:\/\/www.redcross.be\/\" target=\"_blank\" rel=\"noopener noreferrer\">Rode Kruis<\/a>\u00a0(BE)<\/li>\n<li><a href=\"https:\/\/www.santeenjeux.be\/\" target=\"_blank\" rel=\"noopener\">Sant\u00e9 en jeux: ludop\u00e9dagogie en promotion de la sant\u00e9<\/a> (ex-PIPSA)<\/li>\n<li><a href=\"http:\/\/www.science.org\/\" target=\"_blank\" rel=\"noopener noreferrer\">Science &#8211; Science Express<\/a> (journal)<\/li>\n<li><a href=\"http:\/\/www.scielo.org\/\" target=\"_blank\" rel=\"noopener noreferrer\">Scientific Electronic Library Online<\/a><\/li>\n<li><a href=\"https:\/\/www.sciensano.be\/\">Sciensano<\/a> (BE)<\/li>\n<li><a href=\"https:\/\/www.skipr.nl\/\">Skipr<\/a> (NL)<\/li>\n<li><a href=\"http:\/\/www.slackinc.com\/\" target=\"_blank\" rel=\"noopener noreferrer\">Slack Incorporated Publishing<\/a><\/li>\n<li><a href=\"http:\/\/student.bmj.com\/\">Student\u00a0BMJ<\/a><\/li>\n<li><a href=\"http:\/\/www.tfhc.nl\/\">Task Force Health Care<\/a> (NL)<\/li>\n<li><a href=\"http:\/\/www.theanswerpage.com\/\" target=\"_blank\" rel=\"noopener noreferrer\">TheAnswerPage<\/a><\/li>\n<li>Terminologie &#8211; woordenboeken en meer\n<ul>\n<li><a href=\"http:\/\/www.bracesinfo.com\/glossary.html\">A Dictionary of Dental Terms<\/a><\/li>\n<li><a href=\"http:\/\/www.childrenwithdiabetes.com\/dictionary\/\">Diabetes Dictionary<\/a><\/li>\n<li><a href=\"http:\/\/www.esaurus.org\/\">Esaurus: English-Chinese medical dictionary<\/a><\/li>\n<li><a href=\"http:\/\/www.allaboutvision.com\/resources\/glossary.htm\">Glossary of Eye Care Terms<\/a><\/li>\n<li><a href=\"http:\/\/lifegard.tripod.com\/index-2.html\">The Vocabulary of Loss: A Glossary of Suicide-related Terminology<\/a><\/li>\n<li>naast\n<ul>\n<li>Glossary of terms used in medicinal chemistry<\/li>\n<li><a href=\"http:\/\/www.linguee.com\">Linguee<\/a>: translations in context<\/li>\n<li><a href=\"http:\/\/www.medical-spell-checker.com\/\">Online Medical Spell Checker<\/a><\/li>\n<li><a href=\"http:\/\/www.spellex.com\">Spellex<\/a><\/li>\n<li><a href=\"http:\/\/www.statref.com\/\">Statref<\/a>: cross-search full-text titles, journals and evidence-based point-of-care authoritative resource<\/li>\n<li><a href=\"http:\/\/www.nlm.nih.gov\/research\/umls\/\">The Unified Medical Language System (UMLS)<\/a><\/li>\n<\/ul>\n<\/li>\n<\/ul>\n<\/li>\n<li>Uitgevers en boekhandels\n<ul>\n<li><a href=\"http:\/\/www.bsl.nl\/\" target=\"_blank\" rel=\"noopener noreferrer\">Bohn Stafleu Van Loghum uitgevers<\/a><\/li>\n<li><a href=\"http:\/\/www.boomuitgeversdenhaag.nl\/\">Boom uitgevers<\/a><\/li>\n<li><a href=\"http:\/\/www.media4u.com\">B\u00f6rm Bruckmeier Publishing<\/a><\/li>\n<li><a href=\"http:\/\/www.deboecksuperieur.com\/\">De Boeck Sup\u00e9rieur<\/a><\/li>\n<li><a href=\"http:\/\/www.elsevierhealth.com\/\" target=\"_blank\" rel=\"noopener noreferrer\">Elsevier Health<\/a><\/li>\n<li><a href=\"http:\/\/www.elsevier-masson.fr\/\">Elsevier Masson<\/a> (FR)<\/li>\n<li><a href=\"http:\/\/www.lww.com\/\">Lippincot, Williams &amp; Wilkinson<\/a><\/li>\n<li><a href=\"http:\/\/www.maloine.fr\/\">Maloine<\/a> (FR)<\/li>\n<li><a href=\"http:\/\/editionsmardaga.com\">Mardaga<\/a> (FR)<\/li>\n<li><a href=\"http:\/\/www.vigotmaloine.fr\/\" target=\"_blank\" rel=\"noopener noreferrer\">Vigot Maloine<\/a>: librairie m\u00e9dicale (FR)<\/li>\n<li><a href=\"http:\/\/www.leermiddelen.be\/\">Vincent leermiddelen<\/a><\/li>\n<li><a href=\"http:\/\/wolterskluwer.com\/products-services\/our-portfolio\/health.html\">Wolters-Kluwers Health<\/a><\/li>\n<\/ul>\n<\/li>\n<li>Algemene wetenschappelijke en achtergrondkennis\n<ul>\n<li><a href=\"https:\/\/www.nemokennislink.nl\/\">Kennislink<\/a>: de wetenschap achter het nieuws<\/li>\n<li><a href=\"https:\/\/www.tijdschriftkarakter.be\/\">Tijdschrift karakter: tijdschrift van wetenschap<\/a><\/li>\n<li><a href=\"http:\/\/www.welingelichtekringen.nl\/\">Welingelichte kringen<\/a><\/li>\n<\/ul>\n<\/li>\n<li><a href=\"https:\/\/www.umcutrecht.nl\/nl\/ziekte\">UMC Utrecht: Ziektebeelden<\/a><\/li>\n<li><a href=\"http:\/\/www.library.uthscsa.edu\/\" target=\"_blank\" rel=\"noopener noreferrer\">University of Texas HEALTH Science Center &#8211; Library<\/a><\/li>\n<li><a href=\"http:\/\/www.vbs-gbs.org\/\" target=\"_blank\" rel=\"noopener noreferrer\">VBS-GBS Verbond der Belgische Beroepsverenigingen van Geneesheren-Specialisten<\/a>\u00a0(BE)<\/li>\n<li><a href=\"http:\/\/www.thieme.de\/viamedici\/\" target=\"_blank\" rel=\"noopener noreferrer\">Via Medici online: Alles zum Medizinstudium <\/a>(Thieme)\u00a0(DE)<\/li>\n<li><a href=\"http:\/\/www.vig.be\/\" target=\"_blank\" rel=\"noopener noreferrer\">VIG &#8211; Vlaams Instituut voor Gezondheidspromotie<\/a><\/li>\n<li><a href=\"http:\/\/www.vilans.nl\">Vilans<\/a>: Nederlandse kennisorganisatie voor de langdurige zorg<\/li>\n<li><a href=\"http:\/\/www.zorg-en-gezondheid.be\/\">Vlaams Agentschap Zorg &amp; Gezondheid<\/a><\/li>\n<li><a href=\"http:\/\/www.vib.be\" target=\"_blank\" rel=\"noopener noreferrer\">Vlaams Interuniversitair Instituut voor Biotechnologie<\/a><\/li>\n<li>Vormingen en congressen\n<ul>\n<li><a href=\"http:\/\/www.afar.fr\/\">Afar<\/a> (FR)<\/li>\n<li><a href=\"http:\/\/annualcongress.com\/\">Annual Congress<\/a><\/li>\n<li><a href=\"https:\/\/www.bsl.nl\/\">BSL<\/a><\/li>\n<li style=\"font-weight: bold;\"><a href=\"http:\/\/www.clocate.com\">Clocate<\/a><\/li>\n<li><a href=\"http:\/\/www.cvps.be\/\">Centre vervi\u00e9tois de promotion de la sant\u00e9<\/a><\/li>\n<li><a href=\"https:\/\/www.continue.be\">Continue.be<\/a><\/li>\n<li style=\"font-weight: bold;\"><a href=\"http:\/\/www.congres-medical.com\">Congres-medical<\/a><\/li>\n<li><a href=\"https:\/\/www.getsmarter.com\/\">GetSmarter<\/a><\/li>\n<li><a href=\"http:\/\/www.jbhsante.com\/\">JBH Sant\u00e9 (FR)<\/a><\/li>\n<li><a href=\"http:\/\/www.kenes-group.com\/\">Kenes<\/a><\/li>\n<li><a href=\"https:\/\/www.nursing.nl\/congressen\/\">Nursing.nl<\/a><\/li>\n<li><a href=\"http:\/\/www.omicsgroup.com\">Omicsgroup<\/a><\/li>\n<li><a href=\"http:\/\/www.pipsa.be\/\">Pipsa<\/a> (BE)<\/li>\n<li><a href=\"http:\/\/www.terrapinn.com\">Terrapinn<\/a><\/li>\n<li><a href=\"http:\/\/upv.vub.ac.be\">UPV (VUB)<\/a><\/li>\n<li><a href=\"http:\/\/www.zorgvisiecongressen.nl\/\">Zorgvisie<\/a><\/li>\n<\/ul>\n<\/li>\n<li><a href=\"http:\/\/weliswaar.be\/\">Weliswaar<\/a>: vakblad voor welzijnswerk en gezondheidssector<\/li>\n<li>Woordenboeken en woordenlijsten\n<ul>\n<li><a href=\"http:\/\/www.gesundheit.de\/lexika\/medizin-lexikon\">Gesuntheit.de<\/a><\/li>\n<li><a href=\"http:\/\/www.pinkhof.nl\/\">Pinkhof<\/a> (NL)<\/li>\n<li><a href=\"http:\/\/www.spellex.com\">Spellex<\/a><\/li>\n<\/ul>\n<\/li>\n<li><a href=\"https:\/\/www.zorgjobs.be\/\">Zorgjobs<\/a>\n<ul>\n<li>en<\/li>\n<li><a href=\"https:\/\/www.medischebanenbank.nl\/\">Medische banenbank.nl<\/a><\/li>\n<\/ul>\n<\/li>\n<\/ul>\n<span class=\"last-modified-timestamp\">dec 4, 2025 @ 5:52 pm<\/span>\n","protected":false},"excerpt":{"rendered":"<p>Acad\u00e9mie nationale de M\u00e9decine (FR) AFAR &#8211; formation des professionnels (FR) Alltop Health news <a href=\"http:\/\/Amednews.com\" class=\"autohyperlink\">Amednews.com<\/a>: the newspaper for America&#8217;s physicians Artsen zonder Grenzen Artsen zonder Vakantie Atoute: informations m\u00e9dicales &#8211; forum m\u00e9dical\u00a0(FR) Beldonor: orgaandonatie BlueHealth is a pan-European research initiative investigating the links between environment, climate and health BMC Medical<\/p>\n","protected":false},"author":1,"featured_media":0,"parent":0,"menu_order":0,"comment_status":"closed","ping_status":"closed","template":"","meta":{"footnotes":"","_wp_rev_ctl_limit":""},"class_list":["post-8016","page","type-page","status-publish","hentry"],"publishpress_future_action":{"enabled":false,"date":"2026-05-01 07:09:40","action":"delete","newStatus":"draft","terms":[],"taxonomy":"","extraData":[]},"publishpress_future_workflow_manual_trigger":{"enabledWorkflows":[]},"_links":{"self":[{"href":"https:\/\/hlrnet.com\/sites\/gzorg\/wp-json\/wp\/v2\/pages\/8016","targetHints":{"allow":["GET"]}}],"collection":[{"href":"https:\/\/hlrnet.com\/sites\/gzorg\/wp-json\/wp\/v2\/pages"}],"about":[{"href":"https:\/\/hlrnet.com\/sites\/gzorg\/wp-json\/wp\/v2\/types\/page"}],"author":[{"embeddable":true,"href":"https:\/\/hlrnet.com\/sites\/gzorg\/wp-json\/wp\/v2\/users\/1"}],"replies":[{"embeddable":true,"href":"https:\/\/hlrnet.com\/sites\/gzorg\/wp-json\/wp\/v2\/comments?post=8016"}],"version-history":[{"count":5,"href":"https:\/\/hlrnet.com\/sites\/gzorg\/wp-json\/wp\/v2\/pages\/8016\/revisions"}],"predecessor-version":[{"id":25116,"href":"https:\/\/hlrnet.com\/sites\/gzorg\/wp-json\/wp\/v2\/pages\/8016\/revisions\/25116"}],"wp:attachment":[{"href":"https:\/\/hlrnet.com\/sites\/gzorg\/wp-json\/wp\/v2\/media?parent=8016"}],"curies":[{"name":"wp","href":"https:\/\/api.w.org\/{rel}","templated":true}]}}