{"id":8014,"date":"2018-04-08T07:34:16","date_gmt":"2018-04-08T07:34:16","guid":{"rendered":"http:\/\/hlrnet.com\/sites\/gzorg\/?page_id=8014"},"modified":"2025-07-07T18:59:32","modified_gmt":"2025-07-07T18:59:32","slug":"infectieziekten-en-immunologie","status":"publish","type":"page","link":"https:\/\/hlrnet.com\/sites\/gzorg\/infectieziekten-en-immunologie\/","title":{"rendered":"Infectieziekten en immunologie"},"content":{"rendered":"<ul>\n<li><a href=\"http:\/\/www.aaaai.org\/\" target=\"_blank\" rel=\"noopener noreferrer\">AAAAI &#8211; American Academy of Allergy, Asthma and Immunology<\/a><\/li>\n<li><a href=\"http:\/\/www.goapic.org\/\" target=\"_blank\" rel=\"noopener noreferrer\">APIC &#8211; Associtaion for Professionals in Infection Control &amp; Epidemiology<\/a><\/li>\n<li>Bedrijven\n<ul>\n<li><a href=\"https:\/\/exevir.com\/\">Exevir<\/a><\/li>\n<\/ul>\n<\/li>\n<li><a href=\"http:\/\/www.belgianinfectioncontrolsociety.be\/\">Belgian Infection Control Society<\/a><\/li>\n<li><a href=\"http:\/\/www.immunology.org\/\">British Society for Immunology<\/a><\/li>\n<li><a href=\"http:\/\/www.cbic.org\/\" target=\"_blank\" rel=\"noopener noreferrer\">CBIC &#8211; Certification Board of Infection Control and Epidemiology<\/a><\/li>\n<li><a href=\"http:\/\/www.ccid.org\/\" target=\"_blank\" rel=\"noopener noreferrer\">CCID &#8211; Center for Complex Infectious Diseases<\/a><\/li>\n<li><a href=\"http:\/\/www.cdc.gov\/\" target=\"_blank\" rel=\"noopener noreferrer\">CDC &#8211; Centers for Disease Control and Prevention<\/a><\/li>\n<li><a href=\"http:\/\/www.immunologie.de\/\" target=\"_blank\" rel=\"noopener noreferrer\">Deutsche Gesellschaft f\u00fcr Immunologie<\/a><\/li>\n<li><a href=\"http:\/\/www.escmid.org\/\" target=\"_blank\" rel=\"noopener noreferrer\">ESCMID &#8211; European Society of Clinical Microbiology and Infectious Diseases<\/a><\/li>\n<li><a href=\"http:\/\/www.gideononline.com\/\" target=\"_blank\" rel=\"noopener noreferrer\">GIDEON &#8211; the Global Infectious Disease &amp; Epidemiology Network<\/a><\/li>\n<li><a href=\"https:\/\/www.globalviromeproject.org\/\">Global Virome Project<\/a><\/li>\n<li><a href=\"http:\/\/www.his.org.uk\/\" target=\"_blank\" rel=\"noopener noreferrer\">The Hospital Infection Home Page<\/a><\/li>\n<li><a href=\"http:\/\/www.hygenius.com\/\" target=\"_blank\" rel=\"noopener noreferrer\">HyGenius: Hand-Washing, Infection Control, Food Safety<\/a><\/li>\n<li><a href=\"http:\/\/www.immunologylink.com\/\" target=\"_blank\" rel=\"noopener noreferrer\">Immunology Link<\/a><\/li>\n<li><a href=\"http:\/\/www.infectioncontroltoday.com\/\" target=\"_blank\" rel=\"noopener noreferrer\">Infection Control Today<\/a><\/li>\n<li><a href=\"http:\/\/www.ipac-canada.org\/\">Infection Prevention and Control Canada<\/a><\/li>\n<li><a href=\"http:\/\/www.idsociety.org\/\" target=\"_blank\" rel=\"noopener noreferrer\">Infectious Diseases Society of America &#8211; IDSA<\/a><\/li>\n<li><a href=\"http:\/\/www.info-ebola.be\/\">Info Ebola<\/a><\/li>\n<li><a href=\"http:\/\/www.ihv.org\/\" target=\"_blank\" rel=\"noopener noreferrer\">Institute of Human Virology<\/a><\/li>\n<li><a href=\"http:\/\/www.itg.be\/\" target=\"_blank\" rel=\"noopener noreferrer\">Instituut voor Tropische Geneeskunde<\/a><\/li>\n<li><a href=\"http:\/\/www.isheid.com\/\" target=\"_blank\" rel=\"noopener noreferrer\">ISHEID<\/a>: International Symposium on HIV &amp; Emerging Infectious Diseases<\/li>\n<li>Journals \/ Tijdschriften\n<ul>\n<li><a href=\"http:\/\/www.annals.org\/\">Annals of Internal Medicine<\/a><\/li>\n<li><a href=\"http:\/\/www.biomedcentral.com\/1471-2334\/\" target=\"_blank\" rel=\"noopener noreferrer\">BMC Infectious Diseases<\/a><\/li>\n<li><a href=\"http:\/\/www.pulsus.com\/Infdis\/home.htm\" target=\"_blank\" rel=\"noopener noreferrer\">Canadian Journal of Infectious Diseases<\/a><\/li>\n<li><a href=\"https:\/\/academic.oup.com\/cid\" target=\"_blank\" rel=\"noopener noreferrer\">Clinical Infectious Diseases<\/a><\/li>\n<li><a href=\"http:\/\/www.co-infectiousdiseases.com\/\" target=\"_blank\" rel=\"noopener noreferrer\">Current Opinion in Infectious Diseases<\/a><\/li>\n<li><a href=\"http:\/\/www.ete-online.com\/\">Emerging Themes in Edpidemiology<\/a><\/li>\n<li><a href=\"http:\/\/www.rivm.nl\/infectieziektenbulletin\/\" target=\"_blank\" rel=\"noopener noreferrer\">Infectieziekten Bulletin<\/a> (NL)<\/li>\n<li><a href=\"http:\/\/iai.asm.org\/\" target=\"_blank\" rel=\"noopener noreferrer\">Infection Control and Hospital Epidemiology<\/a><\/li>\n<li><a href=\"http:\/\/iai.asm.org\/\" target=\"_blank\" rel=\"noopener noreferrer\">Infection and Immunity<\/a><\/li>\n<li><a href=\"http:\/\/www.infectioncontroltoday.com\/\" target=\"_blank\" rel=\"noopener noreferrer\">Infection Control Today<\/a><\/li>\n<li><a href=\"http:\/\/www.infectiousdiseasenews.com\/\" target=\"_blank\" rel=\"noopener noreferrer\">Infectious Diseases News<\/a><\/li>\n<li><a href=\"http:\/\/www.ij-healthgeographics.com\/\">International Journal of Health Geographics<\/a><\/li>\n<li><a href=\"https:\/\/academic.oup.com\/jid\" target=\"_blank\" rel=\"noopener noreferrer\">The Journal of Infectious Diseases<\/a><\/li>\n<li><a href=\"http:\/\/www.nature.com\/ni\/index.html\" target=\"_blank\" rel=\"noopener noreferrer\">Nature Immunology<\/a><\/li>\n<li><a href=\"http:\/\/www.pidj.com\/\" target=\"_blank\" rel=\"noopener noreferrer\">The Pediatrics Infectious Disease Journal<\/a><\/li>\n<li><a href=\"http:\/\/www.plospathogens.org\/\">PLoS Pathogens<\/a><\/li>\n<li><a href=\"http:\/\/www.smw.ch\/\">Swiss Medical Weekly<\/a><\/li>\n<\/ul>\n<\/li>\n<li><a href=\"http:\/\/www.medinfos.com\/principales\/infect.shtml\" target=\"_blank\" rel=\"noopener noreferrer\">Medinfos: maladies infectieuses<\/a><\/li>\n<li><a href=\"http:\/\/www.nlm.nih.gov\/medlineplus\/infectiousdiseases.html\" target=\"_blank\" rel=\"noopener noreferrer\">MedlinePlus: infectious diseases<\/a><\/li>\n<li><a href=\"http:\/\/www.metrex.com\/\" target=\"_blank\" rel=\"noopener noreferrer\">Metrex: infection prevention products<\/a><\/li>\n<li><a href=\"https:\/\/www.mrsa-net.nl\/\">MRSA-net<\/a><\/li>\n<li><a href=\"http:\/\/www.nfid.org\/\" target=\"_blank\" rel=\"noopener noreferrer\">National Foundation for Infectious Diseases<\/a><\/li>\n<li><a href=\"http:\/\/www.niaid.nih.gov\/\" target=\"_blank\" rel=\"noopener noreferrer\">National Institute of Allergy and Infectious<br \/>\nDiseases<\/a> (NIAID)<\/li>\n<li><a href=\"http:\/\/www.nsih.be\/\">National Surveillance of Infections in Hospitals<\/a> (BE)<\/li>\n<li><a href=\"http:\/\/www.nvkp.nl\/\" target=\"_blank\" rel=\"noopener noreferrer\">NVKP &#8211; Nederlandse Vereniging Kritisch Prikken<\/a><\/li>\n<li><a href=\"http:\/\/www.sensoa.be\/\" target=\"_blank\" rel=\"noopener noreferrer\">Sensoa<\/a>\u00a0(BE)<\/li>\n<li><a href=\"http:\/\/www.sentiweb.fr\">Sentiweb<\/a> (FR): situation \u00e9pid\u00e9miologique en France m\u00e9tropolitaine<\/li>\n<li><a href=\"http:\/\/www.sidp.org\/\" target=\"_blank\" rel=\"noopener noreferrer\">Society of Infectious Diseases Pharmacists (SIDP)<\/a><\/li>\n<li><a href=\"http:\/\/www.wip.nl\/\">SWIP &#8211; Stichting Werkgroep Infectie Preventie<\/a> (NL)<\/li>\n<li><a href=\"https:\/\/usamriid.health.mil\/\" target=\"_blank\" rel=\"noopener noreferrer\">US Army Medical Research Institute of Infectious Diseases<\/a><\/li>\n<li>Vaccinatie\n<ul>\n<li><a href=\"http:\/\/www.laatjevaccineren.be\/\">Laat <\/a>je vaccineren.be<\/li>\n<li><a href=\"https:\/\/vaccine.guide\/\">Vaccine.guide<\/a><\/li>\n<li><a href=\"https:\/\/vaccine-schedule.ecdc.europa.eu\/\">Vaccine scheduler<\/a><\/li>\n<li><a href=\"https:\/\/www.who.int\/topics\/vaccines\/en\/\">Vaccines<\/a> (WHO)<\/li>\n<li><a href=\"https:\/\/www.vaccines.gov\/\">Vaccines.gov<\/a><\/li>\n<li>Journals\n<ul>\n<li><a href=\"https:\/\/www.sciencedirect.com\/journal\/vaccine\">Vaccine<\/a><\/li>\n<li><a href=\"https:\/\/www.journals.elsevier.com\/vaccine-x\">Vaccine X<\/a><\/li>\n<\/ul>\n<\/li>\n<\/ul>\n<\/li>\n<li><a href=\"http:\/\/www.who.int\/topics\/infectious_diseases\/en\/\" target=\"_blank\" rel=\"noopener noreferrer\">WHO: Infectious diseases<\/a><\/li>\n<\/ul>\n<span class=\"last-modified-timestamp\">jul 7, 2025 @ 6:59 pm<\/span>\n<div id=\"simple-translate\" class=\"simple-translate-system-theme\">\n<div>\n<div class=\"simple-translate-button isShow\" style=\"background-image: url('moz-extension:\/\/37e44441-594c-4b50-b456-e2df16779982\/icons\/512.png'); height: 22px; width: 22px; top: 1154px; left: 87px;\"><\/div>\n<div class=\"simple-translate-panel \" style=\"width: 300px; height: 200px; top: 0px; left: 0px; font-size: 13px;\">\n<div class=\"simple-translate-result-wrapper\" style=\"overflow: hidden;\">\n<div class=\"simple-translate-move\" draggable=\"true\"><\/div>\n<div class=\"simple-translate-result-contents\">\n<p class=\"simple-translate-result\" dir=\"auto\">\n<p class=\"simple-translate-candidate\" dir=\"auto\">\n<\/div>\n<\/div>\n<\/div>\n<\/div>\n<\/div>\n","protected":false},"excerpt":{"rendered":"<p>AAAAI &#8211; American Academy of Allergy, Asthma and Immunology APIC &#8211; Associtaion for Professionals in Infection Control &amp; Epidemiology Bedrijven Exevir Belgian Infection Control Society British Society for Immunology CBIC &#8211; Certification Board of Infection Control and Epidemiology CCID &#8211; Center for Complex Infectious Diseases CDC &#8211; Centers for Disease<\/p>\n","protected":false},"author":1,"featured_media":0,"parent":0,"menu_order":0,"comment_status":"closed","ping_status":"closed","template":"","meta":{"footnotes":"","_wp_rev_ctl_limit":""},"class_list":["post-8014","page","type-page","status-publish","hentry"],"publishpress_future_action":{"enabled":false,"date":"2026-05-02 16:08:26","action":"delete","newStatus":"draft","terms":[],"taxonomy":"","extraData":[]},"publishpress_future_workflow_manual_trigger":{"enabledWorkflows":[]},"_links":{"self":[{"href":"https:\/\/hlrnet.com\/sites\/gzorg\/wp-json\/wp\/v2\/pages\/8014","targetHints":{"allow":["GET"]}}],"collection":[{"href":"https:\/\/hlrnet.com\/sites\/gzorg\/wp-json\/wp\/v2\/pages"}],"about":[{"href":"https:\/\/hlrnet.com\/sites\/gzorg\/wp-json\/wp\/v2\/types\/page"}],"author":[{"embeddable":true,"href":"https:\/\/hlrnet.com\/sites\/gzorg\/wp-json\/wp\/v2\/users\/1"}],"replies":[{"embeddable":true,"href":"https:\/\/hlrnet.com\/sites\/gzorg\/wp-json\/wp\/v2\/comments?post=8014"}],"version-history":[{"count":5,"href":"https:\/\/hlrnet.com\/sites\/gzorg\/wp-json\/wp\/v2\/pages\/8014\/revisions"}],"predecessor-version":[{"id":24701,"href":"https:\/\/hlrnet.com\/sites\/gzorg\/wp-json\/wp\/v2\/pages\/8014\/revisions\/24701"}],"wp:attachment":[{"href":"https:\/\/hlrnet.com\/sites\/gzorg\/wp-json\/wp\/v2\/media?parent=8014"}],"curies":[{"name":"wp","href":"https:\/\/api.w.org\/{rel}","templated":true}]}}