{"id":8012,"date":"2018-04-08T06:45:40","date_gmt":"2018-04-08T06:45:40","guid":{"rendered":"http:\/\/hlrnet.com\/sites\/gzorg\/?page_id=8012"},"modified":"2024-04-18T21:35:47","modified_gmt":"2024-04-18T21:35:47","slug":"hygiene","status":"publish","type":"page","link":"https:\/\/hlrnet.com\/sites\/gzorg\/hygiene\/","title":{"rendered":"Hygi\u00ebne"},"content":{"rendered":"<ul>\n<li>Informatie\n<ul>\n<li><a href=\"http:\/\/www.ajtmh.org\/\" target=\"_blank\" rel=\"noopener noreferrer\">American Journal of Tropical Medicine and Hygiene<\/a><\/li>\n<li><a href=\"http:\/\/www.afpssu.com\/\" target=\"_blank\" rel=\"noopener noreferrer\">Association Fran\u00e7aise de Promotion de la Sant\u00e9 Scolaire et Universitaire<\/a><\/li>\n<li><a href=\"http:\/\/www.dhed.net\/\" target=\"_blank\" rel=\"noopener noreferrer\">Dental Hygiene Education<\/a><\/li>\n<li><a href=\"https:\/\/imikro.med.uni-rostock.de\/aktuelles\/hygiene-aktuell\" target=\"_blank\" rel=\"noopener noreferrer\">Hygiene-aktuell<\/a> (DE)<\/li>\n<li><a href=\"http:\/\/en.wikipedia.org\/wiki\/Hygiene\" target=\"_blank\" rel=\"noopener noreferrer\">Wikipedia<\/a><\/li>\n<\/ul>\n<\/li>\n<li>Topics\n<ul>\n<li><a href=\"http:\/\/netournonspasautourdupot.be\/\">Ne tournons pas autour du pot: sanitaires \u00e0 l&#8217;\u00e9cole<\/a><\/li>\n<\/ul>\n<\/li>\n<li>Verenigingen\n<ul>\n<li><a href=\"http:\/\/www.adha.org\/\" target=\"_blank\" rel=\"noopener noreferrer\">The American Dental Hygienist&#8217;s Association<\/a><\/li>\n<li><a href=\"http:\/\/www.collegebvh.org\/\" target=\"_blank\" rel=\"noopener noreferrer\">Coll\u00e8ge de bact\u00e9riologie, de virologie et d&#8217;hygi\u00e8ne des h\u00f4pitaux<\/a><\/li>\n<li><a href=\"http:\/\/www.dghm.org\/\" target=\"_blank\" rel=\"noopener noreferrer\">Deutsche Gesellschaft f\u00fcr Hygiene und Mikrobiologie<\/a><\/li>\n<li><a href=\"http:\/\/www.dgkh.de\/\" target=\"_blank\" rel=\"noopener noreferrer\">Deutsche Gesellschaft f\u00fcr Krankenhaushygiene<\/a><\/li>\n<li><a href=\"http:\/\/www.vhig.nl\/\">Vereniging voor Hygi\u00ebne &amp; Infectiepreventie in de Gezondheidszorg<\/a><\/li>\n<\/ul>\n<\/li>\n<li>Producten en bedrijven\n<ul>\n<li><a href=\"https:\/\/www.3m.com\">3M<\/a><\/li>\n<li><a href=\"http:\/\/www.allegromedical.com\" target=\"_blank\" rel=\"noopener noreferrer\">AllegroMedical<\/a><\/li>\n<li><a href=\"http:\/\/www.ariel-info.com\/\" target=\"_blank\" rel=\"noopener noreferrer\">Ari\u00ebl<\/a><\/li>\n<li><a href=\"http:\/\/www.chemi-supply.co.uk\/\" target=\"_blank\" rel=\"noopener noreferrer\">Chemi supply<\/a><\/li>\n<li><a href=\"http:\/\/www.chc.org\/\" target=\"_blank\" rel=\"noopener noreferrer\">Community Hygiene Concern<\/a>: Protecting people and pets from parasites<\/li>\n<li><a href=\"http:\/\/www.dettol.co.uk\/\" target=\"_blank\" rel=\"noopener noreferrer\">Dettol<\/a><\/li>\n<li><a href=\"http:\/\/www.ecolab.com\/\" target=\"_blank\" rel=\"noopener noreferrer\">Ecolab<\/a><\/li>\n<li><a href=\"http:\/\/www.getinge.com\/\" target=\"_blank\" rel=\"noopener noreferrer\">Getinge<\/a><\/li>\n<li><a href=\"https:\/\/www.greenspeed.eu\/\">Greenspeed<\/a><\/li>\n<li><a href=\"http:\/\/www.hartmann.be\/\">Hartmann<\/a><\/li>\n<li><a href=\"http:\/\/www.sca.com\/\" target=\"_blank\" rel=\"noopener noreferrer\">SCA<\/a><\/li>\n<li><a href=\"http:\/\/www.sterigenics.com\/\" target=\"_blank\" rel=\"noopener noreferrer\">Sterigenics<\/a><\/li>\n<li><a href=\"http:\/\/www.preparedness.com\" target=\"_blank\" rel=\"noopener noreferrer\">The Preparedness Center<\/a><\/li>\n<\/ul>\n<\/li>\n<li>Andere\n<ul>\n<li><a href=\"http:\/\/www.belgianinfectioncontrolsociety.be\/\">Belgian Infection Control Society<\/a><\/li>\n<\/ul>\n<\/li>\n<\/ul>\n<span class=\"last-modified-timestamp\">apr 18, 2024 @ 9:35 pm<\/span>\n","protected":false},"excerpt":{"rendered":"<p>Informatie American Journal of Tropical Medicine and Hygiene Association Fran\u00e7aise de Promotion de la Sant\u00e9 Scolaire et Universitaire Dental Hygiene Education Hygiene-aktuell (DE) Wikipedia Topics Ne tournons pas autour du pot: sanitaires \u00e0 l&#8217;\u00e9cole Verenigingen The American Dental Hygienist&#8217;s Association Coll\u00e8ge de bact\u00e9riologie, de virologie et d&#8217;hygi\u00e8ne des h\u00f4pitaux Deutsche<\/p>\n","protected":false},"author":1,"featured_media":0,"parent":0,"menu_order":0,"comment_status":"closed","ping_status":"closed","template":"","meta":{"footnotes":"","_wp_rev_ctl_limit":""},"class_list":["post-8012","page","type-page","status-publish","hentry"],"publishpress_future_action":{"enabled":false,"date":"2026-05-01 01:57:58","action":"delete","newStatus":"draft","terms":[],"taxonomy":"","extraData":[]},"publishpress_future_workflow_manual_trigger":{"enabledWorkflows":[]},"_links":{"self":[{"href":"https:\/\/hlrnet.com\/sites\/gzorg\/wp-json\/wp\/v2\/pages\/8012","targetHints":{"allow":["GET"]}}],"collection":[{"href":"https:\/\/hlrnet.com\/sites\/gzorg\/wp-json\/wp\/v2\/pages"}],"about":[{"href":"https:\/\/hlrnet.com\/sites\/gzorg\/wp-json\/wp\/v2\/types\/page"}],"author":[{"embeddable":true,"href":"https:\/\/hlrnet.com\/sites\/gzorg\/wp-json\/wp\/v2\/users\/1"}],"replies":[{"embeddable":true,"href":"https:\/\/hlrnet.com\/sites\/gzorg\/wp-json\/wp\/v2\/comments?post=8012"}],"version-history":[{"count":3,"href":"https:\/\/hlrnet.com\/sites\/gzorg\/wp-json\/wp\/v2\/pages\/8012\/revisions"}],"predecessor-version":[{"id":22902,"href":"https:\/\/hlrnet.com\/sites\/gzorg\/wp-json\/wp\/v2\/pages\/8012\/revisions\/22902"}],"wp:attachment":[{"href":"https:\/\/hlrnet.com\/sites\/gzorg\/wp-json\/wp\/v2\/media?parent=8012"}],"curies":[{"name":"wp","href":"https:\/\/api.w.org\/{rel}","templated":true}]}}