{"id":8005,"date":"2018-04-08T06:40:31","date_gmt":"2018-04-08T06:40:31","guid":{"rendered":"http:\/\/hlrnet.com\/sites\/gzorg\/?page_id=8005"},"modified":"2025-02-25T13:28:16","modified_gmt":"2025-02-25T13:28:16","slug":"hematologie","status":"publish","type":"page","link":"https:\/\/hlrnet.com\/sites\/gzorg\/hematologie\/","title":{"rendered":"Hematologie"},"content":{"rendered":"<ul>\n<li><a href=\"http:\/\/www.hematology.org\/\" target=\"_blank\" rel=\"noopener noreferrer\">ASH Online<\/a><\/li>\n<li><a href=\"http:\/\/www.aspho.org\/\" target=\"_blank\" rel=\"noopener noreferrer\">American Society of Pediatric Hematology\/Oncology Home Page<\/a><\/li>\n<li><a href=\"http:\/\/www.bloodline.net\/\" target=\"_blank\" rel=\"noopener noreferrer\">Bloodline<\/a><\/li>\n<li><a href=\"http:\/\/www.esh.org\/\">European School of Haematology (ESH)<\/a><\/li>\n<li><a href=\"https:\/\/www.iseh.org\/\">International Society for Experimental Hematology (ISEH)<\/a><\/li>\n<li><a href=\"http:\/\/www.islh.org\" target=\"_blank\" rel=\"noopener noreferrer\">International Society for Laboratory Hematology<\/a><\/li>\n<li>Journals\n<ul>\n<li><a href=\"http:\/\/www.bloodjournal.org\">Blood<\/a><\/li>\n<\/ul>\n<ul>\n<li><a href=\"http:\/\/www.co-hematology.com\/\" target=\"_blank\" rel=\"noopener noreferrer\">Lippincott Williams &amp; Wilkins &#8211; Current Opinion in Hematology<\/a><\/li>\n<\/ul>\n<\/li>\n<li><a href=\"http:\/\/www.sfts.asso.fr\/\">Soci\u00e9t\u00e9 Fran\u00e7aise de transfusion sanguine<\/a><\/li>\n<li><a href=\"https:\/\/bloedziekten.nl\/\">Stichting Zeldzame Bloedziekten<\/a><\/li>\n<\/ul>\n<span class=\"last-modified-timestamp\">feb 25, 2025 @ 1:28 pm<\/span>\n","protected":false},"excerpt":{"rendered":"<p>ASH Online American Society of Pediatric Hematology\/Oncology Home Page Bloodline European School of Haematology (ESH) International Society for Experimental Hematology (ISEH) International Society for Laboratory Hematology Journals Blood Lippincott Williams &amp; Wilkins &#8211; Current Opinion in Hematology Soci\u00e9t\u00e9 Fran\u00e7aise de transfusion sanguine Stichting Zeldzame Bloedziekten<\/p>\n","protected":false},"author":1,"featured_media":0,"parent":0,"menu_order":0,"comment_status":"closed","ping_status":"closed","template":"","meta":{"footnotes":"","_wp_rev_ctl_limit":""},"class_list":["post-8005","page","type-page","status-publish","hentry"],"publishpress_future_action":{"enabled":false,"date":"2026-05-01 04:31:14","action":"delete","newStatus":"draft","terms":[],"taxonomy":"","extraData":[]},"publishpress_future_workflow_manual_trigger":{"enabledWorkflows":[]},"_links":{"self":[{"href":"https:\/\/hlrnet.com\/sites\/gzorg\/wp-json\/wp\/v2\/pages\/8005","targetHints":{"allow":["GET"]}}],"collection":[{"href":"https:\/\/hlrnet.com\/sites\/gzorg\/wp-json\/wp\/v2\/pages"}],"about":[{"href":"https:\/\/hlrnet.com\/sites\/gzorg\/wp-json\/wp\/v2\/types\/page"}],"author":[{"embeddable":true,"href":"https:\/\/hlrnet.com\/sites\/gzorg\/wp-json\/wp\/v2\/users\/1"}],"replies":[{"embeddable":true,"href":"https:\/\/hlrnet.com\/sites\/gzorg\/wp-json\/wp\/v2\/comments?post=8005"}],"version-history":[{"count":4,"href":"https:\/\/hlrnet.com\/sites\/gzorg\/wp-json\/wp\/v2\/pages\/8005\/revisions"}],"predecessor-version":[{"id":24126,"href":"https:\/\/hlrnet.com\/sites\/gzorg\/wp-json\/wp\/v2\/pages\/8005\/revisions\/24126"}],"wp:attachment":[{"href":"https:\/\/hlrnet.com\/sites\/gzorg\/wp-json\/wp\/v2\/media?parent=8005"}],"curies":[{"name":"wp","href":"https:\/\/api.w.org\/{rel}","templated":true}]}}