{"id":7999,"date":"2018-04-08T06:32:22","date_gmt":"2018-04-08T06:32:22","guid":{"rendered":"http:\/\/hlrnet.com\/sites\/gzorg\/?page_id=7999"},"modified":"2025-12-04T17:53:30","modified_gmt":"2025-12-04T17:53:30","slug":"geneesmiddelen-en-farmacologie","status":"publish","type":"page","link":"https:\/\/hlrnet.com\/sites\/gzorg\/geneesmiddelen-en-farmacologie\/","title":{"rendered":"Geneesmiddelen en farmacologie"},"content":{"rendered":"<p>We nemen in principe geen (Amerikaanse) online apotheken op, waar men geneesmiddelen kan verkrijgen.<\/p>\n<table border=\"1\">\n<tbody>\n<tr>\n<td><center><b>Informatie over farmacie<br \/>\n<\/b><\/center><\/td>\n<td><center><b>Bedrijven en producten<\/b><\/center><\/td>\n<td><center><b>Verenigingen en organisaties<\/b><\/center><\/td>\n<\/tr>\n<tr>\n<td valign=\"top\">\n<ul>\n<li style=\"list-style-type: none;\">\n<ul>\n<li><a href=\"https:\/\/www.askapatient.com\/\" target=\"_blank\" rel=\"noopener noreferrer\">Ask a Patient<\/a><\/li>\n<li><a href=\"https:\/\/www.apotheek.be\/\" target=\"_blank\" rel=\"noopener noreferrer\">Apotheek.be<\/a>: wachtdienst van apothekers<\/li>\n<li><a href=\"https:\/\/www.apotheek.nl\/\" target=\"_blank\" rel=\"noopener noreferrer\">Apotheek.nl<\/a>: de website van apothekers in Nederland<\/li>\n<li><a href=\"https:\/\/apotheek.start.be\/\" target=\"_blank\" rel=\"noopener noreferrer\">Apotheek.start.be<\/a><\/li>\n<li><a href=\"https:\/\/www.artsenapotheker.nl\/\" target=\"_blank\" rel=\"noopener noreferrer\">ArtsenApotheker.nl<\/a><\/li>\n<li><a href=\"https:\/\/www.bcfi.be\/\">BCFI: Belgisch Centrum voor Farmacotherapeutische informatie &#8211; gecommentarieerd geneesmiddelenrepertorium<\/a><\/li>\n<li><a href=\"https:\/\/www.biam2.org\/\">BIAM &#8211; Banque de Donn\u00e9es Automatis\u00e9e sur les M\u00e9dicaments<\/a><\/li>\n<li><a href=\"https:\/\/www.consumed.nl\/\" target=\"_blank\" rel=\"noopener noreferrer\">Consumed<\/a>: informatie over geneesmiddelen (NL)<\/li>\n<li><a href=\"https:\/\/www.curabase.be\/\">Curabase<\/a> (BE)<\/li>\n<li><a href=\"https:\/\/www.drugs.com\/\" target=\"_blank\" rel=\"noopener noreferrer\">Drugs.com<\/a><\/li>\n<li><a href=\"https:\/\/www.drugguide.com\/\" target=\"_blank\" rel=\"noopener noreferrer\">DrugGuide.com<\/a>: pharmacology guide<\/li>\n<li><a href=\"https:\/\/www.e-compendium.be\/\">E-compendium<\/a><\/li>\n<li><a href=\"https:\/\/www.ema.europa.eu\/\">European Medicines Agency<\/a><\/li>\n<li><a href=\"https:\/\/www.eyeforpharma.com\/\" target=\"_blank\" rel=\"noopener noreferrer\">eyeforpharma<\/a><\/li>\n<li><a href=\"https:\/\/farmastatus.be\/\">FarmaStatus<\/a>: beschikbaarheid van geneesmiddelen (in Belgi\u00eb)<\/li>\n<li><a href=\"https:\/\/www.iptonline.com\/\" target=\"_blank\" rel=\"noopener noreferrer\">Innovations in Pharmaceutical Technology<\/a><\/li>\n<li><a href=\"https:\/\/www.knmp.nl\/\">KNMP: Koninlijke Nederlandse Maatschappij ter bevordering der Pharmacie<\/a>\u00a0(NL)<\/li>\n<li><a href=\"https:\/\/www.lareb.nl\/\">Lareb: bijwerkingencentrum<\/a> (NL)<\/li>\n<li><a href=\"https:\/\/www.medications-online.com\/\" target=\"_blank\" rel=\"noopener noreferrer\">Medications online<\/a><\/li>\n<li><a href=\"https:\/\/medicijn.start.be\/\" target=\"_blank\" rel=\"noopener noreferrer\">Medicijn.start.be<\/a><\/li>\n<li><a href=\"https:\/\/www.mediplanet.be\/\" target=\"_blank\" rel=\"noopener noreferrer\">Mediplanet<\/a><\/li>\n<li><a href=\"https:\/\/www.farmaka.be\/\" target=\"_blank\" rel=\"noopener noreferrer\">Project Farmaka<\/a>\u00a0(BE)<\/li>\n<\/ul>\n<\/li>\n<\/ul>\n<p>Centrum voor onafhankelijke geneesmiddeleninformatie<\/p>\n<ul>\n<li style=\"list-style-type: none;\">\n<ul>\n<li><a href=\"https:\/\/www.pharmaselecta.nl\/\" target=\"_blank\" rel=\"noopener noreferrer\">Pharma Selecta Online<\/a><\/li>\n<li><a href=\"https:\/\/rxinsider.com\/\" target=\"_blank\" rel=\"noopener noreferrer\">RXinsider<\/a><\/li>\n<li><a href=\"https:\/\/www.rxlist.com\/script\/main\/hp.asp\">RXlist<\/a>: informatie over US medicatie en hun dosering<\/li>\n<li><a href=\"https:\/\/sciencebasedpharmacy.wordpress.com\/\">Science-Based Pharmacy<\/a><\/li>\n<li><a href=\"https:\/\/www.serviceapotheek.nl\/\" target=\"_blank\" rel=\"noopener noreferrer\">ServiceApotheek.nl<\/a>: gezondheidsnieuws, geneesmiddelen, ziekten, &#8230;<\/li>\n<li><a href=\"https:\/\/www.vademecum.es\/\" target=\"_blank\" rel=\"noopener noreferrer\">Vademecum internacional: especialidades farmaceuticas y biologicas<\/a> (informaci\u00f3n reservada a los profesionales de la salud)\u00a0(SP)<\/li>\n<li><a href=\"https:\/\/hlrnet.com\/sites\/gzorg\/toxicologie\/\">Toxicologie<\/a> (hlrnet)<\/li>\n<li><a href=\"https:\/\/www.vidal.fr\/\" target=\"_blank\" rel=\"noopener noreferrer\">Vidal du particulier<\/a><\/li>\n<\/ul>\n<\/li>\n<\/ul>\n<p>Frans overzicht van geneesmiddelen en medicamenteuze substanties. French survey of medical substances.<\/td>\n<td valign=\"top\">\n<ul>\n<li><a href=\"https:\/\/www.abbott.com\/\" target=\"_blank\" rel=\"noopener noreferrer\">Abbott<\/a><\/li>\n<li><a href=\"https:\/\/www.actonel.com\/\" target=\"_blank\" rel=\"noopener noreferrer\">Actonel<\/a><\/li>\n<li><a href=\"https:\/\/www.agenusbio.com\/\" target=\"_blank\" rel=\"noopener noreferrer\">Agenus<\/a><\/li>\n<li><a href=\"https:\/\/www.astrazeneca.be\/\">AstraZeneca<\/a><\/li>\n<li><a href=\"https:\/\/www.bayer.be\/\" target=\"_blank\" rel=\"noopener noreferrer\">Bayer<\/a><\/li>\n<li><a href=\"https:\/\/www.boehringer-ingelheim.com\/\" target=\"_blank\" rel=\"noopener noreferrer\">Boehringer-Ingelheim<\/a><\/li>\n<li><a href=\"https:\/\/www.coloplast.co.uk\/\" target=\"_blank\" rel=\"noopener noreferrer\">Coloplast<\/a><\/li>\n<li><a href=\"https:\/\/www.cpspharm.com\/\" target=\"_blank\" rel=\"noopener noreferrer\">Comprehensive Pharmacy Services<\/a><\/li>\n<li><a href=\"https:\/\/www.conmed.com\/\" target=\"_blank\" rel=\"noopener noreferrer\">ConMed<\/a>: medical systems and instruments used in surgical and other medical procedures<\/li>\n<li><a href=\"https:\/\/www.efarma.nl\/\" target=\"_blank\" rel=\"noopener noreferrer\">eFarma<\/a> (online apotheek)<\/li>\n<li><a href=\"https:\/\/eurogenerics.net\/\" target=\"_blank\" rel=\"noopener noreferrer\">EuroGenerics<\/a><\/li>\n<li><a href=\"https:\/\/www.gsk.com\/\" target=\"_blank\" rel=\"noopener noreferrer\">GlaxoSmithKline<\/a><\/li>\n<li><a href=\"https:\/\/www.im-associates.eu\/\">IM Associates<\/a>: data analysis<\/li>\n<li>IMS Health<\/li>\n<li><a href=\"https:\/\/www.janssen-cilag.be\/\" target=\"_blank\" rel=\"noopener noreferrer\">Janssen-Cilag<\/a><\/li>\n<li><a href=\"https:\/\/www.kela.be\/\" target=\"_blank\" rel=\"noopener noreferrer\">Kela<\/a><\/li>\n<li><a href=\"https:\/\/www.medibib.be\/\">Medibib<\/a><\/li>\n<li><a href=\"https:\/\/www.merck.com\/\" target=\"_blank\" rel=\"noopener noreferrer\">Merck<\/a><\/li>\n<li><a href=\"https:\/\/www.merz.de\/\" target=\"_blank\" rel=\"noopener noreferrer\">Merz<\/a><\/li>\n<li><a href=\"https:\/\/www.multipharma.be\/\" target=\"_blank\" rel=\"noopener noreferrer\">Multipharma<\/a><\/li>\n<li><a href=\"https:\/\/www.mylan.com\/\">Mylan<\/a><\/li>\n<li><a href=\"https:\/\/www.novartis.be\/\">Novartis<\/a><\/li>\n<li><a href=\"https:\/\/www.novonordisk.be\/\" target=\"_blank\" rel=\"noopener noreferrer\">Novo Nordisk<\/a><\/li>\n<li><a href=\"https:\/\/www.omega-pharma.be\/\" target=\"_blank\" rel=\"noopener noreferrer\">Omega Pharma<\/a><\/li>\n<li><a href=\"https:\/\/www.pfizer.com\/\" target=\"_blank\" rel=\"noopener noreferrer\">Pfizer<\/a>\n<ul>\n<li><a href=\"https:\/\/www.brusselscru.com\/\">CRUB<\/a><\/li>\n<\/ul>\n<\/li>\n<li><a href=\"https:\/\/www.roche.com\/\">Roche<\/a><\/li>\n<li><a href=\"https:\/\/www.sanofi.com\/\" target=\"_blank\" rel=\"noopener noreferrer\">Sanofi<\/a><\/li>\n<li><a href=\"https:\/\/www.servier.com\/\" target=\"_blank\" rel=\"noopener noreferrer\">Servier<\/a><\/li>\n<li><a href=\"https:\/\/www.tigenix.com\/\" target=\"_blank\" rel=\"noopener noreferrer\">Tigenix<\/a><\/li>\n<li><a href=\"https:\/\/www.tramedico.be\/\" target=\"_blank\" rel=\"noopener noreferrer\">Tramedico<\/a><\/li>\n<li><a href=\"https:\/\/www.viagra.com\/\" target=\"_blank\" rel=\"noopener noreferrer\">Viagra<\/a><\/li>\n<\/ul>\n<\/td>\n<td valign=\"top\">\n<ul>\n<li><a href=\"https:\/\/www.aacp.org\/\" target=\"_blank\" rel=\"noopener noreferrer\">AACP &#8211; American Association of Colleges of Pharmacy<\/a><\/li>\n<li><a href=\"https:\/\/www.acadpharm.org\/\" target=\"_blank\" rel=\"noopener noreferrer\">Acad\u00e9mie Nationale de Pharmacie<\/a><\/li>\n<li><a href=\"https:\/\/www.apb.be\/\" target=\"_blank\" rel=\"noopener noreferrer\">APB &#8211; Algemene Pharmaceutische Bond<\/a>\u00a0(BE)<\/li>\n<li><a href=\"https:\/\/www.adiph.org\/\" target=\"_blank\" rel=\"noopener noreferrer\">ADIPH &#8211; Association pour le developpement de l&#8217;internet et de la pharmacie hospitali\u00e8re<\/a><\/li>\n<li><a href=\"https:\/\/www.bcfi.be\/\">Belgisch Centrum voor Farmacotherapeutische informatie<\/a> (BCFI)<\/li>\n<li><a href=\"https:\/\/www.bpsweb.org\/\" target=\"_blank\" rel=\"noopener noreferrer\">Board of Pharamaceutical Specialities<\/a><\/li>\n<li><a href=\"https:\/\/www.bps.ac.uk\/\">British Pharmalogical Society<\/a> (BPS)<\/li>\n<li><a href=\"https:\/\/www.cspscanada.org\/\" target=\"_blank\" rel=\"noopener noreferrer\">Canadian Society for Pharmaceutical Sciences<\/a><\/li>\n<li><a href=\"https:\/\/www.cbg-meb.nl\/\" target=\"_blank\" rel=\"noopener noreferrer\">CBG &#8211; Commissie ter Beoordeling van Geneesmiddelen<\/a>\u00a0(NL)<\/li>\n<li><a href=\"https:\/\/www.efmc.info\/\">European Federation for Medicinal Chemistry (EFMC)<\/a><\/li>\n<li><a href=\"https:\/\/www.ema.europa.eu\/\">European Medicines Agency<\/a> (EMA)<\/li>\n<li><a href=\"https:\/\/www.fagg-afmps.be\/\">Federaal Agentschap voor Geneesmiddelen en Gezondheidsproducten (FAGG &#8211; AFMPS)<\/a><\/li>\n<li><a href=\"https:\/\/www.kava.be\/\" target=\"_blank\" rel=\"noopener noreferrer\">KAVA &#8211; Koninklijke Apothekersvereniging van Antwerpen<\/a><\/li>\n<li><a href=\"https:\/\/www.pahcom.com\/\" target=\"_blank\" rel=\"noopener noreferrer\">PAHCOM<\/a> &#8211; Professional Association of Health Care Office Management<\/li>\n<li><a href=\"https:\/\/www.pharma.be\/\" target=\"_blank\" rel=\"noopener noreferrer\">Pharma.be<\/a>: Algemene Vereniging van de Geneesmiddelenindustrie<\/li>\n<li><a href=\"https:\/\/www.sefh.es\/\" target=\"_blank\" rel=\"noopener noreferrer\">Sociedad Espa\u00f1ola de Farmacia Hosiptalaria<\/a>\u00a0(SP)<\/li>\n<li><a href=\"https:\/\/www.fda.gov\/\" target=\"_blank\" rel=\"noopener noreferrer\">US Food and Drug Administration<\/a><\/li>\n<li><a href=\"https:\/\/www.vza.be\/\" target=\"_blank\" rel=\"noopener noreferrer\">Vereniging van Ziekenhuisapothekers<\/a><\/li>\n<\/ul>\n<\/td>\n<\/tr>\n<\/tbody>\n<\/table>\n<span class=\"last-modified-timestamp\">dec 4, 2025 @ 5:53 pm<\/span>\n<p>&nbsp;<\/p>\n","protected":false},"excerpt":{"rendered":"<p>We nemen in principe geen (Amerikaanse) online apotheken op, waar men geneesmiddelen kan verkrijgen. Informatie over farmacie Bedrijven en producten Verenigingen en organisaties Ask a Patient Apotheek.be: wachtdienst van apothekers Apotheek.nl: de website van apothekers in Nederland Apotheek.start.be ArtsenApotheker.nl BCFI: Belgisch Centrum voor Farmacotherapeutische informatie &#8211; gecommentarieerd geneesmiddelenrepertorium BIAM &#8211;<\/p>\n","protected":false},"author":1,"featured_media":0,"parent":0,"menu_order":0,"comment_status":"closed","ping_status":"closed","template":"","meta":{"footnotes":"","_wp_rev_ctl_limit":""},"class_list":["post-7999","page","type-page","status-publish","hentry"],"publishpress_future_action":{"enabled":false,"date":"2026-05-01 09:19:24","action":"delete","newStatus":"draft","terms":[],"taxonomy":"","extraData":[]},"publishpress_future_workflow_manual_trigger":{"enabledWorkflows":[]},"_links":{"self":[{"href":"https:\/\/hlrnet.com\/sites\/gzorg\/wp-json\/wp\/v2\/pages\/7999","targetHints":{"allow":["GET"]}}],"collection":[{"href":"https:\/\/hlrnet.com\/sites\/gzorg\/wp-json\/wp\/v2\/pages"}],"about":[{"href":"https:\/\/hlrnet.com\/sites\/gzorg\/wp-json\/wp\/v2\/types\/page"}],"author":[{"embeddable":true,"href":"https:\/\/hlrnet.com\/sites\/gzorg\/wp-json\/wp\/v2\/users\/1"}],"replies":[{"embeddable":true,"href":"https:\/\/hlrnet.com\/sites\/gzorg\/wp-json\/wp\/v2\/comments?post=7999"}],"version-history":[{"count":5,"href":"https:\/\/hlrnet.com\/sites\/gzorg\/wp-json\/wp\/v2\/pages\/7999\/revisions"}],"predecessor-version":[{"id":25119,"href":"https:\/\/hlrnet.com\/sites\/gzorg\/wp-json\/wp\/v2\/pages\/7999\/revisions\/25119"}],"wp:attachment":[{"href":"https:\/\/hlrnet.com\/sites\/gzorg\/wp-json\/wp\/v2\/media?parent=7999"}],"curies":[{"name":"wp","href":"https:\/\/api.w.org\/{rel}","templated":true}]}}