{"id":7995,"date":"2018-04-08T06:31:11","date_gmt":"2018-04-08T06:31:11","guid":{"rendered":"http:\/\/hlrnet.com\/sites\/gzorg\/?page_id=7995"},"modified":"2026-03-01T19:19:22","modified_gmt":"2026-03-01T19:19:22","slug":"gastro-enterologie","status":"publish","type":"page","link":"https:\/\/hlrnet.com\/sites\/gzorg\/gastro-enterologie\/","title":{"rendered":"Gastro-enterologie"},"content":{"rendered":"<ul>\n<li>Beroepsverenigingen\n<ul>\n<li><a href=\"http:\/\/www.medinfos.com\/principales\/hepato.shtml\" target=\"_blank\" rel=\"noopener noreferrer\">H\u00e9pato-Gastro-Ent\u00e9rologie<\/a><\/li>\n<li><a href=\"http:\/\/www.mlds.nl\/\" target=\"_blank\" rel=\"noopener noreferrer\">Maag Lever Darm Stichting<\/a>\u00a0(NL)<\/li>\n<li><a href=\"http:\/\/www.mdl.nl\/\" target=\"_blank\" rel=\"noopener noreferrer\">MDL &#8211; Genootschap van Maag-Darm-Leverartsen<\/a><\/li>\n<li><a href=\"http:\/\/www.nvge.nl\/\" target=\"_blank\" rel=\"noopener noreferrer\">NVGE Nederlandse Vereniging voor Gastro-Enterologie<\/a><\/li>\n<li><a href=\"http:\/\/www.snfge.asso.fr\/\" target=\"_blank\" rel=\"noopener noreferrer\">Soci\u00e9t\u00e9 Nationale Fran\u00e7aise de Gastroent\u00e9rologie<\/a><\/li>\n<li><a href=\"http:\/\/www.uegf.org\/\">UEGF: United European Gastroenterology Federation<\/a><\/li>\n<li><a href=\"http:\/\/www.vvge.be\/\" target=\"_blank\" rel=\"noopener noreferrer\">VVGE &#8211; Vlaamse Vereniging voor Gastro-Enterologie<\/a><\/li>\n<\/ul>\n<\/li>\n<li>Tijdschriften &#8211; Journals\n<ul>\n<li><a href=\"http:\/\/annals.org\/aim\">Annals of Internal Medicine<\/a><\/li>\n<li><a href=\"https:\/\/www.racp.edu.au\/fellows\/resources\/journals\/internal-medicine-journal\">Internal Medicine Journal<\/a><\/li>\n<li><a href=\"https:\/\/onlinelibrary.wiley.com\/journal\/10.1111\/%28ISSN%291445-5994\/issues\">Internal Medicine Journal (Wiley)<\/a><\/li>\n<li><a href=\"http:\/\/jamanetwork.com\/journals\/jamainternalmedicine\">JAMA Internal Medicine<\/a><\/li>\n<li><a href=\"http:\/\/www.springer.com\/medicine\/internal\/journal\/11606\">Journal of General Internal Medicine<\/a><\/li>\n<li><a href=\"https:\/\/onlinelibrary.wiley.com\/journal\/10.1111\/%28ISSN%291365-2796\">Journal of Internal Medicine (Wiley)<\/a><\/li>\n<li><a href=\"http:\/\/www.nature.com\/ncpgasthep\/\">Nature Clinical Practice: Gastroenterology &amp; Hepatolgy<\/a><\/li>\n<li><a href=\"http:\/\/jamanetwork.com\/\">The JAMA network<\/a><\/li>\n<\/ul>\n<\/li>\n<li>Verenigingen\n<ul>\n<li><a href=\"http:\/\/www.im.org\/\">Aloiance for Academic Internal Medicine<\/a><\/li>\n<li><a href=\"http:\/\/www.abim.org\/\">American Board of Internal Medicine<\/a><\/li>\n<li><a href=\"http:\/\/csim.ca\/\">CSIM: Canadian Society of Internal Medicine<\/a><\/li>\n<li><a href=\"https:\/\/www.efim.org\/\">EFIM: European Federation of Internal medicine<\/a><\/li>\n<li><a href=\"http:\/\/www.isim-online.org\/\">International Society of Internal Medicine<\/a><\/li>\n<\/ul>\n<\/li>\n<li>Aandoeningen en preventie\n<ul>\n<li><a href=\"https:\/\/www.efim.org\/\">EFIM: European Federation of Internal medicine<\/a><\/li>\n<li><a href=\"https:\/\/elpa.eu\/\">ELPA: European Liver Patients Association<\/a><\/li>\n<li><a href=\"http:\/\/www.prikkelbaredarm.be\/\">Prikkelbare darm<\/a><\/li>\n<li><a href=\"http:\/\/ccv-vzw.be\/\">Crohn Colitis Ulcerosa vereniging<\/a><\/li>\n<li><a href=\"https:\/\/www.mlds.nl\/\">Maag Lever Darm Stichting<\/a><\/li>\n<\/ul>\n<\/li>\n<li>Meer\n<ul>\n<li><a href=\"http:\/\/www.lap-surgery.com\/\">Department of Gastrointestinal Surgery<\/a> (St Pierre Bxl)<\/li>\n<\/ul>\n<\/li>\n<\/ul>\n","protected":false},"excerpt":{"rendered":"<p>Beroepsverenigingen H\u00e9pato-Gastro-Ent\u00e9rologie Maag Lever Darm Stichting\u00a0(NL) MDL &#8211; Genootschap van Maag-Darm-Leverartsen NVGE Nederlandse Vereniging voor Gastro-Enterologie Soci\u00e9t\u00e9 Nationale Fran\u00e7aise de Gastroent\u00e9rologie UEGF: United European Gastroenterology Federation VVGE &#8211; Vlaamse Vereniging voor Gastro-Enterologie Tijdschriften &#8211; Journals Annals of Internal Medicine Internal Medicine Journal Internal Medicine Journal (Wiley) JAMA Internal Medicine Journal<\/p>\n","protected":false},"author":1,"featured_media":0,"parent":0,"menu_order":0,"comment_status":"closed","ping_status":"closed","template":"","meta":{"footnotes":"","_wp_rev_ctl_limit":""},"class_list":["post-7995","page","type-page","status-publish","hentry"],"publishpress_future_action":{"enabled":false,"date":"2026-04-30 16:37:01","action":"delete","newStatus":"draft","terms":[],"taxonomy":"","extraData":[]},"publishpress_future_workflow_manual_trigger":{"enabledWorkflows":[]},"_links":{"self":[{"href":"https:\/\/hlrnet.com\/sites\/gzorg\/wp-json\/wp\/v2\/pages\/7995","targetHints":{"allow":["GET"]}}],"collection":[{"href":"https:\/\/hlrnet.com\/sites\/gzorg\/wp-json\/wp\/v2\/pages"}],"about":[{"href":"https:\/\/hlrnet.com\/sites\/gzorg\/wp-json\/wp\/v2\/types\/page"}],"author":[{"embeddable":true,"href":"https:\/\/hlrnet.com\/sites\/gzorg\/wp-json\/wp\/v2\/users\/1"}],"replies":[{"embeddable":true,"href":"https:\/\/hlrnet.com\/sites\/gzorg\/wp-json\/wp\/v2\/comments?post=7995"}],"version-history":[{"count":3,"href":"https:\/\/hlrnet.com\/sites\/gzorg\/wp-json\/wp\/v2\/pages\/7995\/revisions"}],"predecessor-version":[{"id":25245,"href":"https:\/\/hlrnet.com\/sites\/gzorg\/wp-json\/wp\/v2\/pages\/7995\/revisions\/25245"}],"wp:attachment":[{"href":"https:\/\/hlrnet.com\/sites\/gzorg\/wp-json\/wp\/v2\/media?parent=7995"}],"curies":[{"name":"wp","href":"https:\/\/api.w.org\/{rel}","templated":true}]}}