{"id":7993,"date":"2018-04-08T06:30:19","date_gmt":"2018-04-08T06:30:19","guid":{"rendered":"http:\/\/hlrnet.com\/sites\/gzorg\/?page_id=7993"},"modified":"2023-11-16T17:31:05","modified_gmt":"2023-11-16T17:31:05","slug":"geriatrie","status":"publish","type":"page","link":"https:\/\/hlrnet.com\/sites\/gzorg\/geriatrie\/","title":{"rendered":"Geriatrie"},"content":{"rendered":"<ul>\n<li><a href=\"https:\/\/www.aghe.org\/\">Academy for Gerontology in Higher Education<\/a><\/li>\n<li><a href=\"http:\/\/www.aagpgpa.org\/\" target=\"_blank\" rel=\"noopener noreferrer\">American Association for Geriatric Psychiatry<\/a><\/li>\n<li><a href=\"http:\/\/www.americangeriatrics.org\/\" target=\"_blank\" rel=\"noopener noreferrer\">American Geriatrics Society<\/a><\/li>\n<li><a href=\"https:\/\/www.ajgponline.org\/\" target=\"_blank\" rel=\"noopener noreferrer\">American Journal of Geriatric Psychiatry<\/a><\/li>\n<li><a href=\"http:\/\/www.anker-vzw.be\/\" target=\"_blank\" rel=\"noopener noreferrer\">Anker vzw<\/a>: &#8220;vorming op maat van rusthuizen en RVT&#8221; \/ Bewonersdossie-QZ<\/li>\n<li><a href=\"http:\/\/www.bgs.org.uk\/\" target=\"_blank\" rel=\"noopener noreferrer\">British Geriatrics Society Homepage<\/a><\/li>\n<li><a href=\"https:\/\/www.britishgerontology.org\/\">British Society of Gerontology<\/a><\/li>\n<li><a href=\"http:\/\/www.valpreventie.nl\/\">Daza Opticare: valpreventie<\/a><\/li>\n<li><a href=\"http:\/\/papidoc.chic-cm.fr\/\" target=\"_blank\" rel=\"noopener noreferrer\">G\u00e9rontologie en institution pour personnes \u00e2g\u00e9es d\u00e9pendantes<\/a> (Lucien Mias)<\/li>\n<li><a href=\"http:\/\/www.home-info.be\/\">Home-Info<\/a> (BHV)<\/li>\n<li><a href=\"http:\/\/www.jgerontology-geriatrics.com\/\">Journal of Gerontology and Geriatrics<\/a><\/li>\n<li><a href=\"http:\/\/www.caremanager.org\/\" target=\"_blank\" rel=\"noopener noreferrer\">National Association of Professional Geriatric Care Managers<\/a><\/li>\n<li><a href=\"http:\/\/www.ouderdomsdiabetes.com\/\">Ouderdomsdiabetes.com<\/a><\/li>\n<li><a href=\"http:\/\/www.seniornet.org\/\" target=\"_blank\" rel=\"noopener noreferrer\">SeniorNet<\/a>: bringing wisdom to the information age<\/li>\n<li><a href=\"http:\/\/www.vilans.nl\/\">Vilans<\/a>: kenniscentrum voor langdurige zorg<\/li>\n<\/ul>\n<span class=\"last-modified-timestamp\">nov 16, 2023 @ 5:31 pm<\/span>\n","protected":false},"excerpt":{"rendered":"<p>Academy for Gerontology in Higher Education American Association for Geriatric Psychiatry American Geriatrics Society American Journal of Geriatric Psychiatry Anker vzw: &#8220;vorming op maat van rusthuizen en RVT&#8221; \/ Bewonersdossie-QZ British Geriatrics Society Homepage British Society of Gerontology Daza Opticare: valpreventie G\u00e9rontologie en institution pour personnes \u00e2g\u00e9es d\u00e9pendantes (Lucien Mias)<\/p>\n","protected":false},"author":1,"featured_media":0,"parent":0,"menu_order":0,"comment_status":"closed","ping_status":"closed","template":"","meta":{"footnotes":"","_wp_rev_ctl_limit":""},"class_list":["post-7993","page","type-page","status-publish","hentry"],"publishpress_future_action":{"enabled":false,"date":"2026-04-30 16:37:19","action":"delete","newStatus":"draft","terms":[],"taxonomy":"","extraData":[]},"publishpress_future_workflow_manual_trigger":{"enabledWorkflows":[]},"_links":{"self":[{"href":"https:\/\/hlrnet.com\/sites\/gzorg\/wp-json\/wp\/v2\/pages\/7993","targetHints":{"allow":["GET"]}}],"collection":[{"href":"https:\/\/hlrnet.com\/sites\/gzorg\/wp-json\/wp\/v2\/pages"}],"about":[{"href":"https:\/\/hlrnet.com\/sites\/gzorg\/wp-json\/wp\/v2\/types\/page"}],"author":[{"embeddable":true,"href":"https:\/\/hlrnet.com\/sites\/gzorg\/wp-json\/wp\/v2\/users\/1"}],"replies":[{"embeddable":true,"href":"https:\/\/hlrnet.com\/sites\/gzorg\/wp-json\/wp\/v2\/comments?post=7993"}],"version-history":[{"count":0,"href":"https:\/\/hlrnet.com\/sites\/gzorg\/wp-json\/wp\/v2\/pages\/7993\/revisions"}],"wp:attachment":[{"href":"https:\/\/hlrnet.com\/sites\/gzorg\/wp-json\/wp\/v2\/media?parent=7993"}],"curies":[{"name":"wp","href":"https:\/\/api.w.org\/{rel}","templated":true}]}}