{"id":7991,"date":"2018-04-08T06:29:29","date_gmt":"2018-04-08T06:29:29","guid":{"rendered":"http:\/\/hlrnet.com\/sites\/gzorg\/?page_id=7991"},"modified":"2025-07-07T18:58:04","modified_gmt":"2025-07-07T18:58:04","slug":"gynecologie-en-verloskunde","status":"publish","type":"page","link":"https:\/\/hlrnet.com\/sites\/gzorg\/gynecologie-en-verloskunde\/","title":{"rendered":"Gynecologie en verloskunde"},"content":{"rendered":"<ul>\n<li>Informatie &amp; topics\n<ul>\n<li><a href=\"https:\/\/behindendo.be\/\">Behind Endo<\/a>: endometriose<\/li>\n<li><a href=\"http:\/\/www.borstvoeding.com\/\" target=\"_blank\" rel=\"noopener noreferrer\">Borstvoeding.com<\/a><\/li>\n<li><a href=\"http:\/\/www.endfistula.org\/\">End Fistula<\/a><\/li>\n<li><a href=\"http:\/\/gyncancers.about.com\/\" target=\"_blank\" rel=\"noopener noreferrer\">Gynecologic Cancers (about.com)<\/a><\/li>\n<li><a href=\"http:\/\/www.gyneweb.fr\/\" target=\"_blank\" rel=\"noopener noreferrer\">Gyneweb<\/a>\u00a0(NL)<\/li>\n<li><a href=\"http:\/\/www.gentlebirth.org\/\" target=\"_blank\" rel=\"noopener noreferrer\">GentleBirth.org<\/a><\/li>\n<li><a href=\"http:\/\/www.kindjeopkomst.nl\/\" target=\"_blank\" rel=\"noopener noreferrer\">Kindje op komst<\/a> (NL)<\/li>\n<\/ul>\n<\/li>\n<li>Professionele informatie\n<ul>\n<li><a href=\"http:\/\/www.ob-ultrasound.net\/\">Obstetric Ultrasound<\/a><\/li>\n<li><a href=\"https:\/\/sage-femme.be\/\">Union Professionnelle des Sages-Femmes Belges<\/a><\/li>\n<\/ul>\n<\/li>\n<li>Tijdschriften\n<ul>\n<li><a href=\"http:\/\/www.scielo.mec.pt\/scielo.php?script=sci_serial&amp;pid=1646-5830&amp;lng=en&amp;nrm=iso\">Acta obst\u00e9trica e ginecol\u00f3gica portuguesa &#8211; AOGP<\/a><\/li>\n<li><a href=\"http:\/\/www.ajog.org\/\">American Journal of Obstetrics &amp; Gynecology<\/a><\/li>\n<li><a href=\"http:\/\/www.britishjournalofmidwifery.com\/\" target=\"_blank\" rel=\"noopener noreferrer\">British Journal of Midwifery<\/a><\/li>\n<li><a href=\"http:\/\/www.clinicalobgyn.com\/\">Clinical Obstetrics and Gynecology<\/a><\/li>\n<li><a href=\"https:\/\/onlinelibrary.wiley.com\/journal\/15422011\">Journal of Midwifery &amp; Women&#8217;s Health<\/a><\/li>\n<li><a href=\"https:\/\/www.springer.com\/journal\/13224\">Journal of Obstetrics and Gynecology of India<\/a><\/li>\n<li><a href=\"http:\/\/www.obstetricanesthesia.com\/\" target=\"_blank\" rel=\"noopener noreferrer\">Obstetric Anesthesia Digest<\/a><\/li>\n<li><a href=\"http:\/\/journals.lww.com\/greenjournal\/pages\/default.aspx\">Obstetrics &amp; Gynecology<\/a><\/li>\n<li><a href=\"https:\/\/www.sagefemme-pratique.com\/\">Sage-Femme Pratique<\/a><\/li>\n<li><a href=\"https:\/\/www.em-consulte.com\/revue\/VSF\/presentation\/vocation-sage-femme\">Vocation Sage-Femme<\/a><\/li>\n<\/ul>\n<\/li>\n<li>Verenigingen van artsen\n<ul>\n<li><a href=\"http:\/\/www.abog.org\/\" target=\"_blank\" rel=\"noopener noreferrer\">ABOG &#8211; American Board of Obstetrics and Gynecology<\/a><\/li>\n<li><a href=\"http:\/\/www.acog.com\/\" target=\"_blank\" rel=\"noopener noreferrer\">ACOG &#8211; American College of Obstetricians and Gynecologists<\/a><\/li>\n<li><a href=\"https:\/\/sage-femme.be\/\">AFSFC &#8211; Association Francophone des Sages-Femmes Catholiques<\/a><\/li>\n<li><a href=\"https:\/\/www.apgo.org\/\" target=\"_blank\" rel=\"noopener noreferrer\">APGO &#8211; Association of Professors of Gynecology and Obstetrics<\/a><\/li>\n<li><a href=\"http:\/\/www.seg-web.org\/\" target=\"_blank\" rel=\"noopener noreferrer\">European Society of Gynecology\/Soci\u00e9t\u00e9 Europeenne de Gyn\u00e9cologie<\/a><\/li>\n<li><a href=\"http:\/\/www.obgyn.net\/\" target=\"_blank\" rel=\"noopener noreferrer\">ObGyn.net<\/a> (met fora)<\/li>\n<li><a href=\"http:\/\/www.scirp.org\/journal\/ojog\/\">Open Journal of Obstetrics and Gynecology<\/a><\/li>\n<li><a href=\"http:\/\/www.ranzcog.edu.au\/\">Royal Australian and New Zealand College of Obstetricians and Gynaecologists (RANZCOG)<\/a><\/li>\n<li><a href=\"http:\/\/www.sogc.org\/\">SOCG &#8211; Society of Obstetricians and Gynaecologists of Canada<\/a><\/li>\n<\/ul>\n<\/li>\n<li>Verenigingen van vroedvrouwen en verpleegkundigen\n<ul>\n<li><a href=\"http:\/\/www.awhonn.org\/\">Association of Women&#8217;s Health, Obstetric and Neonatal Nurses<\/a><\/li>\n<li><a href=\"https:\/\/gynsf.org\/\">Gyn\u00e9cologie Sans Fronti\u00e8res<\/a><\/li>\n<li><a href=\"http:\/\/www.internationalmidwives.org\/\">International Council of Midwives<\/a><\/li>\n<li><a href=\"http:\/\/www.midwiferytoday.com\/\" target=\"_blank\" rel=\"noopener noreferrer\">Midwifery today<\/a><\/li>\n<li><a href=\"http:\/\/www.mana.org\/\">Midwives Alliance of North America<\/a><\/li>\n<li><a href=\"http:\/\/www.mymidwife.org\/\">My Midwife<\/a>: American College of Nurse-Midwives<\/li>\n<li><a href=\"https:\/\/www.rcog.org.uk\/\">RCOG: Royal College of Obstetrics and Gynaecology<\/a><\/li>\n<li><a href=\"https:\/\/www.rcm.org.uk\/\">RCM: Royal College of Midwives<\/a><\/li>\n<li><a href=\"http:\/\/www.nvog.nl\/\" target=\"_blank\" rel=\"noopener noreferrer\">Nederlandse vereniging voor obstetrie en gyneacologie <\/a><\/li>\n<li><a href=\"http:\/\/www.vroedvrouwen.be\/\" target=\"_blank\" rel=\"noopener noreferrer\">Vlaamse beroepsorganisatie van Vroedvrouwen<\/a><\/li>\n<\/ul>\n<\/li>\n<li>Verenigingen van zorgvragers\n<ul>\n<li><a href=\"http:\/\/www.pelvired.be\/\">Pelvired: Vereniging voor Pelvische Re\u00ebducatie<\/a><\/li>\n<\/ul>\n<\/li>\n<li>Andere\n<ul>\n<li><a href=\"http:\/\/care4education.be\/\">Care4Education<\/a>: opleidingen<\/li>\n<li><a href=\"https:\/\/be.indeed.com\/Vroedkunde-jobs\">Indeed: jobaanbiedingen<\/a><\/li>\n<li><a href=\"https:\/\/kckzapp.nl\/\">KCKZ<\/a>: app<\/li>\n<\/ul>\n<\/li>\n<\/ul>\n<span class=\"last-modified-timestamp\">jul 7, 2025 @ 6:58 pm<\/span>\n<div id=\"simple-translate\" class=\"simple-translate-system-theme\">\n<div>\n<div class=\"simple-translate-button isShow\" style=\"background-image: url('moz-extension:\/\/37e44441-594c-4b50-b456-e2df16779982\/icons\/512.png'); height: 22px; width: 22px; top: 536px; left: 81px;\"><\/div>\n<div class=\"simple-translate-panel \" style=\"width: 300px; height: 200px; top: 0px; left: 0px; font-size: 13px;\">\n<div class=\"simple-translate-result-wrapper\" style=\"overflow: hidden;\">\n<div class=\"simple-translate-move\" draggable=\"true\"><\/div>\n<div class=\"simple-translate-result-contents\">\n<p class=\"simple-translate-result\" dir=\"auto\">\n<p class=\"simple-translate-candidate\" dir=\"auto\">\n<\/div>\n<\/div>\n<\/div>\n<\/div>\n<\/div>\n","protected":false},"excerpt":{"rendered":"<p>Informatie &amp; topics Behind Endo: endometriose <a href=\"http:\/\/Borstvoeding.com\" class=\"autohyperlink\">Borstvoeding.com<\/a> End Fistula Gynecologic Cancers (<a href=\"http:\/\/about.com\" class=\"autohyperlink\">about.com<\/a>) Gyneweb\u00a0(NL) <a href=\"http:\/\/GentleBirth.org\" class=\"autohyperlink\">GentleBirth.org<\/a> Kindje op komst (NL) Professionele informatie Obstetric Ultrasound Union Professionnelle des Sages-Femmes Belges Tijdschriften Acta obst\u00e9trica e ginecol\u00f3gica portuguesa &#8211; AOGP American Journal of Obstetrics &amp; Gynecology British Journal of Midwifery Clinical Obstetrics and Gynecology Journal<\/p>\n","protected":false},"author":1,"featured_media":0,"parent":0,"menu_order":0,"comment_status":"closed","ping_status":"closed","template":"","meta":{"footnotes":"","_wp_rev_ctl_limit":""},"class_list":["post-7991","page","type-page","status-publish","hentry"],"publishpress_future_action":{"enabled":false,"date":"2026-05-01 06:27:07","action":"delete","newStatus":"draft","terms":[],"taxonomy":"","extraData":[]},"publishpress_future_workflow_manual_trigger":{"enabledWorkflows":[]},"_links":{"self":[{"href":"https:\/\/hlrnet.com\/sites\/gzorg\/wp-json\/wp\/v2\/pages\/7991","targetHints":{"allow":["GET"]}}],"collection":[{"href":"https:\/\/hlrnet.com\/sites\/gzorg\/wp-json\/wp\/v2\/pages"}],"about":[{"href":"https:\/\/hlrnet.com\/sites\/gzorg\/wp-json\/wp\/v2\/types\/page"}],"author":[{"embeddable":true,"href":"https:\/\/hlrnet.com\/sites\/gzorg\/wp-json\/wp\/v2\/users\/1"}],"replies":[{"embeddable":true,"href":"https:\/\/hlrnet.com\/sites\/gzorg\/wp-json\/wp\/v2\/comments?post=7991"}],"version-history":[{"count":5,"href":"https:\/\/hlrnet.com\/sites\/gzorg\/wp-json\/wp\/v2\/pages\/7991\/revisions"}],"predecessor-version":[{"id":24698,"href":"https:\/\/hlrnet.com\/sites\/gzorg\/wp-json\/wp\/v2\/pages\/7991\/revisions\/24698"}],"wp:attachment":[{"href":"https:\/\/hlrnet.com\/sites\/gzorg\/wp-json\/wp\/v2\/media?parent=7991"}],"curies":[{"name":"wp","href":"https:\/\/api.w.org\/{rel}","templated":true}]}}