{"id":7989,"date":"2018-04-08T06:28:54","date_gmt":"2018-04-08T06:28:54","guid":{"rendered":"http:\/\/hlrnet.com\/sites\/gzorg\/?page_id=7989"},"modified":"2025-12-04T17:53:52","modified_gmt":"2025-12-04T17:53:52","slug":"verpleegkundig-handelen","status":"publish","type":"page","link":"https:\/\/hlrnet.com\/sites\/gzorg\/verpleegkundig-handelen\/","title":{"rendered":"Verpleegkundig handelen"},"content":{"rendered":"<ul>\n<li><a href=\"http:\/\/allnurses.com\/\" target=\"_blank\" rel=\"noopener noreferrer\">All Nurses<\/a><\/li>\n<li><a href=\"http:\/\/www.aahn.org\/\" target=\"_blank\" rel=\"noopener noreferrer\">AAHN &#8211; American Association for the History of Nursing<\/a><\/li>\n<li><a href=\"http:\/\/aamn.org\/\" target=\"_blank\" rel=\"noopener noreferrer\">AAMN &#8211; American Assocation for Men in Nursing<\/a><\/li>\n<li><a href=\"http:\/\/allnurses.com\/\">Allnurses<\/a>: a nursing community for nurses<\/li>\n<li><a href=\"http:\/\/befezo.be\/\">Befezo<\/a>: Belgische Federatie voor Zorgkundigen<\/li>\n<li><a href=\"http:\/\/www.best.ugent.be\/\">Belgian Screening Tools: wetenschappelijk gevalideerde meetinstrumenten.<\/a><\/li>\n<li><a href=\"http:\/\/ambulancezorg.venvn.nl\/\" target=\"_blank\" rel=\"noopener noreferrer\">BeroepsVereniging Ambulancezorg<\/a> (BVA)<\/li>\n<li><a href=\"http:\/\/www.bijzijn.nl\/\">Bijzijn.nl<\/a><\/li>\n<li><a href=\"http:\/\/www.bnn-online.co.uk\/\" target=\"_blank\" rel=\"noopener noreferrer\">British Nursing News Online<\/a><\/li>\n<li><a href=\"http:\/\/www.caducee.net\/\" target=\"_blank\" rel=\"noopener noreferrer\">Caduc\u00e9e<\/a>: r\u00e9seaux et syst\u00e8mes d&#8217;information sant\u00e9 au service des professionnels<\/li>\n<li><a href=\"http:\/\/carejobs.be\/\">CareJobs<\/a>: vacatures in de zorgsector<\/li>\n<li><a href=\"http:\/\/ceufastrack.com\/\" target=\"_blank\" rel=\"noopener noreferrer\">CEUfastrack<\/a>: continuing education for nurses<\/li>\n<li><a href=\"http:\/\/www.le-clef.fr\/\">CLEF: Centre de Liaison d&#8217;\u00e9tude de formation<\/a><\/li>\n<li><a href=\"http:\/\/www.cochrane.org\/\" target=\"_blank\" rel=\"noopener noreferrer\">Cochrane<\/a>: preparing, maintaining and promoting the accessibility of systematic reviews of the effects of health care interventions<\/li>\n<li><a href=\"http:\/\/www.codem.es\/\">CODEM &#8211; Colegio Oficial de Diplomados en Enfermer\u00eda de Madrid<\/a><\/li>\n<li><a href=\"http:\/\/www.health.belgium.be\/eportal\/Healthcare\/healthcareprofessions\/Nursingpractitioners\/CouncilsandCommissions\/FederalCouncilonthequalityofth\/index.htm\">Conseil f\u00e9d\u00e9ral pour la Qualit\u00e9 de l\u2019activit\u00e9 infirmi\u00e8re<\/a> (BE) &#8211;\u00a0<a href=\"http:\/\/www.health.belgium.be\/eportal\/Healthcare\/healthcareprofessions\/Nursingpractitioners\/CouncilsandCommissions\/FederalCouncilonthequalityofth\/index.htm?fodnlang=nl\">Federale raad voor de kwaliteit van de verpleegkundige activiteit<\/a><\/li>\n<li><a href=\"http:\/\/www.cybernurse.com\/\" target=\"_blank\" rel=\"noopener noreferrer\">Cybernurse<\/a><\/li>\n<li><a href=\"https:\/\/www.devenirinfirmier.be\/\">Devenirinfirmier.com<\/a><\/li>\n<li><a href=\"https:\/\/www.docaidants.be\/\">DocAidants<\/a>: Centre de Documentation Aidants Proches<\/li>\n<li><a href=\"http:\/\/www.e-nursing.nl\/\" target=\"_blank\" rel=\"noopener noreferrer\">e-nursing.nl<\/a>: platform voor online zorgcursussen<\/li>\n<li><a href=\"http:\/\/enw.org\/\" target=\"_blank\" rel=\"noopener noreferrer\">Emergency Nursing World<\/a><\/li>\n<li><a href=\"http:\/\/endofic.be\/\">Endo-FIC<\/a>: Endoscopie Formation Infirmi\u00e8re Continu\u00e9e<\/li>\n<li><a href=\"http:\/\/ebevidencia.com\/\">Enfermer\u00eda Basada en la evidencia<\/a> (ES)<\/li>\n<li><a href=\"https:\/\/www.espaceinfirmier.fr\/\">Espace Infirmier (FR)<\/a><\/li>\n<li><a href=\"http:\/\/www.fasd.be\/\" target=\"_blank\" rel=\"noopener noreferrer\">FASD &#8211; Aide et soins \u00e0 domicile<\/a><\/li>\n<li><a href=\"http:\/\/www.florence-nightingale.co.uk\/\" target=\"_blank\" rel=\"noopener noreferrer\">Florence Nightingale Museum<\/a><\/li>\n<li><a href=\"http:\/\/www.fons.org\/\" target=\"_blank\" rel=\"noopener noreferrer\">Foundation of Nursing Studies<\/a><\/li>\n<li><a href=\"http:\/\/anfipa.fr\/\">R\u00e9seau de la Pratique Avanc\u00e9e en Soins Infirmiers<\/a><\/li>\n<li><a href=\"http:\/\/www.verpleegkunde.net\/\" target=\"_blank\" rel=\"noopener noreferrer\">Gordon gezondheidspatronen<\/a> (<a href=\"http:\/\/verpleegkunde.net\" class=\"autohyperlink\">verpleegkunde.net<\/a>)<\/li>\n<li><a href=\"http:\/\/www.gripvzw.be\/\" target=\"_blank\" rel=\"noopener noreferrer\">GRIP vzw<\/a> (BE)<\/li>\n<li><a href=\"https:\/\/www.groenezorgalliantie.nl\/\">Groene zorg alliantie<\/a><\/li>\n<li><a href=\"http:\/\/www.has-sante.fr\/\" target=\"_blank\" rel=\"noopener noreferrer\">Haute Autorit\u00e9 de la Sant\u00e9<\/a> (FR)<\/li>\n<li><a href=\"http:\/\/www.hopitalvirtuel.com\/\">H\u00f4pital Virtuel<\/a>\u00a0(FR)<\/li>\n<li><a href=\"http:\/\/www.infirmiers.com\/\" target=\"_blank\" rel=\"noopener noreferrer\">Infirmiers.com<\/a> (FR)<\/li>\n<li><a href=\"http:\/\/www.infirmiersderue.org\/\">Infirmiers de rue<\/a><\/li>\n<li><a href=\"http:\/\/www.invert.be\/\" target=\"_blank\" rel=\"noopener noreferrer\"><strong>Invert<\/strong><\/a>: index van Nederlandstalige verpleegkundige tijdschriftliteratuur<\/li>\n<li><a href=\"http:\/\/www.loov2020.nl\/\">Landelijk Overleg Opleidingen Verpleegkunde<\/a><\/li>\n<li><a href=\"http:\/\/www.levv.nl\/\" target=\"_blank\" rel=\"noopener noreferrer\">LEVV<\/a> &#8211; Landelijk Expertisecentrum Verpleging &amp; Verzorging\u00a0(NL)<\/li>\n<li><a href=\"http:\/\/www.medcare.be\/\" target=\"_blank\" rel=\"noopener noreferrer\">MedCare: startplaats voor de zorgsector (kalender [beurzen, opleidingen, workshops], shop, jobs)<\/a><\/li>\n<li><a href=\"http:\/\/modelosenfermeros2013.blogspot.be\/\">Modelos enfermeros<\/a>: modellen van verpleegkunde<\/li>\n<li><a href=\"http:\/\/nnewh.org\/\">National Network on Environments and Women\u2019s Health (NNEWH)<\/a><\/li>\n<li><a href=\"https:\/\/thenerdynurse.com\/\">The Nerdy Nurse<\/a><\/li>\n<li><a href=\"http:\/\/www.nice.org.uk\/\" target=\"_blank\" rel=\"noopener noreferrer\">NICE &#8211; National Institute for Health and Clinical Excellence<\/a><\/li>\n<li><a href=\"http:\/\/www.ninr.nih.gov\/\">NINR &#8211; National Institute of Nursing Research<\/a><\/li>\n<li><a href=\"http:\/\/www.nurse.com\/\">Nurse.com<\/a><\/li>\n<li><a href=\"https:\/\/www.nursebuff.com\/\">NurseBuff<\/a><\/li>\n<li><a href=\"http:\/\/www.nurseceu.com\/\" target=\"_blank\" rel=\"noopener noreferrer\">NurseCEU: Cursing Continuing Education Resources<\/a><\/li>\n<li><a href=\"https:\/\/nurseslabs.com\/\">Nurseslabs<\/a><\/li>\n<li><a href=\"http:\/\/www.nursingexperts.com\/\" target=\"_blank\" rel=\"noopener noreferrer\">NursingExperts<\/a><\/li>\n<li><a href=\"http:\/\/www.nursing.nl\/\">Nursing.nl<\/a>: platform verpleging &amp; verzorging<\/li>\n<li><a href=\"https:\/\/rcni.com\/nursing-standard\">Nursing Standard<\/a><\/li>\n<li><a href=\"http:\/\/www.nursingsociety.org\/\" target=\"_blank\" rel=\"noopener noreferrer\">Nursing Society<\/a><\/li>\n<li><a href=\"http:\/\/www.nursingtimes.net\/\" target=\"_blank\" rel=\"noopener noreferrer\">Nursing Times<\/a><\/li>\n<li>Podologie:\u00a0<a href=\"http:\/\/www.voetverzorging.nl\/\" target=\"_blank\" rel=\"noopener noreferrer\">voetverzorging.nl<\/a><\/li>\n<li><a href=\"http:\/\/www.remede.org\/\">Remede.org<\/a>: Communaut\u00e9 M\u00e9dicale &#8211; m\u00e9decine, pharmacie, odontologie, ma\u00efeutique<\/li>\n<li><a href=\"https:\/\/www.santeenjeux.be\/\" target=\"_blank\" rel=\"noopener\">Sant\u00e9 en jeux: ludop\u00e9dagogie en promotion de la sant\u00e9<\/a> (ex-PIPSA)<\/li>\n<li><\/li>\n<li><a href=\"http:\/\/www.schoolnurse.com\/\" target=\"_blank\" rel=\"noopener noreferrer\">SchoolNurse.com<\/a><\/li>\n<li><a href=\"https:\/\/www.odisee.be\/sitca\">SITCA: Simulatie en TrainingsCentrum Aalst<\/a><\/li>\n<li><a href=\"http:\/\/www.soignantenehpad.fr\/\">Soignantenehpad<\/a>: pr\u00e9pa cooncours<\/li>\n<li><a href=\"http:\/\/territoire-infirmier.com\/\">Territoire-infirmier<\/a><\/li>\n<li><a href=\"http:\/\/www.ucvvgent.be\/\">UCVV &#8211; Universitair Centrum voor Verpleegkunde en Vroedkunde<\/a><\/li>\n<li><a href=\"http:\/\/fihasbl.be\/\">Union en soins de sant\u00e9<\/a><\/li>\n<li><a href=\"http:\/\/www.verplegingaanhuis.be\/\" target=\"_blank\" rel=\"noopener noreferrer\">Verpleging aan Huis<\/a><\/li>\n<li><a href=\"http:\/\/verpleging-verzorging.nl\">Verpleging-verzorging<\/a><\/li>\n<li><a href=\"http:\/\/www.tijdschriftverpleegkunde.nl\/\">Verpleegkunde<\/a>: Nederlands-Vlaams wetenschappelijk tijdschrift voor verpleegkundigen<\/li>\n<li><a href=\"http:\/\/www.verpleegkunde.net\/\" target=\"_blank\" rel=\"noopener noreferrer\">Verpleegkunde.net<\/a>: verpleegplannen met behulp van Gordon<\/li>\n<li><a href=\"https:\/\/www.verpleegkundigproces.nl\">Verpleegkundig proces<\/a><\/li>\n<li>Vormingen en congressen\n<ul>\n<li><a href=\"http:\/\/www.atoutcom.com\/\">Atoutcom<\/a><\/li>\n<li><a href=\"http:\/\/www.conferenceseries.com\/\">Conferenceseries.com<\/a><\/li>\n<li><a href=\"https:\/\/www.facebook.com\/pg\/congresmedical\/\">Congres-medical<\/a><\/li>\n<li><a href=\"http:\/\/www.nursingcongressen.nl\/\">Nursingcongressen.nl<\/a><\/li>\n<li><a href=\"https:\/\/www.netwerkverpleegkunde.be\/\">Netwerk Verpleegkunde<\/a><\/li>\n<li><a href=\"https:\/\/www.santeenjeux.be\/\" target=\"_blank\" rel=\"noopener\">Sant\u00e9 en jeux: ludop\u00e9dagogie en promotion de la sant\u00e9<\/a> (ex-PIPSA)<\/li>\n<li>en mijn <a href=\"http:\/\/www.gezondheids.org\/\">agenda<\/a><\/li>\n<\/ul>\n<\/li>\n<li><a href=\"http:\/\/www.nursinglife.com\/\" target=\"_blank\" rel=\"noopener noreferrer\">Web Directory: NursingLife<\/a><\/li>\n<li><a href=\"http:\/\/www.wonenzorgwelzijn.nl\/\" target=\"_blank\" rel=\"noopener noreferrer\">Wonen met zorg en welzijn<\/a> (NL)<\/li>\n<li><a href=\"http:\/\/www.zonmw.nl\/\" target=\"_blank\" rel=\"noopener noreferrer\">ZonMw<\/a>: Nederlandse organisatie voor gezondheidsonderzoek en zorginnovatie<\/li>\n<li><a href=\"http:\/\/www.zorgvoorbeter.nl\/\" target=\"_blank\" rel=\"noopener noreferrer\">Zorgvoorbeter<\/a><\/li>\n<li><a href=\"http:\/\/www.dezorgsector.eu\/\">Dezorgsector<\/a><\/li>\n<\/ul>\n<span class=\"last-modified-timestamp\">dec 4, 2025 @ 5:53 pm<\/span>\n","protected":false},"excerpt":{"rendered":"<p>All Nurses AAHN &#8211; American Association for the History of Nursing AAMN &#8211; American Assocation for Men in Nursing Allnurses: a nursing community for nurses Befezo: Belgische Federatie voor Zorgkundigen Belgian Screening Tools: wetenschappelijk gevalideerde meetinstrumenten. BeroepsVereniging Ambulancezorg (BVA) Bijzijn.nl British Nursing News Online Caduc\u00e9e: r\u00e9seaux et syst\u00e8mes d&#8217;information sant\u00e9<\/p>\n","protected":false},"author":1,"featured_media":0,"parent":0,"menu_order":0,"comment_status":"closed","ping_status":"closed","template":"","meta":{"footnotes":"","_wp_rev_ctl_limit":""},"class_list":["post-7989","page","type-page","status-publish","hentry"],"publishpress_future_action":{"enabled":false,"date":"2026-04-30 16:37:01","action":"delete","newStatus":"draft","terms":[],"taxonomy":"","extraData":[]},"publishpress_future_workflow_manual_trigger":{"enabledWorkflows":[]},"_links":{"self":[{"href":"https:\/\/hlrnet.com\/sites\/gzorg\/wp-json\/wp\/v2\/pages\/7989","targetHints":{"allow":["GET"]}}],"collection":[{"href":"https:\/\/hlrnet.com\/sites\/gzorg\/wp-json\/wp\/v2\/pages"}],"about":[{"href":"https:\/\/hlrnet.com\/sites\/gzorg\/wp-json\/wp\/v2\/types\/page"}],"author":[{"embeddable":true,"href":"https:\/\/hlrnet.com\/sites\/gzorg\/wp-json\/wp\/v2\/users\/1"}],"replies":[{"embeddable":true,"href":"https:\/\/hlrnet.com\/sites\/gzorg\/wp-json\/wp\/v2\/comments?post=7989"}],"version-history":[{"count":6,"href":"https:\/\/hlrnet.com\/sites\/gzorg\/wp-json\/wp\/v2\/pages\/7989\/revisions"}],"predecessor-version":[{"id":25120,"href":"https:\/\/hlrnet.com\/sites\/gzorg\/wp-json\/wp\/v2\/pages\/7989\/revisions\/25120"}],"wp:attachment":[{"href":"https:\/\/hlrnet.com\/sites\/gzorg\/wp-json\/wp\/v2\/media?parent=7989"}],"curies":[{"name":"wp","href":"https:\/\/api.w.org\/{rel}","templated":true}]}}