{"id":7987,"date":"2018-04-08T06:27:10","date_gmt":"2018-04-08T06:27:10","guid":{"rendered":"http:\/\/hlrnet.com\/sites\/gzorg\/?page_id=7987"},"modified":"2025-07-07T18:58:37","modified_gmt":"2025-07-07T18:58:37","slug":"handicaps","status":"publish","type":"page","link":"https:\/\/hlrnet.com\/sites\/gzorg\/handicaps\/","title":{"rendered":"Handicaps"},"content":{"rendered":"<ul>\n<li><a href=\"https:\/\/www.aaidd.org\/\">AAIDD &#8211; American Association on Intellectual and Developmental Disabilities<\/a><\/li>\n<li><a href=\"http:\/\/www.ango.nl\/\" target=\"_blank\" rel=\"noopener noreferrer\">ANGO<\/a> &#8211; Algemene Nederlandse Gehandicapten Organisatie<\/li>\n<li><a href=\"http:\/\/www.awiph.be\/\" target=\"_blank\" rel=\"noopener noreferrer\">AWIPH<\/a>: Agence wallonne pour l&#8217;int\u00e9gration des personnes handicap\u00e9s<\/li>\n<li><a href=\"http:\/\/www.aapd.com\/\" target=\"_blank\" rel=\"noopener noreferrer\">American Association of People with Disabilities<\/a><\/li>\n<li><a href=\"https:\/\/www.20minutos.es\/capaces\/\">Capaces<\/a>: Informaci\u00f3n sobre el mundo de la discapacidad<\/li>\n<li><a href=\"https:\/\/www.cedid.es\">CEDID: Centro espa\u00f1ol de documentaci\u00f3n e investigaci\u00f3n sobre discapacidad<\/a><\/li>\n<li><a href=\"http:\/\/disabilityhorizons.com\/\">Disability Horizons<\/a><\/li>\n<li><a href=\"https:\/\/social.desa.un.org\/issues\/disability\">Disability | Division for Inclusive Social Development (DISD)<\/a><\/li>\n<li><a href=\"http:\/\/www.disabled-world.com\/\">Disabled World<\/a><\/li>\n<li><a href=\"http:\/\/www.discapnet.es\/\">Discapnet<\/a>: portal de las personas con discapacidad (SP)<\/li>\n<li><a href=\"https:\/\/droitpluriel.fr\/\">Droit Pluriel<\/a> &#8211; Association pour une justice accessible \u00e0 tous!<\/li>\n<li><a href=\"http:\/\/www.dyadis.org\/\">DYADIS<\/a>: Association Belge pour l&#8217;Attribution de Chiens d&#8217;Aide aux Handicap\u00e9s | Belgische Vereniging ter Toewijzing van Hulphonden aan Mindervaliden.<\/li>\n<li><a href=\"https:\/\/eudisabilitycard.be\/\">European Disability Card<\/a><\/li>\n<li><a href=\"https:\/\/easpd.eu\/\">European Association of Service providers for Persons with Disabilities (EASPD)<\/a><\/li>\n<li><a href=\"http:\/\/www.apajh.org\/\" target=\"_blank\" rel=\"noopener noreferrer\">F\u00e9d\u00e9ration des APAJH (Associations pour Adultes et Jeunes Handicap\u00e9s) au service de la personne en situation de handicap <\/a><\/li>\n<li><a href=\"http:\/\/www.handicap.org\/\" target=\"_blank\" rel=\"noopener noreferrer\">Fondation Garches<\/a>: am\u00e9liorer l&#8217;autonomie des personnes handicap\u00e9es<\/li>\n<li><a href=\"http:\/\/ftb-esv.de\/\">FTB (Forschungsinstitut Technologie und Behinderung)<\/a><\/li>\n<li><a href=\"http:\/\/www.gripvzw.be\/\">GRIP<\/a> &#8211; Gelijke rechten voor iedere persoon met een handicap<\/li>\n<li><a href=\"https:\/\/hability.fr\/\">Hability.fr<\/a><\/li>\n<li><a href=\"https:\/\/handicat.com\/\">Handicat<\/a>: handicaps et aides techniques<\/li>\n<li><a href=\"http:\/\/www.hacavie.com\/\" target=\"_blank\" rel=\"noopener noreferrer\">Hacavie<\/a>, le web du handicap<\/li>\n<li><a href=\"http:\/\/www.handeo.fr\/\">Hand\u00e9o<\/a>: accompagnement \u00e0 domicile et dans la cit\u00e9 des personnes en situation de handicap, \u00e0 toutes les \u00e9tapes de leur vie et quelle qu\u2019en soit la cause (FR)<\/li>\n<li><a href=\"https:\/\/www.handi-avenir.fr\/\">Handi-Avenir<\/a>: plateforme de parrainage des \u00e9l\u00e8ves et \u00e9tudiants en situation de handicap de 3\u00e8me \u00e0 Bac+5<\/li>\n<li><a href=\"https:\/\/handicapenarbeid.be\/\">Handicap en arbeid.be<\/a><\/li>\n<li><a href=\"https:\/\/www.hi.org\">Handicap International<\/a><\/li>\n<li><a href=\"http:\/\/www.handicapinternational.be\/\" target=\"_blank\" rel=\"noopener noreferrer\">Handicap International Belgium<\/a><br \/>\n(HIB) is een onafhankelijke organisatie die er voor zorgt dat mensen<br \/>\nmet een handicap hun zelfstandigheid en hun plaats in de samenleving terugvinden, vooral in landen met moeilijke leefomstandigheden<\/li>\n<li><a href=\"http:\/\/www.handicap.de\/\" target=\"_blank\" rel=\"noopener noreferrer\">Handicap.de<\/a>: das Magazin f\u00fcr Lebensqualit\u00e4t f\u00fcr Menschen mit Behinderungen und ihre Freunde<\/li>\n<li><a href=\"http:\/\/www.handicap.fgov.be\/\">handicap.fgov.be<\/a><\/li>\n<li><a href=\"http:\/\/www.handicapnieuws.net\/\">Handicapnieuws<\/a><\/li>\n<li><a href=\"http:\/\/www.handylex.org\/\" target=\"_blank\" rel=\"noopener noreferrer\">Handylex<\/a> (IT)<\/li>\n<li><a href=\"http:\/\/www.handroit.com\/\" target=\"_blank\" rel=\"noopener noreferrer\">Handroit<\/a>: le droit du handicap<\/li>\n<li><a href=\"http:\/\/www.ictwijs.eu\/\">ICTwijs<\/a>: ICT voor mensen met een beperking<\/li>\n<li><a href=\"http:\/\/www.independentliving.org\/\" target=\"_blank\" rel=\"noopener noreferrer\">Independant Living<\/a><\/li>\n<li><a href=\"http:\/\/www.info-handicap.lu\/\" target=\"_blank\" rel=\"noopener noreferrer\">Info-Handicap<\/a> (LU)<\/li>\n<li><a href=\"http:\/\/www.ldonline.org\/\" target=\"_blank\" rel=\"noopener noreferrer\">Learning Disabilities<\/a><\/li>\n<li>Lezen voor slechtzienden\n<ul>\n<li><a href=\"http:\/\/www.daisy.org\/\">DAISY (Digital Accessible Information System) Consortium<\/a><\/li>\n<li><a href=\"http:\/\/www.luisterpuntbibliotheek.be\/\">Luisterpuntbibliotheek<\/a><\/li>\n<\/ul>\n<\/li>\n<li><a href=\"http:\/\/www.moteurline.apf.asso.fr\/\" target=\"_blank\" rel=\"noopener noreferrer\">Moteurline<\/a>: portail sur les situations de handicap moteur<\/li>\n<li><a href=\"http:\/\/www.ncd.gov\/\" target=\"_blank\" rel=\"noopener noreferrer\">National Council on Disability<\/a> (US)<\/li>\n<li><a href=\"http:\/\/www.nvdg.org\/\" target=\"_blank\" rel=\"noopener noreferrer\">Nederlands-Vlaams Dwarsleasiegenootschap<\/a><\/li>\n<li><a href=\"http:\/\/www.nod.org\/\" target=\"_blank\" rel=\"noopener noreferrer\">NOD &#8211; National Organisation on Disability<\/a><\/li>\n<li><a href=\"http:\/\/www.mobilit.belgium.be\">Personen met beperkte mobiliteit<\/a><\/li>\n<li>Le <a href=\"https:\/\/phare.irisnet.be\/\">Service PHARE<\/a> apporte information, conseils et interventions financi\u00e8res aux personnes handicap\u00e9es en R\u00e9gion bruxelloise.<\/li>\n<li><a href=\"http:\/\/www.emgplatform.nl\/\">Platform EMB<\/a>: Ernstig Meerviudig Gehandicapten<\/li>\n<li><a href=\"http:\/\/agerrtc.washington.edu\/\">Promoting Healthy Aging for Individuals with Long-Term Physical<br \/>\nDisabilities\u00a0 Rehabilitation Research and Training Center on<br \/>\nAging With Physical Disabilities<\/a><\/li>\n<li><a href=\"http:\/\/www.sferhe.org\/\">Soci\u00e9t\u00e9 francophone d&#8217;\u00e9tudes et de recherche sur les handicaps de l&#8217;enfance<\/a><\/li>\n<li><a href=\"https:\/\/www.tover.care\/\">Tover<\/a>: purposeful play<\/li>\n<li><a href=\"http:\/\/www.towalkagain.be\">To walk again<\/a>: revaluation center<\/li>\n<li><a href=\"http:\/\/www.unapei.org\/\" target=\"_blank\" rel=\"noopener noreferrer\">UNAPEI<\/a>&#8211; portail du handicap mental<\/li>\n<li><a href=\"https:\/\/www.unieksporten.nl\/\">Uniek sporten<\/a><\/li>\n<li><a href=\"http:\/\/www.vaph.be\/\">VAPH &#8211; Vlaams Agentschap voor Personen met een Handicap \/ Vlaams Fonds<\/a><\/li>\n<li><a href=\"https:\/\/www.vfg.be\/\">VFG<\/a>: Vereniging van personen met een handicap<\/li>\n<li><a href=\"http:\/\/www.vijftact.be\/\">Vijftact<\/a>: volwaardig burgerschap van personen met een handicap<\/li>\n<li><a href=\"http:\/\/www.vlibank.be\/\" target=\"_blank\" rel=\"noopener noreferrer\">Vlibank<\/a>: databank met informatie over hulpmiddelen voor personen met een motorische, visuele, gehoor- of spraakhandicap en voor personen met een cognitieve handicap of leerstoornis<\/li>\n<li><a href=\"http:\/\/www.voluntas.be\/\" target=\"_blank\" rel=\"noopener noreferrer\">Voluntas<\/a>: rehabilitatiecentrum en vrijetijdsondersteuning voor gezinnen en personen met een handicap<\/li>\n<li><a href=\"http:\/\/www.yanous.com\/\" target=\"_blank\" rel=\"noopener noreferrer\">Yanous<\/a>: mag-portail des handinautes (FR)<\/li>\n<li><a href=\"http:\/\/worksupport.com\/\">Worksupport: work and disabilty issues<\/a><\/li>\n<li><a href=\"http:\/\/www.zoalsik.be\/\">Zoalsik<\/a>:\u00a0voor kinderen, jongeren en jongvolwassenen met een beperking, stoornis of chronische aandoening<\/li>\n<li>Uitrusting en voorzieningen &#8211; Equipment and tools\n<ul>\n<li><a href=\"http:\/\/www.adaptiveaccess.com\/\" target=\"_blank\" rel=\"noopener noreferrer\">AdaptivedAccess<\/a><\/li>\n<li><a href=\"https:\/\/comoveit.com\/\">CoMoveIT<\/a> &#8211; Intelligent wheelchair steering<\/li>\n<li><a href=\"http:\/\/www.ride-away.com\/\" target=\"_blank\" rel=\"noopener noreferrer\">Ride-Away<\/a><\/li>\n<li><a href=\"http:\/\/www.vigogroup.eu\/\">Vigo<\/a><\/li>\n<\/ul>\n<\/li>\n<li>Artistieke initiatieven\n<ul>\n<li><a href=\"https:\/\/www.ditovzw.be\/\">Dito<\/a><\/li>\n<li><a href=\"https:\/\/trinkhall.museum\/\">Trinkhall Museum<\/a><\/li>\n<\/ul>\n<\/li>\n<\/ul>\n<span class=\"last-modified-timestamp\">jul 7, 2025 @ 6:58 pm<\/span>\n<div id=\"simple-translate\" class=\"simple-translate-system-theme\">\n<div>\n<div class=\"simple-translate-button isShow\" style=\"background-image: url('moz-extension:\/\/37e44441-594c-4b50-b456-e2df16779982\/icons\/512.png'); height: 22px; width: 22px; top: 823px; left: 52px;\"><\/div>\n<div class=\"simple-translate-panel \" style=\"width: 300px; height: 200px; top: 0px; left: 0px; font-size: 13px;\">\n<div class=\"simple-translate-result-wrapper\" style=\"overflow: hidden;\">\n<div class=\"simple-translate-move\" draggable=\"true\"><\/div>\n<div class=\"simple-translate-result-contents\">\n<p class=\"simple-translate-result\" dir=\"auto\">\n<p class=\"simple-translate-candidate\" dir=\"auto\">\n<\/div>\n<\/div>\n<\/div>\n<\/div>\n<\/div>\n","protected":false},"excerpt":{"rendered":"<p>AAIDD &#8211; American Association on Intellectual and Developmental Disabilities ANGO &#8211; Algemene Nederlandse Gehandicapten Organisatie AWIPH: Agence wallonne pour l&#8217;int\u00e9gration des personnes handicap\u00e9s American Association of People with Disabilities Capaces: Informaci\u00f3n sobre el mundo de la discapacidad CEDID: Centro espa\u00f1ol de documentaci\u00f3n e investigaci\u00f3n sobre discapacidad Disability Horizons Disability |<\/p>\n","protected":false},"author":1,"featured_media":0,"parent":0,"menu_order":0,"comment_status":"closed","ping_status":"closed","template":"","meta":{"footnotes":"","_wp_rev_ctl_limit":""},"class_list":["post-7987","page","type-page","status-publish","hentry"],"publishpress_future_action":{"enabled":false,"date":"2026-04-30 16:37:02","action":"delete","newStatus":"draft","terms":[],"taxonomy":"","extraData":[]},"publishpress_future_workflow_manual_trigger":{"enabledWorkflows":[]},"_links":{"self":[{"href":"https:\/\/hlrnet.com\/sites\/gzorg\/wp-json\/wp\/v2\/pages\/7987","targetHints":{"allow":["GET"]}}],"collection":[{"href":"https:\/\/hlrnet.com\/sites\/gzorg\/wp-json\/wp\/v2\/pages"}],"about":[{"href":"https:\/\/hlrnet.com\/sites\/gzorg\/wp-json\/wp\/v2\/types\/page"}],"author":[{"embeddable":true,"href":"https:\/\/hlrnet.com\/sites\/gzorg\/wp-json\/wp\/v2\/users\/1"}],"replies":[{"embeddable":true,"href":"https:\/\/hlrnet.com\/sites\/gzorg\/wp-json\/wp\/v2\/comments?post=7987"}],"version-history":[{"count":5,"href":"https:\/\/hlrnet.com\/sites\/gzorg\/wp-json\/wp\/v2\/pages\/7987\/revisions"}],"predecessor-version":[{"id":24699,"href":"https:\/\/hlrnet.com\/sites\/gzorg\/wp-json\/wp\/v2\/pages\/7987\/revisions\/24699"}],"wp:attachment":[{"href":"https:\/\/hlrnet.com\/sites\/gzorg\/wp-json\/wp\/v2\/media?parent=7987"}],"curies":[{"name":"wp","href":"https:\/\/api.w.org\/{rel}","templated":true}]}}