{"id":7961,"date":"2018-04-07T20:29:20","date_gmt":"2018-04-07T20:29:20","guid":{"rendered":"http:\/\/hlrnet.com\/sites\/gzorg\/?page_id=7961"},"modified":"2025-08-28T07:37:40","modified_gmt":"2025-08-28T07:37:40","slug":"diabetes","status":"publish","type":"page","link":"https:\/\/hlrnet.com\/sites\/gzorg\/diabetes\/","title":{"rendered":"Diabetes"},"content":{"rendered":"<ul>\n<li>Informatie\n<ul>\n<li><a href=\"https:\/\/www.diabete.qc.ca\/\">Association Diab\u00e8te Qu\u00e9bec | La r\u00e9f\u00e9rence en diab\u00e8te au Qu\u00e9bec<\/a><\/li>\n<li><a href=\"http:\/\/www.childrenwithdiabetes.com\/\">Children with Diabetes<\/a><\/li>\n<li><a href=\"http:\/\/www.diabetes.nl\/\">Diabetes.nl<\/a><\/li>\n<li><a href=\"http:\/\/www.childrenwithdiabetes.com\/dictionary\/\">Diabetes Dictionary<\/a><\/li>\n<li><a href=\"http:\/\/www.idf.org\/\">International Diabetes Federation<\/a><\/li>\n<li><a href=\"http:\/\/www.medicinenet.com\/diabetes_mellitus\/article.htm\">MedicineNet<\/a><\/li>\n<li><a href=\"http:\/\/www.nlm.nih.gov\/medlineplus\/diabetes.html\">MedlinePlus<\/a><\/li>\n<li><a href=\"http:\/\/ndep.nih.gov\/\">NDEP<\/a><\/li>\n<\/ul>\n<\/li>\n<li>Pati\u00ebntenverenigingen\n<ul>\n<li><a href=\"http:\/\/www.diabetes.ca\/\">Canadian Diabetes Association<\/a><\/li>\n<li><a href=\"http:\/\/www.diabetesfonds.nl\/\">Diabetes Fonds<\/a><\/li>\n<li><a href=\"http:\/\/www.diabetes.org.uk\/\">Diabetes UK<\/a><\/li>\n<li><a href=\"http:\/\/www.diabetes.be\/\">Vlaamse Diabetes Vereniging<\/a><\/li>\n<\/ul>\n<\/li>\n<li>Beroepsverenigingen\n<ul>\n<li><a href=\"http:\/\/www.eadv.nl\/\">EADV<\/a><\/li>\n<\/ul>\n<\/li>\n<li>Tijdschriften\n<ul>\n<li><a href=\"http:\/\/diabetes.diabetesjournals.org\/\">Diabetes (American Diabetes Association)<\/a><\/li>\n<\/ul>\n<\/li>\n<li>Bedrijven voor diabetes zorg\n<ul>\n<li><a href=\"http:\/\/www.accu-chek.be\">Accu-chek<\/a><\/li>\n<li><a href=\"http:\/\/www.damhert.com\/\">Damhert<\/a><\/li>\n<li><a href=\"http:\/\/www.medilync.com\/\">Medilync<\/a><\/li>\n<li><a href=\"http:\/\/www.novonordisk.com\/\">Novo Nordisk<\/a><\/li>\n<li><a href=\"http:\/\/www.terumo-europe.com\/diabetes\/en\/\">Terumo<\/a><\/li>\n<\/ul>\n<\/li>\n<li>Topics\n<ul>\n<li><a href=\"https:\/\/www.accu-chek.be\/nl\/basiskennis-diabetes\/basiskennis-diabetes\">Accu-check<\/a><\/li>\n<li><a href=\"https:\/\/www.hsph.harvard.edu\/nutritionsource\/disease-prevention\/diabetes-prevention\/preventing-diabetes-full-story\/\">Diabetes medication side effects<\/a><\/li>\n<li><a href=\"https:\/\/www.ncbi.nlm.nih.gov\/pmc\/articles\/PMC4282306\/\">Epidemiology<\/a><\/li>\n<li><a href=\"https:\/\/www.gezondheidenwetenschap.be\/richtlijnen\/diabetes-wat-is-het-en-hoe-wordt-de-diagnose-gesteld\">Gezondheid en wetenschap<\/a><\/li>\n<li><a href=\"http:\/\/www.ouderdomsdiabetes.com\/\">Ouderdomsdiabetes.com<\/a><\/li>\n<li><a href=\"https:\/\/www.hsph.harvard.edu\/nutritionsource\/disease-prevention\/diabetes-prevention\/preventing-diabetes-full-story\/\">Simple steps to prevent<\/a><\/li>\n<li><a href=\"https:\/\/www.mayoclinic.org\/diseases-conditions\/type-2-diabetes\/in-depth\/diabetes-prevention\/art-20047639\">The Nutrition Source<\/a><\/li>\n<li><a href=\"https:\/\/www.medicinenet.com\/diabetes_treatment\/article.htm\">Treatment<\/a><\/li>\n<li><a href=\"https:\/\/www.mayoclinic.org\/diseases-conditions\/type-1-diabetes\/diagnosis-treatment\/drc-20353017\">Type 1<\/a><\/li>\n<li><a href=\"https:\/\/www.mayoclinic.org\/diseases-conditions\/type-2-diabetes\/diagnosis-treatment\/drc-20351199\">Type 2<\/a><\/li>\n<li><a href=\"https:\/\/www.mayoclinic.org\/diseases-conditions\/type-2-diabetes\/in-depth\/diabetes-prevention\/art-20047639\">Prevention: 5 tips<\/a><\/li>\n<li><a href=\"https:\/\/www.who.int\/news-room\/fact-sheets\/detail\/diabetes\">WHO: Diabetes<\/a><\/li>\n<\/ul>\n<\/li>\n<\/ul>\n<span class=\"last-modified-timestamp\">aug 28, 2025 @ 7:37 am<\/span>\n<div id=\"simple-translate\" class=\"simple-translate-system-theme\">\n<div>\n<div class=\"simple-translate-button isShow\" style=\"background-image: url('moz-extension:\/\/37e44441-594c-4b50-b456-e2df16779982\/icons\/512.png'); height: 22px; width: 22px; top: 61px; left: 104px;\"><\/div>\n<div class=\"simple-translate-panel \" style=\"width: 300px; height: 200px; top: 0px; left: 0px; font-size: 13px;\">\n<div class=\"simple-translate-result-wrapper\" style=\"overflow: hidden;\">\n<div class=\"simple-translate-move\" draggable=\"true\"><\/div>\n<div class=\"simple-translate-result-contents\">\n<p class=\"simple-translate-result\" dir=\"auto\">\n<p class=\"simple-translate-candidate\" dir=\"auto\">\n<\/div>\n<\/div>\n<\/div>\n<\/div>\n<\/div>\n","protected":false},"excerpt":{"rendered":"<p>Informatie Association Diab\u00e8te Qu\u00e9bec | La r\u00e9f\u00e9rence en diab\u00e8te au Qu\u00e9bec Children with Diabetes Diabetes.nl Diabetes Dictionary International Diabetes Federation MedicineNet MedlinePlus NDEP Pati\u00ebntenverenigingen Canadian Diabetes Association Diabetes Fonds Diabetes UK Vlaamse Diabetes Vereniging Beroepsverenigingen EADV Tijdschriften Diabetes (American Diabetes Association) Bedrijven voor diabetes zorg Accu-chek Damhert Medilync Novo Nordisk<\/p>\n","protected":false},"author":1,"featured_media":0,"parent":0,"menu_order":0,"comment_status":"closed","ping_status":"closed","template":"","meta":{"footnotes":"","_wp_rev_ctl_limit":""},"class_list":["post-7961","page","type-page","status-publish","hentry"],"publishpress_future_action":{"enabled":false,"date":"2026-05-02 17:56:57","action":"delete","newStatus":"draft","terms":[],"taxonomy":"","extraData":[]},"publishpress_future_workflow_manual_trigger":{"enabledWorkflows":[]},"_links":{"self":[{"href":"https:\/\/hlrnet.com\/sites\/gzorg\/wp-json\/wp\/v2\/pages\/7961","targetHints":{"allow":["GET"]}}],"collection":[{"href":"https:\/\/hlrnet.com\/sites\/gzorg\/wp-json\/wp\/v2\/pages"}],"about":[{"href":"https:\/\/hlrnet.com\/sites\/gzorg\/wp-json\/wp\/v2\/types\/page"}],"author":[{"embeddable":true,"href":"https:\/\/hlrnet.com\/sites\/gzorg\/wp-json\/wp\/v2\/users\/1"}],"replies":[{"embeddable":true,"href":"https:\/\/hlrnet.com\/sites\/gzorg\/wp-json\/wp\/v2\/comments?post=7961"}],"version-history":[{"count":5,"href":"https:\/\/hlrnet.com\/sites\/gzorg\/wp-json\/wp\/v2\/pages\/7961\/revisions"}],"predecessor-version":[{"id":24795,"href":"https:\/\/hlrnet.com\/sites\/gzorg\/wp-json\/wp\/v2\/pages\/7961\/revisions\/24795"}],"wp:attachment":[{"href":"https:\/\/hlrnet.com\/sites\/gzorg\/wp-json\/wp\/v2\/media?parent=7961"}],"curies":[{"name":"wp","href":"https:\/\/api.w.org\/{rel}","templated":true}]}}